{"id":3905,"date":"2025-03-12T15:26:28","date_gmt":"2025-03-12T07:26:28","guid":{"rendered":"https:\/\/meskernel.net\/?post_type=product&#038;p=3905"},"modified":"2026-01-30T10:03:06","modified_gmt":"2026-01-30T02:03:06","slug":"abstand-messen","status":"publish","type":"product","link":"http:\/\/meskernel.net\/de\/product\/measure-distance\/","title":{"rendered":"LDJ-4Hz UART Laser-Distanzsensor - 120m Reichweite f\u00fcr industrielle Messungen und Drohnen"},"content":{"rendered":"<p>Der 120m Laser-Distanzsensor, ein 3mm Pr\u00e4zisions-Laser-Distanzmessmodul, ist ein Ger\u00e4t zur Messung von Zielentfernungen und zur \u00dcbertragung von Daten. Er nutzt die Technologie des sichtbaren Lasers, um Laserstrahlen auszusenden und reflektierte Lasersignale zu empfangen, um die Entfernung zwischen Objekten und dem Sensor zu messen. Der Laser-Entfernungsmesser unterst\u00fctzt Kommunikationsschnittstellen wie USB, TTL, RS232, RS485 und Bluetooth und erm\u00f6glicht so die Daten\u00fcbertragung und Kommunikation mit anderen Ger\u00e4ten.<\/p>\n<p><img data-dominant-color=\"e7e9e3\" data-has-transparency=\"false\" style=\"--dominant-color: #e7e9e3;\" fetchpriority=\"high\" decoding=\"async\" class=\"wp-image-6396 size-full aligncenter not-transparent\" src=\"https:\/\/meskernel.net\/wp-content\/uploads\/2025\/03\/ldj.webp\" alt=\"ldj\" width=\"763\" height=\"307\" srcset=\"https:\/\/meskernel.net\/wp-content\/uploads\/2025\/03\/ldj.webp 763w, https:\/\/meskernel.net\/wp-content\/uploads\/2025\/03\/ldj-300x121.webp 300w, https:\/\/meskernel.net\/wp-content\/uploads\/2025\/03\/ldj-18x7.webp 18w, https:\/\/meskernel.net\/wp-content\/uploads\/2025\/03\/ldj-400x161.webp 400w\" sizes=\"(max-width: 763px) 100vw, 763px\" \/><\/p>\n<h4 data-start=\"268\" data-end=\"337\"><strong data-start=\"271\" data-end=\"335\">Unerreichte Leistung mit unserem Laser-Distanz-Sensor<\/strong><\/h4>\n<p>\u2705 Genauigkeit im Millimeterbereich - Dieser Laser-Distanzsensor bietet <strong data-start=\"421\" data-end=\"439\">\u00b13<\/strong>mm-Pr\u00e4zision \u00fcber einen Bereich von 0,03 m bis 200 m, bietet Wiederholgenauigkeit in Industriequalit\u00e4t f\u00fcr die Robotik<strong data-start=\"522\" data-end=\"561\">, <\/strong>Automatisierung und Vermessung.<\/p>\n<p>Vollst\u00e4ndige Unterst\u00fctzung von RS232, RS485, Modbus, Ethernet, Bluetooth und USB, was die Integration in SPS-Systeme, industrielle IoT-Netzwerke (IIoT) und Automatisierungsplattformen erleichtert.<\/p>\n<p>\u2705 Gebaut, um rauen Umgebungen standzuhalten - Mit einer IP67-Einstufung f\u00fcr Wasser- und Staubdichtigkeit ist dieser Laser-Distanzsensor resistent gegen Staub, Wasser und Vibrationen und funktioniert zuverl\u00e4ssig bei Temperaturen von -20\u00b0C bis 60\u00b0C, ideal f\u00fcr Industrie- und Au\u00dfenanwendungen.<\/p>\n<p>Hochgeschwindigkeits-Abtastrate von 20 Hz - Echtzeit-Entfernungsmessung mit einer Reaktionszeit von 20 ms, die eine genaue Datenerfassung f\u00fcr Drohnen (UAVs), fahrerlose Transportfahrzeuge (AGVs), Roboternavigation und Pr\u00e4zisionsfertigung gew\u00e4hrleistet.<\/p>\n<h4 data-start=\"1346\" data-end=\"1422\">Anwendungen des Laser-Distanz-Sensors in Schl\u00fcsselindustrien<\/h4>\n<p><img decoding=\"async\" class=\"wp-image-3076\" src=\"https:\/\/meskernel.net\/wp-content\/uploads\/2024\/12\/Tof-Distance-Detection-Sensor4.jpg\" alt=\"Tof-Abstandserkennungssensor4\" width=\"661\" height=\"661\" srcset=\"https:\/\/meskernel.net\/wp-content\/uploads\/2024\/12\/Tof-Distance-Detection-Sensor4.jpg 800w, https:\/\/meskernel.net\/wp-content\/uploads\/2024\/12\/Tof-Distance-Detection-Sensor4-300x300.jpg 300w, https:\/\/meskernel.net\/wp-content\/uploads\/2024\/12\/Tof-Distance-Detection-Sensor4-150x150.jpg 150w, https:\/\/meskernel.net\/wp-content\/uploads\/2024\/12\/Tof-Distance-Detection-Sensor4-768x768.jpg 768w, https:\/\/meskernel.net\/wp-content\/uploads\/2024\/12\/Tof-Distance-Detection-Sensor4-400x400.jpg 400w, https:\/\/meskernel.net\/wp-content\/uploads\/2024\/12\/Tof-Distance-Detection-Sensor4-100x100.jpg 100w\" sizes=\"(max-width: 661px) 100vw, 661px\" \/><\/p>\n<p>&nbsp;<\/p>\n<p>&nbsp;<\/p>\n<p>\ud83c\udfd7 Laser-Distanz-Sensor f\u00fcr Bau und Vermessung<\/p>\n<ul data-start=\"1496\" data-end=\"1605\">\n<li data-start=\"1496\" data-end=\"1540\">BIM-basierte Echtzeit-Baustellenvermessung<\/li>\n<li data-start=\"1541\" data-end=\"1605\">Erkennung von Stahlkonstruktionsabweichungen mit einer Genauigkeit von \u00b13 mm<\/li>\n<\/ul>\n<p data-start=\"1607\" data-end=\"1667\">\ud83d\ude81 Laser-Abstandssensor f\u00fcr Drohnen &amp; UAVs<\/p>\n<ul data-start=\"1668\" data-end=\"1794\">\n<li data-start=\"1668\" data-end=\"1727\">Pr\u00e4zise H\u00f6henkontrolle f\u00fcr die Flugstabilit\u00e4t der Drohne<\/li>\n<li data-start=\"1728\" data-end=\"1794\">Hinderniserkennung und -vermeidung bei der Inspektion von Stromleitungen<\/li>\n<\/ul>\n<p data-start=\"1796\" data-end=\"1864\">\ud83c\udfed Laser-Distanz-Sensor f\u00fcr die industrielle Automation<\/p>\n<ul data-start=\"1865\" data-end=\"1976\">\n<li data-start=\"1865\" data-end=\"1922\">AGV-Navigation und Optimierung der Lagerlogistik<\/li>\n<li data-start=\"1923\" data-end=\"1976\">Materialvolumenmessung an F\u00f6rderb\u00e4ndern<\/li>\n<\/ul>\n<p data-start=\"1978\" data-end=\"2057\">\ud83d\udd2c Laser-Distanzsensor f\u00fcr wissenschaftliche Forschung und \u00dcberwachung<\/p>\n<ul data-start=\"2058\" data-end=\"2184\">\n<li data-start=\"2058\" data-end=\"2123\">\u00dcberwachung des baulichen Zustands (Br\u00fccken, Tunnel und D\u00e4mme)<\/li>\n<li data-start=\"2124\" data-end=\"2184\">Verfolgung von Gletscherbewegungen und Umweltforschung<\/li>\n<\/ul>\n<h4 data-start=\"2186\" data-end=\"2246\"><strong data-start=\"2189\" data-end=\"2244\">Die wichtigsten Vorteile unseres Laser-Entfernungsmessers<\/strong><\/h4>\n<p data-start=\"2248\" data-end=\"2297\">\ud83d\udca7 Technologie zur Durchdringung der Wasseroberfl\u00e4che<\/p>\n<ul data-start=\"2298\" data-end=\"2541\">\n<li data-start=\"2463\" data-end=\"2541\">Ideal f\u00fcr Anwendungen in den Bereichen Hydrologie, Aquakultur und Unterwasserkartierung.<\/li>\n<\/ul>\n<p data-start=\"2543\" data-end=\"2588\">\ud83c\udf1e \u00dcberlegene Anti-Licht-Interferenz<\/p>\n<ul data-start=\"2589\" data-end=\"2759\">\n<li data-start=\"2589\" data-end=\"2759\">Die fortschrittliche Technologie zur Filterung des Umgebungslichts gew\u00e4hrleistet <strong data-start=\"2651\" data-end=\"2700\">\u00b1<\/strong>3 mm Genauigkeit selbst bei Sonnenlicht mit 100,0 Lux und \u00fcbertrifft damit die Leistung von Wettbewerbern (<strong data-start=\"2738\" data-end=\"2755\">\u00b13<\/strong>mm Genauigkeit).<\/li>\n<\/ul>\n<p data-start=\"2761\" data-end=\"2824\">\ud83d\udcf6 Intelligente Protokollumsetzung f\u00fcr das industrielle IoT<\/p>\n<ul data-start=\"2825\" data-end=\"3013\">\n<li data-start=\"2825\" data-end=\"2928\">Das integrierte Modbus-TCP-Gateway erm\u00f6glicht eine direkte IIoT-Integration ohne zus\u00e4tzliche Hardware.<\/li>\n<li data-start=\"2929\" data-end=\"3013\">OPC UA- und MQTT-Unterst\u00fctzung (in K\u00fcrze) f\u00fcr eine verbesserte intelligente Fabrikautomatisierung.<\/li>\n<\/ul>\n<p data-start=\"3015\" data-end=\"3090\">Bew\u00e4hrt bei Branchenf\u00fchrern - Bew\u00e4hrter Laser-Distanzsensor<\/p>\n<p>\ud83d\udd39 300+ Industriekunden - Integriert mit <a href=\"https:\/\/zh.wikipedia.org\/wiki\/ABB\" target=\"_blank\" rel=\"noopener\">ABB<\/a> Roboterarme, DJI M300 Drohnen und Siemens PLC-Systeme.<br data-start=\"3204\" data-end=\"3207\" \/>\ud83d\udd39 500.000+ Betriebsstunden - Mit einer Ausfallrate von unter 0,2% wird eine langfristige Zuverl\u00e4ssigkeit f\u00fcr industrielle Anwendungen gew\u00e4hrleistet.<\/p>\n<hr data-start=\"3342\" data-end=\"3345\" \/>\n<h4 data-start=\"3347\" data-end=\"3402\"><strong data-start=\"3351\" data-end=\"3400\">Warum sollten Sie sich f\u00fcr unseren Laser-Distanzsensor entscheiden?<\/strong><\/h4>\n<p data-start=\"3403\" data-end=\"3643\">Dieser hochpr\u00e4zise, industrietaugliche Laser-Distanzsensor wurde f\u00fcr die Automatisierung, Robotik, UAV-Navigation und industrielle \u00dcberwachung entwickelt und bietet au\u00dfergew\u00f6hnliche Genauigkeit.<strong data-start=\"3571\" data-end=\"3640\">, <\/strong>Langlebigkeit und nahtlose Systemintegration.<\/p>\n<p data-start=\"3645\" data-end=\"3711\">F\u00fcr <strong data-start=\"3649\" data-end=\"3709\">OEM\/ODM-Anpassung und Gro\u00dfauftr\u00e4ge, <a href=\"https:\/\/meskernel.net\/de\/kontakt\/\">Kontaktieren Sie uns<\/a> heute!<\/strong><\/p>","protected":false},"excerpt":{"rendered":"<p>Hochpr\u00e4ziser Laser-Distanzsensor mit \u00b11mm Genauigkeit, 200m Reichweite und 20Hz Abtastrate. Ausgestattet mit Schutzart IP67, Unterst\u00fctzung mehrerer Schnittstellen (RS232, RS485, Modbus, Ethernet, Bluetooth, USB) und hervorragender Umweltvertr\u00e4glichkeit f\u00fcr Industrie- und Automatisierungsanwendungen.<\/p>","protected":false},"featured_media":3910,"template":"","meta":{"site-sidebar-layout":"default","site-content-layout":"","ast-site-content-layout":"default","site-content-style":"default","site-sidebar-style":"default","ast-global-header-display":"","ast-banner-title-visibility":"","ast-main-header-display":"","ast-hfb-above-header-display":"","ast-hfb-below-header-display":"","ast-hfb-mobile-header-display":"","site-post-title":"","ast-breadcrumbs-content":"","ast-featured-img":"","footer-sml-layout":"","ast-disable-related-posts":"","theme-transparent-header-meta":"default","adv-header-id-meta":"","stick-header-meta":"","header-above-stick-meta":"","header-main-stick-meta":"","header-below-stick-meta":"","astra-migrate-meta-layouts":"set","ast-page-background-enabled":"default","ast-page-background-meta":{"desktop":{"background-color":"var(--ast-global-color-4)","background-image":"","background-repeat":"repeat","background-position":"center center","background-size":"auto","background-attachment":"scroll","background-type":"","background-media":"","overlay-type":"","overlay-color":"","overlay-opacity":"","overlay-gradient":""},"tablet":{"background-color":"","background-image":"","background-repeat":"repeat","background-position":"center center","background-size":"auto","background-attachment":"scroll","background-type":"","background-media":"","overlay-type":"","overlay-color":"","overlay-opacity":"","overlay-gradient":""},"mobile":{"background-color":"","background-image":"","background-repeat":"repeat","background-position":"center center","background-size":"auto","background-attachment":"scroll","background-type":"","background-media":"","overlay-type":"","overlay-color":"","overlay-opacity":"","overlay-gradient":""}},"ast-content-background-meta":{"desktop":{"background-color":"var(--ast-global-color-5)","background-image":"","background-repeat":"repeat","background-position":"center center","background-size":"auto","background-attachment":"scroll","background-type":"","background-media":"","overlay-type":"","overlay-color":"","overlay-opacity":"","overlay-gradient":""},"tablet":{"background-color":"var(--ast-global-color-5)","background-image":"","background-repeat":"repeat","background-position":"center center","background-size":"auto","background-attachment":"scroll","background-type":"","background-media":"","overlay-type":"","overlay-color":"","overlay-opacity":"","overlay-gradient":""},"mobile":{"background-color":"var(--ast-global-color-5)","background-image":"","background-repeat":"repeat","background-position":"center center","background-size":"auto","background-attachment":"scroll","background-type":"","background-media":"","overlay-type":"","overlay-color":"","overlay-opacity":"","overlay-gradient":""}}},"product_brand":[60],"product_cat":[51],"product_tag":[],"class_list":{"0":"post-3905","1":"product","2":"type-product","3":"status-publish","4":"has-post-thumbnail","6":"product_brand-meskernel","7":"product_cat-laser-distance-sensor","8":"desktop-align-center","9":"tablet-align-left","10":"mobile-align-left","12":"first","13":"instock","14":"shipping-taxable","15":"product-type-simple"},"_links":{"self":[{"href":"http:\/\/meskernel.net\/de\/wp-json\/wp\/v2\/product\/3905","targetHints":{"allow":["GET"]}}],"collection":[{"href":"http:\/\/meskernel.net\/de\/wp-json\/wp\/v2\/product"}],"about":[{"href":"http:\/\/meskernel.net\/de\/wp-json\/wp\/v2\/types\/product"}],"version-history":[{"count":0,"href":"http:\/\/meskernel.net\/de\/wp-json\/wp\/v2\/product\/3905\/revisions"}],"wp:featuredmedia":[{"embeddable":true,"href":"http:\/\/meskernel.net\/de\/wp-json\/wp\/v2\/media\/3910"}],"wp:attachment":[{"href":"http:\/\/meskernel.net\/de\/wp-json\/wp\/v2\/media?parent=3905"}],"wp:term":[{"taxonomy":"product_brand","embeddable":true,"href":"http:\/\/meskernel.net\/de\/wp-json\/wp\/v2\/product_brand?post=3905"},{"taxonomy":"product_cat","embeddable":true,"href":"http:\/\/meskernel.net\/de\/wp-json\/wp\/v2\/product_cat?post=3905"},{"taxonomy":"product_tag","embeddable":true,"href":"http:\/\/meskernel.net\/de\/wp-json\/wp\/v2\/product_tag?post=3905"}],"curies":[{"name":"wp","href":"https:\/\/api.w.org\/{rel}","templated":true}]}}