{"id":5031,"date":"2025-07-14T11:31:39","date_gmt":"2025-07-14T03:31:39","guid":{"rendered":"https:\/\/meskernel.net\/?post_type=product&#038;p=5031"},"modified":"2026-01-16T15:52:26","modified_gmt":"2026-01-16T07:52:26","slug":"laser-range-finder-module","status":"publish","type":"product","link":"http:\/\/meskernel.net\/de\/product\/laser-range-finder-module\/","title":{"rendered":"Bestes Laser-Entfernungsmesser-Modul f\u00fcr Au\u00dfenanwendungen TC25"},"content":{"rendered":"<p data-start=\"347\" data-end=\"407\"><strong data-start=\"347\" data-end=\"407\">Precision. Speed. Reliability. In the Palm of Your Hand.<\/strong><\/p>\n<p data-start=\"85\" data-end=\"349\">The TC25 is a compact Laser Range finder Module, offering up to 1,000\u202fm range and \u00b11\u202fm accuracy. Designed by Meskernel, a leading innovator in laser measurement technologies, the TC25 integrates advanced optical sensing with a rugged, lightweight form factor \u2014 delivering reliable distance measurement even in fast-paced, high-demand outdoor environments.<\/p>\n<p data-start=\"2902\" data-end=\"3098\">For outdoor and mobile platforms such as UAVs and AGVs, <a href=\"https:\/\/meskernel.net\/de\/time-of-flight-ranging\/\">Time of Flight ranging<\/a> (ToF) laser distance sensors are widely used due to their strong resistance to sunlight and ambient light interference.<\/p>\n<p data-start=\"3105\" data-end=\"3211\">Direct ToF (dToF) technology ensures stable distance measurement even in dynamic and complex environments.<\/p>\n<p data-start=\"85\" data-end=\"349\"><img fetchpriority=\"high\" decoding=\"async\" class=\"size-medium wp-image-2688 alignleft\" src=\"https:\/\/meskernel.net\/wp-content\/uploads\/2024\/11\/Laser-Distance-Sensor-TC22-700m3-300x300.jpg\" alt=\"\" width=\"300\" height=\"300\" srcset=\"https:\/\/meskernel.net\/wp-content\/uploads\/2024\/11\/Laser-Distance-Sensor-TC22-700m3-300x300.jpg 300w, https:\/\/meskernel.net\/wp-content\/uploads\/2024\/11\/Laser-Distance-Sensor-TC22-700m3-150x150.jpg 150w, https:\/\/meskernel.net\/wp-content\/uploads\/2024\/11\/Laser-Distance-Sensor-TC22-700m3-768x768.jpg 768w, https:\/\/meskernel.net\/wp-content\/uploads\/2024\/11\/Laser-Distance-Sensor-TC22-700m3-400x400.jpg 400w, https:\/\/meskernel.net\/wp-content\/uploads\/2024\/11\/Laser-Distance-Sensor-TC22-700m3-100x100.jpg 100w, https:\/\/meskernel.net\/wp-content\/uploads\/2024\/11\/Laser-Distance-Sensor-TC22-700m3.jpg 800w\" sizes=\"(max-width: 300px) 100vw, 300px\" \/><\/p>\n<p><img decoding=\"async\" class=\"wp-image-3143 size-medium alignleft\" src=\"https:\/\/meskernel.net\/wp-content\/uploads\/2024\/12\/Pulse-Laser-Distance-Sensor-TC22-1000m-300x300.jpg\" alt=\"Pulslaser-Abstandssensor TC22-1000m\" width=\"300\" height=\"300\" srcset=\"https:\/\/meskernel.net\/wp-content\/uploads\/2024\/12\/Pulse-Laser-Distance-Sensor-TC22-1000m-300x300.jpg 300w, https:\/\/meskernel.net\/wp-content\/uploads\/2024\/12\/Pulse-Laser-Distance-Sensor-TC22-1000m-150x150.jpg 150w, https:\/\/meskernel.net\/wp-content\/uploads\/2024\/12\/Pulse-Laser-Distance-Sensor-TC22-1000m-768x768.jpg 768w, https:\/\/meskernel.net\/wp-content\/uploads\/2024\/12\/Pulse-Laser-Distance-Sensor-TC22-1000m-400x400.jpg 400w, https:\/\/meskernel.net\/wp-content\/uploads\/2024\/12\/Pulse-Laser-Distance-Sensor-TC22-1000m-100x100.jpg 100w, https:\/\/meskernel.net\/wp-content\/uploads\/2024\/12\/Pulse-Laser-Distance-Sensor-TC22-1000m.jpg 800w\" sizes=\"(max-width: 300px) 100vw, 300px\" \/><\/p>\n<p><img decoding=\"async\" class=\"wp-image-2686 size-medium alignleft\" src=\"https:\/\/meskernel.net\/wp-content\/uploads\/2024\/11\/Laser-Distance-Sensor-TC22-700m1-300x300.jpg\" alt=\"Laser-Entfernungsmesser\" width=\"300\" height=\"300\" srcset=\"https:\/\/meskernel.net\/wp-content\/uploads\/2024\/11\/Laser-Distance-Sensor-TC22-700m1-300x300.jpg 300w, https:\/\/meskernel.net\/wp-content\/uploads\/2024\/11\/Laser-Distance-Sensor-TC22-700m1-150x150.jpg 150w, https:\/\/meskernel.net\/wp-content\/uploads\/2024\/11\/Laser-Distance-Sensor-TC22-700m1-768x768.jpg 768w, https:\/\/meskernel.net\/wp-content\/uploads\/2024\/11\/Laser-Distance-Sensor-TC22-700m1-400x400.jpg 400w, https:\/\/meskernel.net\/wp-content\/uploads\/2024\/11\/Laser-Distance-Sensor-TC22-700m1-100x100.jpg 100w, https:\/\/meskernel.net\/wp-content\/uploads\/2024\/11\/Laser-Distance-Sensor-TC22-700m1.jpg 800w\" sizes=\"(max-width: 300px) 100vw, 300px\" \/><\/p>\n<p>&nbsp;<\/p>\n<p>&nbsp;<\/p>\n<p>&nbsp;<\/p>\n<p>&nbsp;<\/p>\n<p>&nbsp;<\/p>\n<p>&nbsp;<\/p>\n<p>&nbsp;<\/p>\n<h3 data-start=\"795\" data-end=\"815\"><\/h3>\n<h3 data-start=\"795\" data-end=\"815\">\ud83d\udd39 Key Features:<\/h3>\n<ul data-start=\"816\" data-end=\"1734\">\n<li data-start=\"816\" data-end=\"998\">\n<p data-start=\"818\" data-end=\"998\"><strong data-start=\"818\" data-end=\"843\">Compact &amp; Lightweight<\/strong>: Just 43 mm long and weighing only a few grams, the TC25 laser distance module is ideal for integration into portable sighting equipment and smart scopes.<\/p>\n<\/li>\n<li data-start=\"999\" data-end=\"1142\">\n<p data-start=\"1001\" data-end=\"1142\"><strong data-start=\"1001\" data-end=\"1024\">Long-Range Accuracy<\/strong>: Measure distances up to 1,000 meters with \u00b11 m precision \u2014 enabling reliable targeting in long-range conditions.<\/p>\n<\/li>\n<li data-start=\"1143\" data-end=\"1289\">\n<p data-start=\"1145\" data-end=\"1289\"><strong data-start=\"1145\" data-end=\"1174\">Fast Measurement Response<\/strong>: With measurement frequencies up to 5 Hz, the TC25 ensures quick target acquisition in dynamic sighting scenarios.<\/p>\n<\/li>\n<li data-start=\"1290\" data-end=\"1439\">\n<p data-start=\"1292\" data-end=\"1439\"><strong data-start=\"1292\" data-end=\"1317\">Niedriger Stromverbrauch<\/strong>: Optimized for mobile and battery-powered platforms, the module supports long-term outdoor use without frequent charging.<\/p>\n<\/li>\n<li data-start=\"1440\" data-end=\"1584\">\n<p data-start=\"1442\" data-end=\"1584\"><strong data-start=\"1442\" data-end=\"1468\">Flexible Communication<\/strong>: Compatible with UART serial interfaces, allowing easy integration into embedded systems and custom control boards.<\/p>\n<\/li>\n<li data-start=\"1585\" data-end=\"1734\">\n<p data-start=\"1587\" data-end=\"1734\"><strong data-start=\"1587\" data-end=\"1615\">Weather-Resistant Design<\/strong>: Built for outdoor use in challenging environments, the TC25 can withstand shock, vibration, and varying temperatures.<\/p>\n<\/li>\n<\/ul>\n<h3 data-start=\"1736\" data-end=\"1756\">\ud83d\udd39 Applications:<\/h3>\n<ul data-start=\"1757\" data-end=\"1983\">\n<li data-start=\"1757\" data-end=\"1799\">\n<p data-start=\"1759\" data-end=\"1799\">Laser-Distanzmessger\u00e4te<\/p>\n<\/li>\n<li data-start=\"1800\" data-end=\"1843\">\n<p data-start=\"1802\" data-end=\"1843\">Smart scopes and optical\u00a0 systems<\/p>\n<\/li>\n<li data-start=\"1844\" data-end=\"1884\">\n<p data-start=\"1846\" data-end=\"1884\">Drones and robots<\/p>\n<\/li>\n<li data-start=\"1885\" data-end=\"1936\">\n<p data-start=\"1887\" data-end=\"1936\">Rangefinders for hunting and wildlife observation<\/p>\n<\/li>\n<li data-start=\"1937\" data-end=\"1983\">\n<p data-start=\"1939\" data-end=\"1983\">Outdoor sports<\/p>\n<\/li>\n<\/ul>\n<h3 data-start=\"1985\" data-end=\"2013\"><img data-dominant-color=\"686870\" data-has-transparency=\"true\" style=\"--dominant-color: #686870;\" loading=\"lazy\" decoding=\"async\" class=\"alignleft wp-image-6603 size-full has-transparency\" src=\"https:\/\/meskernel.net\/wp-content\/uploads\/2025\/07\/Laser-Range-finder-Module-for-Outdoor-Applications.webp\" alt=\"Laser-Entfernungsmesser-Modul f\u00fcr Au\u00dfenanwendungen\" width=\"1925\" height=\"482\" srcset=\"https:\/\/meskernel.net\/wp-content\/uploads\/2025\/07\/Laser-Range-finder-Module-for-Outdoor-Applications.webp 1925w, https:\/\/meskernel.net\/wp-content\/uploads\/2025\/07\/Laser-Range-finder-Module-for-Outdoor-Applications-300x75.webp 300w, https:\/\/meskernel.net\/wp-content\/uploads\/2025\/07\/Laser-Range-finder-Module-for-Outdoor-Applications-1024x256.webp 1024w, https:\/\/meskernel.net\/wp-content\/uploads\/2025\/07\/Laser-Range-finder-Module-for-Outdoor-Applications-768x192.webp 768w, https:\/\/meskernel.net\/wp-content\/uploads\/2025\/07\/Laser-Range-finder-Module-for-Outdoor-Applications-1536x385.webp 1536w, https:\/\/meskernel.net\/wp-content\/uploads\/2025\/07\/Laser-Range-finder-Module-for-Outdoor-Applications-18x5.webp 18w, https:\/\/meskernel.net\/wp-content\/uploads\/2025\/07\/Laser-Range-finder-Module-for-Outdoor-Applications-400x100.webp 400w\" sizes=\"(max-width: 1925px) 100vw, 1925px\" \/><\/h3>\n<h3 data-start=\"1985\" data-end=\"2013\">\ud83d\udd39 Technical Highlights:<\/h3>\n<ul data-start=\"2014\" data-end=\"2289\">\n<li data-start=\"2014\" data-end=\"2053\">\n<p data-start=\"2016\" data-end=\"2053\"><strong data-start=\"2016\" data-end=\"2030\">Wellenl\u00e4nge<\/strong>: 905 nm infrared laser<\/p>\n<\/li>\n<li data-start=\"2054\" data-end=\"2112\">\n<p data-start=\"2056\" data-end=\"2112\"><strong data-start=\"2056\" data-end=\"2065\">Bereich<\/strong>: 5 m \u2013 1,000 m (target reflectivity dependent)<\/p>\n<\/li>\n<li data-start=\"2113\" data-end=\"2133\">\n<p data-start=\"2115\" data-end=\"2133\"><strong data-start=\"2115\" data-end=\"2127\">Genauigkeit<\/strong>: \u00b11 m<\/p>\n<\/li>\n<li data-start=\"2134\" data-end=\"2163\">\n<p data-start=\"2136\" data-end=\"2163\"><strong data-start=\"2136\" data-end=\"2151\">Aktualisierungsrate<\/strong>: Up to 5 Hz<\/p>\n<\/li>\n<li data-start=\"2164\" data-end=\"2218\">\n<p data-start=\"2166\" data-end=\"2218\"><strong data-start=\"2166\" data-end=\"2185\">Beam Divergence<\/strong>: ~2.5 mrad for precise targeting<\/p>\n<\/li>\n<li data-start=\"2219\" data-end=\"2248\">\n<p data-start=\"2221\" data-end=\"2248\"><strong data-start=\"2221\" data-end=\"2240\">Working Voltage<\/strong>: 5 V DC<\/p>\n<\/li>\n<li data-start=\"2249\" data-end=\"2289\">\n<p data-start=\"2251\" data-end=\"2289\"><strong data-start=\"2251\" data-end=\"2271\">Output Interface<\/strong>: UART (3.3 V TTL)<\/p>\n<\/li>\n<\/ul>\n<h3 data-start=\"2291\" data-end=\"2314\">\ud83d\udd39 Why Choose TC25 Laser Range finder Module ?<\/h3>\n<p data-start=\"2315\" data-end=\"2764\">Meskernel&#8217;s TC25 laser rangefinding sensor module combines miniaturized design with professional-grade performance, making it an ideal choice for OEM developers, defense applications, and outdoor sports equipment manufacturers seeking a compact rangefinder sensor with industrial reliability. Whether you&#8217;re building a new generation of smart optics or enhancing existing robots systems, TC25 provides the precision your users demand.<\/p>\n<h3 data-start=\"270\" data-end=\"346\">Frequently Asked Questions \u2013 TC25 Laser Range finder Module<\/h3>\n<p>&nbsp;<\/p>\n<p data-start=\"701\" data-end=\"944\"><strong data-start=\"701\" data-end=\"756\">Q1: How accurate is the TC25 laser distance sensor?<\/strong><br data-start=\"756\" data-end=\"759\" \/><strong data-start=\"759\" data-end=\"765\">A:<\/strong> The TC25 offers high accuracy with a typical measurement error of \u00b11 meter, making it suitable for long-range sighting and hunting scenarios where precise targeting is essential.<\/p>\n<hr data-start=\"946\" data-end=\"949\" \/>\n<p data-start=\"951\" data-end=\"1256\"><strong data-start=\"951\" data-end=\"1023\">Q2: Can the TC25 be integrated into my own system or scope?<\/strong><br data-start=\"1023\" data-end=\"1026\" \/><strong data-start=\"1026\" data-end=\"1032\">A:<\/strong> Yes. The TC25 <a href=\"https:\/\/www.globalsources.com\/chengdu-meskernel\/showroom_6002100157315.htm\" target=\"_blank\" rel=\"noopener\">laser range finder module<\/a> features a compact design (43 \u00d7 25 mm) and a UART interface, making it easy to integrate into custom\u00a0 systems, smart scopes,\u00a0 or other embedded platforms.<\/p>\n<hr data-start=\"1258\" data-end=\"1261\" \/>\n<p data-start=\"1263\" data-end=\"1478\"><strong data-start=\"1263\" data-end=\"1323\">Q3: Is the TC25 suitable for outdoor hunting conditions?<\/strong><br data-start=\"1323\" data-end=\"1326\" \/><strong data-start=\"1326\" data-end=\"1332\">A:<\/strong> Absolutely. The TC25 is built for rugged outdoor use, making it a reliable hunting range sensor even in variable weather and lighting conditions.<\/p>\n<hr data-start=\"1696\" data-end=\"1699\" \/>\n<p data-start=\"1701\" data-end=\"1935\"><strong data-start=\"1701\" data-end=\"1761\">Q4: How is the TC25 laser module powered and controlled?<\/strong><br data-start=\"1761\" data-end=\"1764\" \/><strong data-start=\"1764\" data-end=\"1770\">A:<\/strong> It operates on a 5V DC power supply and communicates via a 3.3V TTL UART interface, making it compatible with a wide range of microcontrollers and embedded systems.<\/p>\n<p data-start=\"1942\" data-end=\"2244\">","protected":false},"excerpt":{"rendered":"<p data-start=\"85\" data-end=\"349\">Das TC25 ist ein optimales Laser-Entfernungsmesser-Modul zum Anvisieren mit einer Reichweite von bis zu 1.000 m und einer Genauigkeit von \u00b11 m. Es wurde f\u00fcr Entfernungsmesser, Jagdger\u00e4te und taktische Ausr\u00fcstung entwickelt und liefert schnelle, zuverl\u00e4ssige Entfernungsmessungen in einer leichten, einfach zu integrierenden Form.<\/p>","protected":false},"featured_media":5087,"template":"","meta":{"site-sidebar-layout":"default","site-content-layout":"","ast-site-content-layout":"default","site-content-style":"default","site-sidebar-style":"default","ast-global-header-display":"","ast-banner-title-visibility":"","ast-main-header-display":"","ast-hfb-above-header-display":"","ast-hfb-below-header-display":"","ast-hfb-mobile-header-display":"","site-post-title":"","ast-breadcrumbs-content":"","ast-featured-img":"","footer-sml-layout":"","ast-disable-related-posts":"","theme-transparent-header-meta":"default","adv-header-id-meta":"","stick-header-meta":"","header-above-stick-meta":"","header-main-stick-meta":"","header-below-stick-meta":"","astra-migrate-meta-layouts":"set","ast-page-background-enabled":"default","ast-page-background-meta":{"desktop":{"background-color":"var(--ast-global-color-4)","background-image":"","background-repeat":"repeat","background-position":"center center","background-size":"auto","background-attachment":"scroll","background-type":"","background-media":"","overlay-type":"","overlay-color":"","overlay-opacity":"","overlay-gradient":""},"tablet":{"background-color":"","background-image":"","background-repeat":"repeat","background-position":"center center","background-size":"auto","background-attachment":"scroll","background-type":"","background-media":"","overlay-type":"","overlay-color":"","overlay-opacity":"","overlay-gradient":""},"mobile":{"background-color":"","background-image":"","background-repeat":"repeat","background-position":"center center","background-size":"auto","background-attachment":"scroll","background-type":"","background-media":"","overlay-type":"","overlay-color":"","overlay-opacity":"","overlay-gradient":""}},"ast-content-background-meta":{"desktop":{"background-color":"var(--ast-global-color-5)","background-image":"","background-repeat":"repeat","background-position":"center center","background-size":"auto","background-attachment":"scroll","background-type":"","background-media":"","overlay-type":"","overlay-color":"","overlay-opacity":"","overlay-gradient":""},"tablet":{"background-color":"var(--ast-global-color-5)","background-image":"","background-repeat":"repeat","background-position":"center center","background-size":"auto","background-attachment":"scroll","background-type":"","background-media":"","overlay-type":"","overlay-color":"","overlay-opacity":"","overlay-gradient":""},"mobile":{"background-color":"var(--ast-global-color-5)","background-image":"","background-repeat":"repeat","background-position":"center center","background-size":"auto","background-attachment":"scroll","background-type":"","background-media":"","overlay-type":"","overlay-color":"","overlay-opacity":"","overlay-gradient":""}}},"product_brand":[60],"product_cat":[54],"product_tag":[59],"class_list":{"0":"post-5031","1":"product","2":"type-product","3":"status-publish","4":"has-post-thumbnail","6":"product_brand-meskernel","7":"product_cat-long-distance-laser-ranging-sensors","8":"product_tag-advantage","9":"desktop-align-center","10":"tablet-align-left","11":"mobile-align-left","13":"first","14":"instock","15":"shipping-taxable","16":"product-type-simple"},"_links":{"self":[{"href":"http:\/\/meskernel.net\/de\/wp-json\/wp\/v2\/product\/5031","targetHints":{"allow":["GET"]}}],"collection":[{"href":"http:\/\/meskernel.net\/de\/wp-json\/wp\/v2\/product"}],"about":[{"href":"http:\/\/meskernel.net\/de\/wp-json\/wp\/v2\/types\/product"}],"version-history":[{"count":0,"href":"http:\/\/meskernel.net\/de\/wp-json\/wp\/v2\/product\/5031\/revisions"}],"wp:featuredmedia":[{"embeddable":true,"href":"http:\/\/meskernel.net\/de\/wp-json\/wp\/v2\/media\/5087"}],"wp:attachment":[{"href":"http:\/\/meskernel.net\/de\/wp-json\/wp\/v2\/media?parent=5031"}],"wp:term":[{"taxonomy":"product_brand","embeddable":true,"href":"http:\/\/meskernel.net\/de\/wp-json\/wp\/v2\/product_brand?post=5031"},{"taxonomy":"product_cat","embeddable":true,"href":"http:\/\/meskernel.net\/de\/wp-json\/wp\/v2\/product_cat?post=5031"},{"taxonomy":"product_tag","embeddable":true,"href":"http:\/\/meskernel.net\/de\/wp-json\/wp\/v2\/product_tag?post=5031"}],"curies":[{"name":"wp","href":"https:\/\/api.w.org\/{rel}","templated":true}]}}