{"id":2824,"date":"2024-11-28T15:49:57","date_gmt":"2024-11-28T07:49:57","guid":{"rendered":"https:\/\/meskernel.net\/?post_type=product&#038;p=2824"},"modified":"2025-07-03T13:43:25","modified_gmt":"2025-07-03T05:43:25","slug":"sensores-de-medicion-de-distancia","status":"publish","type":"product","link":"http:\/\/meskernel.net\/es\/product\/distance-measuring-sensors\/","title":{"rendered":"IP67 Sensores de medici\u00f3n de distancia LDK-P4 40m 10Hz"},"content":{"rendered":"<h3><strong> Sensores de medici\u00f3n de distancia de alta precisi\u00f3n: precisos, duraderos y personalizables<\/strong><\/h3>\n<p>Nuestros sensores de medici\u00f3n de distancia ofrecen un rendimiento excepcional para una amplia gama de aplicaciones industriales, cient\u00edficas y de exteriores. Construidos con carcasa de protecci\u00f3n industrial, m\u00faltiples interfaces de comunicaci\u00f3n y capacidades de medici\u00f3n de alta precisi\u00f3n, estos sensores est\u00e1n dise\u00f1ados para una integraci\u00f3n perfecta y un funcionamiento fiable. Tanto si necesita sensores para rob\u00f3tica, automatizaci\u00f3n o topograf\u00eda, nuestros sensores de medici\u00f3n de distancia ofrecen la flexibilidad, durabilidad y precisi\u00f3n que necesita. Adem\u00e1s, ofrecemos servicios OEM y ODM para personalizar los sensores seg\u00fan sus requisitos espec\u00edficos.<\/p>\n<h3>Caracter\u00edsticas principales de nuestros sensores de medici\u00f3n de distancia<\/h3>\n<ul>\n<li><strong>Carcasa de protecci\u00f3n industrial robusta para entornos agresivos<\/strong><\/li>\n<\/ul>\n<p style=\"padding-left: 40px;\">Nuestros sensores de medici\u00f3n de distancia incorporan una robusta carcasa met\u00e1lica de aleaci\u00f3n de aluminio (Tama\u00f1o: LDK-P4 75,00 x 47,00 x 21,05 mm), dise\u00f1ada para soportar incluso las condiciones m\u00e1s duras. Las caracter\u00edsticas a prueba de salpicaduras y a prueba de polvo de esta carcasa garantizan un funcionamiento fiable en entornos dif\u00edciles, como obras, f\u00e1bricas y lugares al aire libre. El grado de protecci\u00f3n IP (seg\u00fan IEC 60529) garantiza que estos sensores son muy resistentes a la entrada de agua y polvo, lo que proporciona una protecci\u00f3n a largo plazo y un rendimiento \u00f3ptimo en todas las condiciones.<\/p>\n<ul>\n<li><strong>Amplio rango de medici\u00f3n: De 0,03 m a 60 m<\/strong><\/li>\n<\/ul>\n<p style=\"padding-left: 40px;\">Nuestros sensores de medici\u00f3n de distancia ofrecen un rango de medici\u00f3n flexible de 0,03 m a 40 m o de 0,03 m a 60 m, proporcionando lecturas de distancia precisas para aplicaciones de corto y medio alcance. Ya se trate de seguimiento de objetos, medici\u00f3n de distancias para automatizaci\u00f3n o topograf\u00eda de grandes \u00e1reas, estos sensores ofrecen resultados precisos y coherentes para diversos casos de uso.<\/p>\n<ul>\n<li><strong>Medici\u00f3n de distancias de alta precisi\u00f3n<\/strong><\/li>\n<\/ul>\n<p style=\"padding-left: 40px;\">El sensor de medici\u00f3n de distancia garantiza mediciones de alta precisi\u00f3n con una exactitud de <strong>\u00b1<\/strong>(3mm + D \u00d7 (1\/10000)), donde <strong>D<\/strong> es la distancia medida. Este excepcional nivel de precisi\u00f3n hace que estos sensores sean perfectos para rob\u00f3tica, control de posici\u00f3n y topograf\u00eda, donde cada mil\u00edmetro cuenta. La capacidad de confiar en lecturas de distancia exactas es crucial para aplicaciones que requieren mediciones precisas.<\/p>\n<ul>\n<li><strong>M\u00faltiples interfaces de comunicaci\u00f3n: TTL, RS485, RS232<\/strong><\/li>\n<\/ul>\n<p style=\"padding-left: 40px;\">Nuestros sensores de medici\u00f3n de distancia admiten diversas interfaces de comunicaci\u00f3n, como TTL, RS485 y RS232, lo que garantiza una f\u00e1cil integraci\u00f3n en los sistemas existentes. Esta flexibilidad permite al sensor conectarse sin problemas con microcontroladores, sistemas PLC y otros dispositivos de automatizaci\u00f3n industrial. Tanto si est\u00e1 integrando el sensor en un sistema de automatizaci\u00f3n complejo como si se trata de un dispositivo independiente, es f\u00e1cil adaptar nuestro sensor a su configuraci\u00f3n.<\/p>\n<ul>\n<li><strong>Amplia gama de frecuencias: 3 Hz a 10 Hz<\/strong><\/li>\n<\/ul>\n<p style=\"padding-left: 40px;\">El sensor funciona en un rango de frecuencias de 3 Hz a 10 Hz, lo que lo hace ideal para aplicaciones de medici\u00f3n en tiempo real. Con este rango, el sensor de medici\u00f3n de distancia es capaz de manejar sistemas din\u00e1micos y objetos que se mueven r\u00e1pidamente, proporcionando datos continuos y precisos para el seguimiento de objetos, posicionamiento y mapeo de distancias.<\/p>\n<h3>\u00bfPor qu\u00e9 elegir nuestros sensores de medici\u00f3n de distancia?<\/h3>\n<ul>\n<li><strong>Construcci\u00f3n duradera y fiable<\/strong>: La carcasa de aleaci\u00f3n de aluminio y la protecci\u00f3n IP garantizan que estos sensores puedan soportar condiciones extremas, como humedad, polvo e impactos f\u00edsicos. Esto los hace adecuados para su uso en exteriores e industrial.<\/li>\n<li><strong>Precisi\u00f3n superior<\/strong>: Con <strong>\u00b1<\/strong>(3 mm + D \u00d7 (1\/10000)), estos sensores proporcionan mediciones precisas, garantizando datos fiables para aplicaciones de alta precisi\u00f3n como rob\u00f3tica, automatizaci\u00f3n y topograf\u00eda.<\/li>\n<li><strong>Opciones de integraci\u00f3n flexibles<\/strong>: Las interfaces TTL, RS485 y RS232 ofrecen flexibilidad para integrar los sensores con diversos sistemas, desde microcontroladores hasta plataformas de automatizaci\u00f3n industrial.<\/li>\n<li><strong>Soluciones personalizables<\/strong>: Como fabricante, ofrecemos servicios OEM y ODM para adaptar los par\u00e1metros del sensor a sus necesidades espec\u00edficas, tanto si necesita un rango de medici\u00f3n, un protocolo de comunicaci\u00f3n u otros ajustes diferentes.<\/li>\n<li><strong>Precios rentables<\/strong>: Al comprar directamente a la f\u00e1brica, disfrutar\u00e1 de precios competitivos sin sacrificar la calidad, lo que convierte a nuestros sensores en una soluci\u00f3n asequible tanto para proyectos a peque\u00f1a como a gran escala.<\/li>\n<\/ul>\n<h3>Aplicaciones de nuestros sensores de medici\u00f3n de distancia<\/h3>\n<p>Nuestros sensores de medici\u00f3n de distancias son vers\u00e1tiles e ideales para diversas industrias, entre ellas:<\/p>\n<ul>\n<li><strong>Automatizaci\u00f3n industrial<\/strong>: Para la detecci\u00f3n precisa de objetos, la supervisi\u00f3n de la posici\u00f3n y la automatizaci\u00f3n en sistemas de fabricaci\u00f3n, l\u00edneas de montaje y almacenes.<\/li>\n<li><strong>Rob\u00f3tica y veh\u00edculos aut\u00f3nomos<\/strong>: Esencial para la navegaci\u00f3n en tiempo real, la evitaci\u00f3n de obst\u00e1culos y la medici\u00f3n de distancias en sistemas rob\u00f3ticos y veh\u00edculos aut\u00f3nomos.<\/li>\n<li><strong>Topograf\u00eda y cartograf\u00eda<\/strong>: Perfecto para topograf\u00eda, medici\u00f3n de obras y cartograf\u00eda topogr\u00e1fica, donde la precisi\u00f3n es fundamental.<\/li>\n<li><a href=\"https:\/\/meskernel.net\/es\/aplicacion\/control-medioambiental\/\"><strong>Vigilancia medioambiental<\/strong><\/a>: Adecuado para aplicaciones en exteriores como cartograf\u00eda del terreno, vigilancia agr\u00edcola y recogida de datos medioambientales.<\/li>\n<li><strong>Manipulaci\u00f3n de materiales y log\u00edstica<\/strong>: Ideal para el seguimiento de objetos en tiempo real, la gesti\u00f3n de inventarios y el posicionamiento dentro de sistemas log\u00edsticos y de almac\u00e9n.<\/li>\n<\/ul>\n<h3>Por qu\u00e9 nuestros clientes conf\u00edan en nuestros sensores de medici\u00f3n de distancia<\/h3>\n<ul>\n<li><strong>Alta durabilidad<\/strong>: La combinaci\u00f3n de la carcasa de aleaci\u00f3n de aluminio y la protecci\u00f3n IP garantiza que el sensor pueda soportar entornos dif\u00edciles, ofreciendo un funcionamiento fiable a\u00f1o tras a\u00f1o.<\/li>\n<li><strong>Precisi\u00f3n en la que puede confiar<\/strong>: Nuestros sensores de medici\u00f3n de distancias garantizan mediciones precisas, proporcionando datos exactos que cumplen las normas m\u00e1s estrictas para uso industrial y cient\u00edfico.<\/li>\n<li><strong>F\u00e1cil integraci\u00f3n<\/strong>: Con m\u00faltiples interfaces de comunicaci\u00f3n como TTL, RS485 y RS232, nuestros sensores se integran sin esfuerzo en los sistemas existentes, reduciendo el tiempo y la complejidad de la instalaci\u00f3n.<\/li>\n<li><strong>A la medida de sus necesidades<\/strong>: Ofrecemos servicios OEM y ODM para personalizar sus sensores en funci\u00f3n de las necesidades espec\u00edficas de su aplicaci\u00f3n, garantizando que el sensor cumpla exactamente sus requisitos.<\/li>\n<li><strong>Precios directos de f\u00e1brica<\/strong>: Como fabricante, ofrecemos precios competitivos, ayud\u00e1ndole a ahorrar costes a la vez que obtiene sensores de alta calidad para sus proyectos.<\/li>\n<\/ul>\n<p><img fetchpriority=\"high\" decoding=\"async\" class=\"wp-image-3215 size-full\" title=\"Sensores de medici\u00f3n de distancia\" src=\"https:\/\/meskernel.net\/wp-content\/uploads\/2024\/11\/USB-Laser-Sensor-2.jpg\" alt=\"Sensores de medici\u00f3n de distancia\" width=\"1400\" height=\"300\" srcset=\"https:\/\/meskernel.net\/wp-content\/uploads\/2024\/11\/USB-Laser-Sensor-2.jpg 1400w, https:\/\/meskernel.net\/wp-content\/uploads\/2024\/11\/USB-Laser-Sensor-2-300x64.jpg 300w, https:\/\/meskernel.net\/wp-content\/uploads\/2024\/11\/USB-Laser-Sensor-2-1024x219.jpg 1024w, https:\/\/meskernel.net\/wp-content\/uploads\/2024\/11\/USB-Laser-Sensor-2-768x165.jpg 768w, https:\/\/meskernel.net\/wp-content\/uploads\/2024\/11\/USB-Laser-Sensor-2-400x86.jpg 400w\" sizes=\"(max-width: 1400px) 100vw, 1400px\" \/><\/p>\n<p>Nuestros sensores l\u00e1ser de medici\u00f3n de distancia ofrecen la combinaci\u00f3n perfecta de durabilidad, precisi\u00f3n y flexibilidad para una amplia gama de aplicaciones. Tanto si necesita sensores para automatizaci\u00f3n industrial, rob\u00f3tica o topograf\u00eda, nuestros productos ofrecen un rendimiento fiable incluso en las condiciones m\u00e1s duras. Gracias a nuestros servicios de personalizaci\u00f3n OEM y ODM, podemos adaptar el sensor a sus requisitos espec\u00edficos. P\u00f3ngase en contacto con nosotros hoy mismo para saber c\u00f3mo nuestros sensores de medici\u00f3n de distancia pueden ayudarle a optimizar sus operaciones con precisi\u00f3n, durabilidad y rentabilidad.<\/p>","protected":false},"excerpt":{"rendered":"<p>Descubra los sensores de medici\u00f3n de distancia de alta precisi\u00f3n dise\u00f1ados para aplicaciones industriales, rob\u00f3ticas y en exteriores. Estos sensores, que ofrecen mediciones precisas (\u00b13 mm + D \u00d7 1\/10000), una robusta carcasa protectora con clasificaci\u00f3n IP e interfaces TTL\/RS485\/RS232 flexibles, son perfectos para entornos dif\u00edciles. Con opciones de personalizaci\u00f3n OEM y ODM disponibles, puede adaptar el sensor a sus necesidades. Benef\u00edciese de precios directos de f\u00e1brica y de un rendimiento fiable en automatizaci\u00f3n, topograf\u00eda, etc.<\/p>","protected":false},"featured_media":2825,"template":"","meta":{"site-sidebar-layout":"default","site-content-layout":"","ast-site-content-layout":"default","site-content-style":"default","site-sidebar-style":"default","ast-global-header-display":"","ast-banner-title-visibility":"","ast-main-header-display":"","ast-hfb-above-header-display":"","ast-hfb-below-header-display":"","ast-hfb-mobile-header-display":"","site-post-title":"","ast-breadcrumbs-content":"","ast-featured-img":"","footer-sml-layout":"","ast-disable-related-posts":"","theme-transparent-header-meta":"default","adv-header-id-meta":"","stick-header-meta":"","header-above-stick-meta":"","header-main-stick-meta":"","header-below-stick-meta":"","astra-migrate-meta-layouts":"set","ast-page-background-enabled":"default","ast-page-background-meta":{"desktop":{"background-color":"var(--ast-global-color-4)","background-image":"","background-repeat":"repeat","background-position":"center center","background-size":"auto","background-attachment":"scroll","background-type":"","background-media":"","overlay-type":"","overlay-color":"","overlay-opacity":"","overlay-gradient":""},"tablet":{"background-color":"","background-image":"","background-repeat":"repeat","background-position":"center center","background-size":"auto","background-attachment":"scroll","background-type":"","background-media":"","overlay-type":"","overlay-color":"","overlay-opacity":"","overlay-gradient":""},"mobile":{"background-color":"","background-image":"","background-repeat":"repeat","background-position":"center center","background-size":"auto","background-attachment":"scroll","background-type":"","background-media":"","overlay-type":"","overlay-color":"","overlay-opacity":"","overlay-gradient":""}},"ast-content-background-meta":{"desktop":{"background-color":"var(--ast-global-color-5)","background-image":"","background-repeat":"repeat","background-position":"center center","background-size":"auto","background-attachment":"scroll","background-type":"","background-media":"","overlay-type":"","overlay-color":"","overlay-opacity":"","overlay-gradient":""},"tablet":{"background-color":"var(--ast-global-color-5)","background-image":"","background-repeat":"repeat","background-position":"center center","background-size":"auto","background-attachment":"scroll","background-type":"","background-media":"","overlay-type":"","overlay-color":"","overlay-opacity":"","overlay-gradient":""},"mobile":{"background-color":"var(--ast-global-color-5)","background-image":"","background-repeat":"repeat","background-position":"center center","background-size":"auto","background-attachment":"scroll","background-type":"","background-media":"","overlay-type":"","overlay-color":"","overlay-opacity":"","overlay-gradient":""}}},"product_brand":[60],"product_cat":[33],"product_tag":[],"class_list":{"0":"post-2824","1":"product","2":"type-product","3":"status-publish","4":"has-post-thumbnail","6":"product_brand-meskernel","7":"product_cat-industrial-laser-distance-sensors","8":"desktop-align-center","9":"tablet-align-left","10":"mobile-align-left","12":"first","13":"instock","14":"shipping-taxable","15":"product-type-simple"},"_links":{"self":[{"href":"http:\/\/meskernel.net\/es\/wp-json\/wp\/v2\/product\/2824","targetHints":{"allow":["GET"]}}],"collection":[{"href":"http:\/\/meskernel.net\/es\/wp-json\/wp\/v2\/product"}],"about":[{"href":"http:\/\/meskernel.net\/es\/wp-json\/wp\/v2\/types\/product"}],"version-history":[{"count":0,"href":"http:\/\/meskernel.net\/es\/wp-json\/wp\/v2\/product\/2824\/revisions"}],"wp:featuredmedia":[{"embeddable":true,"href":"http:\/\/meskernel.net\/es\/wp-json\/wp\/v2\/media\/2825"}],"wp:attachment":[{"href":"http:\/\/meskernel.net\/es\/wp-json\/wp\/v2\/media?parent=2824"}],"wp:term":[{"taxonomy":"product_brand","embeddable":true,"href":"http:\/\/meskernel.net\/es\/wp-json\/wp\/v2\/product_brand?post=2824"},{"taxonomy":"product_cat","embeddable":true,"href":"http:\/\/meskernel.net\/es\/wp-json\/wp\/v2\/product_cat?post=2824"},{"taxonomy":"product_tag","embeddable":true,"href":"http:\/\/meskernel.net\/es\/wp-json\/wp\/v2\/product_tag?post=2824"}],"curies":[{"name":"wp","href":"https:\/\/api.w.org\/{rel}","templated":true}]}}