{"id":122,"date":"2024-10-10T11:07:10","date_gmt":"2024-10-10T03:07:10","guid":{"rendered":"http:\/\/170.106.98.143\/?post_type=product&#038;p=122"},"modified":"2025-07-03T14:00:46","modified_gmt":"2025-07-03T06:00:46","slug":"sensore-laser-di-distanza","status":"publish","type":"product","link":"http:\/\/meskernel.net\/it\/product\/distance-laser-sensor\/","title":{"rendered":"Sensore laser di distanza con RS485 400m preciso e affidabile"},"content":{"rendered":"<p>Il sensore laser di distanza \u00e8 un modulo che utilizza la tecnologia laser a impulsi per misurare la distanza. Emette una serie di fasci laser pulsati e calcola la distanza tra l'oggetto bersaglio e il modulo misurando il tempo di andata e ritorno dei fasci laser. Il sensore laser rangefinfer PTFS ha un'elevata precisione di rilevamento e un lungo raggio di rilevamento, una forte capacit\u00e0 anti-jamming, il supporto per lo sviluppo secondario, un gran numero di gamme, sicurezza per l'occhio umano 905 nm, frequenza personalizzabile (20-3500 Hz), disponibile sia per interni che per esterni. Pu\u00f2 essere ampiamente utilizzato per la misurazione della velocit\u00e0, dello spostamento, della distanza e in altri campi.<\/p>\n<figure id=\"attachment_2981\" aria-describedby=\"caption-attachment-2981\" style=\"width: 1000px\" class=\"wp-caption aligncenter\"><img fetchpriority=\"high\" decoding=\"async\" class=\"wp-image-2981 size-full\" title=\"Sensore laser di distanza\" src=\"https:\/\/meskernel.net\/wp-content\/uploads\/2024\/10\/Long-Distance-Sensor-PTFS.jpg\" alt=\"Sensore a lunga distanza PTFS\" width=\"1000\" height=\"500\" srcset=\"https:\/\/meskernel.net\/wp-content\/uploads\/2024\/10\/Long-Distance-Sensor-PTFS.jpg 1000w, https:\/\/meskernel.net\/wp-content\/uploads\/2024\/10\/Long-Distance-Sensor-PTFS-300x150.jpg 300w, https:\/\/meskernel.net\/wp-content\/uploads\/2024\/10\/Long-Distance-Sensor-PTFS-768x384.jpg 768w, https:\/\/meskernel.net\/wp-content\/uploads\/2024\/10\/Long-Distance-Sensor-PTFS-400x200.jpg 400w\" sizes=\"(max-width: 1000px) 100vw, 1000px\" \/><figcaption id=\"caption-attachment-2981\" class=\"wp-caption-text\">Sensore a lunga distanza PTFS<\/figcaption><\/figure>\n<h3 class=\"magic-4\" data-spm-anchor-id=\"a2700.details.0.i69.8c003d05ZAEItF\"><span class=\"magic-23\">Interfaccia di comunicazione<\/span><\/h3>\n<div class=\"magic-16\">\n<div class=\"magic-17\">\n<div class=\"magic-18\" data-spm-anchor-id=\"a2700.details.0.i70.8c003d05ZAEItF\"><span class=\"magic-6\">Macchina di soffiaggio semi-automatica per bottiglie in PET Macchina per la produzione di bottiglie Macchina per lo stampaggio di bottiglie in PET La macchina per la produzione di bottiglie in PET \u00e8 adatta alla produzione di contenitori e bottiglie in plastica in tutte le forme.<\/span><\/div>\n<div data-spm-anchor-id=\"a2700.details.0.i70.8c003d05ZAEItF\">\n<figure id=\"attachment_2979\" aria-describedby=\"caption-attachment-2979\" style=\"width: 800px\" class=\"wp-caption aligncenter\"><img decoding=\"async\" class=\"wp-image-2979 size-full\" title=\"Sensore laser di distanza con RS485\" src=\"https:\/\/meskernel.net\/wp-content\/uploads\/2024\/11\/PTFS-Laser-Ranging-Sensor-700m.jpg\" alt=\"Sensore a lunga distanza\" width=\"800\" height=\"800\" srcset=\"https:\/\/meskernel.net\/wp-content\/uploads\/2024\/11\/PTFS-Laser-Ranging-Sensor-700m.jpg 800w, https:\/\/meskernel.net\/wp-content\/uploads\/2024\/11\/PTFS-Laser-Ranging-Sensor-700m-300x300.jpg 300w, https:\/\/meskernel.net\/wp-content\/uploads\/2024\/11\/PTFS-Laser-Ranging-Sensor-700m-150x150.jpg 150w, https:\/\/meskernel.net\/wp-content\/uploads\/2024\/11\/PTFS-Laser-Ranging-Sensor-700m-768x768.jpg 768w, https:\/\/meskernel.net\/wp-content\/uploads\/2024\/11\/PTFS-Laser-Ranging-Sensor-700m-400x400.jpg 400w, https:\/\/meskernel.net\/wp-content\/uploads\/2024\/11\/PTFS-Laser-Ranging-Sensor-700m-100x100.jpg 100w\" sizes=\"(max-width: 800px) 100vw, 800px\" \/><figcaption id=\"caption-attachment-2979\" class=\"wp-caption-text\">Sensore a lunga distanza<\/figcaption><\/figure>\n<\/div>\n<\/div>\n<\/div>\n<h3>Caratteristiche principali<\/h3>\n<ul>\n<li><strong>Gamma di distanza flessibile:<\/strong><\/li>\n<\/ul>\n<p>Una delle caratteristiche principali di questo sensore di misura laser sono le opzioni di portata. \u00c8 possibile scegliere tra diversi intervalli di distanza, tra cui 100 metri, 400 metri, 700 metri e 1100 metri, a seconda delle esigenze specifiche. Questa flessibilit\u00e0 consente di affrontare sia le misurazioni a corto raggio per attivit\u00e0 come la navigazione con i droni, sia i progetti di rilievo su larga scala. Indipendentemente dalla scala della vostra applicazione, questo sensore si adatta per fornire sempre risultati accurati.<\/p>\n<ul>\n<li><strong>Frequenza personalizzabile per una rapida raccolta dei dati:<\/strong><\/li>\n<\/ul>\n<p>Un altro vantaggio fondamentale di questo sensore laser per la misurazione della distanza \u00e8 la gamma di frequenza personalizzabile. \u00c8 possibile regolare la frequenza da 50 Hz a 500 Hz, rendendolo ideale per le applicazioni che richiedono misure rapide. Ad esempio, nella robotica, nell'automazione o nel monitoraggio in tempo reale, la capacit\u00e0 di raccogliere rapidamente i dati contribuisce a migliorare l'efficienza complessiva del sistema. Grazie all'acquisizione di misure accurate in tempi ridotti, questo sensore supporta le operazioni veloci e sensibili ai tempi.<\/p>\n<ul>\n<li><strong>Design compatto per una facile integrazione:<\/strong><\/li>\n<\/ul>\n<p>Grazie al suo design compatto e quadrato, questo sensore laser industriale \u00e8 facile da integrare in vari sistemi. Le sue dimensioni ridotte lo rendono perfetto per applicazioni con limiti di spazio, come dispositivi embedded, droni o piattaforme robotiche. Inoltre, il semplice processo di integrazione riduce i tempi di configurazione, permettendovi di concentrarvi maggiormente sulle funzionalit\u00e0 principali del vostro progetto. Non dovrete preoccuparvi di complicate installazioni, risparmiando tempo e fatica.<\/p>\n<ul>\n<li><strong>Costruito per durare a lungo:<\/strong><\/li>\n<\/ul>\n<p>Questo sensore laser di distanza \u00e8 progettato per essere affidabile. Utilizzando la tecnologia a impulsi e un laser a 905 nm, \u00e8 costruito per resistere alle esigenze di un uso prolungato. Il modulo \u00e8 stato sottoposto a numerose iterazioni e aggiornamenti, diventando un prodotto di punta della linea Meskernel. Di conseguenza, fornisce costantemente risultati accurati e affidabili, anche in condizioni difficili come quelle che si verificano in edilizia, nel monitoraggio ambientale o in ambienti industriali pesanti.<\/p>\n<h3 class=\"magic-4\"><span class=\"magic-5\" data-spm-anchor-id=\"a2700.details.0.i71.8c003d05ZAEItF\">Piattaforma software di test<\/span><\/h3>\n<div class=\"magic-16\">\n<div class=\"magic-17\">\n<div class=\"magic-18\"><span class=\"magic-6\">Abbiamo i nostri strumenti di test del software, che vengono trasmessi al computer attraverso la misurazione della distanza.<\/span><\/div>\n<div>\n<figure id=\"attachment_2967\" aria-describedby=\"caption-attachment-2967\" style=\"width: 1024px\" class=\"wp-caption aligncenter\"><img decoding=\"async\" class=\"wp-image-2967 size-large\" title=\"Sensore laser di distanza\" src=\"https:\/\/meskernel.net\/wp-content\/uploads\/2024\/10\/Arduino-Laser-Sensor-1024x520.jpg\" alt=\"Sensore laser Arduino\" width=\"1024\" height=\"520\" srcset=\"https:\/\/meskernel.net\/wp-content\/uploads\/2024\/10\/Arduino-Laser-Sensor-1024x520.jpg 1024w, https:\/\/meskernel.net\/wp-content\/uploads\/2024\/10\/Arduino-Laser-Sensor-300x152.jpg 300w, https:\/\/meskernel.net\/wp-content\/uploads\/2024\/10\/Arduino-Laser-Sensor-768x390.jpg 768w, https:\/\/meskernel.net\/wp-content\/uploads\/2024\/10\/Arduino-Laser-Sensor-1536x779.jpg 1536w, https:\/\/meskernel.net\/wp-content\/uploads\/2024\/10\/Arduino-Laser-Sensor-400x203.jpg 400w, https:\/\/meskernel.net\/wp-content\/uploads\/2024\/10\/Arduino-Laser-Sensor.jpg 1906w\" sizes=\"(max-width: 1024px) 100vw, 1024px\" \/><figcaption id=\"caption-attachment-2967\" class=\"wp-caption-text\">Sensore laser Arduino<\/figcaption><\/figure>\n<\/div>\n<\/div>\n<\/div>\n<h3>Soluzioni personalizzate per soddisfare le vostre esigenze<\/h3>\n<p>Oltre alle potenti funzioni standard, offriamo anche soluzioni personalizzate per adattare questo sensore laser di distanza alle vostre esigenze specifiche. Che si tratti di regolazioni del campo di misura, delle impostazioni di frequenza o delle opzioni di interfaccia (TTL, RS485, RS232), siamo in grado di fornire soluzioni flessibili che si adattano perfettamente alla vostra applicazione. La personalizzazione garantisce le migliori prestazioni possibili del sensore, adattate alle esigenze specifiche del vostro sistema.<\/p>\n<h3>Perch\u00e9 scegliere il sensore laser di distanza compatto?<\/h3>\n<p>Il sensore laser a distanza compatto offre una miscela perfetta di precisione, flessibilit\u00e0 e durata. La versatilit\u00e0 delle opzioni di portata e le impostazioni personalizzabili lo rendono ideale per settori come la robotica, il rilevamento e l'automazione. Il design robusto del sensore, le funzionalit\u00e0 ad alta frequenza e l'adattabilit\u00e0 a varie applicazioni lo rendono una scelta affidabile per un'ampia gamma di casi d'uso industriali. Grazie a misure rapide e precise, consente di ottimizzare le operazioni, migliorare l'efficienza e ridurre i tempi di fermo.<\/p>\n<p>Che si tratti di un progetto su piccola scala o della gestione di sistemi complessi e di grandi dimensioni, questo sensore laser di distanza offre la velocit\u00e0, la precisione e la personalizzazione necessarie per portare a termine il lavoro nel modo giusto.<\/p>","protected":false},"excerpt":{"rendered":"<p>Scoprite il Sensore laser di distanza compatto: un sensore di alta precisione e di lunga durata, perfetto per la robotica, il rilevamento e l'automazione. Grazie alle impostazioni personalizzabili, alle gamme flessibili fino a 1100 metri e alle misure rapide e precise, \u00e8 la soluzione ideale per le vostre esigenze industriali. Ottenete prestazioni affidabili e un'integrazione perfetta oggi stesso!<\/p>","protected":false},"featured_media":3000,"template":"","meta":{"site-sidebar-layout":"default","site-content-layout":"","ast-site-content-layout":"default","site-content-style":"default","site-sidebar-style":"default","ast-global-header-display":"","ast-banner-title-visibility":"","ast-main-header-display":"","ast-hfb-above-header-display":"","ast-hfb-below-header-display":"","ast-hfb-mobile-header-display":"","site-post-title":"","ast-breadcrumbs-content":"","ast-featured-img":"","footer-sml-layout":"","ast-disable-related-posts":"","theme-transparent-header-meta":"default","adv-header-id-meta":"","stick-header-meta":"","header-above-stick-meta":"","header-main-stick-meta":"","header-below-stick-meta":"","astra-migrate-meta-layouts":"set","ast-page-background-enabled":"default","ast-page-background-meta":{"desktop":{"background-color":"var(--ast-global-color-4)","background-image":"","background-repeat":"repeat","background-position":"center center","background-size":"auto","background-attachment":"scroll","background-type":"","background-media":"","overlay-type":"","overlay-color":"","overlay-opacity":"","overlay-gradient":""},"tablet":{"background-color":"","background-image":"","background-repeat":"repeat","background-position":"center center","background-size":"auto","background-attachment":"scroll","background-type":"","background-media":"","overlay-type":"","overlay-color":"","overlay-opacity":"","overlay-gradient":""},"mobile":{"background-color":"","background-image":"","background-repeat":"repeat","background-position":"center center","background-size":"auto","background-attachment":"scroll","background-type":"","background-media":"","overlay-type":"","overlay-color":"","overlay-opacity":"","overlay-gradient":""}},"ast-content-background-meta":{"desktop":{"background-color":"var(--ast-global-color-5)","background-image":"","background-repeat":"repeat","background-position":"center center","background-size":"auto","background-attachment":"scroll","background-type":"","background-media":"","overlay-type":"","overlay-color":"","overlay-opacity":"","overlay-gradient":""},"tablet":{"background-color":"var(--ast-global-color-5)","background-image":"","background-repeat":"repeat","background-position":"center center","background-size":"auto","background-attachment":"scroll","background-type":"","background-media":"","overlay-type":"","overlay-color":"","overlay-opacity":"","overlay-gradient":""},"mobile":{"background-color":"var(--ast-global-color-5)","background-image":"","background-repeat":"repeat","background-position":"center center","background-size":"auto","background-attachment":"scroll","background-type":"","background-media":"","overlay-type":"","overlay-color":"","overlay-opacity":"","overlay-gradient":""}}},"product_brand":[60],"product_cat":[31],"product_tag":[],"class_list":{"0":"post-122","1":"product","2":"type-product","3":"status-publish","4":"has-post-thumbnail","6":"product_brand-meskernel","7":"product_cat-tof-ranging-sensor","8":"desktop-align-center","9":"tablet-align-left","10":"mobile-align-left","12":"first","13":"instock","14":"shipping-taxable","15":"product-type-simple"},"_links":{"self":[{"href":"http:\/\/meskernel.net\/it\/wp-json\/wp\/v2\/product\/122","targetHints":{"allow":["GET"]}}],"collection":[{"href":"http:\/\/meskernel.net\/it\/wp-json\/wp\/v2\/product"}],"about":[{"href":"http:\/\/meskernel.net\/it\/wp-json\/wp\/v2\/types\/product"}],"version-history":[{"count":0,"href":"http:\/\/meskernel.net\/it\/wp-json\/wp\/v2\/product\/122\/revisions"}],"wp:featuredmedia":[{"embeddable":true,"href":"http:\/\/meskernel.net\/it\/wp-json\/wp\/v2\/media\/3000"}],"wp:attachment":[{"href":"http:\/\/meskernel.net\/it\/wp-json\/wp\/v2\/media?parent=122"}],"wp:term":[{"taxonomy":"product_brand","embeddable":true,"href":"http:\/\/meskernel.net\/it\/wp-json\/wp\/v2\/product_brand?post=122"},{"taxonomy":"product_cat","embeddable":true,"href":"http:\/\/meskernel.net\/it\/wp-json\/wp\/v2\/product_cat?post=122"},{"taxonomy":"product_tag","embeddable":true,"href":"http:\/\/meskernel.net\/it\/wp-json\/wp\/v2\/product_tag?post=122"}],"curies":[{"name":"wp","href":"https:\/\/api.w.org\/{rel}","templated":true}]}}