{"id":2824,"date":"2024-11-28T15:49:57","date_gmt":"2024-11-28T07:49:57","guid":{"rendered":"https:\/\/meskernel.net\/?post_type=product&#038;p=2824"},"modified":"2025-07-03T13:43:25","modified_gmt":"2025-07-03T05:43:25","slug":"mesafe-olcum-sensorleri","status":"publish","type":"product","link":"http:\/\/meskernel.net\/tr\/product\/distance-measuring-sensors\/","title":{"rendered":"IP67 Mesafe \u00d6l\u00e7\u00fcm Sens\u00f6rleri LDK-P4 40m 10Hz"},"content":{"rendered":"<h3><strong> Y\u00fcksek Hassasiyetli Mesafe \u00d6l\u00e7\u00fcm Sens\u00f6rleri - Do\u011fru, Dayan\u0131kl\u0131 ve \u00d6zelle\u015ftirilebilir<\/strong><\/h3>\n<p>Mesafe \u00d6l\u00e7\u00fcm Sens\u00f6rlerimiz \u00e7ok \u00e7e\u015fitli end\u00fcstriyel, bilimsel ve d\u0131\u015f mekan uygulamalar\u0131 i\u00e7in ola\u011fan\u00fcst\u00fc performans sunar. End\u00fcstriyel koruyucu muhafaza, \u00e7oklu ileti\u015fim aray\u00fczleri ve y\u00fcksek hassasiyetli \u00f6l\u00e7\u00fcm \u00f6zellikleriyle \u00fcretilen bu sens\u00f6rler, sorunsuz entegrasyon ve g\u00fcvenilir \u00e7al\u0131\u015fma i\u00e7in tasarlanm\u0131\u015ft\u0131r. \u0130ster robotik, otomasyon veya \u00f6l\u00e7\u00fcm i\u00e7in sens\u00f6rlere ihtiyac\u0131n\u0131z olsun, Mesafe \u00d6l\u00e7\u00fcm Sens\u00f6rlerimiz ihtiyac\u0131n\u0131z olan esnekli\u011fi, dayan\u0131kl\u0131l\u0131\u011f\u0131 ve hassasiyeti sunar. Ayr\u0131ca, sens\u00f6rleri \u00f6zel gereksinimlerinize g\u00f6re \u00f6zelle\u015ftirmek i\u00e7in OEM ve ODM hizmetleri sunuyoruz.<\/p>\n<h3>Mesafe \u00d6l\u00e7\u00fcm Sens\u00f6rlerimizin Temel \u00d6zellikleri<\/h3>\n<ul>\n<li><strong>Zorlu Ortamlar i\u00e7in Sa\u011flam End\u00fcstriyel Koruyucu Muhafaza<\/strong><\/li>\n<\/ul>\n<p style=\"padding-left: 40px;\">Mesafe \u00d6l\u00e7\u00fcm Sens\u00f6rlerimiz, en zorlu ko\u015fullara bile dayanacak \u015fekilde tasarlanm\u0131\u015f sa\u011flam bir al\u00fcminyum ala\u015f\u0131ml\u0131 metal g\u00f6vdeye (Boyut: LDK-P4 75,00 x 47,00 x 21,05 mm) sahiptir. Bu muhafazan\u0131n su s\u0131\u00e7ramas\u0131na ve toza dayan\u0131kl\u0131 \u00f6zellikleri \u015fantiyeler, fabrikalar ve d\u0131\u015f mekanlar gibi zorlu ortamlarda g\u00fcvenilir \u00e7al\u0131\u015fma sa\u011flar. IP koruma derecesi (IEC 60529'a g\u00f6re) bu sens\u00f6rlerin su ve toz giri\u015fine kar\u015f\u0131 son derece dayan\u0131kl\u0131 olmas\u0131n\u0131 sa\u011flayarak her ko\u015fulda uzun s\u00fcreli koruma ve optimum performans sa\u011flar.<\/p>\n<ul>\n<li><strong>Geni\u015f \u00d6l\u00e7\u00fcm Aral\u0131\u011f\u0131: 0,03m ila 60m<\/strong><\/li>\n<\/ul>\n<p style=\"padding-left: 40px;\">Mesafe \u00d6l\u00e7\u00fcm Sens\u00f6rlerimiz 0,03m ila 40m veya 0,03m ila 60m aras\u0131nda esnek bir \u00f6l\u00e7\u00fcm aral\u0131\u011f\u0131 sunarak hem k\u0131sa hem de orta menzilli uygulamalar i\u00e7in do\u011fru mesafe okumalar\u0131 sa\u011flar. \u0130ster nesneleri takip ediyor, ister otomasyon i\u00e7in mesafeleri \u00f6l\u00e7\u00fcyor veya geni\u015f alanlar\u0131 inceliyor olun, bu sens\u00f6rler \u00e7e\u015fitli kullan\u0131m durumlar\u0131 i\u00e7in hassas ve tutarl\u0131 sonu\u00e7lar sunar.<\/p>\n<ul>\n<li><strong>Y\u00fcksek Hassasiyetli Mesafe \u00d6l\u00e7\u00fcm\u00fc<\/strong><\/li>\n<\/ul>\n<p style=\"padding-left: 40px;\">Mesafe \u00d6l\u00e7\u00fcm Sens\u00f6r\u00fc, a\u015fa\u011f\u0131daki hassasiyetle y\u00fcksek hassasiyetli \u00f6l\u00e7\u00fcmler sa\u011flar <strong>\u00b1<\/strong>(3mm + D \u00d7 (1\/10000)), burada <strong>D<\/strong> \u00f6l\u00e7\u00fclen mesafedir. Bu ola\u011fan\u00fcst\u00fc do\u011fruluk seviyesi, bu sens\u00f6rleri her milimetrenin \u00f6nemli oldu\u011fu robotik, konum izleme ve \u00f6l\u00e7me i\u00e7in m\u00fckemmel k\u0131lar. Do\u011fru mesafe okumalar\u0131na g\u00fcvenme yetene\u011fi, ince ayarl\u0131 \u00f6l\u00e7\u00fcmler gerektiren uygulamalar i\u00e7in \u00e7ok \u00f6nemlidir.<\/p>\n<ul>\n<li><strong>\u00c7oklu \u0130leti\u015fim Aray\u00fczleri: TTL, RS485, RS232<\/strong><\/li>\n<\/ul>\n<p style=\"padding-left: 40px;\">Mesafe \u00d6l\u00e7\u00fcm Sens\u00f6rlerimiz TTL, RS485 ve RS232 dahil olmak \u00fczere \u00e7e\u015fitli ileti\u015fim aray\u00fczlerini destekleyerek mevcut sistemlere kolay entegrasyon sa\u011flar. Bu esneklik, sens\u00f6r\u00fcn mikrodenetleyiciler, PLC sistemleri ve di\u011fer end\u00fcstriyel otomasyon cihazlar\u0131na sorunsuz bir \u015fekilde ba\u011flanmas\u0131n\u0131 sa\u011flar. Sens\u00f6r\u00fc ister karma\u015f\u0131k bir otomasyon sistemine ister ba\u011f\u0131ms\u0131z bir cihaza entegre ediyor olun, sens\u00f6r\u00fcm\u00fcz\u00fc kurulumunuza uyarlamak kolayd\u0131r.<\/p>\n<ul>\n<li><strong>Geni\u015f Frekans Aral\u0131\u011f\u0131: 3Hz ila 10Hz<\/strong><\/li>\n<\/ul>\n<p style=\"padding-left: 40px;\">Sens\u00f6r 3Hz ila 10Hz frekans aral\u0131\u011f\u0131nda \u00e7al\u0131\u015farak ger\u00e7ek zamanl\u0131 \u00f6l\u00e7\u00fcm uygulamalar\u0131 i\u00e7in idealdir. Bu aral\u0131k sayesinde Mesafe \u00d6l\u00e7\u00fcm Sens\u00f6r\u00fc dinamik sistemler ve h\u0131zl\u0131 hareket eden nesnelerle ba\u015fa \u00e7\u0131kabilir ve nesne takibi, konumland\u0131rma ve mesafe haritalama i\u00e7in s\u00fcrekli ve do\u011fru veriler sunar.<\/p>\n<h3>Neden Mesafe \u00d6l\u00e7\u00fcm Sens\u00f6rlerimizi Se\u00e7melisiniz?<\/h3>\n<ul>\n<li><strong>Dayan\u0131kl\u0131 ve G\u00fcvenilir Yap\u0131<\/strong>: Al\u00fcminyum ala\u015f\u0131ml\u0131 g\u00f6vde ve IP dereceli koruma, bu sens\u00f6rlerin nem, toz ve fiziksel darbeler dahil olmak \u00fczere a\u015f\u0131r\u0131 ko\u015fullara dayanabilmesini sa\u011flar. Bu da onlar\u0131 d\u0131\u015f mekan ve end\u00fcstriyel kullan\u0131m i\u00e7in uygun hale getirir.<\/li>\n<li><strong>\u00dcst\u00fcn Do\u011fruluk<\/strong>: \u0130le <strong>\u00b1<\/strong>(3mm + D \u00d7 (1\/10000)) hassasiyete sahip bu sens\u00f6rler hassas \u00f6l\u00e7\u00fcmler sa\u011flayarak robotik, otomasyon ve \u00f6l\u00e7me gibi y\u00fcksek hassasiyetli uygulamalar i\u00e7in g\u00fcvenilir veriler sa\u011flar.<\/li>\n<li><strong>Esnek Entegrasyon Se\u00e7enekleri<\/strong>: TTL, RS485 ve RS232 aray\u00fczleri, sens\u00f6rlerin mikrodenetleyicilerden end\u00fcstriyel otomasyon platformlar\u0131na kadar \u00e7e\u015fitli sistemlerle entegre edilmesinde esneklik sunar.<\/li>\n<li><strong>\u00d6zelle\u015ftirilebilir \u00c7\u00f6z\u00fcmler<\/strong>: Bir \u00fcretici olarak, farkl\u0131 bir \u00f6l\u00e7\u00fcm aral\u0131\u011f\u0131, ileti\u015fim protokol\u00fc veya di\u011fer ayarlamalar gerektirip gerektirmedi\u011fine bak\u0131lmaks\u0131z\u0131n, sens\u00f6r\u00fcn parametrelerini \u00f6zel ihtiya\u00e7lar\u0131n\u0131za g\u00f6re uyarlamak i\u00e7in OEM ve ODM hizmetleri sunuyoruz.<\/li>\n<li><strong>Uygun Maliyetli Fiyatland\u0131rma<\/strong>: Do\u011frudan fabrikadan sat\u0131n alarak, kaliteden \u00f6d\u00fcn vermeden rekabet\u00e7i fiyatland\u0131rman\u0131n keyfini \u00e7\u0131kar\u0131rs\u0131n\u0131z, bu da sens\u00f6rlerimizi hem k\u00fc\u00e7\u00fck \u00f6l\u00e7ekli hem de b\u00fcy\u00fck \u00f6l\u00e7ekli projeler i\u00e7in uygun fiyatl\u0131 bir \u00e7\u00f6z\u00fcm haline getirir.<\/li>\n<\/ul>\n<h3>Mesafe \u00d6l\u00e7\u00fcm Sens\u00f6rlerimizin Uygulamalar\u0131<\/h3>\n<p>Mesafe \u00d6l\u00e7\u00fcm Sens\u00f6rlerimiz \u00e7ok y\u00f6nl\u00fcd\u00fcr ve a\u015fa\u011f\u0131dakiler de dahil olmak \u00fczere \u00e7e\u015fitli end\u00fcstriler i\u00e7in idealdir:<\/p>\n<ul>\n<li><strong>End\u00fcstriyel Otomasyon<\/strong>: \u00dcretim, montaj hatlar\u0131 ve depo sistemlerinde do\u011fru nesne alg\u0131lama, konum izleme ve otomasyon i\u00e7in.<\/li>\n<li><strong>Robotik ve Otonom Ara\u00e7lar<\/strong>: Robotik sistemlerde ve otonom ara\u00e7larda ger\u00e7ek zamanl\u0131 navigasyon, engellerden ka\u00e7\u0131nma ve mesafe \u00f6l\u00e7\u00fcm\u00fc i\u00e7in gereklidir.<\/li>\n<li><strong>\u00d6l\u00e7me ve Haritalama<\/strong>: Hassasiyetin kritik oldu\u011fu arazi \u00f6l\u00e7\u00fcm\u00fc, in\u015faat \u00f6l\u00e7\u00fcm\u00fc ve topografik haritalama i\u00e7in m\u00fckemmeldir.<\/li>\n<li><a href=\"https:\/\/meskernel.net\/tr\/uygulama\/cevresel-izleme\/\"><strong>\u00c7evresel \u0130zleme<\/strong><\/a>: Arazi haritalama, tar\u0131msal izleme ve \u00e7evresel veri toplama gibi d\u0131\u015f mekan uygulamalar\u0131 i\u00e7in uygundur.<\/li>\n<li><strong>Malzeme Ta\u015f\u0131ma ve Lojistik<\/strong>: Lojistik ve depo sistemlerinde nesnelerin ger\u00e7ek zamanl\u0131 takibi, envanter y\u00f6netimi ve konumland\u0131rma i\u00e7in idealdir.<\/li>\n<\/ul>\n<h3>M\u00fc\u015fterilerimiz Mesafe \u00d6l\u00e7\u00fcm Sens\u00f6rlerimize Neden G\u00fcveniyor?<\/h3>\n<ul>\n<li><strong>Y\u00fcksek Dayan\u0131kl\u0131l\u0131k<\/strong>: Al\u00fcminyum ala\u015f\u0131ml\u0131 g\u00f6vde ve IP dereceli koruman\u0131n kombinasyonu, sens\u00f6r\u00fcn zorlu ortamlara dayanabilmesini sa\u011flayarak her y\u0131l g\u00fcvenilir \u00e7al\u0131\u015fma sunar.<\/li>\n<li><strong>G\u00fcvenebilece\u011finiz Do\u011fruluk<\/strong>: Mesafe \u00d6l\u00e7\u00fcm Sens\u00f6rlerimiz, end\u00fcstriyel ve bilimsel kullan\u0131m i\u00e7in en y\u00fcksek standartlar\u0131 kar\u015f\u0131layan do\u011fru veriler sunarak hassas \u00f6l\u00e7\u00fcmleri garanti eder.<\/li>\n<li><strong>Kolay Entegrasyon<\/strong>: TTL, RS485 ve RS232 gibi \u00e7oklu ileti\u015fim aray\u00fczleri ile sens\u00f6rlerimiz mevcut sistemlere zahmetsizce entegre olarak kurulum s\u00fcresini ve karma\u015f\u0131kl\u0131\u011f\u0131n\u0131 azalt\u0131r.<\/li>\n<li><strong>\u0130htiya\u00e7lar\u0131n\u0131za G\u00f6re Uyarland\u0131<\/strong>: Sens\u00f6rlerinizi \u00f6zel uygulama ihtiya\u00e7lar\u0131n\u0131za g\u00f6re \u00f6zelle\u015ftirmek i\u00e7in OEM ve ODM hizmetleri sunuyoruz ve sens\u00f6r\u00fcn tam gereksinimlerinizi kar\u015f\u0131lamas\u0131n\u0131 sa\u011fl\u0131yoruz.<\/li>\n<li><strong>Fabrika Do\u011frudan Fiyatland\u0131rmas\u0131<\/strong>: \u00dcretici olarak, projeleriniz i\u00e7in y\u00fcksek kaliteli sens\u00f6rler al\u0131rken maliyetlerden tasarruf etmenize yard\u0131mc\u0131 olan rekabet\u00e7i fiyatlar sunuyoruz.<\/li>\n<\/ul>\n<p><img fetchpriority=\"high\" decoding=\"async\" class=\"wp-image-3215 size-full\" title=\"Mesafe \u00d6l\u00e7\u00fcm Sens\u00f6rleri\" src=\"https:\/\/meskernel.net\/wp-content\/uploads\/2024\/11\/USB-Laser-Sensor-2.jpg\" alt=\"Mesafe \u00d6l\u00e7\u00fcm Sens\u00f6rleri\" width=\"1400\" height=\"300\" srcset=\"https:\/\/meskernel.net\/wp-content\/uploads\/2024\/11\/USB-Laser-Sensor-2.jpg 1400w, https:\/\/meskernel.net\/wp-content\/uploads\/2024\/11\/USB-Laser-Sensor-2-300x64.jpg 300w, https:\/\/meskernel.net\/wp-content\/uploads\/2024\/11\/USB-Laser-Sensor-2-1024x219.jpg 1024w, https:\/\/meskernel.net\/wp-content\/uploads\/2024\/11\/USB-Laser-Sensor-2-768x165.jpg 768w, https:\/\/meskernel.net\/wp-content\/uploads\/2024\/11\/USB-Laser-Sensor-2-400x86.jpg 400w\" sizes=\"(max-width: 1400px) 100vw, 1400px\" \/><\/p>\n<p>Lazer Mesafe \u00d6l\u00e7\u00fcm Sens\u00f6rlerimiz, \u00e7ok \u00e7e\u015fitli uygulamalar i\u00e7in dayan\u0131kl\u0131l\u0131k, hassasiyet ve esnekli\u011fin m\u00fckemmel kombinasyonunu sa\u011flar. \u0130ster end\u00fcstriyel otomasyon, ister robotik veya \u00f6l\u00e7me i\u00e7in sens\u00f6rlere ihtiyac\u0131n\u0131z olsun, \u00fcr\u00fcnlerimiz en zorlu ko\u015fullarda bile g\u00fcvenilir performans sunar. OEM ve ODM \u00f6zelle\u015ftirme hizmetleri ile sens\u00f6r\u00fc \u00f6zel gereksinimlerinize uyacak \u015fekilde uyarlayabiliriz. Mesafe \u00d6l\u00e7\u00fcm Sens\u00f6rlerimizin do\u011fruluk, dayan\u0131kl\u0131l\u0131k ve maliyet etkinli\u011fi ile operasyonlar\u0131n\u0131z\u0131 kolayla\u015ft\u0131rmaya nas\u0131l yard\u0131mc\u0131 olabilece\u011fini \u00f6\u011frenmek i\u00e7in bug\u00fcn bize ula\u015f\u0131n.<\/p>","protected":false},"excerpt":{"rendered":"<p>End\u00fcstriyel, robotik ve d\u0131\u015f mekan uygulamalar\u0131 i\u00e7in tasarlanm\u0131\u015f y\u00fcksek hassasiyetli Mesafe \u00d6l\u00e7\u00fcm Sens\u00f6rlerini ke\u015ffedin. Do\u011fru \u00f6l\u00e7\u00fcmler (\u00b13mm + D \u00d7 1\/10000), sa\u011flam IP s\u0131n\u0131f\u0131 koruyucu muhafaza ve esnek TTL\/RS485\/RS232 aray\u00fczleri sunan bu sens\u00f6rler zorlu ortamlar i\u00e7in m\u00fckemmeldir. OEM ve ODM \u00f6zelle\u015ftirme se\u00e7enekleri sayesinde sens\u00f6r\u00fc ihtiya\u00e7lar\u0131n\u0131za g\u00f6re uyarlayabilirsiniz. Otomasyon, \u00f6l\u00e7me ve daha bir\u00e7ok alanda fabrikadan do\u011frudan fiyatland\u0131rma ve g\u00fcvenilir performanstan yararlan\u0131n.<\/p>","protected":false},"featured_media":2825,"template":"","meta":{"site-sidebar-layout":"default","site-content-layout":"","ast-site-content-layout":"default","site-content-style":"default","site-sidebar-style":"default","ast-global-header-display":"","ast-banner-title-visibility":"","ast-main-header-display":"","ast-hfb-above-header-display":"","ast-hfb-below-header-display":"","ast-hfb-mobile-header-display":"","site-post-title":"","ast-breadcrumbs-content":"","ast-featured-img":"","footer-sml-layout":"","ast-disable-related-posts":"","theme-transparent-header-meta":"default","adv-header-id-meta":"","stick-header-meta":"","header-above-stick-meta":"","header-main-stick-meta":"","header-below-stick-meta":"","astra-migrate-meta-layouts":"set","ast-page-background-enabled":"default","ast-page-background-meta":{"desktop":{"background-color":"var(--ast-global-color-4)","background-image":"","background-repeat":"repeat","background-position":"center center","background-size":"auto","background-attachment":"scroll","background-type":"","background-media":"","overlay-type":"","overlay-color":"","overlay-opacity":"","overlay-gradient":""},"tablet":{"background-color":"","background-image":"","background-repeat":"repeat","background-position":"center center","background-size":"auto","background-attachment":"scroll","background-type":"","background-media":"","overlay-type":"","overlay-color":"","overlay-opacity":"","overlay-gradient":""},"mobile":{"background-color":"","background-image":"","background-repeat":"repeat","background-position":"center center","background-size":"auto","background-attachment":"scroll","background-type":"","background-media":"","overlay-type":"","overlay-color":"","overlay-opacity":"","overlay-gradient":""}},"ast-content-background-meta":{"desktop":{"background-color":"var(--ast-global-color-5)","background-image":"","background-repeat":"repeat","background-position":"center center","background-size":"auto","background-attachment":"scroll","background-type":"","background-media":"","overlay-type":"","overlay-color":"","overlay-opacity":"","overlay-gradient":""},"tablet":{"background-color":"var(--ast-global-color-5)","background-image":"","background-repeat":"repeat","background-position":"center center","background-size":"auto","background-attachment":"scroll","background-type":"","background-media":"","overlay-type":"","overlay-color":"","overlay-opacity":"","overlay-gradient":""},"mobile":{"background-color":"var(--ast-global-color-5)","background-image":"","background-repeat":"repeat","background-position":"center center","background-size":"auto","background-attachment":"scroll","background-type":"","background-media":"","overlay-type":"","overlay-color":"","overlay-opacity":"","overlay-gradient":""}}},"product_brand":[60],"product_cat":[33],"product_tag":[],"class_list":{"0":"post-2824","1":"product","2":"type-product","3":"status-publish","4":"has-post-thumbnail","6":"product_brand-meskernel","7":"product_cat-industrial-laser-distance-sensors","8":"desktop-align-center","9":"tablet-align-left","10":"mobile-align-left","12":"first","13":"instock","14":"shipping-taxable","15":"product-type-simple"},"_links":{"self":[{"href":"http:\/\/meskernel.net\/tr\/wp-json\/wp\/v2\/product\/2824","targetHints":{"allow":["GET"]}}],"collection":[{"href":"http:\/\/meskernel.net\/tr\/wp-json\/wp\/v2\/product"}],"about":[{"href":"http:\/\/meskernel.net\/tr\/wp-json\/wp\/v2\/types\/product"}],"version-history":[{"count":0,"href":"http:\/\/meskernel.net\/tr\/wp-json\/wp\/v2\/product\/2824\/revisions"}],"wp:featuredmedia":[{"embeddable":true,"href":"http:\/\/meskernel.net\/tr\/wp-json\/wp\/v2\/media\/2825"}],"wp:attachment":[{"href":"http:\/\/meskernel.net\/tr\/wp-json\/wp\/v2\/media?parent=2824"}],"wp:term":[{"taxonomy":"product_brand","embeddable":true,"href":"http:\/\/meskernel.net\/tr\/wp-json\/wp\/v2\/product_brand?post=2824"},{"taxonomy":"product_cat","embeddable":true,"href":"http:\/\/meskernel.net\/tr\/wp-json\/wp\/v2\/product_cat?post=2824"},{"taxonomy":"product_tag","embeddable":true,"href":"http:\/\/meskernel.net\/tr\/wp-json\/wp\/v2\/product_tag?post=2824"}],"curies":[{"name":"wp","href":"https:\/\/api.w.org\/{rel}","templated":true}]}}