{"id":3905,"date":"2025-03-12T15:26:28","date_gmt":"2025-03-12T07:26:28","guid":{"rendered":"https:\/\/meskernel.net\/?post_type=product&#038;p=3905"},"modified":"2026-01-30T10:03:06","modified_gmt":"2026-01-30T02:03:06","slug":"mesafe-olcumu-2","status":"publish","type":"product","link":"http:\/\/meskernel.net\/tr\/product\/measure-distance\/","title":{"rendered":"LDJ-4Hz UART Lazer Mesafe Sens\u00f6r\u00fc \u2013 End\u00fcstriyel \u00d6l\u00e7\u00fcmler ve Dronlar i\u00e7in 120\u202fm Menzil"},"content":{"rendered":"<p>3 mm hassasiyetli lazer mesafe \u00f6l\u00e7\u00fcm mod\u00fcl\u00fc olan 120m Lazer \u00d6l\u00e7\u00fcm Mesafe Sens\u00f6r\u00fc, hedef mesafeleri \u00f6l\u00e7mek ve veri iletmek i\u00e7in kullan\u0131lan bir cihazd\u0131r. Nesneler ve sens\u00f6r aras\u0131ndaki mesafeyi \u00f6l\u00e7mek i\u00e7in lazer \u0131\u015f\u0131nlar\u0131 yaymak ve yans\u0131yan lazer sinyallerini almak i\u00e7in g\u00f6r\u00fcn\u00fcr lazer teknolojisini kullan\u0131r. Lazer mesafe sens\u00f6r\u00fc USB, TTL, RS232, RS485, Bluetooth gibi ileti\u015fim aray\u00fczlerini destekleyerek veri iletimini ve di\u011fer cihazlarla ileti\u015fimi m\u00fcmk\u00fcn k\u0131lar.<\/p>\n<p><img data-dominant-color=\"e7e9e3\" data-has-transparency=\"false\" style=\"--dominant-color: #e7e9e3;\" fetchpriority=\"high\" decoding=\"async\" class=\"wp-image-6396 size-full aligncenter not-transparent\" src=\"https:\/\/meskernel.net\/wp-content\/uploads\/2025\/03\/ldj.webp\" alt=\"ldj\" width=\"763\" height=\"307\" srcset=\"https:\/\/meskernel.net\/wp-content\/uploads\/2025\/03\/ldj.webp 763w, https:\/\/meskernel.net\/wp-content\/uploads\/2025\/03\/ldj-300x121.webp 300w, https:\/\/meskernel.net\/wp-content\/uploads\/2025\/03\/ldj-18x7.webp 18w, https:\/\/meskernel.net\/wp-content\/uploads\/2025\/03\/ldj-400x161.webp 400w\" sizes=\"(max-width: 763px) 100vw, 763px\" \/><\/p>\n<h4 data-start=\"268\" data-end=\"337\"><strong data-start=\"271\" data-end=\"335\">Lazer Mesafe Sens\u00f6r\u00fcm\u00fcz ile E\u015fsiz Performans<\/strong><\/h4>\n<p>\u2705 Milimetre Seviyesinde Do\u011fruluk - Bu Lazer \u00d6l\u00e7\u00fcm Mesafe Sens\u00f6r\u00fc \u015funlar\u0131 sa\u011flar <strong data-start=\"421\" data-end=\"439\">\u00b13<\/strong>0,03m ila 200m aral\u0131\u011f\u0131nda mm hassasiyet, robotik i\u00e7in end\u00fcstriyel d\u00fczeyde tekrarlanabilirlik sa\u011flar<strong data-start=\"522\" data-end=\"561\">, <\/strong>otomasyon ve \u00f6l\u00e7me.<\/p>\n<p>\u2705 RS232, RS485, Modbus, Ethernet, Bluetooth ve USB'yi tam olarak destekleyerek PLC sistemlerine, end\u00fcstriyel IoT (IIoT) a\u011flar\u0131na ve otomasyon platformlar\u0131na entegrasyonu kolayla\u015ft\u0131r\u0131r.<\/p>\n<p>\u2705 Zorlu Ortamlara Dayanacak \u015eekilde \u00dcretilmi\u015ftir - IP67 su ve toz ge\u00e7irmezlik derecesine sahip bu Lazer \u00d6l\u00e7\u00fcm Mesafe Sens\u00f6r\u00fc toza, suya ve titre\u015fimlere kar\u015f\u0131 dayan\u0131kl\u0131d\u0131r, -20\u00b0C ila 60\u00b0C aras\u0131nda g\u00fcvenilir bir \u015fekilde \u00e7al\u0131\u015f\u0131r, end\u00fcstriyel ve d\u0131\u015f mekan uygulamalar\u0131 i\u00e7in idealdir.<\/p>\n<p>\u2705 Y\u00fcksek H\u0131zl\u0131 20Hz \u00d6rnekleme H\u0131z\u0131 - 20 ms yan\u0131t s\u00fcresiyle ger\u00e7ek zamanl\u0131 mesafe \u00f6l\u00e7\u00fcm\u00fc sunar ve dronlar (\u0130HA'lar), AGV'ler (otomatik g\u00fcd\u00fcml\u00fc ara\u00e7lar), robotik navigasyon ve hassas \u00fcretim i\u00e7in do\u011fru veri toplama sa\u011flar.<\/p>\n<h4 data-start=\"1346\" data-end=\"1422\">Lazer Mesafe Sens\u00f6r\u00fcn\u00fcn Ana Sekt\u00f6rlerdeki Uygulamalar\u0131<\/h4>\n<p><img decoding=\"async\" class=\"wp-image-3076\" src=\"https:\/\/meskernel.net\/wp-content\/uploads\/2024\/12\/Tof-Distance-Detection-Sensor4.jpg\" alt=\"Tof Mesafe Alg\u0131lama Sens\u00f6r\u00fc4\" width=\"661\" height=\"661\" srcset=\"https:\/\/meskernel.net\/wp-content\/uploads\/2024\/12\/Tof-Distance-Detection-Sensor4.jpg 800w, https:\/\/meskernel.net\/wp-content\/uploads\/2024\/12\/Tof-Distance-Detection-Sensor4-300x300.jpg 300w, https:\/\/meskernel.net\/wp-content\/uploads\/2024\/12\/Tof-Distance-Detection-Sensor4-150x150.jpg 150w, https:\/\/meskernel.net\/wp-content\/uploads\/2024\/12\/Tof-Distance-Detection-Sensor4-768x768.jpg 768w, https:\/\/meskernel.net\/wp-content\/uploads\/2024\/12\/Tof-Distance-Detection-Sensor4-400x400.jpg 400w, https:\/\/meskernel.net\/wp-content\/uploads\/2024\/12\/Tof-Distance-Detection-Sensor4-100x100.jpg 100w\" sizes=\"(max-width: 661px) 100vw, 661px\" \/><\/p>\n<p>&nbsp;<\/p>\n<p>&nbsp;<\/p>\n<p>\ud83c\udfd7 \u0130n\u015faat ve \u00d6l\u00e7me i\u00e7in Lazer Mesafe Sens\u00f6r\u00fc<\/p>\n<ul data-start=\"1496\" data-end=\"1605\">\n<li data-start=\"1496\" data-end=\"1540\">BIM tabanl\u0131 ger\u00e7ek zamanl\u0131 saha \u00f6l\u00e7\u00fcm\u00fc<\/li>\n<li data-start=\"1541\" data-end=\"1605\">\u00c7elik yap\u0131da \u00b13mm hassasiyetle sapma tespiti<\/li>\n<\/ul>\n<p data-start=\"1607\" data-end=\"1667\">\ud83d\ude81 Dronlar ve \u0130HA'lar i\u00e7in Lazer Mesafe Sens\u00f6r\u00fc<\/p>\n<ul data-start=\"1668\" data-end=\"1794\">\n<li data-start=\"1668\" data-end=\"1727\">Drone u\u00e7u\u015f stabilitesi i\u00e7in hassas irtifa kontrol\u00fc<\/li>\n<li data-start=\"1728\" data-end=\"1794\">Enerji hatt\u0131 denetimlerinde engel tespiti ve engellerden ka\u00e7\u0131nma<\/li>\n<\/ul>\n<p data-start=\"1796\" data-end=\"1864\">\ud83c\udfed End\u00fcstriyel Otomasyon i\u00e7in Lazer Mesafe Sens\u00f6r\u00fc<\/p>\n<ul data-start=\"1865\" data-end=\"1976\">\n<li data-start=\"1865\" data-end=\"1922\">AGV navigasyonu ve depo lojistik optimizasyonu<\/li>\n<li data-start=\"1923\" data-end=\"1976\">Konvey\u00f6r bantlarda malzeme hacmi \u00f6l\u00e7\u00fcm\u00fc<\/li>\n<\/ul>\n<p data-start=\"1978\" data-end=\"2057\">\ud83d\udd2c Bilimsel Ara\u015ft\u0131rma ve \u0130zleme i\u00e7in Lazer \u00d6l\u00e7\u00fcm Mesafe Sens\u00f6r\u00fc<\/p>\n<ul data-start=\"2058\" data-end=\"2184\">\n<li data-start=\"2058\" data-end=\"2123\">Yap\u0131sal sa\u011fl\u0131k izleme (k\u00f6pr\u00fcler, t\u00fcneller ve barajlar)<\/li>\n<li data-start=\"2124\" data-end=\"2184\">Buzul hareketlerinin izlenmesi ve \u00e7evresel ara\u015ft\u0131rmalar<\/li>\n<\/ul>\n<h4 data-start=\"2186\" data-end=\"2246\"><strong data-start=\"2189\" data-end=\"2244\">Lazer \u00d6l\u00e7\u00fcm Mesafe Sens\u00f6r\u00fcm\u00fcz\u00fcn Temel Avantajlar\u0131<\/strong><\/h4>\n<p data-start=\"2248\" data-end=\"2297\">\ud83d\udca7 Su Y\u00fczeyine N\u00fcfuz Etme Teknolojisi<\/p>\n<ul data-start=\"2298\" data-end=\"2541\">\n<li data-start=\"2463\" data-end=\"2541\">Hidroloji, su \u00fcr\u00fcnleri yeti\u015ftiricili\u011fi ve su alt\u0131 haritalama uygulamalar\u0131 i\u00e7in idealdir.<\/li>\n<\/ul>\n<p data-start=\"2543\" data-end=\"2588\">\ud83c\udf1e \u00dcst\u00fcn Anti-I\u015f\u0131k Paraziti<\/p>\n<ul data-start=\"2589\" data-end=\"2759\">\n<li data-start=\"2589\" data-end=\"2759\">Geli\u015fmi\u015f ortam \u0131\u015f\u0131\u011f\u0131 filtreleme teknolojisi \u015funlar\u0131 sa\u011flar <strong data-start=\"2651\" data-end=\"2700\">\u00b1<\/strong>100,0 l\u00fcks g\u00fcne\u015f \u0131\u015f\u0131\u011f\u0131 alt\u0131nda bile 3 mm hassasiyet, sekt\u00f6rdeki rakiplerinden daha iyi performans (<strong data-start=\"2738\" data-end=\"2755\">\u00b13<\/strong>mm hassasiyet).<\/li>\n<\/ul>\n<p data-start=\"2761\" data-end=\"2824\">\ud83d\udcf6 End\u00fcstriyel IoT i\u00e7in Ak\u0131ll\u0131 Protokol D\u00f6n\u00fc\u015f\u00fcm\u00fc<\/p>\n<ul data-start=\"2825\" data-end=\"3013\">\n<li data-start=\"2825\" data-end=\"2928\">Yerle\u015fik Modbus-TCP a\u011f ge\u00e7idi, ek donan\u0131m olmadan do\u011frudan IIoT entegrasyonuna olanak tan\u0131r.<\/li>\n<li data-start=\"2929\" data-end=\"3013\">Geli\u015fmi\u015f ak\u0131ll\u0131 fabrika otomasyonu i\u00e7in OPC UA ve MQTT deste\u011fi (yak\u0131nda).<\/li>\n<\/ul>\n<p data-start=\"3015\" data-end=\"3090\">Sekt\u00f6r Liderlerinin G\u00fcvendi\u011fi - Kan\u0131tlanm\u0131\u015f Lazer \u00d6l\u00e7\u00fcm Mesafe Sens\u00f6r\u00fc<\/p>\n<p>\ud83d\udd39 300+ End\u00fcstriyel M\u00fc\u015fteri - Entegre <a href=\"https:\/\/zh.wikipedia.org\/wiki\/ABB\" target=\"_blank\" rel=\"noopener\">ABB<\/a> robotik kollar, DJI M300 drone'lar ve Siemens PLC sistemleri.<br data-start=\"3204\" data-end=\"3207\" \/>\ud83d\udd39 500.000+ \u00c7al\u0131\u015fma Saati - 0,2%'nin alt\u0131ndaki ar\u0131za oran\u0131 ile end\u00fcstriyel uygulamalar i\u00e7in uzun vadeli g\u00fcvenilirlik sa\u011flar.<\/p>\n<hr data-start=\"3342\" data-end=\"3345\" \/>\n<h4 data-start=\"3347\" data-end=\"3402\"><strong data-start=\"3351\" data-end=\"3400\">Neden Lazer \u00d6l\u00e7\u00fcm Mesafe Sens\u00f6r\u00fcm\u00fcz\u00fc Se\u00e7melisiniz?<\/strong><\/h4>\n<p data-start=\"3403\" data-end=\"3643\">Bu y\u00fcksek hassasiyetli, end\u00fcstriyel s\u0131n\u0131f Lazer \u00d6l\u00e7\u00fcm Mesafe Sens\u00f6r\u00fc, otomasyon, robotik, \u0130HA navigasyonu ve end\u00fcstriyel izleme i\u00e7in tasarlanm\u0131\u015ft\u0131r ve ola\u011fan\u00fcst\u00fc do\u011fruluk sunar<strong data-start=\"3571\" data-end=\"3640\">, <\/strong>dayan\u0131kl\u0131l\u0131k ve sorunsuz sistem entegrasyonu.<\/p>\n<p data-start=\"3645\" data-end=\"3711\">\u0130\u00e7in <strong data-start=\"3649\" data-end=\"3709\">OEM\/ODM \u00f6zelle\u015ftirme ve toplu sipari\u015fler, <a href=\"https:\/\/meskernel.net\/tr\/iletisim\/\">Bize ula\u015f\u0131n<\/a> Bug\u00fcn!<\/strong><\/p>","protected":false},"excerpt":{"rendered":"<p>1mm hassasiyet, 200m menzil ve 20Hz \u00f6rnekleme ile y\u00fcksek hassasiyetli Lazer \u00d6l\u00e7\u00fcm Mesafe Sens\u00f6r\u00fc. IP67 korumas\u0131, \u00e7oklu aray\u00fcz deste\u011fi (RS232, RS485, Modbus, Ethernet, Bluetooth, USB) ve end\u00fcstriyel ve otomasyon uygulamalar\u0131 i\u00e7in \u00fcst\u00fcn \u00e7evresel dayan\u0131kl\u0131l\u0131\u011fa sahiptir.<\/p>","protected":false},"featured_media":3910,"template":"","meta":{"site-sidebar-layout":"default","site-content-layout":"","ast-site-content-layout":"default","site-content-style":"default","site-sidebar-style":"default","ast-global-header-display":"","ast-banner-title-visibility":"","ast-main-header-display":"","ast-hfb-above-header-display":"","ast-hfb-below-header-display":"","ast-hfb-mobile-header-display":"","site-post-title":"","ast-breadcrumbs-content":"","ast-featured-img":"","footer-sml-layout":"","ast-disable-related-posts":"","theme-transparent-header-meta":"default","adv-header-id-meta":"","stick-header-meta":"","header-above-stick-meta":"","header-main-stick-meta":"","header-below-stick-meta":"","astra-migrate-meta-layouts":"set","ast-page-background-enabled":"default","ast-page-background-meta":{"desktop":{"background-color":"var(--ast-global-color-4)","background-image":"","background-repeat":"repeat","background-position":"center center","background-size":"auto","background-attachment":"scroll","background-type":"","background-media":"","overlay-type":"","overlay-color":"","overlay-opacity":"","overlay-gradient":""},"tablet":{"background-color":"","background-image":"","background-repeat":"repeat","background-position":"center center","background-size":"auto","background-attachment":"scroll","background-type":"","background-media":"","overlay-type":"","overlay-color":"","overlay-opacity":"","overlay-gradient":""},"mobile":{"background-color":"","background-image":"","background-repeat":"repeat","background-position":"center center","background-size":"auto","background-attachment":"scroll","background-type":"","background-media":"","overlay-type":"","overlay-color":"","overlay-opacity":"","overlay-gradient":""}},"ast-content-background-meta":{"desktop":{"background-color":"var(--ast-global-color-5)","background-image":"","background-repeat":"repeat","background-position":"center center","background-size":"auto","background-attachment":"scroll","background-type":"","background-media":"","overlay-type":"","overlay-color":"","overlay-opacity":"","overlay-gradient":""},"tablet":{"background-color":"var(--ast-global-color-5)","background-image":"","background-repeat":"repeat","background-position":"center center","background-size":"auto","background-attachment":"scroll","background-type":"","background-media":"","overlay-type":"","overlay-color":"","overlay-opacity":"","overlay-gradient":""},"mobile":{"background-color":"var(--ast-global-color-5)","background-image":"","background-repeat":"repeat","background-position":"center center","background-size":"auto","background-attachment":"scroll","background-type":"","background-media":"","overlay-type":"","overlay-color":"","overlay-opacity":"","overlay-gradient":""}}},"product_brand":[60],"product_cat":[51],"product_tag":[],"class_list":{"0":"post-3905","1":"product","2":"type-product","3":"status-publish","4":"has-post-thumbnail","6":"product_brand-meskernel","7":"product_cat-laser-distance-sensor","8":"desktop-align-center","9":"tablet-align-left","10":"mobile-align-left","12":"first","13":"instock","14":"shipping-taxable","15":"product-type-simple"},"_links":{"self":[{"href":"http:\/\/meskernel.net\/tr\/wp-json\/wp\/v2\/product\/3905","targetHints":{"allow":["GET"]}}],"collection":[{"href":"http:\/\/meskernel.net\/tr\/wp-json\/wp\/v2\/product"}],"about":[{"href":"http:\/\/meskernel.net\/tr\/wp-json\/wp\/v2\/types\/product"}],"version-history":[{"count":0,"href":"http:\/\/meskernel.net\/tr\/wp-json\/wp\/v2\/product\/3905\/revisions"}],"wp:featuredmedia":[{"embeddable":true,"href":"http:\/\/meskernel.net\/tr\/wp-json\/wp\/v2\/media\/3910"}],"wp:attachment":[{"href":"http:\/\/meskernel.net\/tr\/wp-json\/wp\/v2\/media?parent=3905"}],"wp:term":[{"taxonomy":"product_brand","embeddable":true,"href":"http:\/\/meskernel.net\/tr\/wp-json\/wp\/v2\/product_brand?post=3905"},{"taxonomy":"product_cat","embeddable":true,"href":"http:\/\/meskernel.net\/tr\/wp-json\/wp\/v2\/product_cat?post=3905"},{"taxonomy":"product_tag","embeddable":true,"href":"http:\/\/meskernel.net\/tr\/wp-json\/wp\/v2\/product_tag?post=3905"}],"curies":[{"name":"wp","href":"https:\/\/api.w.org\/{rel}","templated":true}]}}