{"id":4067,"date":"2025-04-08T16:35:23","date_gmt":"2025-04-08T08:35:23","guid":{"rendered":"https:\/\/meskernel.net\/?post_type=product&#038;p=4067"},"modified":"2025-12-04T10:48:20","modified_gmt":"2025-12-04T02:48:20","slug":"1mm-lazer-mesafe-sensoru","status":"publish","type":"product","link":"http:\/\/meskernel.net\/tr\/product\/1mm-laser-distance-sensor\/","title":{"rendered":"1mm Lazer Mesafe Sens\u00f6r\u00fc LDL-T Kompakt Telemetre Mod\u00fcl\u00fc"},"content":{"rendered":"<p>LDL-T 1mm Lazer Mesafe Sens\u00f6r\u00fc Mod\u00fcl\u00fcm\u00fcz, y\u00fcksek do\u011fruluk, kompakt boyut ve hafif tasar\u0131m\u0131n gerekli oldu\u011fu uygulamalar i\u00e7in tasarlanm\u0131\u015f son teknoloji bir lazer mesafe \u00f6l\u00e7\u00fcm\u00fc \u00e7\u00f6z\u00fcm\u00fcd\u00fcr. End\u00fcstri lideri faz \u00f6l\u00e7\u00fcm teknolojisi ile \u00fcretilen bu sens\u00f6r \u015funlar\u0131 sunar <strong data-start=\"497\" data-end=\"515\">\u00b1<\/strong>1 mm hassasiyet ve 80 metreye kadar istikrarl\u0131 performans sa\u011flayarak end\u00fcstriyel otomasyon, robotik, \u0130HA'lar ve ak\u0131ll\u0131 \u00f6l\u00e7\u00fcm sistemleri i\u00e7in idealdir.<\/p>\n<p><img data-dominant-color=\"f4f4f4\" data-has-transparency=\"false\" style=\"--dominant-color: #f4f4f4;\" fetchpriority=\"high\" decoding=\"async\" class=\"wp-image-6408 size-full alignleft not-transparent\" src=\"https:\/\/meskernel.net\/wp-content\/uploads\/2025\/04\/Micro-Laser-Distance-Sensor-LDL-T-Module.webp\" alt=\"Micro Laser Distance Sensor LDL-T Module\" width=\"494\" height=\"491\" srcset=\"https:\/\/meskernel.net\/wp-content\/uploads\/2025\/04\/Micro-Laser-Distance-Sensor-LDL-T-Module.webp 494w, https:\/\/meskernel.net\/wp-content\/uploads\/2025\/04\/Micro-Laser-Distance-Sensor-LDL-T-Module-300x298.webp 300w, https:\/\/meskernel.net\/wp-content\/uploads\/2025\/04\/Micro-Laser-Distance-Sensor-LDL-T-Module-150x150.webp 150w, https:\/\/meskernel.net\/wp-content\/uploads\/2025\/04\/Micro-Laser-Distance-Sensor-LDL-T-Module-12x12.webp 12w, https:\/\/meskernel.net\/wp-content\/uploads\/2025\/04\/Micro-Laser-Distance-Sensor-LDL-T-Module-400x398.webp 400w, https:\/\/meskernel.net\/wp-content\/uploads\/2025\/04\/Micro-Laser-Distance-Sensor-LDL-T-Module-100x100.webp 100w\" sizes=\"(max-width: 494px) 100vw, 494px\" \/><\/p>\n<p>&nbsp;<\/p>\n<h3 class=\"\" data-start=\"659\" data-end=\"676\">LDL-T 1mm Lazer Mesafe Sens\u00f6r\u00fc Mod\u00fcl\u00fcn\u00fcn Temel \u00d6zellikleri:<\/h3>\n<ul data-start=\"677\" data-end=\"1700\">\n<li class=\"\" data-start=\"677\" data-end=\"784\">\n<p class=\"\" data-start=\"679\" data-end=\"784\"><strong data-start=\"679\" data-end=\"703\">Ultra Y\u00fcksek Hassasiyet<\/strong>: Faz tabanl\u0131 \u00f6l\u00e7\u00fcm teknolojisi, ola\u011fan\u00fcst\u00fc bir do\u011fruluk sa\u011flar <strong data-start=\"775\" data-end=\"783\">\u00b1<\/strong>1mm.<\/p>\n<\/li>\n<li class=\"\" data-start=\"785\" data-end=\"915\">\n<p class=\"\" data-start=\"787\" data-end=\"915\"><strong data-start=\"787\" data-end=\"811\">Uzun \u00d6l\u00e7\u00fcm Aral\u0131\u011f\u0131<\/strong>: Hem i\u00e7 hem de d\u0131\u015f mekan uygulamalar\u0131 i\u00e7in uygun olan 80 metreye kadar mesafeleri \u00f6l\u00e7ebilir.<\/p>\n<\/li>\n<li class=\"\" data-start=\"916\" data-end=\"1105\">\n<p class=\"\" data-start=\"918\" data-end=\"1105\"><strong data-start=\"918\" data-end=\"949\">Ultra Kompakt ve Hafif<\/strong>: LDS sens\u00f6r\u00fc, 7,01 \u00d7 27,87 \u00d7 16,57 mm'lik minimal form fakt\u00f6r\u00fc ve sadece 3 g'l\u0131k a\u011f\u0131rl\u0131\u011f\u0131 ile alan k\u0131s\u0131tlamas\u0131 olan sistemlere kolayca entegre edilebilir.<\/p>\n<\/li>\n<li class=\"\" data-start=\"1106\" data-end=\"1248\">\n<p class=\"\" data-start=\"1108\" data-end=\"1248\"><strong data-start=\"1108\" data-end=\"1140\">Esnek \u00d6l\u00e7\u00fcm Frekans\u0131<\/strong>: Varsay\u0131lan \u00f6l\u00e7\u00fcm frekans\u0131 3Hz'dir ve \u00f6zel gereksinimlerinize uyacak \u015fekilde \u00f6zelle\u015ftirilebilir se\u00e7eneklere sahiptir.<\/p>\n<\/li>\n<li class=\"\" data-start=\"1249\" data-end=\"1359\">\n<p class=\"\" data-start=\"1251\" data-end=\"1359\"><strong data-start=\"1251\" data-end=\"1277\">G\u00fcvenilir \u0130leti\u015fim<\/strong>: Sorunsuz sistem entegrasyonu i\u00e7in standart seri port ileti\u015fimini destekler.<\/p>\n<\/li>\n<li class=\"\" data-start=\"1360\" data-end=\"1470\">\n<p class=\"\" data-start=\"1362\" data-end=\"1470\"><strong data-start=\"1362\" data-end=\"1392\">Geni\u015f \u00d6zelle\u015ftirme Deste\u011fi<\/strong>: \u00d6zel uygulama ihtiya\u00e7lar\u0131n\u0131 kar\u015f\u0131lamak i\u00e7in OEM, ODM ve OBM hizmetleri mevcuttur.<\/p>\n<\/li>\n<li class=\"\" data-start=\"1471\" data-end=\"1580\">\n<p class=\"\" data-start=\"1473\" data-end=\"1580\"><strong data-start=\"1473\" data-end=\"1490\">Dayan\u0131kl\u0131 Yap\u0131<\/strong>: Stabilite ve uzun hizmet \u00f6mr\u00fc i\u00e7in y\u00fcksek kaliteli APB+PCB malzemelerden \u00fcretilmi\u015ftir.<\/p>\n<\/li>\n<li class=\"\" data-start=\"1581\" data-end=\"1700\">\n<p class=\"\" data-start=\"1583\" data-end=\"1700\"><strong data-start=\"1583\" data-end=\"1604\">Sertifikal\u0131 Kalite<\/strong>: CE, FCC, RoHS ve ISO9001 sertifikalar\u0131 dahil olmak \u00fczere uluslararas\u0131 standartlara uygundur.<\/p>\n<\/li>\n<\/ul>\n<h3 class=\"text-title\"><span class=\"magic-22\">LDL-T 1mm Lazer Mesafe Sens\u00f6r\u00fc Mod\u00fcl\u00fcn\u00fcn Aray\u00fcz PCI'\u0131<\/span><\/h3>\n<div class=\"text-content\">Bluetooth iletimini, TTL\/RS232\/RS485 \u00fc\u00e7\u00fc bir arada aray\u00fcz\u00fc destekler, b\u00f6ylece veri iletimi daha verimli olur.<\/div>\n<div><\/div>\n<p class=\"\" data-start=\"2144\" data-end=\"2361\">LDL-T Lazer Mesafe Sens\u00f6r\u00fc Mod\u00fcl\u00fc, tam \u00f6zelle\u015ftirme esnekli\u011fine sahip y\u00fcksek hassasiyetli, kompakt ve g\u00fcvenilir bir lazer \u00f6l\u00e7\u00fcm \u00e7\u00f6z\u00fcm\u00fc arayan m\u00fchendisler ve geli\u015ftiriciler i\u00e7in m\u00fckemmel bir se\u00e7imdir.<\/p>\n<p class=\"\" data-start=\"2363\" data-end=\"2441\">\u00c7ekinmeyin <a href=\"https:\/\/meskernel.net\/tr\/iletisim\/\">Bize ula\u015f\u0131n<\/a> veri sayfalar\u0131, entegrasyon deste\u011fi veya OEM sorular\u0131 i\u00e7in.<\/p>\n<p data-start=\"2363\" data-end=\"2441\">","protected":false},"excerpt":{"rendered":"<p>Hafif, Do\u011fru ve Kompakt - LDL-T 1mm lazer mesafe sens\u00f6r\u00fc 80m menzil, 3g a\u011f\u0131rl\u0131k sa\u011flar ve yerden tasarruf sa\u011flayan uygulamalar i\u00e7in m\u00fckemmeldir.<\/p>","protected":false},"featured_media":4073,"template":"","meta":{"site-sidebar-layout":"default","site-content-layout":"","ast-site-content-layout":"default","site-content-style":"default","site-sidebar-style":"default","ast-global-header-display":"","ast-banner-title-visibility":"","ast-main-header-display":"","ast-hfb-above-header-display":"","ast-hfb-below-header-display":"","ast-hfb-mobile-header-display":"","site-post-title":"","ast-breadcrumbs-content":"","ast-featured-img":"","footer-sml-layout":"","ast-disable-related-posts":"","theme-transparent-header-meta":"default","adv-header-id-meta":"","stick-header-meta":"","header-above-stick-meta":"","header-main-stick-meta":"","header-below-stick-meta":"","astra-migrate-meta-layouts":"set","ast-page-background-enabled":"default","ast-page-background-meta":{"desktop":{"background-color":"var(--ast-global-color-4)","background-image":"","background-repeat":"repeat","background-position":"center center","background-size":"auto","background-attachment":"scroll","background-type":"","background-media":"","overlay-type":"","overlay-color":"","overlay-opacity":"","overlay-gradient":""},"tablet":{"background-color":"","background-image":"","background-repeat":"repeat","background-position":"center center","background-size":"auto","background-attachment":"scroll","background-type":"","background-media":"","overlay-type":"","overlay-color":"","overlay-opacity":"","overlay-gradient":""},"mobile":{"background-color":"","background-image":"","background-repeat":"repeat","background-position":"center center","background-size":"auto","background-attachment":"scroll","background-type":"","background-media":"","overlay-type":"","overlay-color":"","overlay-opacity":"","overlay-gradient":""}},"ast-content-background-meta":{"desktop":{"background-color":"var(--ast-global-color-5)","background-image":"","background-repeat":"repeat","background-position":"center center","background-size":"auto","background-attachment":"scroll","background-type":"","background-media":"","overlay-type":"","overlay-color":"","overlay-opacity":"","overlay-gradient":""},"tablet":{"background-color":"var(--ast-global-color-5)","background-image":"","background-repeat":"repeat","background-position":"center center","background-size":"auto","background-attachment":"scroll","background-type":"","background-media":"","overlay-type":"","overlay-color":"","overlay-opacity":"","overlay-gradient":""},"mobile":{"background-color":"var(--ast-global-color-5)","background-image":"","background-repeat":"repeat","background-position":"center center","background-size":"auto","background-attachment":"scroll","background-type":"","background-media":"","overlay-type":"","overlay-color":"","overlay-opacity":"","overlay-gradient":""}}},"product_brand":[60],"product_cat":[51],"product_tag":[56],"class_list":{"0":"post-4067","1":"product","2":"type-product","3":"status-publish","4":"has-post-thumbnail","6":"product_brand-meskernel","7":"product_cat-laser-distance-sensor","8":"product_tag-hot","9":"desktop-align-center","10":"tablet-align-left","11":"mobile-align-left","13":"first","14":"instock","15":"shipping-taxable","16":"product-type-simple"},"_links":{"self":[{"href":"http:\/\/meskernel.net\/tr\/wp-json\/wp\/v2\/product\/4067","targetHints":{"allow":["GET"]}}],"collection":[{"href":"http:\/\/meskernel.net\/tr\/wp-json\/wp\/v2\/product"}],"about":[{"href":"http:\/\/meskernel.net\/tr\/wp-json\/wp\/v2\/types\/product"}],"version-history":[{"count":0,"href":"http:\/\/meskernel.net\/tr\/wp-json\/wp\/v2\/product\/4067\/revisions"}],"wp:featuredmedia":[{"embeddable":true,"href":"http:\/\/meskernel.net\/tr\/wp-json\/wp\/v2\/media\/4073"}],"wp:attachment":[{"href":"http:\/\/meskernel.net\/tr\/wp-json\/wp\/v2\/media?parent=4067"}],"wp:term":[{"taxonomy":"product_brand","embeddable":true,"href":"http:\/\/meskernel.net\/tr\/wp-json\/wp\/v2\/product_brand?post=4067"},{"taxonomy":"product_cat","embeddable":true,"href":"http:\/\/meskernel.net\/tr\/wp-json\/wp\/v2\/product_cat?post=4067"},{"taxonomy":"product_tag","embeddable":true,"href":"http:\/\/meskernel.net\/tr\/wp-json\/wp\/v2\/product_tag?post=4067"}],"curies":[{"name":"wp","href":"https:\/\/api.w.org\/{rel}","templated":true}]}}