{"id":497,"date":"2024-10-17T09:29:51","date_gmt":"2024-10-17T01:29:51","guid":{"rendered":"https:\/\/meskernel.net\/?post_type=product&#038;p=497"},"modified":"2025-07-03T13:57:20","modified_gmt":"2025-07-03T05:57:20","slug":"distance-measuring-sensor","status":"publish","type":"product","link":"http:\/\/meskernel.net\/tr\/product\/distance-measuring-sensor\/","title":{"rendered":"Mesafe \u00d6l\u00e7\u00fcm Sens\u00f6r\u00fc: 150m Menzil, Kararl\u0131 ve Entegrasyonu Kolay"},"content":{"rendered":"<h3>Distance Measuring Sensor With Long Range 150m and Stability Easy Integrate<\/h3>\n<p>The Distance Measuring Sensor features an impressive 150m range with high accuracy and stability. It provides reliable distance measurements in various environments, ensuring precise real-time data. With its user-friendly design, the sensor integrates easily into existing systems, making it perfect for applications in automation, robotics, and autonomous vehicles.<\/p>\n<figure id=\"attachment_2958\" aria-describedby=\"caption-attachment-2958\" style=\"width: 1080px\" class=\"wp-caption aligncenter\"><img fetchpriority=\"high\" decoding=\"async\" class=\"wp-image-2958 size-full\" title=\"Tof Mesafe Alg\u0131lama Sens\u00f6r\u00fc\" src=\"https:\/\/meskernel.net\/wp-content\/uploads\/2024\/11\/laser-distance-senso.jpg\" alt=\"lazer mesafe sens\u00f6r\u00fc\" width=\"1080\" height=\"300\" srcset=\"https:\/\/meskernel.net\/wp-content\/uploads\/2024\/11\/laser-distance-senso.jpg 1080w, https:\/\/meskernel.net\/wp-content\/uploads\/2024\/11\/laser-distance-senso-300x83.jpg 300w, https:\/\/meskernel.net\/wp-content\/uploads\/2024\/11\/laser-distance-senso-1024x284.jpg 1024w, https:\/\/meskernel.net\/wp-content\/uploads\/2024\/11\/laser-distance-senso-768x213.jpg 768w, https:\/\/meskernel.net\/wp-content\/uploads\/2024\/11\/laser-distance-senso-400x111.jpg 400w\" sizes=\"(max-width: 1080px) 100vw, 1080px\" \/><figcaption id=\"caption-attachment-2958\" class=\"wp-caption-text\">lazer mesafe sens\u00f6r\u00fc<\/figcaption><\/figure>\n<h3>Temel \u00d6zellikler:<\/h3>\n<ul>\n<li><strong>Geni\u015f Mesafe Se\u00e7enekleri<\/strong><br \/>\nGeni\u015f se\u00e7ilebilir mesafe aral\u0131\u011f\u0131, \u00e7e\u015fitli uygulamalar i\u00e7in uygun hale getirir.<\/li>\n<li><strong>H\u0131zl\u0131 Yan\u0131t H\u0131z\u0131<\/strong><br \/>\nH\u0131zl\u0131 veri toplama \u00f6zellikleri, mesafe \u00f6l\u00e7\u00fcmlerini milisaniyeler i\u00e7inde tamamlar.<\/li>\n<li><strong>\u00c7oklu \u0130leti\u015fim Aray\u00fczleri<\/strong><br \/>\nRS232, RS485, Bluetooth, Modbus ve UART dahil olmak \u00fczere \u00e7e\u015fitli ileti\u015fim aray\u00fczlerini ve protokollerini destekleyerek mevcut kontrol veya verilerle entegrasyonu kolayla\u015ft\u0131r\u0131r.<\/li>\n<li><strong>Y\u00fcksek \u00d6l\u00e7\u00fcm Hassasiyeti<\/strong><br \/>\nTipik olarak milimetre aral\u0131\u011f\u0131nda hassasiyete sahip bu sens\u00f6r, jeodezik ve in\u015faat m\u00fchendisli\u011fi senaryolar\u0131 gibi uygulamalar\u0131n y\u00fcksek do\u011fruluk gereksinimlerini kar\u015f\u0131lar.<\/li>\n<li><strong>\u0130stikrarl\u0131 Performans<\/strong><br \/>\nSens\u00f6r, dar bir veri dalgalanmas\u0131 aral\u0131\u011f\u0131n\u0131 korur ve \u00e7ok d\u00fc\u015f\u00fck tekrarlanabilirlik hatas\u0131 sergiler.<\/li>\n<li><strong>Temass\u0131z \u00d6l\u00e7\u00fcm<\/strong><br \/>\nTemass\u0131z \u00f6l\u00e7\u00fcm yapabilen sens\u00f6r, hareketli nesneleri, y\u00fcksek veya d\u00fc\u015f\u00fck s\u0131cakl\u0131ktaki nesneleri, s\u0131v\u0131lar\u0131 ve d\u00fczensiz \u015fekilli nesneleri alg\u0131lamak i\u00e7in uygundur.<\/li>\n<\/ul>\n<h3>Laser Emisson And Reception<\/h3>\n<p>The diode emits a laser, receives the laser through an optical lens, and converts the light signal into an electrical signal.<\/p>\n<h3 class=\"magic-4\"><span class=\"magic-5\" data-spm-anchor-id=\"a2700.details.0.i67.6d7e275bI6VU3h\">Communication Port<\/span><\/h3>\n<div class=\"magic-16\">\n<div class=\"magic-17\">\n<div class=\"magic-18\"><span class=\"magic-6\"><span data-spm-anchor-id=\"a2700.details.0.i68.6d7e275bI6VU3h\">Distance Measuring Sensor supports USB, TTL, RS232, RS485, Bluetooth and other communication interfaces, supports Arduino, Raspberry PI and other external devices.<\/span><\/span><\/div>\n<div>\n<figure id=\"attachment_2972\" aria-describedby=\"caption-attachment-2972\" style=\"width: 800px\" class=\"wp-caption aligncenter\"><img decoding=\"async\" class=\"wp-image-2972 size-full\" title=\"mesafe sens\u00f6r\u00fc\" src=\"https:\/\/meskernel.net\/wp-content\/uploads\/2024\/10\/distance-sensor.jpg\" alt=\"mesafe sens\u00f6r\u00fc\" width=\"800\" height=\"800\" srcset=\"https:\/\/meskernel.net\/wp-content\/uploads\/2024\/10\/distance-sensor.jpg 800w, https:\/\/meskernel.net\/wp-content\/uploads\/2024\/10\/distance-sensor-300x300.jpg 300w, https:\/\/meskernel.net\/wp-content\/uploads\/2024\/10\/distance-sensor-150x150.jpg 150w, https:\/\/meskernel.net\/wp-content\/uploads\/2024\/10\/distance-sensor-768x768.jpg 768w, https:\/\/meskernel.net\/wp-content\/uploads\/2024\/10\/distance-sensor-400x400.jpg 400w, https:\/\/meskernel.net\/wp-content\/uploads\/2024\/10\/distance-sensor-100x100.jpg 100w\" sizes=\"(max-width: 800px) 100vw, 800px\" \/><figcaption id=\"caption-attachment-2972\" class=\"wp-caption-text\">mesafe sens\u00f6r\u00fc<\/figcaption><\/figure>\n<\/div>\n<div>\n<h3 class=\"magic-4\"><span class=\"magic-5\" data-spm-anchor-id=\"a2700.details.0.i71.6d7e275bI6VU3h\">Test Yaz\u0131l\u0131m Platformu<\/span><\/h3>\n<div class=\"magic-16\">\n<div class=\"magic-17\">\n<div class=\"magic-18\"><span class=\"magic-6\"><span data-spm-anchor-id=\"a2700.details.0.i72.6d7e275bI6VU3h\">Mesafe \u00f6l\u00e7\u00fcm teknolojisi arac\u0131l\u0131\u011f\u0131yla bilgisayarla aray\u00fcz olu\u015fturan tescilli yaz\u0131l\u0131m test ara\u00e7lar\u0131na sahibiz.<\/span><\/span><\/div>\n<div>\n<figure id=\"attachment_2967\" aria-describedby=\"caption-attachment-2967\" style=\"width: 1024px\" class=\"wp-caption aligncenter\"><img decoding=\"async\" class=\"wp-image-2967 size-large\" title=\"Tof Mesafe Alg\u0131lama Sens\u00f6r\u00fc\" src=\"https:\/\/meskernel.net\/wp-content\/uploads\/2024\/10\/Arduino-Laser-Sensor-1024x520.jpg\" alt=\"Arduino Lazer Sens\u00f6r\u00fc\" width=\"1024\" height=\"520\" srcset=\"https:\/\/meskernel.net\/wp-content\/uploads\/2024\/10\/Arduino-Laser-Sensor-1024x520.jpg 1024w, https:\/\/meskernel.net\/wp-content\/uploads\/2024\/10\/Arduino-Laser-Sensor-300x152.jpg 300w, https:\/\/meskernel.net\/wp-content\/uploads\/2024\/10\/Arduino-Laser-Sensor-768x390.jpg 768w, https:\/\/meskernel.net\/wp-content\/uploads\/2024\/10\/Arduino-Laser-Sensor-1536x779.jpg 1536w, https:\/\/meskernel.net\/wp-content\/uploads\/2024\/10\/Arduino-Laser-Sensor-400x203.jpg 400w, https:\/\/meskernel.net\/wp-content\/uploads\/2024\/10\/Arduino-Laser-Sensor.jpg 1906w\" sizes=\"(max-width: 1024px) 100vw, 1024px\" \/><figcaption id=\"caption-attachment-2967\" class=\"wp-caption-text\">Arduino Lazer Sens\u00f6r\u00fc<\/figcaption><\/figure>\n<\/div>\n<div><\/div>\n<\/div>\n<\/div>\n<\/div>\n<div>\n<h3 class=\"magic-4\" data-spm-anchor-id=\"a2700.details.0.i69.6d7e275bI6VU3h\"><span class=\"magic-5\">Interface Definition<\/span><\/h3>\n<div class=\"magic-16\">\n<div class=\"magic-17\">\n<div class=\"magic-18\"><span class=\"magic-6\"><span data-spm-anchor-id=\"a2700.details.0.i70.6d7e275bI6VU3h\">We will provide comprehensive pin labeling and definitions for our customers, and our team of professional engineers will be available to assist and guide you through the soldering process.<\/span><\/span><\/div>\n<\/div>\n<\/div>\n<\/div>\n<\/div>\n<\/div>","protected":false},"excerpt":{"rendered":"<p>Mesafe \u00d6l\u00e7\u00fcm Sens\u00f6r\u00fcm\u00fcz, 0,05 m ila 100 m aral\u0131\u011f\u0131nda do\u011fru mesafe \u00f6l\u00e7\u00fcmleri sunarak \u00e7ok \u00e7e\u015fitli uygulamalar i\u00e7in uygun hale getirir. Kompakt tasar\u0131m\u0131 ve kolay entegrasyonu ile robotik, in\u015faat ve end\u00fcstriyel otomasyon i\u00e7in idealdir. Mod\u00fcl, en zorlu g\u00f6revlerin taleplerini bile kar\u015f\u0131layarak y\u00fcksek hassasiyet ve g\u00fcvenilirlik sa\u011flar. \u00c7ok y\u00f6nl\u00fcl\u00fc\u011f\u00fc, projelerinde hassas \u00f6l\u00e7\u00fcmlere ihtiya\u00e7 duyan profesyoneller i\u00e7in vazge\u00e7ilmez bir ara\u00e7 olmas\u0131n\u0131 sa\u011flar.<\/p>","protected":false},"featured_media":3219,"template":"","meta":{"site-sidebar-layout":"default","site-content-layout":"","ast-site-content-layout":"default","site-content-style":"default","site-sidebar-style":"default","ast-global-header-display":"","ast-banner-title-visibility":"","ast-main-header-display":"","ast-hfb-above-header-display":"","ast-hfb-below-header-display":"","ast-hfb-mobile-header-display":"","site-post-title":"","ast-breadcrumbs-content":"","ast-featured-img":"","footer-sml-layout":"","ast-disable-related-posts":"","theme-transparent-header-meta":"default","adv-header-id-meta":"","stick-header-meta":"","header-above-stick-meta":"","header-main-stick-meta":"","header-below-stick-meta":"","astra-migrate-meta-layouts":"set","ast-page-background-enabled":"default","ast-page-background-meta":{"desktop":{"background-color":"var(--ast-global-color-4)","background-image":"","background-repeat":"repeat","background-position":"center center","background-size":"auto","background-attachment":"scroll","background-type":"","background-media":"","overlay-type":"","overlay-color":"","overlay-opacity":"","overlay-gradient":""},"tablet":{"background-color":"","background-image":"","background-repeat":"repeat","background-position":"center center","background-size":"auto","background-attachment":"scroll","background-type":"","background-media":"","overlay-type":"","overlay-color":"","overlay-opacity":"","overlay-gradient":""},"mobile":{"background-color":"","background-image":"","background-repeat":"repeat","background-position":"center center","background-size":"auto","background-attachment":"scroll","background-type":"","background-media":"","overlay-type":"","overlay-color":"","overlay-opacity":"","overlay-gradient":""}},"ast-content-background-meta":{"desktop":{"background-color":"var(--ast-global-color-5)","background-image":"","background-repeat":"repeat","background-position":"center center","background-size":"auto","background-attachment":"scroll","background-type":"","background-media":"","overlay-type":"","overlay-color":"","overlay-opacity":"","overlay-gradient":""},"tablet":{"background-color":"var(--ast-global-color-5)","background-image":"","background-repeat":"repeat","background-position":"center center","background-size":"auto","background-attachment":"scroll","background-type":"","background-media":"","overlay-type":"","overlay-color":"","overlay-opacity":"","overlay-gradient":""},"mobile":{"background-color":"var(--ast-global-color-5)","background-image":"","background-repeat":"repeat","background-position":"center center","background-size":"auto","background-attachment":"scroll","background-type":"","background-media":"","overlay-type":"","overlay-color":"","overlay-opacity":"","overlay-gradient":""}}},"product_brand":[60],"product_cat":[52],"product_tag":[],"class_list":{"0":"post-497","1":"product","2":"type-product","3":"status-publish","4":"has-post-thumbnail","6":"product_brand-meskernel","7":"product_cat-phase-distance-sensor","8":"desktop-align-center","9":"tablet-align-left","10":"mobile-align-left","12":"first","13":"instock","14":"shipping-taxable","15":"product-type-simple"},"_links":{"self":[{"href":"http:\/\/meskernel.net\/tr\/wp-json\/wp\/v2\/product\/497","targetHints":{"allow":["GET"]}}],"collection":[{"href":"http:\/\/meskernel.net\/tr\/wp-json\/wp\/v2\/product"}],"about":[{"href":"http:\/\/meskernel.net\/tr\/wp-json\/wp\/v2\/types\/product"}],"version-history":[{"count":0,"href":"http:\/\/meskernel.net\/tr\/wp-json\/wp\/v2\/product\/497\/revisions"}],"wp:featuredmedia":[{"embeddable":true,"href":"http:\/\/meskernel.net\/tr\/wp-json\/wp\/v2\/media\/3219"}],"wp:attachment":[{"href":"http:\/\/meskernel.net\/tr\/wp-json\/wp\/v2\/media?parent=497"}],"wp:term":[{"taxonomy":"product_brand","embeddable":true,"href":"http:\/\/meskernel.net\/tr\/wp-json\/wp\/v2\/product_brand?post=497"},{"taxonomy":"product_cat","embeddable":true,"href":"http:\/\/meskernel.net\/tr\/wp-json\/wp\/v2\/product_cat?post=497"},{"taxonomy":"product_tag","embeddable":true,"href":"http:\/\/meskernel.net\/tr\/wp-json\/wp\/v2\/product_tag?post=497"}],"curies":[{"name":"wp","href":"https:\/\/api.w.org\/{rel}","templated":true}]}}