{"id":113,"date":"2024-10-10T10:54:25","date_gmt":"2024-10-10T02:54:25","guid":{"rendered":"http:\/\/170.106.98.143\/?post_type=product&#038;p=113"},"modified":"2025-07-03T14:02:48","modified_gmt":"2025-07-03T06:02:48","slug":"arduino-laser-sensor","status":"publish","type":"product","link":"https:\/\/meskernel.net\/de\/product\/arduino-laser-sensor\/","title":{"rendered":"Arduino Laser Sensor 20Hz Hochfrequenzmessung"},"content":{"rendered":"<dl id=\"attachment_2320\">\n<dd>\n<h3>Arduino Laser Sensor 20Hz f\u00fcr Bewegung Entfernung oder Diy<\/h3>\n<\/dd>\n<dd><\/dd>\n<dd>Der Arduino Laser Sensor, ein 1mm Pr\u00e4zisionslaser-Entfernungsmessmodul, ist ein Ger\u00e4t, das zur Messung von Zielentfernungen und zur Daten\u00fcbertragung eingesetzt wird. Er nutzt die Technologie des sichtbaren Lasers, um Laserstrahlen auszusenden und reflektierte Lasersignale zu empfangen, um die Entfernung zwischen Objekten und dem Sensor zu messen. Der Laser-Entfernungsmesser unterst\u00fctzt Kommunikationsschnittstellen wie USB, TTL, RS232, RS485 und Bluetooth und erm\u00f6glicht so die Daten\u00fcbertragung und Kommunikation mit anderen Ger\u00e4ten.<\/dd>\n<dd>1. das Meskernel-Modul reagiert schnell mit hoher Genauigkeit und gro\u00dfer Reichweite<\/dd>\n<dd>2. Wir haben in diesem Laser Linie seit \u00fcber 20 Jahren stehen, f\u00fchrender Anbieter von Laser-Distanzmesser \/ Sensor-Module in China<\/dd>\n<dd>3. 30m, 40m, 60m, 80m, 100m, 120m, 150m, jeder Abstand kann multifunktional sein<\/dd>\n<dd>4. Die Spannung kann durch den LDO des Stromrichters ge\u00e4ndert werden<\/dd>\n<dd>5. Betriebstemperatur -10 \u2103~50 \u2103 kann angepasst werden<\/dd>\n<dd>6. Analog kann angepasst werden.<\/dd>\n<\/dl>\n<figure id=\"attachment_2958\" aria-describedby=\"caption-attachment-2958\" style=\"width: 1080px\" class=\"wp-caption aligncenter\"><img fetchpriority=\"high\" decoding=\"async\" class=\"wp-image-2958 size-full\" title=\"Arduino Laser-Sensor\" src=\"https:\/\/meskernel.net\/wp-content\/uploads\/2024\/11\/laser-distance-senso.jpg\" alt=\"Laser-Distanz-Sensor\" width=\"1080\" height=\"300\" srcset=\"https:\/\/meskernel.net\/wp-content\/uploads\/2024\/11\/laser-distance-senso.jpg 1080w, https:\/\/meskernel.net\/wp-content\/uploads\/2024\/11\/laser-distance-senso-300x83.jpg 300w, https:\/\/meskernel.net\/wp-content\/uploads\/2024\/11\/laser-distance-senso-1024x284.jpg 1024w, https:\/\/meskernel.net\/wp-content\/uploads\/2024\/11\/laser-distance-senso-768x213.jpg 768w, https:\/\/meskernel.net\/wp-content\/uploads\/2024\/11\/laser-distance-senso-400x111.jpg 400w\" sizes=\"(max-width: 1080px) 100vw, 1080px\" \/><figcaption id=\"caption-attachment-2958\" class=\"wp-caption-text\">Laser-Distanz-Sensor<\/figcaption><\/figure>\n<h3>Arduino Laser Sensor Hauptmerkmale:<\/h3>\n<ul>\n<li><strong>Gro\u00dfe Entfernungsoptionen<\/strong><br \/>\nGro\u00dfe Auswahl an w\u00e4hlbaren Abst\u00e4nden, daher f\u00fcr verschiedene Anwendungen geeignet.<\/li>\n<li><strong>Schnelle Reaktionszeit<\/strong><br \/>\nSchnelle Datenerfassungsfunktionen, die Entfernungsmessungen innerhalb von Millisekunden durchf\u00fchren.<\/li>\n<li><strong>Mehrere Kommunikationsschnittstellen<\/strong><br \/>\nUnterst\u00fctzt verschiedene Kommunikationsschnittstellen und -protokolle, einschlie\u00dflich RS232, RS485, Bluetooth, Modbus und UART, was die Integration mit bestehenden Steuerungen oder Daten erleichtert.<\/li>\n<li><strong>Hohe Messgenauigkeit<\/strong><br \/>\nMit einer Genauigkeit, die typischerweise im Millimeterbereich liegt, erf\u00fcllt dieser Sensor die hohen Genauigkeitsanforderungen von Anwendungen wie Geod\u00e4sie und Bauwesen.<\/li>\n<li><strong>Stabile Leistung<\/strong><br \/>\nDer Sensor hat einen engen Bereich von Datenschwankungen und weist eine sehr geringe Wiederholgenauigkeit auf.<\/li>\n<li><strong>Ber\u00fchrungslose Messung<\/strong><br \/>\nDer Sensor ist in der Lage, ber\u00fchrungslos zu messen und eignet sich zur Erfassung von sich bewegenden Objekten, Objekten mit hoher oder niedriger Temperatur, Fl\u00fcssigkeiten und unregelm\u00e4\u00dfig geformten Objekten.<\/li>\n<\/ul>\n<p>Die Verwendung eines Lasersensors mit einem Arduino kann eine gro\u00dfartige M\u00f6glichkeit sein, um Entfernungen zu ermitteln, Positionen zu messen oder Objekte zu erkennen. Typischerweise k\u00f6nnen Lasersensoren, die mit Arduino verwendet werden, entweder Laser-Entfernungsmesser (zur Entfernungsmessung) oder Laser-Detektoren (zur Erkennung des Vorhandenseins eines Laserpunktes) sein. Im Folgenden werde ich Sie durch das allgemeine Setup f\u00fcr Lasersensoren f\u00fchren, wobei ich mich speziell darauf konzentriere, wie man einen Laserentfernungssensor mit einem Arduino verbindet, da dies einer der h\u00e4ufigsten Anwendungsf\u00e4lle ist.<\/p>\n<h3>Wie benutzt man den Arduino Laser Sensor?<\/h3>\n<p><strong>1. <\/strong>Laser-Abstandssensor (z. B. Lidar, LDJ-Lasersensor)<\/p>\n<p>Ein beliebter laserbasierter Sensor zur Entfernungsmessung ist der LDJ-Lasersensor Time-of-Flight (ToF)-Sensor. Dabei handelt es sich um einen kompakten und kosteng\u00fcnstigen Sensor, der mit Laserlicht die Entfernung zu einem Objekt misst.<\/p>\n<p>Ben\u00f6tigte Komponenten:<\/p>\n<ul>\n<li>Arduino-Platine (z. B. Uno, Mega, Nano)<\/li>\n<li>LDJ Laser-Sensor-Modul<\/li>\n<li>\u00dcberbr\u00fcckungsdr\u00e4hte<\/li>\n<li>Steckbrett (optional)<\/li>\n<\/ul>\n<p>Verdrahtung des LDJ-Lasersensors:<\/p>\n<p>Der LDJ-Lasersensor kommuniziert mit dem Arduino \u00fcber das I2C-Protokoll, was bedeutet, dass Sie den Sensor an die SCL- und SDA-Pins Ihres Arduinos anschlie\u00dfen m\u00fcssen.<\/p>\n<p>F\u00fcr einen Arduino Uno:<\/p>\n<ul>\n<li><strong>GND<\/strong> (Sensor) an <strong>GND<\/strong> (Arduino)<\/li>\n<li><strong>VCC<\/strong> (Sensor) an <strong>5V<\/strong> (Arduino)<\/li>\n<li><strong>SDA<\/strong> (Sensor) an <strong>A4<\/strong> (Arduino Uno)<\/li>\n<li><strong>SCL<\/strong> (Sensor) an <strong>A5<\/strong> (Arduino Uno)<\/li>\n<\/ul>\n<p>Wenn Sie ein anderes Arduino-Modell verwenden, \u00fcberpr\u00fcfen Sie die I2C-Pins (SCL\/SDA) f\u00fcr dieses Board.<\/p>\n<h3 class=\"text-title\"><span class=\"magic-22\" data-spm-anchor-id=\"a2700.details.0.i63.18bf346eInG0ZW\">Test-Software-Plattform f\u00fcr Arduino-Lasersensor<\/span><\/h3>\n<div class=\"text-content\">Wir haben unsere eigenen Software-Test-Tools, die durch Abstandsmessung auf den Computer \u00fcbertragen werden.<\/div>\n<div>\n<figure id=\"attachment_2967\" aria-describedby=\"caption-attachment-2967\" style=\"width: 1024px\" class=\"wp-caption aligncenter\"><img decoding=\"async\" class=\"wp-image-2967 size-large\" src=\"https:\/\/meskernel.net\/wp-content\/uploads\/2024\/10\/Arduino-Laser-Sensor-1024x520.jpg\" alt=\"Arduino Laser-Sensor\" width=\"1024\" height=\"520\" srcset=\"https:\/\/meskernel.net\/wp-content\/uploads\/2024\/10\/Arduino-Laser-Sensor-1024x520.jpg 1024w, https:\/\/meskernel.net\/wp-content\/uploads\/2024\/10\/Arduino-Laser-Sensor-300x152.jpg 300w, https:\/\/meskernel.net\/wp-content\/uploads\/2024\/10\/Arduino-Laser-Sensor-768x390.jpg 768w, https:\/\/meskernel.net\/wp-content\/uploads\/2024\/10\/Arduino-Laser-Sensor-1536x779.jpg 1536w, https:\/\/meskernel.net\/wp-content\/uploads\/2024\/10\/Arduino-Laser-Sensor-400x203.jpg 400w, https:\/\/meskernel.net\/wp-content\/uploads\/2024\/10\/Arduino-Laser-Sensor.jpg 1906w\" sizes=\"(max-width: 1024px) 100vw, 1024px\" \/><figcaption id=\"caption-attachment-2967\" class=\"wp-caption-text\">Arduino Laser-Sensor<\/figcaption><\/figure>\n<\/div>\n<div><\/div>\n<h3>Warum uns w\u00e4hlen?<\/h3>\n<p>Als vertrauensw\u00fcrdiger OEM-Hersteller sind wir darauf spezialisiert, hochwertige industrielle Lasersensoren mit kundenspezifischen L\u00f6sungen f\u00fcr Ihre spezifischen Anforderungen zu liefern. Unsere Anpassungsoptionen erm\u00f6glichen es Ihnen, Sensorkonfigurationen auf Ihre betrieblichen Anforderungen zuzuschneiden, w\u00e4hrend unsere OEM-Preise wettbewerbsf\u00e4hige Kostenl\u00f6sungen sowohl f\u00fcr gro\u00dfe als auch f\u00fcr kleine Unternehmen gew\u00e4hrleisten. Unser Expertenteam arbeitet von der Beratung bis zur Installation eng mit Ihnen zusammen, um sicherzustellen, dass Ihr industrielles Lasersensorsystem f\u00fcr Ihre individuellen Anforderungen optimiert ist.<\/p>","protected":false},"excerpt":{"rendered":"<p>Entdecken Sie den Arduino Laser Sensor - eine hochpr\u00e4zise, ber\u00fchrungslose Messl\u00f6sung f\u00fcr industrielle Anwendungen. Mit schnellen Reaktionszeiten, millimetergenauer Genauigkeit und einfacher Integration ist dieser Sensor perfekt f\u00fcr Robotik, Automatisierung, Qualit\u00e4tskontrolle und Materialtransport geeignet. Optimieren Sie Ihre Abl\u00e4ufe mit zuverl\u00e4ssigen Echtzeitdaten und anpassbaren Optionen.<\/p>","protected":false},"featured_media":2201,"template":"","meta":{"site-sidebar-layout":"default","site-content-layout":"","ast-site-content-layout":"default","site-content-style":"default","site-sidebar-style":"default","ast-global-header-display":"","ast-banner-title-visibility":"","ast-main-header-display":"","ast-hfb-above-header-display":"","ast-hfb-below-header-display":"","ast-hfb-mobile-header-display":"","site-post-title":"","ast-breadcrumbs-content":"","ast-featured-img":"","footer-sml-layout":"","ast-disable-related-posts":"","theme-transparent-header-meta":"default","adv-header-id-meta":"","stick-header-meta":"","header-above-stick-meta":"","header-main-stick-meta":"","header-below-stick-meta":"","astra-migrate-meta-layouts":"set","ast-page-background-enabled":"default","ast-page-background-meta":{"desktop":{"background-color":"var(--ast-global-color-4)","background-image":"","background-repeat":"repeat","background-position":"center center","background-size":"auto","background-attachment":"scroll","background-type":"","background-media":"","overlay-type":"","overlay-color":"","overlay-opacity":"","overlay-gradient":""},"tablet":{"background-color":"","background-image":"","background-repeat":"repeat","background-position":"center center","background-size":"auto","background-attachment":"scroll","background-type":"","background-media":"","overlay-type":"","overlay-color":"","overlay-opacity":"","overlay-gradient":""},"mobile":{"background-color":"","background-image":"","background-repeat":"repeat","background-position":"center center","background-size":"auto","background-attachment":"scroll","background-type":"","background-media":"","overlay-type":"","overlay-color":"","overlay-opacity":"","overlay-gradient":""}},"ast-content-background-meta":{"desktop":{"background-color":"var(--ast-global-color-5)","background-image":"","background-repeat":"repeat","background-position":"center center","background-size":"auto","background-attachment":"scroll","background-type":"","background-media":"","overlay-type":"","overlay-color":"","overlay-opacity":"","overlay-gradient":""},"tablet":{"background-color":"var(--ast-global-color-5)","background-image":"","background-repeat":"repeat","background-position":"center center","background-size":"auto","background-attachment":"scroll","background-type":"","background-media":"","overlay-type":"","overlay-color":"","overlay-opacity":"","overlay-gradient":""},"mobile":{"background-color":"var(--ast-global-color-5)","background-image":"","background-repeat":"repeat","background-position":"center center","background-size":"auto","background-attachment":"scroll","background-type":"","background-media":"","overlay-type":"","overlay-color":"","overlay-opacity":"","overlay-gradient":""}}},"product_brand":[60],"product_cat":[52],"product_tag":[],"class_list":{"0":"post-113","1":"product","2":"type-product","3":"status-publish","4":"has-post-thumbnail","6":"product_brand-meskernel","7":"product_cat-phase-distance-sensor","8":"desktop-align-center","9":"tablet-align-left","10":"mobile-align-left","12":"first","13":"instock","14":"shipping-taxable","15":"product-type-simple"},"_links":{"self":[{"href":"https:\/\/meskernel.net\/de\/wp-json\/wp\/v2\/product\/113","targetHints":{"allow":["GET"]}}],"collection":[{"href":"https:\/\/meskernel.net\/de\/wp-json\/wp\/v2\/product"}],"about":[{"href":"https:\/\/meskernel.net\/de\/wp-json\/wp\/v2\/types\/product"}],"version-history":[{"count":0,"href":"https:\/\/meskernel.net\/de\/wp-json\/wp\/v2\/product\/113\/revisions"}],"wp:featuredmedia":[{"embeddable":true,"href":"https:\/\/meskernel.net\/de\/wp-json\/wp\/v2\/media\/2201"}],"wp:attachment":[{"href":"https:\/\/meskernel.net\/de\/wp-json\/wp\/v2\/media?parent=113"}],"wp:term":[{"taxonomy":"product_brand","embeddable":true,"href":"https:\/\/meskernel.net\/de\/wp-json\/wp\/v2\/product_brand?post=113"},{"taxonomy":"product_cat","embeddable":true,"href":"https:\/\/meskernel.net\/de\/wp-json\/wp\/v2\/product_cat?post=113"},{"taxonomy":"product_tag","embeddable":true,"href":"https:\/\/meskernel.net\/de\/wp-json\/wp\/v2\/product_tag?post=113"}],"curies":[{"name":"wp","href":"https:\/\/api.w.org\/{rel}","templated":true}]}}