{"id":122,"date":"2024-10-10T11:07:10","date_gmt":"2024-10-10T03:07:10","guid":{"rendered":"http:\/\/170.106.98.143\/?post_type=product&#038;p=122"},"modified":"2025-07-03T14:00:46","modified_gmt":"2025-07-03T06:00:46","slug":"distanz-lasersensor","status":"publish","type":"product","link":"https:\/\/meskernel.net\/de\/product\/distance-laser-sensor\/","title":{"rendered":"Entfernungs-Lasersensor mit pr\u00e4ziser und zuverl\u00e4ssiger 400m RS485"},"content":{"rendered":"<p>Der Entfernungslasersensor ist ein Modul, das die gepulste Lasertechnologie zur Entfernungsmessung nutzt. Er sendet eine Reihe von gepulsten Laserstrahlen aus und berechnet die Entfernung zwischen dem Zielobjekt und dem Modul, indem er die Umlaufzeit der Laserstrahlen misst.PTFS Laser-Entfernungsmesser hat eine hohe Entfernungsgenauigkeit und einen gro\u00dfen Entfernungsbereich, starke Anti-Jamming-F\u00e4higkeit, Unterst\u00fctzung f\u00fcr sekund\u00e4re Entwicklung, eine gro\u00dfe Anzahl von Bereichen, sicher f\u00fcr das menschliche Auge 905 nm, anpassbare Frequenz (20-3500 Hz), verf\u00fcgbar f\u00fcr Innen- und Au\u00dfenbereich. Es kann weithin in der Geschwindigkeitsmessung, Wegmessung, Abstandsmessung und anderen Bereichen verwendet werden.<\/p>\n<figure id=\"attachment_2981\" aria-describedby=\"caption-attachment-2981\" style=\"width: 1000px\" class=\"wp-caption aligncenter\"><img fetchpriority=\"high\" decoding=\"async\" class=\"wp-image-2981 size-full\" title=\"Laser-Abstandssensor\" src=\"https:\/\/meskernel.net\/wp-content\/uploads\/2024\/10\/Long-Distance-Sensor-PTFS.jpg\" alt=\"Langstrecken-Sensor PTFS\" width=\"1000\" height=\"500\" srcset=\"https:\/\/meskernel.net\/wp-content\/uploads\/2024\/10\/Long-Distance-Sensor-PTFS.jpg 1000w, https:\/\/meskernel.net\/wp-content\/uploads\/2024\/10\/Long-Distance-Sensor-PTFS-300x150.jpg 300w, https:\/\/meskernel.net\/wp-content\/uploads\/2024\/10\/Long-Distance-Sensor-PTFS-768x384.jpg 768w, https:\/\/meskernel.net\/wp-content\/uploads\/2024\/10\/Long-Distance-Sensor-PTFS-400x200.jpg 400w\" sizes=\"(max-width: 1000px) 100vw, 1000px\" \/><figcaption id=\"caption-attachment-2981\" class=\"wp-caption-text\">Langstrecken-Sensor PTFS<\/figcaption><\/figure>\n<h3 class=\"magic-4\" data-spm-anchor-id=\"a2700.details.0.i69.8c003d05ZAEItF\"><span class=\"magic-23\">Kommunikationsschnittstelle<\/span><\/h3>\n<div class=\"magic-16\">\n<div class=\"magic-17\">\n<div class=\"magic-18\" data-spm-anchor-id=\"a2700.details.0.i70.8c003d05ZAEItF\"><span class=\"magic-6\">Halbautomatische PET-Flaschenblasmaschine Flaschenherstellungsmaschine PET-Flaschenherstellungsmaschine eignet sich f\u00fcr die Herstellung von PET-Kunststoffbeh\u00e4ltern und Flaschen in allen Formen.<\/span><\/div>\n<div data-spm-anchor-id=\"a2700.details.0.i70.8c003d05ZAEItF\">\n<figure id=\"attachment_2979\" aria-describedby=\"caption-attachment-2979\" style=\"width: 800px\" class=\"wp-caption aligncenter\"><img decoding=\"async\" class=\"wp-image-2979 size-full\" title=\"Abstandslaser-Sensor mit RS485\" src=\"https:\/\/meskernel.net\/wp-content\/uploads\/2024\/11\/PTFS-Laser-Ranging-Sensor-700m.jpg\" alt=\"Langstrecken-Sensor\" width=\"800\" height=\"800\" srcset=\"https:\/\/meskernel.net\/wp-content\/uploads\/2024\/11\/PTFS-Laser-Ranging-Sensor-700m.jpg 800w, https:\/\/meskernel.net\/wp-content\/uploads\/2024\/11\/PTFS-Laser-Ranging-Sensor-700m-300x300.jpg 300w, https:\/\/meskernel.net\/wp-content\/uploads\/2024\/11\/PTFS-Laser-Ranging-Sensor-700m-150x150.jpg 150w, https:\/\/meskernel.net\/wp-content\/uploads\/2024\/11\/PTFS-Laser-Ranging-Sensor-700m-768x768.jpg 768w, https:\/\/meskernel.net\/wp-content\/uploads\/2024\/11\/PTFS-Laser-Ranging-Sensor-700m-400x400.jpg 400w, https:\/\/meskernel.net\/wp-content\/uploads\/2024\/11\/PTFS-Laser-Ranging-Sensor-700m-100x100.jpg 100w\" sizes=\"(max-width: 800px) 100vw, 800px\" \/><figcaption id=\"caption-attachment-2979\" class=\"wp-caption-text\">Langstrecken-Sensor<\/figcaption><\/figure>\n<\/div>\n<\/div>\n<\/div>\n<h3>Wesentliche Merkmale<\/h3>\n<ul>\n<li><strong>Flexibler Entfernungsbereich:<\/strong><\/li>\n<\/ul>\n<p>Eines der herausragenden Merkmale dieses Lasermesssensors sind seine Reichweitenoptionen. Sie k\u00f6nnen zwischen verschiedenen Entfernungsbereichen w\u00e4hlen, darunter 100 Meter, 400 Meter, 700 Meter und 1100 Meter, je nach Ihren spezifischen Anforderungen. Dank dieser Flexibilit\u00e4t k\u00f6nnen Sie sowohl Kurzstreckenmessungen f\u00fcr Aufgaben wie die Drohnennavigation als auch gro\u00df angelegte Vermessungsprojekte in Angriff nehmen. Ganz gleich, wie gro\u00df Ihre Anwendung ist, dieser Sensor passt sich an und liefert stets genaue Ergebnisse.<\/p>\n<ul>\n<li><strong>Anpassbare Frequenz f\u00fcr schnelle Datenerfassung:<\/strong><\/li>\n<\/ul>\n<p>Ein weiterer wichtiger Vorteil dieses Laser-Distanzmesssensors ist sein anpassbarer Frequenzbereich. Sie k\u00f6nnen die Frequenz von 50 Hz bis 500 Hz einstellen, was ihn ideal f\u00fcr Anwendungen macht, die schnelle Messungen erfordern. Zum Beispiel in der Robotik, der Automatisierung oder der Echtzeit\u00fcberwachung tr\u00e4gt die F\u00e4higkeit, Daten schnell zu erfassen, zur Verbesserung der Gesamtsystemeffizienz bei. Durch die Erfassung genauer Messungen in k\u00fcrzerer Zeit unterst\u00fctzt dieser Sensor schnelle, zeitkritische Vorg\u00e4nge.<\/p>\n<ul>\n<li><strong>Kompaktes Design f\u00fcr einfache Integration:<\/strong><\/li>\n<\/ul>\n<p>Dank seines kompakten, quadratischen Designs l\u00e4sst sich dieser industrielle Lasersensor leicht in verschiedene Systeme integrieren. Dank seines kleinen Formfaktors eignet er sich perfekt f\u00fcr Anwendungen mit begrenztem Platzangebot wie Embedded-Ger\u00e4te, Drohnen oder Roboterplattformen. Dar\u00fcber hinaus verk\u00fcrzt der einfache Integrationsprozess die Einrichtungszeit, so dass Sie sich mehr auf die Kernfunktionen Ihres Projekts konzentrieren k\u00f6nnen. Sie m\u00fcssen sich nicht um eine komplizierte Installation k\u00fcmmern, was sowohl Zeit als auch M\u00fche spart.<\/p>\n<ul>\n<li><strong>Gebaut f\u00fcr Langlebigkeit und langfristige Nutzung:<\/strong><\/li>\n<\/ul>\n<p>Dieser Distanz-Lasersensor ist auf Zuverl\u00e4ssigkeit ausgelegt. Durch die Verwendung von gepulster Technologie und einem 905nm-Laser ist er f\u00fcr den Langzeiteinsatz ausgelegt. Das Modul hat mehrere Iterationen und Aktualisierungen durchlaufen, die es zu einem Flaggschiff in der Meskernel-Produktpalette machen. Daher liefert es auch unter schwierigen Bedingungen, wie sie im Baugewerbe, bei der Umwelt\u00fcberwachung oder in der Schwerindustrie herrschen, stets genaue und zuverl\u00e4ssige Ergebnisse.<\/p>\n<h3 class=\"magic-4\"><span class=\"magic-5\" data-spm-anchor-id=\"a2700.details.0.i71.8c003d05ZAEItF\">Test-Software-Plattform<\/span><\/h3>\n<div class=\"magic-16\">\n<div class=\"magic-17\">\n<div class=\"magic-18\"><span class=\"magic-6\">Wir haben unsere eigenen Software-Test-Tools, die durch Abstandsmessung auf den Computer \u00fcbertragen werden.<\/span><\/div>\n<div>\n<figure id=\"attachment_2967\" aria-describedby=\"caption-attachment-2967\" style=\"width: 1024px\" class=\"wp-caption aligncenter\"><img decoding=\"async\" class=\"wp-image-2967 size-large\" title=\"Laser-Abstandssensor\" src=\"https:\/\/meskernel.net\/wp-content\/uploads\/2024\/10\/Arduino-Laser-Sensor-1024x520.jpg\" alt=\"Arduino Laser-Sensor\" width=\"1024\" height=\"520\" srcset=\"https:\/\/meskernel.net\/wp-content\/uploads\/2024\/10\/Arduino-Laser-Sensor-1024x520.jpg 1024w, https:\/\/meskernel.net\/wp-content\/uploads\/2024\/10\/Arduino-Laser-Sensor-300x152.jpg 300w, https:\/\/meskernel.net\/wp-content\/uploads\/2024\/10\/Arduino-Laser-Sensor-768x390.jpg 768w, https:\/\/meskernel.net\/wp-content\/uploads\/2024\/10\/Arduino-Laser-Sensor-1536x779.jpg 1536w, https:\/\/meskernel.net\/wp-content\/uploads\/2024\/10\/Arduino-Laser-Sensor-400x203.jpg 400w, https:\/\/meskernel.net\/wp-content\/uploads\/2024\/10\/Arduino-Laser-Sensor.jpg 1906w\" sizes=\"(max-width: 1024px) 100vw, 1024px\" \/><figcaption id=\"caption-attachment-2967\" class=\"wp-caption-text\">Arduino Laser-Sensor<\/figcaption><\/figure>\n<\/div>\n<\/div>\n<\/div>\n<h3>Individuelle L\u00f6sungen f\u00fcr Ihre Bed\u00fcrfnisse<\/h3>\n<p>Zus\u00e4tzlich zu den leistungsstarken Standardfunktionen bieten wir auch kundenspezifische L\u00f6sungen an, um diesen Distanz-Lasersensor an Ihre speziellen Anforderungen anzupassen. Ganz gleich, ob Sie Anpassungen des Messbereichs, der Frequenzeinstellungen oder der Schnittstellenoptionen (TTL, RS485, RS232) ben\u00f6tigen, wir k\u00f6nnen flexible L\u00f6sungen anbieten, die perfekt auf Ihre Anwendung abgestimmt sind. Die kundenspezifische Anpassung stellt sicher, dass Sie die bestm\u00f6gliche Leistung des Sensors erhalten, die auf die einzigartigen Anforderungen Ihres Systems zugeschnitten ist.<\/p>\n<h3>Warum sollten Sie sich f\u00fcr den kompakten Laser-Distanzsensor entscheiden?<\/h3>\n<p>Der Compact Distance Laser Sensor bietet eine perfekte Mischung aus Pr\u00e4zision, Flexibilit\u00e4t und Langlebigkeit. Seine Vielseitigkeit bei den Bereichsoptionen und anpassbaren Einstellungen machen ihn ideal f\u00fcr Branchen wie Robotik, Vermessung und Automatisierung. Das robuste Design des Sensors, seine Hochfrequenzf\u00e4higkeiten und seine Anpassungsf\u00e4higkeit an verschiedene Anwendungen machen ihn zu einer zuverl\u00e4ssigen Wahl f\u00fcr eine Vielzahl von industriellen Anwendungsf\u00e4llen. Mit schnellen und genauen Messungen hilft er Ihnen, Ihre Abl\u00e4ufe zu optimieren, die Effizienz zu steigern und Ausfallzeiten zu reduzieren.<\/p>\n<p>Ganz gleich, ob Sie an einem kleinen Projekt arbeiten oder gro\u00dfe, komplexe Systeme verwalten, dieser Distanz-Lasersensor bietet die Geschwindigkeit, Genauigkeit und Anpassungsf\u00e4higkeit, die Sie ben\u00f6tigen, um Ihre Arbeit richtig zu erledigen.<\/p>","protected":false},"excerpt":{"rendered":"<p>Entdecken Sie den Compact Distance Laser Sensor - einen hochpr\u00e4zisen, robusten Sensor, der sich perfekt f\u00fcr Robotik, Vermessung und Automatisierung eignet. Mit anpassbaren Einstellungen, flexiblen Reichweiten von bis zu 1100 Metern und schnellen, genauen Messungen ist er die ideale L\u00f6sung f\u00fcr Ihre industriellen Anforderungen. Sichern Sie sich noch heute zuverl\u00e4ssige Leistung und nahtlose Integration!<\/p>","protected":false},"featured_media":3000,"template":"","meta":{"site-sidebar-layout":"default","site-content-layout":"","ast-site-content-layout":"default","site-content-style":"default","site-sidebar-style":"default","ast-global-header-display":"","ast-banner-title-visibility":"","ast-main-header-display":"","ast-hfb-above-header-display":"","ast-hfb-below-header-display":"","ast-hfb-mobile-header-display":"","site-post-title":"","ast-breadcrumbs-content":"","ast-featured-img":"","footer-sml-layout":"","ast-disable-related-posts":"","theme-transparent-header-meta":"default","adv-header-id-meta":"","stick-header-meta":"","header-above-stick-meta":"","header-main-stick-meta":"","header-below-stick-meta":"","astra-migrate-meta-layouts":"set","ast-page-background-enabled":"default","ast-page-background-meta":{"desktop":{"background-color":"var(--ast-global-color-4)","background-image":"","background-repeat":"repeat","background-position":"center center","background-size":"auto","background-attachment":"scroll","background-type":"","background-media":"","overlay-type":"","overlay-color":"","overlay-opacity":"","overlay-gradient":""},"tablet":{"background-color":"","background-image":"","background-repeat":"repeat","background-position":"center center","background-size":"auto","background-attachment":"scroll","background-type":"","background-media":"","overlay-type":"","overlay-color":"","overlay-opacity":"","overlay-gradient":""},"mobile":{"background-color":"","background-image":"","background-repeat":"repeat","background-position":"center center","background-size":"auto","background-attachment":"scroll","background-type":"","background-media":"","overlay-type":"","overlay-color":"","overlay-opacity":"","overlay-gradient":""}},"ast-content-background-meta":{"desktop":{"background-color":"var(--ast-global-color-5)","background-image":"","background-repeat":"repeat","background-position":"center center","background-size":"auto","background-attachment":"scroll","background-type":"","background-media":"","overlay-type":"","overlay-color":"","overlay-opacity":"","overlay-gradient":""},"tablet":{"background-color":"var(--ast-global-color-5)","background-image":"","background-repeat":"repeat","background-position":"center center","background-size":"auto","background-attachment":"scroll","background-type":"","background-media":"","overlay-type":"","overlay-color":"","overlay-opacity":"","overlay-gradient":""},"mobile":{"background-color":"var(--ast-global-color-5)","background-image":"","background-repeat":"repeat","background-position":"center center","background-size":"auto","background-attachment":"scroll","background-type":"","background-media":"","overlay-type":"","overlay-color":"","overlay-opacity":"","overlay-gradient":""}}},"product_brand":[60],"product_cat":[31],"product_tag":[],"class_list":{"0":"post-122","1":"product","2":"type-product","3":"status-publish","4":"has-post-thumbnail","6":"product_brand-meskernel","7":"product_cat-tof-ranging-sensor","8":"desktop-align-center","9":"tablet-align-left","10":"mobile-align-left","12":"first","13":"instock","14":"shipping-taxable","15":"product-type-simple"},"_links":{"self":[{"href":"https:\/\/meskernel.net\/de\/wp-json\/wp\/v2\/product\/122","targetHints":{"allow":["GET"]}}],"collection":[{"href":"https:\/\/meskernel.net\/de\/wp-json\/wp\/v2\/product"}],"about":[{"href":"https:\/\/meskernel.net\/de\/wp-json\/wp\/v2\/types\/product"}],"version-history":[{"count":0,"href":"https:\/\/meskernel.net\/de\/wp-json\/wp\/v2\/product\/122\/revisions"}],"wp:featuredmedia":[{"embeddable":true,"href":"https:\/\/meskernel.net\/de\/wp-json\/wp\/v2\/media\/3000"}],"wp:attachment":[{"href":"https:\/\/meskernel.net\/de\/wp-json\/wp\/v2\/media?parent=122"}],"wp:term":[{"taxonomy":"product_brand","embeddable":true,"href":"https:\/\/meskernel.net\/de\/wp-json\/wp\/v2\/product_brand?post=122"},{"taxonomy":"product_cat","embeddable":true,"href":"https:\/\/meskernel.net\/de\/wp-json\/wp\/v2\/product_cat?post=122"},{"taxonomy":"product_tag","embeddable":true,"href":"https:\/\/meskernel.net\/de\/wp-json\/wp\/v2\/product_tag?post=122"}],"curies":[{"name":"wp","href":"https:\/\/api.w.org\/{rel}","templated":true}]}}