{"id":2684,"date":"2024-11-19T17:41:19","date_gmt":"2024-11-19T09:41:19","guid":{"rendered":"https:\/\/meskernel.net\/?post_type=product&#038;p=2684"},"modified":"2025-07-03T13:48:52","modified_gmt":"2025-07-03T05:48:52","slug":"laser-entfernungsmesser","status":"publish","type":"product","link":"https:\/\/meskernel.net\/de\/product\/laser-range-finder\/","title":{"rendered":"TC25 700m Laser-Entfernungsmesser Sensor Moudle"},"content":{"rendered":"<p><strong style=\"font-size: 1.7em;\">Hochpr\u00e4zise Laser-Entfernungsmesser - kompakte und zuverl\u00e4ssige L\u00f6sungen<\/strong><\/p>\n<p>Der Laser-Entfernungsmesser von Meskernel wurde entwickelt, um genaue und zuverl\u00e4ssige Entfernungsmessungen f\u00fcr eine breite Palette von Anwendungen zu erm\u00f6glichen. Ob Sie nun in der Automatisierung, Robotik, industriellen Messtechnik oder <a href=\"https:\/\/meskernel.net\/de\/kategorie\/anmeldung\/umweltuberwachung\/\">Umwelt\u00fcberwachung<\/a>Unser Ger\u00e4t bietet die Pr\u00e4zision, die Sie brauchen - und das bei einem kompakten und effizienten Design, das sich nahtlos in Ihre Systeme einf\u00fcgt.<\/p>\n<p>&nbsp;<\/p>\n<figure id=\"attachment_2991\" aria-describedby=\"caption-attachment-2991\" style=\"width: 1000px\" class=\"wp-caption aligncenter\"><img fetchpriority=\"high\" decoding=\"async\" class=\"wp-image-2991 size-full\" title=\"TC22 Laser-Entfernungsmesser 700m\" src=\"https:\/\/meskernel.net\/wp-content\/uploads\/2024\/11\/TC22-Laser-Range-Finder-700m.jpg\" alt=\"TC22 Laser-Entfernungsmesser 700m\" width=\"1000\" height=\"500\" srcset=\"https:\/\/meskernel.net\/wp-content\/uploads\/2024\/11\/TC22-Laser-Range-Finder-700m.jpg 1000w, https:\/\/meskernel.net\/wp-content\/uploads\/2024\/11\/TC22-Laser-Range-Finder-700m-300x150.jpg 300w, https:\/\/meskernel.net\/wp-content\/uploads\/2024\/11\/TC22-Laser-Range-Finder-700m-768x384.jpg 768w, https:\/\/meskernel.net\/wp-content\/uploads\/2024\/11\/TC22-Laser-Range-Finder-700m-400x200.jpg 400w\" sizes=\"(max-width: 1000px) 100vw, 1000px\" \/><figcaption id=\"caption-attachment-2991\" class=\"wp-caption-text\">TC22 Laser-Entfernungsmesser 700m<\/figcaption><\/figure>\n<h3>Wesentliche Merkmale<\/h3>\n<ul>\n<li>Weite Entfernung<\/li>\n<\/ul>\n<p style=\"padding-left: 40px;\">Mehrere Entfernungsoptionen, die Messbereiche von 700 Metern und 1000 Metern erm\u00f6glichen. Dank dieser Vielseitigkeit kann das Ger\u00e4t sowohl die Anforderungen von Anwendungen mit mittlerer als auch mit sehr gro\u00dfer Reichweite erf\u00fcllen und bietet au\u00dfergew\u00f6hnliche Leistung in gro\u00dfen Bereichen oder bei der Fern\u00fcberwachung.<\/p>\n<ul>\n<li>Zylindrische Form<\/li>\n<\/ul>\n<p style=\"padding-left: 40px;\">Die zylindrische Form erleichtert die Integration in Produkte wie Drohnen und Visiere f\u00fcr den Au\u00dfeneinsatz.<\/p>\n<ul>\n<li>Hohe Pr\u00e4zision<\/li>\n<\/ul>\n<p style=\"padding-left: 40px;\">Der Sensor bietet eine Messgenauigkeit von bis zu 1 Meter und liefert damit zuverl\u00e4ssige und pr\u00e4zise Daten f\u00fcr Messungen \u00fcber gro\u00dfe Entfernungen.<\/p>\n<ul>\n<li>Kompakte Gr\u00f6\u00dfe f\u00fcr vielseitige Integration<\/li>\n<\/ul>\n<p style=\"padding-left: 40px;\">Mit einer Gr\u00f6\u00dfe von nur \u03a622x43mm ist der Laser-Entfernungsmesser ideal f\u00fcr Systeme, bei denen der Platz begrenzt ist. Sein kleiner Formfaktor macht es einfach, ihn in eine Vielzahl von Projekten zu integrieren, von kompakten Roboterplattformen bis hin zu gr\u00f6\u00dferen industriellen Systemen. Trotz seiner kompakten Gr\u00f6\u00dfe bietet das Ger\u00e4t eine robuste Leistung, die sowohl im Innen- als auch im Au\u00dfenbereich hochwertige und pr\u00e4zise Messungen erm\u00f6glicht. Dar\u00fcber hinaus geht sein geringes Gewicht nicht zu Lasten der Langlebigkeit, so dass er auch in den anspruchsvollsten Anwendungen dauerhaft funktioniert.<\/p>\n<figure id=\"attachment_2994\" aria-describedby=\"caption-attachment-2994\" style=\"width: 1048px\" class=\"wp-caption aligncenter\"><img decoding=\"async\" class=\"wp-image-2994 size-full\" title=\"Anwendung des Abstandssensors\" src=\"https:\/\/meskernel.net\/wp-content\/uploads\/2024\/11\/application.jpg\" alt=\"Anwendung des Abstandssensors\" width=\"1048\" height=\"226\" srcset=\"https:\/\/meskernel.net\/wp-content\/uploads\/2024\/11\/application.jpg 1048w, https:\/\/meskernel.net\/wp-content\/uploads\/2024\/11\/application-300x65.jpg 300w, https:\/\/meskernel.net\/wp-content\/uploads\/2024\/11\/application-1024x221.jpg 1024w, https:\/\/meskernel.net\/wp-content\/uploads\/2024\/11\/application-768x166.jpg 768w, https:\/\/meskernel.net\/wp-content\/uploads\/2024\/11\/application-400x86.jpg 400w\" sizes=\"(max-width: 1048px) 100vw, 1048px\" \/><figcaption id=\"caption-attachment-2994\" class=\"wp-caption-text\">Anwendung des Abstandssensors<\/figcaption><\/figure>\n<h3>Mehrere Schnittstellen f\u00fcr nahtlose Integration<\/h3>\n<p>Um eine m\u00fchelose Systemintegration zu gew\u00e4hrleisten, ist der Laser-Entfernungsmesser mit einer Reihe von Kommunikationsschnittstellen ausgestattet, darunter TTL, RS485 und RS232. Dank dieser Vielfalt an Optionen k\u00f6nnen Sie den Sensor problemlos an eine Vielzahl von Systemen anschlie\u00dfen und die Daten\u00fcbertragung einfach und nahtlos gestalten. Unabh\u00e4ngig davon, welche Plattform Sie verwenden, k\u00f6nnen Sie sich auf eine reibungslose Integration verlassen und die Kompatibilit\u00e4t mit Ihrer bestehenden Infrastruktur sicherstellen. Ganz gleich, ob Sie mit fortschrittlichen Robotersystemen oder industriellen Automatisierungsanlagen arbeiten, unser Sensor bietet die Flexibilit\u00e4t, die Sie f\u00fcr eine Vielzahl von Anwendungen ben\u00f6tigen.<\/p>\n<figure id=\"attachment_2987\" aria-describedby=\"caption-attachment-2987\" style=\"width: 750px\" class=\"wp-caption aligncenter\"><img decoding=\"async\" class=\"wp-image-2987 size-full\" title=\"Laser-Entfernungsmesser 700m\" src=\"https:\/\/meskernel.net\/wp-content\/uploads\/2024\/11\/Laser-Distance-Module-2000m.jpg\" alt=\"Laser-Abstandsmodul 2000m\" width=\"750\" height=\"266\" srcset=\"https:\/\/meskernel.net\/wp-content\/uploads\/2024\/11\/Laser-Distance-Module-2000m.jpg 750w, https:\/\/meskernel.net\/wp-content\/uploads\/2024\/11\/Laser-Distance-Module-2000m-300x106.jpg 300w, https:\/\/meskernel.net\/wp-content\/uploads\/2024\/11\/Laser-Distance-Module-2000m-400x142.jpg 400w\" sizes=\"(max-width: 750px) 100vw, 750px\" \/><figcaption id=\"caption-attachment-2987\" class=\"wp-caption-text\">Laser-Abstandsmodul 2000m<\/figcaption><\/figure>\n<h3><strong>Warum sollten Sie sich f\u00fcr den Laser-Entfernungsmesser von Meskernel entscheiden?<\/strong><\/h3>\n<ul>\n<li><strong>Anpassbare L\u00f6sungen<\/strong>: Als f\u00fchrender Hersteller bietet Meskernel sowohl OEM- als auch ODM-Dienstleistungen an. Das bedeutet, dass wir den Laser-Entfernungsmesser an Ihre spezifischen Projektanforderungen anpassen k\u00f6nnen. Von der \u00c4nderung der Reichweite bis zur Anpassung der Schnittstelle oder der Genauigkeit k\u00f6nnen wir das Ger\u00e4t so gestalten, dass es Ihren Anforderungen perfekt entspricht.<\/li>\n<li><strong>Konkurrenzf\u00e4hige Preisgestaltung<\/strong>: Da wir unsere Ger\u00e4te selbst herstellen, k\u00f6nnen wir \u00e4u\u00dferst wettbewerbsf\u00e4hige Preise anbieten, ohne Kompromisse bei der Qualit\u00e4t einzugehen. Folglich erhalten Sie einen gro\u00dfen Wert f\u00fcr Ihre Investition, da wir sicherstellen, dass unsere Produkte sowohl kosteneffektiv als auch zuverl\u00e4ssig sind.<\/li>\n<li><strong>Fachkundige technische Unterst\u00fctzung<\/strong>: Unser engagiertes Expertenteam bietet umfassende technische Unterst\u00fctzung und gew\u00e4hrleistet die nahtlose Integration und den Betrieb unserer <a href=\"https:\/\/meskernel.net\/de\/product\/hochpraziser-laser-distanzsensor\/\">Laser-Distanz-Sensor<\/a> in Ihren Systemen. Von der Auswahl Ihres Produkts bis zur Installation begleiten wir Sie durch jeden Schritt des Prozesses und bieten Ihnen bei Bedarf kontinuierliche Unterst\u00fctzung.<\/li>\n<li><strong>Vielseitige Anwendungen<\/strong>: Ob in der industriellen Automatisierung, bei Robotersystemen, in der pr\u00e4zisen Vermessung oder bei der Sicherheits\u00fcberwachung - unser Laser-Entfernungssensor ist ein vielseitiges Werkzeug, das in einer Vielzahl von Bereichen eingesetzt werden kann. Unser Sensor eignet sich beispielsweise ideal f\u00fcr die Abstandsmessung in automatisierten Materialflusssystemen, die Erkennung potenzieller Gefahren in Baustellenbereichen oder sogar f\u00fcr die \u00dcberwachung des Abstands zwischen Tieren und Umz\u00e4unungen in Wildtierschutzsystemen.\n<p><figure id=\"attachment_2995\" aria-describedby=\"caption-attachment-2995\" style=\"width: 1069px\" class=\"wp-caption aligncenter\"><img loading=\"lazy\" decoding=\"async\" class=\"wp-image-2995 size-full\" title=\"warum ein Abstandssensor\" src=\"https:\/\/meskernel.net\/wp-content\/uploads\/2024\/11\/why-us-distance-sensor.jpg\" alt=\"warum ein Abstandssensor\" width=\"1069\" height=\"228\" srcset=\"https:\/\/meskernel.net\/wp-content\/uploads\/2024\/11\/why-us-distance-sensor.jpg 1069w, https:\/\/meskernel.net\/wp-content\/uploads\/2024\/11\/why-us-distance-sensor-300x64.jpg 300w, https:\/\/meskernel.net\/wp-content\/uploads\/2024\/11\/why-us-distance-sensor-1024x218.jpg 1024w, https:\/\/meskernel.net\/wp-content\/uploads\/2024\/11\/why-us-distance-sensor-768x164.jpg 768w, https:\/\/meskernel.net\/wp-content\/uploads\/2024\/11\/why-us-distance-sensor-400x85.jpg 400w\" sizes=\"(max-width: 1069px) 100vw, 1069px\" \/><figcaption id=\"caption-attachment-2995\" class=\"wp-caption-text\">warum ein Abstandssensor<\/figcaption><\/figure><\/li>\n<\/ul>\n<p>&nbsp;<\/p>\n<h3><strong>Verbessern Sie Ihre Projekte mit dem Laser-Entfernungsmesser von Meskernel<\/strong><\/h3>\n<p>Wir bei Meskernel sind stolz darauf, Spitzentechnologie in Kombination mit einem au\u00dfergew\u00f6hnlichen Kundenservice zu liefern. Der Laser-Entfernungsmesser bietet ein perfektes Gleichgewicht zwischen Pr\u00e4zision, Reichweite und Integrationsflexibilit\u00e4t, was ihn zu einer ausgezeichneten Wahl f\u00fcr eine Vielzahl anspruchsvoller Projekte macht.<\/p>\n<p>Kontaktieren Sie uns noch heute, um mehr dar\u00fcber zu erfahren, wie unser Laser-Entfernungsmesser Ihre Systeme verbessern kann. Dar\u00fcber hinaus bieten wir ma\u00dfgeschneiderte L\u00f6sungen f\u00fcr Ihre individuellen Anforderungen - egal, ob Sie eine OEM-Produktion oder ein ma\u00dfgeschneidertes Design suchen. Wir helfen Ihnen, bei jeder Messung Pr\u00e4zision und Zuverl\u00e4ssigkeit zu erreichen.<\/p>","protected":false},"excerpt":{"rendered":"<p>Der Laser-Entfernungsmesser von Meskernel bietet hochpr\u00e4zise Entfernungsmessungsl\u00f6sungen f\u00fcr eine Vielzahl von Branchen, darunter Automatisierung, Robotik und industrielle Anwendungen. Mit seinem kompakten Design, dem gro\u00dfen Messbereich (3 bis 700 Meter, erweiterbar auf 1000 Meter) und der hohen Genauigkeit (\u00b11m) gew\u00e4hrleistet er zuverl\u00e4ssige Ergebnisse auch in komplexen Umgebungen. Durch die flexible Integration von TTL-, RS485- und RS232-Schnittstellen ist er ideal f\u00fcr verschiedene Anwendungen wie Echtzeit-Tracking, Sicherheits\u00fcberwachung und industrielle Inspektion. Meskernel bietet auch OEM- und ODM-Dienste an, die ma\u00dfgeschneiderte L\u00f6sungen f\u00fcr Ihre spezifischen Anforderungen erm\u00f6glichen. Verbessern Sie Ihre Projekte mit der Pr\u00e4zision und Vielseitigkeit unseres Laser-Distanzsensors<\/p>","protected":false},"featured_media":3005,"template":"","meta":{"site-sidebar-layout":"default","site-content-layout":"","ast-site-content-layout":"default","site-content-style":"default","site-sidebar-style":"default","ast-global-header-display":"","ast-banner-title-visibility":"","ast-main-header-display":"","ast-hfb-above-header-display":"","ast-hfb-below-header-display":"","ast-hfb-mobile-header-display":"","site-post-title":"","ast-breadcrumbs-content":"","ast-featured-img":"","footer-sml-layout":"","ast-disable-related-posts":"","theme-transparent-header-meta":"default","adv-header-id-meta":"","stick-header-meta":"","header-above-stick-meta":"","header-main-stick-meta":"","header-below-stick-meta":"","astra-migrate-meta-layouts":"set","ast-page-background-enabled":"default","ast-page-background-meta":{"desktop":{"background-color":"var(--ast-global-color-4)","background-image":"","background-repeat":"repeat","background-position":"center center","background-size":"auto","background-attachment":"scroll","background-type":"","background-media":"","overlay-type":"","overlay-color":"","overlay-opacity":"","overlay-gradient":""},"tablet":{"background-color":"","background-image":"","background-repeat":"repeat","background-position":"center center","background-size":"auto","background-attachment":"scroll","background-type":"","background-media":"","overlay-type":"","overlay-color":"","overlay-opacity":"","overlay-gradient":""},"mobile":{"background-color":"","background-image":"","background-repeat":"repeat","background-position":"center center","background-size":"auto","background-attachment":"scroll","background-type":"","background-media":"","overlay-type":"","overlay-color":"","overlay-opacity":"","overlay-gradient":""}},"ast-content-background-meta":{"desktop":{"background-color":"var(--ast-global-color-5)","background-image":"","background-repeat":"repeat","background-position":"center center","background-size":"auto","background-attachment":"scroll","background-type":"","background-media":"","overlay-type":"","overlay-color":"","overlay-opacity":"","overlay-gradient":""},"tablet":{"background-color":"var(--ast-global-color-5)","background-image":"","background-repeat":"repeat","background-position":"center center","background-size":"auto","background-attachment":"scroll","background-type":"","background-media":"","overlay-type":"","overlay-color":"","overlay-opacity":"","overlay-gradient":""},"mobile":{"background-color":"var(--ast-global-color-5)","background-image":"","background-repeat":"repeat","background-position":"center center","background-size":"auto","background-attachment":"scroll","background-type":"","background-media":"","overlay-type":"","overlay-color":"","overlay-opacity":"","overlay-gradient":""}}},"product_brand":[60],"product_cat":[54],"product_tag":[],"class_list":{"0":"post-2684","1":"product","2":"type-product","3":"status-publish","4":"has-post-thumbnail","6":"product_brand-meskernel","7":"product_cat-long-distance-laser-ranging-sensors","8":"desktop-align-center","9":"tablet-align-left","10":"mobile-align-left","12":"first","13":"instock","14":"shipping-taxable","15":"product-type-simple"},"_links":{"self":[{"href":"https:\/\/meskernel.net\/de\/wp-json\/wp\/v2\/product\/2684","targetHints":{"allow":["GET"]}}],"collection":[{"href":"https:\/\/meskernel.net\/de\/wp-json\/wp\/v2\/product"}],"about":[{"href":"https:\/\/meskernel.net\/de\/wp-json\/wp\/v2\/types\/product"}],"version-history":[{"count":0,"href":"https:\/\/meskernel.net\/de\/wp-json\/wp\/v2\/product\/2684\/revisions"}],"wp:featuredmedia":[{"embeddable":true,"href":"https:\/\/meskernel.net\/de\/wp-json\/wp\/v2\/media\/3005"}],"wp:attachment":[{"href":"https:\/\/meskernel.net\/de\/wp-json\/wp\/v2\/media?parent=2684"}],"wp:term":[{"taxonomy":"product_brand","embeddable":true,"href":"https:\/\/meskernel.net\/de\/wp-json\/wp\/v2\/product_brand?post=2684"},{"taxonomy":"product_cat","embeddable":true,"href":"https:\/\/meskernel.net\/de\/wp-json\/wp\/v2\/product_cat?post=2684"},{"taxonomy":"product_tag","embeddable":true,"href":"https:\/\/meskernel.net\/de\/wp-json\/wp\/v2\/product_tag?post=2684"}],"curies":[{"name":"wp","href":"https:\/\/api.w.org\/{rel}","templated":true}]}}