{"id":2737,"date":"2024-11-25T15:56:45","date_gmt":"2024-11-25T07:56:45","guid":{"rendered":"https:\/\/meskernel.net\/?post_type=product&#038;p=2737"},"modified":"2025-09-25T14:37:29","modified_gmt":"2025-09-25T06:37:29","slug":"ip54-laser-sensor","status":"publish","type":"product","link":"https:\/\/meskernel.net\/de\/product\/ip54-laser-sensor\/","title":{"rendered":"PTFS-P4 IP54 Lasersensor 400Hz Hochfrequenz"},"content":{"rendered":"<p>Unser IP54-Lasersensor wurde von Experten entwickelt, um einen hervorragenden Schutz, Langlebigkeit und Zuverl\u00e4ssigkeit f\u00fcr Lasersensoren in anspruchsvollen industriellen Umgebungen zu bieten. Mit seiner kompakten Gr\u00f6\u00dfe (80x65x32,20mm) sch\u00fctzt dieses Schutzgeh\u00e4use die Lasersensoren vor physischen Sch\u00e4den, Umweltgefahren und elektromagnetischen St\u00f6rungen. Unterst\u00fctzt einen Messbereich von 3m bis 1100m und <strong>\u00b1<\/strong>Mit einer Genauigkeit von 1 m gew\u00e4hrleistet unser IP54-Lasersensor, dass Lasersensoren auch unter extremen Bedingungen pr\u00e4zise arbeiten.<\/p>\n<h3>Warum sollten Sie sich f\u00fcr unseren IP54-Lasersensor entscheiden?<\/h3>\n<ol>\n<li><strong>Un\u00fcbertroffener Schutz f\u00fcr Lasersensoren<\/strong><br \/>\nUnser IP54-Lasersensor bietet au\u00dfergew\u00f6hnlichen Schutz vor Staub, Wasser und physischen Sch\u00e4den. Ganz gleich, ob Sie im Baugewerbe, in der Robotik oder in der Vermessung t\u00e4tig sind, dieses robuste Geh\u00e4use sorgt daf\u00fcr, dass Ihre Lasersensoren sicher und betriebsbereit sind. Bei Vermessungsanwendungen beispielsweise sind die Sensorgeh\u00e4use rauen Au\u00dfenbedingungen ausgesetzt, aber unser Schutzgeh\u00e4use sorgt daf\u00fcr, dass sie auch unter staubigen oder regnerischen Bedingungen zuverl\u00e4ssig funktionieren.<\/li>\n<li><strong>Hohe Genauigkeit und gro\u00dfer Messbereich<\/strong><br \/>\nDas Sensorgeh\u00e4use ist f\u00fcr einen gro\u00dfen Messbereich von 3m bis 1100m ausgelegt. <strong>\u00b1<\/strong>Mit einer Genauigkeit von 1 m ist er ideal f\u00fcr Branchen, die pr\u00e4zise Messungen \u00fcber gro\u00dfe Entfernungen ben\u00f6tigen. In der Robotik beispielsweise sorgen die in unserem Schutzgeh\u00e4use untergebrachten Lasersensoren f\u00fcr eine genaue Positionierung und Objekterkennung. Das robuste Geh\u00e4use f\u00fcr Lasersensoren garantiert eine stabile Leistung in industriellen Umgebungen und gew\u00e4hrleistet Zuverl\u00e4ssigkeit bei kritischen Messungen.<\/li>\n<li><strong>Nahtlose Integration mit mehreren Kommunikationsschnittstellen<\/strong><br \/>\nUnser IP54-Lasersensor ist mit TTL-, RS485- und RS232-Kommunikationsschnittstellen ausgestattet, die eine nahtlose Daten\u00fcbertragung und einfache Integration in Steuersysteme gew\u00e4hrleisten. In der Industrieautomation werden die in unser Geh\u00e4use integrierten Lasersensoren beispielsweise zur \u00dcberwachung von Maschinenpositionen und -ausrichtungen eingesetzt. Dies erm\u00f6glicht eine reibungslose Kommunikation zwischen dem Sensorgeh\u00e4use und dem System und damit einen effizienten Betrieb in Echtzeit.<\/li>\n<li><strong>Zuverl\u00e4ssige Leistung in rauen Umgebungen<\/strong><br \/>\nDas Schutzgeh\u00e4use f\u00fcr Lasersensoren ist so gebaut, dass es extremen Bedingungen standh\u00e4lt. Es verhindert elektromagnetische St\u00f6rungen (EMI) und elektrostatische Entladungen (ESD), die die Sensorleistung beeintr\u00e4chtigen k\u00f6nnten. Ob bei der Kartierung im Freien, im Bergbau oder im Baugewerbe - dieses Geh\u00e4use stellt sicher, dass die Lasersensoren auch in schwierigen Umgebungen weiterhin genaue und konsistente Ergebnisse liefern.<\/li>\n<li><strong>Kundenspezifische IP54-Lasersensorl\u00f6sungen - auf Ihre Bed\u00fcrfnisse zugeschnitten<\/strong><br \/>\nAls f\u00fchrender Hersteller von Lasersensoren bieten wir OEM- und ODM-Dienstleistungen an, um kundenspezifische Lasersensoren zu liefern, die den spezifischen Anforderungen Ihrer Branche entsprechen. Von der \u00c4nderung der Geh\u00e4usegr\u00f6\u00dfe bis zur Anpassung an besondere Umgebungsbedingungen bieten wir flexible L\u00f6sungen, die eine optimale Leistung gew\u00e4hrleisten. In der Automobilherstellung beispielsweise helfen unsere kundenspezifischen Geh\u00e4usel\u00f6sungen f\u00fcr Lasersensoren bei pr\u00e4zisen Messungen in Roboter-Montagelinien und gew\u00e4hrleisten eine genaue Positionierung und Ausrichtung.<\/li>\n<\/ol>\n<h3>Wesentliche Merkmale<\/h3>\n<ul>\n<li><strong>Kompaktes und langlebiges Design:<\/strong> Mit Abmessungen von nur 80x65x32,20 mm bietet unser IP54-Lasersensor einen robusten Schutz f\u00fcr Lasersensoren in einem kompakten Formfaktor, der sich perfekt f\u00fcr industrielle Anwendungen eignet.<\/li>\n<li><strong>Hochpr\u00e4zise Leistung:<\/strong> Unterst\u00fctzt einen Messbereich von 3 m bis 1100 m mit einer Genauigkeit von \u00b11 m und gew\u00e4hrleistet so eine pr\u00e4zise und zuverl\u00e4ssige Leistung f\u00fcr Lasersensoren unter anspruchsvollen Bedingungen.<\/li>\n<li><strong>Vielseitige Kommunikationsoptionen:<\/strong> Enth\u00e4lt TTL-, RS485- und RS232-Schnittstellen f\u00fcr die nahtlose Daten\u00fcbertragung und Integration mit verschiedenen Ger\u00e4ten.<\/li>\n<li><strong>Verbesserte Langlebigkeit:<\/strong> Das Geh\u00e4use des Lasersensors ist IP-zertifiziert und bietet Schutz vor Staub, Wasser und physischen Besch\u00e4digungen, so dass der Sensor auch in schwierigen Umgebungen einsatzf\u00e4hig bleibt.<\/li>\n<li><strong>Kundenspezifische L\u00f6sungen:<\/strong> Wir bieten OEM- und ODM-Dienstleistungen an, um kundenspezifische Geh\u00e4use zu entwickeln, die auf die spezifischen Anforderungen Ihrer industriellen Anwendungen zugeschnitten sind.<\/li>\n<\/ul>\n<h3>Praktische Anwendungsf\u00e4lle f\u00fcr IP54-Lasersensoren<\/h3>\n<ul>\n<li><strong>Industrielle Automatisierung:<\/strong> In automatisierten Fabriken werden Lasersensoren, die durch unser Sensorgeh\u00e4use gesch\u00fctzt sind, zur Positionierung und Ausrichtung von Maschinen eingesetzt. Das Geh\u00e4use bietet Schutz vor Staub, Feuchtigkeit und Temperaturschwankungen und gew\u00e4hrleistet eine zuverl\u00e4ssige Leistung.<\/li>\n<li><strong>Robotik:<\/strong> Lasersensoren in unseren kundenspezifischen Geh\u00e4usen helfen Robotern bei der pr\u00e4zisen Navigation und Erkennung von Objekten, selbst unter rauen Bedingungen. Das Schutzgeh\u00e4use sorgt daf\u00fcr, dass der Lasersensor auch weiterhin effizient arbeitet und reibungslose Automatisierungsprozesse gew\u00e4hrleistet sind.<\/li>\n<li><strong><a href=\"https:\/\/meskernel.net\/de\/anmeldung\/surveying-and-geospatial-analysis\/\">Vermessung und Kartierung<\/a>:<\/strong> Lasersensoren sind f\u00fcr Vermessungsanwendungen unverzichtbar, und unser Sensorgeh\u00e4use bietet Schutz vor Witterungseinfl\u00fcssen wie Regen, Staub und starkem Wind und gew\u00e4hrleistet eine kontinuierliche Datenerfassung.<\/li>\n<li><strong>Bergbau und Landwirtschaft:<\/strong> In rauen Umgebungen wie im Bergbau oder in der Landwirtschaft werden Lasersensoren in unseren robusten Geh\u00e4usen zur Messung von Haldenvolumen oder zur \u00dcberwachung des Pflanzenwachstums eingesetzt und bieten Schutz vor Schmutz, Feuchtigkeit und extremen Temperaturen.<\/li>\n<\/ul>\n<h3>Warum unsere Kunden uns w\u00e4hlen<\/h3>\n<p>Wir sind mehr als nur ein Lieferant; wir sind Ihr zuverl\u00e4ssiger Partner bei der Entwicklung kundenspezifischer Lasersensorl\u00f6sungen, die auf Ihre spezifischen Branchenanforderungen zugeschnitten sind. Ganz gleich, ob Sie in der Robotik, der industriellen Automatisierung, der Vermessung oder im Bergbau t\u00e4tig sind, wir bieten Ihnen leistungsstarke Lasersensoren, die selbst in den rauesten Umgebungen einen pr\u00e4zisen und zuverl\u00e4ssigen Betrieb gew\u00e4hrleisten. Unsere flexiblen OEM\/ODM-Services gew\u00e4hrleisten, dass wir Ihre genauen Spezifikationen f\u00fcr kundenspezifische L\u00f6sungen erf\u00fcllen.<\/p>\n<div class=\"ast-oembed-container\" style=\"height: 100%;\"><iframe title=\"Chengdu Meskernel Integrated Technology Co , Ltd\" width=\"500\" height=\"281\" src=\"https:\/\/www.youtube.com\/embed\/l3-XWIFqqic?feature=oembed\" frameborder=\"0\" allow=\"accelerometer; autoplay; clipboard-write; encrypted-media; gyroscope; picture-in-picture; web-share\" referrerpolicy=\"strict-origin-when-cross-origin\" allowfullscreen><\/iframe><\/div>\n<h3>Beginnen Sie Ihre individuelle IP54-Lasersensor-Reise noch heute<\/h3>\n<p>Geben Sie sich nicht mit L\u00f6sungen von der Stange zufrieden. Entscheiden Sie sich f\u00fcr unseren IP54-Lasersensor und genie\u00dfen Sie die Vorteile eines ma\u00dfgeschneiderten Schutzes, der speziell f\u00fcr Ihre Branche entwickelt wurde. Ganz gleich, ob Sie einen kundenspezifischen IP54-Lasersensor f\u00fcr extreme Umgebungen, hochpr\u00e4zise Messungen oder f\u00fcr gro\u00dfe Entfernungen ben\u00f6tigen, wir sind f\u00fcr Sie da. Setzen Sie sich noch heute mit uns in Verbindung, um mehr \u00fcber unsere OEM\/ODM-Services zu erfahren und wie wir Ihnen eine L\u00f6sung anbieten k\u00f6nnen, die Ihren individuellen Anforderungen entspricht.<\/p>","protected":false},"excerpt":{"rendered":"<p>Entdecken Sie unsere robusten IP54-Lasersensoren, die f\u00fcr optimalen Schutz und optimale Leistung ausgelegt sind. Unser Geh\u00e4use bietet kundenspezifische L\u00f6sungen und sorgt daf\u00fcr, dass Ihre Lasersensoren vor Staub, Wasser und physischen Sch\u00e4den in rauen Industrieumgebungen gesch\u00fctzt sind. Mit pr\u00e4zisen Messungen und vielseitigen Kommunikationsoptionen sind sie die perfekte Wahl f\u00fcr Branchen wie Automatisierung, Robotik, Vermessung und mehr. Informieren Sie sich noch heute \u00fcber unsere OEM\/ODM-Dienstleistungen!<\/p>","protected":false},"featured_media":5981,"template":"","meta":{"site-sidebar-layout":"default","site-content-layout":"","ast-site-content-layout":"default","site-content-style":"default","site-sidebar-style":"default","ast-global-header-display":"","ast-banner-title-visibility":"","ast-main-header-display":"","ast-hfb-above-header-display":"","ast-hfb-below-header-display":"","ast-hfb-mobile-header-display":"","site-post-title":"","ast-breadcrumbs-content":"","ast-featured-img":"","footer-sml-layout":"","ast-disable-related-posts":"","theme-transparent-header-meta":"default","adv-header-id-meta":"","stick-header-meta":"","header-above-stick-meta":"","header-main-stick-meta":"","header-below-stick-meta":"","astra-migrate-meta-layouts":"set","ast-page-background-enabled":"default","ast-page-background-meta":{"desktop":{"background-color":"var(--ast-global-color-4)","background-image":"","background-repeat":"repeat","background-position":"center center","background-size":"auto","background-attachment":"scroll","background-type":"","background-media":"","overlay-type":"","overlay-color":"","overlay-opacity":"","overlay-gradient":""},"tablet":{"background-color":"","background-image":"","background-repeat":"repeat","background-position":"center center","background-size":"auto","background-attachment":"scroll","background-type":"","background-media":"","overlay-type":"","overlay-color":"","overlay-opacity":"","overlay-gradient":""},"mobile":{"background-color":"","background-image":"","background-repeat":"repeat","background-position":"center center","background-size":"auto","background-attachment":"scroll","background-type":"","background-media":"","overlay-type":"","overlay-color":"","overlay-opacity":"","overlay-gradient":""}},"ast-content-background-meta":{"desktop":{"background-color":"var(--ast-global-color-5)","background-image":"","background-repeat":"repeat","background-position":"center center","background-size":"auto","background-attachment":"scroll","background-type":"","background-media":"","overlay-type":"","overlay-color":"","overlay-opacity":"","overlay-gradient":""},"tablet":{"background-color":"var(--ast-global-color-5)","background-image":"","background-repeat":"repeat","background-position":"center center","background-size":"auto","background-attachment":"scroll","background-type":"","background-media":"","overlay-type":"","overlay-color":"","overlay-opacity":"","overlay-gradient":""},"mobile":{"background-color":"var(--ast-global-color-5)","background-image":"","background-repeat":"repeat","background-position":"center center","background-size":"auto","background-attachment":"scroll","background-type":"","background-media":"","overlay-type":"","overlay-color":"","overlay-opacity":"","overlay-gradient":""}}},"product_brand":[60],"product_cat":[33],"product_tag":[],"class_list":{"0":"post-2737","1":"product","2":"type-product","3":"status-publish","4":"has-post-thumbnail","6":"product_brand-meskernel","7":"product_cat-industrial-laser-distance-sensors","8":"desktop-align-center","9":"tablet-align-left","10":"mobile-align-left","12":"first","13":"instock","14":"shipping-taxable","15":"product-type-simple"},"_links":{"self":[{"href":"https:\/\/meskernel.net\/de\/wp-json\/wp\/v2\/product\/2737","targetHints":{"allow":["GET"]}}],"collection":[{"href":"https:\/\/meskernel.net\/de\/wp-json\/wp\/v2\/product"}],"about":[{"href":"https:\/\/meskernel.net\/de\/wp-json\/wp\/v2\/types\/product"}],"version-history":[{"count":0,"href":"https:\/\/meskernel.net\/de\/wp-json\/wp\/v2\/product\/2737\/revisions"}],"wp:featuredmedia":[{"embeddable":true,"href":"https:\/\/meskernel.net\/de\/wp-json\/wp\/v2\/media\/5981"}],"wp:attachment":[{"href":"https:\/\/meskernel.net\/de\/wp-json\/wp\/v2\/media?parent=2737"}],"wp:term":[{"taxonomy":"product_brand","embeddable":true,"href":"https:\/\/meskernel.net\/de\/wp-json\/wp\/v2\/product_brand?post=2737"},{"taxonomy":"product_cat","embeddable":true,"href":"https:\/\/meskernel.net\/de\/wp-json\/wp\/v2\/product_cat?post=2737"},{"taxonomy":"product_tag","embeddable":true,"href":"https:\/\/meskernel.net\/de\/wp-json\/wp\/v2\/product_tag?post=2737"}],"curies":[{"name":"wp","href":"https:\/\/api.w.org\/{rel}","templated":true}]}}