{"id":2829,"date":"2024-11-28T16:38:31","date_gmt":"2024-11-28T08:38:31","guid":{"rendered":"https:\/\/meskernel.net\/?post_type=product&#038;p=2829"},"modified":"2025-07-03T13:42:49","modified_gmt":"2025-07-03T05:42:49","slug":"itof-abstandssensor","status":"publish","type":"product","link":"https:\/\/meskernel.net\/de\/product\/itof-distance-sensor\/","title":{"rendered":"ITOF-Distanzsensor 20m: Mehr Pr\u00e4zision und Effizienz f\u00fcr Industrie 4.0"},"content":{"rendered":"<h3>ITOF-Abstandssensoren: Die ideale L\u00f6sung f\u00fcr hochpr\u00e4zise Industrieanwendungen<\/h3>\n<p>In der heutigen schnelllebigen Industrielandschaft, in der Automatisierung, Robotik und das Internet der Dinge (IoT) die Abl\u00e4ufe neu gestalten, ist eine pr\u00e4zise und zuverl\u00e4ssige Abstandsmessung wichtiger denn je. ITOF-Distanzsensoren (Indirect Time-of-Flight) bieten die ideale L\u00f6sung, denn sie kombinieren Genauigkeit, Geschwindigkeit und Langlebigkeit, um die Anforderungen moderner Industrien zu erf\u00fcllen. Ganz gleich, ob Sie in der Robotik, der Logistik, der intelligenten Fertigung oder bei Au\u00dfenanwendungen t\u00e4tig sind, diese Sensoren lassen sich nahtlos in den Betrieb integrieren und liefern konsistente Echtzeitdaten - auch in rauen Umgebungen.<\/p>\n<p>Mit der zunehmenden Einf\u00fchrung von Automatisierung, KI-gesteuerten Technologien und IoT in der Industrie sind ITOF-Distanzsensoren zu unverzichtbaren Werkzeugen f\u00fcr die Optimierung der Effizienz, die Verbesserung der Sicherheit und die Erm\u00f6glichung intelligenterer Abl\u00e4ufe geworden. Werfen wir einen genaueren Blick auf die wichtigsten Funktionen, reale Anwendungen und wie ITOF-Distanzsensoren den Industriesektor ver\u00e4ndern.<\/p>\n<h3>Hauptmerkmale von ITOF-Distanzsensoren<\/h3>\n<ol>\n<li><strong>Hohe Genauigkeit und gro\u00dfer Messbereich<\/strong> ITOF-Distanzsensoren bieten eine beeindruckende Genauigkeit \u00fcber einen breiten Messbereich, der von 0,03 Metern bis zu mehr als 40 Metern reicht. Diese Sensoren erreichen eine hohe Pr\u00e4zision, oft <em>\u00b1(3mm + D(1\/10000))<\/em>Dadurch wird sichergestellt, dass selbst kleinste Abweichungen erkannt und ber\u00fccksichtigt werden. In Branchen, in denen schon ein kleiner Fehler zu Ineffizienz oder Sicherheitsrisiken f\u00fchren kann, ist eine solche Pr\u00e4zision unerl\u00e4sslich. Ob bei der Roboternavigation, der automatisierten Materialhandhabung oder beim 3D-Scannen - ITOF-Sensoren bieten die Zuverl\u00e4ssigkeit, die f\u00fcr eine pr\u00e4zise Leistung erforderlich ist. Mit ihrer F\u00e4higkeit, \u00fcber unterschiedliche Entfernungen hinweg eine gleichbleibende Genauigkeit zu bieten, eignen sich diese Sensoren perfekt f\u00fcr komplexe Automatisierungssysteme und IoT-verbundene Plattformen, bei denen pr\u00e4zise Messungen der Schl\u00fcssel zur Aufrechterhaltung eines optimalen Betriebs sind.<\/li>\n<li><strong>Schnelle Datenerfassung in Echtzeit (3-20 Hz)<\/strong> Eines der herausragenden Merkmale von ITOF-Distanzsensoren ist ihre hohe Datenerfassungsrate, die normalerweise zwischen 3 und 20 Hz liegt. Diese schnelle Datenerfassung erm\u00f6glicht Echtzeit-Feedback und macht diese Sensoren ideal f\u00fcr Anwendungen in der robotergest\u00fctzten Prozessautomatisierung (RPA), im Bestandsmanagement, in der Qualit\u00e4tskontrolle und in automatisierten Pr\u00fcfsystemen. Da sich die Industrie zunehmend auf Echtzeitdaten verl\u00e4sst, um KI-gesteuerte Prozesse und eine intelligente Fertigung voranzutreiben, spielen ITOF-Sensoren eine entscheidende Rolle bei der Bereitstellung schneller, qualitativ hochwertiger Informationen, die f\u00fcr einen reibungslosen Betrieb der Systeme und die Anpassung an dynamische Bedingungen erforderlich sind.<\/li>\n<li><strong>Langlebiges, robustes Design f\u00fcr raue Umgebungen<\/strong> Industrielle Umgebungen k\u00f6nnen f\u00fcr Ger\u00e4te sehr hart sein. ITOF-Distanzsensoren werden aus robusten, langlebigen Materialien wie Aluminiumlegierungen hergestellt, um St\u00f6\u00dfen, Vibrationen und extremen Temperaturen standzuhalten. Ob auf Baustellen, in Lagerhallen oder unter anderen anspruchsvollen Au\u00dfenbedingungen, diese Sensoren arbeiten auch unter physischer Belastung zuverl\u00e4ssig. F\u00fcr Branchen, die st\u00e4ndig rauen Bedingungen ausgesetzt sind - wie z. B. Bauwesen, Logistik und Au\u00dfeneins\u00e4tze - bieten ITOF-Sensoren die Robustheit und Langlebigkeit, die f\u00fcr eine ununterbrochene, leistungsstarke Datenerfassung erforderlich ist.<\/li>\n<li><strong>IP-Schutz f\u00fcr Staub- und Wasserbest\u00e4ndigkeit<\/strong> ITOF-Distanzsensoren verf\u00fcgen \u00fcber einen hohen IP-Schutz gegen Staub und Wasser und entsprechen der Norm IEC 60529. Dadurch eignen sie sich gut f\u00fcr Umgebungen, in denen Feuchtigkeit, Staub oder Schmutz h\u00e4ufig vorkommen, z. B. in der Landwirtschaft, im Bergbau und im Bauwesen. Ob auf regennassen Feldern oder in staubigen Fabrikhallen, diese Sensoren arbeiten zuverl\u00e4ssig und stellen sicher, dass kritische Messungen nicht durch Umwelteinfl\u00fcsse unterbrochen werden. F\u00fcr Branchen, die Ger\u00e4te ben\u00f6tigen, die unter schwierigen Au\u00dfenbedingungen zuverl\u00e4ssig funktionieren, bieten ITOF-Sensoren den Schutz und die Haltbarkeit, die f\u00fcr eine kontinuierliche Leistung erforderlich sind.<\/li>\n<li><strong>Flexible Kommunikationsschnittstellen f\u00fcr einfache Integration<\/strong> ITOF-Distanzsensoren unterst\u00fctzen eine breite Palette von Kommunikationsschnittstellen, darunter TTL, RS485 und RS232. Diese Flexibilit\u00e4t gew\u00e4hrleistet eine nahtlose Integration in bestehende Systeme, egal ob es sich um Roboteranwendungen, automatisierte Produktionslinien oder IoT-f\u00e4hige Plattformen handelt. Durch die M\u00f6glichkeit, sich problemlos mit verschiedenen Ger\u00e4ten und Netzwerken zu verbinden, sorgen diese Sensoren f\u00fcr einen reibungslosen Datenfluss, verbessern die Systemeffizienz und reduzieren die Integrationskomplexit\u00e4t.In einer zunehmend vernetzten Welt ist die F\u00e4higkeit, Sensoren in eine Vielzahl von Systemen zu integrieren, unerl\u00e4sslich. ITOF-Sensoren bieten die Vielseitigkeit, die f\u00fcr eine breite Palette industrieller Anwendungen erforderlich ist, von der automatisierten Produktion bis hin zu Fernerkundungsnetzwerken.<\/li>\n<\/ol>\n<div class=\"ast-oembed-container\" style=\"height: 100%;\"><iframe title=\"Chengdu Meskernel Integrated Technology Co , Ltd\" width=\"500\" height=\"281\" src=\"https:\/\/www.youtube.com\/embed\/l3-XWIFqqic?feature=oembed\" frameborder=\"0\" allow=\"accelerometer; autoplay; clipboard-write; encrypted-media; gyroscope; picture-in-picture; web-share\" referrerpolicy=\"strict-origin-when-cross-origin\" allowfullscreen><\/iframe><\/div>\n<h3>Warum ITOF-Distanzsensoren w\u00e4hlen?<\/h3>\n<ol>\n<li><strong>Intelligente Automatisierung und KI-Integration erm\u00f6glichen<\/strong> Mit dem Aufkommen intelligenter Fabriken und KI-gest\u00fctzter Automatisierung sind genaue Echtzeitdaten f\u00fcr eine effektive Entscheidungsfindung unerl\u00e4sslich geworden. ITOF-Distanzsensoren sind eine wichtige Voraussetzung f\u00fcr die KI-Integration. Sie liefern die zuverl\u00e4ssigen Messungen, die f\u00fcr maschinelle Lernalgorithmen, vorausschauende Wartungstools und KI-Systeme erforderlich sind. Durch die Bereitstellung pr\u00e4ziser Echtzeitdaten tragen diese Sensoren dazu bei, Ausfallzeiten zu reduzieren, die Effizienz zu verbessern und eine intelligentere Automatisierung zu unterst\u00fctzen. Da die Industrie KI und maschinelles Lernen einsetzt, um Arbeitsabl\u00e4ufe zu optimieren, gew\u00e4hrleisten ITOF-Distanzsensoren die Genauigkeit und Geschwindigkeit, die f\u00fcr die Verbesserung der Abl\u00e4ufe und die F\u00f6rderung von Innovationen erforderlich sind.<\/li>\n<li><strong>Optimierung von Robotik- und IoT-Systemen<\/strong> Robotik und IoT-Technologien ver\u00e4ndern Branchen wie Logistik, Fertigung und Landwirtschaft, wodurch der Bedarf an zuverl\u00e4ssigen, leistungsstarken Sensoren immer weiter steigt. ITOF-Distanzsensoren sind ideal f\u00fcr Anwendungen wie Roboternavigation, Objekterkennung und dynamisches Aufgabenmanagement. Ihre hohe Pr\u00e4zision und schnellen Reaktionszeiten sorgen daf\u00fcr, dass Roboter komplexe Aufgaben pr\u00e4zise und effizient ausf\u00fchren k\u00f6nnen, und ihre Kompatibilit\u00e4t mit IoT-Systemen erleichtert die Integration in cloudbasierte Netzwerke zur Fern\u00fcberwachung, Datenanalyse und kontinuierlichen Systemoptimierung. Dies macht ITOF-Sensoren zu einer wesentlichen Komponente in der wachsenden Welt der intelligenten, vernetzten Ger\u00e4te.<\/li>\n<li><strong>Gew\u00e4hrleistung von Sicherheit und Pr\u00e4zision in kritischen Anwendungen<\/strong> In Branchen, in denen Sicherheit oberste Priorit\u00e4t hat - wie bei autonomen Fahrzeugen, in der Robotik und im Bauwesen - kann jeder Fehler bei der Abstandsmessung schwerwiegende Folgen haben. ITOF-Distanzsensoren bieten die Pr\u00e4zision und Zuverl\u00e4ssigkeit, die erforderlich sind, um einen sicheren Betrieb dieser Systeme zu gew\u00e4hrleisten und das Risiko von Unf\u00e4llen und kostspieligen Fehlern zu verringern. F\u00fcr Anwendungen, bei denen sowohl Sicherheit als auch Pr\u00e4zision von entscheidender Bedeutung sind, bieten ITOF-Distanzsensoren die Gewissheit, dass die Systeme wie vorgesehen funktionieren, und erh\u00f6hen die Sicherheit und Produktivit\u00e4t in einer Vielzahl von Branchen.<\/li>\n<\/ol>\n<h3>Praktische Anwendungen von ITOF-Distanzsensoren<\/h3>\n<p>ITOF-Distanzsensoren sind vielseitig und k\u00f6nnen in einer Vielzahl von industriellen Anwendungen eingesetzt werden, z. B:<\/p>\n<ul>\n<li><strong>Robotik und Automatisierung:<\/strong> ITOF-Sensoren sind ideal f\u00fcr die Roboternavigation, Kollisionsvermeidung und Objekterkennung, sowohl in Innenr\u00e4umen als auch im Freien. Dank ihrer schnellen Datenerfassung und Pr\u00e4zision sind sie ein wesentlicher Bestandteil von KI-gesteuerten Robotersystemen.<\/li>\n<li><strong>Intelligente Fertigung:<\/strong> In automatisierten Produktionslinien verbessern ITOF-Sensoren die Echtzeit\u00fcberwachung, Qualit\u00e4tskontrolle und Systemoptimierung. Wenn sie in Bildverarbeitungssysteme integriert werden, helfen diese Sensoren den Herstellern, die Prozessgenauigkeit zu verbessern und Ausfallzeiten zu reduzieren.<\/li>\n<li><strong><a href=\"https:\/\/meskernel.net\/de\/anmeldung\/logistik-lagerhaltung\/\">Logistik und Lagerhaltung<\/a>:<\/strong> ITOF-Distanzsensoren sind der Schl\u00fcssel zur Automatisierung der Bestandsverfolgung, der Sortierung und des Materialhandlings in Lagern. Sie helfen bei der Optimierung von Lagerabl\u00e4ufen und der Verbesserung des Lieferkettenmanagements, indem sie schnelle, zuverl\u00e4ssige Messungen liefern.<\/li>\n<li><strong>Bauwesen und Vermessung:<\/strong> F\u00fcr Anwendungen wie Standortkartierung, Entfernungsmessung und Sicherheits\u00fcberwachung liefern ITOF-Sensoren selbst unter schwierigsten Bedingungen genaue und zuverl\u00e4ssige Daten.<\/li>\n<li><strong>Au\u00dfen- und Umwelt\u00fcberwachung:<\/strong> ITOF-Sensoren eignen sich hervorragend f\u00fcr den Einsatz in der Landwirtschaft, in Wetterstationen und in der Umweltforschung, da sie selbst in rauen Au\u00dfenumgebungen eine robuste und zuverl\u00e4ssige Leistung bieten.<\/li>\n<\/ul>\n<h3>Pr\u00e4zisionsmessung f\u00fcr die Zukunft<\/h3>\n<p>ITOF-Distanzsensoren bieten der Industrie die Pr\u00e4zision, Geschwindigkeit und Langlebigkeit, die sie ben\u00f6tigt, um in der sich schnell entwickelnden industriellen Landschaft von heute wettbewerbsf\u00e4hig zu bleiben. Mit ihrer hohen Genauigkeit, schnellen Datenerfassung und robusten Zuverl\u00e4ssigkeit sind diese Sensoren von unsch\u00e4tzbarem Wert f\u00fcr Anwendungen, die von Robotik und intelligenter Fertigung bis hin zur Umwelt\u00fcberwachung reichen.<\/p>\n<p>Durch die Integration von ITOF-Distanzsensoren in Ihren Betrieb k\u00f6nnen Sie sicherstellen, dass Ihre Systeme die Leistung, Effizienz und Zuverl\u00e4ssigkeit bieten, die f\u00fcr den Erfolg in der modernen industriellen Welt erforderlich sind. Mit ihrer F\u00e4higkeit, die Herausforderungen der Industrie von morgen zu meistern, sind ITOF-Distanzsensoren eine zukunftssichere L\u00f6sung f\u00fcr Unternehmen, die in einer zunehmend automatisierten und vernetzten Welt die Nase vorn haben wollen.<\/p>","protected":false},"excerpt":{"rendered":"<p>Der ITOF-Distanzsensor bietet hohe Pr\u00e4zision, schnelle Reaktion und Langlebigkeit und ist damit ideal f\u00fcr industrielle Anwendungen in den Bereichen Automatisierung, Robotik, Logistik und intelligente Fertigung. Mit seinem gro\u00dfen Messbereich, der Datenerfassung in Echtzeit und dem robusten Design bietet dieser Sensor zuverl\u00e4ssige Leistung in rauen Umgebungen und hilft Unternehmen, Prozesse zu optimieren, die Effizienz zu verbessern und die Sicherheit zu gew\u00e4hrleisten.<\/p>","protected":false},"featured_media":2833,"template":"","meta":{"site-sidebar-layout":"default","site-content-layout":"","ast-site-content-layout":"default","site-content-style":"default","site-sidebar-style":"default","ast-global-header-display":"","ast-banner-title-visibility":"","ast-main-header-display":"","ast-hfb-above-header-display":"","ast-hfb-below-header-display":"","ast-hfb-mobile-header-display":"","site-post-title":"","ast-breadcrumbs-content":"","ast-featured-img":"","footer-sml-layout":"","ast-disable-related-posts":"","theme-transparent-header-meta":"default","adv-header-id-meta":"","stick-header-meta":"","header-above-stick-meta":"","header-main-stick-meta":"","header-below-stick-meta":"","astra-migrate-meta-layouts":"set","ast-page-background-enabled":"default","ast-page-background-meta":{"desktop":{"background-color":"var(--ast-global-color-4)","background-image":"","background-repeat":"repeat","background-position":"center center","background-size":"auto","background-attachment":"scroll","background-type":"","background-media":"","overlay-type":"","overlay-color":"","overlay-opacity":"","overlay-gradient":""},"tablet":{"background-color":"","background-image":"","background-repeat":"repeat","background-position":"center center","background-size":"auto","background-attachment":"scroll","background-type":"","background-media":"","overlay-type":"","overlay-color":"","overlay-opacity":"","overlay-gradient":""},"mobile":{"background-color":"","background-image":"","background-repeat":"repeat","background-position":"center center","background-size":"auto","background-attachment":"scroll","background-type":"","background-media":"","overlay-type":"","overlay-color":"","overlay-opacity":"","overlay-gradient":""}},"ast-content-background-meta":{"desktop":{"background-color":"var(--ast-global-color-5)","background-image":"","background-repeat":"repeat","background-position":"center center","background-size":"auto","background-attachment":"scroll","background-type":"","background-media":"","overlay-type":"","overlay-color":"","overlay-opacity":"","overlay-gradient":""},"tablet":{"background-color":"var(--ast-global-color-5)","background-image":"","background-repeat":"repeat","background-position":"center center","background-size":"auto","background-attachment":"scroll","background-type":"","background-media":"","overlay-type":"","overlay-color":"","overlay-opacity":"","overlay-gradient":""},"mobile":{"background-color":"var(--ast-global-color-5)","background-image":"","background-repeat":"repeat","background-position":"center center","background-size":"auto","background-attachment":"scroll","background-type":"","background-media":"","overlay-type":"","overlay-color":"","overlay-opacity":"","overlay-gradient":""}}},"product_brand":[60],"product_cat":[33],"product_tag":[],"class_list":{"0":"post-2829","1":"product","2":"type-product","3":"status-publish","4":"has-post-thumbnail","6":"product_brand-meskernel","7":"product_cat-industrial-laser-distance-sensors","8":"desktop-align-center","9":"tablet-align-left","10":"mobile-align-left","12":"first","13":"instock","14":"shipping-taxable","15":"product-type-simple"},"_links":{"self":[{"href":"https:\/\/meskernel.net\/de\/wp-json\/wp\/v2\/product\/2829","targetHints":{"allow":["GET"]}}],"collection":[{"href":"https:\/\/meskernel.net\/de\/wp-json\/wp\/v2\/product"}],"about":[{"href":"https:\/\/meskernel.net\/de\/wp-json\/wp\/v2\/types\/product"}],"version-history":[{"count":0,"href":"https:\/\/meskernel.net\/de\/wp-json\/wp\/v2\/product\/2829\/revisions"}],"wp:featuredmedia":[{"embeddable":true,"href":"https:\/\/meskernel.net\/de\/wp-json\/wp\/v2\/media\/2833"}],"wp:attachment":[{"href":"https:\/\/meskernel.net\/de\/wp-json\/wp\/v2\/media?parent=2829"}],"wp:term":[{"taxonomy":"product_brand","embeddable":true,"href":"https:\/\/meskernel.net\/de\/wp-json\/wp\/v2\/product_brand?post=2829"},{"taxonomy":"product_cat","embeddable":true,"href":"https:\/\/meskernel.net\/de\/wp-json\/wp\/v2\/product_cat?post=2829"},{"taxonomy":"product_tag","embeddable":true,"href":"https:\/\/meskernel.net\/de\/wp-json\/wp\/v2\/product_tag?post=2829"}],"curies":[{"name":"wp","href":"https:\/\/api.w.org\/{rel}","templated":true}]}}