{"id":3054,"date":"2024-12-10T14:33:39","date_gmt":"2024-12-10T06:33:39","guid":{"rendered":"https:\/\/meskernel.net\/?post_type=product&#038;p=3054"},"modified":"2025-12-29T11:02:32","modified_gmt":"2025-12-29T03:02:32","slug":"naherungssensor","status":"publish","type":"product","link":"https:\/\/meskernel.net\/de\/product\/proximity-sensor\/","title":{"rendered":"2000m TS1224 Laser-Entfernungsmesser | Wasserdicht &amp; Hochtemperatur-OEM-Sensor"},"content":{"rendered":"<p data-start=\"168\" data-end=\"259\"><strong data-start=\"168\" data-end=\"259\">TS1224 Laser-Entfernungsmessungs-Sensormodul: L\u00f6sung f\u00fcr Pr\u00e4zisionsmessungen mit gro\u00dfer Reichweite<\/strong><\/p>\n<p data-start=\"261\" data-end=\"898\">Das Lasermesssensormodul TS1224 bietet eine leistungsstarke und pr\u00e4zise Messl\u00f6sung, die hohe Leistung, Zuverl\u00e4ssigkeit und Vielseitigkeit in einem kompakten Design vereint. Mit einem Messbereich von 5 Metern bis 2000 Metern eignet es sich hervorragend f\u00fcr Projekte, die eine Messung \u00fcber gro\u00dfe Entfernungen erfordern. Das Modul arbeitet mit Frequenzen zwischen 1 und 3 Hz und eignet sich f\u00fcr verschiedene Branchen, darunter Bauwesen, Vermessung, Robotik und wissenschaftliche Forschung. Das Modul basiert auf der 905nm-Halbleiterlasertechnologie und verf\u00fcgt \u00fcber eine UART-Daten\u00fcbertragungsschnittstelle (TTL-Protokoll), die es dem Benutzer erleichtert, kundenspezifische L\u00f6sungen zu entwickeln.<\/p>\n<figure id=\"attachment_2986\" aria-describedby=\"caption-attachment-2986\" style=\"width: 1000px\" class=\"wp-caption aligncenter\"><img fetchpriority=\"high\" decoding=\"async\" class=\"wp-image-2986 size-full\" title=\"UART-Laserentfernungsmodul TS1224 2000m\" src=\"https:\/\/meskernel.net\/wp-content\/uploads\/2024\/11\/UART-laser-distance-module-TS1224.jpg\" alt=\"UART-Laserabstandsmodul TS1224\" width=\"1000\" height=\"500\" srcset=\"https:\/\/meskernel.net\/wp-content\/uploads\/2024\/11\/UART-laser-distance-module-TS1224.jpg 1000w, https:\/\/meskernel.net\/wp-content\/uploads\/2024\/11\/UART-laser-distance-module-TS1224-300x150.jpg 300w, https:\/\/meskernel.net\/wp-content\/uploads\/2024\/11\/UART-laser-distance-module-TS1224-768x384.jpg 768w, https:\/\/meskernel.net\/wp-content\/uploads\/2024\/11\/UART-laser-distance-module-TS1224-400x200.jpg 400w\" sizes=\"(max-width: 1000px) 100vw, 1000px\" \/><figcaption id=\"caption-attachment-2986\" class=\"wp-caption-text\">UART-Laserabstandsmodul TS1224<\/figcaption><\/figure>\n<h3>Wesentliche Merkmale:<\/h3>\n<ul>\n<li data-start=\"919\" data-end=\"972\">Langfristige Messungen f\u00fcr Gro\u00dfprojekte:<\/li>\n<\/ul>\n<p data-start=\"973\" data-end=\"1357\">\u00a0 \u00a0 \u00a0 \u00a0 \u00a0 \u00a0 Einer der wichtigsten Vorteile des TS1224 ist sein beeindruckender Messbereich von bis zu 2000 Metern. Dies macht es ideal f\u00fcr gro\u00dffl\u00e4chige Anwendungen, wie z. B. Landvermessung, Infrastrukturprojekte und Umwelt\u00fcberwachung. Ganz gleich, ob Sie \u00fcber weite Fl\u00e4chen messen oder Daten von abgelegenen Standorten erfassen m\u00fcssen, dieses Modul garantiert zuverl\u00e4ssige und leistungsstarke Ergebnisse \u00fcber gro\u00dfe Entfernungen.<\/p>\n<ul>\n<li data-start=\"1359\" data-end=\"1393\">Kompaktes Design, platzsparend:<\/li>\n<\/ul>\n<p data-start=\"1394\" data-end=\"1771\">\u00a0 \u00a0 \u00a0 \u00a0 \u00a0 \u00a0 Trotz seiner hohen Leistung hat der TS1224 einen ultrakompakten Formfaktor (25,72\u00d724,60\u00d713,40 mm), wodurch er kleiner als eine M\u00fcnze ist. Dieses kompakte Design ist perfekt f\u00fcr eingebettete Systeme und Ger\u00e4te, bei denen der Platz begrenzt ist. Das Modul l\u00e4sst sich nahtlos in Robotik, Drohnen oder tragbare Messger\u00e4te integrieren und bietet eine au\u00dfergew\u00f6hnliche Leistung, ohne wertvollen Platz zu beanspruchen.<\/p>\n<ul>\n<li data-start=\"1773\" data-end=\"1829\">Hervorragender Signalempfang f\u00fcr klarere Messungen:<\/li>\n<\/ul>\n<p data-start=\"1830\" data-end=\"2206\">\u00a0 \u00a0 \u00a0 \u00a0 \u00a0 \u00a0 Das TS1224 ist mit einem hochtransmittierenden Glas ausgestattet, das einen ausgezeichneten Signalempfang gew\u00e4hrleistet und auch bei gr\u00f6\u00dferen Entfernungen pr\u00e4zise Messungen erm\u00f6glicht. Diese Funktion ist entscheidend f\u00fcr Umgebungen mit potenziellen Signalst\u00f6rungen oder Hindernissen, z. B. im Freien oder in der Industrie. Sie k\u00f6nnen sich darauf verlassen, dass das Modul auch unter schwierigen Bedingungen konsistente und zuverl\u00e4ssige Messungen liefert.<\/p>\n<ul>\n<li data-start=\"2208\" data-end=\"2256\">Langlebiges Metallgeh\u00e4use f\u00fcr raue Umgebungen:<\/li>\n<\/ul>\n<p data-start=\"2257\" data-end=\"2571\">\u00a0 \u00a0 \u00a0 \u00a0 \u00a0 \u00a0 Das TS1224 verf\u00fcgt \u00fcber ein robustes Metallgeh\u00e4use, das auch rauen Umgebungen standh\u00e4lt. Das robuste Geh\u00e4use bietet nicht nur physischen Schutz, sondern erh\u00f6ht auch die Langlebigkeit des Moduls. Ob bei extremen Temperaturen, unter staubigen Bedingungen oder bei Projekten im Freien - das robuste Design gew\u00e4hrleistet eine kontinuierliche Leistung \u00fcber einen langen Zeitraum.<\/p>\n<ul>\n<li data-start=\"2573\" data-end=\"2620\">Einfache Integration mit mehreren Schnittstellen:<\/li>\n<\/ul>\n<p data-start=\"2621\" data-end=\"2985\">\u00a0 \u00a0 \u00a0 \u00a0 \u00a0 \u00a0 Der TS1224 bietet flexible Integrationsm\u00f6glichkeiten und unterst\u00fctzt TTL-, RS485- und RS232-Schnittstellen. Dank dieser Kompatibilit\u00e4t l\u00e4sst es sich leicht an eine Vielzahl von Ger\u00e4ten und Steuerungen anschlie\u00dfen. Ganz gleich, ob das Modul in ein mikrocontrollerbasiertes System, eine industrielle Automatisierungseinrichtung oder ein kundenspezifisches Projekt integriert werden soll, der TS1224 gew\u00e4hrleistet einen nahtlosen und unkomplizierten Integrationsprozess.<\/p>\n<figure id=\"attachment_2987\" aria-describedby=\"caption-attachment-2987\" style=\"width: 750px\" class=\"wp-caption aligncenter\"><img decoding=\"async\" class=\"wp-image-2987 size-full\" title=\"Laser-Abstandsmodul 2000m\" src=\"https:\/\/meskernel.net\/wp-content\/uploads\/2024\/11\/Laser-Distance-Module-2000m.jpg\" alt=\"Laser-Abstandsmodul 2000m\" width=\"750\" height=\"266\" srcset=\"https:\/\/meskernel.net\/wp-content\/uploads\/2024\/11\/Laser-Distance-Module-2000m.jpg 750w, https:\/\/meskernel.net\/wp-content\/uploads\/2024\/11\/Laser-Distance-Module-2000m-300x106.jpg 300w, https:\/\/meskernel.net\/wp-content\/uploads\/2024\/11\/Laser-Distance-Module-2000m-400x142.jpg 400w\" sizes=\"(max-width: 750px) 100vw, 750px\" \/><figcaption id=\"caption-attachment-2987\" class=\"wp-caption-text\">Laserdistanzmodul Mehrfachschnittstellen<\/figcaption><\/figure>\n<h3>Vielseitige Anwendungen in verschiedenen Branchen:<\/h3>\n<p>&nbsp;<\/p>\n<p data-start=\"3034\" data-end=\"3191\">Das TS1224 Laser-Entfernungsmessungs-Sensormodul erf\u00fcllt dank seiner gro\u00dfen Reichweite und hohen Pr\u00e4zision die Anforderungen von Fachleuten in verschiedenen Bereichen:<\/p>\n<ul data-start=\"3193\" data-end=\"4857\">\n<li data-start=\"3193\" data-end=\"3489\">\n<p data-start=\"3195\" data-end=\"3489\"><strong data-start=\"3195\" data-end=\"3225\">Bauwesen und Technik<\/strong>: Im Bau- und Ingenieurwesen ist der TS1224 von unsch\u00e4tzbarem Wert f\u00fcr die Vermessung gro\u00dfer Landfl\u00e4chen, die Errichtung von Bauwerken und die Durchf\u00fchrung von Gel\u00e4ndevermessungen. Seine F\u00e4higkeit, \u00fcber gro\u00dfe Entfernungen genau zu messen, macht ihn zu einem wichtigen Werkzeug f\u00fcr die Planung und Ausf\u00fchrung von Gro\u00dfprojekten.<\/p>\n<\/li>\n<li data-start=\"3493\" data-end=\"3756\">\n<p data-start=\"3495\" data-end=\"3756\"><strong data-start=\"3495\" data-end=\"3508\">Vermessung<\/strong>: Vermessungsfachleute werden von der Zuverl\u00e4ssigkeit und Pr\u00e4zision des TS1224 profitieren. Ob bei der Kartierung gro\u00dfer Fl\u00e4chen, der Berechnung der Topografie oder der Durchf\u00fchrung geod\u00e4tischer Vermessungen, das Modul liefert die genauen Entfernungsmessungen, die f\u00fcr eine pr\u00e4zise Landbewertung erforderlich sind.<a href=\"https:\/\/meskernel.net\/de\/produkte\/\">verwandte Produkte<\/a><\/p>\n<\/li>\n<li data-start=\"3758\" data-end=\"4012\">\n<p data-start=\"3760\" data-end=\"4012\"><strong data-start=\"3760\" data-end=\"3785\">Robotik und Automatisierung<\/strong>: Das kompakte Design und die pr\u00e4zisen Messungen des TS1224 eignen sich perfekt f\u00fcr Robotik und automatisierte Systeme. Er hilft bei der Hinderniserkennung, Navigation und Positionierung und sorgt f\u00fcr einen reibungslosen Betrieb in automatisierten Umgebungen.<\/p>\n<\/li>\n<li data-start=\"4014\" data-end=\"4297\">\n<p data-start=\"4016\" data-end=\"4297\"><strong data-start=\"4016\" data-end=\"4044\">Umwelt\u00fcberwachung<\/strong>: F\u00fcr die Umwelt\u00fcberwachung in abgelegenen oder schwer zug\u00e4nglichen Gebieten bietet der TS1224 eine gro\u00dfe Reichweite und hohe Pr\u00e4zision. Er ist ideal f\u00fcr die Forstwirtschaft, die Verfolgung von Wildtieren, geologische Untersuchungen und andere Anwendungen, bei denen zuverl\u00e4ssige Messungen entscheidend sind.<\/p>\n<\/li>\n<li data-start=\"4299\" data-end=\"4508\">\n<p data-start=\"4301\" data-end=\"4508\"><strong data-start=\"4301\" data-end=\"4321\">UAV-Anwendungen<\/strong>: Der TS1224 unterst\u00fctzt UAVs bei Aufgaben wie Positionierung, Navigation, Hinderniserkennung und -vermeidung sowie Pr\u00e4zisions\u00fcberwachung und ist damit ein wertvolles Werkzeug f\u00fcr eine Vielzahl von Drohnenanwendungen.<\/p>\n<\/li>\n<li data-start=\"4510\" data-end=\"4656\">\n<p data-start=\"4512\" data-end=\"4656\"><strong data-start=\"4512\" data-end=\"4530\">Zielvorrichtungen<\/strong>: Der TS1224 verbessert die Leistung von Zielsystemen durch pr\u00e4zise Entfernungsmessung und tr\u00e4gt so zu einer genauen Zielerfassung bei.<\/p>\n<\/li>\n<li data-start=\"4658\" data-end=\"4857\">\n<p data-start=\"4660\" data-end=\"4857\"><strong data-start=\"4660\" data-end=\"4691\">Sicherheits\u00fcberwachungssysteme<\/strong>: Der TS1224 verbessert Sicherheitssysteme durch hochpr\u00e4zise Entfernungsmessungen in Echtzeit, dynamische \u00dcberwachung und intelligente Analysen f\u00fcr eine bessere \u00dcberwachung.<\/p>\n<\/li>\n<\/ul>\n<p>&nbsp;<\/p>\n<figure id=\"attachment_3056\" aria-describedby=\"caption-attachment-3056\" style=\"width: 1080px\" class=\"wp-caption aligncenter\"><img decoding=\"async\" class=\"wp-image-3056 size-full\" title=\"Ann\u00e4herungssensor\" src=\"https:\/\/meskernel.net\/wp-content\/uploads\/2024\/12\/Proximity-Sensor-1.jpg\" alt=\"Ann\u00e4herungssensor\" width=\"1080\" height=\"262\" srcset=\"https:\/\/meskernel.net\/wp-content\/uploads\/2024\/12\/Proximity-Sensor-1.jpg 1080w, https:\/\/meskernel.net\/wp-content\/uploads\/2024\/12\/Proximity-Sensor-1-300x73.jpg 300w, https:\/\/meskernel.net\/wp-content\/uploads\/2024\/12\/Proximity-Sensor-1-1024x248.jpg 1024w, https:\/\/meskernel.net\/wp-content\/uploads\/2024\/12\/Proximity-Sensor-1-768x186.jpg 768w, https:\/\/meskernel.net\/wp-content\/uploads\/2024\/12\/Proximity-Sensor-1-400x97.jpg 400w\" sizes=\"(max-width: 1080px) 100vw, 1080px\" \/><figcaption id=\"caption-attachment-3056\" class=\"wp-caption-text\">Ann\u00e4herungssensor<\/figcaption><\/figure>\n<h3 data-start=\"4859\" data-end=\"4923\">Warum sollten Sie sich f\u00fcr das TS1224 Laser-Entfernungsmessungs-Sensormodul entscheiden?<\/h3>\n<p data-start=\"4925\" data-end=\"5054\">Wenn Sie auf der Suche nach einem leistungsstarken, zuverl\u00e4ssigen und kompakten Laser-Entfernungsmesser sind, ist der TS1224 die ideale L\u00f6sung. Hier ist der Grund daf\u00fcr:<\/p>\n<ul data-start=\"5056\" data-end=\"5756\">\n<li data-start=\"5056\" data-end=\"5243\">\n<p data-start=\"5058\" data-end=\"5243\"><strong data-start=\"5058\" data-end=\"5093\">Zuverl\u00e4ssige Messung mit gro\u00dfer Reichweite<\/strong>: Der TS1224 garantiert genaue Ergebnisse \u00fcber Entfernungen von 5 bis 2000 Metern und bietet eine gleichbleibende Leistung in unterschiedlichen Umgebungen.<\/p>\n<\/li>\n<li data-start=\"5247\" data-end=\"5399\">\n<p data-start=\"5249\" data-end=\"5399\"><strong data-start=\"5249\" data-end=\"5272\">Platzsparendes Design<\/strong>: Dank seiner ultrakompakten Gr\u00f6\u00dfe l\u00e4sst er sich leicht in kleine R\u00e4ume integrieren und eignet sich daher perfekt f\u00fcr eingebettete Systeme und kompakte Ger\u00e4te.<\/p>\n<\/li>\n<li data-start=\"5401\" data-end=\"5585\">\n<p data-start=\"5403\" data-end=\"5585\"><strong data-start=\"5403\" data-end=\"5433\">Ausgezeichneter Signalempfang<\/strong>: Das hochtransmittierende Glas sorgt daf\u00fcr, dass das Modul auch \u00fcber gro\u00dfe Entfernungen genaue Messungen liefert, ideal f\u00fcr Au\u00dfen- oder Industrieanwendungen.<\/p>\n<\/li>\n<li data-start=\"5587\" data-end=\"5756\">\n<p data-start=\"5589\" data-end=\"5756\"><strong data-start=\"5589\" data-end=\"5617\">Strapazierf\u00e4hig und langlebig<\/strong>: Mit seinem robusten Metallgeh\u00e4use ist der TS1224 langlebig und widersteht auch rauen Umgebungsbedingungen und bietet langfristige Zuverl\u00e4ssigkeit.<\/p>\n<\/li>\n<\/ul>\n<p data-start=\"5758\" data-end=\"6133\">Ob Sie im Baugewerbe, in der Vermessung, der Robotik, der Umwelt\u00fcberwachung oder in einem anderen Bereich arbeiten, der Messungen mit gro\u00dfer Reichweite erfordert, der TS1224 <a href=\"https:\/\/www.globalsources.com\/chengdu-meskernel\/showroom_6002100157315.htm\" target=\"_blank\" rel=\"noopener\">Laser-Entfernungsmessung Sensor<\/a> Modul bietet un\u00fcbertroffene Leistung, Haltbarkeit und einfache Integration. Seine Vielseitigkeit macht es zu einer zuverl\u00e4ssigen Wahl f\u00fcr verschiedene Branchen und gew\u00e4hrleistet stets pr\u00e4zise und genaue Ergebnisse.<\/p>","protected":false},"excerpt":{"rendered":"<p>Der Pulslaser-Entfernungsmesser bietet pr\u00e4zise Entfernungsmessungen von 5 Metern bis 2000 Metern mit <strong>\u00b1<\/strong>1 Meter Genauigkeit. Das kompakte und dennoch leistungsstarke Modul verf\u00fcgt \u00fcber ein ultrakleines Design, ein hochtransmissives Glas f\u00fcr hervorragenden Signalempfang und ein robustes Metallgeh\u00e4use f\u00fcr eine lange Lebensdauer. Dieses Modul ist ideal f\u00fcr eine Reihe von Anwendungen, einschlie\u00dflich Bauwesen, Vermessung, Robotik und Umwelt\u00fcberwachung, und l\u00e4sst sich leicht mit TTL-, RS485- und RS232-Schnittstellen integrieren. Perfekt f\u00fcr Projekte, die genaue, zuverl\u00e4ssige und weitreichende Messungen in schwierigen Umgebungen erfordern.<\/p>","protected":false},"featured_media":3706,"template":"","meta":{"site-sidebar-layout":"default","site-content-layout":"","ast-site-content-layout":"default","site-content-style":"default","site-sidebar-style":"default","ast-global-header-display":"","ast-banner-title-visibility":"","ast-main-header-display":"","ast-hfb-above-header-display":"","ast-hfb-below-header-display":"","ast-hfb-mobile-header-display":"","site-post-title":"","ast-breadcrumbs-content":"","ast-featured-img":"","footer-sml-layout":"","ast-disable-related-posts":"","theme-transparent-header-meta":"default","adv-header-id-meta":"","stick-header-meta":"","header-above-stick-meta":"","header-main-stick-meta":"","header-below-stick-meta":"","astra-migrate-meta-layouts":"set","ast-page-background-enabled":"default","ast-page-background-meta":{"desktop":{"background-color":"var(--ast-global-color-4)","background-image":"","background-repeat":"repeat","background-position":"center center","background-size":"auto","background-attachment":"scroll","background-type":"","background-media":"","overlay-type":"","overlay-color":"","overlay-opacity":"","overlay-gradient":""},"tablet":{"background-color":"","background-image":"","background-repeat":"repeat","background-position":"center center","background-size":"auto","background-attachment":"scroll","background-type":"","background-media":"","overlay-type":"","overlay-color":"","overlay-opacity":"","overlay-gradient":""},"mobile":{"background-color":"","background-image":"","background-repeat":"repeat","background-position":"center center","background-size":"auto","background-attachment":"scroll","background-type":"","background-media":"","overlay-type":"","overlay-color":"","overlay-opacity":"","overlay-gradient":""}},"ast-content-background-meta":{"desktop":{"background-color":"var(--ast-global-color-5)","background-image":"","background-repeat":"repeat","background-position":"center center","background-size":"auto","background-attachment":"scroll","background-type":"","background-media":"","overlay-type":"","overlay-color":"","overlay-opacity":"","overlay-gradient":""},"tablet":{"background-color":"var(--ast-global-color-5)","background-image":"","background-repeat":"repeat","background-position":"center center","background-size":"auto","background-attachment":"scroll","background-type":"","background-media":"","overlay-type":"","overlay-color":"","overlay-opacity":"","overlay-gradient":""},"mobile":{"background-color":"var(--ast-global-color-5)","background-image":"","background-repeat":"repeat","background-position":"center center","background-size":"auto","background-attachment":"scroll","background-type":"","background-media":"","overlay-type":"","overlay-color":"","overlay-opacity":"","overlay-gradient":""}}},"product_brand":[60],"product_cat":[54],"product_tag":[56],"class_list":{"0":"post-3054","1":"product","2":"type-product","3":"status-publish","4":"has-post-thumbnail","6":"product_brand-meskernel","7":"product_cat-long-distance-laser-ranging-sensors","8":"product_tag-hot","9":"desktop-align-center","10":"tablet-align-left","11":"mobile-align-left","13":"first","14":"instock","15":"shipping-taxable","16":"product-type-simple"},"_links":{"self":[{"href":"https:\/\/meskernel.net\/de\/wp-json\/wp\/v2\/product\/3054","targetHints":{"allow":["GET"]}}],"collection":[{"href":"https:\/\/meskernel.net\/de\/wp-json\/wp\/v2\/product"}],"about":[{"href":"https:\/\/meskernel.net\/de\/wp-json\/wp\/v2\/types\/product"}],"version-history":[{"count":0,"href":"https:\/\/meskernel.net\/de\/wp-json\/wp\/v2\/product\/3054\/revisions"}],"wp:featuredmedia":[{"embeddable":true,"href":"https:\/\/meskernel.net\/de\/wp-json\/wp\/v2\/media\/3706"}],"wp:attachment":[{"href":"https:\/\/meskernel.net\/de\/wp-json\/wp\/v2\/media?parent=3054"}],"wp:term":[{"taxonomy":"product_brand","embeddable":true,"href":"https:\/\/meskernel.net\/de\/wp-json\/wp\/v2\/product_brand?post=3054"},{"taxonomy":"product_cat","embeddable":true,"href":"https:\/\/meskernel.net\/de\/wp-json\/wp\/v2\/product_cat?post=3054"},{"taxonomy":"product_tag","embeddable":true,"href":"https:\/\/meskernel.net\/de\/wp-json\/wp\/v2\/product_tag?post=3054"}],"curies":[{"name":"wp","href":"https:\/\/api.w.org\/{rel}","templated":true}]}}