{"id":3070,"date":"2024-12-11T10:11:47","date_gmt":"2024-12-11T02:11:47","guid":{"rendered":"https:\/\/meskernel.net\/?post_type=product&#038;p=3070"},"modified":"2025-12-02T17:54:06","modified_gmt":"2025-12-02T09:54:06","slug":"bereichssensor","status":"publish","type":"product","link":"https:\/\/meskernel.net\/de\/product\/range-sensor\/","title":{"rendered":"Sensor mit 200 m Reichweite und sicherem gr\u00fcnem Laser der Klasse 1"},"content":{"rendered":"<p>Laser-Entfernungsmesser mit Analogausgang sind wesentliche Komponenten in modernen industriellen Anwendungen, insbesondere in Bereichen, die hohe Pr\u00e4zision erfordern, wie z. B. Automatisierung, Robotik und Qualit\u00e4tskontrolle. Da die Industrie fortschrittliche Technologien einsetzt, bietet die Integration von Lasersensoren mit analogem Ausgang eine zuverl\u00e4ssige L\u00f6sung f\u00fcr kontinuierliche, genaue und Echtzeitmessungen. Im Folgenden werden wir die Prinzipien, Vorteile und Anwendungen von Laser-Entfernungsmessern und Analogausg\u00e4ngen untersuchen und aufzeigen, wie diese Technologien zusammenarbeiten, um die Messgenauigkeit und Systemeffizienz zu verbessern.<\/p>\n<p><img data-dominant-color=\"b8c0c9\" data-has-transparency=\"true\" style=\"--dominant-color: #b8c0c9;\" fetchpriority=\"high\" decoding=\"async\" class=\"wp-image-6378 size-full aligncenter has-transparency\" src=\"https:\/\/meskernel.net\/wp-content\/uploads\/2024\/12\/green-laser-beam-sensors.webp\" alt=\"gr\u00fcne Laserstrahlsensoren\" width=\"945\" height=\"770\" srcset=\"https:\/\/meskernel.net\/wp-content\/uploads\/2024\/12\/green-laser-beam-sensors.webp 945w, https:\/\/meskernel.net\/wp-content\/uploads\/2024\/12\/green-laser-beam-sensors-300x244.webp 300w, https:\/\/meskernel.net\/wp-content\/uploads\/2024\/12\/green-laser-beam-sensors-768x626.webp 768w, https:\/\/meskernel.net\/wp-content\/uploads\/2024\/12\/green-laser-beam-sensors-15x12.webp 15w, https:\/\/meskernel.net\/wp-content\/uploads\/2024\/12\/green-laser-beam-sensors-400x326.webp 400w\" sizes=\"(max-width: 945px) 100vw, 945px\" \/><\/p>\n<h4>1. Wie Laser-Distanzsensoren funktionieren<\/h4>\n<p>Laser-Entfernungssensoren messen die Entfernung zwischen dem Sensor und einem Objekt mithilfe von Laserlicht. Diese Sensoren beruhen im Allgemeinen auf einem der folgenden Prinzipien:<\/p>\n<ol>\n<li><strong>Lichtlaufzeit (TOF)<\/strong>: Bei dieser Methode wird ein Laserpuls ausgesendet und vom Zielobjekt reflektiert. Der Sensor misst die Zeit, die der Impuls ben\u00f6tigt, um zum Objekt und zur\u00fcck zu gelangen. Da er die Lichtgeschwindigkeit kennt, berechnet der Sensor die Entfernung anhand der Zeitverz\u00f6gerung.<\/li>\n<li><strong>Phasenverschiebung<\/strong>: Der Sensor sendet einen kontinuierlichen Laserstrahl aus, und die Phase des reflektierten Lichts wird mit der ausgesendeten Phase verglichen. Die Phasendifferenz wird dann zur Berechnung der Entfernung verwendet. Diese Methode bietet eine hohe Genauigkeit, insbesondere bei Messungen \u00fcber gr\u00f6\u00dfere Entfernungen.<\/li>\n<li><strong>Triangulation<\/strong>: Bei der Triangulation projiziert der Sensor einen Laserstrahl auf ein Objekt, und ein positionsempfindlicher Detektor erfasst das reflektierte Licht. Durch Messung des Winkels des reflektierten Lichts berechnet der Sensor die Entfernung anhand trigonometrischer Prinzipien.<\/li>\n<\/ol>\n<p>Unabh\u00e4ngig von der verwendeten Methode bieten Laser-Entfernungsmesser eine au\u00dfergew\u00f6hnliche Pr\u00e4zision, die oft Millimeter- oder sogar Mikrometergenauigkeit erreicht.<\/p>\n<h4>2. Die Rolle des Analogausgangs<\/h4>\n<p>Die analoge Ausgabe ist eine Methode, mit der Sensoren gemessene Daten als kontinuierliches elektrisches Signal \u00fcbertragen, normalerweise in Form von Spannung oder Strom. Analoge Signale bieten eine reibungslose R\u00fcckmeldung in Echtzeit und sind daher ideal f\u00fcr Anwendungen, die eine kontinuierliche \u00dcberwachung oder Steuerung erfordern.<\/p>\n<p>G\u00e4ngige Typen von Analogausg\u00e4ngen sind:<\/p>\n<ul>\n<li><strong>Spannung Ausgang<\/strong>: Es werden Signale in Bereichen wie 0-10V, 0-5V oder 1-5V verwendet, wobei der Messwert direkt der Ausgangsspannung entspricht.<\/li>\n<li><strong>Stromausgang<\/strong>: Die 4-20mA-Stromschleife ist ein weit verbreitetes Analogsignal, das sich besonders f\u00fcr die \u00dcbertragung \u00fcber gro\u00dfe Entfernungen eignet und eine bessere Immunit\u00e4t gegen elektrisches Rauschen bietet.<\/li>\n<\/ul>\n<p>Analoge Ausgangssignale lassen sich nahtlos in industrielle Steuerungssysteme, SPS und Datenerfassungssysteme integrieren, wo sie verarbeitet und f\u00fcr die Echtzeitsteuerung und -\u00fcberwachung verwendet werden k\u00f6nnen.<\/p>\n<h4>3. die Kombination von Laser-Entfernungsmesser und Analogausgang<\/h4>\n<p>Wenn Laser-Distanzsensoren und Analogausgang zusammenarbeiten, entsteht eine leistungsstarke L\u00f6sung f\u00fcr verschiedene Anwendungen. Hier sind einige h\u00e4ufige Anwendungsf\u00e4lle, bei denen sich diese Kombination als besonders vorteilhaft erweist:<\/p>\n<ol>\n<li><strong>Industrielle Automatisierung und Robotik<\/strong>: Laser-Entfernungsmesser mit analogem Ausgang werden h\u00e4ufig in der Robotik, an Montagelinien und in Materialtransportsystemen eingesetzt. Ein Roboter kann beispielsweise einen Lasersensor verwenden, um die Entfernung zu einem Objekt zu messen, und der Analogausgang sendet diese Daten an das Steuersystem, was eine pr\u00e4zise Bewegungssteuerung f\u00fcr Aufgaben wie das Aufnehmen von Objekten oder die Montage erm\u00f6glicht.<\/li>\n<li><strong>F\u00fcllstands- und Positionsmessung<\/strong>: Laser-Range-Sensoren werden \u00fcblicherweise zur Messung von Fl\u00fcssigkeitsst\u00e4nden in Tanks, Silos oder Beh\u00e4ltern eingesetzt. Der Sensor sendet ein kontinuierliches analoges Signal, das den Abstand zur Fl\u00fcssigkeitsoberfl\u00e4che angibt und es dem System erm\u00f6glicht, den Fl\u00fcssigkeitsstand zu \u00fcberwachen und Echtzeitaktionen auszul\u00f6sen, wie z. B. die Aktivierung von Alarmen oder die Steuerung von Pumpen.<\/li>\n<li><strong>Pr\u00e4zisionsmessung und Qualit\u00e4tskontrolle<\/strong>: In der Fertigung messen Lasersensoren die Abmessungen von Bauteilen mit hoher Pr\u00e4zision und erkennen Gr\u00f6\u00dfenabweichungen. Der analoge Ausgang liefert eine kontinuierliche R\u00fcckmeldung an das Kontrollsystem und erm\u00f6glicht so automatische Anpassungen oder Qualit\u00e4tspr\u00fcfungen.<\/li>\n<li><strong>Parksysteme und Verkehrs\u00fcberwachung<\/strong>: Lasersensoren werden auch in intelligenten Parksystemen und bei der Verkehrs\u00fcberwachung eingesetzt. Indem sie den Abstand zwischen Fahrzeugen oder Hindernissen messen und ein analoges Signal senden, k\u00f6nnen diese Systeme die Verf\u00fcgbarkeit von Parkpl\u00e4tzen oder Verkehrsstaus in Echtzeit \u00fcberwachen.<\/li>\n<\/ol>\n<h3>4 Vorteile von Laser-Distanzsensoren mit Analogausgang<\/h3>\n<ol>\n<li><strong>Hohe Genauigkeit und Stabilit\u00e4t<\/strong>: Laser-Entfernungsmesser bieten extrem genaue Messungen, oft mit einer Genauigkeit von bis zu Millimetern oder sogar Mikrometern. Diese Sensoren arbeiten zuverl\u00e4ssig in verschiedenen Umgebungen, einschlie\u00dflich schwachem Licht, hohen Temperaturen und rauen industriellen Bedingungen.<\/li>\n<li><strong>Ber\u00fchrungslose Messung<\/strong>: Lasersensoren messen ber\u00fchrungslos, d. h. der Sensor kommt nicht mit dem zu messenden Objekt in Ber\u00fchrung. Diese Eigenschaft minimiert die Abnutzung sowohl des Sensors als auch des Messobjekts und macht sie ideal f\u00fcr empfindliche oder gef\u00e4hrliche Materialien.<\/li>\n<li><strong>Daten\u00fcbertragung in Echtzeit<\/strong>: Der analoge Ausgang gew\u00e4hrleistet die kontinuierliche \u00dcbertragung von Echtzeitdaten, was ideal f\u00fcr Anwendungen ist, die eine st\u00e4ndige \u00dcberwachung und sofortige Anpassungen erfordern. Dies ist besonders n\u00fctzlich bei automatisierten Prozessen, bei denen das System ohne Verz\u00f6gerung auf die Daten des Sensors reagieren muss.<\/li>\n<li><strong>Messung mit gro\u00dfer Reichweite<\/strong>: Laser-Entfernungsmesser k\u00f6nnen \u00fcber gro\u00dfe Entfernungen messen - manchmal mehrere Meter oder sogar Dutzende von Metern. Diese F\u00e4higkeit macht sie ideal f\u00fcr Anwendungen, die weitreichende Messungen erfordern, z. B. in der Gro\u00dfserienfertigung oder in komplexen Umgebungen.<\/li>\n<li><strong>Einfache Integration<\/strong>: Analoge Ausgangssignale sind unkompliziert und kompatibel mit einer Vielzahl von industriellen Steuerungen und Datenerfassungssystemen. Dadurch lassen sie sich leicht in bestehende Systeme integrieren, ohne dass eine komplexe Programmierung oder Kommunikationsprotokolle erforderlich sind.<\/li>\n<\/ol>\n<p><img decoding=\"async\" class=\"wp-image-3072 size-full aligncenter\" title=\"Abstandssensoren mit Analogausgang\" src=\"https:\/\/meskernel.net\/wp-content\/uploads\/2024\/12\/distance-sensors-with-analog-output.jpg\" alt=\"Abstandssensoren mit Analogausgang\" width=\"800\" height=\"800\" srcset=\"https:\/\/meskernel.net\/wp-content\/uploads\/2024\/12\/distance-sensors-with-analog-output.jpg 800w, https:\/\/meskernel.net\/wp-content\/uploads\/2024\/12\/distance-sensors-with-analog-output-300x300.jpg 300w, https:\/\/meskernel.net\/wp-content\/uploads\/2024\/12\/distance-sensors-with-analog-output-150x150.jpg 150w, https:\/\/meskernel.net\/wp-content\/uploads\/2024\/12\/distance-sensors-with-analog-output-768x768.jpg 768w, https:\/\/meskernel.net\/wp-content\/uploads\/2024\/12\/distance-sensors-with-analog-output-400x400.jpg 400w, https:\/\/meskernel.net\/wp-content\/uploads\/2024\/12\/distance-sensors-with-analog-output-100x100.jpg 100w\" sizes=\"(max-width: 800px) 100vw, 800px\" \/><\/p>\n<p>Der Entfernungsmesser mit Analogausgang bietet eine leistungsstarke und effiziente L\u00f6sung f\u00fcr zahlreiche industrielle Anwendungen. Lasersensoren liefern pr\u00e4zise, ber\u00fchrungslose Messungen mit hoher Genauigkeit, w\u00e4hrend der Analogausgang eine kontinuierliche Daten\u00fcbertragung in Echtzeit gew\u00e4hrleistet. Zusammen erm\u00f6glichen diese Technologien eine effiziente \u00dcberwachung, Steuerung und Automatisierung in Bereichen wie Robotik, Industrieautomation, F\u00fcllstandsmessung und Qualit\u00e4tskontrolle.<\/p>\n<p>Im Zuge des technologischen Fortschritts werden Laser-Entfernungsmesser noch genauer und vielseitiger werden, w\u00e4hrend die analoge Ausgabe eine zuverl\u00e4ssige und weit verbreitete Methode der Signal\u00fcbertragung in der Industrie bleiben wird. Diese Integration wird Innovation und Effizienz weiter vorantreiben und zu intelligenteren, st\u00e4rker automatisierten Systemen in allen Branchen f\u00fchren.<\/p>\n<h3>Warum wir<\/h3>\n<p>&nbsp;<\/p>\n<ul>\n<li><strong>Hohe Dauerhaftigkeit<\/strong>: Die Kombination aus einem Geh\u00e4use aus Aluminiumlegierung und einem IP-Schutz gew\u00e4hrleistet, dass der Sensor rauen Umgebungen standh\u00e4lt und Jahr f\u00fcr Jahr zuverl\u00e4ssig funktioniert.<\/li>\n<li><strong>Genauigkeit, auf die Sie sich verlassen k\u00f6nnen<\/strong>: Unsere Abstandsmesssensoren garantieren pr\u00e4zise Messungen und liefern genaue Daten, die den h\u00f6chsten Standards f\u00fcr industrielle und wissenschaftliche Anwendungen entsprechen.<\/li>\n<li><strong>Einfache Integration<\/strong>: Mit mehreren Kommunikationsschnittstellen wie TTL, RS485 und RS232 lassen sich unsere Sensoren m\u00fchelos in bestehende Systeme integrieren, was die Installationszeit und -komplexit\u00e4t reduziert.<\/li>\n<li><strong>Ma\u00dfgeschneidert f\u00fcr Ihre Bed\u00fcrfnisse<\/strong>: Wir bieten OEM- und ODM-Dienstleistungen an, um Ihre Sensoren auf der Grundlage Ihrer spezifischen Anwendungsanforderungen anzupassen und sicherzustellen, dass der Sensor genau Ihren Anforderungen entspricht.<\/li>\n<li><strong>Werksdirekte Preisgestaltung<\/strong>: Als Hersteller bieten wir wettbewerbsf\u00e4hige Preise, die Ihnen helfen, Kosten zu sparen und gleichzeitig hochwertige Sensoren f\u00fcr Ihre Projekte zu erhalten.<\/li>\n<\/ul>","protected":false},"excerpt":{"rendered":"<p>Der Laser-Entfernungsmesser mit Analogausgang von Meskernel bietet un\u00fcbertroffene Pr\u00e4zision, schnelle Reaktion und einen gro\u00dfen Messbereich und ist damit die perfekte Wahl f\u00fcr industrielle, Outdoor- und Spezialanwendungen. Mit \u00fcber 20 Jahren Erfahrung bietet Meskernel einen hochgradig anpassbaren Sensor mit fortschrittlicher gr\u00fcner 520nm-Lasertechnologie, vielseitigen Stromversorgungsoptionen und robusten Kommunikationsprotokollen. Der USB-Lasersensor wurde f\u00fcr den Einsatz in anspruchsvollen Umgebungen entwickelt - einschlie\u00dflich Unterwasser- und Fl\u00fcssigkeitsmessungen - und gew\u00e4hrleistet zuverl\u00e4ssige, leistungsstarke Ergebnisse. Entscheiden Sie sich f\u00fcr Meskernel, wenn Sie einen Sensor ben\u00f6tigen, der genau Ihren Anforderungen entspricht und Ihre Projekte zum Erfolg f\u00fchrt.<\/p>","protected":false},"featured_media":3207,"template":"","meta":{"site-sidebar-layout":"right-sidebar","site-content-layout":"","ast-site-content-layout":"default","site-content-style":"default","site-sidebar-style":"default","ast-global-header-display":"","ast-banner-title-visibility":"","ast-main-header-display":"","ast-hfb-above-header-display":"","ast-hfb-below-header-display":"","ast-hfb-mobile-header-display":"","site-post-title":"","ast-breadcrumbs-content":"","ast-featured-img":"","footer-sml-layout":"","ast-disable-related-posts":"","theme-transparent-header-meta":"default","adv-header-id-meta":"","stick-header-meta":"","header-above-stick-meta":"","header-main-stick-meta":"","header-below-stick-meta":"","astra-migrate-meta-layouts":"set","ast-page-background-enabled":"default","ast-page-background-meta":{"desktop":{"background-color":"var(--ast-global-color-4)","background-image":"","background-repeat":"repeat","background-position":"center center","background-size":"auto","background-attachment":"scroll","background-type":"","background-media":"","overlay-type":"","overlay-color":"","overlay-opacity":"","overlay-gradient":""},"tablet":{"background-color":"","background-image":"","background-repeat":"repeat","background-position":"center center","background-size":"auto","background-attachment":"scroll","background-type":"","background-media":"","overlay-type":"","overlay-color":"","overlay-opacity":"","overlay-gradient":""},"mobile":{"background-color":"","background-image":"","background-repeat":"repeat","background-position":"center center","background-size":"auto","background-attachment":"scroll","background-type":"","background-media":"","overlay-type":"","overlay-color":"","overlay-opacity":"","overlay-gradient":""}},"ast-content-background-meta":{"desktop":{"background-color":"var(--ast-global-color-5)","background-image":"","background-repeat":"repeat","background-position":"center center","background-size":"auto","background-attachment":"scroll","background-type":"","background-media":"","overlay-type":"","overlay-color":"","overlay-opacity":"","overlay-gradient":""},"tablet":{"background-color":"var(--ast-global-color-5)","background-image":"","background-repeat":"repeat","background-position":"center center","background-size":"auto","background-attachment":"scroll","background-type":"","background-media":"","overlay-type":"","overlay-color":"","overlay-opacity":"","overlay-gradient":""},"mobile":{"background-color":"var(--ast-global-color-5)","background-image":"","background-repeat":"repeat","background-position":"center center","background-size":"auto","background-attachment":"scroll","background-type":"","background-media":"","overlay-type":"","overlay-color":"","overlay-opacity":"","overlay-gradient":""}}},"product_brand":[60],"product_cat":[52],"product_tag":[],"class_list":{"0":"post-3070","1":"product","2":"type-product","3":"status-publish","4":"has-post-thumbnail","6":"product_brand-meskernel","7":"product_cat-phase-distance-sensor","8":"desktop-align-center","9":"tablet-align-left","10":"mobile-align-left","12":"first","13":"instock","14":"shipping-taxable","15":"product-type-simple"},"_links":{"self":[{"href":"https:\/\/meskernel.net\/de\/wp-json\/wp\/v2\/product\/3070","targetHints":{"allow":["GET"]}}],"collection":[{"href":"https:\/\/meskernel.net\/de\/wp-json\/wp\/v2\/product"}],"about":[{"href":"https:\/\/meskernel.net\/de\/wp-json\/wp\/v2\/types\/product"}],"version-history":[{"count":0,"href":"https:\/\/meskernel.net\/de\/wp-json\/wp\/v2\/product\/3070\/revisions"}],"wp:featuredmedia":[{"embeddable":true,"href":"https:\/\/meskernel.net\/de\/wp-json\/wp\/v2\/media\/3207"}],"wp:attachment":[{"href":"https:\/\/meskernel.net\/de\/wp-json\/wp\/v2\/media?parent=3070"}],"wp:term":[{"taxonomy":"product_brand","embeddable":true,"href":"https:\/\/meskernel.net\/de\/wp-json\/wp\/v2\/product_brand?post=3070"},{"taxonomy":"product_cat","embeddable":true,"href":"https:\/\/meskernel.net\/de\/wp-json\/wp\/v2\/product_cat?post=3070"},{"taxonomy":"product_tag","embeddable":true,"href":"https:\/\/meskernel.net\/de\/wp-json\/wp\/v2\/product_tag?post=3070"}],"curies":[{"name":"wp","href":"https:\/\/api.w.org\/{rel}","templated":true}]}}