{"id":3132,"date":"2024-12-19T10:14:20","date_gmt":"2024-12-19T02:14:20","guid":{"rendered":"https:\/\/meskernel.net\/?post_type=product&#038;p=3132"},"modified":"2025-07-28T11:26:19","modified_gmt":"2025-07-28T03:26:19","slug":"wasserstandssensor","status":"publish","type":"product","link":"https:\/\/meskernel.net\/de\/product\/water-level-detector-sensor\/","title":{"rendered":"TS1224 Entfernungsmesssensor 2000m f\u00fcr pr\u00e4zise Outdoor-Projekte"},"content":{"rendered":"<div class=\"text-title\">\n<div class=\"magic-3\">\n<h3 data-start=\"0\" data-end=\"77\"><strong data-start=\"4\" data-end=\"77\">TS1224 Entfernungsmesssensor - 2000m f\u00fcr pr\u00e4zise Outdoor-Projekte<\/strong><\/h3>\n<p data-start=\"79\" data-end=\"613\">Der TS1224 Entfernungsmesssensor wurde entwickelt, um au\u00dfergew\u00f6hnliche Pr\u00e4zision und eine hohe Reichweite in Au\u00dfenbereichen zu gew\u00e4hrleisten. Ganz gleich, ob Sie an Vermessungs-, Bau- oder anderen Gro\u00dfprojekten arbeiten, die genaue Messungen erfordern, der TS1224 stellt sicher, dass Sie jederzeit zuverl\u00e4ssige Daten erhalten. Mit einem Messbereich von 2000 Metern ist dieser Sensor f\u00fcr den Einsatz unter schwierigen Au\u00dfenbedingungen konzipiert und liefert genaue Entfernungsmessungen, die f\u00fcr den Erfolg Ihres Projekts entscheidend sein k\u00f6nnen.<\/p>\n<\/div>\n<\/div>\n<figure id=\"attachment_2986\" aria-describedby=\"caption-attachment-2986\" style=\"width: 1000px\" class=\"wp-caption aligncenter\"><img fetchpriority=\"high\" decoding=\"async\" class=\"wp-image-2986 size-full\" title=\"UART-Laserentfernungsmodul TS1224 2000m\" src=\"https:\/\/meskernel.net\/wp-content\/uploads\/2024\/11\/UART-laser-distance-module-TS1224.jpg\" alt=\"UART-Laserabstandsmodul TS1224\" width=\"1000\" height=\"500\" srcset=\"https:\/\/meskernel.net\/wp-content\/uploads\/2024\/11\/UART-laser-distance-module-TS1224.jpg 1000w, https:\/\/meskernel.net\/wp-content\/uploads\/2024\/11\/UART-laser-distance-module-TS1224-300x150.jpg 300w, https:\/\/meskernel.net\/wp-content\/uploads\/2024\/11\/UART-laser-distance-module-TS1224-768x384.jpg 768w, https:\/\/meskernel.net\/wp-content\/uploads\/2024\/11\/UART-laser-distance-module-TS1224-400x200.jpg 400w\" sizes=\"(max-width: 1000px) 100vw, 1000px\" \/><figcaption id=\"caption-attachment-2986\" class=\"wp-caption-text\">UART-Laserabstandsmodul TS1224<\/figcaption><\/figure>\n<h3 data-start=\"620\" data-end=\"640\"><strong data-start=\"624\" data-end=\"640\">Wesentliche Merkmale<\/strong><\/h3>\n<ul>\n<li data-start=\"642\" data-end=\"683\"><strong data-start=\"647\" data-end=\"683\">Erweiterter 2000m Messbereich<\/strong><\/li>\n<\/ul>\n<p data-start=\"684\" data-end=\"973\">Mit einer bemerkenswerten Reichweite von bis zu 2000 Metern ist der TS1224 perfekt f\u00fcr Anwendungen geeignet, die Messungen \u00fcber gro\u00dfe Entfernungen erfordern. Ganz gleich, ob Sie gro\u00dfe Gebiete kartieren, Umweltstudien durchf\u00fchren oder gro\u00dfe Baustellen verwalten, dieser Sensor bietet eine un\u00fcbertroffene Reichweite und Pr\u00e4zision.<\/p>\n<ul>\n<li data-start=\"975\" data-end=\"1021\"><strong data-start=\"980\" data-end=\"1021\">Ultrakompaktes und platzsparendes Design<\/strong><\/li>\n<\/ul>\n<p data-start=\"1022\" data-end=\"1292\">Trotz seiner gro\u00dfen Reichweite hat der TS1224 einen kompakten Formfaktor mit einer maximalen Seitenl\u00e4nge kleiner als eine M\u00fcnze. Dies erm\u00f6glicht eine einfache Integration in enge R\u00e4ume und kompakte Systeme und macht ihn zur idealen Wahl, wenn Gr\u00f6\u00dfe und Raumeffizienz entscheidend sind.<\/p>\n<ul>\n<li data-start=\"1294\" data-end=\"1336\"><strong data-start=\"1299\" data-end=\"1336\">Leistungsstarker Signalempfang<\/strong><\/li>\n<\/ul>\n<p data-start=\"1337\" data-end=\"1668\">Das TS1224 ist mit hochtransmittierendem Glas ausgestattet, das den Signalempfang maximiert und klarere, genauere Messungen \u00fcber gro\u00dfe Entfernungen gew\u00e4hrleistet. Diese Eigenschaft macht ihn ideal f\u00fcr Projekte im Freien, wo Umweltfaktoren wie Wetter, Lichtverh\u00e4ltnisse und Gel\u00e4nde die Leistung beeintr\u00e4chtigen k\u00f6nnen.<\/p>\n<ul>\n<li data-start=\"1670\" data-end=\"1721\"><strong data-start=\"1675\" data-end=\"1721\">Langlebiges Metallgeh\u00e4use f\u00fcr raue Umgebungen<\/strong><\/li>\n<\/ul>\n<p data-start=\"1722\" data-end=\"2021\">Der TS1224 wurde f\u00fcr den Einsatz unter schwierigen Bedingungen entwickelt und verf\u00fcgt \u00fcber ein Metallgeh\u00e4use, das eine lange Lebensdauer gew\u00e4hrleistet. Ganz gleich, ob er Staub, Feuchtigkeit oder extremen Temperaturen ausgesetzt ist, der Sensor liefert eine gleichbleibende Leistung und sorgt daf\u00fcr, dass Ihre Messungen in jeder Umgebung genau bleiben.<\/p>\n<h3 data-start=\"3070\" data-end=\"3090\"><strong data-start=\"3074\" data-end=\"3090\">Anwendungen<\/strong><\/h3>\n<ul>\n<li data-start=\"3092\" data-end=\"3295\"><strong data-start=\"3094\" data-end=\"3117\">Vermessung und Kartierung<\/strong>: Der TS1224 ist ideal f\u00fcr gro\u00dffl\u00e4chige Vermessungen und kann Entfernungen von bis zu 2000 Metern abdecken. Er liefert hochpr\u00e4zise Messungen, die f\u00fcr genaue topografische Karten und Lagepl\u00e4ne unerl\u00e4sslich sind.<\/li>\n<li data-start=\"3296\" data-end=\"3481\"><strong data-start=\"3298\" data-end=\"3314\">Bauwesen<\/strong>: Bei gro\u00dfen Bauprojekten sorgt die gro\u00dfe Reichweite des Sensors f\u00fcr zuverl\u00e4ssige Entfernungsmessungen bei der Vermessung von Grundst\u00fccken, Fundamenten und anderen Strukturen auf gro\u00dfen Fl\u00e4chen.<\/li>\n<li data-start=\"3482\" data-end=\"3681\"><strong data-start=\"3484\" data-end=\"3512\">Umwelt\u00fcberwachung<\/strong>: Der TS1224 eignet sich hervorragend f\u00fcr Umweltstudien, bei denen pr\u00e4zise Entfernungsmessungen f\u00fcr die \u00dcberwachung von W\u00e4ldern, Feuchtgebieten und anderen Naturlandschaften entscheidend sein k\u00f6nnen.<\/li>\n<li data-start=\"3682\" data-end=\"3897\"><strong data-start=\"3684\" data-end=\"3717\">Landwirtschaft und Landmanagement<\/strong>: F\u00fcr Anwendungen in der Landvermessung und -bewirtschaftung eignet sich dieser Sensor perfekt f\u00fcr gro\u00dfe landwirtschaftliche Betriebe und abgelegenes Gel\u00e4nde, da er pr\u00e4zise Messwerte liefert, die als Grundlage f\u00fcr Entscheidungen \u00fcber die Landnutzung dienen k\u00f6nnen.<em style=\"font-size: 16px;\"><a href=\"https:\/\/meskernel.net\/de\/hochfrequenz-sensormodul\/phasenabschnittssensor\/\">verwandte Produkte<\/a><\/em><\/li>\n<\/ul>\n<p>&nbsp;<\/p>\n<p><img decoding=\"async\" class=\"wp-image-3056 size-full aligncenter\" title=\"Ann\u00e4herungssensor\" src=\"https:\/\/meskernel.net\/wp-content\/uploads\/2024\/12\/Proximity-Sensor-1.jpg\" alt=\"Ann\u00e4herungssensor\" width=\"1080\" height=\"262\" srcset=\"https:\/\/meskernel.net\/wp-content\/uploads\/2024\/12\/Proximity-Sensor-1.jpg 1080w, https:\/\/meskernel.net\/wp-content\/uploads\/2024\/12\/Proximity-Sensor-1-300x73.jpg 300w, https:\/\/meskernel.net\/wp-content\/uploads\/2024\/12\/Proximity-Sensor-1-1024x248.jpg 1024w, https:\/\/meskernel.net\/wp-content\/uploads\/2024\/12\/Proximity-Sensor-1-768x186.jpg 768w, https:\/\/meskernel.net\/wp-content\/uploads\/2024\/12\/Proximity-Sensor-1-400x97.jpg 400w\" sizes=\"(max-width: 1080px) 100vw, 1080px\" \/><\/p>\n<h3 data-start=\"2028\" data-end=\"2084\"><strong data-start=\"2032\" data-end=\"2084\">Warum der TS1224 Abstandssensor?<\/strong><\/h3>\n<p data-start=\"2086\" data-end=\"2126\"><strong data-start=\"2091\" data-end=\"2126\">Pr\u00e4zision f\u00fcr kritische Projekte<\/strong><\/p>\n<p data-start=\"2127\" data-end=\"2381\">Bei Outdoor-Projekten, bei denen jede Messung z\u00e4hlt, sorgt der TS1224 daf\u00fcr, dass Sie pr\u00e4zise Daten f\u00fcr Ihre Anforderungen erhalten. Von Baustellen bis hin zur Umwelt\u00fcberwachung kann dieser Sensor gro\u00df angelegte Operationen mit hoher Genauigkeit \u00fcber gro\u00dfe Entfernungen hinweg durchf\u00fchren.<\/p>\n<p data-start=\"2383\" data-end=\"2421\"><strong data-start=\"2388\" data-end=\"2421\">Branchen\u00fcbergreifende Vielseitigkeit<\/strong><\/p>\n<p data-start=\"2422\" data-end=\"2759\">Egal, ob Sie in der Vermessung, Geod\u00e4sie, im Bauwesen oder in der Landwirtschaft t\u00e4tig sind, der TS1224 <a href=\"https:\/\/www.globalsources.com\/chengdu-meskernel\/showroom_6002100157315.htm\" target=\"_blank\" rel=\"noopener\">Sensor<\/a> passt sich nahtlos an eine Vielzahl von Branchen an. Seine Kombination aus gro\u00dfer Reichweite, kompakter Gr\u00f6\u00dfe und hoher Genauigkeit macht ihn zu einem unverzichtbaren Werkzeug f\u00fcr Messaufgaben im Freien, die Pr\u00e4zision unter verschiedenen Bedingungen erfordern.<\/p>\n<p data-start=\"2761\" data-end=\"2800\"><strong data-start=\"2766\" data-end=\"2800\">Schnelle Integration und einfache Einrichtung<\/strong><\/p>\n<p data-start=\"2801\" data-end=\"3063\">Mit seiner benutzerfreundlichen Oberfl\u00e4che und dem einfachen Integrationsprozess ist der TS1224-Sensor so konzipiert, dass er problemlos in bestehende Systeme integriert werden kann. Er ist ideal f\u00fcr Ingenieure und Projektmanager, die eine schnelle Einrichtung ohne die Komplexit\u00e4t einer umst\u00e4ndlichen Installation ben\u00f6tigen.<\/p>\n<p data-start=\"3924\" data-end=\"4509\">Der TS1224 Entfernungsmesssensor ist die ideale L\u00f6sung f\u00fcr Langstreckenmessungen mit un\u00fcbertroffener Pr\u00e4zision in Au\u00dfenbereichen. Seine Reichweite von 2000 Metern, sein ultrakompaktes Design und seine Robustheit machen ihn zur perfekten L\u00f6sung f\u00fcr anspruchsvolle Outdoor-Projekte, bei denen Genauigkeit und Zuverl\u00e4ssigkeit an erster Stelle stehen. Ganz gleich, ob Sie gro\u00dfe Landfl\u00e4chen vermessen, Bauprojekte leiten oder Umwelt\u00fcberwachungen durchf\u00fchren, der TS1224 sorgt daf\u00fcr, dass Ihre Messungen immer punktgenau sind, so dass Sie Ihre Projekte effizient und zuverl\u00e4ssig durchf\u00fchren k\u00f6nnen.<\/p>\n<p data-start=\"4511\" data-end=\"4611\">Wenn Sie weitere Informationen w\u00fcnschen oder sich \u00fcber die Integration des TS1224 in Ihre Systeme erkundigen m\u00f6chten, <a href=\"https:\/\/meskernel.net\/de\/kontakt\/\">Kontaktieren Sie uns noch heute<\/a>!<\/p>","protected":false},"excerpt":{"rendered":"<p>Der TS1224 Laser-Distanzmesssensor bietet eine au\u00dfergew\u00f6hnliche Pr\u00e4zision mit einer Reichweite von 2000 Metern und ist damit ideal f\u00fcr Projekte im Freien, wie z. B. Kartierung, Bau und Umwelt\u00fcberwachung. Sein ultrakompaktes Design, der leistungsstarke Signalempfang und das robuste Metallgeh\u00e4use gew\u00e4hrleisten einen zuverl\u00e4ssigen Betrieb unter rauen Bedingungen. Der TS1224 l\u00e4sst sich leicht in bestehende Systeme integrieren und eignet sich perfekt f\u00fcr gro\u00df angelegte, hochpr\u00e4zise Messungen, die schnelle und genaue Daten f\u00fcr verschiedene Branchen liefern.<\/p>","protected":false},"featured_media":3707,"template":"","meta":{"site-sidebar-layout":"default","site-content-layout":"","ast-site-content-layout":"default","site-content-style":"default","site-sidebar-style":"default","ast-global-header-display":"","ast-banner-title-visibility":"","ast-main-header-display":"","ast-hfb-above-header-display":"","ast-hfb-below-header-display":"","ast-hfb-mobile-header-display":"","site-post-title":"","ast-breadcrumbs-content":"","ast-featured-img":"","footer-sml-layout":"","ast-disable-related-posts":"","theme-transparent-header-meta":"default","adv-header-id-meta":"","stick-header-meta":"","header-above-stick-meta":"","header-main-stick-meta":"","header-below-stick-meta":"","astra-migrate-meta-layouts":"set","ast-page-background-enabled":"default","ast-page-background-meta":{"desktop":{"background-color":"var(--ast-global-color-4)","background-image":"","background-repeat":"repeat","background-position":"center center","background-size":"auto","background-attachment":"scroll","background-type":"","background-media":"","overlay-type":"","overlay-color":"","overlay-opacity":"","overlay-gradient":""},"tablet":{"background-color":"","background-image":"","background-repeat":"repeat","background-position":"center center","background-size":"auto","background-attachment":"scroll","background-type":"","background-media":"","overlay-type":"","overlay-color":"","overlay-opacity":"","overlay-gradient":""},"mobile":{"background-color":"","background-image":"","background-repeat":"repeat","background-position":"center center","background-size":"auto","background-attachment":"scroll","background-type":"","background-media":"","overlay-type":"","overlay-color":"","overlay-opacity":"","overlay-gradient":""}},"ast-content-background-meta":{"desktop":{"background-color":"var(--ast-global-color-5)","background-image":"","background-repeat":"repeat","background-position":"center center","background-size":"auto","background-attachment":"scroll","background-type":"","background-media":"","overlay-type":"","overlay-color":"","overlay-opacity":"","overlay-gradient":""},"tablet":{"background-color":"var(--ast-global-color-5)","background-image":"","background-repeat":"repeat","background-position":"center center","background-size":"auto","background-attachment":"scroll","background-type":"","background-media":"","overlay-type":"","overlay-color":"","overlay-opacity":"","overlay-gradient":""},"mobile":{"background-color":"var(--ast-global-color-5)","background-image":"","background-repeat":"repeat","background-position":"center center","background-size":"auto","background-attachment":"scroll","background-type":"","background-media":"","overlay-type":"","overlay-color":"","overlay-opacity":"","overlay-gradient":""}}},"product_brand":[60],"product_cat":[30],"product_tag":[],"class_list":{"0":"post-3132","1":"product","2":"type-product","3":"status-publish","4":"has-post-thumbnail","6":"product_brand-meskernel","7":"product_cat-pulse-ranging-sensor","8":"desktop-align-center","9":"tablet-align-left","10":"mobile-align-left","12":"first","13":"instock","14":"shipping-taxable","15":"product-type-simple"},"_links":{"self":[{"href":"https:\/\/meskernel.net\/de\/wp-json\/wp\/v2\/product\/3132","targetHints":{"allow":["GET"]}}],"collection":[{"href":"https:\/\/meskernel.net\/de\/wp-json\/wp\/v2\/product"}],"about":[{"href":"https:\/\/meskernel.net\/de\/wp-json\/wp\/v2\/types\/product"}],"version-history":[{"count":0,"href":"https:\/\/meskernel.net\/de\/wp-json\/wp\/v2\/product\/3132\/revisions"}],"wp:featuredmedia":[{"embeddable":true,"href":"https:\/\/meskernel.net\/de\/wp-json\/wp\/v2\/media\/3707"}],"wp:attachment":[{"href":"https:\/\/meskernel.net\/de\/wp-json\/wp\/v2\/media?parent=3132"}],"wp:term":[{"taxonomy":"product_brand","embeddable":true,"href":"https:\/\/meskernel.net\/de\/wp-json\/wp\/v2\/product_brand?post=3132"},{"taxonomy":"product_cat","embeddable":true,"href":"https:\/\/meskernel.net\/de\/wp-json\/wp\/v2\/product_cat?post=3132"},{"taxonomy":"product_tag","embeddable":true,"href":"https:\/\/meskernel.net\/de\/wp-json\/wp\/v2\/product_tag?post=3132"}],"curies":[{"name":"wp","href":"https:\/\/api.w.org\/{rel}","templated":true}]}}