{"id":3146,"date":"2024-12-23T09:52:17","date_gmt":"2024-12-23T01:52:17","guid":{"rendered":"https:\/\/meskernel.net\/?post_type=product&#038;p=3146"},"modified":"2025-12-29T14:04:25","modified_gmt":"2025-12-29T06:04:25","slug":"phasenlaser-distanzmodul-mit-60-m-reichweite","status":"publish","type":"product","link":"https:\/\/meskernel.net\/de\/product\/60m-range-phase-laser-distance-module\/","title":{"rendered":"Phasenlaser-Distanzmodul f\u00fcr Maschinenpositionierungs- und Navigationssysteme 60m"},"content":{"rendered":"<p><strong>Hochpr\u00e4zises Phasenlaser-Distanzmodul - kompakte, genaue und zuverl\u00e4ssige Distanzmessung<\/strong><\/p>\n<p>Das Phasenlaser-Distanzmodul bietet au\u00dfergew\u00f6hnliche Genauigkeit in einem kompakten Design und ist damit die perfekte Wahl f\u00fcr eine Vielzahl von Anwendungen, die eine pr\u00e4zise Distanzmessung erfordern. Mit einem Messbereich von 0,03 Metern bis 60 Metern gew\u00e4hrleistet dieses Distanzsensormodul eine zuverl\u00e4ssige Leistung sowohl f\u00fcr Messungen im Nah- als auch im Fernbereich. Es arbeitet in einem Frequenzbereich von 3 bis 10 Hz und garantiert eine schnelle und reaktionsschnelle Datenerfassung. Dies macht es zu einer idealen L\u00f6sung f\u00fcr Echtzeitanwendungen, bei denen es auf Genauigkeit und Geschwindigkeit ankommt.<\/p>\n<p>Wir haben unabh\u00e4ngig zentrale optoelektronische Komponenten entwickelt und verf\u00fcgen \u00fcber ein erfahrenes Forschungs- und Entwicklungsteam, das sich auf Strukturdesign und die Bereitstellung integrierter Messmodul-L\u00f6sungen aus einer Hand spezialisiert hat. Unser Angebot umfasst Ein-Punkt-Lasermessprodukte, 2D- und 3D-LiDAR-L\u00f6sungen, die mit personalisierten und kundenspezifischen Messmodulen auf die Bed\u00fcrfnisse von Ingenieuren und Fachleuten zugeschnitten sind.<\/p>\n<figure id=\"attachment_2961\" aria-describedby=\"caption-attachment-2961\" style=\"width: 1080px\" class=\"wp-caption aligncenter\"><img fetchpriority=\"high\" decoding=\"async\" class=\"wp-image-2961 size-full\" title=\"Phasenlaser-Abstandsmodul\" src=\"https:\/\/meskernel.net\/wp-content\/uploads\/2024\/11\/Phase-Laser-Distance-Module.jpg\" alt=\"Phasenlaser-Abstandsmodul\" width=\"1080\" height=\"300\" srcset=\"https:\/\/meskernel.net\/wp-content\/uploads\/2024\/11\/Phase-Laser-Distance-Module.jpg 1080w, https:\/\/meskernel.net\/wp-content\/uploads\/2024\/11\/Phase-Laser-Distance-Module-300x83.jpg 300w, https:\/\/meskernel.net\/wp-content\/uploads\/2024\/11\/Phase-Laser-Distance-Module-1024x284.jpg 1024w, https:\/\/meskernel.net\/wp-content\/uploads\/2024\/11\/Phase-Laser-Distance-Module-768x213.jpg 768w, https:\/\/meskernel.net\/wp-content\/uploads\/2024\/11\/Phase-Laser-Distance-Module-400x111.jpg 400w\" sizes=\"(max-width: 1080px) 100vw, 1080px\" \/><figcaption id=\"caption-attachment-2961\" class=\"wp-caption-text\">Phasenlaser-Abstandsmodul<\/figcaption><\/figure>\n<h3>Hauptmerkmale des Phasenlaser-Abstandsmoduls:<\/h3>\n<ul>\n<li><strong>Gro\u00dfe Entfernungsoptionen<\/strong><br \/>\nGro\u00dfe Auswahl an w\u00e4hlbaren Abst\u00e4nden, daher f\u00fcr verschiedene Anwendungen geeignet.<\/li>\n<li><strong>Schnelle Reaktionszeit<\/strong><br \/>\nSchnelle Datenerfassungsfunktionen, die Entfernungsmessungen innerhalb von Millisekunden durchf\u00fchren.<\/li>\n<li><strong>Mehrere Kommunikationsschnittstellen<\/strong><br \/>\nUnterst\u00fctzt verschiedene Kommunikationsschnittstellen und -protokolle, einschlie\u00dflich RS232, RS485, Bluetooth, Modbus und UART, was die Integration mit bestehenden Steuerungen oder Daten erleichtert.<\/li>\n<li><strong>Hohe Messgenauigkeit<\/strong><br \/>\nMit einer Genauigkeit, die typischerweise im Millimeterbereich liegt, erf\u00fcllt dieser Sensor die hohen Genauigkeitsanforderungen von Anwendungen wie Geod\u00e4sie und Bauwesen.<\/li>\n<li><strong>Stabile Leistung<\/strong><br \/>\nDer Sensor hat einen engen Bereich von Datenschwankungen und weist eine sehr geringe Wiederholgenauigkeit auf.<\/li>\n<li><strong>Ber\u00fchrungslose Messung<\/strong><br \/>\nDer Sensor ist in der Lage, ber\u00fchrungslos zu messen und eignet sich zur Erfassung von sich bewegenden Objekten, Objekten mit hoher oder niedriger Temperatur, Fl\u00fcssigkeiten und unregelm\u00e4\u00dfig geformten Objekten.<\/li>\n<li><strong>Hervorragende Genauigkeit f\u00fcr verl\u00e4ssliche Messungen<\/strong>Wenn es um die Messung von Laserdistanzen geht, zeichnet sich dieser Sensor durch eine un\u00fcbertroffene Genauigkeit aus. Mit einer Genauigkeit von \u00b1(5 mm + D*(1\/10000)) sorgt er auch bei gr\u00f6\u00dferen Entfernungen f\u00fcr verl\u00e4ssliche Ergebnisse. Ganz gleich, ob Sie in Automatisierungssystemen, in der Robotik oder in industriellen Anwendungen arbeiten, Sie k\u00f6nnen sich darauf verlassen, dass dieser Abstandssensor stets pr\u00e4zise und konsistente Messungen liefert.<\/li>\n<li>\u00a0<strong style=\"font-size: 16px;\">Kompakt und leicht zu integrieren<\/strong>Dieses kompakte Laser-Entfernungsmessger\u00e4t mit den Ma\u00dfen 48x26x13 mm ist so konzipiert, dass es sich nahtlos in eine Vielzahl von Systemen einf\u00fcgt, selbst bei begrenztem Platzangebot. Sein kleiner Formfaktor bietet Flexibilit\u00e4t, so dass er sowohl in neue Systeme als auch in bestehende Einrichtungen leicht integriert werden kann. Ganz gleich, ob Sie ein neues Automatisierungsprojekt erstellen oder ein industrielles System aufr\u00fcsten, dieses Lasersensormodul erm\u00f6glicht einen problemlosen Integrationsprozess ohne Leistungseinbu\u00dfen.<\/li>\n<li>\u00a0<strong style=\"font-size: 16px;\">Zuverl\u00e4ssige Leistung in verschiedenen Umgebungen<\/strong>Dank seiner fortschrittlichen Phasenlasertechnologie bietet dieses Entfernungsmessger\u00e4t stabile und zuverl\u00e4ssige Leistung in einer Vielzahl von Umgebungen. Ob in der Laborforschung, bei Industriemaschinen oder bei Installationen im Freien - dieser Sensor liefert stets pr\u00e4zise Messungen. Er wurde f\u00fcr den Einsatz unter schwierigen Bedingungen entwickelt und bietet dauerhafte Zuverl\u00e4ssigkeit und Genauigkeit, wo immer Sie ihn einsetzen.<\/li>\n<\/ul>\n<h3 class=\"text-title\"><span class=\"magic-22\">Schnittstelle PCI<\/span><\/h3>\n<div class=\"text-content\">Unterst\u00fctzt Bluetooth-\u00dcbertragung, TTL\/RS232\/RS485 Drei-in-Eins-Schnittstelle, so dass die Daten\u00fcbertragung effizienter ist.<\/div>\n<div>\n<figure id=\"attachment_2965\" aria-describedby=\"caption-attachment-2965\" style=\"width: 751px\" class=\"wp-caption aligncenter\"><img decoding=\"async\" class=\"wp-image-2965 size-full\" title=\"Phasenlaser-Abstandsmodul\" src=\"https:\/\/meskernel.net\/wp-content\/uploads\/2024\/10\/ldk.jpg\" alt=\"Laser-Wegsensoren\" width=\"751\" height=\"480\" srcset=\"https:\/\/meskernel.net\/wp-content\/uploads\/2024\/10\/ldk.jpg 751w, https:\/\/meskernel.net\/wp-content\/uploads\/2024\/10\/ldk-300x192.jpg 300w, https:\/\/meskernel.net\/wp-content\/uploads\/2024\/10\/ldk-400x256.jpg 400w\" sizes=\"(max-width: 751px) 100vw, 751px\" \/><figcaption id=\"caption-attachment-2965\" class=\"wp-caption-text\">Laser-Wegsensoren<\/figcaption><\/figure>\n<\/div>\n<p>&nbsp;<\/p>\n<p><strong>Warum Gro\u00dfabnehmer dieses Phasenlaser-Abstandsmodul w\u00e4hlen<\/strong><\/p>\n<p>F\u00fcr Unternehmen, die Laserentfernungssensoren in gro\u00dfen Mengen kaufen m\u00f6chten, bietet der Laserentfernungsmesser hohe Genauigkeit, schnelle Messgeschwindigkeiten und Langlebigkeit. Dank seiner Flexibilit\u00e4t und kompakten Gr\u00f6\u00dfe eignet er sich f\u00fcr verschiedene Anwendungen, darunter Automatisierung, Robotik und industrielle Messsysteme. Ganz gleich, ob Sie einen einzelnen Sensor oder Hunderte ben\u00f6tigen, dieses Entfernungsmessger\u00e4t bietet kosteng\u00fcnstige und zuverl\u00e4ssige L\u00f6sungen, die den Anforderungen Ihres Unternehmens gerecht werden.<\/p>\n<p>Zusammenfassend l\u00e4sst sich sagen, dass das Hochpr\u00e4zisions-Phasenlaser-Distanzmodul die perfekte Balance zwischen Pr\u00e4zision, Geschwindigkeit und Kompaktheit bietet. Ganz gleich, ob Sie an einem Automatisierungsprojekt arbeiten, eine genaue Roboterabtastung ben\u00f6tigen oder ein industrielles Messsystem aufbauen, dieses Lasersensormodul ist die ideale Wahl. Es ist einfach zu integrieren, bietet un\u00fcbertroffene Leistung und ist langlebig. Dank seiner fortschrittlichen Technologie und Vielseitigkeit k\u00f6nnen Sie sich auf Jahre hinaus auf pr\u00e4zise Messungen verlassen.<\/p>","protected":false},"excerpt":{"rendered":"<p>Sind Sie auf der Suche nach Pr\u00e4zision und Leistung? Das Phasenlaser-Distanzmodul bietet einen Messbereich von 0,03m bis 60m, eine au\u00dfergew\u00f6hnliche Genauigkeit und ein kompaktes Design (48x26x13mm), was es zur perfekten L\u00f6sung f\u00fcr verschiedene Industrie-, Automatisierungs- und Robotikanwendungen macht. Mit einer Frequenz von 3-10 Hz liefert er schnelle und konsistente Messungen und sorgt so jedes Mal f\u00fcr optimale Ergebnisse. Gehen Sie keine Kompromisse bei der Qualit\u00e4t ein - r\u00fcsten Sie Ihre Systeme noch heute mit dem innovativen Phasenlaser-Abstandsmodul auf!<\/p>","protected":false},"featured_media":2208,"template":"","meta":{"site-sidebar-layout":"default","site-content-layout":"","ast-site-content-layout":"default","site-content-style":"default","site-sidebar-style":"default","ast-global-header-display":"","ast-banner-title-visibility":"","ast-main-header-display":"","ast-hfb-above-header-display":"","ast-hfb-below-header-display":"","ast-hfb-mobile-header-display":"","site-post-title":"","ast-breadcrumbs-content":"","ast-featured-img":"","footer-sml-layout":"","ast-disable-related-posts":"","theme-transparent-header-meta":"default","adv-header-id-meta":"","stick-header-meta":"","header-above-stick-meta":"","header-main-stick-meta":"","header-below-stick-meta":"","astra-migrate-meta-layouts":"set","ast-page-background-enabled":"default","ast-page-background-meta":{"desktop":{"background-color":"var(--ast-global-color-4)","background-image":"","background-repeat":"repeat","background-position":"center center","background-size":"auto","background-attachment":"scroll","background-type":"","background-media":"","overlay-type":"","overlay-color":"","overlay-opacity":"","overlay-gradient":""},"tablet":{"background-color":"","background-image":"","background-repeat":"repeat","background-position":"center center","background-size":"auto","background-attachment":"scroll","background-type":"","background-media":"","overlay-type":"","overlay-color":"","overlay-opacity":"","overlay-gradient":""},"mobile":{"background-color":"","background-image":"","background-repeat":"repeat","background-position":"center center","background-size":"auto","background-attachment":"scroll","background-type":"","background-media":"","overlay-type":"","overlay-color":"","overlay-opacity":"","overlay-gradient":""}},"ast-content-background-meta":{"desktop":{"background-color":"var(--ast-global-color-5)","background-image":"","background-repeat":"repeat","background-position":"center center","background-size":"auto","background-attachment":"scroll","background-type":"","background-media":"","overlay-type":"","overlay-color":"","overlay-opacity":"","overlay-gradient":""},"tablet":{"background-color":"var(--ast-global-color-5)","background-image":"","background-repeat":"repeat","background-position":"center center","background-size":"auto","background-attachment":"scroll","background-type":"","background-media":"","overlay-type":"","overlay-color":"","overlay-opacity":"","overlay-gradient":""},"mobile":{"background-color":"var(--ast-global-color-5)","background-image":"","background-repeat":"repeat","background-position":"center center","background-size":"auto","background-attachment":"scroll","background-type":"","background-media":"","overlay-type":"","overlay-color":"","overlay-opacity":"","overlay-gradient":""}}},"product_brand":[60],"product_cat":[52],"product_tag":[],"class_list":{"0":"post-3146","1":"product","2":"type-product","3":"status-publish","4":"has-post-thumbnail","6":"product_brand-meskernel","7":"product_cat-phase-distance-sensor","8":"desktop-align-center","9":"tablet-align-left","10":"mobile-align-left","12":"first","13":"instock","14":"shipping-taxable","15":"product-type-simple"},"_links":{"self":[{"href":"https:\/\/meskernel.net\/de\/wp-json\/wp\/v2\/product\/3146","targetHints":{"allow":["GET"]}}],"collection":[{"href":"https:\/\/meskernel.net\/de\/wp-json\/wp\/v2\/product"}],"about":[{"href":"https:\/\/meskernel.net\/de\/wp-json\/wp\/v2\/types\/product"}],"version-history":[{"count":0,"href":"https:\/\/meskernel.net\/de\/wp-json\/wp\/v2\/product\/3146\/revisions"}],"wp:featuredmedia":[{"embeddable":true,"href":"https:\/\/meskernel.net\/de\/wp-json\/wp\/v2\/media\/2208"}],"wp:attachment":[{"href":"https:\/\/meskernel.net\/de\/wp-json\/wp\/v2\/media?parent=3146"}],"wp:term":[{"taxonomy":"product_brand","embeddable":true,"href":"https:\/\/meskernel.net\/de\/wp-json\/wp\/v2\/product_brand?post=3146"},{"taxonomy":"product_cat","embeddable":true,"href":"https:\/\/meskernel.net\/de\/wp-json\/wp\/v2\/product_cat?post=3146"},{"taxonomy":"product_tag","embeddable":true,"href":"https:\/\/meskernel.net\/de\/wp-json\/wp\/v2\/product_tag?post=3146"}],"curies":[{"name":"wp","href":"https:\/\/api.w.org\/{rel}","templated":true}]}}