{"id":3225,"date":"2024-12-26T10:33:23","date_gmt":"2024-12-26T02:33:23","guid":{"rendered":"https:\/\/meskernel.net\/?post_type=product&#038;p=3225"},"modified":"2025-09-05T10:23:42","modified_gmt":"2025-09-05T02:23:42","slug":"langstreckensensoren","status":"publish","type":"product","link":"https:\/\/meskernel.net\/de\/product\/long-distance-sensors\/","title":{"rendered":"Langstrecken-Sensoren 1000m mit bestem Fabrikpreis"},"content":{"rendered":"<p>TC-Serie Puls Langstrecken-Sensoren, die Verwendung von Puls-Entfernung Technologie, kann genau messen die Entfernung zwischen dem Zielobjekt und der Entfernungsmessung Modul, es ist kompakt, einfach zu installieren und zu tragen, es hat eine hochpr\u00e4zise Entfernungsmessung F\u00e4higkeit, die Messentfernung bis zu 1200 m. TC Laser-Entfernungsmessung Sensoren k\u00f6nnen in der UAV, Nachtsichtger\u00e4te, Tunnel\u00fcberwachung, Outdoor-Einsatz Sehensw\u00fcrdigkeiten, optoelektronische Pods, Sicherheits\u00fcberwachung, W\u00e4rmebild-Integration und anderen Branchen eingesetzt werden.<\/p>\n<figure id=\"attachment_2991\" aria-describedby=\"caption-attachment-2991\" style=\"width: 1000px\" class=\"wp-caption aligncenter\"><img fetchpriority=\"high\" decoding=\"async\" class=\"wp-image-2991 size-full\" title=\"TC22 Long Range Sensoe1000m\" src=\"https:\/\/meskernel.net\/wp-content\/uploads\/2024\/11\/TC22-Laser-Range-Finder-700m.jpg\" alt=\"TC22 Laser-Entfernungsmesser 1000m\" width=\"1000\" height=\"500\" srcset=\"https:\/\/meskernel.net\/wp-content\/uploads\/2024\/11\/TC22-Laser-Range-Finder-700m.jpg 1000w, https:\/\/meskernel.net\/wp-content\/uploads\/2024\/11\/TC22-Laser-Range-Finder-700m-300x150.jpg 300w, https:\/\/meskernel.net\/wp-content\/uploads\/2024\/11\/TC22-Laser-Range-Finder-700m-768x384.jpg 768w, https:\/\/meskernel.net\/wp-content\/uploads\/2024\/11\/TC22-Laser-Range-Finder-700m-400x200.jpg 400w\" sizes=\"(max-width: 1000px) 100vw, 1000px\" \/><figcaption id=\"caption-attachment-2991\" class=\"wp-caption-text\">TC22 Laser-Entfernungsmesser 1000m<\/figcaption><\/figure>\n<h3>Die wichtigsten Vorteile der Langstreckensensoren<\/h3>\n<ul>\n<li><strong>Erweiterte Reichweite<\/strong>: Messen Sie Entfernungen von bis zu 1000 Metern mit gleichbleibender, zuverl\u00e4ssiger Genauigkeit, ideal f\u00fcr eine Vielzahl von Anwendungen.<\/li>\n<li><strong>Hohe Pr\u00e4zision<\/strong>: Mit <strong>\u00b1<\/strong>Die Genauigkeit von 1 Meter gew\u00e4hrleistet pr\u00e4zise Messungen selbst f\u00fcr die kritischsten Aufgaben.<\/li>\n<li><strong>Kompakte Bauweise<\/strong>: Der zylindrische Formfaktor erleichtert die Integration in kleine Ger\u00e4te wie Drohnen, Visiere f\u00fcr den Au\u00dfeneinsatz und andere kompakte Systeme.<\/li>\n<li><strong>Ber\u00fchrungslose Technologie<\/strong>: Nutzen Sie die TOF-Technologie f\u00fcr sichere, hochpr\u00e4zise Entfernungsmessungen ohne physischen Kontakt mit dem Ziel.<\/li>\n<li><strong>Flexible Integration<\/strong>: Einfache Anbindung an Ihre Systeme durch TTL-, RS485- und RS232-Schnittstellen f\u00fcr maximale Kompatibilit\u00e4t.<\/li>\n<\/ul>\n<h3>Einfache Integration und maximale Flexibilit\u00e4t<\/h3>\n<p>Die f\u00fcr maximale Vielseitigkeit konzipierten Langstreckensensoren unterst\u00fctzen mehrere Kommunikationsschnittstellen, darunter TTL, RS485 und RS232. Dies gew\u00e4hrleistet eine m\u00fchelose Integration in eine Vielzahl von Systemen, von Industriemaschinen bis hin zu Roboterplattformen und Mikrocontroller-basierten Projekten. Ganz gleich, ob Sie an komplexen Industrieanlagen oder kleinen Projekten arbeiten, dieser Sensor bietet flexible, skalierbare Messl\u00f6sungen f\u00fcr alle Arten von Anwendungen.<\/p>\n<figure id=\"attachment_2987\" aria-describedby=\"caption-attachment-2987\" style=\"width: 750px\" class=\"wp-caption aligncenter\"><img decoding=\"async\" class=\"wp-image-2987 size-full\" title=\"Unterst\u00fctzt mehrere Kommunikationsschnittstellen\" src=\"https:\/\/meskernel.net\/wp-content\/uploads\/2024\/11\/Laser-Distance-Module-2000m.jpg\" alt=\"Unterst\u00fctzt mehrere Kommunikationsschnittstellen\" width=\"750\" height=\"266\" srcset=\"https:\/\/meskernel.net\/wp-content\/uploads\/2024\/11\/Laser-Distance-Module-2000m.jpg 750w, https:\/\/meskernel.net\/wp-content\/uploads\/2024\/11\/Laser-Distance-Module-2000m-300x106.jpg 300w, https:\/\/meskernel.net\/wp-content\/uploads\/2024\/11\/Laser-Distance-Module-2000m-400x142.jpg 400w\" sizes=\"(max-width: 750px) 100vw, 750px\" \/><figcaption id=\"caption-attachment-2987\" class=\"wp-caption-text\">Unterst\u00fctzt mehrere Kommunikationsschnittstellen<\/figcaption><\/figure>\n<p><strong>Sensoren f\u00fcr gro\u00dfe Entfernungen<\/strong><strong style=\"font-size: 16px;\"> 1000m: Unerreichte Pr\u00e4zision, Leistung und Vielseitigkeit f\u00fcr jede Anwendung<\/strong><\/p>\n<p>Sch\u00f6pfen Sie mit unseren Langstreckensensoren das volle Potenzial der Entfernungsmessung aus. Dieser Sensor wurde f\u00fcr au\u00dfergew\u00f6hnliche Leistungen bei Anwendungen mit mittlerer und sehr gro\u00dfer Reichweite entwickelt und bietet un\u00fcbertroffene Pr\u00e4zision und Zuverl\u00e4ssigkeit f\u00fcr eine Vielzahl von anspruchsvollen Branchen. Mit einer beeindruckenden Reichweite von bis zu 1000 Metern bietet er die n\u00f6tige Genauigkeit, um selbst die komplexesten Aufgaben zu bew\u00e4ltigen. Damit ist er die ideale Wahl f\u00fcr Branchen, die ber\u00fchrungslose Messungen \u00fcber gro\u00dfe Entfernungen ben\u00f6tigen.<\/p>\n<h3>Ideal f\u00fcr eine breite Palette von Anwendungen<\/h3>\n<p>Der Langstreckensensor wurde f\u00fcr den Einsatz in verschiedenen Umgebungen entwickelt, vom Bau und der Vermessung bis hin zu Milit\u00e4reins\u00e4tzen, Umwelt\u00fcberwachung und Robotik. Ganz gleich, ob Sie in weitl\u00e4ufigem Gel\u00e4nde oder in abgelegenen, schwer zug\u00e4nglichen Bereichen arbeiten, dieser Sensor bietet die Pr\u00e4zision und Leistung, die Sie f\u00fcr Ihre Arbeit ben\u00f6tigen.<\/p>\n<ul>\n<li><strong>Bauwesen und Vermessungswesen<\/strong>: Perfekt f\u00fcr die genaue Messung gro\u00dfer Entfernungen bei Grundst\u00fccksbewertungen, Standortplanung und topografischen Vermessungen.<\/li>\n<li><strong>Umwelt\u00fcberwachung<\/strong>: Sammeln Sie pr\u00e4zise Daten \u00fcber weite Gebiete f\u00fcr Studien \u00fcber Wildtiere, den Klimawandel oder das Katastrophenmanagement.<\/li>\n<li><strong>Milit\u00e4r &amp; Verteidigung<\/strong>: Verbessern Sie Ihre Fernerkundungs-, Zielerfassungs- und Navigationsf\u00e4higkeiten mit zuverl\u00e4ssigen Messungen \u00fcber gro\u00dfe Entfernungen.<\/li>\n<li><strong>Robotik und Automatisierung<\/strong>: Verbessern Sie die Roboternavigation, Hinderniserkennung und Sicherheit in gro\u00dfen, komplexen Umgebungen mit hochpr\u00e4zisen Entfernungsmessungen.<\/li>\n<\/ul>\n<p>Dieser Sensor ist mehr als nur ein Werkzeug - er erm\u00f6glicht Pr\u00e4zision und bietet die f\u00fcr kritische Messaufgaben erforderliche Flexibilit\u00e4t und Genauigkeit.<\/p>\n<figure id=\"attachment_2998\" aria-describedby=\"caption-attachment-2998\" style=\"width: 1052px\" class=\"wp-caption aligncenter\"><img decoding=\"async\" class=\"wp-image-2998 size-full\" title=\"Sensor mit gro\u00dfer Reichweite\" src=\"https:\/\/meskernel.net\/wp-content\/uploads\/2024\/10\/Telescope-Laser-sensor-PTFG-1.jpg\" alt=\"Sensor mit gro\u00dfer Reichweite\" width=\"1052\" height=\"235\" srcset=\"https:\/\/meskernel.net\/wp-content\/uploads\/2024\/10\/Telescope-Laser-sensor-PTFG-1.jpg 1052w, https:\/\/meskernel.net\/wp-content\/uploads\/2024\/10\/Telescope-Laser-sensor-PTFG-1-300x67.jpg 300w, https:\/\/meskernel.net\/wp-content\/uploads\/2024\/10\/Telescope-Laser-sensor-PTFG-1-1024x229.jpg 1024w, https:\/\/meskernel.net\/wp-content\/uploads\/2024\/10\/Telescope-Laser-sensor-PTFG-1-768x172.jpg 768w, https:\/\/meskernel.net\/wp-content\/uploads\/2024\/10\/Telescope-Laser-sensor-PTFG-1-400x89.jpg 400w\" sizes=\"(max-width: 1052px) 100vw, 1052px\" \/><figcaption id=\"caption-attachment-2998\" class=\"wp-caption-text\">Sensor mit gro\u00dfer Reichweite<\/figcaption><\/figure>\n<h3>Entwickelt f\u00fcr kompakte, nahtlose Integration<\/h3>\n<p>Die Langstreckensensoren verf\u00fcgen \u00fcber ein kompaktes, zylindrisches Design, das eine einfache und problemlose Integration in enge R\u00e4ume erm\u00f6glicht. Ganz gleich, ob Sie ihn in Drohnen, Zielger\u00e4te f\u00fcr den Au\u00dfeneinsatz oder andere kompakte Ger\u00e4te integrieren, die kleine Grundfl\u00e4che des Sensors geht nicht zu Lasten seiner Leistung. Dieses Design erm\u00f6glicht die Integration fortschrittlicher Messtechnik, ohne wertvollen Platz zu beanspruchen, und ist damit die perfekte L\u00f6sung f\u00fcr Anwendungen, bei denen Gr\u00f6\u00dfe und Leistung Hand in Hand gehen m\u00fcssen.<\/p>\n<h3>\u00dcberlegene Pr\u00e4zision f\u00fcr Messungen \u00fcber gro\u00dfe Entfernungen<\/h3>\n<p>Erzielen Sie unvergleichliche Pr\u00e4zision mit einer Genauigkeit von \u00b11 Meter, selbst \u00fcber Entfernungen von bis zu 1000 Metern. Ob bei der Vermessung riesiger Fl\u00e4chen in der Landvermessung oder bei der Navigation in komplexen Umgebungen mit Robotern - dieser Sensor stellt sicher, dass jede Messung zuverl\u00e4ssig ist. In Situationen, in denen es auf jeden Meter ankommt, liefert dieser Sensor Daten, auf die Sie sich verlassen k\u00f6nnen, und bietet ein H\u00f6chstma\u00df an Leistung \u00fcber gro\u00dfe Entfernungen.<\/p>\n<h3>Ber\u00fchrungslose Messung mit TOF-Technologie<\/h3>\n<p>Das Herzst\u00fcck der Langstreckensensoren ist <a href=\"https:\/\/meskernel.net\/de\/flugzeit\/\">Flugzeit (TOF)<\/a> Technologie, die eine ber\u00fchrungslose Messung durch Berechnung von Entfernungen mithilfe von Laserimpulsen erm\u00f6glicht. Dies gew\u00e4hrleistet eine hohe Genauigkeit \u00fcber gro\u00dfe Entfernungen und erm\u00f6glicht es Ihnen, pr\u00e4zise Daten zu erfassen, ohne das Ziel physisch zu ber\u00fchren. Egal, ob Sie in gef\u00e4hrlichen, unzug\u00e4nglichen oder sensiblen Umgebungen messen, die ber\u00fchrungslose F\u00e4higkeit des Sensors macht ihn ideal f\u00fcr eine breite Palette von Anwendungen.<\/p>\n<h3>Revolutionieren Sie Ihre Langstreckenmesskapazit\u00e4ten<\/h3>\n<p>Der Langstreckensensor (1000 m) ist ein entscheidender Faktor f\u00fcr Branchen, die auf Pr\u00e4zision, Zuverl\u00e4ssigkeit und ber\u00fchrungslose Messungen \u00fcber gro\u00dfe Entfernungen angewiesen sind. Ganz gleich, ob Sie im Bauwesen, in der Vermessung, im Milit\u00e4r oder in der Robotik t\u00e4tig sind, dieser Sensor bietet die Leistung und Genauigkeit, die Sie f\u00fcr Ihre anspruchsvollsten Messaufgaben ben\u00f6tigen.<\/p>\n<p>Mit seiner unvergleichlichen Reichweite, pr\u00e4zisen Genauigkeit und seinem kompakten Design ver\u00e4ndert der Langstreckensensor die Art und Weise, wie Sie gro\u00dfe Entfernungen messen, und gew\u00e4hrleistet, dass Sie die zuverl\u00e4ssigsten Daten f\u00fcr Ihre kritischen Anwendungen erhalten. Verbessern Sie Ihre Arbeitsabl\u00e4ufe mit modernster Technologie und erschlie\u00dfen Sie noch heute das Potenzial f\u00fcr pr\u00e4zise Entfernungsmessungen mit gro\u00dfer Reichweite.<\/p>","protected":false},"excerpt":{"rendered":"<p>Need high-performance long distance sensors? Our 1000m TOF models deliver unmatched precision and easy integration. Request a quote today and find the perfect solution for your project.<\/p>","protected":false},"featured_media":3226,"template":"","meta":{"site-sidebar-layout":"default","site-content-layout":"","ast-site-content-layout":"default","site-content-style":"default","site-sidebar-style":"default","ast-global-header-display":"","ast-banner-title-visibility":"","ast-main-header-display":"","ast-hfb-above-header-display":"","ast-hfb-below-header-display":"","ast-hfb-mobile-header-display":"","site-post-title":"","ast-breadcrumbs-content":"","ast-featured-img":"","footer-sml-layout":"","ast-disable-related-posts":"","theme-transparent-header-meta":"default","adv-header-id-meta":"","stick-header-meta":"","header-above-stick-meta":"","header-main-stick-meta":"","header-below-stick-meta":"","astra-migrate-meta-layouts":"set","ast-page-background-enabled":"default","ast-page-background-meta":{"desktop":{"background-color":"var(--ast-global-color-4)","background-image":"","background-repeat":"repeat","background-position":"center center","background-size":"auto","background-attachment":"scroll","background-type":"","background-media":"","overlay-type":"","overlay-color":"","overlay-opacity":"","overlay-gradient":""},"tablet":{"background-color":"","background-image":"","background-repeat":"repeat","background-position":"center center","background-size":"auto","background-attachment":"scroll","background-type":"","background-media":"","overlay-type":"","overlay-color":"","overlay-opacity":"","overlay-gradient":""},"mobile":{"background-color":"","background-image":"","background-repeat":"repeat","background-position":"center center","background-size":"auto","background-attachment":"scroll","background-type":"","background-media":"","overlay-type":"","overlay-color":"","overlay-opacity":"","overlay-gradient":""}},"ast-content-background-meta":{"desktop":{"background-color":"var(--ast-global-color-5)","background-image":"","background-repeat":"repeat","background-position":"center center","background-size":"auto","background-attachment":"scroll","background-type":"","background-media":"","overlay-type":"","overlay-color":"","overlay-opacity":"","overlay-gradient":""},"tablet":{"background-color":"var(--ast-global-color-5)","background-image":"","background-repeat":"repeat","background-position":"center center","background-size":"auto","background-attachment":"scroll","background-type":"","background-media":"","overlay-type":"","overlay-color":"","overlay-opacity":"","overlay-gradient":""},"mobile":{"background-color":"var(--ast-global-color-5)","background-image":"","background-repeat":"repeat","background-position":"center center","background-size":"auto","background-attachment":"scroll","background-type":"","background-media":"","overlay-type":"","overlay-color":"","overlay-opacity":"","overlay-gradient":""}}},"product_brand":[60],"product_cat":[30],"product_tag":[],"class_list":{"0":"post-3225","1":"product","2":"type-product","3":"status-publish","4":"has-post-thumbnail","6":"product_brand-meskernel","7":"product_cat-pulse-ranging-sensor","8":"desktop-align-center","9":"tablet-align-left","10":"mobile-align-left","12":"first","13":"instock","14":"shipping-taxable","15":"product-type-simple"},"_links":{"self":[{"href":"https:\/\/meskernel.net\/de\/wp-json\/wp\/v2\/product\/3225","targetHints":{"allow":["GET"]}}],"collection":[{"href":"https:\/\/meskernel.net\/de\/wp-json\/wp\/v2\/product"}],"about":[{"href":"https:\/\/meskernel.net\/de\/wp-json\/wp\/v2\/types\/product"}],"version-history":[{"count":0,"href":"https:\/\/meskernel.net\/de\/wp-json\/wp\/v2\/product\/3225\/revisions"}],"wp:featuredmedia":[{"embeddable":true,"href":"https:\/\/meskernel.net\/de\/wp-json\/wp\/v2\/media\/3226"}],"wp:attachment":[{"href":"https:\/\/meskernel.net\/de\/wp-json\/wp\/v2\/media?parent=3225"}],"wp:term":[{"taxonomy":"product_brand","embeddable":true,"href":"https:\/\/meskernel.net\/de\/wp-json\/wp\/v2\/product_brand?post=3225"},{"taxonomy":"product_cat","embeddable":true,"href":"https:\/\/meskernel.net\/de\/wp-json\/wp\/v2\/product_cat?post=3225"},{"taxonomy":"product_tag","embeddable":true,"href":"https:\/\/meskernel.net\/de\/wp-json\/wp\/v2\/product_tag?post=3225"}],"curies":[{"name":"wp","href":"https:\/\/api.w.org\/{rel}","templated":true}]}}