{"id":3295,"date":"2024-12-30T09:57:55","date_gmt":"2024-12-30T01:57:55","guid":{"rendered":"https:\/\/meskernel.net\/?post_type=product&#038;p=3295"},"modified":"2025-12-29T14:11:22","modified_gmt":"2025-12-29T06:11:22","slug":"golf-entfernungsmesser-sensor","status":"publish","type":"product","link":"https:\/\/meskernel.net\/de\/product\/golf-rangefinder-sensor\/","title":{"rendered":"Langstrecken-Lasermessmodul f\u00fcr Golf-Entfernungsmesser und optische Ger\u00e4te"},"content":{"rendered":"<p>Golf-Entfernungsmesser-Sensor ist eine Art Golf-Entfernungsmesser-Modul f\u00fcr den Au\u00dfenbereich, das sich durch hohe Genauigkeit, schnelle Messung, multifunktionale Anwendung, hohe Zuverl\u00e4ssigkeit und einfache Integration auszeichnet. Das Modul verwendet gepulste Lasertechnologie, um die Entfernung zwischen dem Zielobjekt und dem Entfernungsmesser genau zu messen.<\/p>\n<p>Der Golf Rangefinder kombiniert fortschrittliche Lasertechnologie mit benutzerfreundlichen Funktionen und bietet genaue und zuverl\u00e4ssige Entfernungsmessungen \u00fcber beeindruckende Reichweiten von bis zu 3000 Metern. Dieses auf Pr\u00e4zision ausgelegte Modul eignet sich ideal f\u00fcr Anwendungen in der Vermessung, bei Au\u00dfenmessungen, im Bauwesen und bei der Fern\u00fcberwachung und gew\u00e4hrleistet auch in schwierigen Umgebungen klare Ergebnisse in Echtzeit.<\/p>\n<figure id=\"attachment_2997\" aria-describedby=\"caption-attachment-2997\" style=\"width: 1000px\" class=\"wp-caption aligncenter\"><img fetchpriority=\"high\" decoding=\"async\" class=\"wp-image-2997 size-full\" title=\"Teleskop Laser-Sensor PTFG\" src=\"https:\/\/meskernel.net\/wp-content\/uploads\/2024\/10\/Telescope-Laser-sensor-PTFG.jpg\" alt=\"Teleskop Laser-Sensor PTFG\" width=\"1000\" height=\"500\" srcset=\"https:\/\/meskernel.net\/wp-content\/uploads\/2024\/10\/Telescope-Laser-sensor-PTFG.jpg 1000w, https:\/\/meskernel.net\/wp-content\/uploads\/2024\/10\/Telescope-Laser-sensor-PTFG-300x150.jpg 300w, https:\/\/meskernel.net\/wp-content\/uploads\/2024\/10\/Telescope-Laser-sensor-PTFG-768x384.jpg 768w, https:\/\/meskernel.net\/wp-content\/uploads\/2024\/10\/Telescope-Laser-sensor-PTFG-400x200.jpg 400w\" sizes=\"(max-width: 1000px) 100vw, 1000px\" \/><figcaption id=\"caption-attachment-2997\" class=\"wp-caption-text\">Teleskop Laser-Sensor PTFG<\/figcaption><\/figure>\n<h3>Hauptmerkmale f\u00fcr verbesserte Leistung<\/h3>\n<ul>\n<li><strong>Eyesafe Laser zum Schutz des Anwenders:<\/strong><br \/>\nDas Golf-Entfernungsmessermodul verwendet einen 905nm-Laser mit unsichtbarem Licht, der sowohl sicher f\u00fcr die Augen als auch resistent gegen St\u00f6rungen durch Sonnenlicht ist. Diese Eigenschaft macht es zu einer perfekten L\u00f6sung f\u00fcr Messungen \u00fcber gro\u00dfe Entfernungen im Freien und gew\u00e4hrleistet, dass Benutzer das Ger\u00e4t sicher bedienen k\u00f6nnen, ohne die Genauigkeit zu beeintr\u00e4chtigen.<\/li>\n<li><strong>Hochdurchl\u00e4ssiger LCD-Bildschirm:<\/strong><br \/>\nDas Teleskop-Distanzmodul ist mit einem hochaufl\u00f6senden LCD-Display ausgestattet, auf dem die Messergebnisse sofort angezeigt werden k\u00f6nnen. Dies erm\u00f6glicht schnelle Entscheidungen und Anpassungen an Ort und Stelle, wodurch Arbeitsabl\u00e4ufe rationalisiert und die Effizienz sowohl bei der Feldarbeit als auch bei Echtzeit-\u00dcberwachungsanwendungen verbessert werden.<\/li>\n<li><strong>6x monokulares Teleskop f\u00fcr klare Sicht:<\/strong><br \/>\nDas eingebaute 6-fache monokulare Fernrohr bietet ein helles und klares Sichtfeld, das f\u00fcr das genaue Anpeilen entfernter Ziele unerl\u00e4sslich ist. Die Mehrschichtverg\u00fctung verbessert die Lichtdurchl\u00e4ssigkeit, verringert die Reflexion und erh\u00f6ht den Kontrast, was zu einem sch\u00e4rferen Bild f\u00fchrt. Diese Beschichtung sch\u00fctzt das Objektiv auch vor Kratzern, Flecken und Staub und sorgt f\u00fcr eine lange Lebensdauer und zuverl\u00e4ssige Leistung unter verschiedenen Umgebungsbedingungen.<\/li>\n<\/ul>\n<h3>Kommunikationsschnittstelle<\/h3>\n<p>Golf Rangefinder Sensor unterst\u00fctzt USB, TTL, RS232, RS485, Bluetooth und andere Kommunikationsschnittstellen, unterst\u00fctzt arduino, raspberry pi und andere externe Ger\u00e4te.<\/p>\n<figure id=\"attachment_2987\" aria-describedby=\"caption-attachment-2987\" style=\"width: 750px\" class=\"wp-caption aligncenter\"><img decoding=\"async\" class=\"wp-image-2987 size-full\" title=\"Teleskop Lasersensor\" src=\"https:\/\/meskernel.net\/wp-content\/uploads\/2024\/11\/Laser-Distance-Module-2000m.jpg\" alt=\"Teleskop Lasersensor\" width=\"750\" height=\"266\" srcset=\"https:\/\/meskernel.net\/wp-content\/uploads\/2024\/11\/Laser-Distance-Module-2000m.jpg 750w, https:\/\/meskernel.net\/wp-content\/uploads\/2024\/11\/Laser-Distance-Module-2000m-300x106.jpg 300w, https:\/\/meskernel.net\/wp-content\/uploads\/2024\/11\/Laser-Distance-Module-2000m-400x142.jpg 400w\" sizes=\"(max-width: 750px) 100vw, 750px\" \/><figcaption id=\"caption-attachment-2987\" class=\"wp-caption-text\">Teleskop Lasersensor<\/figcaption><\/figure>\n<h3><\/h3>\n<h3>Vielseitige Integration f\u00fcr verschiedene Anwendungen<\/h3>\n<p>Dank seines kompakten Designs und seiner robusten Eigenschaften l\u00e4sst sich der Golf Rangefinder Sensor problemlos in eine Vielzahl von Systemen integrieren. Ob f\u00fcr <a href=\"https:\/\/meskernel.net\/de\/anmeldung\/konstruktion\/\">Konstruktion<\/a> Dieses Modul gew\u00e4hrleistet eine konsistente, hochpr\u00e4zise Datenerfassung f\u00fcr eine Vielzahl von Anwendungsf\u00e4llen, wie z. B. Standortmessungen, Landvermessung oder Fernerkundung. Es wird verwendet, um Entfernungen, Geb\u00e4udeh\u00f6hen, die Gr\u00f6\u00dfe von Industrieanlagen und gro\u00dfen Strukturen zu messen. Es kann im Golfsport, beim Bergsteigen, Wandern und bei der Jagd eingesetzt werden. In Kombination mit der W\u00e4rmebildtechnologie k\u00f6nnen Ziele in komplexen Umgebungen schnell identifiziert werden, und die F\u00e4higkeit des Moduls, Daten sofort auf dem LCD-Bildschirm anzuzeigen, erh\u00f6ht die Benutzerfreundlichkeit, da es w\u00e4hrend des Betriebs sofortiges Feedback gibt.<\/p>\n<figure id=\"attachment_2998\" aria-describedby=\"caption-attachment-2998\" style=\"width: 1052px\" class=\"wp-caption aligncenter\"><img decoding=\"async\" class=\"wp-image-2998 size-full\" title=\"Teleskop Laser-Sensor PTFG\" src=\"https:\/\/meskernel.net\/wp-content\/uploads\/2024\/10\/Telescope-Laser-sensor-PTFG-1.jpg\" alt=\"Teleskop Laser-Sensor PTFG\" width=\"1052\" height=\"235\" srcset=\"https:\/\/meskernel.net\/wp-content\/uploads\/2024\/10\/Telescope-Laser-sensor-PTFG-1.jpg 1052w, https:\/\/meskernel.net\/wp-content\/uploads\/2024\/10\/Telescope-Laser-sensor-PTFG-1-300x67.jpg 300w, https:\/\/meskernel.net\/wp-content\/uploads\/2024\/10\/Telescope-Laser-sensor-PTFG-1-1024x229.jpg 1024w, https:\/\/meskernel.net\/wp-content\/uploads\/2024\/10\/Telescope-Laser-sensor-PTFG-1-768x172.jpg 768w, https:\/\/meskernel.net\/wp-content\/uploads\/2024\/10\/Telescope-Laser-sensor-PTFG-1-400x89.jpg 400w\" sizes=\"(max-width: 1052px) 100vw, 1052px\" \/><figcaption id=\"caption-attachment-2998\" class=\"wp-caption-text\">Teleskop Laser-Sensor PTFG<\/figcaption><\/figure>\n<div class=\"mceTemp\"><\/div>\n<h3>Warum Meskernel w\u00e4hlen?<\/h3>\n<p><strong>Mit \u00fcber 20 Jahren Erfahrung<\/strong> in der Laserdistanzmessung ist Meskernel f\u00fchrend in der Branche in Bezug auf Innovation und Zuverl\u00e4ssigkeit. Unser T\u00dcV-zertifiziertes Werk mit einer Fl\u00e4che von 7.000 Quadratmetern gew\u00e4hrleistet die h\u00f6chsten Fertigungsstandards. Wir sind stolz darauf, mehrere Patentzertifikate zu besitzen und die CE-, RoHS-, FCC- und FDA-Vorschriften einzuhalten.<\/p>\n<p><strong>Unsere starken OEM- und ODM-F\u00e4higkeiten<\/strong> werden von einem engagierten Team von \u00fcber 40 Forschungs- und Entwicklungsingenieuren unterst\u00fctzt, die es uns erm\u00f6glichen, ma\u00dfgeschneiderte L\u00f6sungen f\u00fcr Ihre spezifischen Anforderungen zu entwickeln. Wir f\u00fchren w\u00e4hrend des gesamten Prozesses eine strenge Qualit\u00e4tskontrolle durch, vom Materialeingang bis zur Auslieferung, um konsistente, leistungsstarke Produkte zu gew\u00e4hrleisten.<\/p>\n<p><strong>Meskernel bietet auch schnelle Lieferung<\/strong>-Regelm\u00e4\u00dfige Musterbestellungen k\u00f6nnen innerhalb von 3 Tagen versandt werden - und ein 24\/7 technischer Support, der Sie bei Bedarf umgehend unterst\u00fctzt. Mit unserer kosteneffizienten Preisgestaltung bieten wir die perfekte Balance aus Qualit\u00e4t, Geschwindigkeit und Wert f\u00fcr alle Ihre Lasermessl\u00f6sungen.<\/p>\n<p>&nbsp;<\/p>","protected":false},"excerpt":{"rendered":"<p>Der Teleskop-Golf-Entfernungsmesser bietet pr\u00e4zise Messungen mit einer Reichweite von bis zu 3000 Metern und ist damit ideal f\u00fcr die Vermessung, den Bau und die \u00dcberwachung im Freien. Ausgestattet mit einem augensicheren 905nm-Laser, einer hochaufl\u00f6senden LCD-Anzeige f\u00fcr sofortige Ergebnisse und einem 6-fachen monokularen Fernrohr f\u00fcr klare Sicht, gew\u00e4hrleistet dieses Modul sowohl Genauigkeit als auch Benutzerfreundlichkeit. Egal, ob Sie in hellem Sonnenlicht oder in schwierigen Umgebungen arbeiten, die fortschrittlichen Funktionen und das robuste Design garantieren eine zuverl\u00e4ssige Leistung. Und mit seinen anpassbaren Integrationsoptionen f\u00fcgt es sich nahtlos in Ihr System ein und bietet die Flexibilit\u00e4t, Ihre spezifischen Anforderungen zu erf\u00fcllen.<\/p>","protected":false},"featured_media":3693,"template":"","meta":{"site-sidebar-layout":"default","site-content-layout":"","ast-site-content-layout":"default","site-content-style":"default","site-sidebar-style":"default","ast-global-header-display":"","ast-banner-title-visibility":"","ast-main-header-display":"","ast-hfb-above-header-display":"","ast-hfb-below-header-display":"","ast-hfb-mobile-header-display":"","site-post-title":"","ast-breadcrumbs-content":"","ast-featured-img":"","footer-sml-layout":"","ast-disable-related-posts":"","theme-transparent-header-meta":"default","adv-header-id-meta":"","stick-header-meta":"","header-above-stick-meta":"","header-main-stick-meta":"","header-below-stick-meta":"","astra-migrate-meta-layouts":"set","ast-page-background-enabled":"default","ast-page-background-meta":{"desktop":{"background-color":"var(--ast-global-color-4)","background-image":"","background-repeat":"repeat","background-position":"center center","background-size":"auto","background-attachment":"scroll","background-type":"","background-media":"","overlay-type":"","overlay-color":"","overlay-opacity":"","overlay-gradient":""},"tablet":{"background-color":"","background-image":"","background-repeat":"repeat","background-position":"center center","background-size":"auto","background-attachment":"scroll","background-type":"","background-media":"","overlay-type":"","overlay-color":"","overlay-opacity":"","overlay-gradient":""},"mobile":{"background-color":"","background-image":"","background-repeat":"repeat","background-position":"center center","background-size":"auto","background-attachment":"scroll","background-type":"","background-media":"","overlay-type":"","overlay-color":"","overlay-opacity":"","overlay-gradient":""}},"ast-content-background-meta":{"desktop":{"background-color":"var(--ast-global-color-5)","background-image":"","background-repeat":"repeat","background-position":"center center","background-size":"auto","background-attachment":"scroll","background-type":"","background-media":"","overlay-type":"","overlay-color":"","overlay-opacity":"","overlay-gradient":""},"tablet":{"background-color":"var(--ast-global-color-5)","background-image":"","background-repeat":"repeat","background-position":"center center","background-size":"auto","background-attachment":"scroll","background-type":"","background-media":"","overlay-type":"","overlay-color":"","overlay-opacity":"","overlay-gradient":""},"mobile":{"background-color":"var(--ast-global-color-5)","background-image":"","background-repeat":"repeat","background-position":"center center","background-size":"auto","background-attachment":"scroll","background-type":"","background-media":"","overlay-type":"","overlay-color":"","overlay-opacity":"","overlay-gradient":""}}},"product_brand":[60],"product_cat":[30],"product_tag":[],"class_list":{"0":"post-3295","1":"product","2":"type-product","3":"status-publish","4":"has-post-thumbnail","6":"product_brand-meskernel","7":"product_cat-pulse-ranging-sensor","8":"desktop-align-center","9":"tablet-align-left","10":"mobile-align-left","12":"first","13":"instock","14":"shipping-taxable","15":"product-type-simple"},"_links":{"self":[{"href":"https:\/\/meskernel.net\/de\/wp-json\/wp\/v2\/product\/3295","targetHints":{"allow":["GET"]}}],"collection":[{"href":"https:\/\/meskernel.net\/de\/wp-json\/wp\/v2\/product"}],"about":[{"href":"https:\/\/meskernel.net\/de\/wp-json\/wp\/v2\/types\/product"}],"version-history":[{"count":0,"href":"https:\/\/meskernel.net\/de\/wp-json\/wp\/v2\/product\/3295\/revisions"}],"wp:featuredmedia":[{"embeddable":true,"href":"https:\/\/meskernel.net\/de\/wp-json\/wp\/v2\/media\/3693"}],"wp:attachment":[{"href":"https:\/\/meskernel.net\/de\/wp-json\/wp\/v2\/media?parent=3295"}],"wp:term":[{"taxonomy":"product_brand","embeddable":true,"href":"https:\/\/meskernel.net\/de\/wp-json\/wp\/v2\/product_brand?post=3295"},{"taxonomy":"product_cat","embeddable":true,"href":"https:\/\/meskernel.net\/de\/wp-json\/wp\/v2\/product_cat?post=3295"},{"taxonomy":"product_tag","embeddable":true,"href":"https:\/\/meskernel.net\/de\/wp-json\/wp\/v2\/product_tag?post=3295"}],"curies":[{"name":"wp","href":"https:\/\/api.w.org\/{rel}","templated":true}]}}