{"id":3697,"date":"2025-02-10T15:59:26","date_gmt":"2025-02-10T07:59:26","guid":{"rendered":"https:\/\/meskernel.net\/?post_type=product&#038;p=3697"},"modified":"2025-07-03T10:54:10","modified_gmt":"2025-07-03T02:54:10","slug":"laser-entfernungsmesser-sensor","status":"publish","type":"product","link":"https:\/\/meskernel.net\/de\/product\/laser-rangefinder-sensor\/","title":{"rendered":"LDJ-150-20Hz Laser-Entfernungsmesser-Sensor - Pr\u00e4zision, Geschwindigkeit und Zuverl\u00e4ssigkeit"},"content":{"rendered":"<div class=\"mceTemp\">\n<p data-start=\"354\" data-end=\"959\">Der Laser-Entfernungsmesser LDJ-150-20Hz ist eine hochmoderne L\u00f6sung f\u00fcr Branchen, die hochpr\u00e4zise Entfernungsmessungen ben\u00f6tigen. Ob in der Geod\u00e4sie, im Bauwesen, in der Robotik oder in der Automatisierung - dieser Millimeter-Lasersensor bietet schnelle, zuverl\u00e4ssige und genaue Messungen. Mit einer Reichweite von 0,03 m bis 200 m garantiert er eine hohe Genauigkeit sowohl f\u00fcr Anwendungen im Nah- als auch im Fernbereich. Sein kompaktes Design und seine Flexibilit\u00e4t machen ihn ideal f\u00fcr den Einsatz im Innen- und Au\u00dfenbereich und gew\u00e4hrleisten eine zuverl\u00e4ssige Leistung unter verschiedensten Bedingungen.<\/p>\n<\/div>\n<h3 data-start=\"961\" data-end=\"1023\"><strong data-start=\"965\" data-end=\"1023\">Hauptmerkmale des Laserentfernungsmessers LDJ-150-20Hz<\/strong><\/h3>\n<p><img fetchpriority=\"high\" decoding=\"async\" class=\"alignright wp-image-2841 size-full\" title=\"Laser-Distanzsensor f\u00fcr den Au\u00dfenbereich\" src=\"https:\/\/meskernel.net\/wp-content\/uploads\/2024\/11\/usb-laser-distance-sensor.jpg\" alt=\"Laser-Distanzsensor f\u00fcr den Au\u00dfenbereich\" width=\"712\" height=\"694\" srcset=\"https:\/\/meskernel.net\/wp-content\/uploads\/2024\/11\/usb-laser-distance-sensor.jpg 712w, https:\/\/meskernel.net\/wp-content\/uploads\/2024\/11\/usb-laser-distance-sensor-300x292.jpg 300w, https:\/\/meskernel.net\/wp-content\/uploads\/2024\/11\/usb-laser-distance-sensor-400x390.jpg 400w\" sizes=\"(max-width: 712px) 100vw, 712px\" \/><\/p>\n<p><strong data-start=\"1030\" data-end=\"1086\">1. Gro\u00dfer Messbereich f\u00fcr vielseitige Anwendungen<\/strong><\/p>\n<p data-start=\"1087\" data-end=\"1419\">Der LDJ-150-20Hz bietet eine gro\u00dfe Auswahl an w\u00e4hlbaren Entfernungen von 0,03 m bis 200 m, wodurch er sich an verschiedene Branchen und Anwendungen anpassen l\u00e4sst. Ob bei der Messung kleiner Entfernungen in industriellen Umgebungen oder gr\u00f6\u00dferer Entfernungen in der Vermessung oder im Bauwesen, dieser Sensor bietet genaue und zuverl\u00e4ssige Daten in allen Ma\u00dfst\u00e4ben.<\/p>\n<p data-start=\"1421\" data-end=\"1471\"><strong data-start=\"1426\" data-end=\"1471\">2. Schnelle Reaktionszeit f\u00fcr Echtzeitdaten<\/strong><\/p>\n<p data-start=\"1472\" data-end=\"1786\">Mit Datenerfassungszeiten im Millisekundenbereich zeichnet sich der LDJ-150-20Hz-Sensor in schnelllebigen Umgebungen aus. Er ist ideal f\u00fcr Branchen wie Robotik, Automatisierung und Drohnentechnologie, wo Echtzeitmessungen und schnelle Reaktionen f\u00fcr eine effiziente Entscheidungsfindung und Workflow-Optimierung unerl\u00e4sslich sind.<\/p>\n<p data-start=\"1788\" data-end=\"1834\"><strong data-start=\"1793\" data-end=\"1834\">3. Hervorragende Genauigkeit im Millimeterbereich<\/strong><\/p>\n<p data-start=\"1835\" data-end=\"2160\">Der Laser-Entfernungsmesser LDJ-150-20Hz bietet eine Genauigkeit im Millimeterbereich und ist ideal f\u00fcr hochpr\u00e4zise Anwendungen wie geod\u00e4tische Vermessung, wissenschaftliche Forschung und Bauwesen. Dies gew\u00e4hrleistet konsistente und detaillierte Messungen und macht ihn zu einem zuverl\u00e4ssigen Werkzeug f\u00fcr pr\u00e4zisionsorientierte Projekte.<\/p>\n<p data-start=\"2162\" data-end=\"2214\"><strong data-start=\"2167\" data-end=\"2214\">4. Zuverl\u00e4ssige Leistung unter rauen Bedingungen<\/strong><\/p>\n<p data-start=\"2215\" data-end=\"2525\">Dieser Laser-Entfernungsmesser-Sensor f\u00fcr den Au\u00dfenbereich wurde f\u00fcr den Einsatz in anspruchsvollen Umgebungen entwickelt und gew\u00e4hrleistet stabile, qualitativ hochwertige Messungen auch in staubigen, vibrierenden oder temperaturschwankenden Umgebungen. Seine geringe Wiederholgenauigkeit garantiert konsistente Ergebnisse, auch unter harten industriellen Bedingungen.<\/p>\n<p data-start=\"2527\" data-end=\"2573\"><strong data-start=\"2532\" data-end=\"2573\">5. Ber\u00fchrungslose Messtechnik<\/strong><\/p>\n<p data-start=\"2574\" data-end=\"2954\">Dank seiner ber\u00fchrungslosen Messfunktionen ist das LDJ-150-20Hz ideal f\u00fcr die Messung empfindlicher oder sich bewegender Objekte, wie z. B. Oberfl\u00e4chen mit hohen Temperaturen, zerbrechliche Komponenten oder unregelm\u00e4\u00dfig geformte Ziele. Diese Eigenschaft ist besonders n\u00fctzlich f\u00fcr die Materialpr\u00fcfung, die Automobilherstellung und die Oberfl\u00e4chenprofilierung, wo ein direkter Kontakt nicht m\u00f6glich oder erw\u00fcnscht ist.<\/p>\n<p data-start=\"2956\" data-end=\"3026\"><strong data-start=\"2961\" data-end=\"3026\">6. Mehrere Kommunikationsschnittstellen f\u00fcr nahtlose Integration<\/strong><\/p>\n<p data-start=\"3027\" data-end=\"3385\">Dank der Unterst\u00fctzung verschiedener Kommunikationsprotokolle, darunter RS232, RS485, Modbus, Bluetooth und UART, l\u00e4sst sich der LDJ-150-20Hz nahtlos in bestehende Systeme integrieren. Ganz gleich, ob Sie mit Automatisierungsplattformen, Datenloggern oder Steuerungssystemen arbeiten, dieser Sensor erm\u00f6glicht eine einfache Einrichtung und reduziert die Installationszeit und Komplexit\u00e4t.<\/p>\n<div class=\"magic-16\">\n<div class=\"magic-17\">\n<div data-spm-anchor-id=\"a2700.details.0.i68.469255a4z4kxlM\"><\/div>\n<\/div>\n<\/div>\n<p data-start=\"3387\" data-end=\"3434\"><strong data-start=\"3392\" data-end=\"3434\">7.<\/strong> <strong>Individuelle L\u00f6sungen f\u00fcr spezifische Bed\u00fcrfnisse<\/strong><\/p>\n<p style=\"text-align: left;\" data-start=\"3435\" data-end=\"3781\">Wir bieten ma\u00dfgeschneiderte L\u00f6sungen f\u00fcr Ihre individuellen Messanforderungen, einschlie\u00dflich Anpassungen von Messbereich, Frequenz, Aufl\u00f6sung und Kommunikationsprotokollen. Unser Expertenteam arbeitet mit Ihnen zusammen, um sicherzustellen, dass das LDJ-150-20Hz perfekt zu den Spezifikationen Ihres Projekts passt und sowohl die Leistung als auch die Produktivit\u00e4t optimiert.<\/p>\n<h3 style=\"text-align: center;\" data-start=\"3435\" data-end=\"3781\"><a href=\"https:\/\/meskernel.net\/de\/hochfrequenz-sensormodul\/phasenabschnittssensor\/\"><strong>Einschl\u00e4gige Produkte<\/strong><\/a><\/h3>\n<figure id=\"attachment_3071\" aria-describedby=\"caption-attachment-3071\" style=\"width: 800px\" class=\"wp-caption aligncenter\"><img decoding=\"async\" class=\"wp-image-3071 size-full\" src=\"https:\/\/meskernel.net\/wp-content\/uploads\/2024\/12\/distance-sensor-analog-output.jpg\" alt=\"Abstandssensor Analogausgang\" width=\"800\" height=\"800\" srcset=\"https:\/\/meskernel.net\/wp-content\/uploads\/2024\/12\/distance-sensor-analog-output.jpg 800w, https:\/\/meskernel.net\/wp-content\/uploads\/2024\/12\/distance-sensor-analog-output-300x300.jpg 300w, https:\/\/meskernel.net\/wp-content\/uploads\/2024\/12\/distance-sensor-analog-output-150x150.jpg 150w, https:\/\/meskernel.net\/wp-content\/uploads\/2024\/12\/distance-sensor-analog-output-768x768.jpg 768w, https:\/\/meskernel.net\/wp-content\/uploads\/2024\/12\/distance-sensor-analog-output-400x400.jpg 400w, https:\/\/meskernel.net\/wp-content\/uploads\/2024\/12\/distance-sensor-analog-output-100x100.jpg 100w\" sizes=\"(max-width: 800px) 100vw, 800px\" \/><figcaption id=\"caption-attachment-3071\" class=\"wp-caption-text\">Abstandssensor<\/figcaption><\/figure>\n<h3 data-start=\"3783\" data-end=\"3841\"><\/h3>\n<h3 data-start=\"3783\" data-end=\"3841\"><strong data-start=\"3787\" data-end=\"3841\">Warum sollten Sie sich f\u00fcr den Laser-Entfernungsmesser LDJ-150-20Hz entscheiden?<\/strong><\/h3>\n<p data-start=\"3843\" data-end=\"4403\">Der Laser-Entfernungsmesser-Sensor LDJ-150-20Hz kombiniert Hochgeschwindigkeits-Datenerfassung, Genauigkeit im Millimeterbereich und au\u00dfergew\u00f6hnliche Vielseitigkeit und ist damit die perfekte Wahl f\u00fcr Anwendungen in Branchen wie Bauwesen, Vermessung, Robotik und Automatisierung. Er arbeitet auch in rauen Umgebungen zuverl\u00e4ssig, liefert Echtzeitdaten und l\u00e4sst sich problemlos in bestehende Systeme integrieren. Anpassbare Optionen sorgen daf\u00fcr, dass der Sensor genau auf Ihre Bed\u00fcrfnisse abgestimmt werden kann, was ihn zu einem unsch\u00e4tzbaren Werkzeug f\u00fcr pr\u00e4zise und effiziente Messungen macht.<\/p>","protected":false},"excerpt":{"rendered":"<p>Der Laser-Entfernungsmesser-Sensor LDJ-150-20Hz bietet hochpr\u00e4zise, schnelle Messungen mit einer gro\u00dfen Reichweite von bis zu 200 Metern. Er eignet sich ideal f\u00fcr die Bereiche Bauwesen, Robotik, Vermessung und Automatisierung und bietet Echtzeitdaten, Genauigkeit im Millimeterbereich und nahtlose Systemintegration. Ma\u00dfgeschneiderte L\u00f6sungen verf\u00fcgbar.<\/p>","protected":false},"featured_media":3698,"template":"","meta":{"site-sidebar-layout":"default","site-content-layout":"","ast-site-content-layout":"default","site-content-style":"default","site-sidebar-style":"default","ast-global-header-display":"","ast-banner-title-visibility":"","ast-main-header-display":"","ast-hfb-above-header-display":"","ast-hfb-below-header-display":"","ast-hfb-mobile-header-display":"","site-post-title":"","ast-breadcrumbs-content":"","ast-featured-img":"","footer-sml-layout":"","ast-disable-related-posts":"","theme-transparent-header-meta":"default","adv-header-id-meta":"","stick-header-meta":"","header-above-stick-meta":"","header-main-stick-meta":"","header-below-stick-meta":"","astra-migrate-meta-layouts":"set","ast-page-background-enabled":"default","ast-page-background-meta":{"desktop":{"background-color":"var(--ast-global-color-4)","background-image":"","background-repeat":"repeat","background-position":"center center","background-size":"auto","background-attachment":"scroll","background-type":"","background-media":"","overlay-type":"","overlay-color":"","overlay-opacity":"","overlay-gradient":""},"tablet":{"background-color":"","background-image":"","background-repeat":"repeat","background-position":"center center","background-size":"auto","background-attachment":"scroll","background-type":"","background-media":"","overlay-type":"","overlay-color":"","overlay-opacity":"","overlay-gradient":""},"mobile":{"background-color":"","background-image":"","background-repeat":"repeat","background-position":"center center","background-size":"auto","background-attachment":"scroll","background-type":"","background-media":"","overlay-type":"","overlay-color":"","overlay-opacity":"","overlay-gradient":""}},"ast-content-background-meta":{"desktop":{"background-color":"var(--ast-global-color-5)","background-image":"","background-repeat":"repeat","background-position":"center center","background-size":"auto","background-attachment":"scroll","background-type":"","background-media":"","overlay-type":"","overlay-color":"","overlay-opacity":"","overlay-gradient":""},"tablet":{"background-color":"var(--ast-global-color-5)","background-image":"","background-repeat":"repeat","background-position":"center center","background-size":"auto","background-attachment":"scroll","background-type":"","background-media":"","overlay-type":"","overlay-color":"","overlay-opacity":"","overlay-gradient":""},"mobile":{"background-color":"var(--ast-global-color-5)","background-image":"","background-repeat":"repeat","background-position":"center center","background-size":"auto","background-attachment":"scroll","background-type":"","background-media":"","overlay-type":"","overlay-color":"","overlay-opacity":"","overlay-gradient":""}}},"product_brand":[60],"product_cat":[51],"product_tag":[],"class_list":{"0":"post-3697","1":"product","2":"type-product","3":"status-publish","4":"has-post-thumbnail","6":"product_brand-meskernel","7":"product_cat-laser-distance-sensor","8":"desktop-align-center","9":"tablet-align-left","10":"mobile-align-left","12":"first","13":"instock","14":"shipping-taxable","15":"product-type-simple"},"_links":{"self":[{"href":"https:\/\/meskernel.net\/de\/wp-json\/wp\/v2\/product\/3697","targetHints":{"allow":["GET"]}}],"collection":[{"href":"https:\/\/meskernel.net\/de\/wp-json\/wp\/v2\/product"}],"about":[{"href":"https:\/\/meskernel.net\/de\/wp-json\/wp\/v2\/types\/product"}],"version-history":[{"count":0,"href":"https:\/\/meskernel.net\/de\/wp-json\/wp\/v2\/product\/3697\/revisions"}],"wp:featuredmedia":[{"embeddable":true,"href":"https:\/\/meskernel.net\/de\/wp-json\/wp\/v2\/media\/3698"}],"wp:attachment":[{"href":"https:\/\/meskernel.net\/de\/wp-json\/wp\/v2\/media?parent=3697"}],"wp:term":[{"taxonomy":"product_brand","embeddable":true,"href":"https:\/\/meskernel.net\/de\/wp-json\/wp\/v2\/product_brand?post=3697"},{"taxonomy":"product_cat","embeddable":true,"href":"https:\/\/meskernel.net\/de\/wp-json\/wp\/v2\/product_cat?post=3697"},{"taxonomy":"product_tag","embeddable":true,"href":"https:\/\/meskernel.net\/de\/wp-json\/wp\/v2\/product_tag?post=3697"}],"curies":[{"name":"wp","href":"https:\/\/api.w.org\/{rel}","templated":true}]}}