{"id":3700,"date":"2025-02-11T11:08:16","date_gmt":"2025-02-11T03:08:16","guid":{"rendered":"https:\/\/meskernel.net\/?post_type=product&#038;p=3700"},"modified":"2025-12-29T14:02:35","modified_gmt":"2025-12-29T06:02:35","slug":"laser-entfernungsmesser-3","status":"publish","type":"product","link":"https:\/\/meskernel.net\/de\/product\/laser-ranging-sensors\/","title":{"rendered":"PTFS-300 50Hz Laser Ranging Sensor | Hochgeschwindigkeits-Distanzmessmodul"},"content":{"rendered":"<p data-start=\"207\" data-end=\"311\"><strong data-start=\"207\" data-end=\"311\">PTFS-300-50Hz Laser Ranging Sensoren - Pr\u00e4zisions- und Hochgeschwindigkeitsmessungen f\u00fcr vielseitige Anwendungen<\/strong><\/p>\n<p data-start=\"313\" data-end=\"862\">Der PTFS-300-50Hz Laser Ranging Sensor ist ein hochleistungsf\u00e4higes Messmodul f\u00fcr die zuverl\u00e4ssige Entfernungsmessung mit gepulster Lasertechnologie. Er sendet eine Reihe von gepulsten Laserstrahlen aus, berechnet die Entfernung auf der Grundlage der Umlaufzeit des Lasers und liefert selbst in schwierigen Umgebungen genaue Ergebnisse. Mit einer Reichweite von bis zu 300 Metern, einer Hochfrequenzmessung bei 50 Hz und robusten Anti-Jamming-Funktionen ist dieser Sensor ideal f\u00fcr eine Vielzahl von industriellen, kommerziellen und Forschungsanwendungen.<\/p>\n<div class=\"text-content\">\n<h3 data-start=\"864\" data-end=\"926\"><strong data-start=\"868\" data-end=\"926\">Hauptmerkmale der PTFS-300-50Hz Laser Ranging Sensoren<\/strong><\/h3>\n<p><img fetchpriority=\"high\" decoding=\"async\" class=\"wp-image-2979 alignright\" title=\"Laser-Entfernungsmesser 700m PTFS\" src=\"https:\/\/meskernel.net\/wp-content\/uploads\/2024\/11\/PTFS-Laser-Ranging-Sensor-700m.jpg\" alt=\"PTFS Laser-Entfernungsmesser 700m\" width=\"497\" height=\"497\" srcset=\"https:\/\/meskernel.net\/wp-content\/uploads\/2024\/11\/PTFS-Laser-Ranging-Sensor-700m.jpg 800w, https:\/\/meskernel.net\/wp-content\/uploads\/2024\/11\/PTFS-Laser-Ranging-Sensor-700m-300x300.jpg 300w, https:\/\/meskernel.net\/wp-content\/uploads\/2024\/11\/PTFS-Laser-Ranging-Sensor-700m-150x150.jpg 150w, https:\/\/meskernel.net\/wp-content\/uploads\/2024\/11\/PTFS-Laser-Ranging-Sensor-700m-768x768.jpg 768w, https:\/\/meskernel.net\/wp-content\/uploads\/2024\/11\/PTFS-Laser-Ranging-Sensor-700m-400x400.jpg 400w, https:\/\/meskernel.net\/wp-content\/uploads\/2024\/11\/PTFS-Laser-Ranging-Sensor-700m-100x100.jpg 100w\" sizes=\"(max-width: 497px) 100vw, 497px\" \/><strong data-start=\"933\" data-end=\"972\">1. Au\u00dfergew\u00f6hnliche Abstandsmessung<\/strong><\/p>\n<p data-start=\"973\" data-end=\"1287\">Der PTFS-300-50Hz Laser Ranging Sensor bietet einen zuverl\u00e4ssigen Messbereich von bis zu 300 Metern und eignet sich damit perfekt f\u00fcr Anwendungen mit kurzen und mittleren Reichweiten. Dieser Sensor unterst\u00fctzt pr\u00e4zise Messungen f\u00fcr die industrielle \u00dcberwachung, Geschwindigkeitsmessung, Wegmessung und verschiedene andere Aufgaben.<\/p>\n<p data-start=\"973\" data-end=\"1287\"><strong data-start=\"1294\" data-end=\"1334\">2. Hochfrequenzleistung (50Hz)<\/strong><\/p>\n<p data-start=\"1335\" data-end=\"1616\">Der PTFS-300-50Hz Laser Ranging Sensor arbeitet mit einer Frequenz von 50 Hz und gew\u00e4hrleistet schnelle, kontinuierliche Messungen. Die hohe Frequenz ist entscheidend f\u00fcr Anwendungen, die eine schnelle R\u00fcckmeldung und Datenverarbeitung in Echtzeit erfordern, z. B. in der Robotik, Automatisierung und Bewegungsverfolgung.<\/p>\n<p data-start=\"1335\" data-end=\"1616\"><strong data-start=\"1623\" data-end=\"1676\">3. Anti-Jamming-Technologie f\u00fcr stabile Leistung<\/strong><\/p>\n<p data-start=\"1677\" data-end=\"1946\">Der PTFS-300-50Hz-Sensor ist so konstruiert, dass er Umgebungsger\u00e4uschen und -st\u00f6rungen standh\u00e4lt und somit konsistente und genaue Entfernungsmessungen gew\u00e4hrleistet. Dies ist besonders wertvoll in industriellen Umgebungen, wo eine stabile Leistung unter schwierigen Bedingungen entscheidend ist.<\/p>\n<p data-start=\"1677\" data-end=\"1946\"><strong data-start=\"1953\" data-end=\"2000\">4. Anpassbare Frequenz f\u00fcr vielseitigen Einsatz<\/strong><\/p>\n<p data-start=\"2001\" data-end=\"2247\">W\u00e4hrend die Standardfrequenz 50 Hz betr\u00e4gt, kann der Sensor f\u00fcr Frequenzen von 1 bis 400 Hz angepasst werden, so dass er f\u00fcr eine Vielzahl von Anwendungen geeignet ist, die unterschiedliche Messgeschwindigkeiten oder Echtzeit-Feedback erfordern.<\/p>\n<p data-start=\"2249\" data-end=\"2303\"><strong data-start=\"2254\" data-end=\"2303\">5. Einfache Integration und flexible Konnektivit\u00e4t<\/strong><\/p>\n<p data-start=\"2304\" data-end=\"2661\">Dank seines kompakten Designs und der Unterst\u00fctzung mehrerer Kommunikationsschnittstellen (TTL, RS232, RS485, Bluetooth, Modbus, UART) l\u00e4sst sich der PTFS-300-50Hz Laser Ranging Sensor nahtlos in die meisten industriellen Automatisierungssysteme, Datenlogger und IoT-Netzwerke integrieren. Dank seiner quadratischen Struktur l\u00e4sst er sich leicht installieren und in Systeme mit begrenztem Platzangebot integrieren.<\/p>\n<p data-start=\"2663\" data-end=\"2707\"><strong data-start=\"2668\" data-end=\"2707\">6. Augensichere 905-nm-Lasertechnologie<\/strong><\/p>\n<p data-start=\"2708\" data-end=\"2885\">Der 905-nm-Laser ist augensicher und entspricht den internationalen Sicherheitsstandards, so dass ein sicherer Betrieb auch in Umgebungen gew\u00e4hrleistet ist, in denen Menschen Laserstrahlen ausgesetzt sein k\u00f6nnen.<\/p>\n<p data-start=\"2887\" data-end=\"2936\"><strong data-start=\"2892\" data-end=\"2936\">7. OEM-L\u00f6sungen f\u00fcr kundenspezifische Anwendungen<\/strong><\/p>\n<p data-start=\"2937\" data-end=\"3178\">Wir bieten OEM-L\u00f6sungen f\u00fcr Unternehmen, die den PTFS-300-50Hz Laser Ranging Sensor in ihre Produkte oder Systeme integrieren m\u00f6chten. Kundenspezifische Konfigurationen, einzigartige Verpackungen und Gro\u00dfbestellungen sind m\u00f6glich, um spezifische Anforderungen zu erf\u00fcllen.<\/p>\n<h3 data-start=\"3180\" data-end=\"3242\"><strong data-start=\"3184\" data-end=\"3242\">Anwendungen der PTFS-300-50Hz Laser Ranging Sensoren<\/strong><\/h3>\n<p data-start=\"3244\" data-end=\"3359\">Der PTFS-300-50Hz Laser Ranging Sensor ist \u00e4u\u00dferst vielseitig und eignet sich f\u00fcr eine Reihe von Anwendungen, darunter:<\/p>\n<ul data-start=\"3361\" data-end=\"3840\">\n<li data-start=\"3361\" data-end=\"3484\"><strong data-start=\"3363\" data-end=\"3387\">Messung der Entfernung<\/strong>: Pr\u00e4zise Messungen bis zu 300 Metern f\u00fcr verschiedene industrielle, wissenschaftliche und kommerzielle Anwendungen.<\/li>\n<li data-start=\"3485\" data-end=\"3605\"><strong data-start=\"3487\" data-end=\"3525\">Geschwindigkeits- und Verschiebungsmessung<\/strong>: Ideal f\u00fcr dynamische Messungen in der Robotik, Automatisierung und bei Echtzeitsystemen.<\/li>\n<li data-start=\"3606\" data-end=\"3718\"><strong data-start=\"3608\" data-end=\"3633\">Vermessung und Kartierung<\/strong>: Perfekt f\u00fcr Messaufgaben mittlerer Reichweite in Innen- und Au\u00dfenbereichen.<\/li>\n<li data-start=\"3719\" data-end=\"3840\"><strong data-start=\"3721\" data-end=\"3740\">Bewegungsverfolgung<\/strong>: Bietet eine schnelle Datenerfassung und ist damit ideal f\u00fcr Anwendungen in der Robotik und Drohnentechnik.<\/li>\n<\/ul>\n<\/div>\n<figure id=\"attachment_2980\" aria-describedby=\"caption-attachment-2980\" style=\"width: 800px\" class=\"wp-caption aligncenter\"><img decoding=\"async\" class=\"wp-image-2980 size-full\" title=\"PTFS Laser-Messsensor f\u00fcr Drohnen\" src=\"https:\/\/meskernel.net\/wp-content\/uploads\/2024\/11\/PTFS-Laser-Measurement-Sensor.jpg\" alt=\"PTFS Laser-Messsensor f\u00fcr Drohnen\" width=\"800\" height=\"800\" srcset=\"https:\/\/meskernel.net\/wp-content\/uploads\/2024\/11\/PTFS-Laser-Measurement-Sensor.jpg 800w, https:\/\/meskernel.net\/wp-content\/uploads\/2024\/11\/PTFS-Laser-Measurement-Sensor-300x300.jpg 300w, https:\/\/meskernel.net\/wp-content\/uploads\/2024\/11\/PTFS-Laser-Measurement-Sensor-150x150.jpg 150w, https:\/\/meskernel.net\/wp-content\/uploads\/2024\/11\/PTFS-Laser-Measurement-Sensor-768x768.jpg 768w, https:\/\/meskernel.net\/wp-content\/uploads\/2024\/11\/PTFS-Laser-Measurement-Sensor-400x400.jpg 400w, https:\/\/meskernel.net\/wp-content\/uploads\/2024\/11\/PTFS-Laser-Measurement-Sensor-100x100.jpg 100w\" sizes=\"(max-width: 800px) 100vw, 800px\" \/><figcaption id=\"caption-attachment-2980\" class=\"wp-caption-text\">PTFS Laser-Messsensor f\u00fcr Drohnen<\/figcaption><\/figure>\n<h3 data-start=\"3842\" data-end=\"3900\"><strong data-start=\"3846\" data-end=\"3900\">Warum sollten Sie sich f\u00fcr die PTFS-300-50Hz Laser Ranging Sensoren entscheiden?<\/strong><\/h3>\n<ul data-start=\"3902\" data-end=\"4543\">\n<li data-start=\"3902\" data-end=\"4034\"><strong data-start=\"3904\" data-end=\"3944\">Hochpr\u00e4zise Messung mit gro\u00dfer Reichweite<\/strong>: Zuverl\u00e4ssige Messungen bis zu 300 Meter, ideal f\u00fcr eine Vielzahl von Anwendungen.<\/li>\n<li data-start=\"4035\" data-end=\"4183\"><strong data-start=\"4037\" data-end=\"4076\">Schnelle und kontinuierliche Datenerfassung<\/strong>: Mit einer Frequenz von 50 Hz unterst\u00fctzt der Sensor Echtzeitanwendungen und gew\u00e4hrleistet eine schnelle Datenverarbeitung.<\/li>\n<li data-start=\"4184\" data-end=\"4333\"><strong data-start=\"4186\" data-end=\"4210\">Langlebig und zuverl\u00e4ssig<\/strong>: Dieser Sensor wurde f\u00fcr den Einsatz unter schwierigen Bedingungen entwickelt und liefert selbst in lauten oder schwierigen Umgebungen stabile Messungen.<\/li>\n<li data-start=\"4334\" data-end=\"4444\"><strong data-start=\"4336\" data-end=\"4360\">Nahtlose Integration<\/strong>: Unterst\u00fctzt flexible Konnektivit\u00e4tsoptionen zur einfachen Integration in bestehende Systeme.<\/li>\n<li data-start=\"4445\" data-end=\"4543\"><strong data-start=\"4447\" data-end=\"4471\">Anpassbare Optionen<\/strong>: Ma\u00dfgeschneiderte L\u00f6sungen und OEM-Support f\u00fcr spezifische Messanforderungen.<\/li>\n<\/ul>\n<p data-start=\"4565\" data-end=\"5037\">Der PTFS-300-50Hz Laser Ranging Sensor bietet Hochgeschwindigkeits-, Hochpr\u00e4zisions- und Langstrecken-Entfernungsmessungen und ist damit die perfekte L\u00f6sung f\u00fcr Branchen wie Robotik, Automatisierung, Vermessung und Wegverfolgung. Seine 50Hz-Frequenz, sein zuverl\u00e4ssiger St\u00f6rungsschutz und seine einfache Integration machen ihn zu einem unverzichtbaren Werkzeug f\u00fcr eine Vielzahl von Anwendungen, von der industriellen Automatisierung bis hin zu Forschung und Entwicklung.<\/p>\n<p data-start=\"5039\" data-end=\"5209\"><a href=\"https:\/\/meskernel.net\/de\/kontakt\/\"><strong data-start=\"5039\" data-end=\"5059\">Kontaktieren Sie uns heute<\/strong><\/a> um mehr dar\u00fcber zu erfahren, wie die PTFS-300-50Hz Laser Ranging Sensoren Ihr System oder Projekt verbessern k\u00f6nnen, und wie wir Sie bei Ihren OEM-Anforderungen unterst\u00fctzen k\u00f6nnen.<\/p>","protected":false},"excerpt":{"rendered":"<p>Als f\u00fchrender Hersteller von Laser Ranging Sensoren bietet Meskernel anpassbare L\u00f6sungen f\u00fcr Ihre spezifischen Anforderungen. Mit einer Reichweite von 3 bis 700 Metern und hoher Genauigkeit sind unsere Sensoren perfekt f\u00fcr die Automatisierung, Robotik und industrielle Anwendungen geeignet. Setzen Sie sich noch heute mit uns in Verbindung, um Ihre individuellen Anforderungen zu besprechen und Ihre Projekte mit Pr\u00e4zisionstechnologie aufzuwerten!<\/p>","protected":false},"featured_media":3701,"template":"","meta":{"site-sidebar-layout":"default","site-content-layout":"","ast-site-content-layout":"default","site-content-style":"default","site-sidebar-style":"default","ast-global-header-display":"","ast-banner-title-visibility":"","ast-main-header-display":"","ast-hfb-above-header-display":"","ast-hfb-below-header-display":"","ast-hfb-mobile-header-display":"","site-post-title":"","ast-breadcrumbs-content":"","ast-featured-img":"","footer-sml-layout":"","ast-disable-related-posts":"","theme-transparent-header-meta":"default","adv-header-id-meta":"","stick-header-meta":"","header-above-stick-meta":"","header-main-stick-meta":"","header-below-stick-meta":"","astra-migrate-meta-layouts":"set","ast-page-background-enabled":"default","ast-page-background-meta":{"desktop":{"background-color":"var(--ast-global-color-4)","background-image":"","background-repeat":"repeat","background-position":"center center","background-size":"auto","background-attachment":"scroll","background-type":"","background-media":"","overlay-type":"","overlay-color":"","overlay-opacity":"","overlay-gradient":""},"tablet":{"background-color":"","background-image":"","background-repeat":"repeat","background-position":"center center","background-size":"auto","background-attachment":"scroll","background-type":"","background-media":"","overlay-type":"","overlay-color":"","overlay-opacity":"","overlay-gradient":""},"mobile":{"background-color":"","background-image":"","background-repeat":"repeat","background-position":"center center","background-size":"auto","background-attachment":"scroll","background-type":"","background-media":"","overlay-type":"","overlay-color":"","overlay-opacity":"","overlay-gradient":""}},"ast-content-background-meta":{"desktop":{"background-color":"var(--ast-global-color-5)","background-image":"","background-repeat":"repeat","background-position":"center center","background-size":"auto","background-attachment":"scroll","background-type":"","background-media":"","overlay-type":"","overlay-color":"","overlay-opacity":"","overlay-gradient":""},"tablet":{"background-color":"var(--ast-global-color-5)","background-image":"","background-repeat":"repeat","background-position":"center center","background-size":"auto","background-attachment":"scroll","background-type":"","background-media":"","overlay-type":"","overlay-color":"","overlay-opacity":"","overlay-gradient":""},"mobile":{"background-color":"var(--ast-global-color-5)","background-image":"","background-repeat":"repeat","background-position":"center center","background-size":"auto","background-attachment":"scroll","background-type":"","background-media":"","overlay-type":"","overlay-color":"","overlay-opacity":"","overlay-gradient":""}}},"product_brand":[60],"product_cat":[30],"product_tag":[],"class_list":{"0":"post-3700","1":"product","2":"type-product","3":"status-publish","4":"has-post-thumbnail","6":"product_brand-meskernel","7":"product_cat-pulse-ranging-sensor","8":"desktop-align-center","9":"tablet-align-left","10":"mobile-align-left","12":"first","13":"instock","14":"shipping-taxable","15":"product-type-simple"},"_links":{"self":[{"href":"https:\/\/meskernel.net\/de\/wp-json\/wp\/v2\/product\/3700","targetHints":{"allow":["GET"]}}],"collection":[{"href":"https:\/\/meskernel.net\/de\/wp-json\/wp\/v2\/product"}],"about":[{"href":"https:\/\/meskernel.net\/de\/wp-json\/wp\/v2\/types\/product"}],"version-history":[{"count":0,"href":"https:\/\/meskernel.net\/de\/wp-json\/wp\/v2\/product\/3700\/revisions"}],"wp:featuredmedia":[{"embeddable":true,"href":"https:\/\/meskernel.net\/de\/wp-json\/wp\/v2\/media\/3701"}],"wp:attachment":[{"href":"https:\/\/meskernel.net\/de\/wp-json\/wp\/v2\/media?parent=3700"}],"wp:term":[{"taxonomy":"product_brand","embeddable":true,"href":"https:\/\/meskernel.net\/de\/wp-json\/wp\/v2\/product_brand?post=3700"},{"taxonomy":"product_cat","embeddable":true,"href":"https:\/\/meskernel.net\/de\/wp-json\/wp\/v2\/product_cat?post=3700"},{"taxonomy":"product_tag","embeddable":true,"href":"https:\/\/meskernel.net\/de\/wp-json\/wp\/v2\/product_tag?post=3700"}],"curies":[{"name":"wp","href":"https:\/\/api.w.org\/{rel}","templated":true}]}}