{"id":3816,"date":"2025-03-04T08:58:36","date_gmt":"2025-03-04T00:58:36","guid":{"rendered":"https:\/\/meskernel.net\/?post_type=product&#038;p=3816"},"modified":"2025-06-11T10:22:20","modified_gmt":"2025-06-11T02:22:20","slug":"lasermessgerat-2","status":"publish","type":"product","link":"https:\/\/meskernel.net\/de\/product\/laser-measuring-device\/","title":{"rendered":"100m Laser-Messger\u00e4t Sensor LDJ-4Hz"},"content":{"rendered":"<div class=\"mceTemp\"><\/div>\n<p>Der 100m-Lasermessger\u00e4tesensor, ein 1mm-Pr\u00e4zisionslaser-Distanzmessmodul, ist ein Ger\u00e4t, das zur Messung von Zielentfernungen und zur Daten\u00fcbertragung eingesetzt wird. Es nutzt die Technologie des sichtbaren Lasers, um Laserstrahlen auszusenden und reflektierte Lasersignale zu empfangen, um die Entfernung zwischen Objekten und dem Sensor zu messen. Der Laser-Entfernungsmesser unterst\u00fctzt Kommunikationsschnittstellen wie USB, TTL, RS232, RS485 und Bluetooth und erm\u00f6glicht so die Daten\u00fcbertragung und Kommunikation mit anderen Ger\u00e4ten.<\/p>\n<h3>Wesentliche Merkmale:<img fetchpriority=\"high\" decoding=\"async\" class=\"wp-image-2966 size-full alignright\" title=\"Laser-Distanzsensor f\u00fcr den Au\u00dfenbereich\" src=\"https:\/\/meskernel.net\/wp-content\/uploads\/2024\/10\/Outdoor-Laser-Distance-Sensor.jpg\" alt=\"Laser-Distanzsensor f\u00fcr den Au\u00dfenbereich\" width=\"445\" height=\"410\" srcset=\"https:\/\/meskernel.net\/wp-content\/uploads\/2024\/10\/Outdoor-Laser-Distance-Sensor.jpg 445w, https:\/\/meskernel.net\/wp-content\/uploads\/2024\/10\/Outdoor-Laser-Distance-Sensor-300x276.jpg 300w, https:\/\/meskernel.net\/wp-content\/uploads\/2024\/10\/Outdoor-Laser-Distance-Sensor-400x369.jpg 400w\" sizes=\"(max-width: 445px) 100vw, 445px\" \/><\/h3>\n<ul>\n<li><strong><strong>Bessere Sichtbarkeit<\/strong><\/strong><\/li>\n<\/ul>\n<p style=\"padding-left: 40px;\"><span style=\"font-size: 16px;\">510-550nm sind f\u00fcr das menschliche Auge besser sichtbar.<\/span><span style=\"font-size: 16px;\">Wird weniger vom Umgebungslicht beeinflusst.<\/span><\/p>\n<ul>\n<li><strong>H\u00f6here Durchdringung<\/strong><\/li>\n<\/ul>\n<p style=\"padding-left: 40px;\">Es kann das Wasser durchdringen und in Unterwasserszenen verwendet werden.<br \/>\n-Hohe Zuverl\u00e4ssigkeit in schwierigen Umgebungen.<\/p>\n<ul>\n<li><strong>Gr\u00f6\u00dfere Reichweite und Stabilit\u00e4t<\/strong><\/li>\n<\/ul>\n<p style=\"padding-left: 40px;\">Interagiert unterschiedlich mit verschiedenen Oberfl\u00e4chen. Liefert genauere Messwerte<br \/>\nauf der Oberfl\u00e4che bestimmter Materialien, was es f\u00fcr die Verwendung im Freien geeignet macht.<\/p>\n<ul>\n<li><strong>Messbereich<\/strong>: 0,03 m bis 200 m<\/li>\n<li><strong>Reaktionszeit<\/strong>: Schnelle Datenerfassung in Echtzeit<\/li>\n<li><strong>Ber\u00fchrungslose Messung<\/strong>: Ideal f\u00fcr empfindliche oder gef\u00e4hrliche Materialien<\/li>\n<li><strong>Schnittstellen<\/strong>: RS232, RS485, Modbus, Ethernet, Bluetooth<\/li>\n<li><strong>Personalisierung<\/strong>: Ma\u00dfgeschneiderte L\u00f6sungen f\u00fcr spezifische Bed\u00fcrfnisse<\/li>\n<li><strong>Dauerhaftigkeit<\/strong>: Stabile Leistung unter rauen Bedingungen<\/li>\n<\/ul>\n<p>&nbsp;<\/p>\n<p>&nbsp;<\/p>\n<h3 class=\"magic-4\"><span class=\"magic-5\" data-spm-anchor-id=\"a2700.details.0.i67.469255a4z4kxlM\">Kommunikationsanschluss:<\/span><\/h3>\n<div class=\"magic-16\">\n<div class=\"magic-17\">\n<div class=\"magic-18\" data-spm-anchor-id=\"a2700.details.0.i68.469255a4z4kxlM\"><span class=\"magic-6\"><span data-spm-anchor-id=\"a2700.details.0.i74.469255a4z4kxlM\">100m Laser-Messger\u00e4t Sensor unterst\u00fctzt USB, TTL, RS232, RS485, Bluetooth und andere Kommunikationsschnittstellen, unterst\u00fctzt Arduino, Raspberry PI und andere externe Ger\u00e4te.<\/span><\/span><\/div>\n<div data-spm-anchor-id=\"a2700.details.0.i68.469255a4z4kxlM\">\n<figure id=\"attachment_2841\" aria-describedby=\"caption-attachment-2841\" style=\"width: 712px\" class=\"wp-caption aligncenter\"><img decoding=\"async\" class=\"wp-image-2841 size-full\" title=\"Laser-Distanzsensor f\u00fcr den Au\u00dfenbereich\" src=\"https:\/\/meskernel.net\/wp-content\/uploads\/2024\/11\/usb-laser-distance-sensor.jpg\" alt=\"Laser-Distanzsensor f\u00fcr den Au\u00dfenbereich\" width=\"712\" height=\"694\" srcset=\"https:\/\/meskernel.net\/wp-content\/uploads\/2024\/11\/usb-laser-distance-sensor.jpg 712w, https:\/\/meskernel.net\/wp-content\/uploads\/2024\/11\/usb-laser-distance-sensor-300x292.jpg 300w, https:\/\/meskernel.net\/wp-content\/uploads\/2024\/11\/usb-laser-distance-sensor-400x390.jpg 400w\" sizes=\"(max-width: 712px) 100vw, 712px\" \/><figcaption id=\"caption-attachment-2841\" class=\"wp-caption-text\">Laser-Distanzsensor f\u00fcr den Au\u00dfenbereich<\/figcaption><\/figure>\n<\/div>\n<\/div>\n<\/div>\n<h3><strong>Laser-Messger\u00e4t Sensor f\u00fcr Pr\u00e4zisionsmessungen<\/strong><\/h3>\n<p>Der hochpr\u00e4zise Millimeter-Lasersensor ist ein hochmodernes Werkzeug, das f\u00fcr zuverl\u00e4ssige, schnelle und pr\u00e4zise Messungen in einer Vielzahl von Branchen entwickelt wurde. Ganz gleich, ob Sie in der Geod\u00e4sie, im Bauwesen, in der Automatisierung oder in der Robotik t\u00e4tig sind, dieser Lasermesssensor garantiert hochpr\u00e4zise Daten. Mit seinem Messbereich von 0,03 Metern bis 200 Metern eignet er sich sowohl f\u00fcr kleine als auch f\u00fcr weitreichende Anwendungen, bei denen es auf Genauigkeit in jedem Detail ankommt. Dank seines flexiblen Designs und seiner fortschrittlichen Technologie passt sich dieser Sensor perfekt an Innen- und Au\u00dfenbereiche an und bietet eine au\u00dfergew\u00f6hnliche Vielseitigkeit.<\/p>\n<h3>Gro\u00dfer Messbereich f\u00fcr vielseitige Anwendungen<\/h3>\n<p>Eine der Hauptst\u00e4rken des Laser-Distanzsensors ist sein breiter Messbereich, der Optionen f\u00fcr unterschiedliche Projektanforderungen bietet. Ganz gleich, ob Sie kurze Entfernungen f\u00fcr industrielle Anwendungen oder gr\u00f6\u00dfere Entfernungen f\u00fcr Aufgaben wie Vermessung oder Bauwesen messen m\u00f6chten, dieser Sensor bietet eine L\u00f6sung, die Ihren spezifischen Anforderungen entspricht. Mit Messbereichen von 0,03 Metern bis 200 Metern stellt er sicher, dass die Pr\u00e4zision sowohl bei kleinen als auch bei gro\u00dfen Projekten erhalten bleibt, was ihn zur idealen Wahl f\u00fcr Branchen macht, die sowohl Flexibilit\u00e4t als auch Genauigkeit ben\u00f6tigen.<\/p>\n<p><img data-dominant-color=\"7d858a\" data-has-transparency=\"false\" style=\"--dominant-color: #7d858a;\" decoding=\"async\" class=\"wp-image-3795 size-full not-transparent\" src=\"https:\/\/meskernel.net\/wp-content\/uploads\/2025\/02\/Laser-Distance-Sensor-for-Construction.jpg\" alt=\"Laser-Distanz-Sensor f\u00fcr das Bauwesen\" width=\"1200\" height=\"271\" srcset=\"https:\/\/meskernel.net\/wp-content\/uploads\/2025\/02\/Laser-Distance-Sensor-for-Construction.jpg 1200w, https:\/\/meskernel.net\/wp-content\/uploads\/2025\/02\/Laser-Distance-Sensor-for-Construction-300x68.jpg 300w, https:\/\/meskernel.net\/wp-content\/uploads\/2025\/02\/Laser-Distance-Sensor-for-Construction-1024x231.jpg 1024w, https:\/\/meskernel.net\/wp-content\/uploads\/2025\/02\/Laser-Distance-Sensor-for-Construction-768x173.jpg 768w, https:\/\/meskernel.net\/wp-content\/uploads\/2025\/02\/Laser-Distance-Sensor-for-Construction-400x90.jpg 400w\" sizes=\"(max-width: 1200px) 100vw, 1200px\" \/><\/p>\n<h3>Schnelle Datenerfassung f\u00fcr Echtzeit-\u00dcberwachung<\/h3>\n<p>In schnelllebigen Branchen ist Echtzeit-Feedback unverzichtbar, und der Laser-Messger\u00e4tesensor zeichnet sich in diesem Bereich aus. Mit seiner schnellen Datenerfassung f\u00fchrt der Sensor Messungen in Millisekunden durch und liefert sofortige Ergebnisse. Dies macht ihn besonders n\u00fctzlich f\u00fcr Anwendungen wie Robotik, automatisierte Systeme und Drohnentechnologie, bei denen es auf Geschwindigkeit ankommt. Die schnelle Reaktionszeit dieses Sensors tr\u00e4gt zur Optimierung von Arbeitsabl\u00e4ufen und zur Verbesserung der Entscheidungsfindung bei und erm\u00f6glicht es Ihnen, Anpassungen im laufenden Betrieb vorzunehmen und die Produktivit\u00e4t in Hochleistungsumgebungen zu verbessern.<\/p>\n<h3>Hervorragende Genauigkeit f\u00fcr pr\u00e4zisionsgesteuerte Projekte<\/h3>\n<p>Wenn es auf Genauigkeit ankommt, ist der Millimeter-Level-Lasermessger\u00e4tesensor die beste L\u00f6sung. Der Sensor liefert eine Pr\u00e4zision im Millimeterbereich, die f\u00fcr die geod\u00e4tische Vermessung, die wissenschaftliche Forschung und die Bautechnik entscheidend ist. Ganz gleich, ob Sie die Dicke von Materialien messen, die Verschiebung von Maschinen \u00fcberwachen oder Umweltdaten erfassen, der Sensor stellt sicher, dass selbst kleinste Messabweichungen das Ergebnis Ihrer Arbeit nicht beeintr\u00e4chtigen. Seine hohe Pr\u00e4zision sorgt daf\u00fcr, dass Ihre Projekte im Plan bleiben und Ihre Daten zuverl\u00e4ssig und genau sind.<\/p>\n<h3>Zuverl\u00e4ssige Leistung unter rauen Bedingungen<\/h3>\n<p>Dieser Laser-Messger\u00e4tesensor wurde f\u00fcr den Einsatz in anspruchsvollen Umgebungen entwickelt und zeichnet sich durch Stabilit\u00e4t und Zuverl\u00e4ssigkeit aus. Er liefert konsistente, hochwertige Messungen, selbst wenn er Staub, Vibrationen und Temperaturschwankungen ausgesetzt ist. Die geringe Wiederholgenauigkeit dieses Sensors bedeutet, dass die Messungen \u00fcber mehrere Messungen hinweg konsistent bleiben. Ob in einer Fabrik, auf einer Baustelle oder in einem Forschungslabor, der Sensor liefert Tag f\u00fcr Tag genaue Ergebnisse, unabh\u00e4ngig von den \u00e4u\u00dferen Bedingungen. Dies macht ihn zur idealen L\u00f6sung f\u00fcr den Dauerbetrieb in anspruchsvollen industriellen Umgebungen.<\/p>\n<h3>Ber\u00fchrungslose Messung f\u00fcr mehr Flexibilit\u00e4t<\/h3>\n<p>Ein weiterer entscheidender Vorteil dieses Lasersensors ist seine F\u00e4higkeit zur ber\u00fchrungslosen Messung, die mehrere Vorteile gegen\u00fcber herk\u00f6mmlichen kontaktbasierten Systemen bietet. Durch den Einsatz von Lasertechnologie kann dieser Sensor schwer zug\u00e4ngliche oder empfindliche Objekte, wie z. B. sich bewegende Ziele, Oberfl\u00e4chen mit hohen Temperaturen oder zerbrechliche Komponenten, genau messen, ohne sie zu besch\u00e4digen. Diese ber\u00fchrungslose Eigenschaft macht den Sensor ideal f\u00fcr Anwendungen, bei denen ein direkter Kontakt entweder schwierig oder unerw\u00fcnscht ist, wie z. B. bei der Materialpr\u00fcfung, der Automobilherstellung oder der Oberfl\u00e4chenprofilierung. Die M\u00f6glichkeit, gef\u00e4hrliche Materialien oder unregelm\u00e4\u00dfig geformte Objekte ber\u00fchrungslos zu messen, erh\u00f6ht die Vielseitigkeit und Sicherheit dieses Lasermessger\u00e4ts zus\u00e4tzlich.<\/p>\n<h3>Nahtlose Integration mit mehreren Kommunikationsschnittstellen<\/h3>\n<p>Der Laser-Messger\u00e4tesensor ist f\u00fcr die einfache Integration in bestehende Systeme konzipiert. Er unterst\u00fctzt eine Vielzahl von Kommunikationsschnittstellen, darunter RS232, RS485, Modbus, Ethernet und Bluetooth. Diese breite Kompatibilit\u00e4t gew\u00e4hrleistet, dass der Sensor problemlos in verschiedene Automatisierungsplattformen, Datenlogger und Steuerungssysteme integriert werden kann. Ganz gleich, welches System Sie verwenden, die Vielzahl der Kommunikationsoptionen verk\u00fcrzt die Einrichtungszeit und vereinfacht die Installation, so dass Sie Ihr System ohne unn\u00f6tige Verz\u00f6gerungen in Betrieb nehmen k\u00f6nnen.<\/p>\n<h3>Ma\u00dfgeschneiderte L\u00f6sungen f\u00fcr Ihre Bed\u00fcrfnisse<\/h3>\n<p>Jede Anwendung ist einzigartig, und deshalb bieten wir ma\u00dfgeschneiderte L\u00f6sungen f\u00fcr Ihre spezifischen Messanforderungen. Ganz gleich, ob Sie Anpassungen des Messbereichs, der Frequenz, der Aufl\u00f6sung oder der Kommunikationsprotokolle ben\u00f6tigen, wir sind bereit, ma\u00dfgeschneiderte Konfigurationen anzubieten, die Ihre genauen Anforderungen erf\u00fcllen. Unser Expertenteam arbeitet mit Ihnen zusammen, um sicherzustellen, dass der Lasersensor perfekt in Ihr System passt, um die Leistung zu optimieren und die Gesamtproduktivit\u00e4t zu steigern.<\/p>\n<h3>Warum sollten Sie sich f\u00fcr den Laser-Messger\u00e4tesensor entscheiden?<\/h3>\n<p>Die Millimeter-Ebene 100m <a href=\"https:\/\/www.globalsources.com\/chengdu-meskernel\/showroom_6002100157315.htm\" target=\"_blank\" rel=\"noopener\">Laser-Messger\u00e4t Sensor<\/a> kombiniert Geschwindigkeit, Pr\u00e4zision und Vielseitigkeit und ist damit die erste Wahl f\u00fcr industrielle Anwendungen, die zuverl\u00e4ssige und genaue Daten erfordern. Der gro\u00dfe Messbereich, die schnelle Reaktionszeit und die geringe Wiederholgenauigkeit machen ihn zur idealen L\u00f6sung f\u00fcr Echtzeit-Messaufgaben. Dar\u00fcber hinaus bieten seine ber\u00fchrungslosen Messfunktionen und die Integration mehrerer Kommunikationsschnittstellen eine flexible und einfach zu implementierende L\u00f6sung. Ganz gleich, ob Sie im Bauwesen, in der Vermessung, in der Robotik oder in der Automatisierung t\u00e4tig sind, dieser Sensor garantiert eine zuverl\u00e4ssige Datenerfassung und gleichbleibende Leistung, selbst unter den anspruchsvollsten Bedingungen.<\/p>\n<p>Der Laser-Distanzsensor verf\u00fcgt \u00fcber anpassbare Optionen, um die einzigartigen Anforderungen Ihrer Projekte zu erf\u00fcllen, und stellt sicher, dass Ihre Messungen genau sind, Ihre Prozesse effizient und Ihre Ergebnisse erfolgreich sind.<\/p>","protected":false},"excerpt":{"rendered":"<p>Das Millimeter-Level 100m Lasermessger\u00e4t Sensor misst schnell und pr\u00e4zise \u00fcber einen gro\u00dfen Bereich und ist damit ideal f\u00fcr Anwendungen im Bauwesen, in der Vermessung, Robotik und Automatisierung. Mit einem Messbereich von bis zu 200 Metern und einer Genauigkeit im Millimeterbereich gew\u00e4hrleistet er zuverl\u00e4ssige Daten sowohl in Innen- als auch in Au\u00dfenbereichen. Dieser Sensor unterst\u00fctzt mehrere Kommunikationsschnittstellen, darunter RS232, RS485 und Bluetooth, und l\u00e4sst sich so leicht in bestehende Systeme integrieren. Seine F\u00e4higkeit zur ber\u00fchrungslosen Messung und seine anpassbaren Optionen machen ihn vielseitig einsetzbar f\u00fcr eine Vielzahl von Projekten.<\/p>","protected":false},"featured_media":3817,"template":"","meta":{"site-sidebar-layout":"default","site-content-layout":"","ast-site-content-layout":"default","site-content-style":"default","site-sidebar-style":"default","ast-global-header-display":"","ast-banner-title-visibility":"","ast-main-header-display":"","ast-hfb-above-header-display":"","ast-hfb-below-header-display":"","ast-hfb-mobile-header-display":"","site-post-title":"","ast-breadcrumbs-content":"","ast-featured-img":"","footer-sml-layout":"","ast-disable-related-posts":"","theme-transparent-header-meta":"default","adv-header-id-meta":"","stick-header-meta":"","header-above-stick-meta":"","header-main-stick-meta":"","header-below-stick-meta":"","astra-migrate-meta-layouts":"set","ast-page-background-enabled":"default","ast-page-background-meta":{"desktop":{"background-color":"var(--ast-global-color-4)","background-image":"","background-repeat":"repeat","background-position":"center center","background-size":"auto","background-attachment":"scroll","background-type":"","background-media":"","overlay-type":"","overlay-color":"","overlay-opacity":"","overlay-gradient":""},"tablet":{"background-color":"","background-image":"","background-repeat":"repeat","background-position":"center center","background-size":"auto","background-attachment":"scroll","background-type":"","background-media":"","overlay-type":"","overlay-color":"","overlay-opacity":"","overlay-gradient":""},"mobile":{"background-color":"","background-image":"","background-repeat":"repeat","background-position":"center center","background-size":"auto","background-attachment":"scroll","background-type":"","background-media":"","overlay-type":"","overlay-color":"","overlay-opacity":"","overlay-gradient":""}},"ast-content-background-meta":{"desktop":{"background-color":"var(--ast-global-color-5)","background-image":"","background-repeat":"repeat","background-position":"center center","background-size":"auto","background-attachment":"scroll","background-type":"","background-media":"","overlay-type":"","overlay-color":"","overlay-opacity":"","overlay-gradient":""},"tablet":{"background-color":"var(--ast-global-color-5)","background-image":"","background-repeat":"repeat","background-position":"center center","background-size":"auto","background-attachment":"scroll","background-type":"","background-media":"","overlay-type":"","overlay-color":"","overlay-opacity":"","overlay-gradient":""},"mobile":{"background-color":"var(--ast-global-color-5)","background-image":"","background-repeat":"repeat","background-position":"center center","background-size":"auto","background-attachment":"scroll","background-type":"","background-media":"","overlay-type":"","overlay-color":"","overlay-opacity":"","overlay-gradient":""}}},"product_brand":[60],"product_cat":[51],"product_tag":[],"class_list":{"0":"post-3816","1":"product","2":"type-product","3":"status-publish","4":"has-post-thumbnail","6":"product_brand-meskernel","7":"product_cat-laser-distance-sensor","8":"desktop-align-center","9":"tablet-align-left","10":"mobile-align-left","12":"first","13":"instock","14":"shipping-taxable","15":"product-type-simple"},"_links":{"self":[{"href":"https:\/\/meskernel.net\/de\/wp-json\/wp\/v2\/product\/3816","targetHints":{"allow":["GET"]}}],"collection":[{"href":"https:\/\/meskernel.net\/de\/wp-json\/wp\/v2\/product"}],"about":[{"href":"https:\/\/meskernel.net\/de\/wp-json\/wp\/v2\/types\/product"}],"version-history":[{"count":0,"href":"https:\/\/meskernel.net\/de\/wp-json\/wp\/v2\/product\/3816\/revisions"}],"wp:featuredmedia":[{"embeddable":true,"href":"https:\/\/meskernel.net\/de\/wp-json\/wp\/v2\/media\/3817"}],"wp:attachment":[{"href":"https:\/\/meskernel.net\/de\/wp-json\/wp\/v2\/media?parent=3816"}],"wp:term":[{"taxonomy":"product_brand","embeddable":true,"href":"https:\/\/meskernel.net\/de\/wp-json\/wp\/v2\/product_brand?post=3816"},{"taxonomy":"product_cat","embeddable":true,"href":"https:\/\/meskernel.net\/de\/wp-json\/wp\/v2\/product_cat?post=3816"},{"taxonomy":"product_tag","embeddable":true,"href":"https:\/\/meskernel.net\/de\/wp-json\/wp\/v2\/product_tag?post=3816"}],"curies":[{"name":"wp","href":"https:\/\/api.w.org\/{rel}","templated":true}]}}