{"id":3900,"date":"2025-03-11T15:12:36","date_gmt":"2025-03-11T07:12:36","guid":{"rendered":"https:\/\/meskernel.net\/?post_type=product&#038;p=3900"},"modified":"2025-06-11T09:57:08","modified_gmt":"2025-06-11T01:57:08","slug":"laserlichtmessung","status":"publish","type":"product","link":"https:\/\/meskernel.net\/de\/product\/laser-light-measurement\/","title":{"rendered":"Weitreichende 1200m Laser-Lichtmessung mit Neigungserkennung und LCD-Anzeige | Arduino-kompatibel"},"content":{"rendered":"<p data-pm-slice=\"1 1 []\">PTFG 1200m Laser-Lichtmessung mit Neigungserkennung &amp; LCD-Anzeige | Hochpr\u00e4zise RS485\/Bluetooth | Outdoor Klasse 1 augensicher | Arduino-kompatibel 115200bps<\/p>\n<p data-pm-slice=\"1 1 []\">Das Laser-Distanzmessmodul der PTFG-Serie ist die neueste Generation von Outdoor <a href=\"https:\/\/www.globalsources.com\/chengdu-meskernel\/showroom_6002100157315\/optical-sensor_16680.htm\" target=\"_blank\" rel=\"noopener\">Laserlichtmessung mit gro\u00dfer Reichweite<\/a> Technologie und bietet \u00fcberlegene Messm\u00f6glichkeiten, hohe Genauigkeit und eine benutzerfreundliche Installation. Das Modul nutzt das Prinzip des gepulsten Lasers und emittiert einen sicheren 905nm-Laser (Klasse 1, sicher f\u00fcr das menschliche Auge, unsichtbar), um die Entfernung zu berechnen, basierend auf der Zeit, die der Laser ben\u00f6tigt, um zum Ziel zu gelangen und zur\u00fcckzukehren, multipliziert mit der halben Lichtgeschwindigkeit.<\/p>\n<p><strong>Erl\u00e4uterung der Formel:<\/strong><\/p>\n<p><img data-dominant-color=\"e6eeec\" data-has-transparency=\"false\" style=\"--dominant-color: #e6eeec;\" fetchpriority=\"high\" decoding=\"async\" class=\"wp-image-3901 size-full alignright not-transparent\" src=\"https:\/\/meskernel.net\/wp-content\/uploads\/2025\/03\/PTFG.png\" alt=\"PTFG Laser-Abstandssensor\" width=\"574\" height=\"203\" srcset=\"https:\/\/meskernel.net\/wp-content\/uploads\/2025\/03\/PTFG.png 574w, https:\/\/meskernel.net\/wp-content\/uploads\/2025\/03\/PTFG-300x106.png 300w, https:\/\/meskernel.net\/wp-content\/uploads\/2025\/03\/PTFG-400x141.png 400w\" sizes=\"(max-width: 574px) 100vw, 574px\" \/>D = Entfernung<br \/>\nC = Ausbreitungsgeschwindigkeit des Lasers in Luft<br \/>\nT1\/T2 = Zeit, die der Laser f\u00fcr den Weg zum und vom Ziel ben\u00f6tigt<\/p>\n<p>&nbsp;<\/p>\n<p>&nbsp;<\/p>\n<div>\n<hr \/>\n<\/div>\n<h5>Produktmerkmale:<\/h5>\n<ul data-spread=\"false\">\n<li>Messung mit gro\u00dfer Reichweite: Bis zu <strong>3000m<\/strong> mit hoher Pr\u00e4zision<\/li>\n<li>Langlebigkeit: Funktioniert unter extremen Bedingungen (-10~+50\u2103)<\/li>\n<li>Vielseitige Kommunikationsschnittstellen: UART-TTL-Ausgang f\u00fcr Echtzeit-Entfernungsdaten<\/li>\n<li>Einfache Installation und Bedienung: Verhindert Sch\u00e4den am Modul bei korrekter Installation<\/li>\n<\/ul>\n<div>\n<hr \/>\n<\/div>\n<h5>LCD-Vollbildanzeige:<\/h5>\n<ul data-spread=\"false\">\n<li>Gemessene Entfernung Wert<\/li>\n<li>Messmodi: Geradlinig, Horizontal, Vertikal Abstand<\/li>\n<li>Fadenkreuz zum Anvisieren<\/li>\n<li>Batteriestandsanzeige und Vibrationsalarm<\/li>\n<li>Optionen f\u00fcr Entfernungseinheiten: Meter\/Yards<\/li>\n<li>Zus\u00e4tzliche Messmodi: Fahnenmastabtastung, Neigungserkennung<\/li>\n<li>Neigungswinkelanzeige: (Grad) mit horizontaler\/vertikaler\/neigungskompensierter Entfernung<\/li>\n<\/ul>\n<p><img decoding=\"async\" class=\"aligncenter wp-image-2997 size-full\" title=\"Teleskop Laser-Sensor PTFG\" src=\"https:\/\/meskernel.net\/wp-content\/uploads\/2024\/10\/Telescope-Laser-sensor-PTFG.jpg\" alt=\"Teleskop Laser-Sensor PTFG\" width=\"1000\" height=\"500\" srcset=\"https:\/\/meskernel.net\/wp-content\/uploads\/2024\/10\/Telescope-Laser-sensor-PTFG.jpg 1000w, https:\/\/meskernel.net\/wp-content\/uploads\/2024\/10\/Telescope-Laser-sensor-PTFG-300x150.jpg 300w, https:\/\/meskernel.net\/wp-content\/uploads\/2024\/10\/Telescope-Laser-sensor-PTFG-768x384.jpg 768w, https:\/\/meskernel.net\/wp-content\/uploads\/2024\/10\/Telescope-Laser-sensor-PTFG-400x200.jpg 400w\" sizes=\"(max-width: 1000px) 100vw, 1000px\" \/><\/p>\n<h5 data-pm-slice=\"1 1 []\">Erweiterte Kommunikation und Integration<\/h5>\n<p data-pm-slice=\"1 1 []\">Das PTFG-Laserlichtmessmodul ist f\u00fcr die nahtlose Integration in verschiedene Systeme konzipiert. Es unterst\u00fctzt mehrere Kommunikationsschnittstellen, darunter USB, TTL, RS232, RS485 und Bluetooth, und ist vollst\u00e4ndig kompatibel mit Arduino, Raspberry Pi und anderen externen Ger\u00e4ten.<\/p>\n<p><img decoding=\"async\" class=\"wp-image-2987 size-full\" title=\"Teleskop Lasersensor\" src=\"https:\/\/meskernel.net\/wp-content\/uploads\/2024\/11\/Laser-Distance-Module-2000m.jpg\" alt=\"Teleskop Lasersensor\" width=\"750\" height=\"266\" srcset=\"https:\/\/meskernel.net\/wp-content\/uploads\/2024\/11\/Laser-Distance-Module-2000m.jpg 750w, https:\/\/meskernel.net\/wp-content\/uploads\/2024\/11\/Laser-Distance-Module-2000m-300x106.jpg 300w, https:\/\/meskernel.net\/wp-content\/uploads\/2024\/11\/Laser-Distance-Module-2000m-400x142.jpg 400w\" sizes=\"(max-width: 750px) 100vw, 750px\" \/><\/p>\n<h5 data-pm-slice=\"1 1 []\"><strong>Branchen\u00fcbergreifende Anwendungen<\/strong><\/h5>\n<p data-pm-slice=\"1 1 []\">Dank seines kompakten Designs und seiner fortschrittlichen Funktionen ist dieses Modul perfekt f\u00fcr verschiedene Anwendungen geeignet:<\/p>\n<ul data-spread=\"false\">\n<li>Industrie und Bauwesen: Messen von Entfernungen, Geb\u00e4udeh\u00f6hen und gro\u00dfen Strukturen<\/li>\n<li>Vermessung und Kartierung: Landvermessung, Terrainanalyse und Fernerkundung<\/li>\n<li>Outdoor &amp; Sport: Golf, Bergsteigen, Wandern und Jagen<\/li>\n<li>Integration der W\u00e4rmebildtechnik: Schnelle Zielidentifizierung in komplexen Umgebungen<\/li>\n<\/ul>\n<p>Die F\u00e4higkeit, Daten sofort auf einem LCD-Bildschirm anzuzeigen, erh\u00f6ht die Benutzerfreundlichkeit, da sie ein unmittelbares Messfeedback erh\u00e4lt.<\/p>\n<p><img loading=\"lazy\" decoding=\"async\" class=\"wp-image-2998 size-full\" title=\"Teleskop Laser-Sensor PTFG\" src=\"https:\/\/meskernel.net\/wp-content\/uploads\/2024\/10\/Telescope-Laser-sensor-PTFG-1.jpg\" alt=\"Teleskop Laser-Sensor PTFG\" width=\"1052\" height=\"235\" srcset=\"https:\/\/meskernel.net\/wp-content\/uploads\/2024\/10\/Telescope-Laser-sensor-PTFG-1.jpg 1052w, https:\/\/meskernel.net\/wp-content\/uploads\/2024\/10\/Telescope-Laser-sensor-PTFG-1-300x67.jpg 300w, https:\/\/meskernel.net\/wp-content\/uploads\/2024\/10\/Telescope-Laser-sensor-PTFG-1-1024x229.jpg 1024w, https:\/\/meskernel.net\/wp-content\/uploads\/2024\/10\/Telescope-Laser-sensor-PTFG-1-768x172.jpg 768w, https:\/\/meskernel.net\/wp-content\/uploads\/2024\/10\/Telescope-Laser-sensor-PTFG-1-400x89.jpg 400w\" sizes=\"(max-width: 1052px) 100vw, 1052px\" \/><\/p>\n<div>\n<hr \/>\n<\/div>\n<h5><strong>Warum Meskernel w\u00e4hlen?<\/strong><\/h5>\n<p>Meskernel ist ein zuverl\u00e4ssiger Marktf\u00fchrer in der Laserlichtmesstechnik mit mehr als 20 Jahren Branchenerfahrung. Unser T\u00dcV-zertifiziertes Werk (7.000 m\u00b2) gew\u00e4hrleistet die h\u00f6chsten Fertigungsstandards. Wir halten mehrere Patente und erf\u00fcllen die CE-, RoHS-, FCC- und FDA-Vorschriften.<\/p>\n<p>Dank unserer starken OEM- und ODM-F\u00e4higkeiten, die von mehr als 40 Forschungs- und Entwicklungsingenieuren unterst\u00fctzt werden, k\u00f6nnen wir kundenspezifische L\u00f6sungen anbieten, die auf die spezifischen Anforderungen der Branche zugeschnitten sind. Wir f\u00fchren strenge Qualit\u00e4tskontrollen von den Rohstoffen bis zur Endproduktion durch und garantieren so Hochleistungsprodukte.<\/p>\n<p><strong>Die wichtigsten Vorteile:<\/strong><\/p>\n<ul data-spread=\"false\">\n<li><strong>Schnelle Lieferung<\/strong>: Regul\u00e4re Musterbestellungen werden innerhalb von <strong>3 Tage<\/strong><\/li>\n<li><strong>24\/7 technische Unterst\u00fctzung<\/strong>: Sofortige Fehlersuche und Unterst\u00fctzung<\/li>\n<li><strong>Kosteneffiziente Preisgestaltung<\/strong>: Das perfekte Gleichgewicht zwischen Qualit\u00e4t, Geschwindigkeit und Erschwinglichkeit<\/li>\n<\/ul>\n<p>F\u00fcr hochpr\u00e4zise, zuverl\u00e4ssige und anpassbare Laserlichtmessl\u00f6sungen w\u00e4hlen Sie <a href=\"https:\/\/meskernel.net\/de\/uber\/\">Meskernel<\/a>-Ihr zuverl\u00e4ssiger Partner in der Lasertechnologie!<\/p>","protected":false},"excerpt":{"rendered":"<p>PTFG-Laserlichtmessmodul, ein hochpr\u00e4ziser Laserdistanzsensor mit einer Reichweite von bis zu 3000 m. Mit LCD-Vollbildanzeige, mehreren Messmodi und vielseitigen Kommunikationsschnittstellen (USB, TTL, RS232, RS485, Bluetooth) ist es ideal f\u00fcr Industrie-, Vermessungs- und Outdoor-Anwendungen. Perfekt f\u00fcr Bau, Kartierung und Sport, mit schneller Lieferung und 24\/7-Support von Meskernel.<\/p>","protected":false},"featured_media":3903,"template":"","meta":{"site-sidebar-layout":"default","site-content-layout":"","ast-site-content-layout":"default","site-content-style":"default","site-sidebar-style":"default","ast-global-header-display":"","ast-banner-title-visibility":"","ast-main-header-display":"","ast-hfb-above-header-display":"","ast-hfb-below-header-display":"","ast-hfb-mobile-header-display":"","site-post-title":"","ast-breadcrumbs-content":"","ast-featured-img":"","footer-sml-layout":"","ast-disable-related-posts":"","theme-transparent-header-meta":"default","adv-header-id-meta":"","stick-header-meta":"","header-above-stick-meta":"","header-main-stick-meta":"","header-below-stick-meta":"","astra-migrate-meta-layouts":"set","ast-page-background-enabled":"default","ast-page-background-meta":{"desktop":{"background-color":"var(--ast-global-color-4)","background-image":"","background-repeat":"repeat","background-position":"center center","background-size":"auto","background-attachment":"scroll","background-type":"","background-media":"","overlay-type":"","overlay-color":"","overlay-opacity":"","overlay-gradient":""},"tablet":{"background-color":"","background-image":"","background-repeat":"repeat","background-position":"center center","background-size":"auto","background-attachment":"scroll","background-type":"","background-media":"","overlay-type":"","overlay-color":"","overlay-opacity":"","overlay-gradient":""},"mobile":{"background-color":"","background-image":"","background-repeat":"repeat","background-position":"center center","background-size":"auto","background-attachment":"scroll","background-type":"","background-media":"","overlay-type":"","overlay-color":"","overlay-opacity":"","overlay-gradient":""}},"ast-content-background-meta":{"desktop":{"background-color":"var(--ast-global-color-5)","background-image":"","background-repeat":"repeat","background-position":"center center","background-size":"auto","background-attachment":"scroll","background-type":"","background-media":"","overlay-type":"","overlay-color":"","overlay-opacity":"","overlay-gradient":""},"tablet":{"background-color":"var(--ast-global-color-5)","background-image":"","background-repeat":"repeat","background-position":"center center","background-size":"auto","background-attachment":"scroll","background-type":"","background-media":"","overlay-type":"","overlay-color":"","overlay-opacity":"","overlay-gradient":""},"mobile":{"background-color":"var(--ast-global-color-5)","background-image":"","background-repeat":"repeat","background-position":"center center","background-size":"auto","background-attachment":"scroll","background-type":"","background-media":"","overlay-type":"","overlay-color":"","overlay-opacity":"","overlay-gradient":""}}},"product_brand":[60],"product_cat":[54],"product_tag":[],"class_list":{"0":"post-3900","1":"product","2":"type-product","3":"status-publish","4":"has-post-thumbnail","6":"product_brand-meskernel","7":"product_cat-long-distance-laser-ranging-sensors","8":"desktop-align-center","9":"tablet-align-left","10":"mobile-align-left","12":"first","13":"instock","14":"shipping-taxable","15":"product-type-simple"},"_links":{"self":[{"href":"https:\/\/meskernel.net\/de\/wp-json\/wp\/v2\/product\/3900","targetHints":{"allow":["GET"]}}],"collection":[{"href":"https:\/\/meskernel.net\/de\/wp-json\/wp\/v2\/product"}],"about":[{"href":"https:\/\/meskernel.net\/de\/wp-json\/wp\/v2\/types\/product"}],"version-history":[{"count":0,"href":"https:\/\/meskernel.net\/de\/wp-json\/wp\/v2\/product\/3900\/revisions"}],"wp:featuredmedia":[{"embeddable":true,"href":"https:\/\/meskernel.net\/de\/wp-json\/wp\/v2\/media\/3903"}],"wp:attachment":[{"href":"https:\/\/meskernel.net\/de\/wp-json\/wp\/v2\/media?parent=3900"}],"wp:term":[{"taxonomy":"product_brand","embeddable":true,"href":"https:\/\/meskernel.net\/de\/wp-json\/wp\/v2\/product_brand?post=3900"},{"taxonomy":"product_cat","embeddable":true,"href":"https:\/\/meskernel.net\/de\/wp-json\/wp\/v2\/product_cat?post=3900"},{"taxonomy":"product_tag","embeddable":true,"href":"https:\/\/meskernel.net\/de\/wp-json\/wp\/v2\/product_tag?post=3900"}],"curies":[{"name":"wp","href":"https:\/\/api.w.org\/{rel}","templated":true}]}}