{"id":499,"date":"2024-11-13T10:30:59","date_gmt":"2024-11-13T02:30:59","guid":{"rendered":"https:\/\/meskernel.net\/?post_type=product&#038;p=499"},"modified":"2026-01-27T14:07:59","modified_gmt":"2026-01-27T06:07:59","slug":"laser-distanz-modul","status":"publish","type":"product","link":"https:\/\/meskernel.net\/de\/product\/laser-distance-module\/","title":{"rendered":"UART Laser Distance Module 2000m - Ideal f\u00fcr Messungen im Freien"},"content":{"rendered":"<p><span style=\"font-size: 16px;\">Das Pulslaser-Distanzmodul bietet eine leistungsstarke und pr\u00e4zise Messl\u00f6sung, die Genauigkeit, Zuverl\u00e4ssigkeit und Vielseitigkeit in einem kompakten Design vereint. Mit einem Messbereich von 5 Metern bis 2000 Metern und <\/span><strong style=\"font-size: 16px;\">\u00b1<\/strong><span style=\"font-size: 16px;\">Mit einer Genauigkeit von 1 Meter ist es die ideale Wahl f\u00fcr Projekte, bei denen sowohl kurze als auch lange Distanzen gemessen werden m\u00fcssen. Dieses Modul arbeitet mit Frequenzen zwischen 1-3 Hz und eignet sich perfekt f\u00fcr eine breite Palette von Branchen, einschlie\u00dflich Bauwesen, Vermessung, Robotik und wissenschaftliche Forschung.Das TS1224-Entfernungsmodul ist ein Laser-Entfernungssensor, der auf einem 905nm-Halbleiterlaser basiert und \u00fcber eine UART-Daten\u00fcbertragungsschnittstelle (TTL-Protokoll) verf\u00fcgt, die dem Benutzer die Sekund\u00e4rentwicklung erleichtert.<\/span><\/p>\n<figure id=\"attachment_2986\" aria-describedby=\"caption-attachment-2986\" style=\"width: 1000px\" class=\"wp-caption aligncenter\"><img fetchpriority=\"high\" decoding=\"async\" class=\"wp-image-2986 size-full\" title=\"UART-Laserentfernungsmodul TS1224 2000m\" src=\"https:\/\/meskernel.net\/wp-content\/uploads\/2024\/11\/UART-laser-distance-module-TS1224.jpg\" alt=\"UART-Laserabstandsmodul TS1224\" width=\"1000\" height=\"500\" srcset=\"https:\/\/meskernel.net\/wp-content\/uploads\/2024\/11\/UART-laser-distance-module-TS1224.jpg 1000w, https:\/\/meskernel.net\/wp-content\/uploads\/2024\/11\/UART-laser-distance-module-TS1224-300x150.jpg 300w, https:\/\/meskernel.net\/wp-content\/uploads\/2024\/11\/UART-laser-distance-module-TS1224-768x384.jpg 768w, https:\/\/meskernel.net\/wp-content\/uploads\/2024\/11\/UART-laser-distance-module-TS1224-400x200.jpg 400w\" sizes=\"(max-width: 1000px) 100vw, 1000px\" \/><figcaption id=\"caption-attachment-2986\" class=\"wp-caption-text\">UART-Laserabstandsmodul TS1224<\/figcaption><\/figure>\n<h3>Wesentliche Merkmale:<\/h3>\n<ul>\n<li><strong>Langfristige Messungen f\u00fcr gro\u00dfe Projekte:<\/strong><br \/>\nEines der herausragenden Merkmale des Pulslaser-Distanzmoduls ist sein beeindruckender Messbereich von bis zu 2000 Metern. Dadurch eignet es sich besonders f\u00fcr gro\u00dffl\u00e4chige Anwendungen, wie z. B. Landvermessung, Infrastrukturprojekte und Umwelt\u00fcberwachung. Ganz gleich, ob Sie Entfernungen \u00fcber weite Gebiete hinweg messen oder Daten von abgelegenen Standorten erfassen m\u00fcssen, dieses Modul sorgt f\u00fcr genaue und zuverl\u00e4ssige Ergebnisse \u00fcber gro\u00dfe Entfernungen.<\/li>\n<li><strong>Ultrakompaktes und platzsparendes Design:<\/strong><br \/>\nTrotz seiner hohen Leistung hat dieses Modul einen ultrakompakten Formfaktor (25,72\u00d724,60\u00d713,40 mm), wodurch es kleiner als eine M\u00fcnze ist. Dieses platzsparende Design ist entscheidend f\u00fcr die Arbeit mit eingebetteten Systemen oder kompakten Ger\u00e4ten, bei denen jeder Millimeter z\u00e4hlt. Er eignet sich besonders gut f\u00fcr den Einsatz in der Robotik, in Drohnen oder in tragbaren Messger\u00e4ten und l\u00e4sst sich nahtlos in Ihre Systeme integrieren, ohne dass Sie Kompromisse bei der Leistung eingehen m\u00fcssen.<\/li>\n<li><strong>Hervorragender Signalempfang f\u00fcr klarere Messungen:<\/strong><br \/>\nDas Pulslaser-Distanzmodul ist mit einem hochtransmittierenden Glas ausgestattet und zeichnet sich durch einen hervorragenden Signalempfang aus, der auch bei gr\u00f6\u00dferen Entfernungen klarere und genauere Messungen erm\u00f6glicht. Dieses Merkmal gew\u00e4hrleistet eine zuverl\u00e4ssige Leistung in Umgebungen, in denen Signalst\u00f6rungen oder Hindernisse vorhanden sein k\u00f6nnen, wie z. B. im Freien oder in der Industrie. So k\u00f6nnen Sie sich darauf verlassen, dass das Modul auch unter schwierigsten Bedingungen konsistente und pr\u00e4zise Messungen liefert.<\/li>\n<li><strong>Langlebiges Metallgeh\u00e4use f\u00fcr raue Umgebungen:<\/strong><br \/>\nDieses Modul ist mit einem robusten Metallgeh\u00e4use ausgestattet, das f\u00fcr den Einsatz in rauen Umgebungen ausgelegt ist. Das robuste Metallgeh\u00e4use bietet nicht nur physischen Schutz, sondern tr\u00e4gt auch zur allgemeinen Langlebigkeit des Moduls bei. Ganz gleich, ob Sie bei extremen Temperaturen, unter staubigen Bedingungen oder bei Projekten im Freien arbeiten, das robuste Design sorgt daf\u00fcr, dass das Modul auch im Laufe der Zeit zuverl\u00e4ssig funktioniert.<\/li>\n<\/ul>\n<h3>M\u00fchelose Integration mit mehreren Schnittstellen:<\/h3>\n<p>Das Pulslaser-Distanzmodul bietet flexible Integrationsoptionen mit TTL-, RS485- und RS232-Schnittstellen, die den Anschluss an eine breite Palette von Ger\u00e4ten und Steuerungen erleichtern. Ganz gleich, ob Sie das Modul in ein mikrocontrollerbasiertes System, eine industrielle Automatisierungseinrichtung oder ein kundenspezifisches Projekt einbinden m\u00f6chten, seine Kompatibilit\u00e4t gew\u00e4hrleistet einen problemlosen Integrationsprozess.<\/p>\n<figure id=\"attachment_2987\" aria-describedby=\"caption-attachment-2987\" style=\"width: 750px\" class=\"wp-caption aligncenter\"><img decoding=\"async\" class=\"wp-image-2987 size-full\" title=\"Laser-Abstandsmodul 2000m\" src=\"https:\/\/meskernel.net\/wp-content\/uploads\/2024\/11\/Laser-Distance-Module-2000m.jpg\" alt=\"Laser-Abstandsmodul 2000m\" width=\"750\" height=\"266\" srcset=\"https:\/\/meskernel.net\/wp-content\/uploads\/2024\/11\/Laser-Distance-Module-2000m.jpg 750w, https:\/\/meskernel.net\/wp-content\/uploads\/2024\/11\/Laser-Distance-Module-2000m-300x106.jpg 300w, https:\/\/meskernel.net\/wp-content\/uploads\/2024\/11\/Laser-Distance-Module-2000m-400x142.jpg 400w\" sizes=\"(max-width: 750px) 100vw, 750px\" \/><figcaption id=\"caption-attachment-2987\" class=\"wp-caption-text\">Laser-Abstandsmodul 2000m<\/figcaption><\/figure>\n<p><a href=\"https:\/\/meskernel.net\/de\/ttl-vs-rs485\/\">TTL vs. RS485 Laser-Entfernungsmesser-Modul: Welches sollten Sie w\u00e4hlen?<\/a><\/p>\n<h3>Vielseitige Anwendungen in verschiedenen Branchen:<\/h3>\n<p>Das Pulslaser-Distanzmodul wurde entwickelt, um die vielf\u00e4ltigen Anforderungen von Fachleuten in verschiedenen Bereichen zu erf\u00fcllen. Dank seiner hohen Genauigkeit und gro\u00dfen Reichweite eignet es sich f\u00fcr eine breite Palette von Anwendungen:<\/p>\n<ul>\n<li><strong>Bauwesen und Technik:<\/strong><br \/>\nF\u00fcr Fachleute aus dem Bau- und Ingenieurwesen ist dieses Modul von unsch\u00e4tzbarem Wert, wenn es darum geht, gro\u00dfe Landfl\u00e4chen zu vermessen, Bauwerke zu errichten oder Gel\u00e4ndevermessungen durchzuf\u00fchren. Seine F\u00e4higkeit, \u00fcber gro\u00dfe Entfernungen genau zu messen, macht es zu einem wichtigen Werkzeug f\u00fcr die Planung und Ausf\u00fchrung von Gro\u00dfprojekten.<\/li>\n<li><strong>Vermessung:<\/strong><br \/>\nVermessungsfachleute werden das Pulslaser-Distanzmodul wegen seiner Pr\u00e4zision und Zuverl\u00e4ssigkeit zu sch\u00e4tzen wissen. Ganz gleich, ob Sie gro\u00dfe Fl\u00e4chen kartieren, die Topografie berechnen oder geod\u00e4tische Vermessungen durchf\u00fchren, dieses Modul liefert die genauen Entfernungsmessungen, die f\u00fcr eine pr\u00e4zise Landbewertung erforderlich sind.<\/li>\n<li><strong>Robotik und Automatisierung:<\/strong><br \/>\nDie kompakte Gr\u00f6\u00dfe und die pr\u00e4zisen Messungen dieses Moduls machen es zu einer ausgezeichneten Wahl f\u00fcr die Integration in Robotik- und Automatisierungssysteme. Ob zur Hinderniserkennung, Navigation oder Positionierung, die Vielseitigkeit des Moduls tr\u00e4gt zu einem reibungslosen Betrieb in automatisierten Umgebungen bei.<\/li>\n<li><strong>Umwelt\u00fcberwachung:<\/strong><br \/>\nDie Umwelt\u00fcberwachung erfordert pr\u00e4zise Messungen in entlegenen oder schwer zug\u00e4nglichen Gebieten. Die gro\u00dfe Reichweite und die hohe Genauigkeit des Pulslaser-Distanzmoduls machen es ideal f\u00fcr Anwendungen wie Forstwirtschaft, Wildtierverfolgung und geologische Untersuchungen, bei denen Pr\u00e4zision und Zuverl\u00e4ssigkeit von gr\u00f6\u00dfter Bedeutung sind.<\/li>\n<\/ul>\n<figure id=\"attachment_2990\" aria-describedby=\"caption-attachment-2990\" style=\"width: 1024px\" class=\"wp-caption aligncenter\"><img decoding=\"async\" class=\"wp-image-2990 size-large\" title=\"Laserdistanzmodul f\u00fcr Drohnen und Kamera\" src=\"https:\/\/meskernel.net\/wp-content\/uploads\/2024\/11\/laser-distance-module-for-drones-and-camera-1024x576.jpg\" alt=\"Laserdistanzmodul f\u00fcr Drohnen und Kamera\" width=\"1024\" height=\"576\" srcset=\"https:\/\/meskernel.net\/wp-content\/uploads\/2024\/11\/laser-distance-module-for-drones-and-camera-1024x576.jpg 1024w, https:\/\/meskernel.net\/wp-content\/uploads\/2024\/11\/laser-distance-module-for-drones-and-camera-300x169.jpg 300w, https:\/\/meskernel.net\/wp-content\/uploads\/2024\/11\/laser-distance-module-for-drones-and-camera-768x432.jpg 768w, https:\/\/meskernel.net\/wp-content\/uploads\/2024\/11\/laser-distance-module-for-drones-and-camera-1536x864.jpg 1536w, https:\/\/meskernel.net\/wp-content\/uploads\/2024\/11\/laser-distance-module-for-drones-and-camera-400x225.jpg 400w, https:\/\/meskernel.net\/wp-content\/uploads\/2024\/11\/laser-distance-module-for-drones-and-camera.jpg 2000w\" sizes=\"(max-width: 1024px) 100vw, 1024px\" \/><figcaption id=\"caption-attachment-2990\" class=\"wp-caption-text\">Laserdistanzmodul f\u00fcr Drohnen und Kamera<\/figcaption><\/figure>\n<h3>Warum sollten Sie sich f\u00fcr das Pulslaser-Abstandsmodul entscheiden?<\/h3>\n<p>Wenn Sie auf der Suche nach einem leistungsstarken, zuverl\u00e4ssigen und kompakten Laser-Distanzsensor sind, ist das Pulslaser-Distanzmodul die ideale L\u00f6sung. Hier ist der Grund daf\u00fcr:<\/p>\n<ul>\n<li><strong>Genaue und verl\u00e4ssliche Messungen:<\/strong> Es bietet eine Genauigkeit von \u00b11 Meter \u00fcber Entfernungen von 5 Metern bis 2000 Metern und liefert unter verschiedensten Bedingungen konsistente und pr\u00e4zise Ergebnisse.<\/li>\n<li><strong>Kompaktes und platzsparendes Design:<\/strong> Durch seine ultrakompakte Gr\u00f6\u00dfe l\u00e4sst er sich leicht in kleine R\u00e4ume integrieren und eignet sich daher perfekt f\u00fcr eingebettete Systeme oder kompakte Ger\u00e4te.<\/li>\n<li><strong>Hervorragender Signalempfang:<\/strong> Das hochtransmittierende Glas sorgt f\u00fcr klare, genaue Messungen auch bei gr\u00f6\u00dferen Entfernungen, ideal f\u00fcr Au\u00dfen- oder Industrieanwendungen.<\/li>\n<li><strong>Strapazierf\u00e4hig und langlebig:<\/strong> Dank seines robusten Metallgeh\u00e4uses ist das Modul f\u00fcr den Einsatz in rauen Umgebungen ausgelegt und gew\u00e4hrleistet Langlebigkeit und Zuverl\u00e4ssigkeit.<\/li>\n<\/ul>\n<p>Ob Sie im Baugewerbe, in der Vermessung, in der Robotik oder in der <a href=\"https:\/\/meskernel.net\/de\/anmeldung\/umweltuberwachung\/\">Umwelt\u00fcberwachung<\/a>, Das Pulslaser-Distanzmodul bietet un\u00fcbertroffene Leistung, Haltbarkeit und Benutzerfreundlichkeit. Seine Vielseitigkeit macht es zu einem zuverl\u00e4ssigen Werkzeug f\u00fcr Projekte in verschiedenen Branchen und gew\u00e4hrleistet, dass Sie jedes Mal pr\u00e4zise und genaue Messungen erhalten.<\/p>","protected":false},"excerpt":{"rendered":"<p>Das Pulslaser-Distanzmodul bietet pr\u00e4zise Entfernungsmessungen von 5 Metern bis 2000 Metern mit <strong>\u00b1<\/strong>1 Meter Genauigkeit. Das kompakte und dennoch leistungsstarke Modul verf\u00fcgt \u00fcber ein ultrakleines Design, ein hochtransmissives Glas f\u00fcr hervorragenden Signalempfang und ein robustes Metallgeh\u00e4use f\u00fcr eine lange Lebensdauer. Dieses Modul ist ideal f\u00fcr eine Reihe von Anwendungen, einschlie\u00dflich Bauwesen, Vermessung, Robotik und Umwelt\u00fcberwachung, und l\u00e4sst sich leicht mit TTL-, RS485- und RS232-Schnittstellen integrieren. Perfekt f\u00fcr Projekte, die genaue, zuverl\u00e4ssige und weitreichende Messungen in schwierigen Umgebungen erfordern.<\/p>","protected":false},"featured_media":2223,"template":"","meta":{"site-sidebar-layout":"default","site-content-layout":"","ast-site-content-layout":"default","site-content-style":"default","site-sidebar-style":"default","ast-global-header-display":"","ast-banner-title-visibility":"","ast-main-header-display":"","ast-hfb-above-header-display":"","ast-hfb-below-header-display":"","ast-hfb-mobile-header-display":"","site-post-title":"","ast-breadcrumbs-content":"","ast-featured-img":"","footer-sml-layout":"","ast-disable-related-posts":"","theme-transparent-header-meta":"default","adv-header-id-meta":"","stick-header-meta":"","header-above-stick-meta":"","header-main-stick-meta":"","header-below-stick-meta":"","astra-migrate-meta-layouts":"set","ast-page-background-enabled":"default","ast-page-background-meta":{"desktop":{"background-color":"var(--ast-global-color-4)","background-image":"","background-repeat":"repeat","background-position":"center center","background-size":"auto","background-attachment":"scroll","background-type":"","background-media":"","overlay-type":"","overlay-color":"","overlay-opacity":"","overlay-gradient":""},"tablet":{"background-color":"","background-image":"","background-repeat":"repeat","background-position":"center center","background-size":"auto","background-attachment":"scroll","background-type":"","background-media":"","overlay-type":"","overlay-color":"","overlay-opacity":"","overlay-gradient":""},"mobile":{"background-color":"","background-image":"","background-repeat":"repeat","background-position":"center center","background-size":"auto","background-attachment":"scroll","background-type":"","background-media":"","overlay-type":"","overlay-color":"","overlay-opacity":"","overlay-gradient":""}},"ast-content-background-meta":{"desktop":{"background-color":"var(--ast-global-color-5)","background-image":"","background-repeat":"repeat","background-position":"center center","background-size":"auto","background-attachment":"scroll","background-type":"","background-media":"","overlay-type":"","overlay-color":"","overlay-opacity":"","overlay-gradient":""},"tablet":{"background-color":"var(--ast-global-color-5)","background-image":"","background-repeat":"repeat","background-position":"center center","background-size":"auto","background-attachment":"scroll","background-type":"","background-media":"","overlay-type":"","overlay-color":"","overlay-opacity":"","overlay-gradient":""},"mobile":{"background-color":"var(--ast-global-color-5)","background-image":"","background-repeat":"repeat","background-position":"center center","background-size":"auto","background-attachment":"scroll","background-type":"","background-media":"","overlay-type":"","overlay-color":"","overlay-opacity":"","overlay-gradient":""}}},"product_brand":[60],"product_cat":[54],"product_tag":[],"class_list":{"0":"post-499","1":"product","2":"type-product","3":"status-publish","4":"has-post-thumbnail","6":"product_brand-meskernel","7":"product_cat-long-distance-laser-ranging-sensors","8":"desktop-align-center","9":"tablet-align-left","10":"mobile-align-left","12":"first","13":"instock","14":"shipping-taxable","15":"product-type-simple"},"_links":{"self":[{"href":"https:\/\/meskernel.net\/de\/wp-json\/wp\/v2\/product\/499","targetHints":{"allow":["GET"]}}],"collection":[{"href":"https:\/\/meskernel.net\/de\/wp-json\/wp\/v2\/product"}],"about":[{"href":"https:\/\/meskernel.net\/de\/wp-json\/wp\/v2\/types\/product"}],"version-history":[{"count":0,"href":"https:\/\/meskernel.net\/de\/wp-json\/wp\/v2\/product\/499\/revisions"}],"wp:featuredmedia":[{"embeddable":true,"href":"https:\/\/meskernel.net\/de\/wp-json\/wp\/v2\/media\/2223"}],"wp:attachment":[{"href":"https:\/\/meskernel.net\/de\/wp-json\/wp\/v2\/media?parent=499"}],"wp:term":[{"taxonomy":"product_brand","embeddable":true,"href":"https:\/\/meskernel.net\/de\/wp-json\/wp\/v2\/product_brand?post=499"},{"taxonomy":"product_cat","embeddable":true,"href":"https:\/\/meskernel.net\/de\/wp-json\/wp\/v2\/product_cat?post=499"},{"taxonomy":"product_tag","embeddable":true,"href":"https:\/\/meskernel.net\/de\/wp-json\/wp\/v2\/product_tag?post=499"}],"curies":[{"name":"wp","href":"https:\/\/api.w.org\/{rel}","templated":true}]}}