{"id":5322,"date":"2025-08-08T17:17:44","date_gmt":"2025-08-08T09:17:44","guid":{"rendered":"https:\/\/meskernel.net\/?post_type=product&#038;p=5322"},"modified":"2026-01-27T11:23:55","modified_gmt":"2026-01-27T03:23:55","slug":"gruner-laser-distanzsensor","status":"publish","type":"product","link":"https:\/\/meskernel.net\/de\/product\/green-laser-distance-sensor\/","title":{"rendered":"200m Gr\u00fcner Laser-Distanzsensor f\u00fcr Au\u00dfenmessungen IP67 Schutzart Leichtes Gewicht"},"content":{"rendered":"<p>Unser gr\u00fcner 200m-Laser-Distanzsensor wurde entwickelt, um genaue und zuverl\u00e4ssige Entfernungsmessungen zu liefern, was ihn zu einer idealen L\u00f6sung f\u00fcr verschiedene industrielle, wissenschaftliche und Automatisierungsanwendungen macht. Mit seinem robusten industriellen Schutzgeh\u00e4use, flexiblen Kommunikationsoptionen und anpassbaren Funktionen gew\u00e4hrleistet dieser Sensor eine nahtlose Integration in jedes System. Als f\u00fchrender Hersteller bieten wir OEM- und ODM-Dienstleistungen an, um Ihre spezifischen Anforderungen zu erf\u00fcllen, von Parameteranpassungen bis hin zur vollst\u00e4ndigen Designanpassung.<\/p>\n<p><img data-dominant-color=\"f8f8f8\" data-has-transparency=\"false\" style=\"--dominant-color: #f8f8f8;\" fetchpriority=\"high\" decoding=\"async\" class=\"aligncenter wp-image-5323 size-full not-transparent\" src=\"https:\/\/meskernel.net\/wp-content\/uploads\/2025\/08\/200m-Green-Laser-Distance-Sensor-for-Outdoor-Measure-with-RS485.webp\" alt=\"200m gr\u00fcner Laser-Distanzsensor f\u00fcr Au\u00dfenmessungen mit RS485\" width=\"697\" height=\"409\" srcset=\"https:\/\/meskernel.net\/wp-content\/uploads\/2025\/08\/200m-Green-Laser-Distance-Sensor-for-Outdoor-Measure-with-RS485.webp 697w, https:\/\/meskernel.net\/wp-content\/uploads\/2025\/08\/200m-Green-Laser-Distance-Sensor-for-Outdoor-Measure-with-RS485-300x176.webp 300w, https:\/\/meskernel.net\/wp-content\/uploads\/2025\/08\/200m-Green-Laser-Distance-Sensor-for-Outdoor-Measure-with-RS485-18x12.webp 18w, https:\/\/meskernel.net\/wp-content\/uploads\/2025\/08\/200m-Green-Laser-Distance-Sensor-for-Outdoor-Measure-with-RS485-400x235.webp 400w\" sizes=\"(max-width: 697px) 100vw, 697px\" \/><\/p>\n<h3>Hauptmerkmale des gr\u00fcnen Laser-Distanzsensors<\/h3>\n<ul>\n<li><strong>Gro\u00dfer Messbereich: 0,03m bis 200m<\/strong><\/li>\n<\/ul>\n<p style=\"padding-left: 40px;\">Der gr\u00fcne Laser-Distanzsensor verf\u00fcgt \u00fcber einen beeindruckenden Messbereich von 0,03 m bis 100 m\/150 m\/200 m und bietet damit eine au\u00dfergew\u00f6hnliche Vielseitigkeit f\u00fcr Entfernungsmessungen sowohl im Nah- als auch im Fernbereich. Ganz gleich, ob Sie an kleinen Projekten oder gro\u00dfen industriellen Anwendungen arbeiten, dieser Sensor passt sich Ihren Anforderungen an und bietet gleichbleibende Genauigkeit \u00fcber einen gro\u00dfen Entfernungsbereich.<\/p>\n<ul>\n<li><strong>Au\u00dfergew\u00f6hnliche Genauigkeit und Pr\u00e4zision<\/strong><\/li>\n<\/ul>\n<p style=\"padding-left: 40px;\">Mit einer Genauigkeit von <strong>\u00b1<\/strong>(3mm + D \u00d7 (1\/10000)), wobei D die gemessene Entfernung ist, gew\u00e4hrleistet dieser Sensor selbst in den anspruchsvollsten Umgebungen eine hochpr\u00e4zise Leistung. Die Formel erm\u00f6glicht fein abgestimmte Messungen mit minimalen Fehlern und eignet sich daher f\u00fcr Anwendungen, bei denen jeder Millimeter z\u00e4hlt, z. B. in der Robotik, bei automatisierten Systemen und in der Vermessung.<\/p>\n<ul>\n<li><strong>Mehrere Kommunikationsschnittstellen: TTL, RS485, RS232<\/strong><\/li>\n<\/ul>\n<p style=\"padding-left: 40px;\">Zur einfachen Integration in jedes System unterst\u00fctzt unser Sensor TTL-, RS485- und RS232-Kommunikationsschnittstellen. Diese vielseitigen Optionen erleichtern den Anschluss des Sensors an eine Vielzahl von Ger\u00e4ten, egal ob Sie Mikrocontroller, SPS-Systeme oder andere industrielle Steuerger\u00e4te verwenden. Durch diese Flexibilit\u00e4t wird sichergestellt, dass der Sensor die Konnektivit\u00e4tsanforderungen Ihres spezifischen Projekts erf\u00fcllen kann.<\/p>\n<ul>\n<li><strong>Robustes Industrie-Schutzgeh\u00e4use<\/strong><\/li>\n<\/ul>\n<p style=\"padding-left: 40px;\">Der Pr\u00e4zisions-Distanzsensor ist f\u00fcr harte Arbeitsbedingungen ausgelegt und befindet sich in einem robusten industriellen Schutzgeh\u00e4use (Gr\u00f6\u00dfe:<strong> LDJ-P4 85,00 x 62,00 x 22,00 mm<\/strong>). Dieses Schutzgeh\u00e4use sch\u00fctzt den Sensor vor Staub, Feuchtigkeit und mechanischer Besch\u00e4digung und gew\u00e4hrleistet eine zuverl\u00e4ssige Leistung in rauen Umgebungen wie Fabriken, Baustellen und Au\u00dfenbereichen.<\/p>\n<ul>\n<li><strong>Breiter Frequenzbereich: 3Hz bis 20Hz<\/strong><\/li>\n<\/ul>\n<p style=\"padding-left: 40px;\">Der Sensor arbeitet mit einem Frequenzbereich von 3 Hz bis 20 Hz und erm\u00f6glicht die Datenerfassung in Echtzeit, wodurch er sich perfekt f\u00fcr dynamische und schnelllebige Anwendungen eignet. Ob Sie ihn nun verwenden f\u00fcr<strong> real-<\/strong>Zeitobjektverfolgung, Positionierungssysteme oder Entfernungskartierung kann der Sensor konsistente und genaue Ergebnisse liefern.<\/p>\n<ul>\n<li><strong>Einfache Installation mit anpassbaren Parametern<\/strong><\/li>\n<\/ul>\n<p style=\"padding-left: 40px;\">Der gr\u00fcne Laser-Distanzsensor wurde f\u00fcr eine einfache Installation und schnelle Einrichtung konzipiert. Wir wissen, dass jede Anwendung einzigartig ist, daher bieten wir anpassbare Parameter, um spezifische Projektanforderungen zu erf\u00fcllen. Ganz gleich, ob Sie den Messbereich, die Genauigkeit oder andere Leistungsparameter anpassen m\u00fcssen, wir k\u00f6nnen den Sensor genau auf Ihre Anforderungen zuschneiden. Dar\u00fcber hinaus bieten wir als Hersteller sowohl OEM- als auch ODM-Dienstleistungen an, die eine vollst\u00e4ndige Anpassung des Designs und der Funktionen des Sensors erm\u00f6glichen.<\/p>\n<h3>Warum sollten Sie sich f\u00fcr unseren gr\u00fcnen Laser-Distanzsensor entscheiden?<\/h3>\n<p>Als vertrauensw\u00fcrdiger Hersteller bieten wir mehrere Vorteile, die uns auszeichnen:<\/p>\n<ul>\n<li><strong>Wettbewerbsf\u00e4hige Preisgestaltung:<\/strong> Wir bieten qualitativ hochwertige Sensoren zu Direktpreisen an, damit Sie den besten Gegenwert f\u00fcr Ihre Investition erhalten.<\/li>\n<li><strong>Kundenspezifische L\u00f6sungen:<\/strong> Unsere OEM- und ODM-F\u00e4higkeiten erm\u00f6glichen es uns, Sensoren mit spezifischen, auf Ihre Bed\u00fcrfnisse zugeschnittenen Parametern zu entwickeln. Ganz gleich, ob Sie eine kundenspezifische Geh\u00e4usegr\u00f6\u00dfe, spezielle Kommunikationsprotokolle oder verschiedene Bereichsoptionen ben\u00f6tigen, wir k\u00f6nnen eine L\u00f6sung entwickeln, die perfekt f\u00fcr Ihre Anwendung geeignet ist.<\/li>\n<li><strong>Zuverl\u00e4ssiger Service und Support:<\/strong> Mit einem engagierten Expertenteam bieten wir umfassenden Kundendienst und Beratung w\u00e4hrend des gesamten Produktlebenszyklus. Von der Unterst\u00fctzung bei der Installation bis hin zum fortlaufenden technischen Support - wir setzen uns f\u00fcr Ihren Erfolg ein.<\/li>\n<li><strong>Hohe Qualit\u00e4t und Langlebigkeit:<\/strong> Unsere Pr\u00e4zisions-Distanzsensoren sind f\u00fcr eine lange Lebensdauer ausgelegt und zeichnen sich durch eine robuste Konstruktion und hochwertige Komponenten aus. Wir halten strenge Qualit\u00e4tskontrollstandards ein, um sicherzustellen, dass jeder Sensor die h\u00f6chsten Leistungsstandards erf\u00fcllt.<\/li>\n<\/ul>\n<h3>Anwendungen des gr\u00fcnen Laser-Distanzsensors:<\/h3>\n<p>Der gr\u00fcne Laser-Distanzsensor eignet sich perfekt f\u00fcr eine Vielzahl von Anwendungen, darunter:<\/p>\n<ul>\n<li><strong>Industrielle Automatisierung:<\/strong> Ideal f\u00fcr pr\u00e4zise Abstandsmessung, Objekterkennung und Positions\u00fcberwachung in automatisierten Systemen.<\/li>\n<li><strong>Robotik und autonome Fahrzeuge:<\/strong> Perfekt f\u00fcr Hindernisvermeidung, Abstandsmessung und Navigation in der Robotik und in autonomen Systemen.<\/li>\n<li><strong>Vermessungswesen und Bauwesen:<\/strong> Pr\u00e4zise Messungen f\u00fcr Topografie, Bauplanung und Baustellenkartierung.<\/li>\n<li><strong><a href=\"https:\/\/meskernel.net\/de\/anmeldung\/umweltuberwachung\/\">Umwelt\u00fcberwachung<\/a>:<\/strong> Zur Messung von Entfernungen im Freien, z. B. bei der \u00dcberwachung des Pflanzenwachstums, der Gel\u00e4ndekartierung oder bei Vermessungsanwendungen.<\/li>\n<li><strong>Materialtransport und Logistik:<\/strong> Effiziente Lagerautomatisierung, F\u00f6rderbandsysteme und Bestandsverwaltung in Echtzeit.<\/li>\n<\/ul>\n<p class=\"elementor-heading-title elementor-size-default\"><a href=\"https:\/\/meskernel.net\/de\/gruner-laser-vs-roter-laser\/\">Gr\u00fcner Laser vs. Roter Laser: 6 Hauptunterschiede bei der Wahl des besten Sensors<\/a><\/p>\n<p>Unser gr\u00fcner Laser-Distanzsensor ist die perfekte Wahl f\u00fcr alle, die eine erschwingliche, leistungsstarke L\u00f6sung zur Distanzmessung suchen. Mit seiner einfachen Installation, den anpassbaren Optionen und der Langlebigkeit in Industriequalit\u00e4t bietet er die f\u00fcr anspruchsvolle Anwendungen erforderliche Genauigkeit und Zuverl\u00e4ssigkeit. Als Hersteller, der OEM- und ODM-Dienstleistungen anbietet, sind wir bestrebt, ma\u00dfgeschneiderte L\u00f6sungen zu liefern, die Ihren individuellen Anforderungen entsprechen. Kontaktieren Sie uns noch heute, um zu erfahren, wie wir Ihnen helfen k\u00f6nnen, diesen vielseitigen Pr\u00e4zisions-Distanzsensor in Ihr Projekt zu integrieren.<\/p>","protected":false},"excerpt":{"rendered":"<p>Suchen Sie einen leistungsstarken, anpassbaren Pr\u00e4zisions-Distanzsensor? Unser 200m Gr\u00fcner Laser-Distanzsensor bietet einen gro\u00dfen Messbereich (0,03m bis 200m), au\u00dfergew\u00f6hnliche Genauigkeit und mehrere Kommunikationsschnittstellen (TTL, RS485, RS232). Er ist in einem robusten industriellen Schutzgeh\u00e4use untergebracht und eignet sich perfekt f\u00fcr Industrie-, Robotik- und Automatisierungsanwendungen. Wir bieten OEM- und ODM-Dienstleistungen an, die es Ihnen erm\u00f6glichen, die Parameter an Ihre spezifischen Anforderungen anzupassen. Profitieren Sie von Direktpreisen, zuverl\u00e4ssigem Service und erstklassiger Leistung.<\/p>","protected":false},"featured_media":2820,"template":"","meta":{"site-sidebar-layout":"default","site-content-layout":"","ast-site-content-layout":"default","site-content-style":"default","site-sidebar-style":"default","ast-global-header-display":"","ast-banner-title-visibility":"","ast-main-header-display":"","ast-hfb-above-header-display":"","ast-hfb-below-header-display":"","ast-hfb-mobile-header-display":"","site-post-title":"","ast-breadcrumbs-content":"","ast-featured-img":"","footer-sml-layout":"","ast-disable-related-posts":"","theme-transparent-header-meta":"default","adv-header-id-meta":"","stick-header-meta":"","header-above-stick-meta":"","header-main-stick-meta":"","header-below-stick-meta":"","astra-migrate-meta-layouts":"set","ast-page-background-enabled":"default","ast-page-background-meta":{"desktop":{"background-color":"var(--ast-global-color-4)","background-image":"","background-repeat":"repeat","background-position":"center center","background-size":"auto","background-attachment":"scroll","background-type":"","background-media":"","overlay-type":"","overlay-color":"","overlay-opacity":"","overlay-gradient":""},"tablet":{"background-color":"","background-image":"","background-repeat":"repeat","background-position":"center center","background-size":"auto","background-attachment":"scroll","background-type":"","background-media":"","overlay-type":"","overlay-color":"","overlay-opacity":"","overlay-gradient":""},"mobile":{"background-color":"","background-image":"","background-repeat":"repeat","background-position":"center center","background-size":"auto","background-attachment":"scroll","background-type":"","background-media":"","overlay-type":"","overlay-color":"","overlay-opacity":"","overlay-gradient":""}},"ast-content-background-meta":{"desktop":{"background-color":"var(--ast-global-color-5)","background-image":"","background-repeat":"repeat","background-position":"center center","background-size":"auto","background-attachment":"scroll","background-type":"","background-media":"","overlay-type":"","overlay-color":"","overlay-opacity":"","overlay-gradient":""},"tablet":{"background-color":"var(--ast-global-color-5)","background-image":"","background-repeat":"repeat","background-position":"center center","background-size":"auto","background-attachment":"scroll","background-type":"","background-media":"","overlay-type":"","overlay-color":"","overlay-opacity":"","overlay-gradient":""},"mobile":{"background-color":"var(--ast-global-color-5)","background-image":"","background-repeat":"repeat","background-position":"center center","background-size":"auto","background-attachment":"scroll","background-type":"","background-media":"","overlay-type":"","overlay-color":"","overlay-opacity":"","overlay-gradient":""}}},"product_brand":[],"product_cat":[33],"product_tag":[],"class_list":{"0":"post-5322","1":"product","2":"type-product","3":"status-publish","4":"has-post-thumbnail","6":"product_cat-industrial-laser-distance-sensors","7":"desktop-align-center","8":"tablet-align-left","9":"mobile-align-left","11":"first","12":"instock","13":"shipping-taxable","14":"product-type-simple"},"_links":{"self":[{"href":"https:\/\/meskernel.net\/de\/wp-json\/wp\/v2\/product\/5322","targetHints":{"allow":["GET"]}}],"collection":[{"href":"https:\/\/meskernel.net\/de\/wp-json\/wp\/v2\/product"}],"about":[{"href":"https:\/\/meskernel.net\/de\/wp-json\/wp\/v2\/types\/product"}],"version-history":[{"count":0,"href":"https:\/\/meskernel.net\/de\/wp-json\/wp\/v2\/product\/5322\/revisions"}],"wp:featuredmedia":[{"embeddable":true,"href":"https:\/\/meskernel.net\/de\/wp-json\/wp\/v2\/media\/2820"}],"wp:attachment":[{"href":"https:\/\/meskernel.net\/de\/wp-json\/wp\/v2\/media?parent=5322"}],"wp:term":[{"taxonomy":"product_brand","embeddable":true,"href":"https:\/\/meskernel.net\/de\/wp-json\/wp\/v2\/product_brand?post=5322"},{"taxonomy":"product_cat","embeddable":true,"href":"https:\/\/meskernel.net\/de\/wp-json\/wp\/v2\/product_cat?post=5322"},{"taxonomy":"product_tag","embeddable":true,"href":"https:\/\/meskernel.net\/de\/wp-json\/wp\/v2\/product_tag?post=5322"}],"curies":[{"name":"wp","href":"https:\/\/api.w.org\/{rel}","templated":true}]}}