{"id":5789,"date":"2025-08-27T13:47:44","date_gmt":"2025-08-27T05:47:44","guid":{"rendered":"https:\/\/meskernel.net\/?post_type=product&#038;p=5789"},"modified":"2026-01-30T10:41:07","modified_gmt":"2026-01-30T02:41:07","slug":"roter-laser-distanzsensor","status":"publish","type":"product","link":"https:\/\/meskernel.net\/de\/product\/red-laser-distance-sensor\/","title":{"rendered":"LDJ-P4 Roter Laser-Distanzsensor mit gro\u00dfer Reichweite von 200 m - \u00b13 mm Genauigkeit, Schutzart IP54 f\u00fcr raue Umgebungen"},"content":{"rendered":"<p>Das von Meskernel entwickelte rote Laser-Distanzsensormodul LDJ-P4 ist eine kompakte und dennoch leistungsstarke L\u00f6sung (85\u00d762\u00d722mm, 90g), die f\u00fcr die nahtlose Integration in Industrie- und Automatisierungssysteme konzipiert wurde. Mit einem Messbereich von bis zu 200 Metern und einer Genauigkeit von <strong data-start=\"384\" data-end=\"406\">\u00b1<\/strong>(3mm + D*1\/10000), it ensures reliable and precise distance measurement. Operating at a frequency of 3\u201320Hz, the module offers both stability and flexibility for various applications. Featuring low power consumption and multiple interface options (TTL\/RS485\/RS232), it adapts easily to diverse system requirements. With an optional IP54 or IP67-rated housing, it provides strong protection against dust and water, making it suitable for both indoor and outdoor use.<\/p>\n<p><img data-dominant-color=\"f8f8f8\" data-has-transparency=\"false\" style=\"--dominant-color: #f8f8f8;\" fetchpriority=\"high\" decoding=\"async\" class=\"aligncenter wp-image-5323 size-full not-transparent\" src=\"https:\/\/meskernel.net\/wp-content\/uploads\/2025\/08\/200m-Green-Laser-Distance-Sensor-for-Outdoor-Measure-with-RS485.webp\" alt=\"200m gr\u00fcner Laser-Distanzsensor f\u00fcr Au\u00dfenmessungen mit RS485\" width=\"697\" height=\"409\" srcset=\"https:\/\/meskernel.net\/wp-content\/uploads\/2025\/08\/200m-Green-Laser-Distance-Sensor-for-Outdoor-Measure-with-RS485.webp 697w, https:\/\/meskernel.net\/wp-content\/uploads\/2025\/08\/200m-Green-Laser-Distance-Sensor-for-Outdoor-Measure-with-RS485-300x176.webp 300w, https:\/\/meskernel.net\/wp-content\/uploads\/2025\/08\/200m-Green-Laser-Distance-Sensor-for-Outdoor-Measure-with-RS485-18x12.webp 18w, https:\/\/meskernel.net\/wp-content\/uploads\/2025\/08\/200m-Green-Laser-Distance-Sensor-for-Outdoor-Measure-with-RS485-400x235.webp 400w\" sizes=\"(max-width: 697px) 100vw, 697px\" \/><\/p>\n<h2 data-start=\"555\" data-end=\"572\">Hauptmerkmale des Red Laser Distance Sensors<\/h2>\n<ul data-start=\"573\" data-end=\"1332\">\n<li data-start=\"573\" data-end=\"654\">\n<p data-start=\"575\" data-end=\"654\"><strong data-start=\"575\" data-end=\"599\">Gro\u00dfer Messbereich<\/strong>: 0,03m bis zu 100m \/ 150m \/ 200m (je nach Modell)<\/p>\n<\/li>\n<li data-start=\"655\" data-end=\"751\">\n<p data-start=\"657\" data-end=\"751\"><strong data-start=\"657\" data-end=\"674\">Hohe Genauigkeit<\/strong>: \u00b1(3mm + D*1\/10000), gew\u00e4hrleistet pr\u00e4zise Messungen auch \u00fcber gro\u00dfe Entfernungen<\/p>\n<\/li>\n<li data-start=\"752\" data-end=\"841\">\n<p data-start=\"754\" data-end=\"841\"><strong data-start=\"754\" data-end=\"776\">Flexible Frequenz<\/strong>: Einstellbar von 3 Hz bis 20 Hz, um verschiedene Anwendungsanforderungen zu erf\u00fcllen<\/p>\n<\/li>\n<li data-start=\"842\" data-end=\"941\">\n<p data-start=\"844\" data-end=\"941\"><strong data-start=\"844\" data-end=\"862\">Kompakte Bauweise<\/strong>85\u00d762\u00d722mm, Gewicht nur 90g, leicht in platzbeschr\u00e4nkte Ger\u00e4te zu integrieren<\/p>\n<\/li>\n<li data-start=\"942\" data-end=\"1033\">\n<p data-start=\"944\" data-end=\"1033\"><strong data-start=\"944\" data-end=\"967\">Mehrere Schnittstellen<\/strong>: Unterst\u00fctzt TTL, RS485 und RS232 f\u00fcr nahtlose Systemintegration<\/p>\n<\/li>\n<li data-start=\"1034\" data-end=\"1127\">\n<p data-start=\"1036\" data-end=\"1127\"><strong data-start=\"1036\" data-end=\"1056\">Rote Laserleistung<\/strong>: Einfache Ausrichtung und sichtbares Ziel f\u00fcr Installation und Betrieb<\/p>\n<\/li>\n<li data-start=\"1128\" data-end=\"1264\">\n<p data-start=\"1130\" data-end=\"1264\"><strong data-start=\"1130\" data-end=\"1157\">Anpassbarer Schutz<\/strong>: Erh\u00e4ltlich in IP54 oder IP67, mit staub- und wasserdichten Eigenschaften f\u00fcr anspruchsvolle Umgebungen<\/p>\n<\/li>\n<li data-start=\"1265\" data-end=\"1332\">\n<p data-start=\"1267\" data-end=\"1332\"><strong data-start=\"1267\" data-end=\"1293\">Breiter Temperaturbereich<\/strong>: Zuverl\u00e4ssiger Betrieb von -25\u2103 bis 60\u2103<\/p>\n<\/li>\n<\/ul>\n<hr data-start=\"1334\" data-end=\"1337\" \/>\n<h2 data-start=\"1339\" data-end=\"1364\">Technische H\u00f6hepunkte<\/h2>\n<ul data-start=\"1365\" data-end=\"1722\">\n<li data-start=\"1365\" data-end=\"1458\">\n<p data-start=\"1367\" data-end=\"1458\"><strong data-start=\"1367\" data-end=\"1392\">Prinzip der Messung<\/strong>: Phasenverschiebungsmethode, die eine stabile und gleichm\u00e4\u00dfige Leistung gew\u00e4hrleistet<\/p>\n<\/li>\n<li data-start=\"1459\" data-end=\"1556\">\n<p data-start=\"1461\" data-end=\"1556\"><strong data-start=\"1461\" data-end=\"1486\">Niedriger Stromverbrauch<\/strong>: Optimiert f\u00fcr Dauerbetrieb ohne \u00fcberm\u00e4\u00dfigen Energiebedarf<\/p>\n<\/li>\n<li data-start=\"1557\" data-end=\"1626\">\n<p data-start=\"1559\" data-end=\"1626\"><strong data-start=\"1559\" data-end=\"1575\">Laser-Sicherheit<\/strong>: Klasse II, &lt;1mW, konform mit IEC 60825-1:2014<\/p>\n<\/li>\n<li data-start=\"1627\" data-end=\"1722\">\n<p data-start=\"1629\" data-end=\"1722\"><strong data-start=\"1629\" data-end=\"1647\">Zertifizierungen<\/strong>: CE, FCC, RoHS, FDA - Garantie f\u00fcr weltweite Konformit\u00e4t und sicheren Einsatz<\/p>\n<\/li>\n<\/ul>\n<p><img data-dominant-color=\"dbcfd0\" data-has-transparency=\"false\" style=\"--dominant-color: #dbcfd0;\" decoding=\"async\" class=\"aligncenter wp-image-5793 size-large not-transparent\" src=\"https:\/\/meskernel.net\/wp-content\/uploads\/2025\/08\/LDJ-1024x520.webp\" alt=\"LDJ\" width=\"1024\" height=\"520\" srcset=\"https:\/\/meskernel.net\/wp-content\/uploads\/2025\/08\/LDJ-1024x520.webp 1024w, https:\/\/meskernel.net\/wp-content\/uploads\/2025\/08\/LDJ-300x152.webp 300w, https:\/\/meskernel.net\/wp-content\/uploads\/2025\/08\/LDJ-768x390.webp 768w, https:\/\/meskernel.net\/wp-content\/uploads\/2025\/08\/LDJ-1536x779.webp 1536w, https:\/\/meskernel.net\/wp-content\/uploads\/2025\/08\/LDJ-18x9.webp 18w, https:\/\/meskernel.net\/wp-content\/uploads\/2025\/08\/LDJ-400x203.webp 400w, https:\/\/meskernel.net\/wp-content\/uploads\/2025\/08\/LDJ.webp 1906w\" sizes=\"(max-width: 1024px) 100vw, 1024px\" \/><\/p>\n<hr data-start=\"1724\" data-end=\"1727\" \/>\n<h2 data-start=\"1729\" data-end=\"1755\">Anwendungsszenarien<\/h2>\n<p>&nbsp;<\/p>\n<p>&nbsp;<\/p>\n<p data-start=\"1756\" data-end=\"1800\">Das LDJ-P4 Rotlaser-Distanzsensormodul ist in vielen Bereichen einsetzbar:<\/p>\n<ul data-start=\"1801\" data-end=\"2284\">\n<li data-start=\"1801\" data-end=\"1903\">\n<p data-start=\"1803\" data-end=\"1903\"><strong data-start=\"1803\" data-end=\"1828\">Industrielle Automatisierung<\/strong> - Echtzeit-Abstands\u00fcberwachung, Objekterkennung und Ger\u00e4tekontrolle<\/p>\n<\/li>\n<li data-start=\"1904\" data-end=\"2022\">\n<p data-start=\"1906\" data-end=\"2022\"><strong data-start=\"1906\" data-end=\"1933\">Logistik und Lagerhaltung<\/strong> - Bestandsmessung, Lagerh\u00f6henerkennung und fahrerlose Transportsysteme (AGV)<\/p>\n<\/li>\n<li data-start=\"2023\" data-end=\"2103\">\n<p data-start=\"2025\" data-end=\"2103\"><strong data-start=\"2025\" data-end=\"2044\">Robotik &amp; UAVs<\/strong> - Navigationshilfe, Hindernisvermeidung und Kartierung<\/p>\n<\/li>\n<li data-start=\"2104\" data-end=\"2195\">\n<p data-start=\"2106\" data-end=\"2195\"><strong data-start=\"2106\" data-end=\"2130\">Intelligente Infrastruktur<\/strong> - Au\u00dfen\u00fcberwachung, Sicherheitssysteme und Verkehrsmanagement<\/p>\n<\/li>\n<li data-start=\"2196\" data-end=\"2284\">\n<p data-start=\"2198\" data-end=\"2284\"><strong data-start=\"2198\" data-end=\"2221\">Vermessung und Kartierung<\/strong> - Pr\u00e4zisions-Entfernungserfassung f\u00fcr Feldmessaufgaben<img data-dominant-color=\"6f7779\" data-has-transparency=\"true\" style=\"--dominant-color: #6f7779;\" decoding=\"async\" class=\"aligncenter wp-image-6606 size-full has-transparency\" src=\"https:\/\/meskernel.net\/wp-content\/uploads\/2025\/08\/Red-Laser-Distance-Sensor-application.webp\" alt=\"Red Laser Distance Sensor Anwendung\" width=\"1922\" height=\"472\" srcset=\"https:\/\/meskernel.net\/wp-content\/uploads\/2025\/08\/Red-Laser-Distance-Sensor-application.webp 1922w, https:\/\/meskernel.net\/wp-content\/uploads\/2025\/08\/Red-Laser-Distance-Sensor-application-300x74.webp 300w, https:\/\/meskernel.net\/wp-content\/uploads\/2025\/08\/Red-Laser-Distance-Sensor-application-1024x251.webp 1024w, https:\/\/meskernel.net\/wp-content\/uploads\/2025\/08\/Red-Laser-Distance-Sensor-application-768x189.webp 768w, https:\/\/meskernel.net\/wp-content\/uploads\/2025\/08\/Red-Laser-Distance-Sensor-application-1536x377.webp 1536w, https:\/\/meskernel.net\/wp-content\/uploads\/2025\/08\/Red-Laser-Distance-Sensor-application-18x4.webp 18w, https:\/\/meskernel.net\/wp-content\/uploads\/2025\/08\/Red-Laser-Distance-Sensor-application-400x98.webp 400w\" sizes=\"(max-width: 1922px) 100vw, 1922px\" \/><\/p>\n<\/li>\n<\/ul>\n<hr data-start=\"2286\" data-end=\"2289\" \/>\n<h2 data-start=\"2291\" data-end=\"2342\">IP54 Protection \u2013 Built for Harsh Environments<\/h2>\n<p data-start=\"2343\" data-end=\"2453\">For users requiring extra durability, the LDJ-P4 Red Laser Distance Sensor can be equipped with an IP54-rated enclosure, offering:<\/p>\n<ul data-start=\"2454\" data-end=\"2744\">\n<li data-start=\"2454\" data-end=\"2527\">\n<p data-start=\"2456\" data-end=\"2527\"><strong data-start=\"2456\" data-end=\"2480\">Staubdichter Schutz<\/strong> - vollst\u00e4ndiger Widerstand gegen das Eindringen von Staub<\/p>\n<\/li>\n<li data-start=\"2528\" data-end=\"2605\">\n<p data-start=\"2530\" data-end=\"2605\"><strong data-start=\"2530\" data-end=\"2556\">Wasserdicht Zuverl\u00e4ssigkeit<\/strong> - Schutz gegen zeitweiliges Untertauchen in Wasser<\/p>\n<\/li>\n<li data-start=\"2606\" data-end=\"2744\">\n<p data-start=\"2608\" data-end=\"2744\"><strong data-start=\"2608\" data-end=\"2630\">Erweiterte Benutzerfreundlichkeit<\/strong> - perfekt f\u00fcr Installationen im Freien, in feuchten Umgebungen und in Industrieanlagen, die schwierigen Bedingungen ausgesetzt sind<\/p>\n<\/li>\n<\/ul>\n<hr data-start=\"2746\" data-end=\"2749\" \/>\n<h2 data-start=\"2751\" data-end=\"2779\">Verl\u00e4sslichkeit und Unterst\u00fctzung<\/h2>\n<p data-start=\"2780\" data-end=\"3000\">Neben einer 12-monatigen Garantie und einem umfassenden technischen Support bietet Meskernel Anpassungsdienste an, um spezifische Anforderungen wie Reichweitenanpassung, Baudrate, Schnittstellenkompatibilit\u00e4t und Umgebungsanpassungen zu erf\u00fcllen.<\/p>\n<p data-start=\"3023\" data-end=\"3388\">The LDJ-P4 Red Laser Distance Sensor Module combines long-range measurement, high accuracy, versatile connectivity, and IP54-grade protection into a compact form factor. Whether applied in industrial automation, robotics, or outdoor monitoring, it delivers reliable performance and durable operation, making it an ideal choice for modern measurement systems.<\/p>","protected":false},"excerpt":{"rendered":"<p>Der rote Laser-Distanzsensor LDJ-P4 bietet eine Reichweite von 0,03-200 m, eine Genauigkeit von \u00b13 mm, eine Frequenz von 3-20 Hz und Schutzart IP54. Ideal f\u00fcr industrielle Automatisierung, Robotik und Au\u00dfenanwendungen.<\/p>","protected":false},"featured_media":5790,"template":"","meta":{"site-sidebar-layout":"default","site-content-layout":"","ast-site-content-layout":"default","site-content-style":"default","site-sidebar-style":"default","ast-global-header-display":"","ast-banner-title-visibility":"","ast-main-header-display":"","ast-hfb-above-header-display":"","ast-hfb-below-header-display":"","ast-hfb-mobile-header-display":"","site-post-title":"","ast-breadcrumbs-content":"","ast-featured-img":"","footer-sml-layout":"","ast-disable-related-posts":"","theme-transparent-header-meta":"default","adv-header-id-meta":"","stick-header-meta":"","header-above-stick-meta":"","header-main-stick-meta":"","header-below-stick-meta":"","astra-migrate-meta-layouts":"set","ast-page-background-enabled":"default","ast-page-background-meta":{"desktop":{"background-color":"var(--ast-global-color-4)","background-image":"","background-repeat":"repeat","background-position":"center center","background-size":"auto","background-attachment":"scroll","background-type":"","background-media":"","overlay-type":"","overlay-color":"","overlay-opacity":"","overlay-gradient":""},"tablet":{"background-color":"","background-image":"","background-repeat":"repeat","background-position":"center center","background-size":"auto","background-attachment":"scroll","background-type":"","background-media":"","overlay-type":"","overlay-color":"","overlay-opacity":"","overlay-gradient":""},"mobile":{"background-color":"","background-image":"","background-repeat":"repeat","background-position":"center center","background-size":"auto","background-attachment":"scroll","background-type":"","background-media":"","overlay-type":"","overlay-color":"","overlay-opacity":"","overlay-gradient":""}},"ast-content-background-meta":{"desktop":{"background-color":"var(--ast-global-color-5)","background-image":"","background-repeat":"repeat","background-position":"center center","background-size":"auto","background-attachment":"scroll","background-type":"","background-media":"","overlay-type":"","overlay-color":"","overlay-opacity":"","overlay-gradient":""},"tablet":{"background-color":"var(--ast-global-color-5)","background-image":"","background-repeat":"repeat","background-position":"center center","background-size":"auto","background-attachment":"scroll","background-type":"","background-media":"","overlay-type":"","overlay-color":"","overlay-opacity":"","overlay-gradient":""},"mobile":{"background-color":"var(--ast-global-color-5)","background-image":"","background-repeat":"repeat","background-position":"center center","background-size":"auto","background-attachment":"scroll","background-type":"","background-media":"","overlay-type":"","overlay-color":"","overlay-opacity":"","overlay-gradient":""}}},"product_brand":[],"product_cat":[33],"product_tag":[],"class_list":{"0":"post-5789","1":"product","2":"type-product","3":"status-publish","4":"has-post-thumbnail","6":"product_cat-industrial-laser-distance-sensors","7":"desktop-align-center","8":"tablet-align-left","9":"mobile-align-left","11":"first","12":"instock","13":"shipping-taxable","14":"product-type-simple"},"_links":{"self":[{"href":"https:\/\/meskernel.net\/de\/wp-json\/wp\/v2\/product\/5789","targetHints":{"allow":["GET"]}}],"collection":[{"href":"https:\/\/meskernel.net\/de\/wp-json\/wp\/v2\/product"}],"about":[{"href":"https:\/\/meskernel.net\/de\/wp-json\/wp\/v2\/types\/product"}],"version-history":[{"count":0,"href":"https:\/\/meskernel.net\/de\/wp-json\/wp\/v2\/product\/5789\/revisions"}],"wp:featuredmedia":[{"embeddable":true,"href":"https:\/\/meskernel.net\/de\/wp-json\/wp\/v2\/media\/5790"}],"wp:attachment":[{"href":"https:\/\/meskernel.net\/de\/wp-json\/wp\/v2\/media?parent=5789"}],"wp:term":[{"taxonomy":"product_brand","embeddable":true,"href":"https:\/\/meskernel.net\/de\/wp-json\/wp\/v2\/product_brand?post=5789"},{"taxonomy":"product_cat","embeddable":true,"href":"https:\/\/meskernel.net\/de\/wp-json\/wp\/v2\/product_cat?post=5789"},{"taxonomy":"product_tag","embeddable":true,"href":"https:\/\/meskernel.net\/de\/wp-json\/wp\/v2\/product_tag?post=5789"}],"curies":[{"name":"wp","href":"https:\/\/api.w.org\/{rel}","templated":true}]}}