{"id":6180,"date":"2025-11-04T10:57:48","date_gmt":"2025-11-04T02:57:48","guid":{"rendered":"https:\/\/meskernel.net\/?post_type=product&#038;p=6180"},"modified":"2025-11-04T11:12:25","modified_gmt":"2025-11-04T03:12:25","slug":"laser-entfernungsmesser-sensor-2","status":"publish","type":"product","link":"https:\/\/meskernel.net\/de\/product\/laser-range-finder-sensor\/","title":{"rendered":"100Hz Hochgeschwindigkeits-Entfernungsmesser mit rotem Laser f\u00fcr die dynamische Zielverfolgung"},"content":{"rendered":"<p class=\"\" data-start=\"286\" data-end=\"640\">Das 100Hz High-Speed Rotlaser-Entfernungsmesser-Sensormodul ist ein hochpr\u00e4ziser optischer Sensor, der f\u00fcr die industrielle Automatisierung und anspruchsvolle Au\u00dfenanwendungen entwickelt wurde. Mit seinem kompakten Design und einer Genauigkeit von 1 mm \u00fcber Entfernungen von bis zu 80 Metern ist dieses Modul ideal f\u00fcr die Integration in Systeme, bei denen Platzersparnis und pr\u00e4zise Messungen entscheidend sind.<\/p>\n<p class=\"\" data-start=\"642\" data-end=\"861\">Der Laser-Entfernungsmesser ist so konzipiert, dass er auch bei starkem Sonnenlicht zuverl\u00e4ssig arbeitet und sich in Umgebungen mit geringer Reflektivit\u00e4t oder schwachem Signal auszeichnet, was ihn zu einer zuverl\u00e4ssigen L\u00f6sung f\u00fcr reale, anspruchsvolle Messszenarien macht.<\/p>\n<p class=\"\" data-start=\"863\" data-end=\"1263\">Der Laser-Entfernungsmesser-Sensor basiert auf fortschrittlicher optischer Sensortechnologie und unterst\u00fctzt sowohl digitale als auch analoge Ausg\u00e4nge mit vielseitiger Buchsenkompatibilit\u00e4t, einschlie\u00dflich CAN, SPI, I\u00b2C, UART, TTL, RS232, RS485 und Analogschnittstellen. Seine flexible Drei-in-Eins-Kommunikationsschnittstelle mit optionaler Bluetooth-\u00dcbertragung gew\u00e4hrleistet eine effiziente und nahtlose Datenintegration in eine Vielzahl von Systemen.<\/p>\n<p><img data-dominant-color=\"d0d3d0\" data-has-transparency=\"false\" style=\"--dominant-color: #d0d3d0;\" fetchpriority=\"high\" decoding=\"async\" class=\"alignnone wp-image-4444 size-full not-transparent\" src=\"https:\/\/meskernel.net\/wp-content\/uploads\/2025\/04\/distance-sensor-module.webp\" alt=\"Abstandssensormodul\" width=\"800\" height=\"718\" srcset=\"https:\/\/meskernel.net\/wp-content\/uploads\/2025\/04\/distance-sensor-module.webp 800w, https:\/\/meskernel.net\/wp-content\/uploads\/2025\/04\/distance-sensor-module-300x269.webp 300w, https:\/\/meskernel.net\/wp-content\/uploads\/2025\/04\/distance-sensor-module-768x689.webp 768w, https:\/\/meskernel.net\/wp-content\/uploads\/2025\/04\/distance-sensor-module-400x359.webp 400w\" sizes=\"(max-width: 800px) 100vw, 800px\" \/><\/p>\n<p>&nbsp;<\/p>\n<h3 data-start=\"1265\" data-end=\"1278\">Hauptmerkmale des Laser-Entfernungsmessers:<\/h3>\n<h3 data-start=\"1265\" data-end=\"1278\">\ud83d\udd39 <strong style=\"font-size: 16px;\" data-start=\"1284\" data-end=\"1304\">Miniatur-Design<\/strong><span style=\"font-size: 16px;\"> - Ultrakompakt f\u00fcr enge Einbauverh\u00e4ltnisse<\/span><\/h3>\n<h3 data-start=\"1265\" data-end=\"1278\">\ud83d\udd39 <strong style=\"font-size: 16px;\" data-start=\"1357\" data-end=\"1374\">Hohe Genauigkeit<\/strong><span style=\"font-size: 16px;\"> - Bis zu <\/span><strong style=\"font-size: 16px;\" data-start=\"1383\" data-end=\"1391\">\u00b1<\/strong><span style=\"font-size: 16px;\">1mm Genauigkeit<\/span><\/h3>\n<h3 data-start=\"1265\" data-end=\"1278\">\ud83d\udd39 <strong style=\"font-size: 16px;\" data-start=\"1409\" data-end=\"1423\">Gro\u00dfe Reichweite<\/strong><span style=\"font-size: 16px;\"> - Effektive Messung bis zu 80 Meter<\/span><\/h3>\n<h3 data-start=\"1265\" data-end=\"1278\">\ud83d\udd39 <strong style=\"font-size: 16px;\" data-start=\"1475\" data-end=\"1492\">Outdoor-tauglich<\/strong><span style=\"font-size: 16px;\"> - Widerstandsf\u00e4hig gegen starkes Umgebungslicht, perfekt f\u00fcr die Aufstellung im Freien<\/span><\/h3>\n<h3 data-start=\"1265\" data-end=\"1278\">\ud83d\udd39 <strong style=\"font-size: 16px;\" data-start=\"1577\" data-end=\"1613\">Ausgezeichnete Leistung bei niedrigen Signalen<\/strong><span style=\"font-size: 16px;\"> - Stabiler Betrieb unter schwachen Reflexionsbedingungen<\/span><\/h3>\n<h3 data-start=\"1265\" data-end=\"1278\">\ud83d\udd39 <strong style=\"font-size: 16px;\" data-start=\"1672\" data-end=\"1706\">Anpassbarer Temperaturbereich<\/strong><span style=\"font-size: 16px;\"> - Geeignet f\u00fcr extreme Umgebungen<\/span><\/h3>\n<h3 data-start=\"1265\" data-end=\"1278\">\ud83d\udd39 <strong style=\"font-size: 16px;\" data-start=\"1750\" data-end=\"1767\">Laser-Optionen<\/strong><span style=\"font-size: 16px;\"> - W\u00e4hlen Sie zwischen rotem und gr\u00fcnem Laser, je nach den Anforderungen Ihrer Anwendung<\/span><\/h3>\n<h3 data-start=\"1265\" data-end=\"1278\">\ud83d\udd39 <strong style=\"font-size: 16px;\" data-start=\"1846\" data-end=\"1874\">Multi-Funktions-Verst\u00e4rker<\/strong><span style=\"font-size: 16px;\"> - Anpassungsf\u00e4hige Signalverarbeitung<\/span><\/h3>\n<h3 data-start=\"1265\" data-end=\"1278\">\ud83d\udd39 <strong style=\"font-size: 16px;\" data-start=\"1912\" data-end=\"1938\">Unterst\u00fctzung f\u00fcr umfangreiche Schnittstellen<\/strong><span style=\"font-size: 16px;\"> - TTL\/RS232\/RS485, Bluetooth und andere g\u00e4ngige Protokolle<\/span><\/h3>\n<p class=\"\" data-start=\"2003\" data-end=\"2213\">Dieser Laser-Entfernungsmesser-Sensor\u00a0<span style=\"font-size: 16px;\">ist die ideale Wahl f\u00fcr Ingenieure und Entwickler, die eine kompakte, zuverl\u00e4ssige und vollst\u00e4ndig anpassbare Lasermessl\u00f6sung mit robuster Leistung und flexibler Integration suchen.<\/span><\/p>\n<p data-start=\"2003\" data-end=\"2213\"><img data-dominant-color=\"ebeceb\" data-has-transparency=\"false\" style=\"--dominant-color: #ebeceb;\" decoding=\"async\" class=\"wp-image-6112 size-full aligncenter not-transparent\" src=\"https:\/\/meskernel.net\/wp-content\/uploads\/2025\/04\/laser-distance-sensor-Quick-Testing-Guidance.webp\" alt=\"Laser-Distanz-Sensor Schnelltest-Anleitung\" width=\"703\" height=\"185\" srcset=\"https:\/\/meskernel.net\/wp-content\/uploads\/2025\/04\/laser-distance-sensor-Quick-Testing-Guidance.webp 703w, https:\/\/meskernel.net\/wp-content\/uploads\/2025\/04\/laser-distance-sensor-Quick-Testing-Guidance-300x79.webp 300w, https:\/\/meskernel.net\/wp-content\/uploads\/2025\/04\/laser-distance-sensor-Quick-Testing-Guidance-18x5.webp 18w, https:\/\/meskernel.net\/wp-content\/uploads\/2025\/04\/laser-distance-sensor-Quick-Testing-Guidance-400x105.webp 400w\" sizes=\"(max-width: 703px) 100vw, 703px\" \/><\/p>\n<p class=\"\" data-start=\"2215\" data-end=\"2353\">\ud83d\udce9 <a href=\"https:\/\/meskernel.net\/de\/kontakt\/\"><strong data-start=\"2218\" data-end=\"2238\">Kontaktieren Sie uns heute<\/strong><\/a> f\u00fcr Datenbl\u00e4tter, Anwendungsunterst\u00fctzung oder zur Besprechung einer OEM\/ODM-Anpassung auf der Grundlage Ihrer spezifischen Projektanforderungen.<\/p>\n<p data-start=\"2363\" data-end=\"2441\">","protected":false},"excerpt":{"rendered":"<p class=\"\" data-start=\"88\" data-end=\"634\">Das Laser-Entfernungsmesser-Sensormodul ist ein ultrakompakter, hochpr\u00e4ziser optischer Sensor mit einer Genauigkeit von 1 mm und einem Messbereich von bis zu 80 m. Es wurde f\u00fcr den Au\u00dfeneinsatz entwickelt und liefert auch bei starker Sonneneinstrahlung und in Umgebungen mit geringer Reflexion eine stabile Leistung. Mit anpassbaren Optionen wie rotem oder gr\u00fcnem Laser, breitem Temperaturbereich und vielseitiger Multi-Interface-Unterst\u00fctzung (Bluetooth, TTL, RS232\/RS485) ist das LDL-S ideal f\u00fcr die industrielle Automatisierung und Pr\u00e4zisionsmessanwendungen.<\/p>","protected":false},"featured_media":6181,"template":"","meta":{"site-sidebar-layout":"default","site-content-layout":"","ast-site-content-layout":"default","site-content-style":"default","site-sidebar-style":"default","ast-global-header-display":"","ast-banner-title-visibility":"","ast-main-header-display":"","ast-hfb-above-header-display":"","ast-hfb-below-header-display":"","ast-hfb-mobile-header-display":"","site-post-title":"","ast-breadcrumbs-content":"","ast-featured-img":"","footer-sml-layout":"","ast-disable-related-posts":"","theme-transparent-header-meta":"default","adv-header-id-meta":"","stick-header-meta":"","header-above-stick-meta":"","header-main-stick-meta":"","header-below-stick-meta":"","astra-migrate-meta-layouts":"set","ast-page-background-enabled":"default","ast-page-background-meta":{"desktop":{"background-color":"var(--ast-global-color-4)","background-image":"","background-repeat":"repeat","background-position":"center center","background-size":"auto","background-attachment":"scroll","background-type":"","background-media":"","overlay-type":"","overlay-color":"","overlay-opacity":"","overlay-gradient":""},"tablet":{"background-color":"","background-image":"","background-repeat":"repeat","background-position":"center center","background-size":"auto","background-attachment":"scroll","background-type":"","background-media":"","overlay-type":"","overlay-color":"","overlay-opacity":"","overlay-gradient":""},"mobile":{"background-color":"","background-image":"","background-repeat":"repeat","background-position":"center center","background-size":"auto","background-attachment":"scroll","background-type":"","background-media":"","overlay-type":"","overlay-color":"","overlay-opacity":"","overlay-gradient":""}},"ast-content-background-meta":{"desktop":{"background-color":"var(--ast-global-color-5)","background-image":"","background-repeat":"repeat","background-position":"center center","background-size":"auto","background-attachment":"scroll","background-type":"","background-media":"","overlay-type":"","overlay-color":"","overlay-opacity":"","overlay-gradient":""},"tablet":{"background-color":"var(--ast-global-color-5)","background-image":"","background-repeat":"repeat","background-position":"center center","background-size":"auto","background-attachment":"scroll","background-type":"","background-media":"","overlay-type":"","overlay-color":"","overlay-opacity":"","overlay-gradient":""},"mobile":{"background-color":"var(--ast-global-color-5)","background-image":"","background-repeat":"repeat","background-position":"center center","background-size":"auto","background-attachment":"scroll","background-type":"","background-media":"","overlay-type":"","overlay-color":"","overlay-opacity":"","overlay-gradient":""}}},"product_brand":[],"product_cat":[52],"product_tag":[],"class_list":{"0":"post-6180","1":"product","2":"type-product","3":"status-publish","4":"has-post-thumbnail","6":"product_cat-phase-distance-sensor","7":"desktop-align-center","8":"tablet-align-left","9":"mobile-align-left","11":"first","12":"instock","13":"shipping-taxable","14":"product-type-simple"},"_links":{"self":[{"href":"https:\/\/meskernel.net\/de\/wp-json\/wp\/v2\/product\/6180","targetHints":{"allow":["GET"]}}],"collection":[{"href":"https:\/\/meskernel.net\/de\/wp-json\/wp\/v2\/product"}],"about":[{"href":"https:\/\/meskernel.net\/de\/wp-json\/wp\/v2\/types\/product"}],"version-history":[{"count":0,"href":"https:\/\/meskernel.net\/de\/wp-json\/wp\/v2\/product\/6180\/revisions"}],"wp:featuredmedia":[{"embeddable":true,"href":"https:\/\/meskernel.net\/de\/wp-json\/wp\/v2\/media\/6181"}],"wp:attachment":[{"href":"https:\/\/meskernel.net\/de\/wp-json\/wp\/v2\/media?parent=6180"}],"wp:term":[{"taxonomy":"product_brand","embeddable":true,"href":"https:\/\/meskernel.net\/de\/wp-json\/wp\/v2\/product_brand?post=6180"},{"taxonomy":"product_cat","embeddable":true,"href":"https:\/\/meskernel.net\/de\/wp-json\/wp\/v2\/product_cat?post=6180"},{"taxonomy":"product_tag","embeddable":true,"href":"https:\/\/meskernel.net\/de\/wp-json\/wp\/v2\/product_tag?post=6180"}],"curies":[{"name":"wp","href":"https:\/\/api.w.org\/{rel}","templated":true}]}}