{"id":6278,"date":"2025-11-17T11:33:03","date_gmt":"2025-11-17T03:33:03","guid":{"rendered":"https:\/\/meskernel.net\/?post_type=product&#038;p=6278"},"modified":"2025-11-17T11:33:04","modified_gmt":"2025-11-17T03:33:04","slug":"ccd-sensor","status":"publish","type":"product","link":"https:\/\/meskernel.net\/de\/product\/ccd-sensor\/","title":{"rendered":"2000\u00d7256 Elemente r\u00fcckseitig beleuchteter CCD-Sensor"},"content":{"rendered":"<p data-start=\"1198\" data-end=\"1275\"><strong data-start=\"1198\" data-end=\"1275\">Hochempfindlicher Vollbild-CCD f\u00fcr Spektroskopie und wissenschaftliche Instrumente<\/strong><\/p>\n<p data-start=\"1277\" data-end=\"1726\">Der 2000\u00d7256 Elemente Back-Illuminated CCD Sensor ist ein leistungsstarker wissenschaftlicher Vollformat-CCD-Sensor, der f\u00fcr die Spektroskopie, pr\u00e4zise optische Messungen und wissenschaftliche Aufnahmen bei schwachem Licht optimiert ist. Mit 2048(H) \u00d7 264(V) effektiven Pixeln und einer Pixelarchitektur von 15 \u03bcm \u00d7 15 \u03bcm bietet dieser Sensor eine au\u00dfergew\u00f6hnliche Empfindlichkeit, Gleichm\u00e4\u00dfigkeit und Stabilit\u00e4t - ideal f\u00fcr OEM-Instrumentenentwickler, die einen zuverl\u00e4ssigen CCD-Detektor suchen.<\/p>\n<p data-start=\"1728\" data-end=\"2079\">Das Bauteil wurde f\u00fcr extrem geringes Rauschen und niedrigen Dunkelstrom entwickelt und erreicht seine optimale Leistung beim Betrieb bei -60\u00b0C, typischerweise unter Verwendung eines keramischen DIL-Geh\u00e4uses oder eines thermoelektrischen (TE) gek\u00fchlten Geh\u00e4uses. Mit einer Spitzenquanteneffizienz von \u226585% bietet er eine hervorragende Photonensammeleffizienz f\u00fcr anspruchsvolle spektrale und analytische Anwendungen.<\/p>\n<p data-start=\"1728\" data-end=\"2079\"><img data-dominant-color=\"e5ddc0\" data-has-transparency=\"false\" style=\"--dominant-color: #e5ddc0;\" fetchpriority=\"high\" decoding=\"async\" class=\"aligncenter wp-image-6279 size-full not-transparent\" src=\"https:\/\/meskernel.net\/wp-content\/uploads\/2025\/11\/2000\u00d7256-Elemente-Hintergrundbeleuchteter-CCD-Sensor.webp\" alt=\"2000\u00d7256 Elemente r\u00fcckseitig beleuchteter CCD-Sensor\" width=\"800\" height=\"800\" srcset=\"\" sizes=\"(max-width: 800px) 100vw, 800px\" data-srcset=\"\" \/><\/p>\n<hr data-start=\"2081\" data-end=\"2084\" \/>\n<h2 data-start=\"2086\" data-end=\"2105\"><strong data-start=\"2089\" data-end=\"2105\">Wesentliche Merkmale<\/strong><\/h2>\n<ul data-start=\"2106\" data-end=\"2527\">\n<li data-start=\"2106\" data-end=\"2186\">\n<p data-start=\"2108\" data-end=\"2186\"><strong data-start=\"2108\" data-end=\"2138\">R\u00fcckseitig beleuchtete Struktur<\/strong> f\u00fcr hohe Quanteneffizienz (\u226580%, Spitze \u226585%)<\/p>\n<\/li>\n<li data-start=\"2187\" data-end=\"2256\">\n<p data-start=\"2189\" data-end=\"2256\"><strong data-start=\"2189\" data-end=\"2224\">Spektroskopischer Vollformatsensor<\/strong> mit gro\u00dfem 15-\u03bcm-Pixel-Design<\/p>\n<\/li>\n<li data-start=\"2257\" data-end=\"2321\">\n<p data-start=\"2259\" data-end=\"2321\"><strong data-start=\"2259\" data-end=\"2286\">Geringes Ausleserauschen \u22647 e-<\/strong> f\u00fcr pr\u00e4zise Erkennung bei schlechten Lichtverh\u00e4ltnissen<\/p>\n<\/li>\n<li data-start=\"2322\" data-end=\"2373\">\n<p data-start=\"2324\" data-end=\"2373\"><strong data-start=\"2324\" data-end=\"2371\">Ausgezeichnetes niedriges Dunkelsignal \u2264<\/strong>0,3 e-\/Pixel\/Sekunde<\/p>\n<\/li>\n<li data-start=\"2374\" data-end=\"2439\">\n<p data-start=\"2376\" data-end=\"2439\"><strong data-start=\"2376\" data-end=\"2412\">Hohe Volltankkapazit\u00e4t \u2265<\/strong>150 ke<strong data-start=\"2376\" data-end=\"2412\">\u207b<\/strong> f\u00fcr hohen Dynamikbereich<\/p>\n<\/li>\n<li data-start=\"2440\" data-end=\"2489\">\n<p data-start=\"2442\" data-end=\"2489\"><strong data-start=\"2442\" data-end=\"2487\">Schnelle Spektrenerfassung - <\/strong>bis zu 100 fps<\/p>\n<\/li>\n<li data-start=\"2490\" data-end=\"2527\">\n<p data-start=\"2492\" data-end=\"2527\"><strong data-start=\"2492\" data-end=\"2511\">Hohe Gleichm\u00e4\u00dfigkeit<\/strong> mit PRNU \u22641%<\/p>\n<\/li>\n<\/ul>\n<hr data-start=\"2529\" data-end=\"2532\" \/>\n<h2 data-start=\"2534\" data-end=\"2561\"><strong data-start=\"2537\" data-end=\"2561\">Typische Anwendungen<\/strong><\/h2>\n<ul data-start=\"2562\" data-end=\"2832\">\n<li data-start=\"2562\" data-end=\"2605\">\n<p data-start=\"2564\" data-end=\"2605\">UV-VIS-NIR-Spektroskopieger\u00e4te<\/p>\n<\/li>\n<li data-start=\"2606\" data-end=\"2628\">\n<p data-start=\"2608\" data-end=\"2628\">Raman-Spektroskopie<\/p>\n<\/li>\n<li data-start=\"2629\" data-end=\"2654\">\n<p data-start=\"2631\" data-end=\"2654\">Fluoreszenz-Analyse<\/p>\n<\/li>\n<li data-start=\"2655\" data-end=\"2685\">\n<p data-start=\"2657\" data-end=\"2685\">Wissenschaftliche Bildgebungssysteme<\/p>\n<\/li>\n<li data-start=\"2686\" data-end=\"2716\">\n<p data-start=\"2688\" data-end=\"2716\">Instrumentierung im Labor<\/p>\n<\/li>\n<li data-start=\"2717\" data-end=\"2762\">\n<p data-start=\"2719\" data-end=\"2762\">Optische Messger\u00e4te und Metrologieger\u00e4te<\/p>\n<\/li>\n<li data-start=\"2763\" data-end=\"2832\">\n<p data-start=\"2765\" data-end=\"2832\">OEM-Analyseger\u00e4te, die hochempfindliche CCD-Detektoren erfordern<\/p>\n<\/li>\n<\/ul>\n<hr data-start=\"2834\" data-end=\"2837\" \/>\n<h2 data-start=\"2839\" data-end=\"2872\"><strong data-start=\"2842\" data-end=\"2870\">Technische Daten<\/strong><\/h2>\n<div class=\"_tableContainer_1rjym_1\">\n<div class=\"group _tableWrapper_1rjym_13 flex w-fit flex-col-reverse\" tabindex=\"-1\">\n<table class=\"w-fit min-w-(--thread-content-width)\" data-start=\"2873\" data-end=\"3343\">\n<thead data-start=\"2873\" data-end=\"2902\">\n<tr data-start=\"2873\" data-end=\"2902\">\n<th data-start=\"2873\" data-end=\"2889\" data-col-size=\"sm\"><strong data-start=\"2875\" data-end=\"2888\">Parameter<\/strong><\/th>\n<th data-start=\"2889\" data-end=\"2902\" data-col-size=\"sm\"><strong data-start=\"2891\" data-end=\"2900\">Wert<\/strong><\/th>\n<\/tr>\n<\/thead>\n<tbody data-start=\"2933\" data-end=\"3343\">\n<tr data-start=\"2933\" data-end=\"2971\">\n<td data-start=\"2933\" data-end=\"2949\" data-col-size=\"sm\">Aktive Pixel<\/td>\n<td data-col-size=\"sm\" data-start=\"2949\" data-end=\"2971\">2000 (H) \u00d7 256 (V)<\/td>\n<\/tr>\n<tr data-start=\"2972\" data-end=\"3002\">\n<td data-start=\"2972\" data-end=\"2985\" data-col-size=\"sm\">Pixelgr\u00f6\u00dfe<\/td>\n<td data-col-size=\"sm\" data-start=\"2985\" data-end=\"3002\">15 \u03bcm \u00d7 15 \u03bcm<\/td>\n<\/tr>\n<tr data-start=\"3003\" data-end=\"3041\">\n<td data-start=\"3003\" data-end=\"3023\" data-col-size=\"sm\">Aktiver Bildbereich<\/td>\n<td data-col-size=\"sm\" data-start=\"3023\" data-end=\"3041\">30 mm \u00d7 3,8 mm<\/td>\n<\/tr>\n<tr data-start=\"3042\" data-end=\"3073\">\n<td data-start=\"3042\" data-end=\"3059\" data-col-size=\"sm\">Betriebsart<\/td>\n<td data-col-size=\"sm\" data-start=\"3059\" data-end=\"3073\">Vollbild<\/td>\n<\/tr>\n<tr data-start=\"3074\" data-end=\"3107\">\n<td data-start=\"3074\" data-end=\"3095\" data-col-size=\"sm\">Fassungsverm\u00f6gen des Vollschachts<\/td>\n<td data-col-size=\"sm\" data-start=\"3095\" data-end=\"3107\">\u2265150 ke-<\/td>\n<\/tr>\n<tr data-start=\"3108\" data-end=\"3149\">\n<td data-start=\"3108\" data-end=\"3137\" data-col-size=\"sm\">S\u00e4ttigung des Ausgangsregisters<\/td>\n<td data-col-size=\"sm\" data-start=\"3137\" data-end=\"3149\">\u2265300 ke-<\/td>\n<\/tr>\n<tr data-start=\"3150\" data-end=\"3175\">\n<td data-start=\"3150\" data-end=\"3166\" data-col-size=\"sm\">Ausleserauschen<\/td>\n<td data-col-size=\"sm\" data-start=\"3166\" data-end=\"3175\">\u22647 e-<\/td>\n<\/tr>\n<tr data-start=\"3176\" data-end=\"3212\">\n<td data-start=\"3176\" data-end=\"3191\" data-col-size=\"sm\">Dunkler Strom<\/td>\n<td data-col-size=\"sm\" data-start=\"3191\" data-end=\"3212\">\u22640,3 e-\/Pixel\/sec<\/td>\n<\/tr>\n<tr data-start=\"3213\" data-end=\"3255\">\n<td data-start=\"3213\" data-end=\"3247\" data-col-size=\"sm\">Quanteneffizienz (540-700 nm)<\/td>\n<td data-col-size=\"sm\" data-start=\"3247\" data-end=\"3255\">\u226580%<\/td>\n<\/tr>\n<tr data-start=\"3256\" data-end=\"3290\">\n<td data-start=\"3256\" data-end=\"3282\" data-col-size=\"sm\">Maximale Quanteneffizienz<\/td>\n<td data-col-size=\"sm\" data-start=\"3282\" data-end=\"3290\">\u226585%<\/td>\n<\/tr>\n<tr data-start=\"3291\" data-end=\"3328\">\n<td data-start=\"3291\" data-end=\"3317\" data-col-size=\"sm\">Maximale spektrale Bildrate<\/td>\n<td data-col-size=\"sm\" data-start=\"3317\" data-end=\"3328\">100 fps<\/td>\n<\/tr>\n<tr data-start=\"3329\" data-end=\"3343\">\n<td data-start=\"3329\" data-end=\"3336\" data-col-size=\"sm\">PRNU<\/td>\n<td data-start=\"3336\" data-end=\"3343\" data-col-size=\"sm\">\u22641%<\/td>\n<\/tr>\n<\/tbody>\n<\/table>\n<\/div>\n<\/div>\n<hr data-start=\"3345\" data-end=\"3348\" \/>\n<h2 data-start=\"3350\" data-end=\"3401\"><strong data-start=\"3353\" data-end=\"3401\">Warum sollten Sie sich f\u00fcr diesen r\u00fcckw\u00e4rtig beleuchteten CCD-Sensor entscheiden?<\/strong><\/h2>\n<p data-start=\"3402\" data-end=\"3740\">F\u00fcr Ger\u00e4tehersteller und Forschungsentwickler, die eine hohe Genauigkeit, ein geringes Rauschen und eine hervorragende spektrale Empfindlichkeit suchen, bietet dieser CCD eine der kosteneffizientesten und stabilsten L\u00f6sungen. Die hohe QE und das geringe Rauschen gew\u00e4hrleisten eine zuverl\u00e4ssige Leistung in der Spektroskopie, bei Laborger\u00e4ten und OEM-Sensorplattformen.<\/p>\n<p data-start=\"3742\" data-end=\"3939\">Der Sensor eignet sich auch f\u00fcr Kunden, die CCD-Sensoren kaufen, OEM-CCD-Module integrieren oder vorhandene Spektrometerdetektoren mit einem hochempfindlichen r\u00fcckbeleuchteten CCD aufr\u00fcsten m\u00f6chten.<\/p>\n<hr data-start=\"3941\" data-end=\"3944\" \/>\n<h2 data-start=\"3946\" data-end=\"3978\"><strong data-start=\"3949\" data-end=\"3978\">Integration und OEM-Unterst\u00fctzung<\/strong><\/h2>\n<p data-start=\"3979\" data-end=\"3990\">Wir bieten:<\/p>\n<ul data-start=\"3991\" data-end=\"4118\">\n<li data-start=\"3991\" data-end=\"4019\">\n<p data-start=\"3993\" data-end=\"4019\">OEM-Modul-Anpassung<\/p>\n<\/li>\n<li data-start=\"4020\" data-end=\"4049\">\n<p data-start=\"4022\" data-end=\"4049\">TE-gek\u00fchlte Paketoptionen<\/p>\n<\/li>\n<li data-start=\"4050\" data-end=\"4118\">\n<p data-start=\"4052\" data-end=\"4118\">Langfristige Lieferunterst\u00fctzung f\u00fcr industrielle und wissenschaftliche Kunden<\/p>\n<\/li>\n<\/ul>\n<p data-start=\"4120\" data-end=\"4191\">Kontaktieren Sie uns f\u00fcr technische Muster, Preise oder technische Beratung.<\/p>","protected":false},"excerpt":{"rendered":"<p>Kaufen Sie einen leistungsstarken 2000\u00d7256 back-illuminated CCD-Sensor f\u00fcr Spektroskopie, Raman und wissenschaftliche optische Messungen. Geringes Rauschen, hohe QE und zuverl\u00e4ssige Vollbild-Detektion f\u00fcr die Integration von OEM-Instrumenten.<\/p>","protected":false},"featured_media":6279,"template":"","meta":{"site-sidebar-layout":"default","site-content-layout":"","ast-site-content-layout":"default","site-content-style":"default","site-sidebar-style":"default","ast-global-header-display":"","ast-banner-title-visibility":"","ast-main-header-display":"","ast-hfb-above-header-display":"","ast-hfb-below-header-display":"","ast-hfb-mobile-header-display":"","site-post-title":"","ast-breadcrumbs-content":"","ast-featured-img":"","footer-sml-layout":"","ast-disable-related-posts":"","theme-transparent-header-meta":"default","adv-header-id-meta":"","stick-header-meta":"","header-above-stick-meta":"","header-main-stick-meta":"","header-below-stick-meta":"","astra-migrate-meta-layouts":"set","ast-page-background-enabled":"default","ast-page-background-meta":{"desktop":{"background-color":"var(--ast-global-color-4)","background-image":"","background-repeat":"repeat","background-position":"center center","background-size":"auto","background-attachment":"scroll","background-type":"","background-media":"","overlay-type":"","overlay-color":"","overlay-opacity":"","overlay-gradient":""},"tablet":{"background-color":"","background-image":"","background-repeat":"repeat","background-position":"center center","background-size":"auto","background-attachment":"scroll","background-type":"","background-media":"","overlay-type":"","overlay-color":"","overlay-opacity":"","overlay-gradient":""},"mobile":{"background-color":"","background-image":"","background-repeat":"repeat","background-position":"center center","background-size":"auto","background-attachment":"scroll","background-type":"","background-media":"","overlay-type":"","overlay-color":"","overlay-opacity":"","overlay-gradient":""}},"ast-content-background-meta":{"desktop":{"background-color":"var(--ast-global-color-5)","background-image":"","background-repeat":"repeat","background-position":"center center","background-size":"auto","background-attachment":"scroll","background-type":"","background-media":"","overlay-type":"","overlay-color":"","overlay-opacity":"","overlay-gradient":""},"tablet":{"background-color":"var(--ast-global-color-5)","background-image":"","background-repeat":"repeat","background-position":"center center","background-size":"auto","background-attachment":"scroll","background-type":"","background-media":"","overlay-type":"","overlay-color":"","overlay-opacity":"","overlay-gradient":""},"mobile":{"background-color":"var(--ast-global-color-5)","background-image":"","background-repeat":"repeat","background-position":"center center","background-size":"auto","background-attachment":"scroll","background-type":"","background-media":"","overlay-type":"","overlay-color":"","overlay-opacity":"","overlay-gradient":""}}},"product_brand":[],"product_cat":[62],"product_tag":[],"class_list":{"0":"post-6278","1":"product","2":"type-product","3":"status-publish","4":"has-post-thumbnail","6":"product_cat-detectors-components","7":"desktop-align-center","8":"tablet-align-left","9":"mobile-align-left","11":"first","12":"instock","13":"shipping-taxable","14":"product-type-simple"},"_links":{"self":[{"href":"https:\/\/meskernel.net\/de\/wp-json\/wp\/v2\/product\/6278","targetHints":{"allow":["GET"]}}],"collection":[{"href":"https:\/\/meskernel.net\/de\/wp-json\/wp\/v2\/product"}],"about":[{"href":"https:\/\/meskernel.net\/de\/wp-json\/wp\/v2\/types\/product"}],"version-history":[{"count":0,"href":"https:\/\/meskernel.net\/de\/wp-json\/wp\/v2\/product\/6278\/revisions"}],"wp:featuredmedia":[{"embeddable":true,"href":"https:\/\/meskernel.net\/de\/wp-json\/wp\/v2\/media\/6279"}],"wp:attachment":[{"href":"https:\/\/meskernel.net\/de\/wp-json\/wp\/v2\/media?parent=6278"}],"wp:term":[{"taxonomy":"product_brand","embeddable":true,"href":"https:\/\/meskernel.net\/de\/wp-json\/wp\/v2\/product_brand?post=6278"},{"taxonomy":"product_cat","embeddable":true,"href":"https:\/\/meskernel.net\/de\/wp-json\/wp\/v2\/product_cat?post=6278"},{"taxonomy":"product_tag","embeddable":true,"href":"https:\/\/meskernel.net\/de\/wp-json\/wp\/v2\/product_tag?post=6278"}],"curies":[{"name":"wp","href":"https:\/\/api.w.org\/{rel}","templated":true}]}}