{"id":6318,"date":"2025-11-24T14:25:09","date_gmt":"2025-11-24T06:25:09","guid":{"rendered":"https:\/\/meskernel.net\/?post_type=product&#038;p=6318"},"modified":"2026-03-03T15:12:59","modified_gmt":"2026-03-03T07:12:59","slug":"grunes-laserentfernungsmodul","status":"publish","type":"product","link":"https:\/\/meskernel.net\/de\/product\/green-beam-laser-distance-module\/","title":{"rendered":"50-Meter-Laser-Distanzmodul mit gr\u00fcnem Strahl und kompakter Gr\u00f6\u00dfe f\u00fcr die Getreidelagerung"},"content":{"rendered":"<h2 data-start=\"386\" data-end=\"460\"><strong data-start=\"389\" data-end=\"458\">Micro Green Beam Laser Distance Modul - Kompakte Leistung, industrielle Pr\u00e4zision<\/strong><\/h2>\n<p data-start=\"462\" data-end=\"878\">Mit dem Green Beam Laser Distance Module, einem hochpr\u00e4zisen Laser-Distanzsensormodul der neuesten Generation von Chengdu Meskernel Integrated Technology Co. Ltd.  Dieses Mikro-Laser-Distanzsensormodul wurde f\u00fcr die Integration in gr\u00f6\u00dfen- und gewichtsempfindliche Systeme entwickelt und bietet au\u00dfergew\u00f6hnliche Genauigkeit, schnelle Reaktion und Zuverl\u00e4ssigkeit in Industriequalit\u00e4t - und das alles in einem Geh\u00e4use von nur 2 Gramm Gewicht.<img data-dominant-color=\"c6ced1\" data-has-transparency=\"false\" style=\"--dominant-color: #c6ced1;\" fetchpriority=\"high\" decoding=\"async\" class=\"alignleft wp-image-6319 size-full not-transparent\" src=\"https:\/\/meskernel.net\/wp-content\/uploads\/2025\/11\/Green-beam-laser-distance-module.webp\" alt=\"Laserentfernungsmodul mit gr\u00fcnem Strahl\" width=\"1920\" height=\"800\" srcset=\"https:\/\/meskernel.net\/wp-content\/uploads\/2025\/11\/Green-beam-laser-distance-module.webp 1920w, https:\/\/meskernel.net\/wp-content\/uploads\/2025\/11\/Green-beam-laser-distance-module-300x125.webp 300w, https:\/\/meskernel.net\/wp-content\/uploads\/2025\/11\/Green-beam-laser-distance-module-1024x427.webp 1024w, https:\/\/meskernel.net\/wp-content\/uploads\/2025\/11\/Green-beam-laser-distance-module-768x320.webp 768w, https:\/\/meskernel.net\/wp-content\/uploads\/2025\/11\/Green-beam-laser-distance-module-1536x640.webp 1536w, https:\/\/meskernel.net\/wp-content\/uploads\/2025\/11\/Green-beam-laser-distance-module-18x8.webp 18w, https:\/\/meskernel.net\/wp-content\/uploads\/2025\/11\/Green-beam-laser-distance-module-400x167.webp 400w\" sizes=\"(max-width: 1920px) 100vw, 1920px\" \/><\/p>\n<p>&nbsp;<\/p>\n<h3 data-start=\"885\" data-end=\"916\"><strong data-start=\"889\" data-end=\"914\">Warum sollten Sie sich f\u00fcr das Green Beam Laser Distance Modul entscheiden?<\/strong><\/h3>\n<p><img data-dominant-color=\"d2cac9\" data-has-transparency=\"false\" style=\"--dominant-color: #d2cac9;\" decoding=\"async\" class=\"wp-image-5545 size-full aligncenter not-transparent\" src=\"https:\/\/meskernel.net\/wp-content\/uploads\/2025\/08\/Micro-Laser-Distance-Sensor-LDL-T-Module-2.webp\" alt=\"Mikro-Laser-Abstandssensor LDL-T Modul -2\" width=\"490\" height=\"492\" srcset=\"https:\/\/meskernel.net\/wp-content\/uploads\/2025\/08\/Micro-Laser-Distance-Sensor-LDL-T-Module-2.webp 490w, https:\/\/meskernel.net\/wp-content\/uploads\/2025\/08\/Micro-Laser-Distance-Sensor-LDL-T-Module-2-300x300.webp 300w, https:\/\/meskernel.net\/wp-content\/uploads\/2025\/08\/Micro-Laser-Distance-Sensor-LDL-T-Module-2-150x150.webp 150w, https:\/\/meskernel.net\/wp-content\/uploads\/2025\/08\/Micro-Laser-Distance-Sensor-LDL-T-Module-2-12x12.webp 12w, https:\/\/meskernel.net\/wp-content\/uploads\/2025\/08\/Micro-Laser-Distance-Sensor-LDL-T-Module-2-400x402.webp 400w, https:\/\/meskernel.net\/wp-content\/uploads\/2025\/08\/Micro-Laser-Distance-Sensor-LDL-T-Module-2-100x100.webp 100w\" sizes=\"(max-width: 490px) 100vw, 490px\" \/><\/p>\n<p>&nbsp;<\/p>\n<h4 data-start=\"918\" data-end=\"960\"><\/h4>\n<h4 data-start=\"918\" data-end=\"960\"><strong data-start=\"923\" data-end=\"958\">1. Ultra-kompakt &amp; federleicht<\/strong><\/h4>\n<p data-start=\"961\" data-end=\"1115\">Mit den Ma\u00dfen 27,87 \u00d7 16,57 \u00d7 7,01 mm und einem Gewicht von nur 2 g passt das Green Beam Laser Distance Module m\u00fchelos in UAVs, AGVs, Handger\u00e4te und andere Ger\u00e4te mit begrenztem Platzangebot.<\/p>\n<h4 data-start=\"1117\" data-end=\"1156\"><strong data-start=\"1122\" data-end=\"1154\">2. Hohe Genauigkeit, gro\u00dfe Reichweite<\/strong><\/h4>\n<ul data-start=\"1157\" data-end=\"1335\">\n<li data-start=\"1157\" data-end=\"1193\">\n<p data-start=\"1159\" data-end=\"1193\">Messbereich<strong data-start=\"1159\" data-end=\"1181\">:<\/strong> 0.03-80 m<\/p>\n<\/li>\n<li data-start=\"1194\" data-end=\"1270\">\n<p data-start=\"1196\" data-end=\"1270\">Pr\u00e4zision<strong data-start=\"1196\" data-end=\"1210\">:<\/strong> \u00b11 mm auch bei geringer Reflektivit\u00e4t oder hellem Licht<\/p>\n<\/li>\n<li data-start=\"1271\" data-end=\"1335\">\n<p data-start=\"1273\" data-end=\"1335\">Zuverl\u00e4ssige Messwerte f\u00fcr Aufgaben mit kurzer und langer Reichweite.<\/p>\n<\/li>\n<\/ul>\n<h4 data-start=\"1337\" data-end=\"1377\"><strong data-start=\"1342\" data-end=\"1375\">3. Blitzschnelle Messung<\/strong><\/h4>\n<ul data-start=\"1378\" data-end=\"1511\">\n<li data-start=\"1378\" data-end=\"1436\">\n<p data-start=\"1380\" data-end=\"1436\">Frequenz<strong data-start=\"1380\" data-end=\"1394\">:<\/strong> Bis zu 30 Hz f\u00fcr Echtzeitanwendungen.<\/p>\n<\/li>\n<li data-start=\"1437\" data-end=\"1511\">\n<p data-start=\"1439\" data-end=\"1511\">Perfekt f\u00fcr bewegliche Ziele, Automatisierungslinien und die Navigation in der Robotik.<\/p>\n<\/li>\n<\/ul>\n<h4 data-start=\"1513\" data-end=\"1550\"><strong data-start=\"1518\" data-end=\"1548\">4. Energieeffizientes Design<\/strong><\/h4>\n<ul data-start=\"1551\" data-end=\"1682\">\n<li data-start=\"1551\" data-end=\"1614\">\n<p data-start=\"1553\" data-end=\"1614\">Geringer Stromverbrauch, ideal f\u00fcr batteriebetriebene Systeme.<\/p>\n<\/li>\n<li data-start=\"1615\" data-end=\"1682\">\n<p data-start=\"1617\" data-end=\"1682\">Kompatibel mit Trockenzellen- und Lithiumzellen-Stromversorgungen.<\/p>\n<\/li>\n<\/ul>\n<h4 data-start=\"1684\" data-end=\"1719\"><strong data-start=\"1689\" data-end=\"1717\">5. Flexible Konnektivit\u00e4t<\/strong><\/h4>\n<ul data-start=\"1720\" data-end=\"1850\">\n<li data-start=\"1720\" data-end=\"1776\">\n<p data-start=\"1722\" data-end=\"1776\">Mehrere Schnittstellenoptionen: USART, RS232, RS485.<\/p>\n<\/li>\n<li data-start=\"1777\" data-end=\"1850\">\n<p data-start=\"1779\" data-end=\"1850\">Einstellbare Baudraten f\u00fcr nahtlose Integration in bestehende Systeme.<\/p>\n<\/li>\n<\/ul>\n<h4 data-start=\"1852\" data-end=\"1892\"><strong data-start=\"1857\" data-end=\"1890\">6. Bew\u00e4hrte Sicherheit und Konformit\u00e4t<\/strong><\/h4>\n<ul data-start=\"1893\" data-end=\"2030\">\n<li data-start=\"1893\" data-end=\"1964\">\n<p data-start=\"1895\" data-end=\"1964\">Sichtbarer roter Laser der Klasse II, sicher f\u00fcr den industriellen und gewerblichen Einsatz.<\/p>\n<\/li>\n<li data-start=\"1965\" data-end=\"2030\">\n<p data-start=\"1967\" data-end=\"2030\">Zertifiziert nach CE \/ FCC \/ RoHS \/ FDA f\u00fcr weltweite Konformit\u00e4t.<\/p>\n<\/li>\n<\/ul>\n<h4 data-start=\"2032\" data-end=\"2077\"><strong data-start=\"2037\" data-end=\"2075\">7. Anpassung an Ihre Bed\u00fcrfnisse<\/strong><\/h4>\n<p data-start=\"2078\" data-end=\"2223\">Ben\u00f6tigen Sie spezielle Einstellungen f\u00fcr Reichweite, Genauigkeit oder Kommunikation? Meskernel bietet eine vollst\u00e4ndige Anpassung an Ihre genauen Anwendungsanforderungen.<\/p>\n<hr data-start=\"2225\" data-end=\"2228\" \/>\n<h3 data-start=\"2230\" data-end=\"2260\"><strong data-start=\"2234\" data-end=\"2258\">Typische Anwendungen<\/strong><\/h3>\n<ul data-start=\"2261\" data-end=\"2647\">\n<li data-start=\"2261\" data-end=\"2340\">\n<p data-start=\"2263\" data-end=\"2340\"><strong data-start=\"2263\" data-end=\"2288\">Industrielle Automatisierung<\/strong> - Positionierung, Objekterkennung, Maschinensteuerung.<\/p>\n<\/li>\n<li data-start=\"2341\" data-end=\"2416\">\n<p data-start=\"2343\" data-end=\"2416\"><strong data-start=\"2343\" data-end=\"2364\">Drohnen &amp; Robotik<\/strong> - Hindernisvermeidung, H\u00f6henkontrolle, Navigation.<\/p>\n<\/li>\n<li data-start=\"2417\" data-end=\"2480\">\n<p data-start=\"2419\" data-end=\"2480\"><strong data-start=\"2419\" data-end=\"2442\">Vermessung und Kartierung<\/strong> - Hochpr\u00e4zise Feldmessungen.<\/p>\n<\/li>\n<li data-start=\"2481\" data-end=\"2565\">\n<p data-start=\"2483\" data-end=\"2565\"><strong data-start=\"2483\" data-end=\"2502\">Intelligente Logistik<\/strong> - Automatisierte Abstandskontrolle f\u00fcr F\u00f6rderb\u00e4nder und Lager.<\/p>\n<\/li>\n<li data-start=\"2566\" data-end=\"2647\">\n<p data-start=\"2568\" data-end=\"2647\"><strong data-start=\"2568\" data-end=\"2588\">Tragbare Ger\u00e4te<\/strong> - Integration in handgehaltene oder tragbare Messger\u00e4te.<\/p>\n<\/li>\n<\/ul>\n<p><img data-dominant-color=\"858580\" data-has-transparency=\"false\" style=\"--dominant-color: #858580;\" decoding=\"async\" class=\"wp-image-4226 size-full aligncenter not-transparent\" src=\"https:\/\/meskernel.net\/wp-content\/uploads\/2025\/04\/height-measurement-sensor.webp\" alt=\"\" width=\"716\" height=\"291\" srcset=\"https:\/\/meskernel.net\/wp-content\/uploads\/2025\/04\/height-measurement-sensor.webp 716w, https:\/\/meskernel.net\/wp-content\/uploads\/2025\/04\/height-measurement-sensor-300x122.webp 300w, https:\/\/meskernel.net\/wp-content\/uploads\/2025\/04\/height-measurement-sensor-400x163.webp 400w\" sizes=\"(max-width: 716px) 100vw, 716px\" \/><\/p>\n<hr data-start=\"2649\" data-end=\"2652\" \/>\n<h3 data-start=\"2654\" data-end=\"2684\"><strong data-start=\"2658\" data-end=\"2682\">Technische H\u00f6hepunkte<\/strong><\/h3>\n<div class=\"_tableContainer_1rjym_1\">\n<div class=\"_tableWrapper_1rjym_13 group flex w-fit flex-col-reverse\" tabindex=\"-1\">\n<table class=\"w-fit min-w-(--thread-content-width)\" data-start=\"2685\" data-end=\"3074\">\n<thead data-start=\"2685\" data-end=\"2722\">\n<tr data-start=\"2685\" data-end=\"2722\">\n<th data-start=\"2685\" data-end=\"2705\" data-col-size=\"sm\">Merkmal<\/th>\n<th data-start=\"2705\" data-end=\"2722\" data-col-size=\"sm\">Spezifikation<\/th>\n<\/tr>\n<\/thead>\n<tbody data-start=\"2760\" data-end=\"3074\">\n<tr data-start=\"2760\" data-end=\"2793\">\n<td data-start=\"2760\" data-end=\"2780\" data-col-size=\"sm\">Bereich<\/td>\n<td data-col-size=\"sm\" data-start=\"2780\" data-end=\"2793\">0.03-80 m<\/td>\n<\/tr>\n<tr data-start=\"2794\" data-end=\"2823\">\n<td data-start=\"2794\" data-end=\"2814\" data-col-size=\"sm\">Genauigkeit<\/td>\n<td data-col-size=\"sm\" data-start=\"2814\" data-end=\"2823\">\u00b11 mm<\/td>\n<\/tr>\n<tr data-start=\"2824\" data-end=\"2859\">\n<td data-start=\"2824\" data-end=\"2844\" data-col-size=\"sm\">Frequenz<\/td>\n<td data-col-size=\"sm\" data-start=\"2844\" data-end=\"2859\">Bis zu 30 Hz<\/td>\n<\/tr>\n<tr data-start=\"2860\" data-end=\"2908\">\n<td data-start=\"2860\" data-end=\"2880\" data-col-size=\"sm\">Laser-Typ<\/td>\n<td data-col-size=\"sm\" data-start=\"2880\" data-end=\"2908\">610-690 nm (sichtbares Rot)<\/td>\n<\/tr>\n<tr data-start=\"2909\" data-end=\"2956\">\n<td data-start=\"2909\" data-end=\"2929\" data-col-size=\"sm\">Abmessungen<\/td>\n<td data-col-size=\"sm\" data-start=\"2929\" data-end=\"2956\">27,87 \u00d7 16,57 \u00d7 7,01 mm<\/td>\n<\/tr>\n<tr data-start=\"2957\" data-end=\"2984\">\n<td data-start=\"2957\" data-end=\"2977\" data-col-size=\"sm\">Gewicht<\/td>\n<td data-col-size=\"sm\" data-start=\"2977\" data-end=\"2984\">2 g<\/td>\n<\/tr>\n<tr data-start=\"2985\" data-end=\"3028\">\n<td data-start=\"2985\" data-end=\"3005\" data-col-size=\"sm\">Schnittstellen<\/td>\n<td data-col-size=\"sm\" data-start=\"3005\" data-end=\"3028\">USART, RS232, RS485<\/td>\n<\/tr>\n<tr data-start=\"3029\" data-end=\"3074\">\n<td data-start=\"3029\" data-end=\"3049\" data-col-size=\"sm\">Zertifizierungen<\/td>\n<td data-col-size=\"sm\" data-start=\"3049\" data-end=\"3074\">CE \/ FCC \/ RoHS \/ FDA<\/td>\n<\/tr>\n<\/tbody>\n<\/table>\n<\/div>\n<\/div>\n<hr data-start=\"3076\" data-end=\"3079\" \/>\n<p data-start=\"3081\" data-end=\"3399\">Das Green Beam Laser Distance Module ist die perfekte Wahl f\u00fcr Ingenieure, OEMs und Innovatoren, die Miniaturgr\u00f6\u00dfe mit maximaler Messleistung kombinieren m\u00f6chten. Ganz gleich, ob Sie Industrieanlagen, Roboter oder intelligente Ger\u00e4te bauen, dieses Laserdistanzmodul bietet Geschwindigkeit, Pr\u00e4zision und Haltbarkeit, auf die Sie sich verlassen k\u00f6nnen.<\/p>\n<p class=\"elementor-heading-title elementor-size-default\"><a href=\"https:\/\/meskernel.net\/de\/gruner-laser-vs-roter-laser\/\">Gr\u00fcner Laser vs. Roter Laser: 6 Hauptunterschiede bei der Wahl des besten Sensors<\/a><\/p>\n<p data-start=\"3401\" data-end=\"3555\">\ud83d\udce9 <a href=\"https:\/\/meskernel.net\/de\/kontakt\/\"><strong data-start=\"3404\" data-end=\"3445\">Erkundigen Sie sich jetzt nach Preisen und OEM-Optionen<\/strong><\/a><\/p>","protected":false},"excerpt":{"rendered":"<p>Das Green Beam Laserdistanzmodul ist ein miniaturisierter, hochpr\u00e4ziser 1mm-Laserdistanzsensor mit einer Reichweite von bis zu 80 Metern. Ultrakompaktes 2g-Laserdistanzmodul mit \u00b11mm Genauigkeit, 0,03-80m Reichweite, 30Hz Geschwindigkeit, geringem Stromverbrauch und industrietauglicher Zuverl\u00e4ssigkeit.<\/p>","protected":false},"featured_media":6320,"template":"","meta":{"site-sidebar-layout":"default","site-content-layout":"","ast-site-content-layout":"default","site-content-style":"default","site-sidebar-style":"default","ast-global-header-display":"","ast-banner-title-visibility":"","ast-main-header-display":"","ast-hfb-above-header-display":"","ast-hfb-below-header-display":"","ast-hfb-mobile-header-display":"","site-post-title":"","ast-breadcrumbs-content":"","ast-featured-img":"","footer-sml-layout":"","ast-disable-related-posts":"","theme-transparent-header-meta":"default","adv-header-id-meta":"","stick-header-meta":"","header-above-stick-meta":"","header-main-stick-meta":"","header-below-stick-meta":"","astra-migrate-meta-layouts":"set","ast-page-background-enabled":"default","ast-page-background-meta":{"desktop":{"background-color":"var(--ast-global-color-4)","background-image":"","background-repeat":"repeat","background-position":"center center","background-size":"auto","background-attachment":"scroll","background-type":"","background-media":"","overlay-type":"","overlay-color":"","overlay-opacity":"","overlay-gradient":""},"tablet":{"background-color":"","background-image":"","background-repeat":"repeat","background-position":"center center","background-size":"auto","background-attachment":"scroll","background-type":"","background-media":"","overlay-type":"","overlay-color":"","overlay-opacity":"","overlay-gradient":""},"mobile":{"background-color":"","background-image":"","background-repeat":"repeat","background-position":"center center","background-size":"auto","background-attachment":"scroll","background-type":"","background-media":"","overlay-type":"","overlay-color":"","overlay-opacity":"","overlay-gradient":""}},"ast-content-background-meta":{"desktop":{"background-color":"var(--ast-global-color-5)","background-image":"","background-repeat":"repeat","background-position":"center center","background-size":"auto","background-attachment":"scroll","background-type":"","background-media":"","overlay-type":"","overlay-color":"","overlay-opacity":"","overlay-gradient":""},"tablet":{"background-color":"var(--ast-global-color-5)","background-image":"","background-repeat":"repeat","background-position":"center center","background-size":"auto","background-attachment":"scroll","background-type":"","background-media":"","overlay-type":"","overlay-color":"","overlay-opacity":"","overlay-gradient":""},"mobile":{"background-color":"var(--ast-global-color-5)","background-image":"","background-repeat":"repeat","background-position":"center center","background-size":"auto","background-attachment":"scroll","background-type":"","background-media":"","overlay-type":"","overlay-color":"","overlay-opacity":"","overlay-gradient":""}}},"product_brand":[],"product_cat":[51],"product_tag":[56],"class_list":{"0":"post-6318","1":"product","2":"type-product","3":"status-publish","4":"has-post-thumbnail","6":"product_cat-laser-distance-sensor","7":"product_tag-hot","8":"desktop-align-center","9":"tablet-align-left","10":"mobile-align-left","12":"first","13":"instock","14":"shipping-taxable","15":"product-type-simple"},"_links":{"self":[{"href":"https:\/\/meskernel.net\/de\/wp-json\/wp\/v2\/product\/6318","targetHints":{"allow":["GET"]}}],"collection":[{"href":"https:\/\/meskernel.net\/de\/wp-json\/wp\/v2\/product"}],"about":[{"href":"https:\/\/meskernel.net\/de\/wp-json\/wp\/v2\/types\/product"}],"version-history":[{"count":0,"href":"https:\/\/meskernel.net\/de\/wp-json\/wp\/v2\/product\/6318\/revisions"}],"wp:featuredmedia":[{"embeddable":true,"href":"https:\/\/meskernel.net\/de\/wp-json\/wp\/v2\/media\/6320"}],"wp:attachment":[{"href":"https:\/\/meskernel.net\/de\/wp-json\/wp\/v2\/media?parent=6318"}],"wp:term":[{"taxonomy":"product_brand","embeddable":true,"href":"https:\/\/meskernel.net\/de\/wp-json\/wp\/v2\/product_brand?post=6318"},{"taxonomy":"product_cat","embeddable":true,"href":"https:\/\/meskernel.net\/de\/wp-json\/wp\/v2\/product_cat?post=6318"},{"taxonomy":"product_tag","embeddable":true,"href":"https:\/\/meskernel.net\/de\/wp-json\/wp\/v2\/product_tag?post=6318"}],"curies":[{"name":"wp","href":"https:\/\/api.w.org\/{rel}","templated":true}]}}