{"id":6426,"date":"2025-12-04T15:56:26","date_gmt":"2025-12-04T07:56:26","guid":{"rendered":"https:\/\/meskernel.net\/?post_type=product&#038;p=6426"},"modified":"2025-12-04T16:00:18","modified_gmt":"2025-12-04T08:00:18","slug":"rs232","status":"publish","type":"product","link":"https:\/\/meskernel.net\/de\/product\/rs232\/","title":{"rendered":"RS232 f\u00fcr Laser-Abstandssensor"},"content":{"rendered":"<h2>Serielles RS232-Schnittstellenmodul - Industrietaugliche Kommunikationsschnittstelle f\u00fcr Laser-Distanzsensoren<\/h2>\n<p data-start=\"405\" data-end=\"710\">Das Meskernel RS232 Serial Port Modul wurde f\u00fcr die nahtlose Integration zwischen <a href=\"https:\/\/meskernel.net\/de\/laser-distanz-sensor\/\">Laser-Distanzmessungs-Sensoren<\/a> und industrielle Steuerungssysteme. Mit seinen robusten Anti-Interferenz-Funktionen und seiner hohen Kompatibilit\u00e4t gew\u00e4hrleistet dieses Modul eine stabile Kommunikation \u00fcber gro\u00dfe Entfernungen in anspruchsvollen Umgebungen.<\/p>\n<p data-start=\"712\" data-end=\"848\">Es wurde f\u00fcr die Automatisierung, Robotik, UAVs und Pr\u00e4zisionsmesssysteme entwickelt und bietet eine zuverl\u00e4ssige Daten\u00fcbertragung bei minimaler Einrichtung.<\/p>\n<div id='gallery-1' class='gallery galleryid-6426 gallery-columns-2 gallery-size-full'><figure class='gallery-item'>\n\t\t\t<div class='gallery-icon landscape'>\n\t\t\t\t<a href='https:\/\/meskernel.net\/de\/?attachment_id=6430'><img fetchpriority=\"high\" decoding=\"async\" width=\"800\" height=\"800\" src=\"https:\/\/meskernel.net\/wp-content\/uploads\/2025\/12\/RS232-for-laser-sensor.webp\" class=\"attachment-full size-full not-transparent\" alt=\"\" srcset=\"https:\/\/meskernel.net\/wp-content\/uploads\/2025\/12\/RS232-for-laser-sensor.webp 800w, https:\/\/meskernel.net\/wp-content\/uploads\/2025\/12\/RS232-for-laser-sensor-300x300.webp 300w, https:\/\/meskernel.net\/wp-content\/uploads\/2025\/12\/RS232-for-laser-sensor-150x150.webp 150w, https:\/\/meskernel.net\/wp-content\/uploads\/2025\/12\/RS232-for-laser-sensor-768x768.webp 768w, https:\/\/meskernel.net\/wp-content\/uploads\/2025\/12\/RS232-for-laser-sensor-12x12.webp 12w, https:\/\/meskernel.net\/wp-content\/uploads\/2025\/12\/RS232-for-laser-sensor-400x400.webp 400w, https:\/\/meskernel.net\/wp-content\/uploads\/2025\/12\/RS232-for-laser-sensor-100x100.webp 100w\" sizes=\"(max-width: 800px) 100vw, 800px\" data-has-transparency=\"false\" data-dominant-color=\"dfdede\" style=\"--dominant-color: #dfdede;\"><\/a>\n\t\t\t<\/div><\/figure><figure class='gallery-item'>\n\t\t\t<div class='gallery-icon landscape'>\n\t\t\t\t<a href='https:\/\/meskernel.net\/de\/?attachment_id=6427'><img decoding=\"async\" width=\"800\" height=\"800\" src=\"https:\/\/meskernel.net\/wp-content\/uploads\/2025\/12\/RS232.webp\" class=\"attachment-full size-full not-transparent\" alt=\"RS232\" srcset=\"https:\/\/meskernel.net\/wp-content\/uploads\/2025\/12\/RS232.webp 800w, https:\/\/meskernel.net\/wp-content\/uploads\/2025\/12\/RS232-300x300.webp 300w, https:\/\/meskernel.net\/wp-content\/uploads\/2025\/12\/RS232-150x150.webp 150w, https:\/\/meskernel.net\/wp-content\/uploads\/2025\/12\/RS232-768x768.webp 768w, https:\/\/meskernel.net\/wp-content\/uploads\/2025\/12\/RS232-12x12.webp 12w, https:\/\/meskernel.net\/wp-content\/uploads\/2025\/12\/RS232-400x400.webp 400w, https:\/\/meskernel.net\/wp-content\/uploads\/2025\/12\/RS232-100x100.webp 100w\" sizes=\"(max-width: 800px) 100vw, 800px\" data-has-transparency=\"false\" data-dominant-color=\"d7e5e1\" style=\"--dominant-color: #d7e5e1;\" \/><\/a>\n\t\t\t<\/div><\/figure>\n\t\t<\/div>\n\n<hr data-start=\"850\" data-end=\"853\" \/>\n<h2 data-start=\"855\" data-end=\"874\"><strong data-start=\"858\" data-end=\"874\">Wesentliche Merkmale<\/strong><\/h2>\n<h3 data-start=\"876\" data-end=\"918\"><strong data-start=\"880\" data-end=\"918\">\u2713 Starke Anti-Interferenz-F\u00e4higkeit<\/strong><\/h3>\n<ul data-start=\"919\" data-end=\"1124\">\n<li data-start=\"919\" data-end=\"981\">\n<p data-start=\"921\" data-end=\"981\">Gebaut mit industrietauglicher Filterung und Abschirmung<\/p>\n<\/li>\n<li data-start=\"982\" data-end=\"1045\">\n<p data-start=\"984\" data-end=\"1045\">Gew\u00e4hrleistet eine stabile Daten\u00fcbertragung auch in lauten Umgebungen<\/p>\n<\/li>\n<li data-start=\"1046\" data-end=\"1124\">\n<p data-start=\"1048\" data-end=\"1124\">Geeignet f\u00fcr Fabrikautomation, Au\u00dfenmessungen und Ger\u00e4te mit hohem EMV-Anteil<\/p>\n<\/li>\n<\/ul>\n<h3 data-start=\"1126\" data-end=\"1159\"><strong data-start=\"1130\" data-end=\"1159\">\u2713 Ausgezeichnete Kompatibilit\u00e4t<\/strong><\/h3>\n<ul data-start=\"1160\" data-end=\"1287\">\n<li data-start=\"1160\" data-end=\"1210\">\n<p data-start=\"1162\" data-end=\"1210\">Unterst\u00fctzt Standard RS232 Kommunikationsprotokoll<\/p>\n<\/li>\n<li data-start=\"1211\" data-end=\"1287\">\n<p data-start=\"1213\" data-end=\"1287\">Kompatibel mit PLCs, IPCs, industriellen Steuerungen und eingebetteten Systemen<\/p>\n<\/li>\n<\/ul>\n<h3 data-start=\"1289\" data-end=\"1322\"><strong data-start=\"1293\" data-end=\"1322\">\u2713 Industrietaugliches Design<\/strong><\/h3>\n<ul data-start=\"1323\" data-end=\"1458\">\n<li data-start=\"1323\" data-end=\"1365\">\n<p data-start=\"1325\" data-end=\"1365\">Hochzuverl\u00e4ssige elektronische Komponenten<\/p>\n<\/li>\n<li data-start=\"1366\" data-end=\"1402\">\n<p data-start=\"1368\" data-end=\"1402\">Breiter Betriebstemperaturbereich<\/p>\n<\/li>\n<li data-start=\"1403\" data-end=\"1458\">\n<p data-start=\"1405\" data-end=\"1458\">Langlebiges PCB-Layout f\u00fcr den Langzeitbetrieb<\/p>\n<\/li>\n<\/ul>\n<h3 data-start=\"1460\" data-end=\"1497\"><strong data-start=\"1464\" data-end=\"1497\">\u2713 Einfach zu bedienen &amp; zu integrieren<\/strong><\/h3>\n<ul data-start=\"1498\" data-end=\"1630\">\n<li data-start=\"1498\" data-end=\"1525\">\n<p data-start=\"1500\" data-end=\"1525\">Plug-and-Play-Schnittstelle<\/p>\n<\/li>\n<li data-start=\"1526\" data-end=\"1568\">\n<p data-start=\"1528\" data-end=\"1568\">Klare Pin-Definitionen f\u00fcr eine schnelle Verdrahtung<\/p>\n<\/li>\n<li data-start=\"1569\" data-end=\"1630\">\n<p data-start=\"1571\" data-end=\"1630\">Keine komplexe Konfiguration - ideal f\u00fcr eine schnelle Projektbereitstellung<\/p>\n<\/li>\n<\/ul>\n<hr data-start=\"1632\" data-end=\"1635\" \/>\n<h2 data-start=\"1637\" data-end=\"1668\"><strong data-start=\"1640\" data-end=\"1668\">Technische Daten<\/strong><\/h2>\n<div class=\"TyagGW_tableContainer\">\n<div class=\"group TyagGW_tableWrapper flex w-fit flex-col-reverse\" tabindex=\"-1\">\n<table class=\"w-fit min-w-(--thread-content-width)\" data-start=\"1669\" data-end=\"2052\">\n<thead data-start=\"1669\" data-end=\"1698\">\n<tr data-start=\"1669\" data-end=\"1698\">\n<th data-start=\"1669\" data-end=\"1685\" data-col-size=\"sm\"><strong data-start=\"1671\" data-end=\"1684\">Parameter<\/strong><\/th>\n<th data-start=\"1685\" data-end=\"1698\" data-col-size=\"md\"><strong data-start=\"1687\" data-end=\"1696\">Wert<\/strong><\/th>\n<\/tr>\n<\/thead>\n<tbody data-start=\"1728\" data-end=\"2052\">\n<tr data-start=\"1728\" data-end=\"1766\">\n<td data-start=\"1728\" data-end=\"1745\" data-col-size=\"sm\">Schnittstelle Typ<\/td>\n<td data-col-size=\"md\" data-start=\"1745\" data-end=\"1766\">Serieller Anschluss RS232<\/td>\n<\/tr>\n<tr data-start=\"1767\" data-end=\"1798\">\n<td data-start=\"1767\" data-end=\"1779\" data-col-size=\"sm\">Baudrate<\/td>\n<td data-col-size=\"md\" data-start=\"1779\" data-end=\"1798\">9600-115200 bps<\/td>\n<\/tr>\n<tr data-start=\"1799\" data-end=\"1830\">\n<td data-start=\"1799\" data-end=\"1814\" data-col-size=\"sm\">Stromversorgung<\/td>\n<td data-col-size=\"md\" data-start=\"1814\" data-end=\"1830\">5V (typisch)<\/td>\n<\/tr>\n<tr data-start=\"1831\" data-end=\"1905\">\n<td data-start=\"1831\" data-end=\"1855\" data-col-size=\"sm\">Betriebstemperatur<\/td>\n<td data-col-size=\"md\" data-start=\"1855\" data-end=\"1905\">-20\u00b0C bis 60\u00b0C (erweiterbar je nach Sensor)<\/td>\n<\/tr>\n<tr data-start=\"1906\" data-end=\"1966\">\n<td data-start=\"1906\" data-end=\"1919\" data-col-size=\"sm\">Abmessungen<\/td>\n<td data-col-size=\"md\" data-start=\"1919\" data-end=\"1966\">Kompaktes PCB-Design f\u00fcr eingebettete Integration<\/td>\n<\/tr>\n<tr data-start=\"1967\" data-end=\"2052\">\n<td data-start=\"1967\" data-end=\"1988\" data-col-size=\"sm\">Kompatible Sensoren<\/td>\n<td data-col-size=\"md\" data-start=\"1988\" data-end=\"2052\">Meskernel LD\/LDX-Serie, OEM ToF-Module, kundenspezifische Integration<\/td>\n<\/tr>\n<\/tbody>\n<\/table>\n<\/div>\n<\/div>\n<hr data-start=\"2054\" data-end=\"2057\" \/>\n<h2 data-start=\"2059\" data-end=\"2086\"><strong data-start=\"2062\" data-end=\"2086\">Typische Anwendungen<\/strong><\/h2>\n<ul data-start=\"2087\" data-end=\"2396\">\n<li data-start=\"2087\" data-end=\"2161\">\n<p data-start=\"2089\" data-end=\"2161\"><strong data-start=\"2089\" data-end=\"2114\">Industrielle Automatisierung<\/strong> (PLC-Abstandsr\u00fcckmeldung, Maschinenpositionierung)<\/p>\n<\/li>\n<li data-start=\"2162\" data-end=\"2228\">\n<p data-start=\"2164\" data-end=\"2228\"><strong data-start=\"2164\" data-end=\"2182\">UAV &amp; Robotik<\/strong> (H\u00f6henmessung, Kollisionsvermeidung)<\/p>\n<\/li>\n<li data-start=\"2229\" data-end=\"2297\">\n<p data-start=\"2231\" data-end=\"2297\"><strong data-start=\"2231\" data-end=\"2258\">Logistik und Lagerhaltung<\/strong> (Objekterkennung, F\u00f6rderbandsteuerung)<\/p>\n<\/li>\n<li data-start=\"2298\" data-end=\"2367\">\n<p data-start=\"2300\" data-end=\"2367\"><strong data-start=\"2300\" data-end=\"2324\">Intelligente Infrastruktur<\/strong> (F\u00fcllstands\u00fcberwachung, Wegerfassung)<\/p>\n<\/li>\n<li data-start=\"2368\" data-end=\"2396\">\n<p data-start=\"2370\" data-end=\"2396\"><strong data-start=\"2370\" data-end=\"2396\">OEM-Systementwicklung<\/strong><\/p>\n<\/li>\n<\/ul>\n<hr data-start=\"2398\" data-end=\"2401\" \/>\n<h2 data-start=\"2403\" data-end=\"2424\"><strong data-start=\"2406\" data-end=\"2424\">Pin Definition<\/strong><\/h2>\n<p data-start=\"2425\" data-end=\"2475\">(Beispiel - passen Sie es an Ihr tats\u00e4chliches Modul an)<\/p>\n<div class=\"TyagGW_tableContainer\">\n<div class=\"group TyagGW_tableWrapper flex w-fit flex-col-reverse\" tabindex=\"-1\">\n<table class=\"w-fit min-w-(--thread-content-width)\" data-start=\"2477\" data-end=\"2638\">\n<thead data-start=\"2477\" data-end=\"2503\">\n<tr data-start=\"2477\" data-end=\"2503\">\n<th data-start=\"2477\" data-end=\"2487\" data-col-size=\"sm\"><strong data-start=\"2479\" data-end=\"2486\">Stift<\/strong><\/th>\n<th data-start=\"2487\" data-end=\"2503\" data-col-size=\"sm\"><strong data-start=\"2489\" data-end=\"2501\">Funktion<\/strong><\/th>\n<\/tr>\n<\/thead>\n<tbody data-start=\"2531\" data-end=\"2638\">\n<tr data-start=\"2531\" data-end=\"2555\">\n<td data-start=\"2531\" data-end=\"2537\" data-col-size=\"sm\">VCC<\/td>\n<td data-col-size=\"sm\" data-start=\"2537\" data-end=\"2555\">Stromeingang 5V<\/td>\n<\/tr>\n<tr data-start=\"2556\" data-end=\"2572\">\n<td data-start=\"2556\" data-end=\"2562\" data-col-size=\"sm\">GND<\/td>\n<td data-col-size=\"sm\" data-start=\"2562\" data-end=\"2572\">Boden<\/td>\n<\/tr>\n<tr data-start=\"2573\" data-end=\"2594\">\n<td data-start=\"2573\" data-end=\"2579\" data-col-size=\"sm\">TXD<\/td>\n<td data-col-size=\"sm\" data-start=\"2579\" data-end=\"2594\">Datenausgabe<\/td>\n<\/tr>\n<tr data-start=\"2595\" data-end=\"2615\">\n<td data-start=\"2595\" data-end=\"2601\" data-col-size=\"sm\">RXD<\/td>\n<td data-col-size=\"sm\" data-start=\"2601\" data-end=\"2615\">Dateneingabe<\/td>\n<\/tr>\n<tr data-start=\"2616\" data-end=\"2638\">\n<td data-start=\"2616\" data-end=\"2621\" data-col-size=\"sm\">DE<\/td>\n<td data-col-size=\"sm\" data-start=\"2621\" data-end=\"2638\">Freigabesignal<\/td>\n<\/tr>\n<\/tbody>\n<\/table>\n<\/div>\n<\/div>\n<hr data-start=\"2640\" data-end=\"2643\" \/>\n<h2 data-start=\"2645\" data-end=\"2693\"><img data-dominant-color=\"e7e9e3\" data-has-transparency=\"false\" style=\"--dominant-color: #e7e9e3;\" decoding=\"async\" class=\"aligncenter wp-image-6396 size-full not-transparent\" src=\"https:\/\/meskernel.net\/wp-content\/uploads\/2025\/03\/ldj.webp\" alt=\"\" width=\"763\" height=\"307\" srcset=\"https:\/\/meskernel.net\/wp-content\/uploads\/2025\/03\/ldj.webp 763w, https:\/\/meskernel.net\/wp-content\/uploads\/2025\/03\/ldj-300x121.webp 300w, https:\/\/meskernel.net\/wp-content\/uploads\/2025\/03\/ldj-18x7.webp 18w, https:\/\/meskernel.net\/wp-content\/uploads\/2025\/03\/ldj-400x161.webp 400w\" sizes=\"(max-width: 763px) 100vw, 763px\" \/><\/h2>\n<h2 data-start=\"2645\" data-end=\"2693\"><strong data-start=\"2648\" data-end=\"2693\">Vorteile im Vergleich zu USB\/TTL-Schnittstellen<\/strong><\/h2>\n<ul data-start=\"2694\" data-end=\"2867\">\n<li data-start=\"2694\" data-end=\"2757\">\n<p data-start=\"2696\" data-end=\"2757\">Stabilere \u00dcbertragung \u00fcber gro\u00dfe Entfernungen (bis zu 15 m oder mehr)<\/p>\n<\/li>\n<li data-start=\"2758\" data-end=\"2814\">\n<p data-start=\"2760\" data-end=\"2814\">Bessere EMI-Best\u00e4ndigkeit, geeignet f\u00fcr Industriestandorte<\/p>\n<\/li>\n<li data-start=\"2815\" data-end=\"2867\">\n<p data-start=\"2817\" data-end=\"2867\">Weitgehende Unterst\u00fctzung von PLC und Industriecomputern<\/p>\n<\/li>\n<\/ul>\n<hr data-start=\"2869\" data-end=\"2872\" \/>\n<h2 data-start=\"2874\" data-end=\"2935\"><strong data-start=\"2877\" data-end=\"2935\">Integration mit Meskernel Laser-Distanzsensoren<\/strong><\/h2>\n<ol data-start=\"2936\" data-end=\"3145\">\n<li data-start=\"2936\" data-end=\"3000\">\n<p data-start=\"2939\" data-end=\"3000\">Schlie\u00dfen Sie das RS232-Modul an den Kommunikationsanschluss des Sensors an.<\/p>\n<\/li>\n<li data-start=\"3001\" data-end=\"3046\">\n<p data-start=\"3004\" data-end=\"3046\">Stromzufuhr von der Hauptsteuerplatine<\/p>\n<\/li>\n<li data-start=\"3047\" data-end=\"3083\">\n<p data-start=\"3050\" data-end=\"3083\">Stellen Sie die entsprechende Baudrate ein<\/p>\n<\/li>\n<li data-start=\"3084\" data-end=\"3145\">\n<p data-start=\"3087\" data-end=\"3145\">Starten Sie das Auslesen von Entfernungsdaten \u00fcber Ihr PLC\/eingebettetes System<\/p>\n<\/li>\n<\/ol>\n<p data-start=\"3147\" data-end=\"3200\">Schnell und zuverl\u00e4ssig - ideal f\u00fcr eine schnelle Projektumsetzung.<\/p>\n<hr data-start=\"3202\" data-end=\"3205\" \/>\n<h2 data-start=\"3207\" data-end=\"3251\"><strong data-start=\"3210\" data-end=\"3251\">Warum Meskernel RS232 L\u00f6sungen w\u00e4hlen?<\/strong><\/h2>\n<p data-start=\"3252\" data-end=\"3486\">Meskernel ist spezialisiert auf <a href=\"https:\/\/www.youtube.com\/@Meskernelnet\/videos\" target=\"_blank\" rel=\"noopener\">Laser-Distanzmessger\u00e4t<\/a> Technologie und unterst\u00fctzende Module. Unsere Kommunikationsmodule sind f\u00fcr Pr\u00e4zisionsmessumgebungen optimiert und gew\u00e4hrleisten eine stabile Langzeitleistung f\u00fcr Ihre industriellen Anwendungen.<\/p>\n<p data-start=\"3252\" data-end=\"3486\"><img data-dominant-color=\"d2d0cd\" data-has-transparency=\"false\" style=\"--dominant-color: #d2d0cd;\" loading=\"lazy\" decoding=\"async\" class=\"alignleft wp-image-6412 size-large not-transparent\" src=\"https:\/\/meskernel.net\/wp-content\/uploads\/2025\/12\/ToF-Laser-Sensors-1024x1024.webp\" alt=\"\" width=\"1024\" height=\"1024\" srcset=\"https:\/\/meskernel.net\/wp-content\/uploads\/2025\/12\/ToF-Laser-Sensors-1024x1024.webp 1024w, https:\/\/meskernel.net\/wp-content\/uploads\/2025\/12\/ToF-Laser-Sensors-300x300.webp 300w, https:\/\/meskernel.net\/wp-content\/uploads\/2025\/12\/ToF-Laser-Sensors-150x150.webp 150w, https:\/\/meskernel.net\/wp-content\/uploads\/2025\/12\/ToF-Laser-Sensors-768x768.webp 768w, https:\/\/meskernel.net\/wp-content\/uploads\/2025\/12\/ToF-Laser-Sensors-1536x1536.webp 1536w, https:\/\/meskernel.net\/wp-content\/uploads\/2025\/12\/ToF-Laser-Sensors-12x12.webp 12w, https:\/\/meskernel.net\/wp-content\/uploads\/2025\/12\/ToF-Laser-Sensors-400x400.webp 400w, https:\/\/meskernel.net\/wp-content\/uploads\/2025\/12\/ToF-Laser-Sensors-100x100.webp 100w, https:\/\/meskernel.net\/wp-content\/uploads\/2025\/12\/ToF-Laser-Sensors.webp 2000w\" sizes=\"(max-width: 1024px) 100vw, 1024px\" \/><\/p>","protected":false},"excerpt":{"rendered":"<p>Serielles RS232-Schnittstellenmodul mit starkem St\u00f6rungsschutz, industrietauglicher Zuverl\u00e4ssigkeit und nahtloser Kompatibilit\u00e4t mit PLCs und Laser-Distanzsensoren.<\/p>","protected":false},"featured_media":6427,"template":"","meta":{"site-sidebar-layout":"default","site-content-layout":"","ast-site-content-layout":"default","site-content-style":"default","site-sidebar-style":"default","ast-global-header-display":"","ast-banner-title-visibility":"","ast-main-header-display":"","ast-hfb-above-header-display":"","ast-hfb-below-header-display":"","ast-hfb-mobile-header-display":"","site-post-title":"","ast-breadcrumbs-content":"","ast-featured-img":"","footer-sml-layout":"","ast-disable-related-posts":"","theme-transparent-header-meta":"default","adv-header-id-meta":"","stick-header-meta":"","header-above-stick-meta":"","header-main-stick-meta":"","header-below-stick-meta":"","astra-migrate-meta-layouts":"set","ast-page-background-enabled":"default","ast-page-background-meta":{"desktop":{"background-color":"var(--ast-global-color-4)","background-image":"","background-repeat":"repeat","background-position":"center center","background-size":"auto","background-attachment":"scroll","background-type":"","background-media":"","overlay-type":"","overlay-color":"","overlay-opacity":"","overlay-gradient":""},"tablet":{"background-color":"","background-image":"","background-repeat":"repeat","background-position":"center center","background-size":"auto","background-attachment":"scroll","background-type":"","background-media":"","overlay-type":"","overlay-color":"","overlay-opacity":"","overlay-gradient":""},"mobile":{"background-color":"","background-image":"","background-repeat":"repeat","background-position":"center center","background-size":"auto","background-attachment":"scroll","background-type":"","background-media":"","overlay-type":"","overlay-color":"","overlay-opacity":"","overlay-gradient":""}},"ast-content-background-meta":{"desktop":{"background-color":"var(--ast-global-color-5)","background-image":"","background-repeat":"repeat","background-position":"center center","background-size":"auto","background-attachment":"scroll","background-type":"","background-media":"","overlay-type":"","overlay-color":"","overlay-opacity":"","overlay-gradient":""},"tablet":{"background-color":"var(--ast-global-color-5)","background-image":"","background-repeat":"repeat","background-position":"center center","background-size":"auto","background-attachment":"scroll","background-type":"","background-media":"","overlay-type":"","overlay-color":"","overlay-opacity":"","overlay-gradient":""},"mobile":{"background-color":"var(--ast-global-color-5)","background-image":"","background-repeat":"repeat","background-position":"center center","background-size":"auto","background-attachment":"scroll","background-type":"","background-media":"","overlay-type":"","overlay-color":"","overlay-opacity":"","overlay-gradient":""}}},"product_brand":[],"product_cat":[31],"product_tag":[],"class_list":{"0":"post-6426","1":"product","2":"type-product","3":"status-publish","4":"has-post-thumbnail","6":"product_cat-tof-ranging-sensor","7":"desktop-align-center","8":"tablet-align-left","9":"mobile-align-left","11":"first","12":"instock","13":"shipping-taxable","14":"product-type-simple"},"_links":{"self":[{"href":"https:\/\/meskernel.net\/de\/wp-json\/wp\/v2\/product\/6426","targetHints":{"allow":["GET"]}}],"collection":[{"href":"https:\/\/meskernel.net\/de\/wp-json\/wp\/v2\/product"}],"about":[{"href":"https:\/\/meskernel.net\/de\/wp-json\/wp\/v2\/types\/product"}],"version-history":[{"count":0,"href":"https:\/\/meskernel.net\/de\/wp-json\/wp\/v2\/product\/6426\/revisions"}],"wp:featuredmedia":[{"embeddable":true,"href":"https:\/\/meskernel.net\/de\/wp-json\/wp\/v2\/media\/6427"}],"wp:attachment":[{"href":"https:\/\/meskernel.net\/de\/wp-json\/wp\/v2\/media?parent=6426"}],"wp:term":[{"taxonomy":"product_brand","embeddable":true,"href":"https:\/\/meskernel.net\/de\/wp-json\/wp\/v2\/product_brand?post=6426"},{"taxonomy":"product_cat","embeddable":true,"href":"https:\/\/meskernel.net\/de\/wp-json\/wp\/v2\/product_cat?post=6426"},{"taxonomy":"product_tag","embeddable":true,"href":"https:\/\/meskernel.net\/de\/wp-json\/wp\/v2\/product_tag?post=6426"}],"curies":[{"name":"wp","href":"https:\/\/api.w.org\/{rel}","templated":true}]}}