{"id":113,"date":"2024-10-10T10:54:25","date_gmt":"2024-10-10T02:54:25","guid":{"rendered":"http:\/\/170.106.98.143\/?post_type=product&#038;p=113"},"modified":"2025-07-03T14:02:48","modified_gmt":"2025-07-03T06:02:48","slug":"sensor-laser-arduino","status":"publish","type":"product","link":"https:\/\/meskernel.net\/es\/product\/arduino-laser-sensor\/","title":{"rendered":"Arduino Sensor L\u00e1ser 20Hz Medici\u00f3n de Alta Frecuencia"},"content":{"rendered":"<dl id=\"attachment_2320\">\n<dd>\n<h3>Arduino Sensor Laser 20Hz Para Movimiento Distancia O Diy<\/h3>\n<\/dd>\n<dd><\/dd>\n<dd>El sensor l\u00e1ser Arduino, un m\u00f3dulo de medici\u00f3n l\u00e1ser de distancias de 1 mm de precisi\u00f3n, es un dispositivo utilizado para medir distancias de objetivos y transmitir datos. Emplea tecnolog\u00eda l\u00e1ser visible para emitir rayos l\u00e1ser y recibir se\u00f1ales l\u00e1ser reflejadas para medir la distancia entre los objetos y el sensor. El sensor de distancia l\u00e1ser admite interfaces de comunicaci\u00f3n como USB, TTL, RS232, RS485 y Bluetooth, lo que permite la transmisi\u00f3n de datos y la comunicaci\u00f3n con otros dispositivos.<\/dd>\n<dd>1.El m\u00f3dulo Meskernel responde r\u00e1pidamente con gran precisi\u00f3n y medici\u00f3n de largo alcance<\/dd>\n<dd>2. Hemos estado de pie en esta l\u00ednea de l\u00e1ser durante m\u00e1s de 20 a\u00f1os, proveedor l\u00edder de medidor de distancia l\u00e1ser \/ m\u00f3dulos sensores en China.<\/dd>\n<dd>3. 30m, 40m, 60m, 80m, 100m, 120m, 150m, cada distancia puede ser multifuncional<\/dd>\n<dd>4. El voltaje puede ser cambiado por el convertidor de potencia LDO<\/dd>\n<dd>5. Temperatura de funcionamiento -10 \u2103~50 \u2103 personalizable.<\/dd>\n<dd>6. Anal\u00f3gico personalizable.<\/dd>\n<\/dl>\n<figure id=\"attachment_2958\" aria-describedby=\"caption-attachment-2958\" style=\"width: 1080px\" class=\"wp-caption aligncenter\"><img fetchpriority=\"high\" decoding=\"async\" class=\"wp-image-2958 size-full\" title=\"Sensor l\u00e1ser Arduino\" src=\"https:\/\/meskernel.net\/wp-content\/uploads\/2024\/11\/laser-distance-senso.jpg\" alt=\"sensor l\u00e1ser de distancia\" width=\"1080\" height=\"300\" srcset=\"https:\/\/meskernel.net\/wp-content\/uploads\/2024\/11\/laser-distance-senso.jpg 1080w, https:\/\/meskernel.net\/wp-content\/uploads\/2024\/11\/laser-distance-senso-300x83.jpg 300w, https:\/\/meskernel.net\/wp-content\/uploads\/2024\/11\/laser-distance-senso-1024x284.jpg 1024w, https:\/\/meskernel.net\/wp-content\/uploads\/2024\/11\/laser-distance-senso-768x213.jpg 768w, https:\/\/meskernel.net\/wp-content\/uploads\/2024\/11\/laser-distance-senso-400x111.jpg 400w\" sizes=\"(max-width: 1080px) 100vw, 1080px\" \/><figcaption id=\"caption-attachment-2958\" class=\"wp-caption-text\">sensor l\u00e1ser de distancia<\/figcaption><\/figure>\n<h3>Arduino Sensor L\u00e1ser Caracter\u00edsticas principales:<\/h3>\n<ul>\n<li><strong>Opciones de gran distancia<\/strong><br \/>\nAmplia gama de distancias seleccionables, lo que la hace adecuada para diversas aplicaciones.<\/li>\n<li><strong>R\u00e1pida velocidad de respuesta<\/strong><br \/>\nCapacidad de adquisici\u00f3n r\u00e1pida de datos, completando las mediciones de distancia en milisegundos.<\/li>\n<li><strong>M\u00faltiples interfaces de comunicaci\u00f3n<\/strong><br \/>\nAdmite varias interfaces y protocolos de comunicaci\u00f3n,incluidos RS232, RS485, Bluetooth, Modbus y UART, lo que facilita la integraci\u00f3n con el control o los datos existentes.<\/li>\n<li><strong>Alta precisi\u00f3n de medici\u00f3n<\/strong><br \/>\nCon una precisi\u00f3n t\u00edpicamente milim\u00e9trica, este sensor satisface los elevados requisitos de precisi\u00f3n de aplicaciones como la geodesia y la ingenier\u00eda de la construcci\u00f3n.<\/li>\n<li><strong>Rendimiento estable<\/strong><br \/>\nEl sensor mantiene un estrecho margen de fluctuaci\u00f3n de los datos y exhibe un error de repetibilidad muy bajo.<\/li>\n<li><strong>Medici\u00f3n sin contacto<\/strong><br \/>\nEl sensor es capaz de realizar mediciones sin contacto, adecuadas para detectar objetos en movimiento, objetos a alta o baja temperatura, l\u00edquidos y objetos de forma irregular.<\/li>\n<\/ul>\n<p>El uso de un sensor l\u00e1ser con un Arduino puede ser una gran manera de detectar distancias, medir la posici\u00f3n o detectar objetos. Normalmente, los sensores l\u00e1ser utilizados con Arduino pueden ser tel\u00e9metros l\u00e1ser (para medir la distancia) o detectores l\u00e1ser (para detectar la presencia de un punto l\u00e1ser). A continuaci\u00f3n, le guiar\u00e1 a trav\u00e9s de la configuraci\u00f3n general de los sensores l\u00e1ser, centr\u00e1ndose espec\u00edficamente en c\u00f3mo la interfaz de un sensor l\u00e1ser de distancia con un Arduino, ya que este es uno de los casos de uso m\u00e1s com\u00fan.<\/p>\n<h3>\u00bfC\u00f3mo utilizar el sensor l\u00e1ser Arduino?<\/h3>\n<p><strong>1. <\/strong>Sensor l\u00e1ser de distancia (por ejemplo, Lidar, sensor l\u00e1ser LDJ)<\/p>\n<p>Un sensor l\u00e1ser muy utilizado para medir distancias es el sensor de tiempo de vuelo (ToF) LDJ Laser Sensor. Se trata de un sensor compacto y barato que utiliza luz l\u00e1ser para medir la distancia a un objeto.<\/p>\n<p>Componentes necesarios:<\/p>\n<ul>\n<li>Placa Arduino (por ejemplo, Uno, Mega, Nano)<\/li>\n<li>M\u00f3dulo sensor l\u00e1ser LDJ<\/li>\n<li>Cables puente<\/li>\n<li>Placa de pruebas (opcional)<\/li>\n<\/ul>\n<p>Cableado del sensor l\u00e1ser LDJ:<\/p>\n<p>El sensor l\u00e1ser LDJ se comunica con el Arduino utilizando el protocolo I2C, lo que significa que tendr\u00e1s que conectar el sensor a los pines SCL y SDA de tu Arduino.<\/p>\n<p>Para un Arduino Uno:<\/p>\n<ul>\n<li><strong>GND<\/strong> (sensor) a <strong>GND<\/strong> (Arduino)<\/li>\n<li><strong>VCC<\/strong> (sensor) a <strong>5V<\/strong> (Arduino)<\/li>\n<li><strong>SDA<\/strong> (sensor) a <strong>A4<\/strong> (Arduino Uno)<\/li>\n<li><strong>SCL<\/strong> (sensor) a <strong>A5<\/strong> (Arduino Uno)<\/li>\n<\/ul>\n<p>Si est\u00e1 utilizando un modelo diferente de Arduino, compruebe los pines I2C (SCL\/SDA) para esa placa.<\/p>\n<h3 class=\"text-title\"><span class=\"magic-22\" data-spm-anchor-id=\"a2700.details.0.i63.18bf346eInG0ZW\">Plataforma de software de prueba para el sensor l\u00e1ser Arduino<\/span><\/h3>\n<div class=\"text-content\">Disponemos de nuestras propias herramientas de prueba de software, que se transmiten al ordenador mediante medici\u00f3n de distancia.<\/div>\n<div>\n<figure id=\"attachment_2967\" aria-describedby=\"caption-attachment-2967\" style=\"width: 1024px\" class=\"wp-caption aligncenter\"><img decoding=\"async\" class=\"wp-image-2967 size-large\" src=\"https:\/\/meskernel.net\/wp-content\/uploads\/2024\/10\/Arduino-Laser-Sensor-1024x520.jpg\" alt=\"Sensor l\u00e1ser Arduino\" width=\"1024\" height=\"520\" srcset=\"https:\/\/meskernel.net\/wp-content\/uploads\/2024\/10\/Arduino-Laser-Sensor-1024x520.jpg 1024w, https:\/\/meskernel.net\/wp-content\/uploads\/2024\/10\/Arduino-Laser-Sensor-300x152.jpg 300w, https:\/\/meskernel.net\/wp-content\/uploads\/2024\/10\/Arduino-Laser-Sensor-768x390.jpg 768w, https:\/\/meskernel.net\/wp-content\/uploads\/2024\/10\/Arduino-Laser-Sensor-1536x779.jpg 1536w, https:\/\/meskernel.net\/wp-content\/uploads\/2024\/10\/Arduino-Laser-Sensor-400x203.jpg 400w, https:\/\/meskernel.net\/wp-content\/uploads\/2024\/10\/Arduino-Laser-Sensor.jpg 1906w\" sizes=\"(max-width: 1024px) 100vw, 1024px\" \/><figcaption id=\"caption-attachment-2967\" class=\"wp-caption-text\">Sensor l\u00e1ser Arduino<\/figcaption><\/figure>\n<\/div>\n<div><\/div>\n<h3>\u00bfPor qu\u00e9 elegirnos?<\/h3>\n<p>Como fabricante OEM de confianza, estamos especializados en el suministro de sensores l\u00e1ser industriales de alta calidad con soluciones personalizadas para satisfacer sus requisitos espec\u00edficos. Nuestras opciones de personalizaci\u00f3n le permiten adaptar las configuraciones de los sensores a sus necesidades operativas, mientras que nuestros precios OEM garantizan soluciones con costes competitivos tanto para grandes como para peque\u00f1as empresas. Nuestro equipo de expertos trabajar\u00e1 estrechamente con usted desde la consulta hasta despu\u00e9s de la instalaci\u00f3n, garantizando que su sistema de sensores l\u00e1ser industriales est\u00e9 optimizado para sus necesidades \u00fanicas.<\/p>","protected":false},"excerpt":{"rendered":"<p>Descubra el sensor l\u00e1ser Arduino: una soluci\u00f3n de medici\u00f3n sin contacto de alta precisi\u00f3n para aplicaciones industriales. Con tiempos de respuesta r\u00e1pidos, precisi\u00f3n milim\u00e9trica y f\u00e1cil integraci\u00f3n, este sensor es perfecto para rob\u00f3tica, automatizaci\u00f3n, control de calidad y manipulaci\u00f3n de materiales. Optimice sus operaciones con datos fiables en tiempo real y opciones personalizables.<\/p>","protected":false},"featured_media":2201,"template":"","meta":{"site-sidebar-layout":"default","site-content-layout":"","ast-site-content-layout":"default","site-content-style":"default","site-sidebar-style":"default","ast-global-header-display":"","ast-banner-title-visibility":"","ast-main-header-display":"","ast-hfb-above-header-display":"","ast-hfb-below-header-display":"","ast-hfb-mobile-header-display":"","site-post-title":"","ast-breadcrumbs-content":"","ast-featured-img":"","footer-sml-layout":"","ast-disable-related-posts":"","theme-transparent-header-meta":"default","adv-header-id-meta":"","stick-header-meta":"","header-above-stick-meta":"","header-main-stick-meta":"","header-below-stick-meta":"","astra-migrate-meta-layouts":"set","ast-page-background-enabled":"default","ast-page-background-meta":{"desktop":{"background-color":"var(--ast-global-color-4)","background-image":"","background-repeat":"repeat","background-position":"center center","background-size":"auto","background-attachment":"scroll","background-type":"","background-media":"","overlay-type":"","overlay-color":"","overlay-opacity":"","overlay-gradient":""},"tablet":{"background-color":"","background-image":"","background-repeat":"repeat","background-position":"center center","background-size":"auto","background-attachment":"scroll","background-type":"","background-media":"","overlay-type":"","overlay-color":"","overlay-opacity":"","overlay-gradient":""},"mobile":{"background-color":"","background-image":"","background-repeat":"repeat","background-position":"center center","background-size":"auto","background-attachment":"scroll","background-type":"","background-media":"","overlay-type":"","overlay-color":"","overlay-opacity":"","overlay-gradient":""}},"ast-content-background-meta":{"desktop":{"background-color":"var(--ast-global-color-5)","background-image":"","background-repeat":"repeat","background-position":"center center","background-size":"auto","background-attachment":"scroll","background-type":"","background-media":"","overlay-type":"","overlay-color":"","overlay-opacity":"","overlay-gradient":""},"tablet":{"background-color":"var(--ast-global-color-5)","background-image":"","background-repeat":"repeat","background-position":"center center","background-size":"auto","background-attachment":"scroll","background-type":"","background-media":"","overlay-type":"","overlay-color":"","overlay-opacity":"","overlay-gradient":""},"mobile":{"background-color":"var(--ast-global-color-5)","background-image":"","background-repeat":"repeat","background-position":"center center","background-size":"auto","background-attachment":"scroll","background-type":"","background-media":"","overlay-type":"","overlay-color":"","overlay-opacity":"","overlay-gradient":""}}},"product_brand":[60],"product_cat":[52],"product_tag":[],"class_list":{"0":"post-113","1":"product","2":"type-product","3":"status-publish","4":"has-post-thumbnail","6":"product_brand-meskernel","7":"product_cat-phase-distance-sensor","8":"desktop-align-center","9":"tablet-align-left","10":"mobile-align-left","12":"first","13":"instock","14":"shipping-taxable","15":"product-type-simple"},"_links":{"self":[{"href":"https:\/\/meskernel.net\/es\/wp-json\/wp\/v2\/product\/113","targetHints":{"allow":["GET"]}}],"collection":[{"href":"https:\/\/meskernel.net\/es\/wp-json\/wp\/v2\/product"}],"about":[{"href":"https:\/\/meskernel.net\/es\/wp-json\/wp\/v2\/types\/product"}],"version-history":[{"count":0,"href":"https:\/\/meskernel.net\/es\/wp-json\/wp\/v2\/product\/113\/revisions"}],"wp:featuredmedia":[{"embeddable":true,"href":"https:\/\/meskernel.net\/es\/wp-json\/wp\/v2\/media\/2201"}],"wp:attachment":[{"href":"https:\/\/meskernel.net\/es\/wp-json\/wp\/v2\/media?parent=113"}],"wp:term":[{"taxonomy":"product_brand","embeddable":true,"href":"https:\/\/meskernel.net\/es\/wp-json\/wp\/v2\/product_brand?post=113"},{"taxonomy":"product_cat","embeddable":true,"href":"https:\/\/meskernel.net\/es\/wp-json\/wp\/v2\/product_cat?post=113"},{"taxonomy":"product_tag","embeddable":true,"href":"https:\/\/meskernel.net\/es\/wp-json\/wp\/v2\/product_tag?post=113"}],"curies":[{"name":"wp","href":"https:\/\/api.w.org\/{rel}","templated":true}]}}