{"id":120,"date":"2024-10-10T11:10:33","date_gmt":"2024-10-10T03:10:33","guid":{"rendered":"http:\/\/170.106.98.143\/?post_type=product&#038;p=120"},"modified":"2026-01-20T09:52:39","modified_gmt":"2026-01-20T01:52:39","slug":"sensores-de-distancia","status":"publish","type":"product","link":"https:\/\/meskernel.net\/es\/product\/distance-sensors\/","title":{"rendered":"Sensores de distancia TC25 1500m"},"content":{"rendered":"<p>El m\u00f3dulo compacto de sensores de distancia es un sensor de alto rendimiento dise\u00f1ado para ofrecer mediciones de distancia precisas y fiables en una amplia gama de aplicaciones. Con opciones de medici\u00f3n de 700 metros y 3000 metros, este vers\u00e1til m\u00f3dulo destaca en mediciones de medio y largo alcance. Tanto si trabaja en entornos a gran escala como si necesita capacidades de supervisi\u00f3n remota, este sensor proporciona una flexibilidad y un rendimiento excepcionales en una gran variedad de tareas.<\/p>\n<figure id=\"attachment_3004\" aria-describedby=\"caption-attachment-3004\" style=\"width: 818px\" class=\"wp-caption aligncenter\"><img fetchpriority=\"high\" decoding=\"async\" class=\"wp-image-3004 size-full\" title=\"sensor de distancia\" src=\"https:\/\/meskernel.net\/wp-content\/uploads\/2024\/10\/distance-sensor-with-alarm-and-mobile-notifications.jpg\" alt=\"sensor de distancia\" width=\"818\" height=\"309\" srcset=\"https:\/\/meskernel.net\/wp-content\/uploads\/2024\/10\/distance-sensor-with-alarm-and-mobile-notifications.jpg 818w, https:\/\/meskernel.net\/wp-content\/uploads\/2024\/10\/distance-sensor-with-alarm-and-mobile-notifications-300x113.jpg 300w, https:\/\/meskernel.net\/wp-content\/uploads\/2024\/10\/distance-sensor-with-alarm-and-mobile-notifications-768x290.jpg 768w, https:\/\/meskernel.net\/wp-content\/uploads\/2024\/10\/distance-sensor-with-alarm-and-mobile-notifications-400x151.jpg 400w\" sizes=\"(max-width: 818px) 100vw, 818px\" \/><figcaption id=\"caption-attachment-3004\" class=\"wp-caption-text\">sensor de distancia<\/figcaption><\/figure>\n<h3>Caracter\u00edsticas principales de los sensores de distancia<\/h3>\n<ul>\n<li><strong>Amplia gama de opciones de medici\u00f3n para un uso vers\u00e1til<\/strong><\/li>\n<\/ul>\n<p style=\"padding-left: 40px;\">El m\u00f3dulo de sensores de distancia admite m\u00faltiples opciones de distancia, incluidos 700 metros y 1.000 metros, lo que le permite adaptarse a un amplio espectro de aplicaciones. Esta flexibilidad lo hace ideal tanto para mediciones de alcance medio como de alcance ultralargo, tanto si realiza levantamientos topogr\u00e1ficos como si gestiona proyectos de construcci\u00f3n o trabaja en entornos de supervisi\u00f3n remota. Su adaptabilidad garantiza que pueda realizar una gran variedad de tareas exigentes, proporcionando mediciones precisas en grandes \u00e1reas o lugares de dif\u00edcil acceso.<\/p>\n<ul>\n<li><strong>Forma cil\u00edndrica para una integraci\u00f3n perfecta<\/strong><\/li>\n<\/ul>\n<p style=\"padding-left: 40px;\">Dise\u00f1ado con forma cil\u00edndrica, este m\u00f3dulo es especialmente f\u00e1cil de integrar en sistemas compactos, lo que lo hace ideal para productos como drones, visores de uso en exteriores y aplicaciones rob\u00f3ticas. Su forma compacta permite una instalaci\u00f3n sencilla y eficiente en t\u00e9rminos de espacio, lo que resulta especialmente beneficioso en sistemas integrados en los que el tama\u00f1o es un factor cr\u00edtico. Su forma tambi\u00e9n mejora su atractivo est\u00e9tico y su eficacia funcional, garantizando una integraci\u00f3n sin problemas y sin sacrificar el rendimiento.<\/p>\n<ul>\n<li><strong>Alta precisi\u00f3n para mediciones fiables y exactas<\/strong><\/li>\n<\/ul>\n<p style=\"padding-left: 40px;\">La precisi\u00f3n es un aspecto fundamental de cualquier herramienta de medici\u00f3n, y el m\u00f3dulo de distancia l\u00e1ser de impulsos no defrauda. Con <strong>\u00b1<\/strong>Con una precisi\u00f3n de 1 metro, este sensor garantiza datos fiables y precisos, incluso a distancias mayores. Tanto si trabaja en construcci\u00f3n, cartograf\u00eda geoespacial o rob\u00f3tica, este m\u00f3dulo proporciona las mediciones exactas que necesita, garantizando un error m\u00ednimo y la m\u00e1xima fiabilidad. Su alta precisi\u00f3n lo hace especialmente adecuado para aplicaciones que exigen lecturas exactas, como la topograf\u00eda, la supervisi\u00f3n medioambiental y la investigaci\u00f3n cient\u00edfica.<\/p>\n<h3>F\u00e1cil integraci\u00f3n con m\u00faltiples interfaces<\/h3>\n<p>Equipado con interfaces TTL, RS485 y RS232, el m\u00f3dulo de sensores de distancia puede integrarse f\u00e1cilmente en una amplia gama de sistemas. Esto garantiza la compatibilidad con microcontroladores, controladores industriales y soluciones personalizadas, lo que lo convierte en una excelente opci\u00f3n tanto para proyectos de bricolaje como para aplicaciones profesionales. La integraci\u00f3n es perfecta y la configuraci\u00f3n no presenta complicaciones, lo que permite una transmisi\u00f3n de datos eficaz y una comunicaci\u00f3n fluida del sistema.<\/p>\n<p><img data-dominant-color=\"d0d0ce\" data-has-transparency=\"false\" style=\"--dominant-color: #d0d0ce;\" decoding=\"async\" class=\"alignleft wp-image-6404 size-full not-transparent\" src=\"https:\/\/meskernel.net\/wp-content\/uploads\/2024\/10\/TC-series-pulse-laser-ranging-module.webp\" alt=\"M\u00f3dulo de medici\u00f3n l\u00e1ser de impulsos serie TC\" width=\"799\" height=\"777\" srcset=\"https:\/\/meskernel.net\/wp-content\/uploads\/2024\/10\/TC-series-pulse-laser-ranging-module.webp 799w, https:\/\/meskernel.net\/wp-content\/uploads\/2024\/10\/TC-series-pulse-laser-ranging-module-300x292.webp 300w, https:\/\/meskernel.net\/wp-content\/uploads\/2024\/10\/TC-series-pulse-laser-ranging-module-768x747.webp 768w, https:\/\/meskernel.net\/wp-content\/uploads\/2024\/10\/TC-series-pulse-laser-ranging-module-12x12.webp 12w, https:\/\/meskernel.net\/wp-content\/uploads\/2024\/10\/TC-series-pulse-laser-ranging-module-400x389.webp 400w\" sizes=\"(max-width: 799px) 100vw, 799px\" \/><\/p>\n<h3><\/h3>\n<h3>Servicios personalizados para satisfacer sus necesidades espec\u00edficas<\/h3>\n<p>Adem\u00e1s de su excepcional rendimiento, el m\u00f3dulo de sensores de distancia ofrece opciones de personalizaci\u00f3n para satisfacer requisitos espec\u00edficos. Tanto si necesita un rango de medici\u00f3n diferente, una interfaz personalizada o ajustes de tama\u00f1o o forma para aplicaciones especializadas, podemos trabajar con usted para ofrecerle una soluci\u00f3n adaptada a sus necesidades. Nuestras flexibles capacidades de dise\u00f1o y fabricaci\u00f3n nos permiten modificar el m\u00f3dulo para adaptarlo a las especificaciones de su proyecto, garantiz\u00e1ndole el rendimiento y la funcionalidad exactos que requiere su aplicaci\u00f3n.<\/p>\n<p>Para que los ingenieros seleccionen el sensor l\u00e1ser de distancia o el m\u00f3dulo tel\u00e9metro l\u00e1ser adecuados, consulte nuestro <a href=\"https:\/\/meskernel.net\/es\/seleccion-del-sensor-laser-de-distancia\/\">Gu\u00eda de selecci\u00f3n de sensores l\u00e1ser de distancia<\/a> para una comparaci\u00f3n detallada de las tecnolog\u00edas de fase y pulso.<\/p>\n<figure id=\"attachment_2995\" aria-describedby=\"caption-attachment-2995\" style=\"width: 1069px\" class=\"wp-caption aligncenter\"><img decoding=\"async\" class=\"wp-image-2995 size-full\" title=\"por qu\u00e9 utilizar el sensor de distancia\" src=\"https:\/\/meskernel.net\/wp-content\/uploads\/2024\/11\/why-us-distance-sensor.jpg\" alt=\"por qu\u00e9 utilizar el sensor de distancia\" width=\"1069\" height=\"228\" srcset=\"https:\/\/meskernel.net\/wp-content\/uploads\/2024\/11\/why-us-distance-sensor.jpg 1069w, https:\/\/meskernel.net\/wp-content\/uploads\/2024\/11\/why-us-distance-sensor-300x64.jpg 300w, https:\/\/meskernel.net\/wp-content\/uploads\/2024\/11\/why-us-distance-sensor-1024x218.jpg 1024w, https:\/\/meskernel.net\/wp-content\/uploads\/2024\/11\/why-us-distance-sensor-768x164.jpg 768w, https:\/\/meskernel.net\/wp-content\/uploads\/2024\/11\/why-us-distance-sensor-400x85.jpg 400w\" sizes=\"(max-width: 1069px) 100vw, 1069px\" \/><figcaption id=\"caption-attachment-2995\" class=\"wp-caption-text\">por qu\u00e9 utilizar el sensor de distancia<\/figcaption><\/figure>\n<h3>\u00bfPor qu\u00e9 elegir el m\u00f3dulo de sensores de distancia?<\/h3>\n<p>Si busca una soluci\u00f3n de medici\u00f3n compacta, muy precisa y de largo alcance, el m\u00f3dulo de sensores de distancia es la opci\u00f3n ideal. Su dise\u00f1o vers\u00e1til lo hace adecuado para una amplia variedad de aplicaciones, como drones, rob\u00f3tica, construcci\u00f3n y topograf\u00eda. Con forma cil\u00edndrica para facilitar su integraci\u00f3n, <strong>\u00b1<\/strong>Con una precisi\u00f3n de 1 metro para mediciones precisas y m\u00faltiples opciones de distancia para mayor flexibilidad, este sensor ofrece una soluci\u00f3n perfecta para tareas que requieren datos fiables a largas distancias. Adem\u00e1s, nuestros servicios de personalizaci\u00f3n garantizan que pueda adaptar el m\u00f3dulo a las necesidades exactas de su proyecto, por muy especializado que sea.<\/p>","protected":false},"excerpt":{"rendered":"<p>El m\u00f3dulo compacto de sensores de distancia ofrece mediciones precisas y de largo alcance de hasta 1000 metros con <strong>\u00b1<\/strong>precisi\u00f3n de 1 metro. Su dise\u00f1o cil\u00edndrico se adapta f\u00e1cilmente a sistemas compactos como drones y rob\u00f3tica. Con m\u00faltiples opciones de interfaz (TTL, RS485, RS232), es perfecto para construcci\u00f3n, topograf\u00eda y supervisi\u00f3n. Adem\u00e1s, ofrecemos servicios de personalizaci\u00f3n para adaptar el m\u00f3dulo a sus necesidades espec\u00edficas, garantizando un ajuste perfecto para su proyecto.<\/p>","protected":false},"featured_media":3002,"template":"","meta":{"site-sidebar-layout":"default","site-content-layout":"","ast-site-content-layout":"default","site-content-style":"default","site-sidebar-style":"default","ast-global-header-display":"","ast-banner-title-visibility":"","ast-main-header-display":"","ast-hfb-above-header-display":"","ast-hfb-below-header-display":"","ast-hfb-mobile-header-display":"","site-post-title":"","ast-breadcrumbs-content":"","ast-featured-img":"","footer-sml-layout":"","ast-disable-related-posts":"","theme-transparent-header-meta":"default","adv-header-id-meta":"","stick-header-meta":"","header-above-stick-meta":"","header-main-stick-meta":"","header-below-stick-meta":"","astra-migrate-meta-layouts":"set","ast-page-background-enabled":"default","ast-page-background-meta":{"desktop":{"background-color":"var(--ast-global-color-4)","background-image":"","background-repeat":"repeat","background-position":"center center","background-size":"auto","background-attachment":"scroll","background-type":"","background-media":"","overlay-type":"","overlay-color":"","overlay-opacity":"","overlay-gradient":""},"tablet":{"background-color":"","background-image":"","background-repeat":"repeat","background-position":"center center","background-size":"auto","background-attachment":"scroll","background-type":"","background-media":"","overlay-type":"","overlay-color":"","overlay-opacity":"","overlay-gradient":""},"mobile":{"background-color":"","background-image":"","background-repeat":"repeat","background-position":"center center","background-size":"auto","background-attachment":"scroll","background-type":"","background-media":"","overlay-type":"","overlay-color":"","overlay-opacity":"","overlay-gradient":""}},"ast-content-background-meta":{"desktop":{"background-color":"var(--ast-global-color-5)","background-image":"","background-repeat":"repeat","background-position":"center center","background-size":"auto","background-attachment":"scroll","background-type":"","background-media":"","overlay-type":"","overlay-color":"","overlay-opacity":"","overlay-gradient":""},"tablet":{"background-color":"var(--ast-global-color-5)","background-image":"","background-repeat":"repeat","background-position":"center center","background-size":"auto","background-attachment":"scroll","background-type":"","background-media":"","overlay-type":"","overlay-color":"","overlay-opacity":"","overlay-gradient":""},"mobile":{"background-color":"var(--ast-global-color-5)","background-image":"","background-repeat":"repeat","background-position":"center center","background-size":"auto","background-attachment":"scroll","background-type":"","background-media":"","overlay-type":"","overlay-color":"","overlay-opacity":"","overlay-gradient":""}}},"product_brand":[60],"product_cat":[54],"product_tag":[59],"class_list":{"0":"post-120","1":"product","2":"type-product","3":"status-publish","4":"has-post-thumbnail","6":"product_brand-meskernel","7":"product_cat-long-distance-laser-ranging-sensors","8":"product_tag-advantage","9":"desktop-align-center","10":"tablet-align-left","11":"mobile-align-left","13":"first","14":"instock","15":"shipping-taxable","16":"product-type-simple"},"_links":{"self":[{"href":"https:\/\/meskernel.net\/es\/wp-json\/wp\/v2\/product\/120","targetHints":{"allow":["GET"]}}],"collection":[{"href":"https:\/\/meskernel.net\/es\/wp-json\/wp\/v2\/product"}],"about":[{"href":"https:\/\/meskernel.net\/es\/wp-json\/wp\/v2\/types\/product"}],"version-history":[{"count":0,"href":"https:\/\/meskernel.net\/es\/wp-json\/wp\/v2\/product\/120\/revisions"}],"wp:featuredmedia":[{"embeddable":true,"href":"https:\/\/meskernel.net\/es\/wp-json\/wp\/v2\/media\/3002"}],"wp:attachment":[{"href":"https:\/\/meskernel.net\/es\/wp-json\/wp\/v2\/media?parent=120"}],"wp:term":[{"taxonomy":"product_brand","embeddable":true,"href":"https:\/\/meskernel.net\/es\/wp-json\/wp\/v2\/product_brand?post=120"},{"taxonomy":"product_cat","embeddable":true,"href":"https:\/\/meskernel.net\/es\/wp-json\/wp\/v2\/product_cat?post=120"},{"taxonomy":"product_tag","embeddable":true,"href":"https:\/\/meskernel.net\/es\/wp-json\/wp\/v2\/product_tag?post=120"}],"curies":[{"name":"wp","href":"https:\/\/api.w.org\/{rel}","templated":true}]}}