{"id":121,"date":"2024-10-10T11:08:43","date_gmt":"2024-10-10T03:08:43","guid":{"rendered":"http:\/\/170.106.98.143\/?post_type=product&#038;p=121"},"modified":"2026-01-28T09:41:39","modified_gmt":"2026-01-28T01:41:39","slug":"sensor-de-larga-distancia","status":"publish","type":"product","link":"https:\/\/meskernel.net\/es\/product\/long-distance-sensor\/","title":{"rendered":"Sensor de pulso de larga distancia 1100m TTL Clase de seguridad 1"},"content":{"rendered":"<p>El sensor de larga distancia es un m\u00f3dulo que utiliza tecnolog\u00eda l\u00e1ser pulsada para medir distancias. Emite una serie de rayos l\u00e1ser pulsados y calcula la distancia entre el objeto objetivo y el m\u00f3dulo midiendo el tiempo de ida y vuelta de los rayos l\u00e1ser. El sensor l\u00e1ser de larga distancia PTFS tiene una alta precisi\u00f3n y un largo alcance, una gran capacidad anti-interferencia, soporte para desarrollo secundario, un gran n\u00famero de alcances, seguro para el ojo humano 905 nm, frecuencia personalizable (20-3500 Hz), disponible tanto para interiores como para exteriores. Puede ser ampliamente utilizado en la medici\u00f3n de velocidad, medici\u00f3n de desplazamiento, medici\u00f3n de distancia y otros campos.<\/p>\n<figure id=\"attachment_2981\" aria-describedby=\"caption-attachment-2981\" style=\"width: 1000px\" class=\"wp-caption aligncenter\"><img fetchpriority=\"high\" decoding=\"async\" class=\"wp-image-2981 size-full\" title=\"Sensor de larga distancia PTFS\" src=\"https:\/\/meskernel.net\/wp-content\/uploads\/2024\/10\/Long-Distance-Sensor-PTFS.jpg\" alt=\"Sensor de larga distancia PTFS\" width=\"1000\" height=\"500\" srcset=\"https:\/\/meskernel.net\/wp-content\/uploads\/2024\/10\/Long-Distance-Sensor-PTFS.jpg 1000w, https:\/\/meskernel.net\/wp-content\/uploads\/2024\/10\/Long-Distance-Sensor-PTFS-300x150.jpg 300w, https:\/\/meskernel.net\/wp-content\/uploads\/2024\/10\/Long-Distance-Sensor-PTFS-768x384.jpg 768w, https:\/\/meskernel.net\/wp-content\/uploads\/2024\/10\/Long-Distance-Sensor-PTFS-400x200.jpg 400w\" sizes=\"(max-width: 1000px) 100vw, 1000px\" \/><figcaption id=\"caption-attachment-2981\" class=\"wp-caption-text\">Sensor de larga distancia PTFS<\/figcaption><\/figure>\n<p>El sensor compacto de larga distancia por impulsos proporciona mediciones de distancia precisas y fiables en diversas aplicaciones. Con rangos de medici\u00f3n de 100 metros a 1100 metros, se adapta a tareas de medio y largo alcance. Tanto si se dedica a la construcci\u00f3n, la topograf\u00eda, la rob\u00f3tica o la supervisi\u00f3n remota, este m\u00f3dulo garantiza resultados precisos, incluso en entornos dif\u00edciles.<\/p>\n<h3>Caracter\u00edsticas principales para un rendimiento superior<\/h3>\n<ul>\n<li><strong>Opciones flexibles de distancia:<\/strong><br \/>\nEl sensor de larga distancia Pulse ofrece varias opciones de alcance: 100 metros, 400 metros, 700 metros y 1.100 metros. Esta flexibilidad le permite adaptar el m\u00f3dulo a una amplia gama de aplicaciones. Tanto si necesita medir distancias cortas para un proyecto de rob\u00f3tica como si debe abordar \u00e1reas m\u00e1s extensas en topograf\u00eda, puede contar con resultados uniformes y precisos en todo momento.<\/li>\n<li><strong>Alta frecuencia para una respuesta r\u00e1pida:<\/strong><br \/>\nEste m\u00f3dulo destaca por su rango de frecuencias personalizable de 50 Hz a 500 Hz, lo que lo hace perfecto para aplicaciones que exigen una r\u00e1pida captura de datos, como la rob\u00f3tica, la automatizaci\u00f3n y la supervisi\u00f3n din\u00e1mica. Con sus capacidades de alta frecuencia, el m\u00f3dulo proporciona mediciones r\u00e1pidas en tiempo real, lo que garantiza una captura de datos r\u00e1pida y precisa en entornos de alta velocidad.<\/li>\n<li><strong>Integraci\u00f3n sin esfuerzo:<\/strong><br \/>\nEl dise\u00f1o cuadrado del sensor de larga distancia Pulse facilita la integraci\u00f3n en una amplia variedad de sistemas. Su tama\u00f1o compacto se adapta a aplicaciones en las que el espacio es limitado, como en drones, plataformas rob\u00f3ticas y sistemas integrados. Gracias al sencillo proceso de integraci\u00f3n, puede incorporar r\u00e1pidamente este m\u00f3dulo a su configuraci\u00f3n con una complejidad m\u00ednima, ahorrando un tiempo valioso y reduciendo el esfuerzo de configuraci\u00f3n.<\/li>\n<li><strong>Duradero y fiable:<\/strong><br \/>\nConstruido con tecnolog\u00eda pulsada y un l\u00e1ser de 905 nm, el m\u00f3dulo est\u00e1 dise\u00f1ado para ofrecer una larga durabilidad. Se ha convertido en una opci\u00f3n fiable para aplicaciones exigentes tras someterse a varias actualizaciones t\u00e9cnicas e iteraciones. Tanto si se instala en exteriores como si se utiliza para monitorizaci\u00f3n industrial, este m\u00f3dulo ofrece un rendimiento fiable y mediciones precisas incluso en condiciones dif\u00edciles.<\/li>\n<\/ul>\n<figure id=\"attachment_2982\" aria-describedby=\"caption-attachment-2982\" style=\"width: 800px\" class=\"wp-caption aligncenter\"><img decoding=\"async\" class=\"wp-image-2982 size-full\" title=\"Sensor de larga distancia\" src=\"https:\/\/meskernel.net\/wp-content\/uploads\/2024\/10\/PTFS-Long-Distance-Sensor.jpg\" alt=\"Sensor de larga distancia\" width=\"800\" height=\"800\" srcset=\"https:\/\/meskernel.net\/wp-content\/uploads\/2024\/10\/PTFS-Long-Distance-Sensor.jpg 800w, https:\/\/meskernel.net\/wp-content\/uploads\/2024\/10\/PTFS-Long-Distance-Sensor-300x300.jpg 300w, https:\/\/meskernel.net\/wp-content\/uploads\/2024\/10\/PTFS-Long-Distance-Sensor-150x150.jpg 150w, https:\/\/meskernel.net\/wp-content\/uploads\/2024\/10\/PTFS-Long-Distance-Sensor-768x768.jpg 768w, https:\/\/meskernel.net\/wp-content\/uploads\/2024\/10\/PTFS-Long-Distance-Sensor-400x400.jpg 400w, https:\/\/meskernel.net\/wp-content\/uploads\/2024\/10\/PTFS-Long-Distance-Sensor-100x100.jpg 100w\" sizes=\"(max-width: 800px) 100vw, 800px\" \/><figcaption id=\"caption-attachment-2982\" class=\"wp-caption-text\">Sensor de larga distancia<\/figcaption><\/figure>\n<h3>Adaptaci\u00f3n exacta a sus necesidades<\/h3>\n<p>Adem\u00e1s de sus excelentes caracter\u00edsticas est\u00e1ndar, el sensor de larga distancia por impulsos ofrece opciones de personalizaci\u00f3n flexibles para satisfacer las necesidades espec\u00edficas de su proyecto. Puede ajustar el rango de medici\u00f3n, la configuraci\u00f3n de frecuencia o elegir entre interfaces TTL, RS485 o RS232. Nuestras soluciones personalizadas garantizan que este m\u00f3dulo se adapte perfectamente a su sistema, ofreciendo el rendimiento exacto requerido para su aplicaci\u00f3n.<\/p>\n<h3>\u00bfPor qu\u00e9 elegir el m\u00f3dulo de distancia l\u00e1ser de impulsos compacto?<\/h3>\n<p>El sensor compacto de impulsos de larga distancia combina precisi\u00f3n, flexibilidad y durabilidad. Tanto si trabaja en topograf\u00eda, rob\u00f3tica o monitorizaci\u00f3n remota, este m\u00f3dulo le proporciona las mediciones r\u00e1pidas y precisas que necesita. Su f\u00e1cil integraci\u00f3n, sus funciones personalizables y su rendimiento duradero lo convierten en una excelente opci\u00f3n para una amplia gama de sectores. Adem\u00e1s, gracias a los servicios de personalizaci\u00f3n, puede adaptar el m\u00f3dulo a los requisitos exclusivos de su proyecto, garantizando as\u00ed los mejores resultados.<\/p>\n<p class=\"elementor-heading-title elementor-size-default\"><a href=\"https:\/\/meskernel.net\/es\/ttl-laser-rangefinder-module\/\">M\u00f3dulo tel\u00e9metro l\u00e1ser TTL: Selecci\u00f3n, integraci\u00f3n y gu\u00eda de compra<\/a><\/p>","protected":false},"excerpt":{"rendered":"<p>El sensor compacto de impulsos de larga distancia ofrece mediciones precisas y fiables con opciones de alcance flexibles de 100 metros a 1100 metros. Sus capacidades de alta frecuencia, ajustes personalizables y dise\u00f1o compacto lo hacen perfecto para aplicaciones como rob\u00f3tica, topograf\u00eda y monitorizaci\u00f3n remota.<strong>.<\/strong> La facilidad de integraci\u00f3n, la durabilidad y el rendimiento duradero del m\u00f3dulo garantizan que destaque tanto en proyectos a peque\u00f1a como a gran escala. Adem\u00e1s, ofrecemos servicios de personalizaci\u00f3n para adaptar el m\u00f3dulo a sus necesidades espec\u00edficas, proporcionando una soluci\u00f3n que se ajusta perfectamente a su aplicaci\u00f3n.<\/p>","protected":false},"featured_media":3008,"template":"","meta":{"site-sidebar-layout":"default","site-content-layout":"","ast-site-content-layout":"default","site-content-style":"default","site-sidebar-style":"default","ast-global-header-display":"","ast-banner-title-visibility":"","ast-main-header-display":"","ast-hfb-above-header-display":"","ast-hfb-below-header-display":"","ast-hfb-mobile-header-display":"","site-post-title":"","ast-breadcrumbs-content":"","ast-featured-img":"","footer-sml-layout":"","ast-disable-related-posts":"","theme-transparent-header-meta":"default","adv-header-id-meta":"","stick-header-meta":"","header-above-stick-meta":"","header-main-stick-meta":"","header-below-stick-meta":"","astra-migrate-meta-layouts":"set","ast-page-background-enabled":"default","ast-page-background-meta":{"desktop":{"background-color":"var(--ast-global-color-4)","background-image":"","background-repeat":"repeat","background-position":"center center","background-size":"auto","background-attachment":"scroll","background-type":"","background-media":"","overlay-type":"","overlay-color":"","overlay-opacity":"","overlay-gradient":""},"tablet":{"background-color":"","background-image":"","background-repeat":"repeat","background-position":"center center","background-size":"auto","background-attachment":"scroll","background-type":"","background-media":"","overlay-type":"","overlay-color":"","overlay-opacity":"","overlay-gradient":""},"mobile":{"background-color":"","background-image":"","background-repeat":"repeat","background-position":"center center","background-size":"auto","background-attachment":"scroll","background-type":"","background-media":"","overlay-type":"","overlay-color":"","overlay-opacity":"","overlay-gradient":""}},"ast-content-background-meta":{"desktop":{"background-color":"var(--ast-global-color-5)","background-image":"","background-repeat":"repeat","background-position":"center center","background-size":"auto","background-attachment":"scroll","background-type":"","background-media":"","overlay-type":"","overlay-color":"","overlay-opacity":"","overlay-gradient":""},"tablet":{"background-color":"var(--ast-global-color-5)","background-image":"","background-repeat":"repeat","background-position":"center center","background-size":"auto","background-attachment":"scroll","background-type":"","background-media":"","overlay-type":"","overlay-color":"","overlay-opacity":"","overlay-gradient":""},"mobile":{"background-color":"var(--ast-global-color-5)","background-image":"","background-repeat":"repeat","background-position":"center center","background-size":"auto","background-attachment":"scroll","background-type":"","background-media":"","overlay-type":"","overlay-color":"","overlay-opacity":"","overlay-gradient":""}}},"product_brand":[60],"product_cat":[54],"product_tag":[],"class_list":{"0":"post-121","1":"product","2":"type-product","3":"status-publish","4":"has-post-thumbnail","6":"product_brand-meskernel","7":"product_cat-long-distance-laser-ranging-sensors","8":"desktop-align-center","9":"tablet-align-left","10":"mobile-align-left","12":"first","13":"instock","14":"shipping-taxable","15":"product-type-simple"},"_links":{"self":[{"href":"https:\/\/meskernel.net\/es\/wp-json\/wp\/v2\/product\/121","targetHints":{"allow":["GET"]}}],"collection":[{"href":"https:\/\/meskernel.net\/es\/wp-json\/wp\/v2\/product"}],"about":[{"href":"https:\/\/meskernel.net\/es\/wp-json\/wp\/v2\/types\/product"}],"version-history":[{"count":0,"href":"https:\/\/meskernel.net\/es\/wp-json\/wp\/v2\/product\/121\/revisions"}],"wp:featuredmedia":[{"embeddable":true,"href":"https:\/\/meskernel.net\/es\/wp-json\/wp\/v2\/media\/3008"}],"wp:attachment":[{"href":"https:\/\/meskernel.net\/es\/wp-json\/wp\/v2\/media?parent=121"}],"wp:term":[{"taxonomy":"product_brand","embeddable":true,"href":"https:\/\/meskernel.net\/es\/wp-json\/wp\/v2\/product_brand?post=121"},{"taxonomy":"product_cat","embeddable":true,"href":"https:\/\/meskernel.net\/es\/wp-json\/wp\/v2\/product_cat?post=121"},{"taxonomy":"product_tag","embeddable":true,"href":"https:\/\/meskernel.net\/es\/wp-json\/wp\/v2\/product_tag?post=121"}],"curies":[{"name":"wp","href":"https:\/\/api.w.org\/{rel}","templated":true}]}}