{"id":122,"date":"2024-10-10T11:07:10","date_gmt":"2024-10-10T03:07:10","guid":{"rendered":"http:\/\/170.106.98.143\/?post_type=product&#038;p=122"},"modified":"2025-07-03T14:00:46","modified_gmt":"2025-07-03T06:00:46","slug":"sensor-laser-de-distancia-2","status":"publish","type":"product","link":"https:\/\/meskernel.net\/es\/product\/distance-laser-sensor\/","title":{"rendered":"Sensor l\u00e1ser de distancia con RS485 preciso y fiable 400m"},"content":{"rendered":"<p>El sensor l\u00e1ser de distancia es un m\u00f3dulo que utiliza tecnolog\u00eda l\u00e1ser pulsada para medir distancias. Emite una serie de rayos l\u00e1ser pulsados y calcula la distancia entre el objeto objetivo y el m\u00f3dulo midiendo el tiempo de ida y vuelta de los rayos l\u00e1ser. El sensor l\u00e1ser de telemetr\u00eda PTFS tiene una alta precisi\u00f3n y un largo alcance, gran capacidad anti-interferencia, soporte para desarrollo secundario, un gran n\u00famero de alcances, seguro para el ojo humano 905 nm, frecuencia personalizable (20-3500 Hz), disponible tanto para interiores como para exteriores. Puede ser ampliamente utilizado en la medici\u00f3n de velocidad, medici\u00f3n de desplazamiento, medici\u00f3n de distancia y otros campos.<\/p>\n<figure id=\"attachment_2981\" aria-describedby=\"caption-attachment-2981\" style=\"width: 1000px\" class=\"wp-caption aligncenter\"><img fetchpriority=\"high\" decoding=\"async\" class=\"wp-image-2981 size-full\" title=\"Sensor l\u00e1ser de distancia\" src=\"https:\/\/meskernel.net\/wp-content\/uploads\/2024\/10\/Long-Distance-Sensor-PTFS.jpg\" alt=\"Sensor de larga distancia PTFS\" width=\"1000\" height=\"500\" srcset=\"https:\/\/meskernel.net\/wp-content\/uploads\/2024\/10\/Long-Distance-Sensor-PTFS.jpg 1000w, https:\/\/meskernel.net\/wp-content\/uploads\/2024\/10\/Long-Distance-Sensor-PTFS-300x150.jpg 300w, https:\/\/meskernel.net\/wp-content\/uploads\/2024\/10\/Long-Distance-Sensor-PTFS-768x384.jpg 768w, https:\/\/meskernel.net\/wp-content\/uploads\/2024\/10\/Long-Distance-Sensor-PTFS-400x200.jpg 400w\" sizes=\"(max-width: 1000px) 100vw, 1000px\" \/><figcaption id=\"caption-attachment-2981\" class=\"wp-caption-text\">Sensor de larga distancia PTFS<\/figcaption><\/figure>\n<h3 class=\"magic-4\" data-spm-anchor-id=\"a2700.details.0.i69.8c003d05ZAEItF\"><span class=\"magic-23\">Interfaz de comunicaci\u00f3n<\/span><\/h3>\n<div class=\"magic-16\">\n<div class=\"magic-17\">\n<div class=\"magic-18\" data-spm-anchor-id=\"a2700.details.0.i70.8c003d05ZAEItF\"><span class=\"magic-6\">M\u00e1quina sopladora de botellas PET semiautom\u00e1tica M\u00e1quina para fabricar botellas M\u00e1quina para moldear botellas La m\u00e1quina para fabricar botellas PET es adecuada para producir envases y botellas de pl\u00e1stico PET de todas las formas.<\/span><\/div>\n<div data-spm-anchor-id=\"a2700.details.0.i70.8c003d05ZAEItF\">\n<figure id=\"attachment_2979\" aria-describedby=\"caption-attachment-2979\" style=\"width: 800px\" class=\"wp-caption aligncenter\"><img decoding=\"async\" class=\"wp-image-2979 size-full\" title=\"Sensor l\u00e1ser de distancia con RS485\" src=\"https:\/\/meskernel.net\/wp-content\/uploads\/2024\/11\/PTFS-Laser-Ranging-Sensor-700m.jpg\" alt=\"Sensor de larga distancia\" width=\"800\" height=\"800\" srcset=\"https:\/\/meskernel.net\/wp-content\/uploads\/2024\/11\/PTFS-Laser-Ranging-Sensor-700m.jpg 800w, https:\/\/meskernel.net\/wp-content\/uploads\/2024\/11\/PTFS-Laser-Ranging-Sensor-700m-300x300.jpg 300w, https:\/\/meskernel.net\/wp-content\/uploads\/2024\/11\/PTFS-Laser-Ranging-Sensor-700m-150x150.jpg 150w, https:\/\/meskernel.net\/wp-content\/uploads\/2024\/11\/PTFS-Laser-Ranging-Sensor-700m-768x768.jpg 768w, https:\/\/meskernel.net\/wp-content\/uploads\/2024\/11\/PTFS-Laser-Ranging-Sensor-700m-400x400.jpg 400w, https:\/\/meskernel.net\/wp-content\/uploads\/2024\/11\/PTFS-Laser-Ranging-Sensor-700m-100x100.jpg 100w\" sizes=\"(max-width: 800px) 100vw, 800px\" \/><figcaption id=\"caption-attachment-2979\" class=\"wp-caption-text\">Sensor de larga distancia<\/figcaption><\/figure>\n<\/div>\n<\/div>\n<\/div>\n<h3>Caracter\u00edsticas principales<\/h3>\n<ul>\n<li><strong>Rango de distancia flexible:<\/strong><\/li>\n<\/ul>\n<p>Una de las caracter\u00edsticas m\u00e1s destacadas de este sensor l\u00e1ser de medici\u00f3n son sus opciones de alcance. Puede elegir entre varios rangos de distancia, incluyendo 100 metros, 400 metros, 700 metros y 1100 metros, dependiendo de sus necesidades espec\u00edficas. Esta flexibilidad le permite abordar tanto mediciones de corto alcance para tareas como la navegaci\u00f3n de drones como proyectos de topograf\u00eda a gran escala. Independientemente de la escala de su aplicaci\u00f3n, este sensor se adapta para ofrecer resultados precisos en todo momento.<\/p>\n<ul>\n<li><strong>Frecuencia personalizable para una r\u00e1pida recogida de datos:<\/strong><\/li>\n<\/ul>\n<p>Otra ventaja clave de este sensor l\u00e1ser de medici\u00f3n de distancia es su rango de frecuencia personalizable. Puede ajustar la frecuencia de 50 Hz a 500 Hz, lo que lo hace ideal para aplicaciones que requieren mediciones r\u00e1pidas. Por ejemplo, en rob\u00f3tica, automatizaci\u00f3n o supervisi\u00f3n en tiempo real, la capacidad de recopilar datos r\u00e1pidamente ayuda a mejorar la eficacia general del sistema. Al capturar mediciones precisas en menos tiempo, este sensor es compatible con operaciones de ritmo r\u00e1pido y sensibles al tiempo.<\/p>\n<ul>\n<li><strong>Dise\u00f1o compacto para una f\u00e1cil integraci\u00f3n:<\/strong><\/li>\n<\/ul>\n<p>Gracias a su dise\u00f1o compacto de forma cuadrada, este sensor l\u00e1ser industrial es f\u00e1cil de integrar en diversos sistemas. Su reducido tama\u00f1o lo hace perfecto para aplicaciones con limitaciones de espacio, como dispositivos integrados, drones o plataformas rob\u00f3ticas. Adem\u00e1s, el sencillo proceso de integraci\u00f3n reduce el tiempo de configuraci\u00f3n, lo que le permite centrarse m\u00e1s en la funcionalidad principal de su proyecto. No tendr\u00e1 que preocuparse de complicadas instalaciones, lo que le ahorrar\u00e1 tiempo y esfuerzo.<\/p>\n<ul>\n<li><strong>Fabricado para durar y utilizarse a largo plazo:<\/strong><\/li>\n<\/ul>\n<p>Este sensor l\u00e1ser de distancia est\u00e1 dise\u00f1ado para ser fiable. Utilizando tecnolog\u00eda pulsada y un l\u00e1ser de 905 nm, est\u00e1 construido para soportar las exigencias del uso a largo plazo. El m\u00f3dulo ha pasado por m\u00faltiples iteraciones y actualizaciones, lo que lo convierte en un producto emblem\u00e1tico de la gama de Meskernel. Como resultado, ofrece resultados precisos y fiables, incluso en condiciones dif\u00edciles como las que se dan en la construcci\u00f3n, la supervisi\u00f3n medioambiental o la industria pesada.<\/p>\n<h3 class=\"magic-4\"><span class=\"magic-5\" data-spm-anchor-id=\"a2700.details.0.i71.8c003d05ZAEItF\">Plataforma de software de pruebas<\/span><\/h3>\n<div class=\"magic-16\">\n<div class=\"magic-17\">\n<div class=\"magic-18\"><span class=\"magic-6\">Disponemos de nuestras propias herramientas de prueba de software, que se transmiten al ordenador mediante medici\u00f3n de distancia.<\/span><\/div>\n<div>\n<figure id=\"attachment_2967\" aria-describedby=\"caption-attachment-2967\" style=\"width: 1024px\" class=\"wp-caption aligncenter\"><img decoding=\"async\" class=\"wp-image-2967 size-large\" title=\"Sensor l\u00e1ser de distancia\" src=\"https:\/\/meskernel.net\/wp-content\/uploads\/2024\/10\/Arduino-Laser-Sensor-1024x520.jpg\" alt=\"Sensor l\u00e1ser Arduino\" width=\"1024\" height=\"520\" srcset=\"https:\/\/meskernel.net\/wp-content\/uploads\/2024\/10\/Arduino-Laser-Sensor-1024x520.jpg 1024w, https:\/\/meskernel.net\/wp-content\/uploads\/2024\/10\/Arduino-Laser-Sensor-300x152.jpg 300w, https:\/\/meskernel.net\/wp-content\/uploads\/2024\/10\/Arduino-Laser-Sensor-768x390.jpg 768w, https:\/\/meskernel.net\/wp-content\/uploads\/2024\/10\/Arduino-Laser-Sensor-1536x779.jpg 1536w, https:\/\/meskernel.net\/wp-content\/uploads\/2024\/10\/Arduino-Laser-Sensor-400x203.jpg 400w, https:\/\/meskernel.net\/wp-content\/uploads\/2024\/10\/Arduino-Laser-Sensor.jpg 1906w\" sizes=\"(max-width: 1024px) 100vw, 1024px\" \/><figcaption id=\"caption-attachment-2967\" class=\"wp-caption-text\">Sensor l\u00e1ser Arduino<\/figcaption><\/figure>\n<\/div>\n<\/div>\n<\/div>\n<h3>Soluciones a la medida de sus necesidades<\/h3>\n<p>Adem\u00e1s de sus potentes caracter\u00edsticas est\u00e1ndar, tambi\u00e9n ofrecemos soluciones personalizadas para adaptar este sensor l\u00e1ser de distancia a sus requisitos espec\u00edficos. Tanto si necesita ajustar el rango de medici\u00f3n, la configuraci\u00f3n de frecuencia o las opciones de interfaz (TTL, RS485, RS232), podemos ofrecerle soluciones flexibles que se adapten perfectamente a su aplicaci\u00f3n. La personalizaci\u00f3n le garantiza el mejor rendimiento posible del sensor, adaptado a las necesidades \u00fanicas de su sistema.<\/p>\n<h3>\u00bfPor qu\u00e9 elegir el sensor l\u00e1ser de distancia compacto?<\/h3>\n<p>El sensor l\u00e1ser de distancia compacto ofrece una combinaci\u00f3n perfecta de precisi\u00f3n, flexibilidad y durabilidad. Su versatilidad en opciones de alcance y ajustes personalizables lo hacen ideal para sectores como la rob\u00f3tica, la topograf\u00eda y la automatizaci\u00f3n. El dise\u00f1o robusto del sensor, sus capacidades de alta frecuencia y su adaptabilidad a diversas aplicaciones lo convierten en una opci\u00f3n fiable para una amplia gama de casos de uso industrial. Con mediciones r\u00e1pidas y precisas, le ayuda a agilizar sus operaciones, mejorar la eficiencia y reducir el tiempo de inactividad.<\/p>\n<p>Tanto si trabaja en un proyecto a peque\u00f1a escala como si gestiona sistemas grandes y complejos, este sensor l\u00e1ser de distancia proporciona la velocidad, precisi\u00f3n y personalizaci\u00f3n que necesita para hacer bien el trabajo.<\/p>","protected":false},"excerpt":{"rendered":"<p>Descubra el sensor l\u00e1ser de distancia compacto: un sensor duradero y de alta precisi\u00f3n perfecto para rob\u00f3tica, topograf\u00eda y automatizaci\u00f3n. Con ajustes personalizables, rangos flexibles de hasta 1100 metros y mediciones r\u00e1pidas y precisas, es la soluci\u00f3n ideal para sus necesidades industriales. Obtenga un rendimiento fiable y una integraci\u00f3n perfecta hoy mismo.<\/p>","protected":false},"featured_media":3000,"template":"","meta":{"site-sidebar-layout":"default","site-content-layout":"","ast-site-content-layout":"default","site-content-style":"default","site-sidebar-style":"default","ast-global-header-display":"","ast-banner-title-visibility":"","ast-main-header-display":"","ast-hfb-above-header-display":"","ast-hfb-below-header-display":"","ast-hfb-mobile-header-display":"","site-post-title":"","ast-breadcrumbs-content":"","ast-featured-img":"","footer-sml-layout":"","ast-disable-related-posts":"","theme-transparent-header-meta":"default","adv-header-id-meta":"","stick-header-meta":"","header-above-stick-meta":"","header-main-stick-meta":"","header-below-stick-meta":"","astra-migrate-meta-layouts":"set","ast-page-background-enabled":"default","ast-page-background-meta":{"desktop":{"background-color":"var(--ast-global-color-4)","background-image":"","background-repeat":"repeat","background-position":"center center","background-size":"auto","background-attachment":"scroll","background-type":"","background-media":"","overlay-type":"","overlay-color":"","overlay-opacity":"","overlay-gradient":""},"tablet":{"background-color":"","background-image":"","background-repeat":"repeat","background-position":"center center","background-size":"auto","background-attachment":"scroll","background-type":"","background-media":"","overlay-type":"","overlay-color":"","overlay-opacity":"","overlay-gradient":""},"mobile":{"background-color":"","background-image":"","background-repeat":"repeat","background-position":"center center","background-size":"auto","background-attachment":"scroll","background-type":"","background-media":"","overlay-type":"","overlay-color":"","overlay-opacity":"","overlay-gradient":""}},"ast-content-background-meta":{"desktop":{"background-color":"var(--ast-global-color-5)","background-image":"","background-repeat":"repeat","background-position":"center center","background-size":"auto","background-attachment":"scroll","background-type":"","background-media":"","overlay-type":"","overlay-color":"","overlay-opacity":"","overlay-gradient":""},"tablet":{"background-color":"var(--ast-global-color-5)","background-image":"","background-repeat":"repeat","background-position":"center center","background-size":"auto","background-attachment":"scroll","background-type":"","background-media":"","overlay-type":"","overlay-color":"","overlay-opacity":"","overlay-gradient":""},"mobile":{"background-color":"var(--ast-global-color-5)","background-image":"","background-repeat":"repeat","background-position":"center center","background-size":"auto","background-attachment":"scroll","background-type":"","background-media":"","overlay-type":"","overlay-color":"","overlay-opacity":"","overlay-gradient":""}}},"product_brand":[60],"product_cat":[31],"product_tag":[],"class_list":{"0":"post-122","1":"product","2":"type-product","3":"status-publish","4":"has-post-thumbnail","6":"product_brand-meskernel","7":"product_cat-tof-ranging-sensor","8":"desktop-align-center","9":"tablet-align-left","10":"mobile-align-left","12":"first","13":"instock","14":"shipping-taxable","15":"product-type-simple"},"_links":{"self":[{"href":"https:\/\/meskernel.net\/es\/wp-json\/wp\/v2\/product\/122","targetHints":{"allow":["GET"]}}],"collection":[{"href":"https:\/\/meskernel.net\/es\/wp-json\/wp\/v2\/product"}],"about":[{"href":"https:\/\/meskernel.net\/es\/wp-json\/wp\/v2\/types\/product"}],"version-history":[{"count":0,"href":"https:\/\/meskernel.net\/es\/wp-json\/wp\/v2\/product\/122\/revisions"}],"wp:featuredmedia":[{"embeddable":true,"href":"https:\/\/meskernel.net\/es\/wp-json\/wp\/v2\/media\/3000"}],"wp:attachment":[{"href":"https:\/\/meskernel.net\/es\/wp-json\/wp\/v2\/media?parent=122"}],"wp:term":[{"taxonomy":"product_brand","embeddable":true,"href":"https:\/\/meskernel.net\/es\/wp-json\/wp\/v2\/product_brand?post=122"},{"taxonomy":"product_cat","embeddable":true,"href":"https:\/\/meskernel.net\/es\/wp-json\/wp\/v2\/product_cat?post=122"},{"taxonomy":"product_tag","embeddable":true,"href":"https:\/\/meskernel.net\/es\/wp-json\/wp\/v2\/product_tag?post=122"}],"curies":[{"name":"wp","href":"https:\/\/api.w.org\/{rel}","templated":true}]}}