{"id":2684,"date":"2024-11-19T17:41:19","date_gmt":"2024-11-19T09:41:19","guid":{"rendered":"https:\/\/meskernel.net\/?post_type=product&#038;p=2684"},"modified":"2025-07-03T13:48:52","modified_gmt":"2025-07-03T05:48:52","slug":"telemetro-laser-2","status":"publish","type":"product","link":"https:\/\/meskernel.net\/es\/product\/laser-range-finder\/","title":{"rendered":"Sensor tel\u00e9metro l\u00e1ser TC25 700m Moudle"},"content":{"rendered":"<p><strong style=\"font-size: 1.7em;\">Tel\u00e9metro l\u00e1ser de alta precisi\u00f3n: soluciones compactas y fiables<\/strong><\/p>\n<p>Presentamos el tel\u00e9metro l\u00e1ser de Meskernel, dise\u00f1ado para proporcionar mediciones de distancia precisas y fiables para una amplia gama de aplicaciones. Tanto si trabaja en automatizaci\u00f3n, rob\u00f3tica, medici\u00f3n industrial o <a href=\"https:\/\/meskernel.net\/es\/categoria\/aplicacion\/control-medioambiental\/\">control medioambiental<\/a>Nuestro dispositivo ofrece la precisi\u00f3n que necesita, manteniendo un dise\u00f1o compacto y eficiente que se integra perfectamente en sus sistemas.<\/p>\n<p>&nbsp;<\/p>\n<figure id=\"attachment_2991\" aria-describedby=\"caption-attachment-2991\" style=\"width: 1000px\" class=\"wp-caption aligncenter\"><img fetchpriority=\"high\" decoding=\"async\" class=\"wp-image-2991 size-full\" title=\"Tel\u00e9metro l\u00e1ser TC22 700 m\" src=\"https:\/\/meskernel.net\/wp-content\/uploads\/2024\/11\/TC22-Laser-Range-Finder-700m.jpg\" alt=\"Tel\u00e9metro l\u00e1ser TC22 700 m\" width=\"1000\" height=\"500\" srcset=\"https:\/\/meskernel.net\/wp-content\/uploads\/2024\/11\/TC22-Laser-Range-Finder-700m.jpg 1000w, https:\/\/meskernel.net\/wp-content\/uploads\/2024\/11\/TC22-Laser-Range-Finder-700m-300x150.jpg 300w, https:\/\/meskernel.net\/wp-content\/uploads\/2024\/11\/TC22-Laser-Range-Finder-700m-768x384.jpg 768w, https:\/\/meskernel.net\/wp-content\/uploads\/2024\/11\/TC22-Laser-Range-Finder-700m-400x200.jpg 400w\" sizes=\"(max-width: 1000px) 100vw, 1000px\" \/><figcaption id=\"caption-attachment-2991\" class=\"wp-caption-text\">Tel\u00e9metro l\u00e1ser TC22 700 m<\/figcaption><\/figure>\n<h3>Caracter\u00edsticas principales<\/h3>\n<ul>\n<li>Gran distancia<\/li>\n<\/ul>\n<p style=\"padding-left: 40px;\">M\u00faltiples opciones de distancia, que proporcionan rangos de medici\u00f3n de 700 metros y 1000 metros. Esta versatilidad le permite satisfacer las necesidades de las aplicaciones de alcance medio y ultralargo, ofreciendo un rendimiento excepcional en grandes \u00e1reas o en la supervisi\u00f3n remota.<\/p>\n<ul>\n<li>Forma cil\u00edndrica<\/li>\n<\/ul>\n<p style=\"padding-left: 40px;\">Su forma cil\u00edndrica facilita su integraci\u00f3n en productos como drones y miras de uso exterior.<\/p>\n<ul>\n<li>Alta precisi\u00f3n<\/li>\n<\/ul>\n<p style=\"padding-left: 40px;\">El sensor ofrece una precisi\u00f3n de medici\u00f3n de hasta 1 metro, lo que proporciona datos fiables y precisos para mediciones a larga distancia.<\/p>\n<ul>\n<li>Tama\u00f1o compacto para una integraci\u00f3n vers\u00e1til<\/li>\n<\/ul>\n<p style=\"padding-left: 40px;\">Con unas dimensiones de s\u00f3lo \u03a622x43 mm, el tel\u00e9metro l\u00e1ser es ideal para sistemas en los que el espacio es limitado. Su reducido tama\u00f1o facilita su integraci\u00f3n en una gran variedad de proyectos, desde plataformas rob\u00f3ticas compactas hasta sistemas industriales de mayor tama\u00f1o. A pesar de su tama\u00f1o compacto, el dispositivo mantiene un rendimiento robusto, proporcionando mediciones precisas y de alta calidad tanto en interiores como en exteriores. Adem\u00e1s, su dise\u00f1o ligero no compromete su durabilidad, lo que garantiza una funcionalidad duradera incluso en las aplicaciones m\u00e1s exigentes.<\/p>\n<figure id=\"attachment_2994\" aria-describedby=\"caption-attachment-2994\" style=\"width: 1048px\" class=\"wp-caption aligncenter\"><img decoding=\"async\" class=\"wp-image-2994 size-full\" title=\"aplicaci\u00f3n del sensor de distancia\" src=\"https:\/\/meskernel.net\/wp-content\/uploads\/2024\/11\/application.jpg\" alt=\"aplicaci\u00f3n del sensor de distancia\" width=\"1048\" height=\"226\" srcset=\"https:\/\/meskernel.net\/wp-content\/uploads\/2024\/11\/application.jpg 1048w, https:\/\/meskernel.net\/wp-content\/uploads\/2024\/11\/application-300x65.jpg 300w, https:\/\/meskernel.net\/wp-content\/uploads\/2024\/11\/application-1024x221.jpg 1024w, https:\/\/meskernel.net\/wp-content\/uploads\/2024\/11\/application-768x166.jpg 768w, https:\/\/meskernel.net\/wp-content\/uploads\/2024\/11\/application-400x86.jpg 400w\" sizes=\"(max-width: 1048px) 100vw, 1048px\" \/><figcaption id=\"caption-attachment-2994\" class=\"wp-caption-text\">aplicaci\u00f3n del sensor de distancia<\/figcaption><\/figure>\n<h3>M\u00faltiples interfaces para una integraci\u00f3n perfecta<\/h3>\n<p>Para garantizar una integraci\u00f3n sin esfuerzo en el sistema, el tel\u00e9metro l\u00e1ser est\u00e1 equipado con una serie de interfaces de comunicaci\u00f3n, como TTL, RS485 y RS232. Esta variedad de opciones le permite conectar f\u00e1cilmente el sensor a una amplia gama de sistemas, haciendo que la transmisi\u00f3n de datos sea sencilla y sin problemas. Como resultado, independientemente de la plataforma que est\u00e9 utilizando, puede confiar en una integraci\u00f3n sin problemas, garantizando la compatibilidad con su infraestructura existente. Tanto si trabaja con sistemas rob\u00f3ticos avanzados como con equipos de automatizaci\u00f3n industrial, nuestro sensor le ofrece la flexibilidad que necesita para una amplia variedad de aplicaciones.<\/p>\n<figure id=\"attachment_2987\" aria-describedby=\"caption-attachment-2987\" style=\"width: 750px\" class=\"wp-caption aligncenter\"><img decoding=\"async\" class=\"wp-image-2987 size-full\" title=\"Tel\u00e9metro l\u00e1ser 700 m\" src=\"https:\/\/meskernel.net\/wp-content\/uploads\/2024\/11\/Laser-Distance-Module-2000m.jpg\" alt=\"M\u00f3dulo de distancia l\u00e1ser 2000m\" width=\"750\" height=\"266\" srcset=\"https:\/\/meskernel.net\/wp-content\/uploads\/2024\/11\/Laser-Distance-Module-2000m.jpg 750w, https:\/\/meskernel.net\/wp-content\/uploads\/2024\/11\/Laser-Distance-Module-2000m-300x106.jpg 300w, https:\/\/meskernel.net\/wp-content\/uploads\/2024\/11\/Laser-Distance-Module-2000m-400x142.jpg 400w\" sizes=\"(max-width: 750px) 100vw, 750px\" \/><figcaption id=\"caption-attachment-2987\" class=\"wp-caption-text\">M\u00f3dulo de distancia l\u00e1ser 2000m<\/figcaption><\/figure>\n<h3><strong>\u00bfPor qu\u00e9 elegir el tel\u00e9metro l\u00e1ser de Meskernel?<\/strong><\/h3>\n<ul>\n<li><strong>Soluciones personalizables<\/strong>: Como fabricante l\u00edder, Meskernel ofrece servicios OEM y ODM. Esto significa que podemos adaptar el tel\u00e9metro l\u00e1ser a los requisitos espec\u00edficos de su proyecto. Desde modificar el alcance hasta personalizar la interfaz o la precisi\u00f3n, podemos dise\u00f1ar el dispositivo para que se adapte perfectamente a sus necesidades.<\/li>\n<li><strong>Precios competitivos<\/strong>: La fabricaci\u00f3n propia de nuestros dispositivos nos permite ofrecer precios muy competitivos sin comprometer la calidad. De este modo, usted obtiene un gran valor por su inversi\u00f3n, ya que nos aseguramos de que nuestros productos sean rentables y fiables.<\/li>\n<li><strong>Asistencia t\u00e9cnica experta<\/strong>: Nuestro equipo de expertos est\u00e1 a su disposici\u00f3n para ofrecerle asistencia t\u00e9cnica completa, garantizando la integraci\u00f3n y el funcionamiento sin problemas de nuestros productos. <a href=\"https:\/\/meskernel.net\/es\/product\/sensor-laser-de-distancia-de-alta-precision\/\">sensor l\u00e1ser de distancia<\/a> en sus sistemas. Desde el momento en que selecciona su producto hasta despu\u00e9s de la instalaci\u00f3n, estamos aqu\u00ed para guiarle en cada paso del proceso, proporcion\u00e1ndole asistencia continua siempre que sea necesario.<\/li>\n<li><strong>Aplicaciones vers\u00e1tiles<\/strong>: Ya sea para automatizaci\u00f3n industrial, sistemas rob\u00f3ticos, topograf\u00eda precisa o supervisi\u00f3n de la seguridad, nuestro sensor l\u00e1ser de distancia es una herramienta vers\u00e1til que puede utilizarse en una gran variedad de campos. Por ejemplo, nuestro sensor es ideal para medir la distancia en sistemas automatizados de manipulaci\u00f3n de materiales, detectar peligros potenciales en zonas de construcci\u00f3n o incluso controlar la distancia entre animales y per\u00edmetros en sistemas de protecci\u00f3n de la fauna salvaje.\n<p><figure id=\"attachment_2995\" aria-describedby=\"caption-attachment-2995\" style=\"width: 1069px\" class=\"wp-caption aligncenter\"><img loading=\"lazy\" decoding=\"async\" class=\"wp-image-2995 size-full\" title=\"por qu\u00e9 utilizar el sensor de distancia\" src=\"https:\/\/meskernel.net\/wp-content\/uploads\/2024\/11\/why-us-distance-sensor.jpg\" alt=\"por qu\u00e9 utilizar el sensor de distancia\" width=\"1069\" height=\"228\" srcset=\"https:\/\/meskernel.net\/wp-content\/uploads\/2024\/11\/why-us-distance-sensor.jpg 1069w, https:\/\/meskernel.net\/wp-content\/uploads\/2024\/11\/why-us-distance-sensor-300x64.jpg 300w, https:\/\/meskernel.net\/wp-content\/uploads\/2024\/11\/why-us-distance-sensor-1024x218.jpg 1024w, https:\/\/meskernel.net\/wp-content\/uploads\/2024\/11\/why-us-distance-sensor-768x164.jpg 768w, https:\/\/meskernel.net\/wp-content\/uploads\/2024\/11\/why-us-distance-sensor-400x85.jpg 400w\" sizes=\"(max-width: 1069px) 100vw, 1069px\" \/><figcaption id=\"caption-attachment-2995\" class=\"wp-caption-text\">por qu\u00e9 utilizar el sensor de distancia<\/figcaption><\/figure><\/li>\n<\/ul>\n<p>&nbsp;<\/p>\n<h3><strong>Eleve sus proyectos con el tel\u00e9metro l\u00e1ser de Meskernel<\/strong><\/h3>\n<p>En Meskernel, nos enorgullecemos de ofrecer tecnolog\u00eda punta combinada con un servicio al cliente excepcional. El tel\u00e9metro l\u00e1ser logra el equilibrio perfecto entre precisi\u00f3n, alcance y flexibilidad de integraci\u00f3n, lo que lo convierte en una opci\u00f3n excelente para una gran variedad de proyectos exigentes.<\/p>\n<p>P\u00f3ngase en contacto con nosotros hoy mismo para obtener m\u00e1s informaci\u00f3n sobre c\u00f3mo nuestro tel\u00e9metro l\u00e1ser puede mejorar sus sistemas. Adem\u00e1s, ofrecemos soluciones personalizadas que se adaptan a sus requisitos exclusivos, tanto si busca una producci\u00f3n OEM como un dise\u00f1o a medida. Perm\u00edtanos ayudarle a conseguir precisi\u00f3n y fiabilidad en cada medici\u00f3n.<\/p>","protected":false},"excerpt":{"rendered":"<p>El tel\u00e9metro l\u00e1ser de Meskernel ofrece soluciones de medici\u00f3n de distancias de alta precisi\u00f3n para diversos sectores, como la automatizaci\u00f3n, la rob\u00f3tica y las aplicaciones industriales. Con un dise\u00f1o compacto, un amplio rango de medici\u00f3n (de 3 a 700 metros, ampliable a 1000 metros) y un rendimiento preciso (\u00b11m), garantiza resultados fiables incluso en entornos complejos. Al ofrecer una integraci\u00f3n flexible con interfaces TTL, RS485 y RS232, es ideal para diversas aplicaciones como el seguimiento en tiempo real, la supervisi\u00f3n de la seguridad y la inspecci\u00f3n industrial. Meskernel tambi\u00e9n proporciona servicios OEM y ODM, ofreciendo soluciones personalizadas que se adaptan a sus necesidades espec\u00edficas. Mejore sus proyectos con la precisi\u00f3n y versatilidad de nuestro sensor l\u00e1ser de distancia<\/p>","protected":false},"featured_media":3005,"template":"","meta":{"site-sidebar-layout":"default","site-content-layout":"","ast-site-content-layout":"default","site-content-style":"default","site-sidebar-style":"default","ast-global-header-display":"","ast-banner-title-visibility":"","ast-main-header-display":"","ast-hfb-above-header-display":"","ast-hfb-below-header-display":"","ast-hfb-mobile-header-display":"","site-post-title":"","ast-breadcrumbs-content":"","ast-featured-img":"","footer-sml-layout":"","ast-disable-related-posts":"","theme-transparent-header-meta":"default","adv-header-id-meta":"","stick-header-meta":"","header-above-stick-meta":"","header-main-stick-meta":"","header-below-stick-meta":"","astra-migrate-meta-layouts":"set","ast-page-background-enabled":"default","ast-page-background-meta":{"desktop":{"background-color":"var(--ast-global-color-4)","background-image":"","background-repeat":"repeat","background-position":"center center","background-size":"auto","background-attachment":"scroll","background-type":"","background-media":"","overlay-type":"","overlay-color":"","overlay-opacity":"","overlay-gradient":""},"tablet":{"background-color":"","background-image":"","background-repeat":"repeat","background-position":"center center","background-size":"auto","background-attachment":"scroll","background-type":"","background-media":"","overlay-type":"","overlay-color":"","overlay-opacity":"","overlay-gradient":""},"mobile":{"background-color":"","background-image":"","background-repeat":"repeat","background-position":"center center","background-size":"auto","background-attachment":"scroll","background-type":"","background-media":"","overlay-type":"","overlay-color":"","overlay-opacity":"","overlay-gradient":""}},"ast-content-background-meta":{"desktop":{"background-color":"var(--ast-global-color-5)","background-image":"","background-repeat":"repeat","background-position":"center center","background-size":"auto","background-attachment":"scroll","background-type":"","background-media":"","overlay-type":"","overlay-color":"","overlay-opacity":"","overlay-gradient":""},"tablet":{"background-color":"var(--ast-global-color-5)","background-image":"","background-repeat":"repeat","background-position":"center center","background-size":"auto","background-attachment":"scroll","background-type":"","background-media":"","overlay-type":"","overlay-color":"","overlay-opacity":"","overlay-gradient":""},"mobile":{"background-color":"var(--ast-global-color-5)","background-image":"","background-repeat":"repeat","background-position":"center center","background-size":"auto","background-attachment":"scroll","background-type":"","background-media":"","overlay-type":"","overlay-color":"","overlay-opacity":"","overlay-gradient":""}}},"product_brand":[60],"product_cat":[54],"product_tag":[],"class_list":{"0":"post-2684","1":"product","2":"type-product","3":"status-publish","4":"has-post-thumbnail","6":"product_brand-meskernel","7":"product_cat-long-distance-laser-ranging-sensors","8":"desktop-align-center","9":"tablet-align-left","10":"mobile-align-left","12":"first","13":"instock","14":"shipping-taxable","15":"product-type-simple"},"_links":{"self":[{"href":"https:\/\/meskernel.net\/es\/wp-json\/wp\/v2\/product\/2684","targetHints":{"allow":["GET"]}}],"collection":[{"href":"https:\/\/meskernel.net\/es\/wp-json\/wp\/v2\/product"}],"about":[{"href":"https:\/\/meskernel.net\/es\/wp-json\/wp\/v2\/types\/product"}],"version-history":[{"count":0,"href":"https:\/\/meskernel.net\/es\/wp-json\/wp\/v2\/product\/2684\/revisions"}],"wp:featuredmedia":[{"embeddable":true,"href":"https:\/\/meskernel.net\/es\/wp-json\/wp\/v2\/media\/3005"}],"wp:attachment":[{"href":"https:\/\/meskernel.net\/es\/wp-json\/wp\/v2\/media?parent=2684"}],"wp:term":[{"taxonomy":"product_brand","embeddable":true,"href":"https:\/\/meskernel.net\/es\/wp-json\/wp\/v2\/product_brand?post=2684"},{"taxonomy":"product_cat","embeddable":true,"href":"https:\/\/meskernel.net\/es\/wp-json\/wp\/v2\/product_cat?post=2684"},{"taxonomy":"product_tag","embeddable":true,"href":"https:\/\/meskernel.net\/es\/wp-json\/wp\/v2\/product_tag?post=2684"}],"curies":[{"name":"wp","href":"https:\/\/api.w.org\/{rel}","templated":true}]}}