{"id":2691,"date":"2024-11-20T14:31:23","date_gmt":"2024-11-20T06:31:23","guid":{"rendered":"https:\/\/meskernel.net\/?post_type=product&#038;p=2691"},"modified":"2025-07-03T13:48:02","modified_gmt":"2025-07-03T05:48:02","slug":"sensor-laser-de-distancia-tof","status":"publish","type":"product","link":"https:\/\/meskernel.net\/es\/product\/tof-laser-distance-sensor\/","title":{"rendered":"Sensor l\u00e1ser de distancia LDLL 20Hz TOF para mediciones precisas y fiables"},"content":{"rendered":"<div class=\"mceTemp\"><\/div>\n<h3><strong>Sensor l\u00e1ser de distancia TOF de alta precisi\u00f3n de 20 m para aplicaciones industriales<\/strong><\/h3>\n<p>Nuestro sensor l\u00e1ser de distancia TOF de alta precisi\u00f3n de 20 m ofrece una precisi\u00f3n y fiabilidad excepcionales, lo que lo convierte en la soluci\u00f3n ideal para aplicaciones industriales exigentes. Como fabricante l\u00edder de sensores de medici\u00f3n l\u00e1ser, nos especializamos en proporcionar tecnolog\u00eda de vanguardia para industrias como la automatizaci\u00f3n, la fabricaci\u00f3n, la topograf\u00eda y la ingenier\u00eda. Tanto si mide peque\u00f1os componentes como grandes superficies, nuestros sensores garantizan resultados precisos en todo momento, incluso en entornos dif\u00edciles.<\/p>\n<figure id=\"attachment_2960\" aria-describedby=\"caption-attachment-2960\" style=\"width: 1080px\" class=\"wp-caption aligncenter\"><img fetchpriority=\"high\" decoding=\"async\" class=\"wp-image-2960 size-full\" title=\"Sensor l\u00e1ser de distancia TOF\" src=\"https:\/\/meskernel.net\/wp-content\/uploads\/2024\/11\/TOF-Laser-Distance-Sensor.jpg\" alt=\"Sensor l\u00e1ser de distancia TOF\" width=\"1080\" height=\"300\" srcset=\"https:\/\/meskernel.net\/wp-content\/uploads\/2024\/11\/TOF-Laser-Distance-Sensor.jpg 1080w, https:\/\/meskernel.net\/wp-content\/uploads\/2024\/11\/TOF-Laser-Distance-Sensor-300x83.jpg 300w, https:\/\/meskernel.net\/wp-content\/uploads\/2024\/11\/TOF-Laser-Distance-Sensor-1024x284.jpg 1024w, https:\/\/meskernel.net\/wp-content\/uploads\/2024\/11\/TOF-Laser-Distance-Sensor-768x213.jpg 768w, https:\/\/meskernel.net\/wp-content\/uploads\/2024\/11\/TOF-Laser-Distance-Sensor-400x111.jpg 400w\" sizes=\"(max-width: 1080px) 100vw, 1080px\" \/><figcaption id=\"caption-attachment-2960\" class=\"wp-caption-text\">Sensor l\u00e1ser de distancia TOF<\/figcaption><\/figure>\n<h3><strong>Personalizaci\u00f3n flexible para sus necesidades espec\u00edficas<\/strong><\/h3>\n<p>Como fabricante de sensores de confianza, ofrecemos amplias opciones de personalizaci\u00f3n para satisfacer sus necesidades espec\u00edficas. Ya sea ajustando el rango de medici\u00f3n, a\u00f1adiendo salidas personalizadas u optimizando la carcasa del sensor para entornos especializados, podemos adaptar el sensor a sus requisitos exactos. Nuestro sensor l\u00e1ser de distancia de 20 m es compatible con est\u00e1ndares industriales como RS485, RS232 y TTL, lo que permite una integraci\u00f3n perfecta en sus sistemas actuales.<\/p>\n<p>Entre las funciones personalizables se incluyen:<\/p>\n<ul>\n<li>Salidas programables<\/li>\n<li>Funciones de registro de datos y supervisi\u00f3n en tiempo real<\/li>\n<li>Rangos de medici\u00f3n y formatos de salida a medida<\/li>\n<li>Compatibilidad con diversas condiciones ambientales<\/li>\n<\/ul>\n<h3><strong>Fabricaci\u00f3n escalable y producci\u00f3n r\u00e1pida<\/strong><\/h3>\n<p>Nuestras modernas instalaciones de fabricaci\u00f3n est\u00e1n equipadas para gestionar pedidos de lotes peque\u00f1os y grandes vol\u00famenes con tiempos de producci\u00f3n r\u00e1pidos. Tanto si necesita unas pocas unidades como un pedido al por mayor, podemos satisfacer sus demandas con plazos de entrega r\u00e1pidos y plazos de entrega fiables. Empleamos las \u00faltimas t\u00e9cnicas de producci\u00f3n y seguimos estrictos procesos de control de calidad para garantizar que cada sensor l\u00e1ser de distancia TOF de 20 m cumpla los m\u00e1s altos est\u00e1ndares del sector en cuanto a precisi\u00f3n y rendimiento.<\/p>\n<div class=\"ast-oembed-container\" style=\"height: 100%;\"><iframe title=\"Chengdu Meskernel Tecnolog\u00eda Integrada Co , Ltd\" width=\"500\" height=\"281\" src=\"https:\/\/www.youtube.com\/embed\/l3-XWIFqqic?feature=oembed\" frameborder=\"0\" allow=\"accelerometer; autoplay; clipboard-write; encrypted-media; gyroscope; picture-in-picture; web-share\" referrerpolicy=\"strict-origin-when-cross-origin\" allowfullscreen><\/iframe><\/div>\n<h3><strong>Principales ventajas de nuestro sensor l\u00e1ser de distancia 20m<\/strong><\/h3>\n<ul>\n<li><strong>Precisi\u00f3n inigualable<\/strong>: Obtenga mediciones altamente fiables con <strong>\u00b1<\/strong>Precisi\u00f3n de 1 mm, esencial para tareas cr\u00edticas de precisi\u00f3n en entornos industriales.<\/li>\n<li><strong>Funciones personalizables<\/strong>: Adapte el rango de medici\u00f3n, los tipos de salida y las opciones de integraci\u00f3n del sensor para satisfacer sus necesidades espec\u00edficas.<\/li>\n<li><strong>Amplia gama de aplicaciones<\/strong>: Perfecto para aplicaciones de automatizaci\u00f3n rob\u00f3tica, control de calidad, topograf\u00eda e ingenier\u00eda.<\/li>\n<li><strong>F\u00e1cil integraci\u00f3n<\/strong>: Se integra perfectamente con los sistemas existentes a trav\u00e9s de interfaces est\u00e1ndar como RS485, RS232 y TTL.<\/li>\n<li><strong>Producci\u00f3n escalable<\/strong>: Ofrecemos una producci\u00f3n r\u00e1pida y una entrega fiable, tanto si necesita peque\u00f1as como grandes cantidades.<\/li>\n<\/ul>\n<p>Si busca un sensor l\u00e1ser de distancia TOF de alta precisi\u00f3n que ofrezca una exactitud, versatilidad y rendimiento fiable inigualables, el sensor l\u00e1ser de distancia es la soluci\u00f3n ideal para sus necesidades industriales. Desde la fabricaci\u00f3n y la automatizaci\u00f3n hasta la topograf\u00eda y la rob\u00f3tica, nuestro sensor garantiza mediciones precisas y mejora la eficacia operativa.<\/p>\n<p><a href=\"https:\/\/meskernel.net\/es\/pongase-en-contacto-con\/\">P\u00f3ngase en contacto con nosotros<\/a> para saber c\u00f3mo nuestros sensores l\u00e1ser de distancia TOF de alta precisi\u00f3n de 20 m pueden optimizar sus operaciones industriales e impulsar el \u00e9xito en sus proyectos.<\/p>","protected":false},"excerpt":{"rendered":"<p>El LDLL es un m\u00f3dulo sensor de distancia l\u00e1ser TOF de 20 Hz con un rango de medici\u00f3n de 10-40 m y una precisi\u00f3n de \u00b1(3 mm + D\/10000). Es compatible con interfaces TTL, RS-485 y Bluetooth, por lo que es ideal para la medici\u00f3n de distancia integrada en aplicaciones de rob\u00f3tica, automatizaci\u00f3n e IoT.<\/p>","protected":false},"featured_media":2218,"template":"","meta":{"site-sidebar-layout":"default","site-content-layout":"","ast-site-content-layout":"default","site-content-style":"default","site-sidebar-style":"default","ast-global-header-display":"","ast-banner-title-visibility":"","ast-main-header-display":"","ast-hfb-above-header-display":"","ast-hfb-below-header-display":"","ast-hfb-mobile-header-display":"","site-post-title":"","ast-breadcrumbs-content":"","ast-featured-img":"","footer-sml-layout":"","ast-disable-related-posts":"","theme-transparent-header-meta":"default","adv-header-id-meta":"","stick-header-meta":"","header-above-stick-meta":"","header-main-stick-meta":"","header-below-stick-meta":"","astra-migrate-meta-layouts":"set","ast-page-background-enabled":"default","ast-page-background-meta":{"desktop":{"background-color":"var(--ast-global-color-4)","background-image":"","background-repeat":"repeat","background-position":"center center","background-size":"auto","background-attachment":"scroll","background-type":"","background-media":"","overlay-type":"","overlay-color":"","overlay-opacity":"","overlay-gradient":""},"tablet":{"background-color":"","background-image":"","background-repeat":"repeat","background-position":"center center","background-size":"auto","background-attachment":"scroll","background-type":"","background-media":"","overlay-type":"","overlay-color":"","overlay-opacity":"","overlay-gradient":""},"mobile":{"background-color":"","background-image":"","background-repeat":"repeat","background-position":"center center","background-size":"auto","background-attachment":"scroll","background-type":"","background-media":"","overlay-type":"","overlay-color":"","overlay-opacity":"","overlay-gradient":""}},"ast-content-background-meta":{"desktop":{"background-color":"var(--ast-global-color-5)","background-image":"","background-repeat":"repeat","background-position":"center center","background-size":"auto","background-attachment":"scroll","background-type":"","background-media":"","overlay-type":"","overlay-color":"","overlay-opacity":"","overlay-gradient":""},"tablet":{"background-color":"var(--ast-global-color-5)","background-image":"","background-repeat":"repeat","background-position":"center center","background-size":"auto","background-attachment":"scroll","background-type":"","background-media":"","overlay-type":"","overlay-color":"","overlay-opacity":"","overlay-gradient":""},"mobile":{"background-color":"var(--ast-global-color-5)","background-image":"","background-repeat":"repeat","background-position":"center center","background-size":"auto","background-attachment":"scroll","background-type":"","background-media":"","overlay-type":"","overlay-color":"","overlay-opacity":"","overlay-gradient":""}}},"product_brand":[60],"product_cat":[51],"product_tag":[],"class_list":{"0":"post-2691","1":"product","2":"type-product","3":"status-publish","4":"has-post-thumbnail","6":"product_brand-meskernel","7":"product_cat-laser-distance-sensor","8":"desktop-align-center","9":"tablet-align-left","10":"mobile-align-left","12":"first","13":"instock","14":"shipping-taxable","15":"product-type-simple"},"_links":{"self":[{"href":"https:\/\/meskernel.net\/es\/wp-json\/wp\/v2\/product\/2691","targetHints":{"allow":["GET"]}}],"collection":[{"href":"https:\/\/meskernel.net\/es\/wp-json\/wp\/v2\/product"}],"about":[{"href":"https:\/\/meskernel.net\/es\/wp-json\/wp\/v2\/types\/product"}],"version-history":[{"count":0,"href":"https:\/\/meskernel.net\/es\/wp-json\/wp\/v2\/product\/2691\/revisions"}],"wp:featuredmedia":[{"embeddable":true,"href":"https:\/\/meskernel.net\/es\/wp-json\/wp\/v2\/media\/2218"}],"wp:attachment":[{"href":"https:\/\/meskernel.net\/es\/wp-json\/wp\/v2\/media?parent=2691"}],"wp:term":[{"taxonomy":"product_brand","embeddable":true,"href":"https:\/\/meskernel.net\/es\/wp-json\/wp\/v2\/product_brand?post=2691"},{"taxonomy":"product_cat","embeddable":true,"href":"https:\/\/meskernel.net\/es\/wp-json\/wp\/v2\/product_cat?post=2691"},{"taxonomy":"product_tag","embeddable":true,"href":"https:\/\/meskernel.net\/es\/wp-json\/wp\/v2\/product_tag?post=2691"}],"curies":[{"name":"wp","href":"https:\/\/api.w.org\/{rel}","templated":true}]}}