{"id":2737,"date":"2024-11-25T15:56:45","date_gmt":"2024-11-25T07:56:45","guid":{"rendered":"https:\/\/meskernel.net\/?post_type=product&#038;p=2737"},"modified":"2025-09-25T14:37:29","modified_gmt":"2025-09-25T06:37:29","slug":"sensor-laser-ip54","status":"publish","type":"product","link":"https:\/\/meskernel.net\/es\/product\/ip54-laser-sensor\/","title":{"rendered":"PTFS-P4 IP54 Sensor l\u00e1ser de alta frecuencia 400 Hz"},"content":{"rendered":"<p>Nuestro sensor l\u00e1ser IP54 est\u00e1 dise\u00f1ado por expertos para ofrecer una protecci\u00f3n, durabilidad y fiabilidad superiores para sensores l\u00e1ser en entornos industriales exigentes. Con su tama\u00f1o compacto (mide 80x65x32,20 mm), esta carcasa protectora protege los sensores l\u00e1ser de da\u00f1os f\u00edsicos, riesgos ambientales e interferencias electromagn\u00e9ticas. Soporta un rango de medici\u00f3n de 3m a 1100m y <strong>\u00b1<\/strong>Con una precisi\u00f3n de 1 m, nuestro sensor l\u00e1ser IP54 garantiza que los sensores l\u00e1ser funcionen con precisi\u00f3n, incluso en condiciones extremas.<\/p>\n<h3>\u00bfPor qu\u00e9 elegir nuestro sensor l\u00e1ser IP54?<\/h3>\n<ol>\n<li><strong>Protecci\u00f3n inigualable para sensores l\u00e1ser<\/strong><br \/>\nNuestro sensor l\u00e1ser IP54 ofrece una protecci\u00f3n excepcional contra el polvo, el agua y los da\u00f1os f\u00edsicos. Tanto si trabaja en construcci\u00f3n, rob\u00f3tica o topograf\u00eda, esta robusta carcasa mantiene sus sensores l\u00e1ser seguros y operativos. Por ejemplo, en aplicaciones de topograf\u00eda, las carcasas de los sensores est\u00e1n expuestas a duros entornos exteriores, pero nuestra carcasa protectora garantiza que mantengan un rendimiento fiable incluso en condiciones de polvo o lluvia.<\/li>\n<li><strong>Alta precisi\u00f3n y amplio rango de medici\u00f3n<\/strong><br \/>\nLa carcasa del sensor est\u00e1 dise\u00f1ada para soportar un amplio rango de medici\u00f3n de 3m a 1100m con <strong>\u00b1<\/strong>1m de precisi\u00f3n, por lo que resulta ideal para sectores que requieren mediciones precisas a grandes distancias. Por ejemplo, en rob\u00f3tica, los sensores l\u00e1ser alojados en nuestra carcasa de protecci\u00f3n proporcionan un posicionamiento y una detecci\u00f3n de objetos precisos. La carcasa duradera de los sensores l\u00e1ser garantiza un rendimiento estable en entornos industriales, asegurando la fiabilidad de las mediciones cr\u00edticas.<\/li>\n<li><strong>Integraci\u00f3n perfecta con m\u00faltiples interfaces de comunicaci\u00f3n<\/strong><br \/>\nNuestro sensor l\u00e1ser IP54 viene equipado con interfaces de comunicaci\u00f3n TTL, RS485 y RS232, lo que garantiza una transmisi\u00f3n de datos perfecta y una f\u00e1cil integraci\u00f3n con los sistemas de control. En la automatizaci\u00f3n industrial, por ejemplo, los sensores l\u00e1ser integrados con nuestra carcasa se utilizan para supervisar las posiciones y la alineaci\u00f3n de las m\u00e1quinas. Esto permite una comunicaci\u00f3n fluida entre la carcasa del sensor y el sistema para una eficacia operativa en tiempo real.<\/li>\n<li><strong>Rendimiento fiable en entornos dif\u00edciles<\/strong><br \/>\nLa carcasa protectora de los sensores l\u00e1ser est\u00e1 fabricada para soportar condiciones extremas. Evita las interferencias electromagn\u00e9ticas (EMI) y las descargas electrost\u00e1ticas (ESD) que podr\u00edan afectar al rendimiento del sensor. Ya sea en cartograf\u00eda exterior, miner\u00eda o construcci\u00f3n, esta carcasa garantiza que los sensores l\u00e1ser sigan ofreciendo resultados precisos y uniformes, incluso en entornos dif\u00edciles.<\/li>\n<li><strong>Soluciones personalizadas de sensores l\u00e1ser IP54 - A la medida de sus necesidades<\/strong><br \/>\nComo fabricante l\u00edder de sensores l\u00e1ser, ofrecemos servicios OEM y ODM para suministrar sensores l\u00e1ser personalizados que satisfagan las demandas espec\u00edficas de su sector. Desde modificar el tama\u00f1o de la carcasa hasta adaptarla a condiciones ambientales \u00fanicas, ofrecemos soluciones flexibles que garantizan un rendimiento \u00f3ptimo. Por ejemplo, en la fabricaci\u00f3n de autom\u00f3viles, nuestras soluciones de carcasa a medida para sensores l\u00e1ser ayudan a realizar mediciones precisas en l\u00edneas de montaje robotizadas, garantizando un posicionamiento y una alineaci\u00f3n exactos.<\/li>\n<\/ol>\n<h3>Caracter\u00edsticas principales<\/h3>\n<ul>\n<li><strong>Dise\u00f1o compacto y duradero:<\/strong> Con unas dimensiones de s\u00f3lo 80x65x32,20 mm, nuestro sensor l\u00e1ser IP54 ofrece una s\u00f3lida protecci\u00f3n para sensores l\u00e1ser en un formato compacto, perfecto para aplicaciones industriales.<\/li>\n<li><strong>Rendimiento de alta precisi\u00f3n:<\/strong> Admite un rango de medici\u00f3n de 3 m a 1100 m con una precisi\u00f3n de \u00b11 m, lo que garantiza un rendimiento preciso y fiable de los sensores l\u00e1ser en condiciones exigentes.<\/li>\n<li><strong>Opciones de comunicaci\u00f3n vers\u00e1tiles:<\/strong> Incluye interfaces TTL, RS485 y RS232 para una perfecta transmisi\u00f3n de datos e integraci\u00f3n con diversos dispositivos.<\/li>\n<li><strong>Durabilidad mejorada:<\/strong> La carcasa del sensor l\u00e1ser tiene clasificaci\u00f3n IP, lo que proporciona protecci\u00f3n contra el polvo, el agua y los da\u00f1os f\u00edsicos, garantizando que su sensor siga funcionando incluso en entornos dif\u00edciles.<\/li>\n<li><strong>Soluciones a medida:<\/strong> Ofrecemos servicios OEM y ODM para crear carcasas personalizadas adaptadas a las necesidades espec\u00edficas de sus aplicaciones industriales.<\/li>\n<\/ul>\n<h3>Casos de uso reales del sensor l\u00e1ser IP54<\/h3>\n<ul>\n<li><strong>Automatizaci\u00f3n industrial:<\/strong> En las f\u00e1bricas automatizadas, los sensores l\u00e1ser protegidos por nuestra carcasa para sensores se utilizan para el posicionamiento y la alineaci\u00f3n de m\u00e1quinas. La carcasa garantiza la protecci\u00f3n contra el polvo, la humedad y las fluctuaciones de temperatura, manteniendo un rendimiento fiable.<\/li>\n<li><strong>Rob\u00f3tica:<\/strong> Los sensores l\u00e1ser de nuestras carcasas personalizadas ayudan a los robots a navegar y detectar objetos con precisi\u00f3n, incluso en condiciones adversas. La carcasa protectora garantiza que el sensor l\u00e1ser siga funcionando eficientemente, asegurando procesos de automatizaci\u00f3n sin problemas.<\/li>\n<li><strong><a href=\"https:\/\/meskernel.net\/es\/aplicacion\/surveying-and-geospatial-analysis\/\">Topograf\u00eda y cartograf\u00eda<\/a>:<\/strong> Los sensores l\u00e1ser son esenciales en las aplicaciones de topograf\u00eda, y nuestra carcasa para sensores proporciona protecci\u00f3n contra los elementos, como la lluvia, el polvo y los vientos fuertes, garantizando la recogida continua de datos.<\/li>\n<li><strong>Miner\u00eda y agricultura:<\/strong> En entornos dif\u00edciles como la miner\u00eda o la agricultura, los sensores l\u00e1ser alojados en nuestras duraderas carcasas se utilizan para medir vol\u00famenes de acopio o supervisar el crecimiento de las plantas, protegi\u00e9ndolas de la suciedad, la humedad y las temperaturas extremas.<\/li>\n<\/ul>\n<h3>Por qu\u00e9 nos eligen nuestros clientes<\/h3>\n<p>Somos m\u00e1s que un simple proveedor; somos su socio de confianza en el desarrollo de soluciones personalizadas de sensores l\u00e1ser adaptadas a las necesidades espec\u00edficas de su sector. Tanto si se dedica a la rob\u00f3tica como a la automatizaci\u00f3n industrial, la topograf\u00eda o la miner\u00eda, le ofrecemos sensores l\u00e1ser de alto rendimiento que garantizan un funcionamiento preciso y fiable incluso en los entornos m\u00e1s exigentes. Nuestros flexibles servicios OEM\/ODM garantizan el cumplimiento de sus especificaciones exactas para soluciones personalizadas.<\/p>\n<div class=\"ast-oembed-container\" style=\"height: 100%;\"><iframe title=\"Chengdu Meskernel Tecnolog\u00eda Integrada Co , Ltd\" width=\"500\" height=\"281\" src=\"https:\/\/www.youtube.com\/embed\/l3-XWIFqqic?feature=oembed\" frameborder=\"0\" allow=\"accelerometer; autoplay; clipboard-write; encrypted-media; gyroscope; picture-in-picture; web-share\" referrerpolicy=\"strict-origin-when-cross-origin\" allowfullscreen><\/iframe><\/div>\n<h3>Comience hoy mismo su viaje personalizado hacia los sensores l\u00e1ser IP54<\/h3>\n<p>No se conforme con soluciones est\u00e1ndar. Elija nuestro sensor l\u00e1ser IP54 y disfrute de las ventajas de una protecci\u00f3n personalizada dise\u00f1ada espec\u00edficamente para su sector. Si necesita un sensor l\u00e1ser IP54 personalizado para entornos extremos, mediciones de alta precisi\u00f3n o capacidades de larga distancia, estamos aqu\u00ed para ayudarle. P\u00f3ngase en contacto con nosotros hoy mismo para obtener m\u00e1s informaci\u00f3n sobre nuestros servicios OEM\/ODM y c\u00f3mo podemos ofrecerle una soluci\u00f3n que se adapte a sus necesidades espec\u00edficas.<\/p>","protected":false},"excerpt":{"rendered":"<p>Descubra nuestro duradero sensor l\u00e1ser IP54 dise\u00f1ado para una protecci\u00f3n y un rendimiento \u00f3ptimos. Al ofrecer soluciones personalizadas, nuestra carcasa garantiza que sus sensores l\u00e1ser permanezcan a salvo del polvo, el agua y los da\u00f1os f\u00edsicos en entornos industriales adversos. Con mediciones precisas y opciones de comunicaci\u00f3n vers\u00e1tiles, es la elecci\u00f3n perfecta para sectores como la automatizaci\u00f3n, la rob\u00f3tica, la topograf\u00eda, etc. Explore nuestros servicios OEM\/ODM hoy mismo.<\/p>","protected":false},"featured_media":5981,"template":"","meta":{"site-sidebar-layout":"default","site-content-layout":"","ast-site-content-layout":"default","site-content-style":"default","site-sidebar-style":"default","ast-global-header-display":"","ast-banner-title-visibility":"","ast-main-header-display":"","ast-hfb-above-header-display":"","ast-hfb-below-header-display":"","ast-hfb-mobile-header-display":"","site-post-title":"","ast-breadcrumbs-content":"","ast-featured-img":"","footer-sml-layout":"","ast-disable-related-posts":"","theme-transparent-header-meta":"default","adv-header-id-meta":"","stick-header-meta":"","header-above-stick-meta":"","header-main-stick-meta":"","header-below-stick-meta":"","astra-migrate-meta-layouts":"set","ast-page-background-enabled":"default","ast-page-background-meta":{"desktop":{"background-color":"var(--ast-global-color-4)","background-image":"","background-repeat":"repeat","background-position":"center center","background-size":"auto","background-attachment":"scroll","background-type":"","background-media":"","overlay-type":"","overlay-color":"","overlay-opacity":"","overlay-gradient":""},"tablet":{"background-color":"","background-image":"","background-repeat":"repeat","background-position":"center center","background-size":"auto","background-attachment":"scroll","background-type":"","background-media":"","overlay-type":"","overlay-color":"","overlay-opacity":"","overlay-gradient":""},"mobile":{"background-color":"","background-image":"","background-repeat":"repeat","background-position":"center center","background-size":"auto","background-attachment":"scroll","background-type":"","background-media":"","overlay-type":"","overlay-color":"","overlay-opacity":"","overlay-gradient":""}},"ast-content-background-meta":{"desktop":{"background-color":"var(--ast-global-color-5)","background-image":"","background-repeat":"repeat","background-position":"center center","background-size":"auto","background-attachment":"scroll","background-type":"","background-media":"","overlay-type":"","overlay-color":"","overlay-opacity":"","overlay-gradient":""},"tablet":{"background-color":"var(--ast-global-color-5)","background-image":"","background-repeat":"repeat","background-position":"center center","background-size":"auto","background-attachment":"scroll","background-type":"","background-media":"","overlay-type":"","overlay-color":"","overlay-opacity":"","overlay-gradient":""},"mobile":{"background-color":"var(--ast-global-color-5)","background-image":"","background-repeat":"repeat","background-position":"center center","background-size":"auto","background-attachment":"scroll","background-type":"","background-media":"","overlay-type":"","overlay-color":"","overlay-opacity":"","overlay-gradient":""}}},"product_brand":[60],"product_cat":[33],"product_tag":[],"class_list":{"0":"post-2737","1":"product","2":"type-product","3":"status-publish","4":"has-post-thumbnail","6":"product_brand-meskernel","7":"product_cat-industrial-laser-distance-sensors","8":"desktop-align-center","9":"tablet-align-left","10":"mobile-align-left","12":"first","13":"instock","14":"shipping-taxable","15":"product-type-simple"},"_links":{"self":[{"href":"https:\/\/meskernel.net\/es\/wp-json\/wp\/v2\/product\/2737","targetHints":{"allow":["GET"]}}],"collection":[{"href":"https:\/\/meskernel.net\/es\/wp-json\/wp\/v2\/product"}],"about":[{"href":"https:\/\/meskernel.net\/es\/wp-json\/wp\/v2\/types\/product"}],"version-history":[{"count":0,"href":"https:\/\/meskernel.net\/es\/wp-json\/wp\/v2\/product\/2737\/revisions"}],"wp:featuredmedia":[{"embeddable":true,"href":"https:\/\/meskernel.net\/es\/wp-json\/wp\/v2\/media\/5981"}],"wp:attachment":[{"href":"https:\/\/meskernel.net\/es\/wp-json\/wp\/v2\/media?parent=2737"}],"wp:term":[{"taxonomy":"product_brand","embeddable":true,"href":"https:\/\/meskernel.net\/es\/wp-json\/wp\/v2\/product_brand?post=2737"},{"taxonomy":"product_cat","embeddable":true,"href":"https:\/\/meskernel.net\/es\/wp-json\/wp\/v2\/product_cat?post=2737"},{"taxonomy":"product_tag","embeddable":true,"href":"https:\/\/meskernel.net\/es\/wp-json\/wp\/v2\/product_tag?post=2737"}],"curies":[{"name":"wp","href":"https:\/\/api.w.org\/{rel}","templated":true}]}}