{"id":2749,"date":"2024-11-26T10:48:46","date_gmt":"2024-11-26T02:48:46","guid":{"rendered":"https:\/\/meskernel.net\/?post_type=product&#038;p=2749"},"modified":"2025-07-03T13:44:38","modified_gmt":"2025-07-03T05:44:38","slug":"medidor-laser-de-distancias","status":"publish","type":"product","link":"https:\/\/meskernel.net\/es\/product\/laser-distance-measurer\/","title":{"rendered":"Medidor de Distancia L\u00e1ser Compacto 40m | Dise\u00f1o Port\u00e1til"},"content":{"rendered":"<h3><strong>Medidor l\u00e1ser de distancias compacto y preciso (0,03 m - 40 m) Medici\u00f3n de precisi\u00f3n m\u00e1s f\u00e1cil<\/strong><\/h3>\n<p>Descubra el poder de la medici\u00f3n precisa de distancias con nuestra cinta m\u00e9trica l\u00e1ser, dise\u00f1ada para ofrecer precisi\u00f3n y versatilidad. Con un rango de medici\u00f3n de 0,03 m a 40 m, esta herramienta compacta ofrece una precisi\u00f3n excepcional, por lo que es perfecta para una amplia gama de aplicaciones, desde proyectos de construcci\u00f3n y mejoras en el hogar hasta deportes al aire libre y pasatiempos.<\/p>\n<figure id=\"attachment_2957\" aria-describedby=\"caption-attachment-2957\" style=\"width: 667px\" class=\"wp-caption aligncenter\"><img fetchpriority=\"high\" decoding=\"async\" class=\"wp-image-2957 size-full\" title=\"cinta m\u00e9trica l\u00e1ser con carga usb\" src=\"https:\/\/meskernel.net\/wp-content\/uploads\/2024\/11\/USB-CHARGING.png\" alt=\"cinta m\u00e9trica l\u00e1ser con carga usb\" width=\"667\" height=\"675\" srcset=\"https:\/\/meskernel.net\/wp-content\/uploads\/2024\/11\/USB-CHARGING.png 667w, https:\/\/meskernel.net\/wp-content\/uploads\/2024\/11\/USB-CHARGING-296x300.png 296w, https:\/\/meskernel.net\/wp-content\/uploads\/2024\/11\/USB-CHARGING-400x405.png 400w, https:\/\/meskernel.net\/wp-content\/uploads\/2024\/11\/USB-CHARGING-100x100.png 100w\" sizes=\"(max-width: 667px) 100vw, 667px\" \/><figcaption id=\"caption-attachment-2957\" class=\"wp-caption-text\">cinta m\u00e9trica l\u00e1ser con carga usb<\/figcaption><\/figure>\n<h3><strong>Caracter\u00edsticas principales:<\/strong><\/h3>\n<h3><strong>Dise\u00f1o compacto y port\u00e1til<\/strong><\/h3>\n<p>La cinta m\u00e9trica l\u00e1ser tiene un tama\u00f1o ultracompacto de M6 72x72x35 mm, lo que facilita su transporte y almacenamiento. Su dise\u00f1o peque\u00f1o y ligero garantiza la portabilidad sin sacrificar el rendimiento. Tanto si mide en espacios reducidos como si se desplaza, este dispositivo le ofrece comodidad y facilidad de uso.<\/p>\n<h3><strong>Amplio rango de medici\u00f3n<\/strong><\/h3>\n<p>Este dispositivo ofrece un rango de medici\u00f3n de 0,03 m a 40 m, ideal para mediciones a corta y larga distancia. Tanto si mide peque\u00f1os espacios interiores, distancias para paisajismo o actividades al aire libre, este tel\u00e9metro proporciona resultados precisos en cuesti\u00f3n de segundos.<\/p>\n<h3><strong>Alta precisi\u00f3n<\/strong><\/h3>\n<p>Con una precisi\u00f3n de\u00a0<strong>\u00b1<\/strong>3 mm, la cinta m\u00e9trica l\u00e1ser garantiza lecturas fiables y de alta precisi\u00f3n en todo momento. Tanto si est\u00e1 trabajando en un proyecto detallado como si necesita mediciones r\u00e1pidas para tareas generales, esta herramienta le ofrece la precisi\u00f3n que necesita para obtener resultados impecables.<\/p>\n<h3><strong>L\u00e1ser de clase II para un uso seguro<\/strong><\/h3>\n<p>Equipado con un l\u00e1ser de Clase II que funciona en la gama de longitudes de onda de 620-690 nm, este dispositivo es seguro y eficaz. El l\u00e1ser de clase II garantiza la seguridad durante el uso normal y cumple las estrictas normas de protecci\u00f3n ocular.<\/p>\n<h3><strong>F\u00e1cil de usar<\/strong><\/h3>\n<p>La interfaz f\u00e1cil de usar y los sencillos controles facilitan su manejo tanto a profesionales como a principiantes. La cinta m\u00e9trica l\u00e1ser es intuitiva y proporciona lecturas r\u00e1pidas con solo pulsar un bot\u00f3n.<\/p>\n<figure id=\"attachment_2956\" aria-describedby=\"caption-attachment-2956\" style=\"width: 745px\" class=\"wp-caption aligncenter\"><img decoding=\"async\" class=\"wp-image-2956 size-full\" title=\"Cinta m\u00e9trica l\u00e1ser\" src=\"https:\/\/meskernel.net\/wp-content\/uploads\/2024\/11\/Laser-Tape-Measure-1.jpg\" alt=\"Cinta m\u00e9trica l\u00e1ser\" width=\"745\" height=\"719\" srcset=\"https:\/\/meskernel.net\/wp-content\/uploads\/2024\/11\/Laser-Tape-Measure-1.jpg 745w, https:\/\/meskernel.net\/wp-content\/uploads\/2024\/11\/Laser-Tape-Measure-1-300x290.jpg 300w, https:\/\/meskernel.net\/wp-content\/uploads\/2024\/11\/Laser-Tape-Measure-1-400x386.jpg 400w\" sizes=\"(max-width: 745px) 100vw, 745px\" \/><figcaption id=\"caption-attachment-2956\" class=\"wp-caption-text\">Cinta m\u00e9trica l\u00e1ser<\/figcaption><\/figure>\n<p>La Mini Cinta M\u00e9trica L\u00e1ser 3 en 1 USB 40m Digital es perfecta para el bricolaje en el hogar. Es m\u00e1s precisa y c\u00f3moda que las cintas m\u00e9tricas tradicionales.<\/p>\n<ul>\n<li><strong>Dise\u00f1o dos en uno:<\/strong> Combina una cinta m\u00e9trica de 5 m y un medidor l\u00e1ser de 40 m.<\/li>\n<li><strong>Pantalla LED:<\/strong> Medidas claras y f\u00e1ciles de leer.<\/li>\n<li><strong>Bloqueo autom\u00e1tico:<\/strong> Evita el rebote de la cinta para mayor seguridad.<\/li>\n<li><strong>Medici\u00f3n a corta y larga distancia:<\/strong> Cinta para distancias cortas, l\u00e1ser para distancias largas para evitar errores.<\/li>\n<li><strong>M\u00faltiples modos:<\/strong> Admite medidas de distancia, \u00e1rea, volumen y pitag\u00f3ricas.<\/li>\n<\/ul>\n<p>Esta herramienta satisface eficazmente tanto las necesidades de medici\u00f3n diarias como las profesionales.<\/p>\n<p><strong>P\u00eddalo ahora y experimente mediciones precisas<\/strong><\/p>\n<p>Nuestra colecci\u00f3n de herramientas digitales de medici\u00f3n ofrece soluciones innovadoras y vers\u00e1tiles para todas sus necesidades de medici\u00f3n de distancias. Nuestros tel\u00e9metros l\u00e1ser incluyen <strong>tel\u00e9metros bidireccionales<\/strong>, perfecto para medir en ambas direcciones, as\u00ed como el <strong>Cinta m\u00e9trica l\u00e1ser 2 en 1 para medir distancias<\/strong> y <strong>Cinta m\u00e9trica l\u00e1ser 3 en 1 para medir distancias<\/strong>que combinan la comodidad de las cintas m\u00e9tricas tradicionales con la precisi\u00f3n de la tecnolog\u00eda l\u00e1ser. Estas herramientas est\u00e1n dise\u00f1adas tanto para profesionales como para aficionados al bricolaje, y proporcionan mediciones precisas con facilidad y eficacia, tanto si trabajas en proyectos de construcci\u00f3n como en reformas del hogar o en cualquier otra tarea de medici\u00f3n.<\/p>\n<p>Tanto si es un profesional de <a href=\"https:\/\/meskernel.net\/es\/aplicacion\/construccion\/\">construcci\u00f3n<\/a> o un aficionado, esta cinta m\u00e9trica l\u00e1ser ofrece la precisi\u00f3n, portabilidad y seguridad que necesita para sus tareas de medici\u00f3n.<\/p>","protected":false},"excerpt":{"rendered":"<p>Descubra la precisi\u00f3n de nuestro medidor l\u00e1ser de distancias con un alcance de 0,03 m a 40 m y una alta precisi\u00f3n de \u00b13 mm. Compacto, ligero e ideal para la construcci\u00f3n, mejoras en el hogar, deportes y mucho m\u00e1s. Seguro, f\u00e1cil de usar y perfecto para realizar mediciones precisas sobre la marcha.<\/p>","protected":false},"featured_media":2751,"template":"","meta":{"site-sidebar-layout":"default","site-content-layout":"","ast-site-content-layout":"default","site-content-style":"default","site-sidebar-style":"default","ast-global-header-display":"","ast-banner-title-visibility":"","ast-main-header-display":"","ast-hfb-above-header-display":"","ast-hfb-below-header-display":"","ast-hfb-mobile-header-display":"","site-post-title":"","ast-breadcrumbs-content":"","ast-featured-img":"","footer-sml-layout":"","ast-disable-related-posts":"","theme-transparent-header-meta":"default","adv-header-id-meta":"","stick-header-meta":"","header-above-stick-meta":"","header-main-stick-meta":"","header-below-stick-meta":"","astra-migrate-meta-layouts":"set","ast-page-background-enabled":"default","ast-page-background-meta":{"desktop":{"background-color":"var(--ast-global-color-4)","background-image":"","background-repeat":"repeat","background-position":"center center","background-size":"auto","background-attachment":"scroll","background-type":"","background-media":"","overlay-type":"","overlay-color":"","overlay-opacity":"","overlay-gradient":""},"tablet":{"background-color":"","background-image":"","background-repeat":"repeat","background-position":"center center","background-size":"auto","background-attachment":"scroll","background-type":"","background-media":"","overlay-type":"","overlay-color":"","overlay-opacity":"","overlay-gradient":""},"mobile":{"background-color":"","background-image":"","background-repeat":"repeat","background-position":"center center","background-size":"auto","background-attachment":"scroll","background-type":"","background-media":"","overlay-type":"","overlay-color":"","overlay-opacity":"","overlay-gradient":""}},"ast-content-background-meta":{"desktop":{"background-color":"var(--ast-global-color-5)","background-image":"","background-repeat":"repeat","background-position":"center center","background-size":"auto","background-attachment":"scroll","background-type":"","background-media":"","overlay-type":"","overlay-color":"","overlay-opacity":"","overlay-gradient":""},"tablet":{"background-color":"var(--ast-global-color-5)","background-image":"","background-repeat":"repeat","background-position":"center center","background-size":"auto","background-attachment":"scroll","background-type":"","background-media":"","overlay-type":"","overlay-color":"","overlay-opacity":"","overlay-gradient":""},"mobile":{"background-color":"var(--ast-global-color-5)","background-image":"","background-repeat":"repeat","background-position":"center center","background-size":"auto","background-attachment":"scroll","background-type":"","background-media":"","overlay-type":"","overlay-color":"","overlay-opacity":"","overlay-gradient":""}}},"product_brand":[60],"product_cat":[29],"product_tag":[],"class_list":{"0":"post-2749","1":"product","2":"type-product","3":"status-publish","4":"has-post-thumbnail","6":"product_brand-meskernel","7":"product_cat-laser-measurement-tool","8":"desktop-align-center","9":"tablet-align-left","10":"mobile-align-left","12":"first","13":"instock","14":"shipping-taxable","15":"product-type-simple"},"_links":{"self":[{"href":"https:\/\/meskernel.net\/es\/wp-json\/wp\/v2\/product\/2749","targetHints":{"allow":["GET"]}}],"collection":[{"href":"https:\/\/meskernel.net\/es\/wp-json\/wp\/v2\/product"}],"about":[{"href":"https:\/\/meskernel.net\/es\/wp-json\/wp\/v2\/types\/product"}],"version-history":[{"count":0,"href":"https:\/\/meskernel.net\/es\/wp-json\/wp\/v2\/product\/2749\/revisions"}],"wp:featuredmedia":[{"embeddable":true,"href":"https:\/\/meskernel.net\/es\/wp-json\/wp\/v2\/media\/2751"}],"wp:attachment":[{"href":"https:\/\/meskernel.net\/es\/wp-json\/wp\/v2\/media?parent=2749"}],"wp:term":[{"taxonomy":"product_brand","embeddable":true,"href":"https:\/\/meskernel.net\/es\/wp-json\/wp\/v2\/product_brand?post=2749"},{"taxonomy":"product_cat","embeddable":true,"href":"https:\/\/meskernel.net\/es\/wp-json\/wp\/v2\/product_cat?post=2749"},{"taxonomy":"product_tag","embeddable":true,"href":"https:\/\/meskernel.net\/es\/wp-json\/wp\/v2\/product_tag?post=2749"}],"curies":[{"name":"wp","href":"https:\/\/api.w.org\/{rel}","templated":true}]}}