{"id":2818,"date":"2024-11-28T15:04:19","date_gmt":"2024-11-28T07:04:19","guid":{"rendered":"https:\/\/meskernel.net\/?post_type=product&#038;p=2818"},"modified":"2025-07-03T13:44:02","modified_gmt":"2025-07-03T05:44:02","slug":"sensor-de-distancia-de-precision","status":"publish","type":"product","link":"https:\/\/meskernel.net\/es\/product\/precision-distance-sensor\/","title":{"rendered":"IP54 Sensor de distancia de precisi\u00f3n Interfaz de comunicaci\u00f3n m\u00faltiple 100 metros"},"content":{"rendered":"<p>Nuestro sensor de distancia de precisi\u00f3n est\u00e1 dise\u00f1ado para proporcionar mediciones de distancia precisas y fiables, por lo que es una soluci\u00f3n ideal para diversas aplicaciones industriales, cient\u00edficas y de automatizaci\u00f3n. Con su robusta carcasa de protecci\u00f3n industrial, opciones de comunicaci\u00f3n flexibles y caracter\u00edsticas personalizables, este sensor garantiza una integraci\u00f3n perfecta en cualquier sistema. Como fabricante l\u00edder, ofrecemos servicios OEM y ODM para satisfacer sus necesidades espec\u00edficas, desde ajustes de par\u00e1metros hasta la personalizaci\u00f3n completa del dise\u00f1o.<\/p>\n<h3>Caracter\u00edsticas principales del sensor de distancia de precisi\u00f3n<\/h3>\n<ul>\n<li><strong>Amplio rango de medici\u00f3n: De 0,03 m a 200 m<\/strong><\/li>\n<\/ul>\n<p style=\"padding-left: 40px;\">El sensor de distancia de precisi\u00f3n cuenta con un impresionante rango de medici\u00f3n de 0,03 m a 100 m\/150 m\/200 m, lo que proporciona una versatilidad excepcional para mediciones de distancia de corto y largo alcance. Tanto si trabaja en proyectos a peque\u00f1a escala como en grandes aplicaciones industriales, este sensor puede adaptarse a sus necesidades, ofreciendo una precisi\u00f3n constante en una amplia gama de distancias.<\/p>\n<ul>\n<li><strong>Exactitud y precisi\u00f3n excepcionales<\/strong><\/li>\n<\/ul>\n<p style=\"padding-left: 40px;\">Con una precisi\u00f3n de <strong>\u00b1<\/strong>(3 mm + D \u00d7 (1\/10000)), donde D es la distancia medida, este sensor garantiza un rendimiento de alta precisi\u00f3n incluso en los entornos m\u00e1s exigentes. La f\u00f3rmula permite realizar mediciones precisas con un error m\u00ednimo, lo que lo hace id\u00f3neo para aplicaciones en las que cada mil\u00edmetro cuenta, como la rob\u00f3tica, los sistemas automatizados y la topograf\u00eda.<\/p>\n<ul>\n<li><strong>M\u00faltiples interfaces de comunicaci\u00f3n: TTL, RS485, RS232<\/strong><\/li>\n<\/ul>\n<p style=\"padding-left: 40px;\">Para facilitar la integraci\u00f3n en cualquier sistema, nuestro sensor admite interfaces de comunicaci\u00f3n TTL, RS485 y RS232. Estas vers\u00e1tiles opciones facilitan la conexi\u00f3n del sensor a una amplia variedad de equipos, tanto si utiliza microcontroladores, sistemas PLC u otros dispositivos de control industrial. Esta flexibilidad garantiza que el sensor pueda satisfacer las necesidades de conectividad de su proyecto espec\u00edfico.<\/p>\n<ul>\n<li><strong>Robusta carcasa de protecci\u00f3n industrial<\/strong><\/li>\n<\/ul>\n<p style=\"padding-left: 40px;\">Dise\u00f1ado para soportar duras condiciones de trabajo, el sensor de distancia de precisi\u00f3n est\u00e1 alojado en una duradera carcasa de protecci\u00f3n industrial (Tama\u00f1o:<strong> LDJ-P4 85,00 x 62,00 x 22,00 mm<\/strong>). Esta carcasa protectora protege el sensor del polvo, la humedad y los da\u00f1os mec\u00e1nicos, garantizando un rendimiento fiable en entornos dif\u00edciles como f\u00e1bricas, obras y campos al aire libre.<\/p>\n<ul>\n<li><strong>Amplia gama de frecuencias: 3 Hz a 20 Hz<\/strong><\/li>\n<\/ul>\n<p style=\"padding-left: 40px;\">El sensor, que funciona en un rango de frecuencias de 3 Hz a 20 Hz, permite la adquisici\u00f3n de datos en tiempo real, lo que lo hace perfecto para aplicaciones din\u00e1micas y de ritmo r\u00e1pido. Tanto si lo utiliza para<strong> real-<\/strong>seguimiento de objetos en el tiempo, sistemas de posicionamiento o cartograf\u00eda de distancias, el sensor puede ofrecer resultados coherentes y precisos.<\/p>\n<ul>\n<li><strong>F\u00e1cil instalaci\u00f3n con par\u00e1metros personalizables<\/strong><\/li>\n<\/ul>\n<p style=\"padding-left: 40px;\">El sensor de distancia de precisi\u00f3n est\u00e1 dise\u00f1ado para una instalaci\u00f3n sencilla y una configuraci\u00f3n r\u00e1pida. Entendemos que cada aplicaci\u00f3n es \u00fanica, por lo que ofrecemos par\u00e1metros personalizables para satisfacer las necesidades espec\u00edficas de cada proyecto. Tanto si necesita ajustar el rango de medici\u00f3n, la precisi\u00f3n u otros par\u00e1metros de rendimiento, podemos adaptar el sensor a sus requisitos exactos. Adem\u00e1s, como fabricante, ofrecemos servicios OEM y ODM, lo que permite una personalizaci\u00f3n completa del dise\u00f1o y las caracter\u00edsticas del sensor.<\/p>\n<h3>\u00bfPor qu\u00e9 elegir nuestro sensor de distancia de precisi\u00f3n?<\/h3>\n<p>Como fabricante de confianza, ofrecemos varias ventajas que nos diferencian:<\/p>\n<ul>\n<li><strong>Precios competitivos:<\/strong> Ofrecemos sensores de alta calidad a precios directos de f\u00e1brica, lo que le garantiza el mejor valor por su inversi\u00f3n.<\/li>\n<li><strong>Soluciones a medida:<\/strong> Nuestras capacidades OEM y ODM nos permiten crear sensores con par\u00e1metros espec\u00edficos adaptados a sus necesidades. Tanto si necesita un tama\u00f1o de carcasa personalizado, protocolos de comunicaci\u00f3n especializados u opciones de rango diferentes, podemos dise\u00f1ar una soluci\u00f3n que funcione a la perfecci\u00f3n para su aplicaci\u00f3n.<\/li>\n<li><strong>Servicio y asistencia fiables:<\/strong> Con un equipo especializado de expertos, ofrecemos asistencia posventa completa y orientaci\u00f3n durante todo el ciclo de vida del producto. Desde asistencia para la instalaci\u00f3n hasta soporte t\u00e9cnico continuo, nos comprometemos a garantizar su \u00e9xito.<\/li>\n<li><strong>Alta calidad y durabilidad:<\/strong> Nuestros sensores de distancia de precisi\u00f3n est\u00e1n fabricados para durar, con una construcci\u00f3n robusta y componentes de la m\u00e1xima calidad. Mantenemos estrictas normas de control de calidad, garantizando que cada sensor cumpla los m\u00e1s altos est\u00e1ndares de rendimiento.<\/li>\n<\/ul>\n<h3>Aplicaciones del sensor de distancia de precisi\u00f3n:<\/h3>\n<p>El sensor de distancia de precisi\u00f3n es perfecto para una gran variedad de aplicaciones, entre las que se incluyen:<\/p>\n<ul>\n<li><strong>Automatizaci\u00f3n industrial:<\/strong> Ideal para medir distancias con precisi\u00f3n, detectar objetos y controlar la posici\u00f3n en sistemas automatizados.<\/li>\n<li><strong>Rob\u00f3tica y veh\u00edculos aut\u00f3nomos:<\/strong> Perfecto para evitar obst\u00e1culos, medir distancias y navegar en rob\u00f3tica y sistemas aut\u00f3nomos.<\/li>\n<li><strong>Topograf\u00eda y construcci\u00f3n:<\/strong> Mediciones precisas para topograf\u00eda, dise\u00f1o de edificios y cartograf\u00eda de obras.<\/li>\n<li><strong><a href=\"https:\/\/meskernel.net\/es\/aplicacion\/control-medioambiental\/\">Vigilancia medioambiental<\/a>:<\/strong> Se utiliza para medir distancias en entornos exteriores, como la supervisi\u00f3n del crecimiento de las plantas, la cartograf\u00eda del terreno o las aplicaciones topogr\u00e1ficas.<\/li>\n<li><strong>Manipulaci\u00f3n de materiales y log\u00edstica:<\/strong> Eficaz en la automatizaci\u00f3n de almacenes, sistemas de cintas transportadoras y gesti\u00f3n de inventarios en tiempo real.<\/li>\n<\/ul>\n<p>Nuestro sensor de distancia de precisi\u00f3n es la elecci\u00f3n perfecta para quienes buscan una soluci\u00f3n de medici\u00f3n de distancias asequible y de alto rendimiento. Con su f\u00e1cil instalaci\u00f3n, opciones personalizables y durabilidad de grado industrial, proporciona la precisi\u00f3n y fiabilidad necesarias para aplicaciones exigentes. Como fabricante que ofrece servicios OEM y ODM, nos comprometemos a proporcionar soluciones a medida que se adapten a sus necesidades exclusivas. P\u00f3ngase en contacto con nosotros hoy mismo para saber c\u00f3mo podemos ayudarle a integrar este vers\u00e1til sensor de distancia de precisi\u00f3n en su proyecto.<\/p>","protected":false},"excerpt":{"rendered":"<p>\u00bfBusca un sensor de distancia de precisi\u00f3n personalizable y de alto rendimiento? Nuestro sensor ofrece un amplio rango de medici\u00f3n (de 0,03 m a 200 m), una precisi\u00f3n excepcional y m\u00faltiples interfaces de comunicaci\u00f3n (TTL, RS485, RS232). Alojado en una robusta carcasa de protecci\u00f3n industrial, es perfecto para aplicaciones industriales, rob\u00f3ticas y de automatizaci\u00f3n. Ofrecemos servicios OEM y ODM, lo que le permite personalizar los par\u00e1metros para sus necesidades espec\u00edficas. Disfrute de precios directos de f\u00e1brica, un servicio fiable y un rendimiento de m\u00e1xima calidad.<\/p>","protected":false},"featured_media":2820,"template":"","meta":{"site-sidebar-layout":"default","site-content-layout":"","ast-site-content-layout":"default","site-content-style":"default","site-sidebar-style":"default","ast-global-header-display":"","ast-banner-title-visibility":"","ast-main-header-display":"","ast-hfb-above-header-display":"","ast-hfb-below-header-display":"","ast-hfb-mobile-header-display":"","site-post-title":"","ast-breadcrumbs-content":"","ast-featured-img":"","footer-sml-layout":"","ast-disable-related-posts":"","theme-transparent-header-meta":"default","adv-header-id-meta":"","stick-header-meta":"","header-above-stick-meta":"","header-main-stick-meta":"","header-below-stick-meta":"","astra-migrate-meta-layouts":"set","ast-page-background-enabled":"default","ast-page-background-meta":{"desktop":{"background-color":"var(--ast-global-color-4)","background-image":"","background-repeat":"repeat","background-position":"center center","background-size":"auto","background-attachment":"scroll","background-type":"","background-media":"","overlay-type":"","overlay-color":"","overlay-opacity":"","overlay-gradient":""},"tablet":{"background-color":"","background-image":"","background-repeat":"repeat","background-position":"center center","background-size":"auto","background-attachment":"scroll","background-type":"","background-media":"","overlay-type":"","overlay-color":"","overlay-opacity":"","overlay-gradient":""},"mobile":{"background-color":"","background-image":"","background-repeat":"repeat","background-position":"center center","background-size":"auto","background-attachment":"scroll","background-type":"","background-media":"","overlay-type":"","overlay-color":"","overlay-opacity":"","overlay-gradient":""}},"ast-content-background-meta":{"desktop":{"background-color":"var(--ast-global-color-5)","background-image":"","background-repeat":"repeat","background-position":"center center","background-size":"auto","background-attachment":"scroll","background-type":"","background-media":"","overlay-type":"","overlay-color":"","overlay-opacity":"","overlay-gradient":""},"tablet":{"background-color":"var(--ast-global-color-5)","background-image":"","background-repeat":"repeat","background-position":"center center","background-size":"auto","background-attachment":"scroll","background-type":"","background-media":"","overlay-type":"","overlay-color":"","overlay-opacity":"","overlay-gradient":""},"mobile":{"background-color":"var(--ast-global-color-5)","background-image":"","background-repeat":"repeat","background-position":"center center","background-size":"auto","background-attachment":"scroll","background-type":"","background-media":"","overlay-type":"","overlay-color":"","overlay-opacity":"","overlay-gradient":""}}},"product_brand":[60],"product_cat":[33],"product_tag":[],"class_list":{"0":"post-2818","1":"product","2":"type-product","3":"status-publish","4":"has-post-thumbnail","6":"product_brand-meskernel","7":"product_cat-industrial-laser-distance-sensors","8":"desktop-align-center","9":"tablet-align-left","10":"mobile-align-left","12":"first","13":"instock","14":"shipping-taxable","15":"product-type-simple"},"_links":{"self":[{"href":"https:\/\/meskernel.net\/es\/wp-json\/wp\/v2\/product\/2818","targetHints":{"allow":["GET"]}}],"collection":[{"href":"https:\/\/meskernel.net\/es\/wp-json\/wp\/v2\/product"}],"about":[{"href":"https:\/\/meskernel.net\/es\/wp-json\/wp\/v2\/types\/product"}],"version-history":[{"count":0,"href":"https:\/\/meskernel.net\/es\/wp-json\/wp\/v2\/product\/2818\/revisions"}],"wp:featuredmedia":[{"embeddable":true,"href":"https:\/\/meskernel.net\/es\/wp-json\/wp\/v2\/media\/2820"}],"wp:attachment":[{"href":"https:\/\/meskernel.net\/es\/wp-json\/wp\/v2\/media?parent=2818"}],"wp:term":[{"taxonomy":"product_brand","embeddable":true,"href":"https:\/\/meskernel.net\/es\/wp-json\/wp\/v2\/product_brand?post=2818"},{"taxonomy":"product_cat","embeddable":true,"href":"https:\/\/meskernel.net\/es\/wp-json\/wp\/v2\/product_cat?post=2818"},{"taxonomy":"product_tag","embeddable":true,"href":"https:\/\/meskernel.net\/es\/wp-json\/wp\/v2\/product_tag?post=2818"}],"curies":[{"name":"wp","href":"https:\/\/api.w.org\/{rel}","templated":true}]}}