{"id":2829,"date":"2024-11-28T16:38:31","date_gmt":"2024-11-28T08:38:31","guid":{"rendered":"https:\/\/meskernel.net\/?post_type=product&#038;p=2829"},"modified":"2025-07-03T13:42:49","modified_gmt":"2025-07-03T05:42:49","slug":"sensor-de-distancia-itof","status":"publish","type":"product","link":"https:\/\/meskernel.net\/es\/product\/itof-distance-sensor\/","title":{"rendered":"Sensor de distancia ITOF de 20 m: mejora de la precisi\u00f3n y la eficiencia para la Industria 4.0"},"content":{"rendered":"<h3>Sensores de distancia ITOF: La soluci\u00f3n ideal para aplicaciones industriales de alta precisi\u00f3n<\/h3>\n<p>En el acelerado panorama industrial actual, en el que la automatizaci\u00f3n, la rob\u00f3tica y el Internet de las cosas (IoT) est\u00e1n dando nueva forma a las operaciones, la medici\u00f3n de distancias precisa y fiable es m\u00e1s cr\u00edtica que nunca. Los sensores de distancia ITOF (tiempo de vuelo indirecto) ofrecen la soluci\u00f3n ideal, ya que combinan precisi\u00f3n, velocidad y durabilidad para satisfacer las demandas de las industrias modernas. Tanto si se dedica a la rob\u00f3tica como a la log\u00edstica, la fabricaci\u00f3n inteligente o las aplicaciones en exteriores, estos sensores se integran a la perfecci\u00f3n en las operaciones, proporcionando datos coherentes y en tiempo real, incluso en entornos dif\u00edciles.<\/p>\n<p>A medida que las industrias adoptan cada vez m\u00e1s la automatizaci\u00f3n, las tecnolog\u00edas basadas en IA y el IoT, los sensores de distancia ITOF se han convertido en herramientas indispensables para optimizar la eficiencia, mejorar la seguridad y permitir operaciones m\u00e1s inteligentes. Echemos un vistazo m\u00e1s de cerca a las caracter\u00edsticas clave, las aplicaciones del mundo real y c\u00f3mo los sensores de distancia ITOF est\u00e1n transformando el sector industrial.<\/p>\n<h3>Caracter\u00edsticas principales de los sensores de distancia ITOF<\/h3>\n<ol>\n<li><strong>Alta precisi\u00f3n y amplio rango de medici\u00f3n<\/strong> Los sensores de distancia ITOF ofrecen una precisi\u00f3n impresionante en un amplio rango de medici\u00f3n, desde 0,03 metros hasta m\u00e1s de 40 metros. Estos sensores alcanzan una gran precisi\u00f3n, a menudo <em>\u00b1(3mm + D(1\/10000))<\/em>La precisi\u00f3n es un factor esencial en las industrias en las que un m\u00ednimo error puede causar ineficiencias o riesgos para la seguridad. En sectores en los que incluso un peque\u00f1o error puede provocar ineficiencias o riesgos para la seguridad, esta precisi\u00f3n es esencial. Tanto si se utilizan para navegaci\u00f3n rob\u00f3tica, manipulaci\u00f3n automatizada de materiales o escaneado 3D, los sensores ITOF ofrecen la fiabilidad necesaria para un rendimiento preciso. Gracias a su capacidad para proporcionar una precisi\u00f3n constante a distancias variables, estos sensores son perfectamente adecuados para sistemas de automatizaci\u00f3n complejos y plataformas conectadas a IoT, donde las mediciones precisas son clave para mantener un funcionamiento \u00f3ptimo.<\/li>\n<li><strong>Recogida r\u00e1pida de datos en tiempo real (3-20 Hz)<\/strong> Una de las caracter\u00edsticas m\u00e1s destacadas de los sensores de distancia ITOF es su alta velocidad de captura de datos, que suele oscilar entre 3 y 20 Hz. Esta r\u00e1pida recopilaci\u00f3n de datos permite obtener informaci\u00f3n en tiempo real, lo que hace que estos sensores sean ideales para aplicaciones de automatizaci\u00f3n de procesos rob\u00f3ticos (RPA), gesti\u00f3n de inventarios, control de calidad y sistemas de inspecci\u00f3n automatizados. A medida que las industrias dependen m\u00e1s de los datos en tiempo real para impulsar los procesos impulsados por la IA y la fabricaci\u00f3n inteligente, los sensores ITOF desempe\u00f1an un papel crucial a la hora de proporcionar la informaci\u00f3n r\u00e1pida y de alta calidad necesaria para mantener los sistemas funcionando sin problemas y adaptarse a las condiciones din\u00e1micas.<\/li>\n<li><strong>Dise\u00f1o duradero y resistente para entornos hostiles<\/strong> Los entornos industriales pueden ser duros para los equipos. Los sensores de distancia ITOF est\u00e1n fabricados con materiales resistentes y duraderos, como aleaciones de aluminio, para soportar golpes, vibraciones y temperaturas extremas. Los sensores ITOF ofrecen la robustez y durabilidad necesarias para recopilar datos de forma ininterrumpida y con un alto rendimiento, tanto si se utilizan en obras, almacenes u otras condiciones exigentes al aire libre, como si est\u00e1n sometidos a una exposici\u00f3n constante a condiciones adversas, como la construcci\u00f3n, la log\u00edstica y las operaciones al aire libre.<\/li>\n<li><strong>Protecci\u00f3n IP para resistencia al polvo y al agua<\/strong> Los sensores de distancia ITOF cuentan con un alto grado de protecci\u00f3n IP contra el polvo y el agua, conforme a la norma IEC 60529. Esto los hace id\u00f3neos para entornos en los que la humedad, el polvo o la suciedad son habituales, como la agricultura, la miner\u00eda y la construcci\u00f3n. Tanto si trabajan en campos empapados por la lluvia como en f\u00e1bricas polvorientas, estos sensores siguen funcionando de forma fiable, garantizando que las mediciones cr\u00edticas no se vean interrumpidas por factores ambientales.Para las industrias que requieren equipos que puedan funcionar de forma fiable en condiciones exteriores dif\u00edciles, los sensores ITOF ofrecen la protecci\u00f3n y durabilidad necesarias para garantizar un rendimiento continuo.<\/li>\n<li><strong>Interfaces de comunicaci\u00f3n flexibles para facilitar la integraci\u00f3n<\/strong> Los sensores de distancia ITOF admiten una amplia gama de interfaces de comunicaci\u00f3n, como TTL, RS485 y RS232. Esta flexibilidad garantiza una integraci\u00f3n perfecta con los sistemas existentes, ya sean aplicaciones rob\u00f3ticas, l\u00edneas de producci\u00f3n automatizadas o plataformas habilitadas para IoT. Con la capacidad de conectarse f\u00e1cilmente a diferentes dispositivos y redes, estos sensores garantizan un flujo de datos fluido, mejorando la eficiencia del sistema y reduciendo la complejidad de la integraci\u00f3n.En un mundo cada vez m\u00e1s interconectado, la capacidad de integrar sensores en una variedad de sistemas es esencial. Los sensores ITOF proporcionan la versatilidad necesaria para dar soporte a una amplia gama de aplicaciones industriales, desde la producci\u00f3n automatizada hasta las redes de teledetecci\u00f3n.<\/li>\n<\/ol>\n<div class=\"ast-oembed-container\" style=\"height: 100%;\"><iframe title=\"Chengdu Meskernel Tecnolog\u00eda Integrada Co , Ltd\" width=\"500\" height=\"281\" src=\"https:\/\/www.youtube.com\/embed\/l3-XWIFqqic?feature=oembed\" frameborder=\"0\" allow=\"accelerometer; autoplay; clipboard-write; encrypted-media; gyroscope; picture-in-picture; web-share\" referrerpolicy=\"strict-origin-when-cross-origin\" allowfullscreen><\/iframe><\/div>\n<h3>\u00bfPor qu\u00e9 elegir sensores de distancia ITOF?<\/h3>\n<ol>\n<li><strong>Automatizaci\u00f3n m\u00e1s inteligente e integraci\u00f3n de la IA<\/strong> El auge de las f\u00e1bricas inteligentes y la automatizaci\u00f3n impulsada por IA ha hecho que los datos precisos en tiempo real sean esenciales para una toma de decisiones eficaz. Los sensores de distancia ITOF son elementos clave para la integraci\u00f3n de la IA, ya que proporcionan las mediciones fiables necesarias para alimentar algoritmos de aprendizaje autom\u00e1tico, herramientas de mantenimiento predictivo y sistemas de IA. Al ofrecer datos precisos en tiempo real, estos sensores ayudan a reducir el tiempo de inactividad, mejorar la eficiencia y respaldar una automatizaci\u00f3n m\u00e1s inteligente.A medida que las industrias adoptan la IA y el aprendizaje autom\u00e1tico para optimizar los flujos de trabajo, los sensores de distancia ITOF garantizan la precisi\u00f3n y la velocidad necesarias para mejorar las operaciones e impulsar la innovaci\u00f3n.<\/li>\n<li><strong>Optimizaci\u00f3n de la rob\u00f3tica y los sistemas IoT<\/strong> La rob\u00f3tica y las tecnolog\u00edas IoT est\u00e1n transformando sectores como la log\u00edstica, la fabricaci\u00f3n y la agricultura, creando una necesidad cada vez mayor de sensores fiables y de alto rendimiento. Los sensores de distancia ITOF son ideales para aplicaciones como la navegaci\u00f3n rob\u00f3tica, la detecci\u00f3n de objetos y la gesti\u00f3n din\u00e1mica de tareas. Adem\u00e1s, su compatibilidad con los sistemas IoT facilita su integraci\u00f3n en redes basadas en la nube para la supervisi\u00f3n remota, el an\u00e1lisis de datos y la optimizaci\u00f3n continua del sistema. Esto convierte a los sensores ITOF en un componente esencial en el creciente mundo de los dispositivos inteligentes y conectados.<\/li>\n<li><strong>Seguridad y precisi\u00f3n en aplicaciones cr\u00edticas<\/strong> En sectores en los que la seguridad es una prioridad absoluta, como los veh\u00edculos aut\u00f3nomos, la rob\u00f3tica y la construcci\u00f3n, cualquier error en la medici\u00f3n de distancias puede tener graves consecuencias. Los sensores de distancia ITOF proporcionan la precisi\u00f3n y fiabilidad necesarias para garantizar que estos sistemas funcionen de forma segura, reduciendo el riesgo de accidentes y errores costosos. Para aplicaciones en las que tanto la seguridad como la precisi\u00f3n son fundamentales, los sensores de distancia ITOF ofrecen la confianza de que los sistemas funcionar\u00e1n seg\u00fan lo previsto, mejorando la seguridad y la productividad en una amplia gama de sectores.<\/li>\n<\/ol>\n<h3>Aplicaciones pr\u00e1cticas de los sensores de distancia ITOF<\/h3>\n<p>Los sensores de distancia ITOF son vers\u00e1tiles y pueden utilizarse en una amplia gama de aplicaciones industriales, entre ellas:<\/p>\n<ul>\n<li><strong>Rob\u00f3tica y automatizaci\u00f3n:<\/strong> Los sensores ITOF son ideales para la navegaci\u00f3n rob\u00f3tica, la prevenci\u00f3n de colisiones y la detecci\u00f3n de objetos, tanto en interiores como en exteriores. Gracias a su rapidez en la recogida de datos y su precisi\u00f3n, forman parte integral de los sistemas rob\u00f3ticos impulsados por IA.<\/li>\n<li><strong>Fabricaci\u00f3n inteligente:<\/strong> En las l\u00edneas de producci\u00f3n automatizadas, los sensores ITOF mejoran la supervisi\u00f3n en tiempo real, el control de calidad y la optimizaci\u00f3n del sistema. Cuando se integran con sistemas de visi\u00f3n artificial, estos sensores ayudan a los fabricantes a mejorar la precisi\u00f3n de los procesos y reducir los tiempos de inactividad.<\/li>\n<li><strong><a href=\"https:\/\/meskernel.net\/es\/aplicacion\/logistics-warehousing\/\">Log\u00edstica y almacenamiento<\/a>:<\/strong> Los sensores de distancia ITOF son fundamentales para automatizar el seguimiento del inventario, la clasificaci\u00f3n y la manipulaci\u00f3n de materiales en los almacenes. Ayudan a optimizar las operaciones de almac\u00e9n y a mejorar la gesti\u00f3n de la cadena de suministro proporcionando mediciones r\u00e1pidas y fiables.<\/li>\n<li><strong>Construcci\u00f3n y topograf\u00eda:<\/strong> Para aplicaciones como cartograf\u00eda, medici\u00f3n de distancias y control de la seguridad, los sensores ITOF proporcionan datos precisos y fiables incluso en las condiciones m\u00e1s dif\u00edciles.<\/li>\n<li><strong>Vigilancia exterior y medioambiental:<\/strong> Los sensores ITOF destacan en la agricultura, las estaciones meteorol\u00f3gicas y la investigaci\u00f3n medioambiental, ya que ofrecen un rendimiento robusto y fiable incluso en entornos exteriores adversos.<\/li>\n<\/ul>\n<h3>Medici\u00f3n de precisi\u00f3n para el futuro<\/h3>\n<p>Los sensores de distancia ITOF ofrecen a las industrias la precisi\u00f3n, velocidad y durabilidad necesarias para seguir siendo competitivas en el panorama industrial actual, en r\u00e1pida evoluci\u00f3n. Gracias a su gran precisi\u00f3n, r\u00e1pida recopilaci\u00f3n de datos y robusta fiabilidad, estos sensores son muy valiosos para aplicaciones que van desde la rob\u00f3tica y la fabricaci\u00f3n inteligente hasta la supervisi\u00f3n medioambiental.<\/p>\n<p>Al incorporar los sensores de distancia ITOF a sus operaciones, puede asegurarse de que sus sistemas ofrecen el rendimiento, la eficacia y la fiabilidad necesarios para triunfar en el mundo industrial moderno. Gracias a su capacidad para afrontar los retos de las industrias del futuro, los sensores de distancia ITOF son una soluci\u00f3n de futuro para las empresas que buscan mantenerse a la vanguardia en un mundo cada vez m\u00e1s automatizado y conectado.<\/p>","protected":false},"excerpt":{"rendered":"<p>El sensor de distancia ITOF ofrece alta precisi\u00f3n, respuesta r\u00e1pida y durabilidad, por lo que es ideal para aplicaciones industriales de automatizaci\u00f3n, rob\u00f3tica, log\u00edstica y fabricaci\u00f3n inteligente. Con un amplio rango de medici\u00f3n, recopilaci\u00f3n de datos en tiempo real y un dise\u00f1o robusto, este sensor ofrece un rendimiento fiable en entornos dif\u00edciles, ayudando a las empresas a optimizar procesos, mejorar la eficiencia y garantizar la seguridad.<\/p>","protected":false},"featured_media":2833,"template":"","meta":{"site-sidebar-layout":"default","site-content-layout":"","ast-site-content-layout":"default","site-content-style":"default","site-sidebar-style":"default","ast-global-header-display":"","ast-banner-title-visibility":"","ast-main-header-display":"","ast-hfb-above-header-display":"","ast-hfb-below-header-display":"","ast-hfb-mobile-header-display":"","site-post-title":"","ast-breadcrumbs-content":"","ast-featured-img":"","footer-sml-layout":"","ast-disable-related-posts":"","theme-transparent-header-meta":"default","adv-header-id-meta":"","stick-header-meta":"","header-above-stick-meta":"","header-main-stick-meta":"","header-below-stick-meta":"","astra-migrate-meta-layouts":"set","ast-page-background-enabled":"default","ast-page-background-meta":{"desktop":{"background-color":"var(--ast-global-color-4)","background-image":"","background-repeat":"repeat","background-position":"center center","background-size":"auto","background-attachment":"scroll","background-type":"","background-media":"","overlay-type":"","overlay-color":"","overlay-opacity":"","overlay-gradient":""},"tablet":{"background-color":"","background-image":"","background-repeat":"repeat","background-position":"center center","background-size":"auto","background-attachment":"scroll","background-type":"","background-media":"","overlay-type":"","overlay-color":"","overlay-opacity":"","overlay-gradient":""},"mobile":{"background-color":"","background-image":"","background-repeat":"repeat","background-position":"center center","background-size":"auto","background-attachment":"scroll","background-type":"","background-media":"","overlay-type":"","overlay-color":"","overlay-opacity":"","overlay-gradient":""}},"ast-content-background-meta":{"desktop":{"background-color":"var(--ast-global-color-5)","background-image":"","background-repeat":"repeat","background-position":"center center","background-size":"auto","background-attachment":"scroll","background-type":"","background-media":"","overlay-type":"","overlay-color":"","overlay-opacity":"","overlay-gradient":""},"tablet":{"background-color":"var(--ast-global-color-5)","background-image":"","background-repeat":"repeat","background-position":"center center","background-size":"auto","background-attachment":"scroll","background-type":"","background-media":"","overlay-type":"","overlay-color":"","overlay-opacity":"","overlay-gradient":""},"mobile":{"background-color":"var(--ast-global-color-5)","background-image":"","background-repeat":"repeat","background-position":"center center","background-size":"auto","background-attachment":"scroll","background-type":"","background-media":"","overlay-type":"","overlay-color":"","overlay-opacity":"","overlay-gradient":""}}},"product_brand":[60],"product_cat":[33],"product_tag":[],"class_list":{"0":"post-2829","1":"product","2":"type-product","3":"status-publish","4":"has-post-thumbnail","6":"product_brand-meskernel","7":"product_cat-industrial-laser-distance-sensors","8":"desktop-align-center","9":"tablet-align-left","10":"mobile-align-left","12":"first","13":"instock","14":"shipping-taxable","15":"product-type-simple"},"_links":{"self":[{"href":"https:\/\/meskernel.net\/es\/wp-json\/wp\/v2\/product\/2829","targetHints":{"allow":["GET"]}}],"collection":[{"href":"https:\/\/meskernel.net\/es\/wp-json\/wp\/v2\/product"}],"about":[{"href":"https:\/\/meskernel.net\/es\/wp-json\/wp\/v2\/types\/product"}],"version-history":[{"count":0,"href":"https:\/\/meskernel.net\/es\/wp-json\/wp\/v2\/product\/2829\/revisions"}],"wp:featuredmedia":[{"embeddable":true,"href":"https:\/\/meskernel.net\/es\/wp-json\/wp\/v2\/media\/2833"}],"wp:attachment":[{"href":"https:\/\/meskernel.net\/es\/wp-json\/wp\/v2\/media?parent=2829"}],"wp:term":[{"taxonomy":"product_brand","embeddable":true,"href":"https:\/\/meskernel.net\/es\/wp-json\/wp\/v2\/product_brand?post=2829"},{"taxonomy":"product_cat","embeddable":true,"href":"https:\/\/meskernel.net\/es\/wp-json\/wp\/v2\/product_cat?post=2829"},{"taxonomy":"product_tag","embeddable":true,"href":"https:\/\/meskernel.net\/es\/wp-json\/wp\/v2\/product_tag?post=2829"}],"curies":[{"name":"wp","href":"https:\/\/api.w.org\/{rel}","templated":true}]}}