{"id":3070,"date":"2024-12-11T10:11:47","date_gmt":"2024-12-11T02:11:47","guid":{"rendered":"https:\/\/meskernel.net\/?post_type=product&#038;p=3070"},"modified":"2025-12-02T17:54:06","modified_gmt":"2025-12-02T09:54:06","slug":"sensor-de-alcance","status":"publish","type":"product","link":"https:\/\/meskernel.net\/es\/product\/range-sensor\/","title":{"rendered":"Sensor de Alcance 200m Con L\u00e1ser Verde Seguro Clase 1"},"content":{"rendered":"<p>Los sensores l\u00e1ser de rango con salida anal\u00f3gica son componentes esenciales en las aplicaciones industriales modernas, especialmente en campos que requieren alta precisi\u00f3n, como la automatizaci\u00f3n, la rob\u00f3tica y el control de calidad. A medida que las industrias adoptan tecnolog\u00edas avanzadas, la integraci\u00f3n de sensores l\u00e1ser con salida anal\u00f3gica proporciona una soluci\u00f3n fiable para la medici\u00f3n continua, precisa y en tiempo real. A continuaci\u00f3n, exploraremos los principios, ventajas y aplicaciones de los sensores l\u00e1ser de rango y las salidas anal\u00f3gicas, destacando c\u00f3mo estas tecnolog\u00edas trabajan juntas para mejorar la precisi\u00f3n de las mediciones y la eficacia del sistema.<\/p>\n<p><img data-dominant-color=\"b8c0c9\" data-has-transparency=\"true\" style=\"--dominant-color: #b8c0c9;\" fetchpriority=\"high\" decoding=\"async\" class=\"wp-image-6378 size-full aligncenter has-transparency\" src=\"https:\/\/meskernel.net\/wp-content\/uploads\/2024\/12\/green-laser-beam-sensors.webp\" alt=\"sensores de haz l\u00e1ser verde\" width=\"945\" height=\"770\" srcset=\"https:\/\/meskernel.net\/wp-content\/uploads\/2024\/12\/green-laser-beam-sensors.webp 945w, https:\/\/meskernel.net\/wp-content\/uploads\/2024\/12\/green-laser-beam-sensors-300x244.webp 300w, https:\/\/meskernel.net\/wp-content\/uploads\/2024\/12\/green-laser-beam-sensors-768x626.webp 768w, https:\/\/meskernel.net\/wp-content\/uploads\/2024\/12\/green-laser-beam-sensors-15x12.webp 15w, https:\/\/meskernel.net\/wp-content\/uploads\/2024\/12\/green-laser-beam-sensors-400x326.webp 400w\" sizes=\"(max-width: 945px) 100vw, 945px\" \/><\/p>\n<h4>1. C\u00f3mo funcionan los sensores l\u00e1ser de distancia<\/h4>\n<p>Los sensores l\u00e1ser de alcance miden la distancia entre el sensor y un objeto mediante luz l\u00e1ser. Por lo general, estos sensores se basan en uno de los siguientes principios:<\/p>\n<ol>\n<li><strong>Tiempo de vuelo (TOF)<\/strong>: En este m\u00e9todo, se emite un pulso l\u00e1ser que se refleja en el objeto. El sensor mide el tiempo que tarda el pulso en viajar hasta el objeto y volver. Conociendo la velocidad de la luz, el sensor calcula la distancia bas\u00e1ndose en el tiempo de retardo.<\/li>\n<li><strong>Cambio de fase<\/strong>: El sensor emite un haz l\u00e1ser continuo, y la fase de la luz reflejada se compara con la fase emitida. La diferencia de fase se utiliza entonces para calcular la distancia. Este m\u00e9todo ofrece una gran precisi\u00f3n, especialmente para mediciones de largo alcance.<\/li>\n<li><strong>Triangulaci\u00f3n<\/strong>: En la triangulaci\u00f3n, el sensor proyecta un haz l\u00e1ser sobre un objeto y un detector sensible a la posici\u00f3n detecta la luz reflejada. Al medir el \u00e1ngulo de la luz reflejada, el sensor calcula la distancia utilizando principios trigonom\u00e9tricos.<\/li>\n<\/ol>\n<p>Independientemente del m\u00e9todo utilizado, los sensores l\u00e1ser de alcance proporcionan una precisi\u00f3n excepcional, alcanzando a menudo una exactitud milim\u00e9trica o incluso microm\u00e9trica.<\/p>\n<h4>2. El papel de la salida anal\u00f3gica<\/h4>\n<p>La salida anal\u00f3gica es un m\u00e9todo que utilizan los sensores para transmitir los datos medidos como una se\u00f1al el\u00e9ctrica continua, normalmente en forma de tensi\u00f3n o corriente. Las se\u00f1ales anal\u00f3gicas ofrecen una retroalimentaci\u00f3n suave y en tiempo real, lo que las hace ideales para aplicaciones que requieren supervisi\u00f3n o control continuos.<\/p>\n<p>Los tipos m\u00e1s comunes de salida anal\u00f3gica son:<\/p>\n<ul>\n<li><strong>Salida de tensi\u00f3n<\/strong>: Se utilizan se\u00f1ales en rangos como 0-10V, 0-5V, o 1-5V, correspondiendo directamente el valor medido a la tensi\u00f3n de salida.<\/li>\n<li><strong>Salida de corriente<\/strong>: El bucle de corriente de 4-20 mA es una se\u00f1al anal\u00f3gica muy utilizada, especialmente \u00fatil para la transmisi\u00f3n a larga distancia y que proporciona una mayor inmunidad al ruido el\u00e9ctrico.<\/li>\n<\/ul>\n<p>Las se\u00f1ales de salida anal\u00f3gicas se integran perfectamente en los sistemas de control industrial, PLC y sistemas de adquisici\u00f3n de datos, donde pueden procesarse y utilizarse para el control y la supervisi\u00f3n en tiempo real.<\/p>\n<h4>3.Combinaci\u00f3n del sensor l\u00e1ser de alcance con la salida anal\u00f3gica<\/h4>\n<p>Cuando los sensores l\u00e1ser de distancia y la salida anal\u00f3gica trabajan juntos, crean una potente soluci\u00f3n para diversas aplicaciones. Estos son algunos casos de uso comunes en los que esta combinaci\u00f3n resulta especialmente beneficiosa:<\/p>\n<ol>\n<li><strong>Automatizaci\u00f3n industrial y rob\u00f3tica<\/strong>: Los sensores l\u00e1ser de alcance con salida anal\u00f3gica se utilizan ampliamente en rob\u00f3tica, l\u00edneas de montaje y sistemas de manipulaci\u00f3n de materiales. Por ejemplo, un robot puede utilizar un sensor l\u00e1ser para medir la distancia a un objeto, y la salida anal\u00f3gica env\u00eda estos datos al sistema de control, lo que permite un control preciso del movimiento para tareas como la recogida o el montaje de objetos.<\/li>\n<li><strong>Medici\u00f3n de nivel y posici\u00f3n<\/strong>: Los sensores l\u00e1ser de alcance se utilizan habitualmente para medir los niveles de l\u00edquido en dep\u00f3sitos, silos o contenedores. El sensor env\u00eda una se\u00f1al anal\u00f3gica continua que representa la distancia a la superficie del l\u00edquido, lo que permite al sistema supervisar los niveles de l\u00edquido y activar acciones en tiempo real, como la activaci\u00f3n de alarmas o el control de bombas.<\/li>\n<li><strong>Medici\u00f3n de precisi\u00f3n y control de calidad<\/strong>: En la fabricaci\u00f3n, los sensores l\u00e1ser miden las dimensiones de los componentes con gran precisi\u00f3n, detectando las variaciones de tama\u00f1o. La salida anal\u00f3gica proporciona informaci\u00f3n continua al sistema de control, lo que permite realizar ajustes automatizados o comprobaciones de calidad.<\/li>\n<li><strong>Sistemas de aparcamiento y control del tr\u00e1fico<\/strong>: Los sensores l\u00e1ser tambi\u00e9n se utilizan en sistemas inteligentes de aparcamiento y control del tr\u00e1fico. Al medir la distancia entre veh\u00edculos u obst\u00e1culos y enviar una salida anal\u00f3gica, estos sistemas pueden controlar la disponibilidad de aparcamiento o la congesti\u00f3n del tr\u00e1fico en tiempo real.<\/li>\n<\/ol>\n<h3>4.Ventajas de los sensores l\u00e1ser de distancia con salida anal\u00f3gica<\/h3>\n<ol>\n<li><strong>Alta precisi\u00f3n y estabilidad<\/strong>: Los sensores l\u00e1ser de alcance proporcionan mediciones extremadamente exactas, a menudo con una precisi\u00f3n de hasta mil\u00edmetros o incluso micr\u00f3metros. Estos sensores funcionan de forma fiable en diversos entornos, como condiciones de poca luz, altas temperaturas y condiciones industriales adversas.<\/li>\n<li><strong>Medici\u00f3n sin contacto<\/strong>: Los sensores l\u00e1ser ofrecen medici\u00f3n sin contacto, lo que significa que el sensor no interact\u00faa f\u00edsicamente con el objeto que se est\u00e1 midiendo. Esta caracter\u00edstica minimiza el desgaste tanto del sensor como del objeto, por lo que resulta ideal para materiales delicados o peligrosos.<\/li>\n<li><strong>Transmisi\u00f3n de datos en tiempo real<\/strong>: La salida anal\u00f3gica garantiza la transmisi\u00f3n continua de datos en tiempo real, lo que resulta perfecto para aplicaciones que requieren una supervisi\u00f3n constante y ajustes inmediatos. Esto resulta especialmente \u00fatil en procesos automatizados en los que el sistema debe actuar sin demora en funci\u00f3n de los datos del sensor.<\/li>\n<li><strong>Medici\u00f3n de largo alcance<\/strong>: El sensor l\u00e1ser de alcance puede medir a grandes distancias, a veces varios metros o incluso decenas de metros. Esta capacidad los hace ideales para aplicaciones que implican mediciones de gran alcance, como la fabricaci\u00f3n a gran escala o entornos complejos.<\/li>\n<li><strong>F\u00e1cil integraci\u00f3n<\/strong>: Las se\u00f1ales de salida anal\u00f3gicas son sencillas y compatibles con una amplia gama de controladores industriales y sistemas de adquisici\u00f3n de datos. Esto facilita su integraci\u00f3n en los sistemas existentes sin necesidad de complejos protocolos de programaci\u00f3n o comunicaci\u00f3n.<\/li>\n<\/ol>\n<p><img decoding=\"async\" class=\"wp-image-3072 size-full aligncenter\" title=\"sensores de distancia con salida anal\u00f3gica\" src=\"https:\/\/meskernel.net\/wp-content\/uploads\/2024\/12\/distance-sensors-with-analog-output.jpg\" alt=\"sensores de distancia con salida anal\u00f3gica\" width=\"800\" height=\"800\" srcset=\"https:\/\/meskernel.net\/wp-content\/uploads\/2024\/12\/distance-sensors-with-analog-output.jpg 800w, https:\/\/meskernel.net\/wp-content\/uploads\/2024\/12\/distance-sensors-with-analog-output-300x300.jpg 300w, https:\/\/meskernel.net\/wp-content\/uploads\/2024\/12\/distance-sensors-with-analog-output-150x150.jpg 150w, https:\/\/meskernel.net\/wp-content\/uploads\/2024\/12\/distance-sensors-with-analog-output-768x768.jpg 768w, https:\/\/meskernel.net\/wp-content\/uploads\/2024\/12\/distance-sensors-with-analog-output-400x400.jpg 400w, https:\/\/meskernel.net\/wp-content\/uploads\/2024\/12\/distance-sensors-with-analog-output-100x100.jpg 100w\" sizes=\"(max-width: 800px) 100vw, 800px\" \/><\/p>\n<p>El sensor de alcance con salida anal\u00f3gica ofrece una soluci\u00f3n potente y eficaz para numerosas aplicaciones industriales. Los sensores l\u00e1ser proporcionan mediciones precisas, sin contacto y con gran exactitud, mientras que la salida anal\u00f3gica garantiza la transmisi\u00f3n continua de datos en tiempo real. Juntas, estas tecnolog\u00edas permiten una supervisi\u00f3n, control y automatizaci\u00f3n eficaces en \u00e1reas como la rob\u00f3tica, la automatizaci\u00f3n industrial, la medici\u00f3n del nivel de fluidos y el control de calidad.<\/p>\n<p>A medida que la tecnolog\u00eda siga avanzando, el sensor l\u00e1ser de alcance ser\u00e1 a\u00fan m\u00e1s preciso y vers\u00e1til, mientras que la salida anal\u00f3gica seguir\u00e1 siendo un m\u00e9todo fiable y ampliamente utilizado para la transmisi\u00f3n de se\u00f1ales en entornos industriales. Esta integraci\u00f3n seguir\u00e1 impulsando la innovaci\u00f3n y la eficiencia, dando lugar a sistemas m\u00e1s inteligentes y automatizados en todos los sectores.<\/p>\n<h3>Por qu\u00e9 nosotros<\/h3>\n<p>&nbsp;<\/p>\n<ul>\n<li><strong>Alta durabilidad<\/strong>: La combinaci\u00f3n de la carcasa de aleaci\u00f3n de aluminio y la protecci\u00f3n IP garantiza que el sensor pueda soportar entornos dif\u00edciles, ofreciendo un funcionamiento fiable a\u00f1o tras a\u00f1o.<\/li>\n<li><strong>Precisi\u00f3n en la que puede confiar<\/strong>: Nuestros sensores de medici\u00f3n de distancias garantizan mediciones precisas, proporcionando datos exactos que cumplen las normas m\u00e1s estrictas para uso industrial y cient\u00edfico.<\/li>\n<li><strong>F\u00e1cil integraci\u00f3n<\/strong>: Con m\u00faltiples interfaces de comunicaci\u00f3n como TTL, RS485 y RS232, nuestros sensores se integran sin esfuerzo en los sistemas existentes, reduciendo el tiempo y la complejidad de la instalaci\u00f3n.<\/li>\n<li><strong>A la medida de sus necesidades<\/strong>: Ofrecemos servicios OEM y ODM para personalizar sus sensores en funci\u00f3n de las necesidades espec\u00edficas de su aplicaci\u00f3n, garantizando que el sensor cumpla exactamente sus requisitos.<\/li>\n<li><strong>Precios directos de f\u00e1brica<\/strong>: Como fabricante, ofrecemos precios competitivos, ayud\u00e1ndole a ahorrar costes a la vez que obtiene sensores de alta calidad para sus proyectos.<\/li>\n<\/ul>","protected":false},"excerpt":{"rendered":"<p>El sensor l\u00e1ser de rango con salida anal\u00f3gica de Meskernel ofrece una precisi\u00f3n sin igual, una respuesta r\u00e1pida y un amplio rango de medici\u00f3n, por lo que es la elecci\u00f3n perfecta para aplicaciones industriales, al aire libre y especializadas. Con m\u00e1s de 20 a\u00f1os de experiencia, Meskernel ofrece un sensor altamente personalizable con tecnolog\u00eda l\u00e1ser verde avanzada de 520 nm, opciones de alimentaci\u00f3n vers\u00e1tiles y protocolos de comunicaci\u00f3n robustos. Dise\u00f1ado para prosperar en entornos dif\u00edciles, incluyendo mediciones bajo el agua y l\u00edquidos, el sensor l\u00e1ser USB garantiza resultados fiables y de alto rendimiento. Elija Meskernel para obtener un sensor que satisfaga sus necesidades exactas e impulse sus proyectos hacia el \u00e9xito.<\/p>","protected":false},"featured_media":3207,"template":"","meta":{"site-sidebar-layout":"right-sidebar","site-content-layout":"","ast-site-content-layout":"default","site-content-style":"default","site-sidebar-style":"default","ast-global-header-display":"","ast-banner-title-visibility":"","ast-main-header-display":"","ast-hfb-above-header-display":"","ast-hfb-below-header-display":"","ast-hfb-mobile-header-display":"","site-post-title":"","ast-breadcrumbs-content":"","ast-featured-img":"","footer-sml-layout":"","ast-disable-related-posts":"","theme-transparent-header-meta":"default","adv-header-id-meta":"","stick-header-meta":"","header-above-stick-meta":"","header-main-stick-meta":"","header-below-stick-meta":"","astra-migrate-meta-layouts":"set","ast-page-background-enabled":"default","ast-page-background-meta":{"desktop":{"background-color":"var(--ast-global-color-4)","background-image":"","background-repeat":"repeat","background-position":"center center","background-size":"auto","background-attachment":"scroll","background-type":"","background-media":"","overlay-type":"","overlay-color":"","overlay-opacity":"","overlay-gradient":""},"tablet":{"background-color":"","background-image":"","background-repeat":"repeat","background-position":"center center","background-size":"auto","background-attachment":"scroll","background-type":"","background-media":"","overlay-type":"","overlay-color":"","overlay-opacity":"","overlay-gradient":""},"mobile":{"background-color":"","background-image":"","background-repeat":"repeat","background-position":"center center","background-size":"auto","background-attachment":"scroll","background-type":"","background-media":"","overlay-type":"","overlay-color":"","overlay-opacity":"","overlay-gradient":""}},"ast-content-background-meta":{"desktop":{"background-color":"var(--ast-global-color-5)","background-image":"","background-repeat":"repeat","background-position":"center center","background-size":"auto","background-attachment":"scroll","background-type":"","background-media":"","overlay-type":"","overlay-color":"","overlay-opacity":"","overlay-gradient":""},"tablet":{"background-color":"var(--ast-global-color-5)","background-image":"","background-repeat":"repeat","background-position":"center center","background-size":"auto","background-attachment":"scroll","background-type":"","background-media":"","overlay-type":"","overlay-color":"","overlay-opacity":"","overlay-gradient":""},"mobile":{"background-color":"var(--ast-global-color-5)","background-image":"","background-repeat":"repeat","background-position":"center center","background-size":"auto","background-attachment":"scroll","background-type":"","background-media":"","overlay-type":"","overlay-color":"","overlay-opacity":"","overlay-gradient":""}}},"product_brand":[60],"product_cat":[52],"product_tag":[],"class_list":{"0":"post-3070","1":"product","2":"type-product","3":"status-publish","4":"has-post-thumbnail","6":"product_brand-meskernel","7":"product_cat-phase-distance-sensor","8":"desktop-align-center","9":"tablet-align-left","10":"mobile-align-left","12":"first","13":"instock","14":"shipping-taxable","15":"product-type-simple"},"_links":{"self":[{"href":"https:\/\/meskernel.net\/es\/wp-json\/wp\/v2\/product\/3070","targetHints":{"allow":["GET"]}}],"collection":[{"href":"https:\/\/meskernel.net\/es\/wp-json\/wp\/v2\/product"}],"about":[{"href":"https:\/\/meskernel.net\/es\/wp-json\/wp\/v2\/types\/product"}],"version-history":[{"count":0,"href":"https:\/\/meskernel.net\/es\/wp-json\/wp\/v2\/product\/3070\/revisions"}],"wp:featuredmedia":[{"embeddable":true,"href":"https:\/\/meskernel.net\/es\/wp-json\/wp\/v2\/media\/3207"}],"wp:attachment":[{"href":"https:\/\/meskernel.net\/es\/wp-json\/wp\/v2\/media?parent=3070"}],"wp:term":[{"taxonomy":"product_brand","embeddable":true,"href":"https:\/\/meskernel.net\/es\/wp-json\/wp\/v2\/product_brand?post=3070"},{"taxonomy":"product_cat","embeddable":true,"href":"https:\/\/meskernel.net\/es\/wp-json\/wp\/v2\/product_cat?post=3070"},{"taxonomy":"product_tag","embeddable":true,"href":"https:\/\/meskernel.net\/es\/wp-json\/wp\/v2\/product_tag?post=3070"}],"curies":[{"name":"wp","href":"https:\/\/api.w.org\/{rel}","templated":true}]}}