{"id":3100,"date":"2024-12-16T09:50:02","date_gmt":"2024-12-16T01:50:02","guid":{"rendered":"https:\/\/meskernel.net\/?post_type=product&#038;p=3100"},"modified":"2026-04-15T11:47:53","modified_gmt":"2026-04-15T03:47:53","slug":"sensor-de-deteccion-de-objetos","status":"publish","type":"product","link":"https:\/\/meskernel.net\/es\/product\/object-detection-sensor\/","title":{"rendered":"(700m 3Hz) PTFS Square Laser Distance Sensor \u2013 Long-Range Object Detection"},"content":{"rendered":"<p data-start=\"219\" data-end=\"299\"><strong data-start=\"219\" data-end=\"299\">Sensores de distancia para alarmas y notificaciones m\u00f3viles: Una soluci\u00f3n de seguridad inteligente<\/strong><\/p>\n<p data-start=\"301\" data-end=\"735\">En el mundo actual de los hogares inteligentes y la automatizaci\u00f3n, los sensores de distancia se est\u00e1n convirtiendo en componentes esenciales. Estos sensores pueden medir la distancia entre objetos e integrarse perfectamente con sistemas de alarma y funciones de notificaci\u00f3n m\u00f3vil, proporcionando alertas en tiempo real y monitorizaci\u00f3n remota. En esta entrada del blog, exploraremos c\u00f3mo combinar sensores de distancia con alarmas y notificaciones m\u00f3viles para crear una soluci\u00f3n de seguridad inteligente y automatizada.<\/p>\n<h3 style=\"text-align: left;\">Caracter\u00edsticas principales<\/h3>\n<figure id=\"attachment_2978\" aria-describedby=\"caption-attachment-2978\" style=\"width: 433px\" class=\"wp-caption alignright\"><img fetchpriority=\"high\" decoding=\"async\" class=\"wp-image-2978\" title=\"Sensor de detecci\u00f3n de objetos\" src=\"https:\/\/meskernel.net\/wp-content\/uploads\/2024\/11\/Laser-Ranging-Sensor-PTFS.jpg\" alt=\"Sensor de detecci\u00f3n de objetos\" width=\"433\" height=\"433\" srcset=\"https:\/\/meskernel.net\/wp-content\/uploads\/2024\/11\/Laser-Ranging-Sensor-PTFS.jpg 800w, https:\/\/meskernel.net\/wp-content\/uploads\/2024\/11\/Laser-Ranging-Sensor-PTFS-300x300.jpg 300w, https:\/\/meskernel.net\/wp-content\/uploads\/2024\/11\/Laser-Ranging-Sensor-PTFS-150x150.jpg 150w, https:\/\/meskernel.net\/wp-content\/uploads\/2024\/11\/Laser-Ranging-Sensor-PTFS-768x768.jpg 768w, https:\/\/meskernel.net\/wp-content\/uploads\/2024\/11\/Laser-Ranging-Sensor-PTFS-400x400.jpg 400w, https:\/\/meskernel.net\/wp-content\/uploads\/2024\/11\/Laser-Ranging-Sensor-PTFS-100x100.jpg 100w\" sizes=\"(max-width: 433px) 100vw, 433px\" \/><figcaption id=\"caption-attachment-2978\" class=\"wp-caption-text\">Sensor de detecci\u00f3n de objetos<\/figcaption><\/figure>\n<ul>\n<li style=\"text-align: left;\"><strong>Media Distancia<\/strong><br \/>\nM\u00faltiples opciones de distancia, que proporcionan rangos de medici\u00f3n de 100 metros, 400 metros, 700 metros y 1100 metros.<\/li>\n<li style=\"text-align: left;\"><strong>Alta frecuencia<\/strong><br \/>\nFrecuencias personalizables que van de 3 Hz a 500 Hz, por lo que es ideal para aplicaciones que requieren tiempos de respuesta r\u00e1pidos.<\/li>\n<li style=\"text-align: left;\"><strong>F\u00e1cil integraci\u00f3n<\/strong><br \/>\nLa estructura cuadrada es f\u00e1cil de integrar en el sistema.<\/li>\n<li style=\"text-align: left;\"><strong>El m\u00f3dulo Classic destaca por su durabilidad<\/strong><br \/>\nFabricado con tecnolog\u00eda pulsada y l\u00e1ser de 905 nm, ha sido un producto emblem\u00e1tico en la categor\u00eda de Meskernel tras iteraciones y actualizaciones t\u00e9cnicas, y goza de gran aceptaci\u00f3n entre clientes de distintas regiones.<\/li>\n<\/ul>\n<div class=\"mceTemp\"><\/div>\n<div class=\"text-content\">\n<h3 data-start=\"1401\" data-end=\"1433\">1. C\u00f3mo funcionan los sensores de distancia<\/h3>\n<p data-start=\"1435\" data-end=\"1572\"><strong data-start=\"1435\" data-end=\"1463\">Sensores de detecci\u00f3n de objetos<\/strong> medir la distancia entre el sensor y un objeto utilizando diversas tecnolog\u00edas. Los tipos m\u00e1s comunes son:<\/p>\n<ul data-start=\"1574\" data-end=\"2007\">\n<li data-start=\"1574\" data-end=\"1722\"><strong data-start=\"1576\" data-end=\"1598\">Sensores ultras\u00f3nicos<\/strong>: Emite ondas sonoras para calcular la distancia en funci\u00f3n del tiempo que tarda el sonido en volver. \u00datil para la detecci\u00f3n b\u00e1sica.<\/li>\n<li data-start=\"1723\" data-end=\"1823\"><strong data-start=\"1725\" data-end=\"1745\">Sensores de infrarrojos<\/strong>: Utilizan luz infrarroja para la detecci\u00f3n de corto alcance, normalmente a pocos metros.<\/li>\n<li data-start=\"1824\" data-end=\"2007\"><strong data-start=\"1826\" data-end=\"1843\">Sensores l\u00e1ser<\/strong>: Rayos l\u00e1ser de alta precisi\u00f3n que proporcionan mediciones de distancia exactas, ideales para aplicaciones de medio y largo alcance como el Sensor de Distancia Cuadrado PTFS 700m.<\/li>\n<\/ul>\n<p data-start=\"2009\" data-end=\"2245\">Una vez que un sensor de distancia recoge los datos, los env\u00eda a una unidad de procesamiento (como un microcontrolador o un dispositivo integrado), que desencadena acciones basadas en condiciones predefinidas, como la activaci\u00f3n de una alarma o el env\u00edo de una notificaci\u00f3n.<\/p>\n<h3 data-start=\"2247\" data-end=\"2280\">2. Configuraci\u00f3n de un sistema de alarma<\/h3>\n<p data-start=\"2282\" data-end=\"2447\">Cuando un sensor de distancia detecta un objeto que entra en una zona predefinida (es decir, la distancia cae por debajo de un umbral espec\u00edfico), el sistema puede activar varias alarmas:<\/p>\n<ul data-start=\"2449\" data-end=\"2709\">\n<li data-start=\"2449\" data-end=\"2535\"><strong data-start=\"2451\" data-end=\"2467\">Alarmas sonoras<\/strong>: Un zumbador o una sirena alerta a los usuarios de posibles amenazas o intrusiones.<\/li>\n<li data-start=\"2536\" data-end=\"2627\"><strong data-start=\"2538\" data-end=\"2555\">Alarmas visuales<\/strong>: Las luces intermitentes se\u00f1alan estados de alerta como avisos o emergencias.<\/li>\n<li data-start=\"2628\" data-end=\"2709\"><strong data-start=\"2630\" data-end=\"2650\">Alarmas de vibraci\u00f3n<\/strong>: Un dispositivo vibratorio puede alertar a los usuarios en entornos ruidosos.<\/li>\n<\/ul>\n<p data-start=\"2711\" data-end=\"2848\">Este sistema de alarma ayuda a evitar intrusiones, alertar a las personas de peligros o garantizar que los objetos permanezcan a una distancia segura de las zonas peligrosas.<\/p>\n<h3 data-start=\"2850\" data-end=\"2888\">3. Integraci\u00f3n de notificaciones m\u00f3viles<\/h3>\n<p data-start=\"2890\" data-end=\"3096\">Con el crecimiento de IoT, muchos dispositivos tienen ahora la capacidad de enviar notificaciones a su smartphone. Integrando un sensor de distancia con un sistema de notificaciones m\u00f3viles, los usuarios pueden recibir alertas a distancia.<\/p>\n<p data-start=\"3098\" data-end=\"3127\"><strong data-start=\"3098\" data-end=\"3126\">Pasos para la aplicaci\u00f3n<\/strong>:<\/p>\n<ol data-start=\"3128\" data-end=\"3678\">\n<li data-start=\"3128\" data-end=\"3285\"><strong data-start=\"3131\" data-end=\"3150\">Recogida de datos<\/strong>: El sensor de detecci\u00f3n de objetos supervisa continuamente el entorno y env\u00eda los datos de distancia a un microcontrolador o sistema integrado.<\/li>\n<li data-start=\"3286\" data-end=\"3412\"><strong data-start=\"3289\" data-end=\"3315\">Establecer condiciones de activaci\u00f3n<\/strong>: Defina un umbral de distancia. Si un objeto cruza este umbral, el sistema activa una alarma.<\/li>\n<li data-start=\"3413\" data-end=\"3533\"><strong data-start=\"3416\" data-end=\"3430\">Red<\/strong>: El sistema env\u00eda datos a trav\u00e9s de Wi-Fi, Bluetooth o redes celulares a una plataforma en la nube o a un servidor local.<\/li>\n<li data-start=\"3534\" data-end=\"3678\"><strong data-start=\"3537\" data-end=\"3564\">Notificaci\u00f3n de la aplicaci\u00f3n m\u00f3vil<\/strong>: Una aplicaci\u00f3n m\u00f3vil (Android o iOS) recibe notificaciones push desde la nube o el servidor, alertando a los usuarios en tiempo real.<\/li>\n<\/ol>\n<p data-start=\"3680\" data-end=\"3857\">Plataformas como Arduino, Raspberry Pi y servicios IoT como IFTTT o Blynk pueden ayudarte a enviar f\u00e1cilmente datos de sensores a la nube y activar notificaciones m\u00f3viles.<\/p>\n<h3 data-start=\"3859\" data-end=\"3897\">4. Ejemplos de aplicaciones reales<\/h3>\n<p data-start=\"3899\" data-end=\"3987\">He aqu\u00ed algunos usos pr\u00e1cticos de los sensores de distancia, las alarmas y las notificaciones m\u00f3viles:<\/p>\n<ul data-start=\"3989\" data-end=\"4750\">\n<li data-start=\"3989\" data-end=\"4255\"><strong data-start=\"3991\" data-end=\"4021\">Sistema de seguridad dom\u00e9stica inteligente<\/strong>: Instala sensores de distancia en puertas o ventanas para controlar los accesos no autorizados. Si alguien se acerca demasiado o intenta abrir una puerta o ventana, el sistema activa una alarma y env\u00eda una notificaci\u00f3n instant\u00e1nea al smartphone del propietario.<\/li>\n<li data-start=\"4256\" data-end=\"4488\"><strong data-start=\"4258\" data-end=\"4287\">Sistema de gesti\u00f3n de aparcamientos<\/strong>: Utiliza sensores de distancia en aparcamientos para detectar plazas disponibles. Cuando un veh\u00edculo aparca o se acerca a una plaza, el sistema puede activar alertas para avisar al gestor del aparcamiento o al propietario del sistema.<\/li>\n<li data-start=\"4489\" data-end=\"4750\"><strong data-start=\"4491\" data-end=\"4523\">Vigilancia de la seguridad industrial<\/strong>: En las f\u00e1bricas, los sensores de distancia vigilan la maquinaria o las zonas peligrosas. Si un objeto entra en una zona peligrosa, el sistema activa una alarma y env\u00eda una alerta a un supervisor, lo que ayuda a evitar accidentes o da\u00f1os en los equipos.<\/li>\n<\/ul>\n<h3 data-start=\"4752\" data-end=\"4793\">5. Elegir el sensor de distancia adecuado<\/h3>\n<p data-start=\"4795\" data-end=\"4864\">Al seleccionar un sensor de distancia, tenga en cuenta los siguientes factores:<\/p>\n<ul data-start=\"4866\" data-end=\"5525\">\n<li data-start=\"4866\" data-end=\"5124\"><strong data-start=\"4868\" data-end=\"4889\">Rango de medici\u00f3n<\/strong>: Elija un sensor en funci\u00f3n del alcance necesario. Para los sistemas de aparcamiento, un sensor con un alcance de unos pocos metros puede ser suficiente, mientras que las aplicaciones industriales pueden requerir sensores con alcances m\u00e1s largos, como el sensor de distancia cuadrado PTFS 700m.<\/li>\n<li data-start=\"5125\" data-end=\"5254\"><strong data-start=\"5127\" data-end=\"5139\">Precisi\u00f3n<\/strong>: Para aplicaciones que requieren una gran precisi\u00f3n, como la fabricaci\u00f3n automatizada, opte por sensores con una precisi\u00f3n superior.<\/li>\n<li data-start=\"5255\" data-end=\"5365\"><strong data-start=\"5257\" data-end=\"5274\">Tiempo de respuesta<\/strong>: En los sistemas de seguridad, los tiempos de respuesta r\u00e1pidos son cruciales. Elija sensores con respuesta r\u00e1pida.<\/li>\n<li data-start=\"5366\" data-end=\"5525\"><strong data-start=\"5368\" data-end=\"5399\">Compatibilidad medioambiental<\/strong>: Tenga en cuenta la resistencia a la temperatura, la humedad y el polvo. Los sensores con una clasificaci\u00f3n IP alta son m\u00e1s adecuados para entornos dif\u00edciles.<\/li>\n<\/ul>\n<h3 data-start=\"5527\" data-end=\"5569\">6. Ampliaci\u00f3n y optimizaci\u00f3n del sistema<\/h3>\n<p data-start=\"5571\" data-end=\"5677\">Una vez configurado el sistema b\u00e1sico de alarma y notificaci\u00f3n, hay varias formas de ampliarlo y optimizarlo:<\/p>\n<ul data-start=\"5679\" data-end=\"6150\">\n<li data-start=\"5679\" data-end=\"5813\"><strong data-start=\"5681\" data-end=\"5701\">A\u00f1adir m\u00e1s sensores<\/strong>: Instale sensores adicionales para crear una red de vigilancia m\u00e1s completa que mejore la cobertura y la seguridad.<\/li>\n<li data-start=\"5814\" data-end=\"5978\"><strong data-start=\"5816\" data-end=\"5848\">Integrar dispositivos adicionales<\/strong>: Combina sensores de distancia con otros dispositivos inteligentes como c\u00e1maras, cerraduras o sensores de temperatura para construir un sistema m\u00e1s robusto.<\/li>\n<li data-start=\"5979\" data-end=\"6150\"><strong data-start=\"5981\" data-end=\"6017\">An\u00e1lisis de datos y aprendizaje autom\u00e1tico<\/strong>: Analizar los datos de los sensores para permitir que el sistema se adapte a diferentes escenarios, mejorando la precisi\u00f3n de las alertas y el rendimiento general.<\/li>\n<\/ul>\n<h3 data-start=\"6152\" data-end=\"6169\">Interfaz PCI<\/h3>\n<p data-start=\"6171\" data-end=\"6333\">La compatibilidad con la transmisi\u00f3n Bluetooth, as\u00ed como con las interfaces TTL\/RS232\/RS485 tres en uno, garantiza una transmisi\u00f3n de datos m\u00e1s eficaz para los sensores de distancia.<\/p>\n<\/div>\n<div>\n<figure id=\"attachment_2979\" aria-describedby=\"caption-attachment-2979\" style=\"width: 800px\" class=\"wp-caption aligncenter\"><img decoding=\"async\" class=\"wp-image-2979 size-full\" title=\"Sensor de detecci\u00f3n de objetos 700 m\" src=\"https:\/\/meskernel.net\/wp-content\/uploads\/2024\/11\/PTFS-Laser-Ranging-Sensor-700m.jpg\" alt=\"Sensor de distancia l\u00e1ser PTFS 700 m\" width=\"800\" height=\"800\" srcset=\"https:\/\/meskernel.net\/wp-content\/uploads\/2024\/11\/PTFS-Laser-Ranging-Sensor-700m.jpg 800w, https:\/\/meskernel.net\/wp-content\/uploads\/2024\/11\/PTFS-Laser-Ranging-Sensor-700m-300x300.jpg 300w, https:\/\/meskernel.net\/wp-content\/uploads\/2024\/11\/PTFS-Laser-Ranging-Sensor-700m-150x150.jpg 150w, https:\/\/meskernel.net\/wp-content\/uploads\/2024\/11\/PTFS-Laser-Ranging-Sensor-700m-768x768.jpg 768w, https:\/\/meskernel.net\/wp-content\/uploads\/2024\/11\/PTFS-Laser-Ranging-Sensor-700m-400x400.jpg 400w, https:\/\/meskernel.net\/wp-content\/uploads\/2024\/11\/PTFS-Laser-Ranging-Sensor-700m-100x100.jpg 100w\" sizes=\"(max-width: 800px) 100vw, 800px\" \/><figcaption id=\"caption-attachment-2979\" class=\"wp-caption-text\">Sensor de detecci\u00f3n de objetos<\/figcaption><\/figure>\n<\/div>\n<h4><strong>Soluciones OEM disponibles<\/strong><\/h4>\n<p>Ofrecemos soluciones OEM para empresas y fabricantes que deseen incorporar el sensor de medici\u00f3n l\u00e1ser Meskernel a sus productos o sistemas. Nuestro Sensor de Detecci\u00f3n de Objetos puede personalizarse para satisfacer sus necesidades espec\u00edficas, ya sea para pedidos al por mayor, interfaces personalizadas o embalajes exclusivos. Nos comprometemos a proporcionar soluciones escalables para mejorar su oferta de productos.<\/p>\n<h4><strong>\u00bfPor qu\u00e9 elegir el sensor de detecci\u00f3n de objetos Meskernel?<\/strong><\/h4>\n<ul>\n<li><strong>Precisi\u00f3n a larga distancia<\/strong>: Proporciona mediciones de distancia fiables en distancias largas de hasta 1100 metros.<\/li>\n<li><strong>Rendimiento de alta velocidad<\/strong>: Recoge datos r\u00e1pidamente con una frecuencia de 1-3 Hz para aplicaciones en tiempo real.<\/li>\n<li><strong>Robusto y compacto<\/strong>: Ideal para proyectos a peque\u00f1a y gran escala, con un dise\u00f1o que resiste entornos dif\u00edciles.<\/li>\n<li><strong>Integraci\u00f3n perfecta<\/strong>: Se conecta f\u00e1cilmente a sus sistemas con opciones de comunicaci\u00f3n flexibles.<\/li>\n<li><strong>Asistencia OEM<\/strong>: Soluciones a medida para empresas que necesitan una integraci\u00f3n de sensores personalizada.<\/li>\n<\/ul>\n<p>El sensor de detecci\u00f3n de objetos Meskernel es la soluci\u00f3n perfecta para cualquier proyecto que requiera mediciones de largo alcance, r\u00e1pida recopilaci\u00f3n de datos y f\u00e1cil integraci\u00f3n del sistema. Tanto si trabaja en automatizaci\u00f3n industrial, rob\u00f3tica o cualquier otra aplicaci\u00f3n que requiera mediciones de distancia precisas, este sensor proporciona la fiabilidad y el rendimiento que necesita.<\/p>\n<p><a href=\"https:\/\/meskernel.net\/es\/pongase-en-contacto-con\/\"><strong>P\u00f3ngase en contacto con nosotros<\/strong><\/a> para obtener m\u00e1s informaci\u00f3n sobre c\u00f3mo nuestro sensor de alcance l\u00e1ser puede mejorar su sistema o proyecto, y c\u00f3mo podemos ayudarle con sus requisitos OEM.<\/p>","protected":false},"excerpt":{"rendered":"<p>Aprenda a integrar sensores de distancia con sistemas de alarma y notificaciones m\u00f3viles para crear una soluci\u00f3n de seguridad inteligente. Esta gu\u00eda cubre los tipos de sensores de distancia, la configuraci\u00f3n de alarmas y c\u00f3mo enviar alertas en tiempo real a su smartphone, ofreciendo aplicaciones pr\u00e1cticas para la seguridad inteligente en el hogar, la gesti\u00f3n de aparcamientos y la seguridad industrial.<\/p>","protected":false},"featured_media":3705,"template":"","meta":{"site-sidebar-layout":"default","site-content-layout":"","ast-site-content-layout":"default","site-content-style":"default","site-sidebar-style":"default","ast-global-header-display":"","ast-banner-title-visibility":"","ast-main-header-display":"","ast-hfb-above-header-display":"","ast-hfb-below-header-display":"","ast-hfb-mobile-header-display":"","site-post-title":"","ast-breadcrumbs-content":"","ast-featured-img":"","footer-sml-layout":"","ast-disable-related-posts":"","theme-transparent-header-meta":"default","adv-header-id-meta":"","stick-header-meta":"","header-above-stick-meta":"","header-main-stick-meta":"","header-below-stick-meta":"","astra-migrate-meta-layouts":"set","ast-page-background-enabled":"default","ast-page-background-meta":{"desktop":{"background-color":"var(--ast-global-color-4)","background-image":"","background-repeat":"repeat","background-position":"center center","background-size":"auto","background-attachment":"scroll","background-type":"","background-media":"","overlay-type":"","overlay-color":"","overlay-opacity":"","overlay-gradient":""},"tablet":{"background-color":"","background-image":"","background-repeat":"repeat","background-position":"center center","background-size":"auto","background-attachment":"scroll","background-type":"","background-media":"","overlay-type":"","overlay-color":"","overlay-opacity":"","overlay-gradient":""},"mobile":{"background-color":"","background-image":"","background-repeat":"repeat","background-position":"center center","background-size":"auto","background-attachment":"scroll","background-type":"","background-media":"","overlay-type":"","overlay-color":"","overlay-opacity":"","overlay-gradient":""}},"ast-content-background-meta":{"desktop":{"background-color":"var(--ast-global-color-5)","background-image":"","background-repeat":"repeat","background-position":"center center","background-size":"auto","background-attachment":"scroll","background-type":"","background-media":"","overlay-type":"","overlay-color":"","overlay-opacity":"","overlay-gradient":""},"tablet":{"background-color":"var(--ast-global-color-5)","background-image":"","background-repeat":"repeat","background-position":"center center","background-size":"auto","background-attachment":"scroll","background-type":"","background-media":"","overlay-type":"","overlay-color":"","overlay-opacity":"","overlay-gradient":""},"mobile":{"background-color":"var(--ast-global-color-5)","background-image":"","background-repeat":"repeat","background-position":"center center","background-size":"auto","background-attachment":"scroll","background-type":"","background-media":"","overlay-type":"","overlay-color":"","overlay-opacity":"","overlay-gradient":""}}},"product_brand":[60],"product_cat":[30],"product_tag":[],"class_list":{"0":"post-3100","1":"product","2":"type-product","3":"status-publish","4":"has-post-thumbnail","6":"product_brand-meskernel","7":"product_cat-pulse-ranging-sensor","8":"desktop-align-center","9":"tablet-align-left","10":"mobile-align-left","12":"first","13":"instock","14":"shipping-taxable","15":"product-type-simple"},"_links":{"self":[{"href":"https:\/\/meskernel.net\/es\/wp-json\/wp\/v2\/product\/3100","targetHints":{"allow":["GET"]}}],"collection":[{"href":"https:\/\/meskernel.net\/es\/wp-json\/wp\/v2\/product"}],"about":[{"href":"https:\/\/meskernel.net\/es\/wp-json\/wp\/v2\/types\/product"}],"version-history":[{"count":1,"href":"https:\/\/meskernel.net\/es\/wp-json\/wp\/v2\/product\/3100\/revisions"}],"predecessor-version":[{"id":7440,"href":"https:\/\/meskernel.net\/es\/wp-json\/wp\/v2\/product\/3100\/revisions\/7440"}],"wp:featuredmedia":[{"embeddable":true,"href":"https:\/\/meskernel.net\/es\/wp-json\/wp\/v2\/media\/3705"}],"wp:attachment":[{"href":"https:\/\/meskernel.net\/es\/wp-json\/wp\/v2\/media?parent=3100"}],"wp:term":[{"taxonomy":"product_brand","embeddable":true,"href":"https:\/\/meskernel.net\/es\/wp-json\/wp\/v2\/product_brand?post=3100"},{"taxonomy":"product_cat","embeddable":true,"href":"https:\/\/meskernel.net\/es\/wp-json\/wp\/v2\/product_cat?post=3100"},{"taxonomy":"product_tag","embeddable":true,"href":"https:\/\/meskernel.net\/es\/wp-json\/wp\/v2\/product_tag?post=3100"}],"curies":[{"name":"wp","href":"https:\/\/api.w.org\/{rel}","templated":true}]}}