{"id":3132,"date":"2024-12-19T10:14:20","date_gmt":"2024-12-19T02:14:20","guid":{"rendered":"https:\/\/meskernel.net\/?post_type=product&#038;p=3132"},"modified":"2025-07-28T11:26:19","modified_gmt":"2025-07-28T03:26:19","slug":"sensor-detector-de-nivel-de-agua","status":"publish","type":"product","link":"https:\/\/meskernel.net\/es\/product\/water-level-detector-sensor\/","title":{"rendered":"TS1224 Sensor de medici\u00f3n de distancia 2000m para proyectos precisos en exteriores"},"content":{"rendered":"<div class=\"text-title\">\n<div class=\"magic-3\">\n<h3 data-start=\"0\" data-end=\"77\"><strong data-start=\"4\" data-end=\"77\">Sensor de medici\u00f3n de distancia TS1224 - 2000m para proyectos precisos en exteriores<\/strong><\/h3>\n<p data-start=\"79\" data-end=\"613\">El sensor de medici\u00f3n de distancia TS1224 est\u00e1 dise\u00f1ado para ofrecer una precisi\u00f3n excepcional y un rendimiento de largo alcance en entornos exteriores. Tanto si trabaja en topograf\u00eda como en construcci\u00f3n o en cualquier proyecto a gran escala que requiera mediciones precisas, el TS1224 le garantiza la obtenci\u00f3n de datos fiables en todo momento. Con un rango de medici\u00f3n de 2000 metros, este sensor est\u00e1 dise\u00f1ado para funcionar en condiciones exteriores dif\u00edciles, proporcionando lecturas de distancia precisas que pueden ser cr\u00edticas para el \u00e9xito de su proyecto.<\/p>\n<\/div>\n<\/div>\n<figure id=\"attachment_2986\" aria-describedby=\"caption-attachment-2986\" style=\"width: 1000px\" class=\"wp-caption aligncenter\"><img fetchpriority=\"high\" decoding=\"async\" class=\"wp-image-2986 size-full\" title=\"M\u00f3dulo de distancia l\u00e1ser UART TS1224 2000m\" src=\"https:\/\/meskernel.net\/wp-content\/uploads\/2024\/11\/UART-laser-distance-module-TS1224.jpg\" alt=\"M\u00f3dulo de distancia l\u00e1ser UART TS1224\" width=\"1000\" height=\"500\" srcset=\"https:\/\/meskernel.net\/wp-content\/uploads\/2024\/11\/UART-laser-distance-module-TS1224.jpg 1000w, https:\/\/meskernel.net\/wp-content\/uploads\/2024\/11\/UART-laser-distance-module-TS1224-300x150.jpg 300w, https:\/\/meskernel.net\/wp-content\/uploads\/2024\/11\/UART-laser-distance-module-TS1224-768x384.jpg 768w, https:\/\/meskernel.net\/wp-content\/uploads\/2024\/11\/UART-laser-distance-module-TS1224-400x200.jpg 400w\" sizes=\"(max-width: 1000px) 100vw, 1000px\" \/><figcaption id=\"caption-attachment-2986\" class=\"wp-caption-text\">M\u00f3dulo de distancia l\u00e1ser UART TS1224<\/figcaption><\/figure>\n<h3 data-start=\"620\" data-end=\"640\"><strong data-start=\"624\" data-end=\"640\">Caracter\u00edsticas principales<\/strong><\/h3>\n<ul>\n<li data-start=\"642\" data-end=\"683\"><strong data-start=\"647\" data-end=\"683\">Alcance de medici\u00f3n ampliado de 2000 m<\/strong><\/li>\n<\/ul>\n<p data-start=\"684\" data-end=\"973\">Con un notable alcance de hasta 2000 metros, el TS1224 es perfecto para aplicaciones que requieren mediciones a larga distancia. Tanto si est\u00e1 cartografiando grandes \u00e1reas, realizando estudios medioambientales o gestionando vastas obras de construcci\u00f3n, este sensor proporciona un alcance y una precisi\u00f3n inigualables.<\/p>\n<ul>\n<li data-start=\"975\" data-end=\"1021\"><strong data-start=\"980\" data-end=\"1021\">Dise\u00f1o ultracompacto que ahorra espacio<\/strong><\/li>\n<\/ul>\n<p data-start=\"1022\" data-end=\"1292\">A pesar de sus capacidades de largo alcance, el TS1224 presenta un factor de forma compacto con un lado m\u00e1ximo m\u00e1s peque\u00f1o que una moneda. Esto permite integrarlo f\u00e1cilmente en espacios reducidos y sistemas compactos, lo que lo convierte en una opci\u00f3n ideal cuando el tama\u00f1o y la eficiencia del espacio son cruciales.<\/p>\n<ul>\n<li data-start=\"1294\" data-end=\"1336\"><strong data-start=\"1299\" data-end=\"1336\">Recepci\u00f3n de se\u00f1ales de alto rendimiento<\/strong><\/li>\n<\/ul>\n<p data-start=\"1337\" data-end=\"1668\">El TS1224 est\u00e1 equipado con cristal de alta transmitancia, que maximiza la recepci\u00f3n de la se\u00f1al y garantiza mediciones m\u00e1s claras y precisas a largas distancias. Esta caracter\u00edstica lo hace ideal para proyectos en exteriores, donde factores ambientales como el clima, las condiciones lum\u00ednicas y el terreno podr\u00edan interferir en el rendimiento.<\/p>\n<ul>\n<li data-start=\"1670\" data-end=\"1721\"><strong data-start=\"1675\" data-end=\"1721\">Carcasa met\u00e1lica duradera para entornos agresivos<\/strong><\/li>\n<\/ul>\n<p data-start=\"1722\" data-end=\"2021\">El TS1224, fabricado para soportar las condiciones m\u00e1s duras, cuenta con un dise\u00f1o de carcasa met\u00e1lica que proporciona una mayor durabilidad. Tanto si est\u00e1 expuesto al polvo, la humedad o temperaturas extremas, el sensor ofrece un rendimiento constante, garantizando que sus mediciones sigan siendo precisas independientemente del entorno.<\/p>\n<h3 data-start=\"3070\" data-end=\"3090\"><strong data-start=\"3074\" data-end=\"3090\">Aplicaciones<\/strong><\/h3>\n<ul>\n<li data-start=\"3092\" data-end=\"3295\"><strong data-start=\"3094\" data-end=\"3117\">Topograf\u00eda y cartograf\u00eda<\/strong>: Ideal para levantamientos a gran escala, el TS1224 puede cubrir distancias de hasta 2000 metros, proporcionando mediciones de alta precisi\u00f3n esenciales para obtener mapas topogr\u00e1ficos y planos de emplazamientos precisos.<\/li>\n<li data-start=\"3296\" data-end=\"3481\"><strong data-start=\"3298\" data-end=\"3314\">Construcci\u00f3n<\/strong>: Para grandes proyectos de construcci\u00f3n, el largo alcance del sensor garantiza lecturas de distancia fiables para medir parcelas, cimientos y otras estructuras en \u00e1reas extensas.<\/li>\n<li data-start=\"3482\" data-end=\"3681\"><strong data-start=\"3484\" data-end=\"3512\">Vigilancia medioambiental<\/strong>: El TS1224 es muy adecuado para estudios medioambientales, en los que las mediciones precisas de distancias pueden ser cruciales para supervisar bosques, humedales y otros paisajes naturales.<\/li>\n<li data-start=\"3682\" data-end=\"3897\"><strong data-start=\"3684\" data-end=\"3717\">Agricultura y gesti\u00f3n de tierras<\/strong>: Para aplicaciones de medici\u00f3n y gesti\u00f3n del suelo, este sensor es perfecto para explotaciones a gran escala y terrenos remotos, ya que ofrece lecturas precisas que pueden orientar las decisiones sobre el uso del suelo.<em style=\"font-size: 16px;\"><a href=\"https:\/\/meskernel.net\/es\/modulo-sensor-de-alcance-de-alta-frecuencia\/sensor-de-distancia-de-fase\/\">productos relacionados<\/a><\/em><\/li>\n<\/ul>\n<p>&nbsp;<\/p>\n<p><img decoding=\"async\" class=\"wp-image-3056 size-full aligncenter\" title=\"Sensor de proximidad\" src=\"https:\/\/meskernel.net\/wp-content\/uploads\/2024\/12\/Proximity-Sensor-1.jpg\" alt=\"Sensor de proximidad\" width=\"1080\" height=\"262\" srcset=\"https:\/\/meskernel.net\/wp-content\/uploads\/2024\/12\/Proximity-Sensor-1.jpg 1080w, https:\/\/meskernel.net\/wp-content\/uploads\/2024\/12\/Proximity-Sensor-1-300x73.jpg 300w, https:\/\/meskernel.net\/wp-content\/uploads\/2024\/12\/Proximity-Sensor-1-1024x248.jpg 1024w, https:\/\/meskernel.net\/wp-content\/uploads\/2024\/12\/Proximity-Sensor-1-768x186.jpg 768w, https:\/\/meskernel.net\/wp-content\/uploads\/2024\/12\/Proximity-Sensor-1-400x97.jpg 400w\" sizes=\"(max-width: 1080px) 100vw, 1080px\" \/><\/p>\n<h3 data-start=\"2028\" data-end=\"2084\"><strong data-start=\"2032\" data-end=\"2084\">\u00bfPor qu\u00e9 elegir el sensor de medici\u00f3n de distancia TS1224?<\/strong><\/h3>\n<p data-start=\"2086\" data-end=\"2126\"><strong data-start=\"2091\" data-end=\"2126\">Precisi\u00f3n para proyectos cr\u00edticos<\/strong><\/p>\n<p data-start=\"2127\" data-end=\"2381\">En proyectos al aire libre en los que cada medici\u00f3n cuenta, el TS1224 le garantiza la obtenci\u00f3n de datos precisos para sus necesidades. Desde obras de construcci\u00f3n hasta supervisi\u00f3n medioambiental, este sensor puede gestionar operaciones a gran escala con gran precisi\u00f3n a trav\u00e9s de grandes distancias.<\/p>\n<p data-start=\"2383\" data-end=\"2421\"><strong data-start=\"2388\" data-end=\"2421\">Versatilidad en todos los sectores<\/strong><\/p>\n<p data-start=\"2422\" data-end=\"2759\">Tanto si se dedica a la topograf\u00eda, la geodesia, la construcci\u00f3n o la agricultura, el TS1224 <a href=\"https:\/\/www.globalsources.com\/chengdu-meskernel\/showroom_6002100157315.htm\" target=\"_blank\" rel=\"noopener\">sensor<\/a> se adapta a la perfecci\u00f3n a una gran variedad de sectores. Su combinaci\u00f3n de largo alcance, tama\u00f1o compacto y alta precisi\u00f3n lo convierten en una herramienta esencial para tareas de medici\u00f3n en exteriores que exigen precisi\u00f3n en condiciones diversas.<\/p>\n<p data-start=\"2761\" data-end=\"2800\"><strong data-start=\"2766\" data-end=\"2800\">Integraci\u00f3n r\u00e1pida y configuraci\u00f3n sencilla<\/strong><\/p>\n<p data-start=\"2801\" data-end=\"3063\">Con su interfaz f\u00e1cil de usar y su sencillo proceso de integraci\u00f3n, el sensor TS1224 est\u00e1 dise\u00f1ado para adaptarse f\u00e1cilmente a los sistemas existentes. Es ideal para ingenieros y jefes de proyecto que necesitan una configuraci\u00f3n r\u00e1pida sin la complejidad de una instalaci\u00f3n engorrosa.<\/p>\n<p data-start=\"3924\" data-end=\"4509\">El sensor de medici\u00f3n de distancia TS1224 es la soluci\u00f3n perfecta para medir grandes distancias con una precisi\u00f3n inigualable en entornos exteriores. Su alcance de 2000 metros, su dise\u00f1o ultracompacto y su robusta durabilidad lo convierten en la soluci\u00f3n perfecta para proyectos exigentes en exteriores en los que la precisi\u00f3n y la fiabilidad son primordiales. Tanto si est\u00e1 inspeccionando grandes extensiones de terreno, gestionando proyectos de construcci\u00f3n o llevando a cabo una supervisi\u00f3n medioambiental, el TS1224 garantiza que sus mediciones sean siempre precisas, permiti\u00e9ndole completar los proyectos de forma eficiente y con confianza.<\/p>\n<p data-start=\"4511\" data-end=\"4611\">Para m\u00e1s informaci\u00f3n o para consultar la integraci\u00f3n del TS1224 en sus sistemas, <a href=\"https:\/\/meskernel.net\/es\/pongase-en-contacto-con\/\">Contacte con nosotros<\/a>!<\/p>","protected":false},"excerpt":{"rendered":"<p>El sensor l\u00e1ser de medici\u00f3n de distancias TS1224 ofrece una precisi\u00f3n excepcional con un alcance de 2.000 metros, lo que lo hace ideal para proyectos al aire libre como cartograf\u00eda, construcci\u00f3n y supervisi\u00f3n medioambiental. Su dise\u00f1o ultracompacto, su recepci\u00f3n de se\u00f1al de alto rendimiento y su robusta carcasa met\u00e1lica garantizan un funcionamiento fiable en condiciones adversas. F\u00e1cil de integrar en los sistemas existentes, el TS1224 es perfecto para mediciones a gran escala y de alta precisi\u00f3n, proporcionando datos r\u00e1pidos y precisos para diversas industrias.<\/p>","protected":false},"featured_media":3707,"template":"","meta":{"site-sidebar-layout":"default","site-content-layout":"","ast-site-content-layout":"default","site-content-style":"default","site-sidebar-style":"default","ast-global-header-display":"","ast-banner-title-visibility":"","ast-main-header-display":"","ast-hfb-above-header-display":"","ast-hfb-below-header-display":"","ast-hfb-mobile-header-display":"","site-post-title":"","ast-breadcrumbs-content":"","ast-featured-img":"","footer-sml-layout":"","ast-disable-related-posts":"","theme-transparent-header-meta":"default","adv-header-id-meta":"","stick-header-meta":"","header-above-stick-meta":"","header-main-stick-meta":"","header-below-stick-meta":"","astra-migrate-meta-layouts":"set","ast-page-background-enabled":"default","ast-page-background-meta":{"desktop":{"background-color":"var(--ast-global-color-4)","background-image":"","background-repeat":"repeat","background-position":"center center","background-size":"auto","background-attachment":"scroll","background-type":"","background-media":"","overlay-type":"","overlay-color":"","overlay-opacity":"","overlay-gradient":""},"tablet":{"background-color":"","background-image":"","background-repeat":"repeat","background-position":"center center","background-size":"auto","background-attachment":"scroll","background-type":"","background-media":"","overlay-type":"","overlay-color":"","overlay-opacity":"","overlay-gradient":""},"mobile":{"background-color":"","background-image":"","background-repeat":"repeat","background-position":"center center","background-size":"auto","background-attachment":"scroll","background-type":"","background-media":"","overlay-type":"","overlay-color":"","overlay-opacity":"","overlay-gradient":""}},"ast-content-background-meta":{"desktop":{"background-color":"var(--ast-global-color-5)","background-image":"","background-repeat":"repeat","background-position":"center center","background-size":"auto","background-attachment":"scroll","background-type":"","background-media":"","overlay-type":"","overlay-color":"","overlay-opacity":"","overlay-gradient":""},"tablet":{"background-color":"var(--ast-global-color-5)","background-image":"","background-repeat":"repeat","background-position":"center center","background-size":"auto","background-attachment":"scroll","background-type":"","background-media":"","overlay-type":"","overlay-color":"","overlay-opacity":"","overlay-gradient":""},"mobile":{"background-color":"var(--ast-global-color-5)","background-image":"","background-repeat":"repeat","background-position":"center center","background-size":"auto","background-attachment":"scroll","background-type":"","background-media":"","overlay-type":"","overlay-color":"","overlay-opacity":"","overlay-gradient":""}}},"product_brand":[60],"product_cat":[30],"product_tag":[],"class_list":{"0":"post-3132","1":"product","2":"type-product","3":"status-publish","4":"has-post-thumbnail","6":"product_brand-meskernel","7":"product_cat-pulse-ranging-sensor","8":"desktop-align-center","9":"tablet-align-left","10":"mobile-align-left","12":"first","13":"instock","14":"shipping-taxable","15":"product-type-simple"},"_links":{"self":[{"href":"https:\/\/meskernel.net\/es\/wp-json\/wp\/v2\/product\/3132","targetHints":{"allow":["GET"]}}],"collection":[{"href":"https:\/\/meskernel.net\/es\/wp-json\/wp\/v2\/product"}],"about":[{"href":"https:\/\/meskernel.net\/es\/wp-json\/wp\/v2\/types\/product"}],"version-history":[{"count":0,"href":"https:\/\/meskernel.net\/es\/wp-json\/wp\/v2\/product\/3132\/revisions"}],"wp:featuredmedia":[{"embeddable":true,"href":"https:\/\/meskernel.net\/es\/wp-json\/wp\/v2\/media\/3707"}],"wp:attachment":[{"href":"https:\/\/meskernel.net\/es\/wp-json\/wp\/v2\/media?parent=3132"}],"wp:term":[{"taxonomy":"product_brand","embeddable":true,"href":"https:\/\/meskernel.net\/es\/wp-json\/wp\/v2\/product_brand?post=3132"},{"taxonomy":"product_cat","embeddable":true,"href":"https:\/\/meskernel.net\/es\/wp-json\/wp\/v2\/product_cat?post=3132"},{"taxonomy":"product_tag","embeddable":true,"href":"https:\/\/meskernel.net\/es\/wp-json\/wp\/v2\/product_tag?post=3132"}],"curies":[{"name":"wp","href":"https:\/\/api.w.org\/{rel}","templated":true}]}}