{"id":3697,"date":"2025-02-10T15:59:26","date_gmt":"2025-02-10T07:59:26","guid":{"rendered":"https:\/\/meskernel.net\/?post_type=product&#038;p=3697"},"modified":"2025-07-03T10:54:10","modified_gmt":"2025-07-03T02:54:10","slug":"sensor-telemetro-laser","status":"publish","type":"product","link":"https:\/\/meskernel.net\/es\/product\/laser-rangefinder-sensor\/","title":{"rendered":"Sensor tel\u00e9metro l\u00e1ser LDJ-150-20Hz - Precisi\u00f3n, velocidad y fiabilidad"},"content":{"rendered":"<div class=\"mceTemp\">\n<p data-start=\"354\" data-end=\"959\">El sensor tel\u00e9metro l\u00e1ser LDJ-150-20Hz es una soluci\u00f3n de vanguardia dise\u00f1ada para sectores que requieren mediciones de distancia de alta precisi\u00f3n. Ya sea en geodesia, construcci\u00f3n, rob\u00f3tica o automatizaci\u00f3n, este sensor l\u00e1ser de nivel milim\u00e9trico proporciona mediciones r\u00e1pidas, fiables y precisas. Con un alcance que va de 0,03 m a 200 m, garantiza una gran precisi\u00f3n tanto para aplicaciones de corto como de largo alcance. Su dise\u00f1o compacto y su flexibilidad lo hacen ideal tanto para interiores como para exteriores, garantizando un rendimiento fiable en diversas condiciones.<\/p>\n<\/div>\n<h3 data-start=\"961\" data-end=\"1023\"><strong data-start=\"965\" data-end=\"1023\">Caracter\u00edsticas principales del sensor tel\u00e9metro l\u00e1ser LDJ-150-20Hz<\/strong><\/h3>\n<p><img fetchpriority=\"high\" decoding=\"async\" class=\"alignright wp-image-2841 size-full\" title=\"Sensor l\u00e1ser de distancia para exteriores\" src=\"https:\/\/meskernel.net\/wp-content\/uploads\/2024\/11\/usb-laser-distance-sensor.jpg\" alt=\"Sensor l\u00e1ser de distancia para exteriores\" width=\"712\" height=\"694\" srcset=\"https:\/\/meskernel.net\/wp-content\/uploads\/2024\/11\/usb-laser-distance-sensor.jpg 712w, https:\/\/meskernel.net\/wp-content\/uploads\/2024\/11\/usb-laser-distance-sensor-300x292.jpg 300w, https:\/\/meskernel.net\/wp-content\/uploads\/2024\/11\/usb-laser-distance-sensor-400x390.jpg 400w\" sizes=\"(max-width: 712px) 100vw, 712px\" \/><\/p>\n<p><strong data-start=\"1030\" data-end=\"1086\">1. Amplio rango de medici\u00f3n para aplicaciones vers\u00e1tiles<\/strong><\/p>\n<p data-start=\"1087\" data-end=\"1419\">El LDJ-150-20Hz ofrece una amplia gama de distancias seleccionables de 0,03 m a 200 m, lo que lo hace adaptable a diversos sectores y aplicaciones. Tanto si mide distancias peque\u00f1as en entornos industriales como distancias mayores en topograf\u00eda o construcci\u00f3n, este sensor ofrece datos precisos y fiables a todas las escalas.<\/p>\n<p data-start=\"1421\" data-end=\"1471\"><strong data-start=\"1426\" data-end=\"1471\">2. Velocidad de respuesta r\u00e1pida para datos en tiempo real<\/strong><\/p>\n<p data-start=\"1472\" data-end=\"1786\">Con tiempos de adquisici\u00f3n de datos de milisegundos, el sensor LDJ-150-20Hz destaca en entornos de ritmo r\u00e1pido. Es ideal para sectores como la rob\u00f3tica, la automatizaci\u00f3n y la tecnolog\u00eda de drones, en los que las mediciones en tiempo real y las respuestas r\u00e1pidas son esenciales para tomar decisiones eficientes y optimizar el flujo de trabajo.<\/p>\n<p data-start=\"1788\" data-end=\"1834\"><strong data-start=\"1793\" data-end=\"1834\">3. Precisi\u00f3n milim\u00e9trica superior<\/strong><\/p>\n<p data-start=\"1835\" data-end=\"2160\">Con una precisi\u00f3n milim\u00e9trica, el tel\u00e9metro l\u00e1ser LDJ-150-20Hz es ideal para aplicaciones de alta precisi\u00f3n, como la topograf\u00eda geod\u00e9sica, la investigaci\u00f3n cient\u00edfica y la ingenier\u00eda de la construcci\u00f3n. Garantiza mediciones uniformes y detalladas, lo que lo convierte en una herramienta fiable para proyectos de precisi\u00f3n.<\/p>\n<p data-start=\"2162\" data-end=\"2214\"><strong data-start=\"2167\" data-end=\"2214\">4. Rendimiento fiable en condiciones adversas<\/strong><\/p>\n<p data-start=\"2215\" data-end=\"2525\">Dise\u00f1ado para funcionar en entornos dif\u00edciles, este sensor tel\u00e9metro l\u00e1ser para exteriores garantiza mediciones estables y de alta calidad incluso en entornos con polvo, vibraciones o variaciones de temperatura. Su bajo error de repetibilidad garantiza resultados uniformes, incluso en condiciones industriales dif\u00edciles.<\/p>\n<p data-start=\"2527\" data-end=\"2573\"><strong data-start=\"2532\" data-end=\"2573\">5. Tecnolog\u00eda de medici\u00f3n sin contacto<\/strong><\/p>\n<p data-start=\"2574\" data-end=\"2954\">Gracias a su capacidad de medici\u00f3n sin contacto, el LDJ-150-20Hz es ideal para medir objetos delicados o en movimiento, como superficies a alta temperatura, componentes fr\u00e1giles u objetivos de forma irregular. Esta caracter\u00edstica es especialmente \u00fatil para ensayos de materiales, fabricaci\u00f3n de autom\u00f3viles y perfilado de superficies en los que el contacto directo no es posible o deseable.<\/p>\n<p data-start=\"2956\" data-end=\"3026\"><strong data-start=\"2961\" data-end=\"3026\">6. M\u00faltiples interfaces de comunicaci\u00f3n para una integraci\u00f3n perfecta<\/strong><\/p>\n<p data-start=\"3027\" data-end=\"3385\">Compatible con varios protocolos de comunicaci\u00f3n, como RS232, RS485, Modbus, Bluetooth y UART, el LDJ-150-20Hz se integra perfectamente en los sistemas existentes. Tanto si trabaja con plataformas de automatizaci\u00f3n, registradores de datos o sistemas de control, este sensor permite una configuraci\u00f3n sencilla, reduciendo el tiempo y la complejidad de la instalaci\u00f3n.<\/p>\n<div class=\"magic-16\">\n<div class=\"magic-17\">\n<div data-spm-anchor-id=\"a2700.details.0.i68.469255a4z4kxlM\"><\/div>\n<\/div>\n<\/div>\n<p data-start=\"3387\" data-end=\"3434\"><strong data-start=\"3392\" data-end=\"3434\">7.<\/strong> <strong>Soluciones a medida para necesidades espec\u00edficas<\/strong><\/p>\n<p style=\"text-align: left;\" data-start=\"3435\" data-end=\"3781\">Ofrecemos soluciones a medida para satisfacer sus requisitos de medici\u00f3n exclusivos, incluidos los ajustes del rango de medici\u00f3n, la frecuencia, la resoluci\u00f3n y los protocolos de comunicaci\u00f3n. Nuestro equipo de expertos trabaja con usted para garantizar que el LDJ-150-20Hz se ajuste perfectamente a las especificaciones de su proyecto, optimizando tanto el rendimiento como la productividad.<\/p>\n<h3 style=\"text-align: center;\" data-start=\"3435\" data-end=\"3781\"><a href=\"https:\/\/meskernel.net\/es\/modulo-sensor-de-alcance-de-alta-frecuencia\/sensor-de-distancia-de-fase\/\"><strong>Productos relevantes<\/strong><\/a><\/h3>\n<figure id=\"attachment_3071\" aria-describedby=\"caption-attachment-3071\" style=\"width: 800px\" class=\"wp-caption aligncenter\"><img decoding=\"async\" class=\"wp-image-3071 size-full\" src=\"https:\/\/meskernel.net\/wp-content\/uploads\/2024\/12\/distance-sensor-analog-output.jpg\" alt=\"sensor de distancia salida anal\u00f3gica\" width=\"800\" height=\"800\" srcset=\"https:\/\/meskernel.net\/wp-content\/uploads\/2024\/12\/distance-sensor-analog-output.jpg 800w, https:\/\/meskernel.net\/wp-content\/uploads\/2024\/12\/distance-sensor-analog-output-300x300.jpg 300w, https:\/\/meskernel.net\/wp-content\/uploads\/2024\/12\/distance-sensor-analog-output-150x150.jpg 150w, https:\/\/meskernel.net\/wp-content\/uploads\/2024\/12\/distance-sensor-analog-output-768x768.jpg 768w, https:\/\/meskernel.net\/wp-content\/uploads\/2024\/12\/distance-sensor-analog-output-400x400.jpg 400w, https:\/\/meskernel.net\/wp-content\/uploads\/2024\/12\/distance-sensor-analog-output-100x100.jpg 100w\" sizes=\"(max-width: 800px) 100vw, 800px\" \/><figcaption id=\"caption-attachment-3071\" class=\"wp-caption-text\">sensor de distancia<\/figcaption><\/figure>\n<h3 data-start=\"3783\" data-end=\"3841\"><\/h3>\n<h3 data-start=\"3783\" data-end=\"3841\"><strong data-start=\"3787\" data-end=\"3841\">\u00bfPor qu\u00e9 elegir el sensor tel\u00e9metro l\u00e1ser LDJ-150-20Hz?<\/strong><\/h3>\n<p data-start=\"3843\" data-end=\"4403\">El sensor tel\u00e9metro l\u00e1ser LDJ-150-20Hz combina la adquisici\u00f3n de datos a alta velocidad, una precisi\u00f3n milim\u00e9trica y una versatilidad excepcional, lo que lo convierte en la elecci\u00f3n perfecta para aplicaciones en sectores como la construcci\u00f3n, la topograf\u00eda, la rob\u00f3tica y la automatizaci\u00f3n. Ofrece un rendimiento fiable en entornos dif\u00edciles, proporciona datos en tiempo real y se integra f\u00e1cilmente en los sistemas existentes. Las opciones personalizables garantizan que el sensor pueda ajustarse para satisfacer sus necesidades espec\u00edficas, lo que lo convierte en una herramienta inestimable para realizar mediciones precisas y eficaces.<\/p>","protected":false},"excerpt":{"rendered":"<p>El sensor tel\u00e9metro l\u00e1ser LDJ-150-20Hz proporciona mediciones r\u00e1pidas y de alta precisi\u00f3n con un amplio alcance de hasta 200 metros. Ideal para construcci\u00f3n, rob\u00f3tica, topograf\u00eda y automatizaci\u00f3n, ofrece datos en tiempo real, precisi\u00f3n milim\u00e9trica y una integraci\u00f3n perfecta del sistema. Soluciones a medida disponibles.<\/p>","protected":false},"featured_media":3698,"template":"","meta":{"site-sidebar-layout":"default","site-content-layout":"","ast-site-content-layout":"default","site-content-style":"default","site-sidebar-style":"default","ast-global-header-display":"","ast-banner-title-visibility":"","ast-main-header-display":"","ast-hfb-above-header-display":"","ast-hfb-below-header-display":"","ast-hfb-mobile-header-display":"","site-post-title":"","ast-breadcrumbs-content":"","ast-featured-img":"","footer-sml-layout":"","ast-disable-related-posts":"","theme-transparent-header-meta":"default","adv-header-id-meta":"","stick-header-meta":"","header-above-stick-meta":"","header-main-stick-meta":"","header-below-stick-meta":"","astra-migrate-meta-layouts":"set","ast-page-background-enabled":"default","ast-page-background-meta":{"desktop":{"background-color":"var(--ast-global-color-4)","background-image":"","background-repeat":"repeat","background-position":"center center","background-size":"auto","background-attachment":"scroll","background-type":"","background-media":"","overlay-type":"","overlay-color":"","overlay-opacity":"","overlay-gradient":""},"tablet":{"background-color":"","background-image":"","background-repeat":"repeat","background-position":"center center","background-size":"auto","background-attachment":"scroll","background-type":"","background-media":"","overlay-type":"","overlay-color":"","overlay-opacity":"","overlay-gradient":""},"mobile":{"background-color":"","background-image":"","background-repeat":"repeat","background-position":"center center","background-size":"auto","background-attachment":"scroll","background-type":"","background-media":"","overlay-type":"","overlay-color":"","overlay-opacity":"","overlay-gradient":""}},"ast-content-background-meta":{"desktop":{"background-color":"var(--ast-global-color-5)","background-image":"","background-repeat":"repeat","background-position":"center center","background-size":"auto","background-attachment":"scroll","background-type":"","background-media":"","overlay-type":"","overlay-color":"","overlay-opacity":"","overlay-gradient":""},"tablet":{"background-color":"var(--ast-global-color-5)","background-image":"","background-repeat":"repeat","background-position":"center center","background-size":"auto","background-attachment":"scroll","background-type":"","background-media":"","overlay-type":"","overlay-color":"","overlay-opacity":"","overlay-gradient":""},"mobile":{"background-color":"var(--ast-global-color-5)","background-image":"","background-repeat":"repeat","background-position":"center center","background-size":"auto","background-attachment":"scroll","background-type":"","background-media":"","overlay-type":"","overlay-color":"","overlay-opacity":"","overlay-gradient":""}}},"product_brand":[60],"product_cat":[51],"product_tag":[],"class_list":{"0":"post-3697","1":"product","2":"type-product","3":"status-publish","4":"has-post-thumbnail","6":"product_brand-meskernel","7":"product_cat-laser-distance-sensor","8":"desktop-align-center","9":"tablet-align-left","10":"mobile-align-left","12":"first","13":"instock","14":"shipping-taxable","15":"product-type-simple"},"_links":{"self":[{"href":"https:\/\/meskernel.net\/es\/wp-json\/wp\/v2\/product\/3697","targetHints":{"allow":["GET"]}}],"collection":[{"href":"https:\/\/meskernel.net\/es\/wp-json\/wp\/v2\/product"}],"about":[{"href":"https:\/\/meskernel.net\/es\/wp-json\/wp\/v2\/types\/product"}],"version-history":[{"count":0,"href":"https:\/\/meskernel.net\/es\/wp-json\/wp\/v2\/product\/3697\/revisions"}],"wp:featuredmedia":[{"embeddable":true,"href":"https:\/\/meskernel.net\/es\/wp-json\/wp\/v2\/media\/3698"}],"wp:attachment":[{"href":"https:\/\/meskernel.net\/es\/wp-json\/wp\/v2\/media?parent=3697"}],"wp:term":[{"taxonomy":"product_brand","embeddable":true,"href":"https:\/\/meskernel.net\/es\/wp-json\/wp\/v2\/product_brand?post=3697"},{"taxonomy":"product_cat","embeddable":true,"href":"https:\/\/meskernel.net\/es\/wp-json\/wp\/v2\/product_cat?post=3697"},{"taxonomy":"product_tag","embeddable":true,"href":"https:\/\/meskernel.net\/es\/wp-json\/wp\/v2\/product_tag?post=3697"}],"curies":[{"name":"wp","href":"https:\/\/api.w.org\/{rel}","templated":true}]}}