{"id":3700,"date":"2025-02-11T11:08:16","date_gmt":"2025-02-11T03:08:16","guid":{"rendered":"https:\/\/meskernel.net\/?post_type=product&#038;p=3700"},"modified":"2025-12-29T14:02:35","modified_gmt":"2025-12-29T06:02:35","slug":"sensores-laser-de-alcance","status":"publish","type":"product","link":"https:\/\/meskernel.net\/es\/product\/laser-ranging-sensors\/","title":{"rendered":"Sensor l\u00e1ser de rangos PTFS-300 50Hz | M\u00f3dulo de medici\u00f3n de distancias de alta velocidad"},"content":{"rendered":"<p data-start=\"207\" data-end=\"311\"><strong data-start=\"207\" data-end=\"311\">Sensores de distancia l\u00e1ser PTFS-300-50Hz: medici\u00f3n de precisi\u00f3n y alta velocidad para aplicaciones vers\u00e1tiles<\/strong><\/p>\n<p data-start=\"313\" data-end=\"862\">El sensor de distancia l\u00e1ser PTFS-300-50Hz es un m\u00f3dulo de medici\u00f3n de alto rendimiento dise\u00f1ado para medir distancias de forma fiable mediante tecnolog\u00eda l\u00e1ser pulsada. Emite una serie de haces l\u00e1ser pulsados, calcula la distancia en funci\u00f3n del tiempo de ida y vuelta del l\u00e1ser y proporciona resultados precisos incluso en entornos dif\u00edciles. Con un alcance de hasta 300 metros, medici\u00f3n de alta frecuencia a 50 Hz y s\u00f3lidas funciones antiinterferencia, este sensor es ideal para una amplia gama de aplicaciones industriales, comerciales y de investigaci\u00f3n.<\/p>\n<div class=\"text-content\">\n<h3 data-start=\"864\" data-end=\"926\"><strong data-start=\"868\" data-end=\"926\">Caracter\u00edsticas principales de los sensores de medici\u00f3n l\u00e1ser PTFS-300-50Hz<\/strong><\/h3>\n<p><img fetchpriority=\"high\" decoding=\"async\" class=\"wp-image-2979 alignright\" title=\"Sensor de distancia l\u00e1ser 700m PTFS\" src=\"https:\/\/meskernel.net\/wp-content\/uploads\/2024\/11\/PTFS-Laser-Ranging-Sensor-700m.jpg\" alt=\"Sensor de distancia l\u00e1ser PTFS 700 m\" width=\"497\" height=\"497\" srcset=\"https:\/\/meskernel.net\/wp-content\/uploads\/2024\/11\/PTFS-Laser-Ranging-Sensor-700m.jpg 800w, https:\/\/meskernel.net\/wp-content\/uploads\/2024\/11\/PTFS-Laser-Ranging-Sensor-700m-300x300.jpg 300w, https:\/\/meskernel.net\/wp-content\/uploads\/2024\/11\/PTFS-Laser-Ranging-Sensor-700m-150x150.jpg 150w, https:\/\/meskernel.net\/wp-content\/uploads\/2024\/11\/PTFS-Laser-Ranging-Sensor-700m-768x768.jpg 768w, https:\/\/meskernel.net\/wp-content\/uploads\/2024\/11\/PTFS-Laser-Ranging-Sensor-700m-400x400.jpg 400w, https:\/\/meskernel.net\/wp-content\/uploads\/2024\/11\/PTFS-Laser-Ranging-Sensor-700m-100x100.jpg 100w\" sizes=\"(max-width: 497px) 100vw, 497px\" \/><strong data-start=\"933\" data-end=\"972\">1. Medici\u00f3n excepcional de distancias<\/strong><\/p>\n<p data-start=\"973\" data-end=\"1287\">El sensor l\u00e1ser de rango PTFS-300-50Hz ofrece un rango de medici\u00f3n fiable de hasta 300 metros, lo que lo hace perfecto para aplicaciones de corto y medio alcance. Este sensor admite mediciones precisas para monitorizaci\u00f3n industrial, medici\u00f3n de velocidad, medici\u00f3n de desplazamiento y otras tareas diversas.<\/p>\n<p data-start=\"973\" data-end=\"1287\"><strong data-start=\"1294\" data-end=\"1334\">2. Rendimiento de alta frecuencia (50 Hz)<\/strong><\/p>\n<p data-start=\"1335\" data-end=\"1616\">Al funcionar a una frecuencia de 50 Hz, el sensor l\u00e1ser de rangos PTFS-300-50Hz garantiza mediciones r\u00e1pidas y continuas. La alta frecuencia es crucial para aplicaciones que requieren una retroalimentaci\u00f3n r\u00e1pida y un procesamiento de datos en tiempo real, como la rob\u00f3tica, la automatizaci\u00f3n y el seguimiento del movimiento.<\/p>\n<p data-start=\"1335\" data-end=\"1616\"><strong data-start=\"1623\" data-end=\"1676\">3. Tecnolog\u00eda anti-interferencia para un rendimiento estable<\/strong><\/p>\n<p data-start=\"1677\" data-end=\"1946\">El sensor PTFS-300-50Hz est\u00e1 dise\u00f1ado para resistir el ruido ambiental y las interferencias, garantizando mediciones de distancia precisas y uniformes. Esto es especialmente valioso en entornos industriales en los que es fundamental un rendimiento estable en condiciones dif\u00edciles.<\/p>\n<p data-start=\"1677\" data-end=\"1946\"><strong data-start=\"1953\" data-end=\"2000\">4. Frecuencia personalizable para un uso vers\u00e1til<\/strong><\/p>\n<p data-start=\"2001\" data-end=\"2247\">Aunque la frecuencia est\u00e1ndar es de 50 Hz, el sensor puede personalizarse para admitir frecuencias de 1 a 400 Hz, lo que permite adaptarlo a diversas aplicaciones que requieren distintas velocidades de medici\u00f3n o informaci\u00f3n en tiempo real.<\/p>\n<p data-start=\"2249\" data-end=\"2303\"><strong data-start=\"2254\" data-end=\"2303\">5. F\u00e1cil integraci\u00f3n y conectividad flexible<\/strong><\/p>\n<p data-start=\"2304\" data-end=\"2661\">Gracias a su dise\u00f1o compacto y su compatibilidad con m\u00faltiples interfaces de comunicaci\u00f3n (TTL, RS232, RS485, Bluetooth, Modbus, UART), el sensor de rango l\u00e1ser PTFS-300-50Hz se integra a la perfecci\u00f3n en la mayor\u00eda de los sistemas de automatizaci\u00f3n industrial, registradores de datos y redes IoT. Su estructura cuadrada facilita su instalaci\u00f3n e integraci\u00f3n en sistemas con limitaciones de espacio.<\/p>\n<p data-start=\"2663\" data-end=\"2707\"><strong data-start=\"2668\" data-end=\"2707\">6. Tecnolog\u00eda l\u00e1ser de 905 nm, segura para los ojos<\/strong><\/p>\n<p data-start=\"2708\" data-end=\"2885\">El l\u00e1ser de 905 nm es seguro para los ojos y cumple las normas internacionales de seguridad, lo que garantiza un funcionamiento seguro incluso en entornos en los que puede haber exposici\u00f3n humana a los rayos l\u00e1ser.<\/p>\n<p data-start=\"2887\" data-end=\"2936\"><strong data-start=\"2892\" data-end=\"2936\">7. Soluciones OEM para aplicaciones personalizadas<\/strong><\/p>\n<p data-start=\"2937\" data-end=\"3178\">Ofrecemos soluciones OEM para empresas que deseen incorporar el sensor l\u00e1ser de rangos PTFS-300-50Hz a sus productos o sistemas. Disponemos de configuraciones personalizadas, embalajes exclusivos y pedidos al por mayor para satisfacer requisitos espec\u00edficos.<\/p>\n<h3 data-start=\"3180\" data-end=\"3242\"><strong data-start=\"3184\" data-end=\"3242\">Aplicaciones de los sensores de distancia l\u00e1ser PTFS-300-50Hz<\/strong><\/h3>\n<p data-start=\"3244\" data-end=\"3359\">El sensor l\u00e1ser de alcance PTFS-300-50Hz es muy vers\u00e1til y adecuado para una amplia gama de aplicaciones, entre las que se incluyen:<\/p>\n<ul data-start=\"3361\" data-end=\"3840\">\n<li data-start=\"3361\" data-end=\"3484\"><strong data-start=\"3363\" data-end=\"3387\">Medici\u00f3n de la distancia<\/strong>: Mediciones precisas de hasta 300 metros para diversos usos industriales, cient\u00edficos y comerciales.<\/li>\n<li data-start=\"3485\" data-end=\"3605\"><strong data-start=\"3487\" data-end=\"3525\">Medici\u00f3n de velocidad y desplazamiento<\/strong>: Ideal para mediciones din\u00e1micas en rob\u00f3tica, automatizaci\u00f3n y sistemas en tiempo real.<\/li>\n<li data-start=\"3606\" data-end=\"3718\"><strong data-start=\"3608\" data-end=\"3633\">Topograf\u00eda y cartograf\u00eda<\/strong>: Perfecta para tareas de medici\u00f3n de medio alcance tanto en interiores como en exteriores.<\/li>\n<li data-start=\"3719\" data-end=\"3840\"><strong data-start=\"3721\" data-end=\"3740\">Seguimiento del movimiento<\/strong>: Proporciona una r\u00e1pida adquisici\u00f3n de datos, por lo que es ideal para aplicaciones en rob\u00f3tica y tecnolog\u00eda de drones.<\/li>\n<\/ul>\n<\/div>\n<figure id=\"attachment_2980\" aria-describedby=\"caption-attachment-2980\" style=\"width: 800px\" class=\"wp-caption aligncenter\"><img decoding=\"async\" class=\"wp-image-2980 size-full\" title=\"Sensor de medici\u00f3n l\u00e1ser PTFS para drones\" src=\"https:\/\/meskernel.net\/wp-content\/uploads\/2024\/11\/PTFS-Laser-Measurement-Sensor.jpg\" alt=\"Sensor de medici\u00f3n l\u00e1ser PTFS para drones\" width=\"800\" height=\"800\" srcset=\"https:\/\/meskernel.net\/wp-content\/uploads\/2024\/11\/PTFS-Laser-Measurement-Sensor.jpg 800w, https:\/\/meskernel.net\/wp-content\/uploads\/2024\/11\/PTFS-Laser-Measurement-Sensor-300x300.jpg 300w, https:\/\/meskernel.net\/wp-content\/uploads\/2024\/11\/PTFS-Laser-Measurement-Sensor-150x150.jpg 150w, https:\/\/meskernel.net\/wp-content\/uploads\/2024\/11\/PTFS-Laser-Measurement-Sensor-768x768.jpg 768w, https:\/\/meskernel.net\/wp-content\/uploads\/2024\/11\/PTFS-Laser-Measurement-Sensor-400x400.jpg 400w, https:\/\/meskernel.net\/wp-content\/uploads\/2024\/11\/PTFS-Laser-Measurement-Sensor-100x100.jpg 100w\" sizes=\"(max-width: 800px) 100vw, 800px\" \/><figcaption id=\"caption-attachment-2980\" class=\"wp-caption-text\">Sensor de medici\u00f3n l\u00e1ser PTFS para drones<\/figcaption><\/figure>\n<h3 data-start=\"3842\" data-end=\"3900\"><strong data-start=\"3846\" data-end=\"3900\">\u00bfPor qu\u00e9 elegir los sensores de distancia l\u00e1ser PTFS-300-50Hz?<\/strong><\/h3>\n<ul data-start=\"3902\" data-end=\"4543\">\n<li data-start=\"3902\" data-end=\"4034\"><strong data-start=\"3904\" data-end=\"3944\">Medici\u00f3n de gran precisi\u00f3n y largo alcance<\/strong>: Mediciones fiables hasta 300 metros, lo que la hace perfecta para una gran variedad de aplicaciones.<\/li>\n<li data-start=\"4035\" data-end=\"4183\"><strong data-start=\"4037\" data-end=\"4076\">Recogida de datos r\u00e1pida y continua<\/strong>: Con una frecuencia de 50 Hz, el sensor admite aplicaciones en tiempo real, lo que garantiza un procesamiento r\u00e1pido de los datos.<\/li>\n<li data-start=\"4184\" data-end=\"4333\"><strong data-start=\"4186\" data-end=\"4210\">Duradero y fiable<\/strong>: Fabricado para funcionar en condiciones dif\u00edciles, este sensor proporciona mediciones estables incluso en entornos ruidosos o dif\u00edciles.<\/li>\n<li data-start=\"4334\" data-end=\"4444\"><strong data-start=\"4336\" data-end=\"4360\">Integraci\u00f3n perfecta<\/strong>: Admite opciones de conectividad flexibles para facilitar la integraci\u00f3n en los sistemas existentes.<\/li>\n<li data-start=\"4445\" data-end=\"4543\"><strong data-start=\"4447\" data-end=\"4471\">Opciones personalizables<\/strong>: Soluciones a medida y asistencia OEM para satisfacer necesidades de medici\u00f3n espec\u00edficas.<\/li>\n<\/ul>\n<p data-start=\"4565\" data-end=\"5037\">Los sensores de distancia l\u00e1ser PTFS-300-50Hz ofrecen funciones de medici\u00f3n de distancias de alta velocidad, gran precisi\u00f3n y largo alcance, lo que los convierte en la soluci\u00f3n perfecta para sectores como la rob\u00f3tica, la automatizaci\u00f3n, la topograf\u00eda y el seguimiento de desplazamientos. Su frecuencia de 50 Hz, su fiable rendimiento antipar\u00e1sitos y su f\u00e1cil integraci\u00f3n lo convierten en una herramienta esencial para una amplia gama de aplicaciones, desde la automatizaci\u00f3n industrial hasta la investigaci\u00f3n y el desarrollo.<\/p>\n<p data-start=\"5039\" data-end=\"5209\"><a href=\"https:\/\/meskernel.net\/es\/pongase-en-contacto-con\/\"><strong data-start=\"5039\" data-end=\"5059\">P\u00f3ngase en contacto con nosotros<\/strong><\/a> para obtener m\u00e1s informaci\u00f3n sobre c\u00f3mo los sensores de rango l\u00e1ser PTFS-300-50Hz pueden mejorar su sistema o proyecto, y c\u00f3mo podemos ayudarle con sus necesidades OEM.<\/p>","protected":false},"excerpt":{"rendered":"<p>Como fabricante l\u00edder de Sensores de Alcance L\u00e1ser, Meskernel ofrece soluciones personalizables para satisfacer sus necesidades espec\u00edficas. Con un alcance de 3 a 700 metros y alta precisi\u00f3n, nuestros sensores son perfectos para automatizaci\u00f3n, rob\u00f3tica y aplicaciones industriales. P\u00f3ngase en contacto con nosotros hoy mismo para hablar de sus requisitos personalizados y eleve sus proyectos con tecnolog\u00eda de precisi\u00f3n.<\/p>","protected":false},"featured_media":3701,"template":"","meta":{"site-sidebar-layout":"default","site-content-layout":"","ast-site-content-layout":"default","site-content-style":"default","site-sidebar-style":"default","ast-global-header-display":"","ast-banner-title-visibility":"","ast-main-header-display":"","ast-hfb-above-header-display":"","ast-hfb-below-header-display":"","ast-hfb-mobile-header-display":"","site-post-title":"","ast-breadcrumbs-content":"","ast-featured-img":"","footer-sml-layout":"","ast-disable-related-posts":"","theme-transparent-header-meta":"default","adv-header-id-meta":"","stick-header-meta":"","header-above-stick-meta":"","header-main-stick-meta":"","header-below-stick-meta":"","astra-migrate-meta-layouts":"set","ast-page-background-enabled":"default","ast-page-background-meta":{"desktop":{"background-color":"var(--ast-global-color-4)","background-image":"","background-repeat":"repeat","background-position":"center center","background-size":"auto","background-attachment":"scroll","background-type":"","background-media":"","overlay-type":"","overlay-color":"","overlay-opacity":"","overlay-gradient":""},"tablet":{"background-color":"","background-image":"","background-repeat":"repeat","background-position":"center center","background-size":"auto","background-attachment":"scroll","background-type":"","background-media":"","overlay-type":"","overlay-color":"","overlay-opacity":"","overlay-gradient":""},"mobile":{"background-color":"","background-image":"","background-repeat":"repeat","background-position":"center center","background-size":"auto","background-attachment":"scroll","background-type":"","background-media":"","overlay-type":"","overlay-color":"","overlay-opacity":"","overlay-gradient":""}},"ast-content-background-meta":{"desktop":{"background-color":"var(--ast-global-color-5)","background-image":"","background-repeat":"repeat","background-position":"center center","background-size":"auto","background-attachment":"scroll","background-type":"","background-media":"","overlay-type":"","overlay-color":"","overlay-opacity":"","overlay-gradient":""},"tablet":{"background-color":"var(--ast-global-color-5)","background-image":"","background-repeat":"repeat","background-position":"center center","background-size":"auto","background-attachment":"scroll","background-type":"","background-media":"","overlay-type":"","overlay-color":"","overlay-opacity":"","overlay-gradient":""},"mobile":{"background-color":"var(--ast-global-color-5)","background-image":"","background-repeat":"repeat","background-position":"center center","background-size":"auto","background-attachment":"scroll","background-type":"","background-media":"","overlay-type":"","overlay-color":"","overlay-opacity":"","overlay-gradient":""}}},"product_brand":[60],"product_cat":[30],"product_tag":[],"class_list":{"0":"post-3700","1":"product","2":"type-product","3":"status-publish","4":"has-post-thumbnail","6":"product_brand-meskernel","7":"product_cat-pulse-ranging-sensor","8":"desktop-align-center","9":"tablet-align-left","10":"mobile-align-left","12":"first","13":"instock","14":"shipping-taxable","15":"product-type-simple"},"_links":{"self":[{"href":"https:\/\/meskernel.net\/es\/wp-json\/wp\/v2\/product\/3700","targetHints":{"allow":["GET"]}}],"collection":[{"href":"https:\/\/meskernel.net\/es\/wp-json\/wp\/v2\/product"}],"about":[{"href":"https:\/\/meskernel.net\/es\/wp-json\/wp\/v2\/types\/product"}],"version-history":[{"count":0,"href":"https:\/\/meskernel.net\/es\/wp-json\/wp\/v2\/product\/3700\/revisions"}],"wp:featuredmedia":[{"embeddable":true,"href":"https:\/\/meskernel.net\/es\/wp-json\/wp\/v2\/media\/3701"}],"wp:attachment":[{"href":"https:\/\/meskernel.net\/es\/wp-json\/wp\/v2\/media?parent=3700"}],"wp:term":[{"taxonomy":"product_brand","embeddable":true,"href":"https:\/\/meskernel.net\/es\/wp-json\/wp\/v2\/product_brand?post=3700"},{"taxonomy":"product_cat","embeddable":true,"href":"https:\/\/meskernel.net\/es\/wp-json\/wp\/v2\/product_cat?post=3700"},{"taxonomy":"product_tag","embeddable":true,"href":"https:\/\/meskernel.net\/es\/wp-json\/wp\/v2\/product_tag?post=3700"}],"curies":[{"name":"wp","href":"https:\/\/api.w.org\/{rel}","templated":true}]}}