{"id":3828,"date":"2025-03-04T16:43:06","date_gmt":"2025-03-04T08:43:06","guid":{"rendered":"https:\/\/meskernel.net\/?post_type=product&#038;p=3828"},"modified":"2025-12-04T09:22:32","modified_gmt":"2025-12-04T01:22:32","slug":"telemetro-con-prismaticos","status":"publish","type":"product","link":"https:\/\/meskernel.net\/es\/product\/rangefinder-with-binoculars\/","title":{"rendered":"Tel\u00e9metro 2500m para Caza y Golf | PTFG Outdoor Gear"},"content":{"rendered":"<p><strong data-start=\"70\" data-end=\"114\">El m\u00f3dulo tel\u00e9metro l\u00e1ser de la serie PTFG<\/strong> representa la \u00faltima generaci\u00f3n de tecnolog\u00eda de medici\u00f3n de distancias por l\u00e1ser de larga distancia para exteriores. Dise\u00f1ado para entornos exigentes, este m\u00f3dulo tel\u00e9metro ofrece potentes capacidades de medici\u00f3n, alta precisi\u00f3n y f\u00e1cil instalaci\u00f3n y funcionamiento. Utilizando el principio del l\u00e1ser de impulsos, emite un l\u00e1ser seguro e invisible de 905 nm Clase 1. Calculando el tiempo que tarda el l\u00e1ser en viajar hasta el objetivo y volver, y multiplic\u00e1ndolo por la velocidad de la luz (dividida por dos), el m\u00f3dulo determina con precisi\u00f3n la distancia hasta el objeto objetivo.<\/p>\n<figure id=\"attachment_2997\" aria-describedby=\"caption-attachment-2997\" style=\"width: 1000px\" class=\"wp-caption aligncenter\"><img fetchpriority=\"high\" decoding=\"async\" class=\"wp-image-2997 size-full\" title=\"Telescopio Sensor l\u00e1ser PTFG\" src=\"https:\/\/meskernel.net\/wp-content\/uploads\/2024\/10\/Telescope-Laser-sensor-PTFG.jpg\" alt=\"Telescopio Sensor l\u00e1ser PTFG\" width=\"1000\" height=\"500\" srcset=\"https:\/\/meskernel.net\/wp-content\/uploads\/2024\/10\/Telescope-Laser-sensor-PTFG.jpg 1000w, https:\/\/meskernel.net\/wp-content\/uploads\/2024\/10\/Telescope-Laser-sensor-PTFG-300x150.jpg 300w, https:\/\/meskernel.net\/wp-content\/uploads\/2024\/10\/Telescope-Laser-sensor-PTFG-768x384.jpg 768w, https:\/\/meskernel.net\/wp-content\/uploads\/2024\/10\/Telescope-Laser-sensor-PTFG-400x200.jpg 400w\" sizes=\"(max-width: 1000px) 100vw, 1000px\" \/><figcaption id=\"caption-attachment-2997\" class=\"wp-caption-text\">Telescopio Sensor l\u00e1ser PTFG<\/figcaption><\/figure>\n<h3>Funciones clave para mejorar el rendimiento<\/h3>\n<ul>\n<li><strong>L\u00e1ser Eyesafe para protecci\u00f3n del usuario:<\/strong><br \/>\nEl m\u00f3dulo del tel\u00e9metro con prism\u00e1ticos utiliza un l\u00e1ser de luz invisible de 905 nm, seguro para los ojos y resistente a las interferencias de la luz solar. Esta caracter\u00edstica lo convierte en una soluci\u00f3n perfecta para mediciones a larga distancia en exteriores, garantizando que los usuarios puedan utilizar el dispositivo de forma segura sin comprometer la precisi\u00f3n.<\/li>\n<li><strong>Pantalla LCD de alta transmitancia:<\/strong><br \/>\nEquipado con una pantalla LCD de alta transmitancia, el m\u00f3dulo tel\u00e9metro con prism\u00e1ticos permite a los usuarios ver los resultados de las mediciones al instante. Esto permite tomar decisiones r\u00e1pidas y realizar ajustes sobre el terreno, agilizando los flujos de trabajo y mejorando la eficiencia tanto en el trabajo de campo como en las aplicaciones de supervisi\u00f3n en tiempo real.<\/li>\n<li><strong>Telescopio monocular 6x para una visi\u00f3n n\u00edtida:<\/strong><br \/>\nEl telescopio monocular 6x integrado ofrece un campo de visi\u00f3n claro y luminoso, esencial para localizar objetivos lejanos con precisi\u00f3n. Su revestimiento multicapa mejora la transmisi\u00f3n de la luz, reduce los reflejos y aumenta el contraste, lo que se traduce en una imagen m\u00e1s n\u00edtida. Este revestimiento tambi\u00e9n protege el objetivo de ara\u00f1azos, manchas y polvo, garantizando una larga durabilidad y un rendimiento fiable en diversas condiciones ambientales.<\/li>\n<\/ul>\n<h3>Interfaz de comunicaci\u00f3n<\/h3>\n<p>M\u00f3dulo tel\u00e9metro con prism\u00e1ticos soporta USB, TTL, RS232, RS485, Bluetooth y otras interfaces de comunicaci\u00f3n, soporta arduino, raspberry pi y otros dispositivos externos.<\/p>\n<figure id=\"attachment_2987\" aria-describedby=\"caption-attachment-2987\" style=\"width: 750px\" class=\"wp-caption aligncenter\"><img decoding=\"async\" class=\"wp-image-2987 size-full\" title=\"Telescopio Sensor l\u00e1ser\" src=\"https:\/\/meskernel.net\/wp-content\/uploads\/2024\/11\/Laser-Distance-Module-2000m.jpg\" alt=\"Telescopio Sensor l\u00e1ser\" width=\"750\" height=\"266\" srcset=\"https:\/\/meskernel.net\/wp-content\/uploads\/2024\/11\/Laser-Distance-Module-2000m.jpg 750w, https:\/\/meskernel.net\/wp-content\/uploads\/2024\/11\/Laser-Distance-Module-2000m-300x106.jpg 300w, https:\/\/meskernel.net\/wp-content\/uploads\/2024\/11\/Laser-Distance-Module-2000m-400x142.jpg 400w\" sizes=\"(max-width: 750px) 100vw, 750px\" \/><figcaption id=\"caption-attachment-2987\" class=\"wp-caption-text\">Telescopio Sensor l\u00e1ser<\/figcaption><\/figure>\n<h3><\/h3>\n<h3>Integraci\u00f3n vers\u00e1til para diversas aplicaciones<\/h3>\n<p>Gracias a su dise\u00f1o compacto y a sus s\u00f3lidas caracter\u00edsticas, el m\u00f3dulo Tel\u00e9metro con prism\u00e1ticos se integra f\u00e1cilmente en una gran variedad de sistemas. Ya sea para <a href=\"https:\/\/meskernel.net\/es\/aplicacion\/construccion\/\">construcci\u00f3n<\/a> mediciones de emplazamientos, topograf\u00eda o teledetecci\u00f3n, este m\u00f3dulo garantiza una recopilaci\u00f3n de datos coherente y de alta precisi\u00f3n en una amplia gama de casos de uso. Se utiliza para medir distancias, alturas de edificios, tama\u00f1o de equipos industriales y grandes estructuras. Puede utilizarse en aplicaciones de golf, monta\u00f1ismo, senderismo y caza. Combinado con la tecnolog\u00eda de imagen t\u00e9rmica, los objetivos pueden identificarse r\u00e1pidamente en entornos complejos.La capacidad del m\u00f3dulo para mostrar los datos al instante en su pantalla LCD mejora a\u00fan m\u00e1s la experiencia del usuario al proporcionar informaci\u00f3n inmediata durante el funcionamiento.<\/p>\n<figure id=\"attachment_2998\" aria-describedby=\"caption-attachment-2998\" style=\"width: 1052px\" class=\"wp-caption aligncenter\"><img decoding=\"async\" class=\"wp-image-2998 size-full\" title=\"Telescopio Sensor l\u00e1ser PTFG\" src=\"https:\/\/meskernel.net\/wp-content\/uploads\/2024\/10\/Telescope-Laser-sensor-PTFG-1.jpg\" alt=\"Telescopio Sensor l\u00e1ser PTFG\" width=\"1052\" height=\"235\" srcset=\"https:\/\/meskernel.net\/wp-content\/uploads\/2024\/10\/Telescope-Laser-sensor-PTFG-1.jpg 1052w, https:\/\/meskernel.net\/wp-content\/uploads\/2024\/10\/Telescope-Laser-sensor-PTFG-1-300x67.jpg 300w, https:\/\/meskernel.net\/wp-content\/uploads\/2024\/10\/Telescope-Laser-sensor-PTFG-1-1024x229.jpg 1024w, https:\/\/meskernel.net\/wp-content\/uploads\/2024\/10\/Telescope-Laser-sensor-PTFG-1-768x172.jpg 768w, https:\/\/meskernel.net\/wp-content\/uploads\/2024\/10\/Telescope-Laser-sensor-PTFG-1-400x89.jpg 400w\" sizes=\"(max-width: 1052px) 100vw, 1052px\" \/><figcaption id=\"caption-attachment-2998\" class=\"wp-caption-text\">Telescopio Sensor l\u00e1ser PTFG<\/figcaption><\/figure>\n<div class=\"mceTemp\"><\/div>\n<h3>\u00bfPor qu\u00e9 elegir Meskernel?<\/h3>\n<p><strong>Con m\u00e1s de 20 a\u00f1os de experiencia<\/strong> en medici\u00f3n l\u00e1ser de distancias, Meskernel lidera el sector en innovaci\u00f3n y fiabilidad. Nuestra f\u00e1brica con certificaci\u00f3n TUV, de 7.000 metros cuadrados, garantiza los m\u00e1s altos est\u00e1ndares de fabricaci\u00f3n. Estamos orgullosos de poseer m\u00faltiples certificaciones de patentes y de cumplir las normativas CE, RoHS, FCC y FDA.<\/p>\n<p><strong>Nuestras s\u00f3lidas capacidades OEM y ODM<\/strong> cuentan con el apoyo de un equipo especializado de m\u00e1s de 40 ingenieros de I+D, lo que nos permite adaptar las soluciones a sus necesidades espec\u00edficas. Mantenemos un estricto control de calidad a lo largo de todo el proceso, desde la entrada de materiales hasta el env\u00edo final, lo que garantiza productos homog\u00e9neos y de alto rendimiento.<\/p>\n<p><strong>Meskernel tambi\u00e9n ofrece entrega r\u00e1pida<\/strong>-los pedidos de muestras peri\u00f3dicas pueden enviarse en 3 d\u00edas- y asistencia t\u00e9cnica 24 horas al d\u00eda, 7 d\u00edas a la semana, para proporcionarle orientaci\u00f3n r\u00e1pida siempre que la necesite. Con nuestros precios rentables, ofrecemos el equilibrio perfecto entre calidad, velocidad y valor para todas sus soluciones de medici\u00f3n l\u00e1ser.<\/p>\n<p>&nbsp;<\/p>","protected":false},"excerpt":{"rendered":"<p>Mediciones precisas de largo alcance de hasta 2.500 m: este tel\u00e9metro garantiza un rendimiento fiable para la topograf\u00eda, la construcci\u00f3n y la vigilancia en exteriores.<\/p>","protected":false},"featured_media":3829,"template":"","meta":{"site-sidebar-layout":"default","site-content-layout":"","ast-site-content-layout":"default","site-content-style":"default","site-sidebar-style":"default","ast-global-header-display":"","ast-banner-title-visibility":"","ast-main-header-display":"","ast-hfb-above-header-display":"","ast-hfb-below-header-display":"","ast-hfb-mobile-header-display":"","site-post-title":"","ast-breadcrumbs-content":"","ast-featured-img":"","footer-sml-layout":"","ast-disable-related-posts":"","theme-transparent-header-meta":"default","adv-header-id-meta":"","stick-header-meta":"","header-above-stick-meta":"","header-main-stick-meta":"","header-below-stick-meta":"","astra-migrate-meta-layouts":"set","ast-page-background-enabled":"default","ast-page-background-meta":{"desktop":{"background-color":"var(--ast-global-color-4)","background-image":"","background-repeat":"repeat","background-position":"center center","background-size":"auto","background-attachment":"scroll","background-type":"","background-media":"","overlay-type":"","overlay-color":"","overlay-opacity":"","overlay-gradient":""},"tablet":{"background-color":"","background-image":"","background-repeat":"repeat","background-position":"center center","background-size":"auto","background-attachment":"scroll","background-type":"","background-media":"","overlay-type":"","overlay-color":"","overlay-opacity":"","overlay-gradient":""},"mobile":{"background-color":"","background-image":"","background-repeat":"repeat","background-position":"center center","background-size":"auto","background-attachment":"scroll","background-type":"","background-media":"","overlay-type":"","overlay-color":"","overlay-opacity":"","overlay-gradient":""}},"ast-content-background-meta":{"desktop":{"background-color":"var(--ast-global-color-5)","background-image":"","background-repeat":"repeat","background-position":"center center","background-size":"auto","background-attachment":"scroll","background-type":"","background-media":"","overlay-type":"","overlay-color":"","overlay-opacity":"","overlay-gradient":""},"tablet":{"background-color":"var(--ast-global-color-5)","background-image":"","background-repeat":"repeat","background-position":"center center","background-size":"auto","background-attachment":"scroll","background-type":"","background-media":"","overlay-type":"","overlay-color":"","overlay-opacity":"","overlay-gradient":""},"mobile":{"background-color":"var(--ast-global-color-5)","background-image":"","background-repeat":"repeat","background-position":"center center","background-size":"auto","background-attachment":"scroll","background-type":"","background-media":"","overlay-type":"","overlay-color":"","overlay-opacity":"","overlay-gradient":""}}},"product_brand":[60],"product_cat":[30],"product_tag":[],"class_list":{"0":"post-3828","1":"product","2":"type-product","3":"status-publish","4":"has-post-thumbnail","6":"product_brand-meskernel","7":"product_cat-pulse-ranging-sensor","8":"desktop-align-center","9":"tablet-align-left","10":"mobile-align-left","12":"first","13":"instock","14":"shipping-taxable","15":"product-type-simple"},"_links":{"self":[{"href":"https:\/\/meskernel.net\/es\/wp-json\/wp\/v2\/product\/3828","targetHints":{"allow":["GET"]}}],"collection":[{"href":"https:\/\/meskernel.net\/es\/wp-json\/wp\/v2\/product"}],"about":[{"href":"https:\/\/meskernel.net\/es\/wp-json\/wp\/v2\/types\/product"}],"version-history":[{"count":0,"href":"https:\/\/meskernel.net\/es\/wp-json\/wp\/v2\/product\/3828\/revisions"}],"wp:featuredmedia":[{"embeddable":true,"href":"https:\/\/meskernel.net\/es\/wp-json\/wp\/v2\/media\/3829"}],"wp:attachment":[{"href":"https:\/\/meskernel.net\/es\/wp-json\/wp\/v2\/media?parent=3828"}],"wp:term":[{"taxonomy":"product_brand","embeddable":true,"href":"https:\/\/meskernel.net\/es\/wp-json\/wp\/v2\/product_brand?post=3828"},{"taxonomy":"product_cat","embeddable":true,"href":"https:\/\/meskernel.net\/es\/wp-json\/wp\/v2\/product_cat?post=3828"},{"taxonomy":"product_tag","embeddable":true,"href":"https:\/\/meskernel.net\/es\/wp-json\/wp\/v2\/product_tag?post=3828"}],"curies":[{"name":"wp","href":"https:\/\/api.w.org\/{rel}","templated":true}]}}