{"id":3905,"date":"2025-03-12T15:26:28","date_gmt":"2025-03-12T07:26:28","guid":{"rendered":"https:\/\/meskernel.net\/?post_type=product&#038;p=3905"},"modified":"2026-01-30T10:03:06","modified_gmt":"2026-01-30T02:03:06","slug":"medir-la-distancia","status":"publish","type":"product","link":"https:\/\/meskernel.net\/es\/product\/measure-distance\/","title":{"rendered":"Sensor de Distancia L\u00e1ser UART LDJ-4Hz \u2013 Alcance de 120\u202fm para Medici\u00f3n Industrial y Drones"},"content":{"rendered":"<p>El sensor l\u00e1ser de distancia de 120 m, un m\u00f3dulo l\u00e1ser de medici\u00f3n de distancia de 3 mm de precisi\u00f3n, es un dispositivo utilizado para medir distancias de objetivos y transmitir datos. Emplea tecnolog\u00eda l\u00e1ser visible para emitir rayos l\u00e1ser y recibir se\u00f1ales l\u00e1ser reflejadas para medir la distancia entre los objetos y el sensor. El sensor de distancia l\u00e1ser admite interfaces de comunicaci\u00f3n como USB, TTL, RS232, RS485 y Bluetooth, lo que permite la transmisi\u00f3n de datos y la comunicaci\u00f3n con otros dispositivos.<\/p>\n<p><img data-dominant-color=\"e7e9e3\" data-has-transparency=\"false\" style=\"--dominant-color: #e7e9e3;\" fetchpriority=\"high\" decoding=\"async\" class=\"wp-image-6396 size-full aligncenter not-transparent\" src=\"https:\/\/meskernel.net\/wp-content\/uploads\/2025\/03\/ldj.webp\" alt=\"ldj\" width=\"763\" height=\"307\" srcset=\"https:\/\/meskernel.net\/wp-content\/uploads\/2025\/03\/ldj.webp 763w, https:\/\/meskernel.net\/wp-content\/uploads\/2025\/03\/ldj-300x121.webp 300w, https:\/\/meskernel.net\/wp-content\/uploads\/2025\/03\/ldj-18x7.webp 18w, https:\/\/meskernel.net\/wp-content\/uploads\/2025\/03\/ldj-400x161.webp 400w\" sizes=\"(max-width: 763px) 100vw, 763px\" \/><\/p>\n<h4 data-start=\"268\" data-end=\"337\"><strong data-start=\"271\" data-end=\"335\">Rendimiento inigualable con nuestro sensor l\u00e1ser de distancia<\/strong><\/h4>\n<p>\u2705 Precisi\u00f3n a nivel milim\u00e9trico - Este sensor l\u00e1ser de medici\u00f3n de distancia proporciona <strong data-start=\"421\" data-end=\"439\">\u00b13<\/strong>Precisi\u00f3n de mm en un rango de 0,03 m a 200 m, con repetibilidad de nivel industrial para rob\u00f3tica<strong data-start=\"522\" data-end=\"561\">, <\/strong>automatizaci\u00f3n y topograf\u00eda.<\/p>\n<p>\u2705 Totalmente compatible con RS232, RS485, Modbus, Ethernet, Bluetooth y USB, lo que facilita su integraci\u00f3n en sistemas PLC, redes IoT industriales (IIoT) y plataformas de automatizaci\u00f3n.<\/p>\n<p>\u2705 Construido para soportar entornos dif\u00edciles - Con una clasificaci\u00f3n IP67 a prueba de agua y polvo, este sensor l\u00e1ser de distancia medida es resistente al polvo, agua y vibraciones, funcionando de forma fiable desde -20\u00b0C a 60\u00b0C, ideal para aplicaciones industriales y al aire libre.<\/p>\n<p>\u2705 Alta velocidad de muestreo de 20 Hz: cuenta con medici\u00f3n de distancia en tiempo real con un tiempo de respuesta de 20 ms, lo que garantiza una adquisici\u00f3n de datos precisa para drones (UAV), AGV (veh\u00edculos de guiado autom\u00e1tico), navegaci\u00f3n rob\u00f3tica y fabricaci\u00f3n de precisi\u00f3n.<\/p>\n<h4 data-start=\"1346\" data-end=\"1422\">Aplicaciones del sensor l\u00e1ser de distancia en industrias clave<\/h4>\n<p><img decoding=\"async\" class=\"wp-image-3076\" src=\"https:\/\/meskernel.net\/wp-content\/uploads\/2024\/12\/Tof-Distance-Detection-Sensor4.jpg\" alt=\"Sensor de detecci\u00f3n de distancia Tof4\" width=\"661\" height=\"661\" srcset=\"https:\/\/meskernel.net\/wp-content\/uploads\/2024\/12\/Tof-Distance-Detection-Sensor4.jpg 800w, https:\/\/meskernel.net\/wp-content\/uploads\/2024\/12\/Tof-Distance-Detection-Sensor4-300x300.jpg 300w, https:\/\/meskernel.net\/wp-content\/uploads\/2024\/12\/Tof-Distance-Detection-Sensor4-150x150.jpg 150w, https:\/\/meskernel.net\/wp-content\/uploads\/2024\/12\/Tof-Distance-Detection-Sensor4-768x768.jpg 768w, https:\/\/meskernel.net\/wp-content\/uploads\/2024\/12\/Tof-Distance-Detection-Sensor4-400x400.jpg 400w, https:\/\/meskernel.net\/wp-content\/uploads\/2024\/12\/Tof-Distance-Detection-Sensor4-100x100.jpg 100w\" sizes=\"(max-width: 661px) 100vw, 661px\" \/><\/p>\n<p>&nbsp;<\/p>\n<p>&nbsp;<\/p>\n<p>\ud83c\udfd7 Sensor l\u00e1ser de distancia para construcci\u00f3n y topograf\u00eda<\/p>\n<ul data-start=\"1496\" data-end=\"1605\">\n<li data-start=\"1496\" data-end=\"1540\">Medici\u00f3n de obras en tiempo real basada en BIM<\/li>\n<li data-start=\"1541\" data-end=\"1605\">Detecci\u00f3n de la desviaci\u00f3n de la estructura de acero con una precisi\u00f3n de \u00b13 mm<\/li>\n<\/ul>\n<p data-start=\"1607\" data-end=\"1667\">\ud83d\ude81 Sensor l\u00e1ser de distancia para drones y veh\u00edculos a\u00e9reos no tripulados<\/p>\n<ul data-start=\"1668\" data-end=\"1794\">\n<li data-start=\"1668\" data-end=\"1727\">Control preciso de la altitud para la estabilidad de vuelo del dron<\/li>\n<li data-start=\"1728\" data-end=\"1794\">Detecci\u00f3n y evitaci\u00f3n de obst\u00e1culos en las inspecciones de l\u00edneas el\u00e9ctricas<\/li>\n<\/ul>\n<p data-start=\"1796\" data-end=\"1864\">\ud83c\udfed Sensor l\u00e1ser de distancia para automatizaci\u00f3n industrial<\/p>\n<ul data-start=\"1865\" data-end=\"1976\">\n<li data-start=\"1865\" data-end=\"1922\">Navegaci\u00f3n AGV y optimizaci\u00f3n log\u00edstica de almacenes<\/li>\n<li data-start=\"1923\" data-end=\"1976\">Medici\u00f3n del volumen de material en cintas transportadoras<\/li>\n<\/ul>\n<p data-start=\"1978\" data-end=\"2057\">\ud83d\udd2c Sensor de distancia de medici\u00f3n l\u00e1ser para investigaci\u00f3n cient\u00edfica y supervisi\u00f3n<\/p>\n<ul data-start=\"2058\" data-end=\"2184\">\n<li data-start=\"2058\" data-end=\"2123\">Control de la salud estructural (puentes, t\u00faneles y presas)<\/li>\n<li data-start=\"2124\" data-end=\"2184\">Seguimiento del movimiento de los glaciares e investigaci\u00f3n medioambiental<\/li>\n<\/ul>\n<h4 data-start=\"2186\" data-end=\"2246\"><strong data-start=\"2189\" data-end=\"2244\">Principales ventajas de nuestro sensor de distancia de medici\u00f3n l\u00e1ser<\/strong><\/h4>\n<p data-start=\"2248\" data-end=\"2297\">\ud83d\udca7 Tecnolog\u00eda de penetraci\u00f3n en la superficie del agua<\/p>\n<ul data-start=\"2298\" data-end=\"2541\">\n<li data-start=\"2463\" data-end=\"2541\">Ideal para aplicaciones de hidrolog\u00eda, acuicultura y cartograf\u00eda submarina.<\/li>\n<\/ul>\n<p data-start=\"2543\" data-end=\"2588\">\ud83c\udf1e Interferencia anti-luz superior<\/p>\n<ul data-start=\"2589\" data-end=\"2759\">\n<li data-start=\"2589\" data-end=\"2759\">La avanzada tecnolog\u00eda de filtrado de la luz ambiente garantiza <strong data-start=\"2651\" data-end=\"2700\">\u00b1<\/strong>precisi\u00f3n de 3 mm incluso bajo la luz solar de 100,0 lux, superando a los competidores del sector (<strong data-start=\"2738\" data-end=\"2755\">\u00b13<\/strong>mm de precisi\u00f3n).<\/li>\n<\/ul>\n<p data-start=\"2761\" data-end=\"2824\">\ud83d\udcf6 Conversi\u00f3n inteligente de protocolos para el IoT industrial<\/p>\n<ul data-start=\"2825\" data-end=\"3013\">\n<li data-start=\"2825\" data-end=\"2928\">La pasarela Modbus-TCP integrada permite la integraci\u00f3n directa en IIoT sin necesidad de hardware adicional.<\/li>\n<li data-start=\"2929\" data-end=\"3013\">Compatibilidad con OPC UA y MQTT (pr\u00f3ximamente) para mejorar la automatizaci\u00f3n de f\u00e1bricas inteligentes.<\/li>\n<\/ul>\n<p data-start=\"3015\" data-end=\"3090\">Con la confianza de los l\u00edderes del sector - Sensor l\u00e1ser de distancia de medici\u00f3n probada<\/p>\n<p>\ud83d\udd39 M\u00e1s de 300 clientes industriales - Integrado con <a href=\"https:\/\/zh.wikipedia.org\/wiki\/ABB\" target=\"_blank\" rel=\"noopener\">ABB<\/a> brazos rob\u00f3ticos, drones DJI M300 y sistemas PLC de Siemens.<br data-start=\"3204\" data-end=\"3207\" \/>\ud83d\udd39 M\u00e1s de 500.000 horas de funcionamiento: con una tasa de fallos inferior a 0,2%, lo que garantiza una fiabilidad a largo plazo para aplicaciones industriales.<\/p>\n<hr data-start=\"3342\" data-end=\"3345\" \/>\n<h4 data-start=\"3347\" data-end=\"3402\"><strong data-start=\"3351\" data-end=\"3400\">\u00bfPor qu\u00e9 elegir nuestro sensor de distancia de medici\u00f3n l\u00e1ser?<\/strong><\/h4>\n<p data-start=\"3403\" data-end=\"3643\">Este sensor de distancia de medici\u00f3n l\u00e1ser industrial de alta precisi\u00f3n est\u00e1 dise\u00f1ado para la automatizaci\u00f3n, la rob\u00f3tica, la navegaci\u00f3n de veh\u00edculos a\u00e9reos no tripulados y la supervisi\u00f3n industrial, y ofrece una precisi\u00f3n excepcional.<strong data-start=\"3571\" data-end=\"3640\">, <\/strong>durabilidad y una perfecta integraci\u00f3n del sistema.<\/p>\n<p data-start=\"3645\" data-end=\"3711\">Para <strong data-start=\"3649\" data-end=\"3709\">Personalizaci\u00f3n OEM\/ODM y pedidos al por mayor, <a href=\"https:\/\/meskernel.net\/es\/pongase-en-contacto-con\/\">Contacto<\/a> \u00a1hoy!<\/strong><\/p>","protected":false},"excerpt":{"rendered":"<p>Sensor l\u00e1ser de distancia de alta precisi\u00f3n con una exactitud de \u00b11 mm, un alcance de 200 m y un muestreo de 20 Hz. Ofrece protecci\u00f3n IP67, compatibilidad con m\u00faltiples interfaces (RS232, RS485, Modbus, Ethernet, Bluetooth, USB) y una resistencia medioambiental superior para aplicaciones industriales y de automatizaci\u00f3n.<\/p>","protected":false},"featured_media":3910,"template":"","meta":{"site-sidebar-layout":"default","site-content-layout":"","ast-site-content-layout":"default","site-content-style":"default","site-sidebar-style":"default","ast-global-header-display":"","ast-banner-title-visibility":"","ast-main-header-display":"","ast-hfb-above-header-display":"","ast-hfb-below-header-display":"","ast-hfb-mobile-header-display":"","site-post-title":"","ast-breadcrumbs-content":"","ast-featured-img":"","footer-sml-layout":"","ast-disable-related-posts":"","theme-transparent-header-meta":"default","adv-header-id-meta":"","stick-header-meta":"","header-above-stick-meta":"","header-main-stick-meta":"","header-below-stick-meta":"","astra-migrate-meta-layouts":"set","ast-page-background-enabled":"default","ast-page-background-meta":{"desktop":{"background-color":"var(--ast-global-color-4)","background-image":"","background-repeat":"repeat","background-position":"center center","background-size":"auto","background-attachment":"scroll","background-type":"","background-media":"","overlay-type":"","overlay-color":"","overlay-opacity":"","overlay-gradient":""},"tablet":{"background-color":"","background-image":"","background-repeat":"repeat","background-position":"center center","background-size":"auto","background-attachment":"scroll","background-type":"","background-media":"","overlay-type":"","overlay-color":"","overlay-opacity":"","overlay-gradient":""},"mobile":{"background-color":"","background-image":"","background-repeat":"repeat","background-position":"center center","background-size":"auto","background-attachment":"scroll","background-type":"","background-media":"","overlay-type":"","overlay-color":"","overlay-opacity":"","overlay-gradient":""}},"ast-content-background-meta":{"desktop":{"background-color":"var(--ast-global-color-5)","background-image":"","background-repeat":"repeat","background-position":"center center","background-size":"auto","background-attachment":"scroll","background-type":"","background-media":"","overlay-type":"","overlay-color":"","overlay-opacity":"","overlay-gradient":""},"tablet":{"background-color":"var(--ast-global-color-5)","background-image":"","background-repeat":"repeat","background-position":"center center","background-size":"auto","background-attachment":"scroll","background-type":"","background-media":"","overlay-type":"","overlay-color":"","overlay-opacity":"","overlay-gradient":""},"mobile":{"background-color":"var(--ast-global-color-5)","background-image":"","background-repeat":"repeat","background-position":"center center","background-size":"auto","background-attachment":"scroll","background-type":"","background-media":"","overlay-type":"","overlay-color":"","overlay-opacity":"","overlay-gradient":""}}},"product_brand":[60],"product_cat":[51],"product_tag":[],"class_list":{"0":"post-3905","1":"product","2":"type-product","3":"status-publish","4":"has-post-thumbnail","6":"product_brand-meskernel","7":"product_cat-laser-distance-sensor","8":"desktop-align-center","9":"tablet-align-left","10":"mobile-align-left","12":"first","13":"instock","14":"shipping-taxable","15":"product-type-simple"},"_links":{"self":[{"href":"https:\/\/meskernel.net\/es\/wp-json\/wp\/v2\/product\/3905","targetHints":{"allow":["GET"]}}],"collection":[{"href":"https:\/\/meskernel.net\/es\/wp-json\/wp\/v2\/product"}],"about":[{"href":"https:\/\/meskernel.net\/es\/wp-json\/wp\/v2\/types\/product"}],"version-history":[{"count":0,"href":"https:\/\/meskernel.net\/es\/wp-json\/wp\/v2\/product\/3905\/revisions"}],"wp:featuredmedia":[{"embeddable":true,"href":"https:\/\/meskernel.net\/es\/wp-json\/wp\/v2\/media\/3910"}],"wp:attachment":[{"href":"https:\/\/meskernel.net\/es\/wp-json\/wp\/v2\/media?parent=3905"}],"wp:term":[{"taxonomy":"product_brand","embeddable":true,"href":"https:\/\/meskernel.net\/es\/wp-json\/wp\/v2\/product_brand?post=3905"},{"taxonomy":"product_cat","embeddable":true,"href":"https:\/\/meskernel.net\/es\/wp-json\/wp\/v2\/product_cat?post=3905"},{"taxonomy":"product_tag","embeddable":true,"href":"https:\/\/meskernel.net\/es\/wp-json\/wp\/v2\/product_tag?post=3905"}],"curies":[{"name":"wp","href":"https:\/\/api.w.org\/{rel}","templated":true}]}}