{"id":3961,"date":"2025-03-26T09:55:07","date_gmt":"2025-03-26T01:55:07","guid":{"rendered":"https:\/\/meskernel.net\/?post_type=product&#038;p=3961"},"modified":"2025-06-11T10:17:59","modified_gmt":"2025-06-11T02:17:59","slug":"modulo-de-medicion-de-distancias-por-laser","status":"publish","type":"product","link":"https:\/\/meskernel.net\/es\/product\/laser-distance-measuring-module\/","title":{"rendered":"Automatizaci\u00f3n industrial M\u00f3dulo de medici\u00f3n de distancia por l\u00e1ser LDL-P4 | Medici\u00f3n sin contacto de alta precisi\u00f3n 0,03-40 metros"},"content":{"rendered":"<h3>M\u00f3dulo sensor l\u00e1ser de distancia para automatizaci\u00f3n industrial LDL-P4 | Medici\u00f3n sin contacto de alta precisi\u00f3n 0,03-40 metros<\/h3>\n<p class=\"\" data-start=\"0\" data-end=\"277\">El m\u00f3dulo de medici\u00f3n de distancias por l\u00e1ser LDL-P4 est\u00e1 dise\u00f1ado espec\u00edficamente para la automatizaci\u00f3n industrial y proporciona una soluci\u00f3n de medici\u00f3n sin contacto de alta precisi\u00f3n. Admite un rango de medici\u00f3n ultraamplio de 0,03 metros a 40 metros, con una precisi\u00f3n de hasta 1,5 metros. <strong data-start=\"266\" data-end=\"274\">\u00b1<\/strong>1 mm.<\/p>\n<p class=\"\" data-start=\"279\" data-end=\"618\">Gracias a su duradera tecnolog\u00eda de detecci\u00f3n l\u00e1ser, el m\u00f3dulo est\u00e1 dise\u00f1ado para soportar entornos industriales adversos, con un grado de protecci\u00f3n IP67 y un amplio rango de temperaturas de funcionamiento de -10 \u00b0C a 60 \u00b0C. Se integra perfectamente en brazos rob\u00f3ticos, navegaci\u00f3n AGV, inspecci\u00f3n de l\u00edneas de producci\u00f3n y sistemas log\u00edsticos de almac\u00e9n.<\/p>\n<p class=\"\" data-start=\"620\" data-end=\"1070\">El LDL-P4 admite protocolos RS-485\/Modbus, lo que garantiza su compatibilidad con PLC y controladores industriales. Ofrece salida de datos en tiempo real, resistencia a las interferencias de la luz ambiental y bajo consumo de energ\u00eda, lo que mejora significativamente la eficiencia del posicionamiento y la fiabilidad de los equipos de automatizaci\u00f3n. Esto lo convierte en una soluci\u00f3n ideal para la fabricaci\u00f3n inteligente, la construcci\u00f3n, la navegaci\u00f3n rob\u00f3tica y otras aplicaciones de alta demanda.<\/p>\n<p data-start=\"620\" data-end=\"1070\"><img data-dominant-color=\"dfdfdf\" data-has-transparency=\"false\" style=\"--dominant-color: #dfdfdf;\" fetchpriority=\"high\" decoding=\"async\" class=\"aligncenter wp-image-3967 size-full not-transparent\" src=\"https:\/\/meskernel.net\/wp-content\/uploads\/2025\/03\/laser-distance-sensor-compare.jpg\" alt=\"sensor l\u00e1ser de distancia comparar\" width=\"1112\" height=\"339\" srcset=\"https:\/\/meskernel.net\/wp-content\/uploads\/2025\/03\/laser-distance-sensor-compare.jpg 1112w, https:\/\/meskernel.net\/wp-content\/uploads\/2025\/03\/laser-distance-sensor-compare-300x91.jpg 300w, https:\/\/meskernel.net\/wp-content\/uploads\/2025\/03\/laser-distance-sensor-compare-1024x312.jpg 1024w, https:\/\/meskernel.net\/wp-content\/uploads\/2025\/03\/laser-distance-sensor-compare-768x234.jpg 768w, https:\/\/meskernel.net\/wp-content\/uploads\/2025\/03\/laser-distance-sensor-compare-400x122.jpg 400w\" sizes=\"(max-width: 1112px) 100vw, 1112px\" \/><\/p>\n<h3>Aplicaciones pr\u00e1cticas del m\u00f3dulo de medici\u00f3n de distancias por l\u00e1ser<\/h3>\n<p>Los m\u00f3dulos de medici\u00f3n de distancias por l\u00e1ser son vers\u00e1tiles y pueden utilizarse en una amplia gama de aplicaciones industriales, entre las que se incluyen:<\/p>\n<ul>\n<li><strong>Rob\u00f3tica y automatizaci\u00f3n:<\/strong> Los sensores ITOF son ideales para la navegaci\u00f3n rob\u00f3tica, la prevenci\u00f3n de colisiones y la detecci\u00f3n de objetos, tanto en interiores como en exteriores. Gracias a su rapidez en la recogida de datos y su precisi\u00f3n, forman parte integral de los sistemas rob\u00f3ticos impulsados por IA.<\/li>\n<li><strong>Fabricaci\u00f3n inteligente:<\/strong> En las l\u00edneas de producci\u00f3n automatizadas, los sensores ITOF mejoran la supervisi\u00f3n en tiempo real, el control de calidad y la optimizaci\u00f3n del sistema. Cuando se integran con sistemas de visi\u00f3n artificial, estos sensores ayudan a los fabricantes a mejorar la precisi\u00f3n de los procesos y reducir los tiempos de inactividad.<\/li>\n<li><strong><a href=\"https:\/\/meskernel.net\/es\/aplicacion\/logistics-warehousing\/\">Log\u00edstica y almacenamiento<\/a>:<\/strong> Los sensores de distancia ITOF son fundamentales para automatizar el seguimiento del inventario, la clasificaci\u00f3n y la manipulaci\u00f3n de materiales en los almacenes. Ayudan a optimizar las operaciones de almac\u00e9n y a mejorar la gesti\u00f3n de la cadena de suministro proporcionando mediciones r\u00e1pidas y fiables.<\/li>\n<li><strong>Construcci\u00f3n y topograf\u00eda:<\/strong> Para aplicaciones como cartograf\u00eda, medici\u00f3n de distancias y control de la seguridad, los sensores ITOF proporcionan datos precisos y fiables incluso en las condiciones m\u00e1s dif\u00edciles.<\/li>\n<li><strong>Vigilancia exterior y medioambiental:<\/strong> Los sensores ITOF destacan en la agricultura, las estaciones meteorol\u00f3gicas y la investigaci\u00f3n medioambiental, ya que ofrecen un rendimiento robusto y fiable incluso en entornos exteriores adversos.<\/li>\n<\/ul>\n<p><img data-dominant-color=\"858580\" data-has-transparency=\"false\" style=\"--dominant-color: #858580;\" decoding=\"async\" class=\"wp-image-3985 size-full aligncenter not-transparent\" src=\"https:\/\/meskernel.net\/wp-content\/uploads\/2025\/03\/height-measurement-sensor.png\" alt=\"sensor de medici\u00f3n de altura\" width=\"716\" height=\"291\" srcset=\"https:\/\/meskernel.net\/wp-content\/uploads\/2025\/03\/height-measurement-sensor.png 716w, https:\/\/meskernel.net\/wp-content\/uploads\/2025\/03\/height-measurement-sensor-300x122.png 300w, https:\/\/meskernel.net\/wp-content\/uploads\/2025\/03\/height-measurement-sensor-400x163.png 400w\" sizes=\"(max-width: 716px) 100vw, 716px\" \/><\/p>\n<p><img data-dominant-color=\"6d7573\" data-has-transparency=\"false\" style=\"--dominant-color: #6d7573;\" decoding=\"async\" class=\"wp-image-3986 size-full aligncenter not-transparent\" src=\"https:\/\/meskernel.net\/wp-content\/uploads\/2025\/03\/laser-based-distance-measurement.png\" alt=\"medici\u00f3n de distancias por l\u00e1ser\" width=\"714\" height=\"290\" srcset=\"https:\/\/meskernel.net\/wp-content\/uploads\/2025\/03\/laser-based-distance-measurement.png 714w, https:\/\/meskernel.net\/wp-content\/uploads\/2025\/03\/laser-based-distance-measurement-300x122.png 300w, https:\/\/meskernel.net\/wp-content\/uploads\/2025\/03\/laser-based-distance-measurement-400x162.png 400w\" sizes=\"(max-width: 714px) 100vw, 714px\" \/><\/p>\n<h3 class=\"\" data-start=\"0\" data-end=\"83\"><strong data-start=\"4\" data-end=\"81\">M\u00f3dulo de medici\u00f3n de distancia por l\u00e1ser LDL-P4 - Preguntas m\u00e1s frecuentes (FAQ)<\/strong><\/h3>\n<p data-start=\"85\" data-end=\"143\">1. \u00bfCu\u00e1l es el rango de medici\u00f3n del m\u00f3dulo de medici\u00f3n de distancia por l\u00e1ser LDL-P4?<\/p>\n<p>El LDL-P4 admite un rango de medici\u00f3n ultraamplio de 0,03 metros a 40 metros, lo que lo hace id\u00f3neo para diversas aplicaciones industriales.<\/p>\n<p><strong data-start=\"295\" data-end=\"334\">2. \u00bfCu\u00e1l es la precisi\u00f3n de la medici\u00f3n?<\/strong><\/p>\n<p>El m\u00f3dulo ofrece <strong data-start=\"355\" data-end=\"378\">\u00b1<\/strong>1 mm de alta precisi\u00f3n, lo que garantiza mediciones fiables y estables para los sistemas de automatizaci\u00f3n industrial.<\/p>\n<p><strong data-start=\"465\" data-end=\"535\">3. \u00bfEn qu\u00e9 tipo de entornos industriales puede funcionar el LDL-P4?<\/strong><\/p>\n<p>Con un \u00edndice de protecci\u00f3n IP67, el LDL-P4 es resistente al polvo y al agua, y puede funcionar en condiciones adversas. Admite un amplio rango de temperaturas, de -10 \u00b0C a 60 \u00b0C, por lo que es ideal para fabricaci\u00f3n inteligente, construcci\u00f3n, navegaci\u00f3n rob\u00f3tica, log\u00edstica de almacenes, etc.<\/p>\n<p><strong data-start=\"837\" data-end=\"906\">4. \u00bfC\u00f3mo se integra el m\u00f3dulo de medici\u00f3n de distancias por l\u00e1ser LDL-P4 con los sistemas de control industrial?<\/strong><\/p>\n<p>El LDL-P4 admite los protocolos de comunicaci\u00f3n RS-485 y Modbus, por lo que es compatible con PLC, ordenadores industriales y controladores de automatizaci\u00f3n. Se integra perfectamente en AGV, brazos rob\u00f3ticos, l\u00edneas de producci\u00f3n y otros equipos automatizados.<\/p>\n<p><strong data-start=\"1173\" data-end=\"1235\">5. \u00bfResiste el m\u00f3dulo las interferencias de la luz ambiente?<\/strong><\/p>\n<p>S\u00ed, el LDL-P4 est\u00e1 dise\u00f1ado con una alta tecnolog\u00eda de detecci\u00f3n l\u00e1ser antiinterferencias, lo que garantiza un rendimiento estable incluso en condiciones de iluminaci\u00f3n intensa o en entornos industriales complejos.<\/p>\n<p><strong data-start=\"1431\" data-end=\"1482\">6. \u00bfCu\u00e1l es el consumo el\u00e9ctrico del m\u00f3dulo de medici\u00f3n de distancia por l\u00e1ser LDL-P4?<\/strong><\/p>\n<p>El m\u00f3dulo est\u00e1 optimizado para un bajo consumo de energ\u00eda, por lo que es ideal para el funcionamiento continuo en sistemas de automatizaci\u00f3n, al tiempo que reduce el uso de energ\u00eda.<\/p>\n<p><strong data-start=\"1640\" data-end=\"1686\">7. \u00bfC\u00f3mo se instala y configura el m\u00f3dulo de medici\u00f3n de distancia por l\u00e1ser LDL-P4?<\/strong><\/p>\n<p>El LDL-P4 admite m\u00faltiples m\u00e9todos de instalaci\u00f3n, incluido el montaje fijo y la integraci\u00f3n empotrada. Se suministra con un manual de usuario detallado y una gu\u00eda de protocolo Modbus para garantizar una configuraci\u00f3n r\u00e1pida y sencilla.<\/p>\n<p><strong data-start=\"1904\" data-end=\"1978\">8. \u00bfAdmite el m\u00f3dulo la supervisi\u00f3n remota o la salida de datos en tiempo real?<\/strong><\/p>\n<p>S\u00ed, el LDL-P4 dispone de salida de datos en tiempo real a trav\u00e9s de RS-485, lo que permite una transmisi\u00f3n de datos perfecta para la supervisi\u00f3n remota y la integraci\u00f3n de sistemas industriales.<\/p>\n<p><strong data-start=\"2145\" data-end=\"2200\">9. \u00bfCu\u00e1les son las aplicaciones t\u00edpicas del m\u00f3dulo de medici\u00f3n de distancia por l\u00e1ser LDL-P4?<\/strong><\/p>\n<p>El LDL-P4 se utiliza ampliamente en la fabricaci\u00f3n inteligente, la navegaci\u00f3n AGV, la evitaci\u00f3n rob\u00f3tica de obst\u00e1culos, la inspecci\u00f3n de l\u00edneas de producci\u00f3n, la log\u00edstica de almacenes, la medici\u00f3n en la construcci\u00f3n y la supervisi\u00f3n del tr\u00e1fico.<\/p>\n<p><strong data-start=\"2408\" data-end=\"2462\">10. \u00bfHay asistencia t\u00e9cnica disponible despu\u00e9s de la compra?<\/strong><\/p>\n<p>S\u00ed, proporcionamos documentaci\u00f3n t\u00e9cnica, orientaci\u00f3n para la instalaci\u00f3n y asistencia para la depuraci\u00f3n. Nuestro equipo de ingenieros profesionales est\u00e1 disponible para ayudarle con cualquier consulta, garantizando una integraci\u00f3n sin problemas y un rendimiento fiable.<\/p>","protected":false},"excerpt":{"rendered":"<p>El m\u00f3dulo de medici\u00f3n de distancias por l\u00e1ser LDL-P4 ofrece <strong data-start=\"440\" data-end=\"458\">\u00b1<\/strong>Precisi\u00f3n de 1 mm en un rango de 0,03 m a 40 m, con durabilidad IP67 y compatibilidad con RS-485\/Modbus para una integraci\u00f3n industrial perfecta. Perfecto para rob\u00f3tica, AGV y automatizaci\u00f3n.<\/p>","protected":false},"featured_media":3987,"template":"","meta":{"site-sidebar-layout":"default","site-content-layout":"","ast-site-content-layout":"default","site-content-style":"default","site-sidebar-style":"default","ast-global-header-display":"","ast-banner-title-visibility":"","ast-main-header-display":"","ast-hfb-above-header-display":"","ast-hfb-below-header-display":"","ast-hfb-mobile-header-display":"","site-post-title":"","ast-breadcrumbs-content":"","ast-featured-img":"","footer-sml-layout":"","ast-disable-related-posts":"","theme-transparent-header-meta":"default","adv-header-id-meta":"","stick-header-meta":"","header-above-stick-meta":"","header-main-stick-meta":"","header-below-stick-meta":"","astra-migrate-meta-layouts":"set","ast-page-background-enabled":"default","ast-page-background-meta":{"desktop":{"background-color":"var(--ast-global-color-4)","background-image":"","background-repeat":"repeat","background-position":"center center","background-size":"auto","background-attachment":"scroll","background-type":"","background-media":"","overlay-type":"","overlay-color":"","overlay-opacity":"","overlay-gradient":""},"tablet":{"background-color":"","background-image":"","background-repeat":"repeat","background-position":"center center","background-size":"auto","background-attachment":"scroll","background-type":"","background-media":"","overlay-type":"","overlay-color":"","overlay-opacity":"","overlay-gradient":""},"mobile":{"background-color":"","background-image":"","background-repeat":"repeat","background-position":"center center","background-size":"auto","background-attachment":"scroll","background-type":"","background-media":"","overlay-type":"","overlay-color":"","overlay-opacity":"","overlay-gradient":""}},"ast-content-background-meta":{"desktop":{"background-color":"var(--ast-global-color-5)","background-image":"","background-repeat":"repeat","background-position":"center center","background-size":"auto","background-attachment":"scroll","background-type":"","background-media":"","overlay-type":"","overlay-color":"","overlay-opacity":"","overlay-gradient":""},"tablet":{"background-color":"var(--ast-global-color-5)","background-image":"","background-repeat":"repeat","background-position":"center center","background-size":"auto","background-attachment":"scroll","background-type":"","background-media":"","overlay-type":"","overlay-color":"","overlay-opacity":"","overlay-gradient":""},"mobile":{"background-color":"var(--ast-global-color-5)","background-image":"","background-repeat":"repeat","background-position":"center center","background-size":"auto","background-attachment":"scroll","background-type":"","background-media":"","overlay-type":"","overlay-color":"","overlay-opacity":"","overlay-gradient":""}}},"product_brand":[60],"product_cat":[33],"product_tag":[],"class_list":{"0":"post-3961","1":"product","2":"type-product","3":"status-publish","4":"has-post-thumbnail","6":"product_brand-meskernel","7":"product_cat-industrial-laser-distance-sensors","8":"desktop-align-center","9":"tablet-align-left","10":"mobile-align-left","12":"first","13":"instock","14":"shipping-taxable","15":"product-type-simple"},"_links":{"self":[{"href":"https:\/\/meskernel.net\/es\/wp-json\/wp\/v2\/product\/3961","targetHints":{"allow":["GET"]}}],"collection":[{"href":"https:\/\/meskernel.net\/es\/wp-json\/wp\/v2\/product"}],"about":[{"href":"https:\/\/meskernel.net\/es\/wp-json\/wp\/v2\/types\/product"}],"version-history":[{"count":0,"href":"https:\/\/meskernel.net\/es\/wp-json\/wp\/v2\/product\/3961\/revisions"}],"wp:featuredmedia":[{"embeddable":true,"href":"https:\/\/meskernel.net\/es\/wp-json\/wp\/v2\/media\/3987"}],"wp:attachment":[{"href":"https:\/\/meskernel.net\/es\/wp-json\/wp\/v2\/media?parent=3961"}],"wp:term":[{"taxonomy":"product_brand","embeddable":true,"href":"https:\/\/meskernel.net\/es\/wp-json\/wp\/v2\/product_brand?post=3961"},{"taxonomy":"product_cat","embeddable":true,"href":"https:\/\/meskernel.net\/es\/wp-json\/wp\/v2\/product_cat?post=3961"},{"taxonomy":"product_tag","embeddable":true,"href":"https:\/\/meskernel.net\/es\/wp-json\/wp\/v2\/product_tag?post=3961"}],"curies":[{"name":"wp","href":"https:\/\/api.w.org\/{rel}","templated":true}]}}