{"id":4206,"date":"2025-04-17T11:16:54","date_gmt":"2025-04-17T03:16:54","guid":{"rendered":"https:\/\/meskernel.net\/?post_type=product&#038;p=4206"},"modified":"2025-10-21T09:32:43","modified_gmt":"2025-10-21T01:32:43","slug":"modulo-sensor-de-distancia-laser-de-1-mm","status":"publish","type":"product","link":"https:\/\/meskernel.net\/es\/product\/1mm-laser-distance-sensor-module\/","title":{"rendered":"M\u00f3dulo Sensor L\u00e1ser de Distancia LDL-S de 1mm con 30Hz 30 Metros para Exterior Luz Fuerte"},"content":{"rendered":"<p>nuestra <a href=\"https:\/\/www.globalsources.com\/chengdu-meskernel\/showroom_6002100157315.htm\" target=\"_blank\" rel=\"noopener\">M\u00f3dulo sensor l\u00e1ser de distancia de 1 mm<\/a> LDL-S est\u00e1 dise\u00f1ado para aplicaciones en exteriores y ofrece un rendimiento excepcional incluso con luz solar intensa. Sobresale en entornos de se\u00f1al d\u00e9bil, garantizando un funcionamiento fiable. Gracias a su capacidad de medici\u00f3n de alta precisi\u00f3n, ofrece resultados exactos para tareas exigentes. El dispositivo admite un amplio rango de temperaturas personalizable, lo que lo hace adecuado para diversas condiciones ambientales. Adem\u00e1s, cuenta con tecnolog\u00eda l\u00e1ser roja o verde opcional para satisfacer las distintas necesidades de los usuarios.<\/p>\n<p><img data-dominant-color=\"e6e4e4\" data-has-transparency=\"false\" style=\"--dominant-color: #e6e4e4;\" fetchpriority=\"high\" decoding=\"async\" class=\"wp-image-4207 size-full alignleft not-transparent\" src=\"https:\/\/meskernel.net\/wp-content\/uploads\/2025\/04\/1mm-Laser-Distance-Sensor-Module.webp\" alt=\"M\u00f3dulo sensor l\u00e1ser de distancia de 1 mm\" width=\"696\" height=\"459\" srcset=\"https:\/\/meskernel.net\/wp-content\/uploads\/2025\/04\/1mm-Laser-Distance-Sensor-Module.webp 696w, https:\/\/meskernel.net\/wp-content\/uploads\/2025\/04\/1mm-Laser-Distance-Sensor-Module-300x198.webp 300w, https:\/\/meskernel.net\/wp-content\/uploads\/2025\/04\/1mm-Laser-Distance-Sensor-Module-400x264.webp 400w\" sizes=\"(max-width: 696px) 100vw, 696px\" \/><\/p>\n<p>&nbsp;<\/p>\n<h6>Ventajas<\/h6>\n<ul>\n<li>Uso en exteriores con gran resistencia a la luz<\/li>\n<li>Rendimiento superior en condiciones de se\u00f1al d\u00e9bil<\/li>\n<li>Medici\u00f3n de alta precisi\u00f3n<\/li>\n<li>Amplia gama de temperaturas personalizable<\/li>\n<li>Opciones de l\u00e1ser rojo\/verde<\/li>\n<\/ul>\n<h5><strong>Gu\u00eda r\u00e1pida de pruebas<\/strong><\/h5>\n<p><img data-dominant-color=\"ebeceb\" data-has-transparency=\"false\" style=\"--dominant-color: #ebeceb;\" decoding=\"async\" class=\"alignleft wp-image-6112 size-full not-transparent\" src=\"https:\/\/meskernel.net\/wp-content\/uploads\/2025\/04\/laser-distance-sensor-Quick-Testing-Guidance.webp\" alt=\"sensor l\u00e1ser de distancia Gu\u00eda r\u00e1pida de pruebas\" width=\"703\" height=\"185\" srcset=\"https:\/\/meskernel.net\/wp-content\/uploads\/2025\/04\/laser-distance-sensor-Quick-Testing-Guidance.webp 703w, https:\/\/meskernel.net\/wp-content\/uploads\/2025\/04\/laser-distance-sensor-Quick-Testing-Guidance-300x79.webp 300w, https:\/\/meskernel.net\/wp-content\/uploads\/2025\/04\/laser-distance-sensor-Quick-Testing-Guidance-18x5.webp 18w, https:\/\/meskernel.net\/wp-content\/uploads\/2025\/04\/laser-distance-sensor-Quick-Testing-Guidance-400x105.webp 400w\" sizes=\"(max-width: 703px) 100vw, 703px\" \/><\/p>\n<p>&nbsp;<\/p>\n<h3 class=\"text-title\"><span class=\"magic-22\">Interfaz PCI del M\u00f3dulo Sensor de Distancia L\u00e1ser LDL-T 1mm<\/span><\/h3>\n<div class=\"text-content\">Soporta transmisi\u00f3n Bluetooth, interfaz TTL\/RS232\/RS485 tres en uno, para que la transmisi\u00f3n de datos sea m\u00e1s eficiente.<\/div>\n<div><\/div>\n<p class=\"\" data-start=\"2144\" data-end=\"2361\">El m\u00f3dulo de sensor l\u00e1ser de distancia de 1 mm es la elecci\u00f3n perfecta para ingenieros y desarrolladores que buscan una soluci\u00f3n de medici\u00f3n l\u00e1ser de alta precisi\u00f3n, compacta y fiable con total flexibilidad de personalizaci\u00f3n.<\/p>\n<p class=\"\" data-start=\"2363\" data-end=\"2441\">No dude en <a href=\"https:\/\/meskernel.net\/es\/pongase-en-contacto-con\/\">Contacto<\/a> para obtener fichas t\u00e9cnicas, asistencia para la integraci\u00f3n o consultas sobre OEM.<\/p>\n<p data-start=\"2363\" data-end=\"2441\">","protected":false},"excerpt":{"rendered":"<p>El m\u00f3dulo de sensor l\u00e1ser de distancia de 1 mm LDL-S, con una frecuencia de 30 Hz y un alcance de 30 metros, est\u00e1 dise\u00f1ado para su uso en exteriores en entornos con mucha luz. Este sensor ofrece una precisi\u00f3n de medici\u00f3n de hasta 1 mm y se utiliza ampliamente en rob\u00f3tica, automatizaci\u00f3n industrial, medici\u00f3n en construcci\u00f3n, etc. Proporciona mediciones de distancia precisas y un rendimiento estable en diversas condiciones ambientales.<\/p>","protected":false},"featured_media":4209,"template":"","meta":{"site-sidebar-layout":"default","site-content-layout":"","ast-site-content-layout":"default","site-content-style":"default","site-sidebar-style":"default","ast-global-header-display":"","ast-banner-title-visibility":"","ast-main-header-display":"","ast-hfb-above-header-display":"","ast-hfb-below-header-display":"","ast-hfb-mobile-header-display":"","site-post-title":"","ast-breadcrumbs-content":"","ast-featured-img":"","footer-sml-layout":"","ast-disable-related-posts":"","theme-transparent-header-meta":"default","adv-header-id-meta":"","stick-header-meta":"","header-above-stick-meta":"","header-main-stick-meta":"","header-below-stick-meta":"","astra-migrate-meta-layouts":"set","ast-page-background-enabled":"default","ast-page-background-meta":{"desktop":{"background-color":"var(--ast-global-color-4)","background-image":"","background-repeat":"repeat","background-position":"center center","background-size":"auto","background-attachment":"scroll","background-type":"","background-media":"","overlay-type":"","overlay-color":"","overlay-opacity":"","overlay-gradient":""},"tablet":{"background-color":"","background-image":"","background-repeat":"repeat","background-position":"center center","background-size":"auto","background-attachment":"scroll","background-type":"","background-media":"","overlay-type":"","overlay-color":"","overlay-opacity":"","overlay-gradient":""},"mobile":{"background-color":"","background-image":"","background-repeat":"repeat","background-position":"center center","background-size":"auto","background-attachment":"scroll","background-type":"","background-media":"","overlay-type":"","overlay-color":"","overlay-opacity":"","overlay-gradient":""}},"ast-content-background-meta":{"desktop":{"background-color":"var(--ast-global-color-5)","background-image":"","background-repeat":"repeat","background-position":"center center","background-size":"auto","background-attachment":"scroll","background-type":"","background-media":"","overlay-type":"","overlay-color":"","overlay-opacity":"","overlay-gradient":""},"tablet":{"background-color":"var(--ast-global-color-5)","background-image":"","background-repeat":"repeat","background-position":"center center","background-size":"auto","background-attachment":"scroll","background-type":"","background-media":"","overlay-type":"","overlay-color":"","overlay-opacity":"","overlay-gradient":""},"mobile":{"background-color":"var(--ast-global-color-5)","background-image":"","background-repeat":"repeat","background-position":"center center","background-size":"auto","background-attachment":"scroll","background-type":"","background-media":"","overlay-type":"","overlay-color":"","overlay-opacity":"","overlay-gradient":""}}},"product_brand":[60],"product_cat":[51],"product_tag":[56],"class_list":{"0":"post-4206","1":"product","2":"type-product","3":"status-publish","4":"has-post-thumbnail","6":"product_brand-meskernel","7":"product_cat-laser-distance-sensor","8":"product_tag-hot","9":"desktop-align-center","10":"tablet-align-left","11":"mobile-align-left","13":"first","14":"instock","15":"shipping-taxable","16":"product-type-simple"},"_links":{"self":[{"href":"https:\/\/meskernel.net\/es\/wp-json\/wp\/v2\/product\/4206","targetHints":{"allow":["GET"]}}],"collection":[{"href":"https:\/\/meskernel.net\/es\/wp-json\/wp\/v2\/product"}],"about":[{"href":"https:\/\/meskernel.net\/es\/wp-json\/wp\/v2\/types\/product"}],"version-history":[{"count":0,"href":"https:\/\/meskernel.net\/es\/wp-json\/wp\/v2\/product\/4206\/revisions"}],"wp:featuredmedia":[{"embeddable":true,"href":"https:\/\/meskernel.net\/es\/wp-json\/wp\/v2\/media\/4209"}],"wp:attachment":[{"href":"https:\/\/meskernel.net\/es\/wp-json\/wp\/v2\/media?parent=4206"}],"wp:term":[{"taxonomy":"product_brand","embeddable":true,"href":"https:\/\/meskernel.net\/es\/wp-json\/wp\/v2\/product_brand?post=4206"},{"taxonomy":"product_cat","embeddable":true,"href":"https:\/\/meskernel.net\/es\/wp-json\/wp\/v2\/product_cat?post=4206"},{"taxonomy":"product_tag","embeddable":true,"href":"https:\/\/meskernel.net\/es\/wp-json\/wp\/v2\/product_tag?post=4206"}],"curies":[{"name":"wp","href":"https:\/\/api.w.org\/{rel}","templated":true}]}}