{"id":497,"date":"2024-10-17T09:29:51","date_gmt":"2024-10-17T01:29:51","guid":{"rendered":"https:\/\/meskernel.net\/?post_type=product&#038;p=497"},"modified":"2025-07-03T13:57:20","modified_gmt":"2025-07-03T05:57:20","slug":"sensor-de-medicion-de-distancia","status":"publish","type":"product","link":"https:\/\/meskernel.net\/es\/product\/distance-measuring-sensor\/","title":{"rendered":"Sensor de medici\u00f3n de distancia: Alcance de 150 m, estable y f\u00e1cil de integrar"},"content":{"rendered":"<h3>Sensor de medici\u00f3n de distancia con largo alcance de 150 m y estabilidad f\u00e1cil de integrar<\/h3>\n<p>El sensor de medici\u00f3n de distancia ofrece un impresionante alcance de 150 m con gran precisi\u00f3n y estabilidad. Proporciona mediciones de distancia fiables en diversos entornos, garantizando datos precisos en tiempo real. Gracias a su sencillo dise\u00f1o, el sensor se integra f\u00e1cilmente en los sistemas existentes, por lo que es perfecto para aplicaciones de automatizaci\u00f3n, rob\u00f3tica y veh\u00edculos aut\u00f3nomos.<\/p>\n<figure id=\"attachment_2958\" aria-describedby=\"caption-attachment-2958\" style=\"width: 1080px\" class=\"wp-caption aligncenter\"><img fetchpriority=\"high\" decoding=\"async\" class=\"wp-image-2958 size-full\" title=\"Sensor de detecci\u00f3n de distancia Tof\" src=\"https:\/\/meskernel.net\/wp-content\/uploads\/2024\/11\/laser-distance-senso.jpg\" alt=\"sensor l\u00e1ser de distancia\" width=\"1080\" height=\"300\" srcset=\"https:\/\/meskernel.net\/wp-content\/uploads\/2024\/11\/laser-distance-senso.jpg 1080w, https:\/\/meskernel.net\/wp-content\/uploads\/2024\/11\/laser-distance-senso-300x83.jpg 300w, https:\/\/meskernel.net\/wp-content\/uploads\/2024\/11\/laser-distance-senso-1024x284.jpg 1024w, https:\/\/meskernel.net\/wp-content\/uploads\/2024\/11\/laser-distance-senso-768x213.jpg 768w, https:\/\/meskernel.net\/wp-content\/uploads\/2024\/11\/laser-distance-senso-400x111.jpg 400w\" sizes=\"(max-width: 1080px) 100vw, 1080px\" \/><figcaption id=\"caption-attachment-2958\" class=\"wp-caption-text\">sensor l\u00e1ser de distancia<\/figcaption><\/figure>\n<h3>Caracter\u00edsticas principales:<\/h3>\n<ul>\n<li><strong>Opciones de gran distancia<\/strong><br \/>\nAmplia gama de distancias seleccionables, lo que la hace adecuada para diversas aplicaciones.<\/li>\n<li><strong>R\u00e1pida velocidad de respuesta<\/strong><br \/>\nCapacidad de adquisici\u00f3n r\u00e1pida de datos, completando las mediciones de distancia en milisegundos.<\/li>\n<li><strong>M\u00faltiples interfaces de comunicaci\u00f3n<\/strong><br \/>\nAdmite varias interfaces y protocolos de comunicaci\u00f3n,incluidos RS232, RS485, Bluetooth, Modbus y UART, lo que facilita la integraci\u00f3n con el control o los datos existentes.<\/li>\n<li><strong>Alta precisi\u00f3n de medici\u00f3n<\/strong><br \/>\nCon una precisi\u00f3n t\u00edpicamente milim\u00e9trica, este sensor satisface los elevados requisitos de precisi\u00f3n de aplicaciones como la geodesia y la ingenier\u00eda de la construcci\u00f3n.<\/li>\n<li><strong>Rendimiento estable<\/strong><br \/>\nEl sensor mantiene un estrecho margen de fluctuaci\u00f3n de los datos y exhibe un error de repetibilidad muy bajo.<\/li>\n<li><strong>Medici\u00f3n sin contacto<\/strong><br \/>\nEl sensor es capaz de realizar mediciones sin contacto, adecuadas para detectar objetos en movimiento, objetos a alta o baja temperatura, l\u00edquidos y objetos de forma irregular.<\/li>\n<\/ul>\n<h3>L\u00e1ser Emisson Y Recepci\u00f3n<\/h3>\n<p>El diodo emite un l\u00e1ser, lo recibe a trav\u00e9s de una lente \u00f3ptica y convierte la se\u00f1al luminosa en una se\u00f1al el\u00e9ctrica.<\/p>\n<h3 class=\"magic-4\"><span class=\"magic-5\" data-spm-anchor-id=\"a2700.details.0.i67.6d7e275bI6VU3h\">Puerto de comunicaci\u00f3n<\/span><\/h3>\n<div class=\"magic-16\">\n<div class=\"magic-17\">\n<div class=\"magic-18\"><span class=\"magic-6\"><span data-spm-anchor-id=\"a2700.details.0.i68.6d7e275bI6VU3h\">Sensor de medici\u00f3n de distancia soporta USB, TTL, RS232, RS485, Bluetooth y otras interfaces de comunicaci\u00f3n, soporta Arduino, Raspberry PI y otros dispositivos externos.<\/span><\/span><\/div>\n<div>\n<figure id=\"attachment_2972\" aria-describedby=\"caption-attachment-2972\" style=\"width: 800px\" class=\"wp-caption aligncenter\"><img decoding=\"async\" class=\"wp-image-2972 size-full\" title=\"sensor de distancia\" src=\"https:\/\/meskernel.net\/wp-content\/uploads\/2024\/10\/distance-sensor.jpg\" alt=\"sensor de distancia\" width=\"800\" height=\"800\" srcset=\"https:\/\/meskernel.net\/wp-content\/uploads\/2024\/10\/distance-sensor.jpg 800w, https:\/\/meskernel.net\/wp-content\/uploads\/2024\/10\/distance-sensor-300x300.jpg 300w, https:\/\/meskernel.net\/wp-content\/uploads\/2024\/10\/distance-sensor-150x150.jpg 150w, https:\/\/meskernel.net\/wp-content\/uploads\/2024\/10\/distance-sensor-768x768.jpg 768w, https:\/\/meskernel.net\/wp-content\/uploads\/2024\/10\/distance-sensor-400x400.jpg 400w, https:\/\/meskernel.net\/wp-content\/uploads\/2024\/10\/distance-sensor-100x100.jpg 100w\" sizes=\"(max-width: 800px) 100vw, 800px\" \/><figcaption id=\"caption-attachment-2972\" class=\"wp-caption-text\">sensor de distancia<\/figcaption><\/figure>\n<\/div>\n<div>\n<h3 class=\"magic-4\"><span class=\"magic-5\" data-spm-anchor-id=\"a2700.details.0.i71.6d7e275bI6VU3h\">Plataforma de software de pruebas<\/span><\/h3>\n<div class=\"magic-16\">\n<div class=\"magic-17\">\n<div class=\"magic-18\"><span class=\"magic-6\"><span data-spm-anchor-id=\"a2700.details.0.i72.6d7e275bI6VU3h\">Disponemos de herramientas de prueba de software propias que interact\u00faan con el ordenador mediante tecnolog\u00eda de medici\u00f3n de distancias.<\/span><\/span><\/div>\n<div>\n<figure id=\"attachment_2967\" aria-describedby=\"caption-attachment-2967\" style=\"width: 1024px\" class=\"wp-caption aligncenter\"><img decoding=\"async\" class=\"wp-image-2967 size-large\" title=\"Sensor de detecci\u00f3n de distancia Tof\" src=\"https:\/\/meskernel.net\/wp-content\/uploads\/2024\/10\/Arduino-Laser-Sensor-1024x520.jpg\" alt=\"Sensor l\u00e1ser Arduino\" width=\"1024\" height=\"520\" srcset=\"https:\/\/meskernel.net\/wp-content\/uploads\/2024\/10\/Arduino-Laser-Sensor-1024x520.jpg 1024w, https:\/\/meskernel.net\/wp-content\/uploads\/2024\/10\/Arduino-Laser-Sensor-300x152.jpg 300w, https:\/\/meskernel.net\/wp-content\/uploads\/2024\/10\/Arduino-Laser-Sensor-768x390.jpg 768w, https:\/\/meskernel.net\/wp-content\/uploads\/2024\/10\/Arduino-Laser-Sensor-1536x779.jpg 1536w, https:\/\/meskernel.net\/wp-content\/uploads\/2024\/10\/Arduino-Laser-Sensor-400x203.jpg 400w, https:\/\/meskernel.net\/wp-content\/uploads\/2024\/10\/Arduino-Laser-Sensor.jpg 1906w\" sizes=\"(max-width: 1024px) 100vw, 1024px\" \/><figcaption id=\"caption-attachment-2967\" class=\"wp-caption-text\">Sensor l\u00e1ser Arduino<\/figcaption><\/figure>\n<\/div>\n<div><\/div>\n<\/div>\n<\/div>\n<\/div>\n<div>\n<h3 class=\"magic-4\" data-spm-anchor-id=\"a2700.details.0.i69.6d7e275bI6VU3h\"><span class=\"magic-5\">Definici\u00f3n de interfaz<\/span><\/h3>\n<div class=\"magic-16\">\n<div class=\"magic-17\">\n<div class=\"magic-18\"><span class=\"magic-6\"><span data-spm-anchor-id=\"a2700.details.0.i70.6d7e275bI6VU3h\">Proporcionaremos a nuestros clientes definiciones y etiquetado completo de patillas, y nuestro equipo de ingenieros profesionales estar\u00e1 a su disposici\u00f3n para ayudarle y guiarle durante el proceso de soldadura.<\/span><\/span><\/div>\n<\/div>\n<\/div>\n<\/div>\n<\/div>\n<\/div>","protected":false},"excerpt":{"rendered":"<p>Nuestro sensor de medici\u00f3n de distancia ofrece mediciones de distancia precisas con un rango de 0,05 m a 100 m, lo que lo hace adecuado para una amplia gama de aplicaciones. Con un dise\u00f1o compacto y f\u00e1cil integraci\u00f3n, es ideal para rob\u00f3tica, construcci\u00f3n y automatizaci\u00f3n industrial. El m\u00f3dulo garantiza una gran precisi\u00f3n y fiabilidad, satisfaciendo las demandas de las tareas m\u00e1s exigentes. Su versatilidad lo convierte en una herramienta indispensable para los profesionales que requieren mediciones precisas en sus proyectos.<\/p>","protected":false},"featured_media":3219,"template":"","meta":{"site-sidebar-layout":"default","site-content-layout":"","ast-site-content-layout":"default","site-content-style":"default","site-sidebar-style":"default","ast-global-header-display":"","ast-banner-title-visibility":"","ast-main-header-display":"","ast-hfb-above-header-display":"","ast-hfb-below-header-display":"","ast-hfb-mobile-header-display":"","site-post-title":"","ast-breadcrumbs-content":"","ast-featured-img":"","footer-sml-layout":"","ast-disable-related-posts":"","theme-transparent-header-meta":"default","adv-header-id-meta":"","stick-header-meta":"","header-above-stick-meta":"","header-main-stick-meta":"","header-below-stick-meta":"","astra-migrate-meta-layouts":"set","ast-page-background-enabled":"default","ast-page-background-meta":{"desktop":{"background-color":"var(--ast-global-color-4)","background-image":"","background-repeat":"repeat","background-position":"center center","background-size":"auto","background-attachment":"scroll","background-type":"","background-media":"","overlay-type":"","overlay-color":"","overlay-opacity":"","overlay-gradient":""},"tablet":{"background-color":"","background-image":"","background-repeat":"repeat","background-position":"center center","background-size":"auto","background-attachment":"scroll","background-type":"","background-media":"","overlay-type":"","overlay-color":"","overlay-opacity":"","overlay-gradient":""},"mobile":{"background-color":"","background-image":"","background-repeat":"repeat","background-position":"center center","background-size":"auto","background-attachment":"scroll","background-type":"","background-media":"","overlay-type":"","overlay-color":"","overlay-opacity":"","overlay-gradient":""}},"ast-content-background-meta":{"desktop":{"background-color":"var(--ast-global-color-5)","background-image":"","background-repeat":"repeat","background-position":"center center","background-size":"auto","background-attachment":"scroll","background-type":"","background-media":"","overlay-type":"","overlay-color":"","overlay-opacity":"","overlay-gradient":""},"tablet":{"background-color":"var(--ast-global-color-5)","background-image":"","background-repeat":"repeat","background-position":"center center","background-size":"auto","background-attachment":"scroll","background-type":"","background-media":"","overlay-type":"","overlay-color":"","overlay-opacity":"","overlay-gradient":""},"mobile":{"background-color":"var(--ast-global-color-5)","background-image":"","background-repeat":"repeat","background-position":"center center","background-size":"auto","background-attachment":"scroll","background-type":"","background-media":"","overlay-type":"","overlay-color":"","overlay-opacity":"","overlay-gradient":""}}},"product_brand":[60],"product_cat":[52],"product_tag":[],"class_list":{"0":"post-497","1":"product","2":"type-product","3":"status-publish","4":"has-post-thumbnail","6":"product_brand-meskernel","7":"product_cat-phase-distance-sensor","8":"desktop-align-center","9":"tablet-align-left","10":"mobile-align-left","12":"first","13":"instock","14":"shipping-taxable","15":"product-type-simple"},"_links":{"self":[{"href":"https:\/\/meskernel.net\/es\/wp-json\/wp\/v2\/product\/497","targetHints":{"allow":["GET"]}}],"collection":[{"href":"https:\/\/meskernel.net\/es\/wp-json\/wp\/v2\/product"}],"about":[{"href":"https:\/\/meskernel.net\/es\/wp-json\/wp\/v2\/types\/product"}],"version-history":[{"count":0,"href":"https:\/\/meskernel.net\/es\/wp-json\/wp\/v2\/product\/497\/revisions"}],"wp:featuredmedia":[{"embeddable":true,"href":"https:\/\/meskernel.net\/es\/wp-json\/wp\/v2\/media\/3219"}],"wp:attachment":[{"href":"https:\/\/meskernel.net\/es\/wp-json\/wp\/v2\/media?parent=497"}],"wp:term":[{"taxonomy":"product_brand","embeddable":true,"href":"https:\/\/meskernel.net\/es\/wp-json\/wp\/v2\/product_brand?post=497"},{"taxonomy":"product_cat","embeddable":true,"href":"https:\/\/meskernel.net\/es\/wp-json\/wp\/v2\/product_cat?post=497"},{"taxonomy":"product_tag","embeddable":true,"href":"https:\/\/meskernel.net\/es\/wp-json\/wp\/v2\/product_tag?post=497"}],"curies":[{"name":"wp","href":"https:\/\/api.w.org\/{rel}","templated":true}]}}